{"id":103128,"date":"2023-08-29T16:27:33","date_gmt":"2023-08-29T14:27:33","guid":{"rendered":"https:\/\/yasminfood.ch\/product\/nanerg-lara-marmelade-800g\/"},"modified":"2025-07-31T00:30:29","modified_gmt":"2025-07-30T22:30:29","slug":"marmelade-nanerg-lara-800g","status":"publish","type":"product","link":"https:\/\/yasminfood.ch\/de\/product\/marmelade-nanerg-lara-800g\/","title":{"rendered":"Nanerj Lara Konfit\u00fcre &#8211; 775g"},"content":{"rendered":"<p><strong>Nanerj Lara Konfit\u00fcre &#8211; 775g<\/strong><\/p>\n<ul>\n<li>\n<p data-start=\"186\" data-end=\"401\">Hergestellt aus frischen Orangenscheiben (Bitterorangen), die sorgf\u00e4ltig in einem aromatischen Zuckersirup gekocht werden. Ein Geschmack, der zwischen S\u00fc\u00dfe und Bitterkeit ausgewogen ist, bietet Ihnen ein einzigartiges Erlebnis wie keine andere Marmelade.  <\/p>\n<p data-start=\"403\" data-end=\"416\"><strong data-start=\"403\" data-end=\"416\">Funktionen:<\/strong><\/p>\n<ul data-start=\"417\" data-end=\"589\">\n<li data-start=\"417\" data-end=\"458\">\n<p data-start=\"419\" data-end=\"458\">Nat\u00fcrliche Orangenscheiben perfekt haltbar gemacht<\/p>\n<\/li>\n<li data-start=\"459\" data-end=\"501\">\n<p data-start=\"461\" data-end=\"501\">Ein unverwechselbarer Geschmack, der s\u00fc\u00dfen und bitteren Geschmack kombiniert<\/p>\n<\/li>\n<li data-start=\"502\" data-end=\"537\">\n<p data-start=\"504\" data-end=\"537\">Ohne Konservierungsstoffe oder k\u00fcnstliche Farbstoffe<\/p>\n<\/li>\n<li data-start=\"538\" data-end=\"589\">\n<p data-start=\"540\" data-end=\"589\">Geeignet zum Fr\u00fchst\u00fcck, zur Gastfreundschaft oder zu K\u00e4se und arabischem Brot <\/p>\n<\/li>\n<\/ul>\n<p data-start=\"591\" data-end=\"733\"><strong data-start=\"591\" data-end=\"607\">Benutzungen:<\/strong><br \/>\nEr wird mit Toast oder Croissants serviert und kann als luxuri\u00f6se Marmelade zu lokalem K\u00e4se oder levantinischen S\u00fc\u00dfigkeiten wie Maamoul und orientalischen Kuchen verwendet werden. <\/p>\n<p data-start=\"735\" data-end=\"790\"><strong data-start=\"735\" data-end=\"752\">Nettogewicht:<\/strong> 775 g<br data-start=\"761\" data-end=\"764\"><strong data-start=\"764\" data-end=\"785\">Hersteller:<\/strong> Lara<\/p>\n<p data-start=\"792\" data-end=\"892\"><strong data-start=\"792\" data-end=\"816\">Lara&#8217;s Orange Jam<\/strong> ist die traditionelle Wahl f\u00fcr Liebhaber authentischer orientalischer Geschm\u00e4cker und einzigartiger aromatischer Aromen.<\/p>\n<hr data-start=\"894\" data-end=\"897\">\n<p data-start=\"899\" data-end=\"1003\" data-is-last-node=\"\" data-is-only-node=\"\">\n<\/li>\n<\/ul>\n","protected":false},"excerpt":{"rendered":"<p><strong>Nanerj Lara Konfit\u00fcre &#8211; 775g<\/strong><\/p>\n<ul>\n<li>\n<p data-start=\"186\" data-end=\"401\">Hergestellt aus frischen Orangenscheiben (Bitterorangen), die sorgf\u00e4ltig in einem aromatischen Zuckersirup gekocht werden. Ein Geschmack, der zwischen S\u00fc\u00dfe und Bitterkeit ausgewogen ist, bietet Ihnen ein einzigartiges Erlebnis wie keine andere Marmelade.  <\/p>\n<\/li>\n<\/ul>\n","protected":false},"featured_media":109896,"comment_status":"open","ping_status":"closed","template":"","meta":[],"product_brand":[2324],"product_cat":[245,258],"product_tag":[1244],"class_list":{"0":"post-103128","1":"product","2":"type-product","3":"status-publish","4":"has-post-thumbnail","6":"product_brand-lara-de","7":"product_cat-konserven-lebensmittel","8":"product_cat-marmelade-und-honig","9":"product_tag-mit-dem-geruch-von-orangen","11":"first","12":"instock","13":"taxable","14":"shipping-taxable","15":"purchasable","16":"product-type-simple"},"yoast_head":"<!-- This site is optimized with the Yoast SEO Premium plugin v26.5 (Yoast SEO v27.3) - https:\/\/yoast.com\/product\/yoast-seo-premium-wordpress\/ -->\n<title>Nanerj Lara Konfit\u00fcre - 775g - Yasmin Food<\/title>\n<meta name=\"description\" content=\"Genie\u00dfen Sie den einzigartigen Geschmack der Nanerj Lara Marmelade -775 g, die S\u00fc\u00dfe und Bitterkeit vereint. Machen Sie Ihr Fr\u00fchst\u00fcck zu etwas Besonderem mit dieser erstaunlichen nat\u00fcrlichen Marmelade! Yasmin Food\" \/>\n<meta name=\"robots\" content=\"index, follow, max-snippet:-1, max-image-preview:large, max-video-preview:-1\" \/>\n<link rel=\"canonical\" href=\"https:\/\/yasminfood.ch\/de\/product\/marmelade-nanerg-lara-800g\/\" \/>\n<meta property=\"og:locale\" content=\"de_DE\" \/>\n<meta property=\"og:type\" content=\"article\" \/>\n<meta property=\"og:title\" content=\"Nanerj Lara Konfit\u00fcre - 775g\" \/>\n<meta property=\"og:description\" content=\"Nanerj Lara Konfit\u00fcre - 775g   Hergestellt aus frischen Orangenscheiben (Bitterorangen), die sorgf\u00e4ltig in einem aromatischen Zuckersirup gekocht werden. Ein Geschmack, der zwischen S\u00fc\u00dfe und Bitterkeit ausgewogen ist, bietet Ihnen ein einzigartiges Erlebnis wie keine andere Marmelade.\" \/>\n<meta property=\"og:url\" content=\"https:\/\/yasminfood.ch\/de\/product\/marmelade-nanerg-lara-800g\/\" \/>\n<meta property=\"og:site_name\" content=\"Yasmin Food\" \/>\n<meta property=\"article:publisher\" content=\"https:\/\/www.facebook.com\/yasminmarkt1\" \/>\n<meta property=\"article:modified_time\" content=\"2025-07-30T22:30:29+00:00\" \/>\n<meta property=\"og:image\" content=\"https:\/\/yasminfood.ch\/wp-content\/uploads\/2023\/08\/\u0645\u0631\u0628\u0649-\u0646\u0627\u0646\u0631\u062c-\u0644\u0627\u0631\u0627-800\u063a.png\" \/>\n\t<meta property=\"og:image:width\" content=\"1080\" \/>\n\t<meta property=\"og:image:height\" content=\"1080\" \/>\n\t<meta property=\"og:image:type\" content=\"image\/png\" \/>\n<meta name=\"twitter:card\" content=\"summary_large_image\" \/>\n<meta name=\"twitter:label1\" content=\"Preis\" \/>\n\t<meta name=\"twitter:data1\" content=\"7.95&nbsp;&#067;&#072;&#070;\" \/>\n\t<meta name=\"twitter:label2\" content=\"Verf\u00fcgbarkeit\" \/>\n\t<meta name=\"twitter:data2\" content=\"Auf Lager\" \/>\n<script type=\"application\/ld+json\" class=\"yoast-schema-graph\">{\"@context\":\"https:\\\/\\\/schema.org\",\"@graph\":[{\"@type\":\"WebPage\",\"@id\":\"https:\\\/\\\/yasminfood.ch\\\/de\\\/product\\\/marmelade-nanerg-lara-800g\\\/\",\"url\":\"https:\\\/\\\/yasminfood.ch\\\/de\\\/product\\\/marmelade-nanerg-lara-800g\\\/\",\"name\":\"Nanerj Lara Konfit\u00fcre - 775g - Yasmin Food\",\"isPartOf\":{\"@id\":\"https:\\\/\\\/yasminfood.ch\\\/de\\\/#website\"},\"primaryImageOfPage\":{\"@id\":\"https:\\\/\\\/yasminfood.ch\\\/de\\\/product\\\/marmelade-nanerg-lara-800g\\\/#primaryimage\"},\"image\":{\"@id\":\"https:\\\/\\\/yasminfood.ch\\\/de\\\/product\\\/marmelade-nanerg-lara-800g\\\/#primaryimage\"},\"thumbnailUrl\":\"https:\\\/\\\/yasminfood.ch\\\/wp-content\\\/uploads\\\/2023\\\/08\\\/\u0645\u0631\u0628\u0649-\u0646\u0627\u0646\u0631\u062c-\u0644\u0627\u0631\u0627-800\u063a.png\",\"datePublished\":\"2023-08-29T14:27:33+00:00\",\"dateModified\":\"2025-07-30T22:30:29+00:00\",\"description\":\"Genie\u00dfen Sie den einzigartigen Geschmack der Nanerj Lara Marmelade -775 g, die S\u00fc\u00dfe und Bitterkeit vereint. Machen Sie Ihr Fr\u00fchst\u00fcck zu etwas Besonderem mit dieser erstaunlichen nat\u00fcrlichen Marmelade! Yasmin Food\",\"breadcrumb\":{\"@id\":\"https:\\\/\\\/yasminfood.ch\\\/de\\\/product\\\/marmelade-nanerg-lara-800g\\\/#breadcrumb\"},\"inLanguage\":\"de\",\"potentialAction\":[{\"@type\":\"ReadAction\",\"target\":[\"https:\\\/\\\/yasminfood.ch\\\/de\\\/product\\\/marmelade-nanerg-lara-800g\\\/\"]}]},{\"@type\":\"ImageObject\",\"inLanguage\":\"de\",\"@id\":\"https:\\\/\\\/yasminfood.ch\\\/de\\\/product\\\/marmelade-nanerg-lara-800g\\\/#primaryimage\",\"url\":\"https:\\\/\\\/yasminfood.ch\\\/wp-content\\\/uploads\\\/2023\\\/08\\\/\u0645\u0631\u0628\u0649-\u0646\u0627\u0646\u0631\u062c-\u0644\u0627\u0631\u0627-800\u063a.png\",\"contentUrl\":\"https:\\\/\\\/yasminfood.ch\\\/wp-content\\\/uploads\\\/2023\\\/08\\\/\u0645\u0631\u0628\u0649-\u0646\u0627\u0646\u0631\u062c-\u0644\u0627\u0631\u0627-800\u063a.png\",\"width\":1080,\"height\":1080},{\"@type\":\"BreadcrumbList\",\"@id\":\"https:\\\/\\\/yasminfood.ch\\\/de\\\/product\\\/marmelade-nanerg-lara-800g\\\/#breadcrumb\",\"itemListElement\":[{\"@type\":\"ListItem\",\"position\":1,\"name\":\"\u0627\u0644\u0631\u0626\u064a\u0633\u064a\u0629\",\"item\":\"https:\\\/\\\/yasminfood.ch\\\/de\\\/zuhause\\\/\"},{\"@type\":\"ListItem\",\"position\":2,\"name\":\"Shop\",\"item\":\"https:\\\/\\\/yasminfood.ch\\\/de\\\/shop\\\/\"},{\"@type\":\"ListItem\",\"position\":3,\"name\":\"Konserven - Lebensmittel\",\"item\":\"https:\\\/\\\/yasminfood.ch\\\/de\\\/produkt-kategorie\\\/konserven-lebensmittel\\\/\"},{\"@type\":\"ListItem\",\"position\":4,\"name\":\"Marmelade und Honig\",\"item\":\"https:\\\/\\\/yasminfood.ch\\\/de\\\/produkt-kategorie\\\/konserven-lebensmittel\\\/marmelade-und-honig\\\/\"},{\"@type\":\"ListItem\",\"position\":5,\"name\":\"Nanerj Lara Konfit\u00fcre &#8211; 775g\"}]},{\"@type\":\"WebSite\",\"@id\":\"https:\\\/\\\/yasminfood.ch\\\/de\\\/#website\",\"url\":\"https:\\\/\\\/yasminfood.ch\\\/de\\\/\",\"name\":\"\u064a\u0627\u0633\u0645\u064a\u0646 \u0645\u0627\u0631\u0643\u062a\",\"description\":\"Alles, was Sie brauchen, an einem Ort\",\"publisher\":{\"@id\":\"https:\\\/\\\/yasminfood.ch\\\/de\\\/#organization\"},\"alternateName\":\"Yasmin Food\",\"potentialAction\":[{\"@type\":\"SearchAction\",\"target\":{\"@type\":\"EntryPoint\",\"urlTemplate\":\"https:\\\/\\\/yasminfood.ch\\\/de\\\/?s={search_term_string}\"},\"query-input\":{\"@type\":\"PropertyValueSpecification\",\"valueRequired\":true,\"valueName\":\"search_term_string\"}}],\"inLanguage\":\"de\"},{\"@type\":\"Organization\",\"@id\":\"https:\\\/\\\/yasminfood.ch\\\/de\\\/#organization\",\"name\":\"\u064a\u0627\u0633\u0645\u064a\u0646 \u0645\u0627\u0631\u0643\u062a\",\"alternateName\":\"Yasmin Food\",\"url\":\"https:\\\/\\\/yasminfood.ch\\\/de\\\/\",\"logo\":{\"@type\":\"ImageObject\",\"inLanguage\":\"de\",\"@id\":\"https:\\\/\\\/yasminfood.ch\\\/de\\\/#\\\/schema\\\/logo\\\/image\\\/\",\"url\":\"https:\\\/\\\/yasminfood.ch\\\/wp-content\\\/uploads\\\/2025\\\/05\\\/yasmin-food-header-logo.png\",\"contentUrl\":\"https:\\\/\\\/yasminfood.ch\\\/wp-content\\\/uploads\\\/2025\\\/05\\\/yasmin-food-header-logo.png\",\"width\":330,\"height\":120,\"caption\":\"\u064a\u0627\u0633\u0645\u064a\u0646 \u0645\u0627\u0631\u0643\u062a\"},\"image\":{\"@id\":\"https:\\\/\\\/yasminfood.ch\\\/de\\\/#\\\/schema\\\/logo\\\/image\\\/\"},\"sameAs\":[\"https:\\\/\\\/www.facebook.com\\\/yasminmarkt1\",\"https:\\\/\\\/www.tiktok.com\\\/@yasminmarkt\",\"https:\\\/\\\/www.instagram.com\\\/yasmin.markt1\\\/\",\"https:\\\/\\\/api.whatsapp.com\\\/send\\\/?phone=41799000104\"],\"publishingPrinciples\":\"https:\\\/\\\/yasminfood.ch\\\/de\\\/shop\\\/\",\"ownershipFundingInfo\":\"https:\\\/\\\/yasminfood.ch\\\/de\\\/shop\\\/\"}]}<\/script>\n<meta property=\"product:price:amount\" content=\"7.95\" \/>\n<meta property=\"product:price:currency\" content=\"CHF\" \/>\n<meta property=\"og:availability\" content=\"instock\" \/>\n<meta property=\"product:availability\" content=\"instock\" \/>\n<meta property=\"product:condition\" content=\"new\" \/>\n<!-- \/ Yoast SEO Premium plugin. -->","yoast_head_json":{"title":"Nanerj Lara Konfit\u00fcre - 775g - Yasmin Food","description":"Genie\u00dfen Sie den einzigartigen Geschmack der Nanerj Lara Marmelade -775 g, die S\u00fc\u00dfe und Bitterkeit vereint. Machen Sie Ihr Fr\u00fchst\u00fcck zu etwas Besonderem mit dieser erstaunlichen nat\u00fcrlichen Marmelade! Yasmin Food","robots":{"index":"index","follow":"follow","max-snippet":"max-snippet:-1","max-image-preview":"max-image-preview:large","max-video-preview":"max-video-preview:-1"},"canonical":"https:\/\/yasminfood.ch\/de\/product\/marmelade-nanerg-lara-800g\/","og_locale":"de_DE","og_type":"article","og_title":"Nanerj Lara Konfit\u00fcre - 775g","og_description":"Nanerj Lara Konfit\u00fcre - 775g   Hergestellt aus frischen Orangenscheiben (Bitterorangen), die sorgf\u00e4ltig in einem aromatischen Zuckersirup gekocht werden. Ein Geschmack, der zwischen S\u00fc\u00dfe und Bitterkeit ausgewogen ist, bietet Ihnen ein einzigartiges Erlebnis wie keine andere Marmelade.","og_url":"https:\/\/yasminfood.ch\/de\/product\/marmelade-nanerg-lara-800g\/","og_site_name":"Yasmin Food","article_publisher":"https:\/\/www.facebook.com\/yasminmarkt1","article_modified_time":"2025-07-30T22:30:29+00:00","og_image":[{"width":1080,"height":1080,"url":"https:\/\/yasminfood.ch\/wp-content\/uploads\/2023\/08\/\u0645\u0631\u0628\u0649-\u0646\u0627\u0646\u0631\u062c-\u0644\u0627\u0631\u0627-800\u063a.png","type":"image\/png"}],"twitter_card":"summary_large_image","twitter_misc":{"Preis":"7.95&nbsp;&#67;&#72;&#70;","Verf\u00fcgbarkeit":"Auf Lager"},"schema":{"@context":"https:\/\/schema.org","@graph":[{"@type":"WebPage","@id":"https:\/\/yasminfood.ch\/de\/product\/marmelade-nanerg-lara-800g\/","url":"https:\/\/yasminfood.ch\/de\/product\/marmelade-nanerg-lara-800g\/","name":"Nanerj Lara Konfit\u00fcre - 775g - Yasmin Food","isPartOf":{"@id":"https:\/\/yasminfood.ch\/de\/#website"},"primaryImageOfPage":{"@id":"https:\/\/yasminfood.ch\/de\/product\/marmelade-nanerg-lara-800g\/#primaryimage"},"image":{"@id":"https:\/\/yasminfood.ch\/de\/product\/marmelade-nanerg-lara-800g\/#primaryimage"},"thumbnailUrl":"https:\/\/yasminfood.ch\/wp-content\/uploads\/2023\/08\/\u0645\u0631\u0628\u0649-\u0646\u0627\u0646\u0631\u062c-\u0644\u0627\u0631\u0627-800\u063a.png","datePublished":"2023-08-29T14:27:33+00:00","dateModified":"2025-07-30T22:30:29+00:00","description":"Genie\u00dfen Sie den einzigartigen Geschmack der Nanerj Lara Marmelade -775 g, die S\u00fc\u00dfe und Bitterkeit vereint. Machen Sie Ihr Fr\u00fchst\u00fcck zu etwas Besonderem mit dieser erstaunlichen nat\u00fcrlichen Marmelade! Yasmin Food","breadcrumb":{"@id":"https:\/\/yasminfood.ch\/de\/product\/marmelade-nanerg-lara-800g\/#breadcrumb"},"inLanguage":"de","potentialAction":[{"@type":"ReadAction","target":["https:\/\/yasminfood.ch\/de\/product\/marmelade-nanerg-lara-800g\/"]}]},{"@type":"ImageObject","inLanguage":"de","@id":"https:\/\/yasminfood.ch\/de\/product\/marmelade-nanerg-lara-800g\/#primaryimage","url":"https:\/\/yasminfood.ch\/wp-content\/uploads\/2023\/08\/\u0645\u0631\u0628\u0649-\u0646\u0627\u0646\u0631\u062c-\u0644\u0627\u0631\u0627-800\u063a.png","contentUrl":"https:\/\/yasminfood.ch\/wp-content\/uploads\/2023\/08\/\u0645\u0631\u0628\u0649-\u0646\u0627\u0646\u0631\u062c-\u0644\u0627\u0631\u0627-800\u063a.png","width":1080,"height":1080},{"@type":"BreadcrumbList","@id":"https:\/\/yasminfood.ch\/de\/product\/marmelade-nanerg-lara-800g\/#breadcrumb","itemListElement":[{"@type":"ListItem","position":1,"name":"\u0627\u0644\u0631\u0626\u064a\u0633\u064a\u0629","item":"https:\/\/yasminfood.ch\/de\/zuhause\/"},{"@type":"ListItem","position":2,"name":"Shop","item":"https:\/\/yasminfood.ch\/de\/shop\/"},{"@type":"ListItem","position":3,"name":"Konserven - Lebensmittel","item":"https:\/\/yasminfood.ch\/de\/produkt-kategorie\/konserven-lebensmittel\/"},{"@type":"ListItem","position":4,"name":"Marmelade und Honig","item":"https:\/\/yasminfood.ch\/de\/produkt-kategorie\/konserven-lebensmittel\/marmelade-und-honig\/"},{"@type":"ListItem","position":5,"name":"Nanerj Lara Konfit\u00fcre &#8211; 775g"}]},{"@type":"WebSite","@id":"https:\/\/yasminfood.ch\/de\/#website","url":"https:\/\/yasminfood.ch\/de\/","name":"\u064a\u0627\u0633\u0645\u064a\u0646 \u0645\u0627\u0631\u0643\u062a","description":"Alles, was Sie brauchen, an einem Ort","publisher":{"@id":"https:\/\/yasminfood.ch\/de\/#organization"},"alternateName":"Yasmin Food","potentialAction":[{"@type":"SearchAction","target":{"@type":"EntryPoint","urlTemplate":"https:\/\/yasminfood.ch\/de\/?s={search_term_string}"},"query-input":{"@type":"PropertyValueSpecification","valueRequired":true,"valueName":"search_term_string"}}],"inLanguage":"de"},{"@type":"Organization","@id":"https:\/\/yasminfood.ch\/de\/#organization","name":"\u064a\u0627\u0633\u0645\u064a\u0646 \u0645\u0627\u0631\u0643\u062a","alternateName":"Yasmin Food","url":"https:\/\/yasminfood.ch\/de\/","logo":{"@type":"ImageObject","inLanguage":"de","@id":"https:\/\/yasminfood.ch\/de\/#\/schema\/logo\/image\/","url":"https:\/\/yasminfood.ch\/wp-content\/uploads\/2025\/05\/yasmin-food-header-logo.png","contentUrl":"https:\/\/yasminfood.ch\/wp-content\/uploads\/2025\/05\/yasmin-food-header-logo.png","width":330,"height":120,"caption":"\u064a\u0627\u0633\u0645\u064a\u0646 \u0645\u0627\u0631\u0643\u062a"},"image":{"@id":"https:\/\/yasminfood.ch\/de\/#\/schema\/logo\/image\/"},"sameAs":["https:\/\/www.facebook.com\/yasminmarkt1","https:\/\/www.tiktok.com\/@yasminmarkt","https:\/\/www.instagram.com\/yasmin.markt1\/","https:\/\/api.whatsapp.com\/send\/?phone=41799000104"],"publishingPrinciples":"https:\/\/yasminfood.ch\/de\/shop\/","ownershipFundingInfo":"https:\/\/yasminfood.ch\/de\/shop\/"}]},"product_price_amount":"7.95","product_price_currency":"CHF","og_availability":"instock","product_availability":"instock","product_condition":"new"},"jetpack_sharing_enabled":true,"_links":{"self":[{"href":"https:\/\/yasminfood.ch\/de\/wp-json\/wp\/v2\/product\/103128","targetHints":{"allow":["GET"]}}],"collection":[{"href":"https:\/\/yasminfood.ch\/de\/wp-json\/wp\/v2\/product"}],"about":[{"href":"https:\/\/yasminfood.ch\/de\/wp-json\/wp\/v2\/types\/product"}],"replies":[{"embeddable":true,"href":"https:\/\/yasminfood.ch\/de\/wp-json\/wp\/v2\/comments?post=103128"}],"version-history":[{"count":1,"href":"https:\/\/yasminfood.ch\/de\/wp-json\/wp\/v2\/product\/103128\/revisions"}],"predecessor-version":[{"id":118613,"href":"https:\/\/yasminfood.ch\/de\/wp-json\/wp\/v2\/product\/103128\/revisions\/118613"}],"wp:featuredmedia":[{"embeddable":true,"href":"https:\/\/yasminfood.ch\/de\/wp-json\/wp\/v2\/media\/109896"}],"wp:attachment":[{"href":"https:\/\/yasminfood.ch\/de\/wp-json\/wp\/v2\/media?parent=103128"}],"wp:term":[{"taxonomy":"product_brand","embeddable":true,"href":"https:\/\/yasminfood.ch\/de\/wp-json\/wp\/v2\/product_brand?post=103128"},{"taxonomy":"product_cat","embeddable":true,"href":"https:\/\/yasminfood.ch\/de\/wp-json\/wp\/v2\/product_cat?post=103128"},{"taxonomy":"product_tag","embeddable":true,"href":"https:\/\/yasminfood.ch\/de\/wp-json\/wp\/v2\/product_tag?post=103128"}],"curies":[{"name":"wp","href":"https:\/\/api.w.org\/{rel}","templated":true}]}}