{"id":103835,"date":"2023-10-17T19:10:54","date_gmt":"2023-10-17T17:11:02","guid":{"rendered":"https:\/\/yasminfood.ch\/product\/makdous-al-durra-2800-g\/"},"modified":"2025-05-16T11:53:42","modified_gmt":"2025-05-16T09:53:42","slug":"makdous-durra-2800-g","status":"publish","type":"product","link":"https:\/\/yasminfood.ch\/de\/product\/makdous-durra-2800-g\/","title":{"rendered":"Makdous Al Durra -2800 g"},"content":{"rendered":"<p>Makdous Durra -2800 g Makdous ist eines der leckersten Lebensmittel und Snacks, die die Reise schm\u00fccken, die jeder liebt, es besteht aus Auberginen, Waln\u00fcssen, roter Paprika, Knoblauch und in Oliven\u00f6l getaucht und diese Zutaten bilden miteinander einen unwiderstehlichen Geschmack, au\u00dferdem bietet es dem K\u00f6rper unz\u00e4hlige gro\u00dfe Vorteile und wurde auf die beste Weise gerettet, um es und die Sicherheit seines Geschmacks zu erhalten.  <\/p>\n","protected":false},"excerpt":{"rendered":"<p>Makdous Durra -2800 g Makdous ist eines der leckersten Lebensmittel und Snacks, die die Reise schm\u00fccken, die jeder liebt, es<\/p>\n","protected":false},"featured_media":111112,"comment_status":"open","ping_status":"closed","template":"","meta":[],"product_brand":[2316],"product_cat":[245,263],"product_tag":[2023],"class_list":{"0":"post-103835","1":"product","2":"type-product","3":"status-publish","4":"has-post-thumbnail","6":"product_brand-durra-de","7":"product_cat-konserven-lebensmittel","8":"product_cat-makdous-de","9":"product_tag-unwiderstehlicher-geschmack-de","11":"first","12":"outofstock","13":"taxable","14":"shipping-taxable","15":"purchasable","16":"product-type-simple"},"yoast_head":"<!-- This site is optimized with the Yoast SEO Premium plugin v26.5 (Yoast SEO v27.5) - https:\/\/yoast.com\/product\/yoast-seo-premium-wordpress\/ -->\n<title>Makdous Al Durra -2800 g - Yasmin Food<\/title>\n<meta name=\"description\" content=\"Makdous Al-Durra -2800 g der leckersten Lebensmittel und Snacks, die den Tisch schm\u00fccken, bestehen aus Auberginen, Waln\u00fcssen, roter Paprika und Knoblauch und werden in Oliven\u00f6l getaucht\" \/>\n<meta name=\"robots\" content=\"index, follow, max-snippet:-1, max-image-preview:large, max-video-preview:-1\" \/>\n<link rel=\"canonical\" href=\"https:\/\/yasminfood.ch\/de\/product\/makdous-durra-2800-g\/\" \/>\n<meta property=\"og:locale\" content=\"de_DE\" \/>\n<meta property=\"og:type\" content=\"article\" \/>\n<meta property=\"og:title\" content=\"Makdous Al Durra -2800 g\" \/>\n<meta property=\"og:description\" content=\"Makdous Durra -2800 g Makdous ist eines der leckersten Lebensmittel und Snacks, die die Reise schm\u00fccken, die jeder liebt, es besteht aus Auberginen,\" \/>\n<meta property=\"og:url\" content=\"https:\/\/yasminfood.ch\/de\/product\/makdous-durra-2800-g\/\" \/>\n<meta property=\"og:site_name\" content=\"Yasmin Food\" \/>\n<meta property=\"article:publisher\" content=\"https:\/\/www.facebook.com\/yasminmarkt1\" \/>\n<meta property=\"article:modified_time\" content=\"2025-05-16T09:53:42+00:00\" \/>\n<meta property=\"og:image\" content=\"https:\/\/yasminfood.ch\/wp-content\/uploads\/2023\/10\/\u0645\u0643\u062f\u0648\u0633-\u0627\u0644\u062f\u0631\u0629-2800-\u063a.png\" \/>\n\t<meta property=\"og:image:width\" content=\"1080\" \/>\n\t<meta property=\"og:image:height\" content=\"1080\" \/>\n\t<meta property=\"og:image:type\" content=\"image\/png\" \/>\n<meta name=\"twitter:card\" content=\"summary_large_image\" \/>\n<meta name=\"twitter:label1\" content=\"Preis\" \/>\n\t<meta name=\"twitter:data1\" content=\"28.00&nbsp;&#067;&#072;&#070;\" \/>\n\t<meta name=\"twitter:label2\" content=\"Verf\u00fcgbarkeit\" \/>\n\t<meta name=\"twitter:data2\" content=\"ausverkauft\" \/>\n<script type=\"application\/ld+json\" class=\"yoast-schema-graph\">{\"@context\":\"https:\\\/\\\/schema.org\",\"@graph\":[{\"@type\":\"WebPage\",\"@id\":\"https:\\\/\\\/yasminfood.ch\\\/de\\\/product\\\/makdous-durra-2800-g\\\/\",\"url\":\"https:\\\/\\\/yasminfood.ch\\\/de\\\/product\\\/makdous-durra-2800-g\\\/\",\"name\":\"Makdous Al Durra -2800 g - Yasmin Food\",\"isPartOf\":{\"@id\":\"https:\\\/\\\/yasminfood.ch\\\/de\\\/#website\"},\"primaryImageOfPage\":{\"@id\":\"https:\\\/\\\/yasminfood.ch\\\/de\\\/product\\\/makdous-durra-2800-g\\\/#primaryimage\"},\"image\":{\"@id\":\"https:\\\/\\\/yasminfood.ch\\\/de\\\/product\\\/makdous-durra-2800-g\\\/#primaryimage\"},\"thumbnailUrl\":\"https:\\\/\\\/yasminfood.ch\\\/wp-content\\\/uploads\\\/2023\\\/10\\\/\u0645\u0643\u062f\u0648\u0633-\u0627\u0644\u062f\u0631\u0629-2800-\u063a.png\",\"datePublished\":\"2023-10-17T17:11:02+00:00\",\"dateModified\":\"2025-05-16T09:53:42+00:00\",\"description\":\"Makdous Al-Durra -2800 g der leckersten Lebensmittel und Snacks, die den Tisch schm\u00fccken, bestehen aus Auberginen, Waln\u00fcssen, roter Paprika und Knoblauch und werden in Oliven\u00f6l getaucht\",\"breadcrumb\":{\"@id\":\"https:\\\/\\\/yasminfood.ch\\\/de\\\/product\\\/makdous-durra-2800-g\\\/#breadcrumb\"},\"inLanguage\":\"de\",\"potentialAction\":[{\"@type\":\"ReadAction\",\"target\":[\"https:\\\/\\\/yasminfood.ch\\\/de\\\/product\\\/makdous-durra-2800-g\\\/\"]}]},{\"@type\":\"ImageObject\",\"inLanguage\":\"de\",\"@id\":\"https:\\\/\\\/yasminfood.ch\\\/de\\\/product\\\/makdous-durra-2800-g\\\/#primaryimage\",\"url\":\"https:\\\/\\\/yasminfood.ch\\\/wp-content\\\/uploads\\\/2023\\\/10\\\/\u0645\u0643\u062f\u0648\u0633-\u0627\u0644\u062f\u0631\u0629-2800-\u063a.png\",\"contentUrl\":\"https:\\\/\\\/yasminfood.ch\\\/wp-content\\\/uploads\\\/2023\\\/10\\\/\u0645\u0643\u062f\u0648\u0633-\u0627\u0644\u062f\u0631\u0629-2800-\u063a.png\",\"width\":1080,\"height\":1080},{\"@type\":\"BreadcrumbList\",\"@id\":\"https:\\\/\\\/yasminfood.ch\\\/de\\\/product\\\/makdous-durra-2800-g\\\/#breadcrumb\",\"itemListElement\":[{\"@type\":\"ListItem\",\"position\":1,\"name\":\"\u0627\u0644\u0631\u0626\u064a\u0633\u064a\u0629\",\"item\":\"https:\\\/\\\/yasminfood.ch\\\/de\\\/zuhause\\\/\"},{\"@type\":\"ListItem\",\"position\":2,\"name\":\"Shop\",\"item\":\"https:\\\/\\\/yasminfood.ch\\\/de\\\/shop\\\/\"},{\"@type\":\"ListItem\",\"position\":3,\"name\":\"Konserven - Lebensmittel\",\"item\":\"https:\\\/\\\/yasminfood.ch\\\/de\\\/produkt-kategorie\\\/konserven-lebensmittel\\\/\"},{\"@type\":\"ListItem\",\"position\":4,\"name\":\"Makdous\",\"item\":\"https:\\\/\\\/yasminfood.ch\\\/de\\\/produkt-kategorie\\\/konserven-lebensmittel\\\/makdous-de\\\/\"},{\"@type\":\"ListItem\",\"position\":5,\"name\":\"Makdous Al Durra -2800 g\"}]},{\"@type\":\"WebSite\",\"@id\":\"https:\\\/\\\/yasminfood.ch\\\/de\\\/#website\",\"url\":\"https:\\\/\\\/yasminfood.ch\\\/de\\\/\",\"name\":\"\u064a\u0627\u0633\u0645\u064a\u0646 \u0645\u0627\u0631\u0643\u062a\",\"description\":\"Alles, was Sie brauchen, an einem Ort\",\"publisher\":{\"@id\":\"https:\\\/\\\/yasminfood.ch\\\/de\\\/#organization\"},\"alternateName\":\"Yasmin Food\",\"potentialAction\":[{\"@type\":\"SearchAction\",\"target\":{\"@type\":\"EntryPoint\",\"urlTemplate\":\"https:\\\/\\\/yasminfood.ch\\\/de\\\/?s={search_term_string}\"},\"query-input\":{\"@type\":\"PropertyValueSpecification\",\"valueRequired\":true,\"valueName\":\"search_term_string\"}}],\"inLanguage\":\"de\"},{\"@type\":\"Organization\",\"@id\":\"https:\\\/\\\/yasminfood.ch\\\/de\\\/#organization\",\"name\":\"\u064a\u0627\u0633\u0645\u064a\u0646 \u0645\u0627\u0631\u0643\u062a\",\"alternateName\":\"Yasmin Food\",\"url\":\"https:\\\/\\\/yasminfood.ch\\\/de\\\/\",\"logo\":{\"@type\":\"ImageObject\",\"inLanguage\":\"de\",\"@id\":\"https:\\\/\\\/yasminfood.ch\\\/de\\\/#\\\/schema\\\/logo\\\/image\\\/\",\"url\":\"https:\\\/\\\/yasminfood.ch\\\/wp-content\\\/uploads\\\/2025\\\/05\\\/yasmin-food-header-logo.png\",\"contentUrl\":\"https:\\\/\\\/yasminfood.ch\\\/wp-content\\\/uploads\\\/2025\\\/05\\\/yasmin-food-header-logo.png\",\"width\":330,\"height\":120,\"caption\":\"\u064a\u0627\u0633\u0645\u064a\u0646 \u0645\u0627\u0631\u0643\u062a\"},\"image\":{\"@id\":\"https:\\\/\\\/yasminfood.ch\\\/de\\\/#\\\/schema\\\/logo\\\/image\\\/\"},\"sameAs\":[\"https:\\\/\\\/www.facebook.com\\\/yasminmarkt1\",\"https:\\\/\\\/www.tiktok.com\\\/@yasminmarkt\",\"https:\\\/\\\/www.instagram.com\\\/yasmin.markt1\\\/\",\"https:\\\/\\\/api.whatsapp.com\\\/send\\\/?phone=41799000104\"],\"publishingPrinciples\":\"https:\\\/\\\/yasminfood.ch\\\/de\\\/shop\\\/\",\"ownershipFundingInfo\":\"https:\\\/\\\/yasminfood.ch\\\/de\\\/shop\\\/\"}]}<\/script>\n<meta property=\"product:price:amount\" content=\"28.00\" \/>\n<meta property=\"product:price:currency\" content=\"CHF\" \/>\n<meta property=\"og:availability\" content=\"out of stock\" \/>\n<meta property=\"product:availability\" content=\"out of stock\" \/>\n<meta property=\"product:condition\" content=\"new\" \/>\n<!-- \/ Yoast SEO Premium plugin. -->","yoast_head_json":{"title":"Makdous Al Durra -2800 g - Yasmin Food","description":"Makdous Al-Durra -2800 g der leckersten Lebensmittel und Snacks, die den Tisch schm\u00fccken, bestehen aus Auberginen, Waln\u00fcssen, roter Paprika und Knoblauch und werden in Oliven\u00f6l getaucht","robots":{"index":"index","follow":"follow","max-snippet":"max-snippet:-1","max-image-preview":"max-image-preview:large","max-video-preview":"max-video-preview:-1"},"canonical":"https:\/\/yasminfood.ch\/de\/product\/makdous-durra-2800-g\/","og_locale":"de_DE","og_type":"article","og_title":"Makdous Al Durra -2800 g","og_description":"Makdous Durra -2800 g Makdous ist eines der leckersten Lebensmittel und Snacks, die die Reise schm\u00fccken, die jeder liebt, es besteht aus Auberginen,","og_url":"https:\/\/yasminfood.ch\/de\/product\/makdous-durra-2800-g\/","og_site_name":"Yasmin Food","article_publisher":"https:\/\/www.facebook.com\/yasminmarkt1","article_modified_time":"2025-05-16T09:53:42+00:00","og_image":[{"width":1080,"height":1080,"url":"https:\/\/yasminfood.ch\/wp-content\/uploads\/2023\/10\/\u0645\u0643\u062f\u0648\u0633-\u0627\u0644\u062f\u0631\u0629-2800-\u063a.png","type":"image\/png"}],"twitter_card":"summary_large_image","twitter_misc":{"Preis":"28.00&nbsp;&#67;&#72;&#70;","Verf\u00fcgbarkeit":"ausverkauft"},"schema":{"@context":"https:\/\/schema.org","@graph":[{"@type":"WebPage","@id":"https:\/\/yasminfood.ch\/de\/product\/makdous-durra-2800-g\/","url":"https:\/\/yasminfood.ch\/de\/product\/makdous-durra-2800-g\/","name":"Makdous Al Durra -2800 g - Yasmin Food","isPartOf":{"@id":"https:\/\/yasminfood.ch\/de\/#website"},"primaryImageOfPage":{"@id":"https:\/\/yasminfood.ch\/de\/product\/makdous-durra-2800-g\/#primaryimage"},"image":{"@id":"https:\/\/yasminfood.ch\/de\/product\/makdous-durra-2800-g\/#primaryimage"},"thumbnailUrl":"https:\/\/yasminfood.ch\/wp-content\/uploads\/2023\/10\/\u0645\u0643\u062f\u0648\u0633-\u0627\u0644\u062f\u0631\u0629-2800-\u063a.png","datePublished":"2023-10-17T17:11:02+00:00","dateModified":"2025-05-16T09:53:42+00:00","description":"Makdous Al-Durra -2800 g der leckersten Lebensmittel und Snacks, die den Tisch schm\u00fccken, bestehen aus Auberginen, Waln\u00fcssen, roter Paprika und Knoblauch und werden in Oliven\u00f6l getaucht","breadcrumb":{"@id":"https:\/\/yasminfood.ch\/de\/product\/makdous-durra-2800-g\/#breadcrumb"},"inLanguage":"de","potentialAction":[{"@type":"ReadAction","target":["https:\/\/yasminfood.ch\/de\/product\/makdous-durra-2800-g\/"]}]},{"@type":"ImageObject","inLanguage":"de","@id":"https:\/\/yasminfood.ch\/de\/product\/makdous-durra-2800-g\/#primaryimage","url":"https:\/\/yasminfood.ch\/wp-content\/uploads\/2023\/10\/\u0645\u0643\u062f\u0648\u0633-\u0627\u0644\u062f\u0631\u0629-2800-\u063a.png","contentUrl":"https:\/\/yasminfood.ch\/wp-content\/uploads\/2023\/10\/\u0645\u0643\u062f\u0648\u0633-\u0627\u0644\u062f\u0631\u0629-2800-\u063a.png","width":1080,"height":1080},{"@type":"BreadcrumbList","@id":"https:\/\/yasminfood.ch\/de\/product\/makdous-durra-2800-g\/#breadcrumb","itemListElement":[{"@type":"ListItem","position":1,"name":"\u0627\u0644\u0631\u0626\u064a\u0633\u064a\u0629","item":"https:\/\/yasminfood.ch\/de\/zuhause\/"},{"@type":"ListItem","position":2,"name":"Shop","item":"https:\/\/yasminfood.ch\/de\/shop\/"},{"@type":"ListItem","position":3,"name":"Konserven - Lebensmittel","item":"https:\/\/yasminfood.ch\/de\/produkt-kategorie\/konserven-lebensmittel\/"},{"@type":"ListItem","position":4,"name":"Makdous","item":"https:\/\/yasminfood.ch\/de\/produkt-kategorie\/konserven-lebensmittel\/makdous-de\/"},{"@type":"ListItem","position":5,"name":"Makdous Al Durra -2800 g"}]},{"@type":"WebSite","@id":"https:\/\/yasminfood.ch\/de\/#website","url":"https:\/\/yasminfood.ch\/de\/","name":"\u064a\u0627\u0633\u0645\u064a\u0646 \u0645\u0627\u0631\u0643\u062a","description":"Alles, was Sie brauchen, an einem Ort","publisher":{"@id":"https:\/\/yasminfood.ch\/de\/#organization"},"alternateName":"Yasmin Food","potentialAction":[{"@type":"SearchAction","target":{"@type":"EntryPoint","urlTemplate":"https:\/\/yasminfood.ch\/de\/?s={search_term_string}"},"query-input":{"@type":"PropertyValueSpecification","valueRequired":true,"valueName":"search_term_string"}}],"inLanguage":"de"},{"@type":"Organization","@id":"https:\/\/yasminfood.ch\/de\/#organization","name":"\u064a\u0627\u0633\u0645\u064a\u0646 \u0645\u0627\u0631\u0643\u062a","alternateName":"Yasmin Food","url":"https:\/\/yasminfood.ch\/de\/","logo":{"@type":"ImageObject","inLanguage":"de","@id":"https:\/\/yasminfood.ch\/de\/#\/schema\/logo\/image\/","url":"https:\/\/yasminfood.ch\/wp-content\/uploads\/2025\/05\/yasmin-food-header-logo.png","contentUrl":"https:\/\/yasminfood.ch\/wp-content\/uploads\/2025\/05\/yasmin-food-header-logo.png","width":330,"height":120,"caption":"\u064a\u0627\u0633\u0645\u064a\u0646 \u0645\u0627\u0631\u0643\u062a"},"image":{"@id":"https:\/\/yasminfood.ch\/de\/#\/schema\/logo\/image\/"},"sameAs":["https:\/\/www.facebook.com\/yasminmarkt1","https:\/\/www.tiktok.com\/@yasminmarkt","https:\/\/www.instagram.com\/yasmin.markt1\/","https:\/\/api.whatsapp.com\/send\/?phone=41799000104"],"publishingPrinciples":"https:\/\/yasminfood.ch\/de\/shop\/","ownershipFundingInfo":"https:\/\/yasminfood.ch\/de\/shop\/"}]},"product_price_amount":"28.00","product_price_currency":"CHF","og_availability":"out of stock","product_availability":"out of stock","product_condition":"new"},"jetpack_sharing_enabled":true,"_links":{"self":[{"href":"https:\/\/yasminfood.ch\/de\/wp-json\/wp\/v2\/product\/103835","targetHints":{"allow":["GET"]}}],"collection":[{"href":"https:\/\/yasminfood.ch\/de\/wp-json\/wp\/v2\/product"}],"about":[{"href":"https:\/\/yasminfood.ch\/de\/wp-json\/wp\/v2\/types\/product"}],"replies":[{"embeddable":true,"href":"https:\/\/yasminfood.ch\/de\/wp-json\/wp\/v2\/comments?post=103835"}],"version-history":[{"count":1,"href":"https:\/\/yasminfood.ch\/de\/wp-json\/wp\/v2\/product\/103835\/revisions"}],"predecessor-version":[{"id":111116,"href":"https:\/\/yasminfood.ch\/de\/wp-json\/wp\/v2\/product\/103835\/revisions\/111116"}],"wp:featuredmedia":[{"embeddable":true,"href":"https:\/\/yasminfood.ch\/de\/wp-json\/wp\/v2\/media\/111112"}],"wp:attachment":[{"href":"https:\/\/yasminfood.ch\/de\/wp-json\/wp\/v2\/media?parent=103835"}],"wp:term":[{"taxonomy":"product_brand","embeddable":true,"href":"https:\/\/yasminfood.ch\/de\/wp-json\/wp\/v2\/product_brand?post=103835"},{"taxonomy":"product_cat","embeddable":true,"href":"https:\/\/yasminfood.ch\/de\/wp-json\/wp\/v2\/product_cat?post=103835"},{"taxonomy":"product_tag","embeddable":true,"href":"https:\/\/yasminfood.ch\/de\/wp-json\/wp\/v2\/product_tag?post=103835"}],"curies":[{"name":"wp","href":"https:\/\/api.w.org\/{rel}","templated":true}]}}