{"id":105557,"date":"2024-01-26T11:01:34","date_gmt":"2024-01-26T10:01:34","guid":{"rendered":"https:\/\/yasminfood.ch\/product\/taschentuch-box\/"},"modified":"2025-08-14T16:43:33","modified_gmt":"2025-08-14T14:43:33","slug":"taschentuch-box","status":"publish","type":"product","link":"https:\/\/yasminfood.ch\/de\/product\/taschentuch-box\/","title":{"rendered":"Dekorative Taschentuchbox &#8211; rote Farbe"},"content":{"rendered":"<p data-start=\"95\" data-end=\"403\"><strong>Dekorative Taschentuchbox &#8211; rote Farbe<\/strong><\/p>\n<ul>\n<li data-start=\"95\" data-end=\"403\">Verleihen Sie Ihrer Wohnkultur einen Hauch von Luxus mit <strong data-start=\"183\" data-end=\"217\">dieser floralen dekorativen Taschentuchbox<\/strong><\/li>\n<li data-start=\"95\" data-end=\"403\">Mit satter roter Farbe und gl\u00e4nzenden goldenen Details.<\/li>\n<li data-start=\"95\" data-end=\"403\">Ein elegantes Design, das klassische Sch\u00f6nheit mit hochwertigen Dekorationen verbindet,<\/li>\n<li data-start=\"95\" data-end=\"403\">Damit ist es ein ideales St\u00fcck f\u00fcr das Wohnzimmer, das B\u00fcro oder sogar f\u00fcr besondere Hospitality-Veranstaltungen.<\/li>\n<\/ul>\n<p data-start=\"405\" data-end=\"534\">Hergestellt aus hochwertigen Materialien mit einer praktischen oberen Abdeckung zum einfachen Platzieren und Ziehen von Servietten, verf\u00fcgt es \u00fcber gepr\u00e4gte Rosenmotive, die ein Gef\u00fchl von Raffinesse und Luxus vermitteln. <\/p>\n<p data-start=\"536\" data-end=\"662\">\u2705 <strong data-start=\"538\" data-end=\"548\">Farbe:<\/strong> Rotgold Pr\u00e4gung<br data-start=\"566\" data-end=\"569\">\u2705 <strong data-start=\"571\" data-end=\"582\">Material:<\/strong> Langlebig und hochwertig<br data-start=\"602\" data-end=\"605\">\u2705 <strong data-start=\"607\" data-end=\"621\">Verwendung:<\/strong> Heimdekoration, B\u00fcro, Gastgewerbe, besondere Geschenke <\/p>\n","protected":false},"excerpt":{"rendered":"<p data-start=\"95\" data-end=\"403\"><strong>Dekorative Taschentuchbox &#8211; rote Farbe<\/strong><\/p>\n<ul>\n<li data-start=\"95\" data-end=\"403\">Verleihen Sie Ihrer Wohnkultur einen Hauch von Luxus mit <strong data-start=\"183\" data-end=\"217\">dieser floralen dekorativen Taschentuchbox<\/strong><\/li>\n<li data-start=\"95\" data-end=\"403\">Mit satter roter Farbe und gl\u00e4nzenden goldenen Details.<\/li>\n<\/ul>\n","protected":false},"featured_media":112187,"comment_status":"open","ping_status":"closed","template":"","meta":[],"product_brand":[],"product_cat":[904,388],"product_tag":[],"class_list":{"0":"post-105557","1":"product","2":"type-product","3":"status-publish","4":"has-post-thumbnail","6":"product_cat-kuechenutensilien","7":"product_cat-nonfood","9":"first","10":"instock","11":"taxable","12":"shipping-taxable","13":"purchasable","14":"product-type-simple"},"yoast_head":"<!-- This site is optimized with the Yoast SEO Premium plugin v26.5 (Yoast SEO v27.3) - https:\/\/yoast.com\/product\/yoast-seo-premium-wordpress\/ -->\n<title>Dekorative Taschentuchbox - rote Farbe - Yasmin Food<\/title>\n<meta name=\"robots\" content=\"index, follow, max-snippet:-1, max-image-preview:large, max-video-preview:-1\" \/>\n<link rel=\"canonical\" href=\"https:\/\/yasminfood.ch\/de\/product\/taschentuch-box\/\" \/>\n<meta property=\"og:locale\" content=\"de_DE\" \/>\n<meta property=\"og:type\" content=\"article\" \/>\n<meta property=\"og:title\" content=\"Dekorative Taschentuchbox - rote Farbe\" \/>\n<meta property=\"og:description\" content=\"Dekorative Taschentuchbox - rote Farbe   Verleihen Sie Ihrer Wohnkultur einen Hauch von Luxus mit dieser floralen dekorativen Taschentuchbox  Mit satter roter Farbe und gl\u00e4nzenden goldenen Details.\" \/>\n<meta property=\"og:url\" content=\"https:\/\/yasminfood.ch\/de\/product\/taschentuch-box\/\" \/>\n<meta property=\"og:site_name\" content=\"Yasmin Food\" \/>\n<meta property=\"article:publisher\" content=\"https:\/\/www.facebook.com\/yasminmarkt1\" \/>\n<meta property=\"article:modified_time\" content=\"2025-08-14T14:43:33+00:00\" \/>\n<meta property=\"og:image\" content=\"https:\/\/yasminfood.ch\/wp-content\/uploads\/2024\/01\/\u0639\u0644\u0628\u0629-\u0645\u0646\u0627\u062f\u064a\u0644-\u0645\u0632\u062e\u0631\u0641\u0629-\u0648\u0631\u0648\u062f.png\" \/>\n\t<meta property=\"og:image:width\" content=\"1080\" \/>\n\t<meta property=\"og:image:height\" content=\"1080\" \/>\n\t<meta property=\"og:image:type\" content=\"image\/png\" \/>\n<meta name=\"twitter:card\" content=\"summary_large_image\" \/>\n<meta name=\"twitter:label1\" content=\"Preis\" \/>\n\t<meta name=\"twitter:data1\" content=\"12.50&nbsp;&#067;&#072;&#070;\" \/>\n\t<meta name=\"twitter:label2\" content=\"Verf\u00fcgbarkeit\" \/>\n\t<meta name=\"twitter:data2\" content=\"Auf Lager\" \/>\n<script type=\"application\/ld+json\" class=\"yoast-schema-graph\">{\"@context\":\"https:\\\/\\\/schema.org\",\"@graph\":[{\"@type\":\"WebPage\",\"@id\":\"https:\\\/\\\/yasminfood.ch\\\/de\\\/product\\\/taschentuch-box\\\/\",\"url\":\"https:\\\/\\\/yasminfood.ch\\\/de\\\/product\\\/taschentuch-box\\\/\",\"name\":\"Dekorative Taschentuchbox - rote Farbe - Yasmin Food\",\"isPartOf\":{\"@id\":\"https:\\\/\\\/yasminfood.ch\\\/de\\\/#website\"},\"primaryImageOfPage\":{\"@id\":\"https:\\\/\\\/yasminfood.ch\\\/de\\\/product\\\/taschentuch-box\\\/#primaryimage\"},\"image\":{\"@id\":\"https:\\\/\\\/yasminfood.ch\\\/de\\\/product\\\/taschentuch-box\\\/#primaryimage\"},\"thumbnailUrl\":\"https:\\\/\\\/yasminfood.ch\\\/wp-content\\\/uploads\\\/2024\\\/01\\\/\u0639\u0644\u0628\u0629-\u0645\u0646\u0627\u062f\u064a\u0644-\u0645\u0632\u062e\u0631\u0641\u0629-\u0648\u0631\u0648\u062f.png\",\"datePublished\":\"2024-01-26T10:01:34+00:00\",\"dateModified\":\"2025-08-14T14:43:33+00:00\",\"breadcrumb\":{\"@id\":\"https:\\\/\\\/yasminfood.ch\\\/de\\\/product\\\/taschentuch-box\\\/#breadcrumb\"},\"inLanguage\":\"de\",\"potentialAction\":[{\"@type\":\"ReadAction\",\"target\":[\"https:\\\/\\\/yasminfood.ch\\\/de\\\/product\\\/taschentuch-box\\\/\"]}]},{\"@type\":\"ImageObject\",\"inLanguage\":\"de\",\"@id\":\"https:\\\/\\\/yasminfood.ch\\\/de\\\/product\\\/taschentuch-box\\\/#primaryimage\",\"url\":\"https:\\\/\\\/yasminfood.ch\\\/wp-content\\\/uploads\\\/2024\\\/01\\\/\u0639\u0644\u0628\u0629-\u0645\u0646\u0627\u062f\u064a\u0644-\u0645\u0632\u062e\u0631\u0641\u0629-\u0648\u0631\u0648\u062f.png\",\"contentUrl\":\"https:\\\/\\\/yasminfood.ch\\\/wp-content\\\/uploads\\\/2024\\\/01\\\/\u0639\u0644\u0628\u0629-\u0645\u0646\u0627\u062f\u064a\u0644-\u0645\u0632\u062e\u0631\u0641\u0629-\u0648\u0631\u0648\u062f.png\",\"width\":1080,\"height\":1080},{\"@type\":\"BreadcrumbList\",\"@id\":\"https:\\\/\\\/yasminfood.ch\\\/de\\\/product\\\/taschentuch-box\\\/#breadcrumb\",\"itemListElement\":[{\"@type\":\"ListItem\",\"position\":1,\"name\":\"\u0627\u0644\u0631\u0626\u064a\u0633\u064a\u0629\",\"item\":\"https:\\\/\\\/yasminfood.ch\\\/de\\\/zuhause\\\/\"},{\"@type\":\"ListItem\",\"position\":2,\"name\":\"Shop\",\"item\":\"https:\\\/\\\/yasminfood.ch\\\/de\\\/shop\\\/\"},{\"@type\":\"ListItem\",\"position\":3,\"name\":\"Nonfood\",\"item\":\"https:\\\/\\\/yasminfood.ch\\\/de\\\/produkt-kategorie\\\/nonfood\\\/\"},{\"@type\":\"ListItem\",\"position\":4,\"name\":\"Dekorative Taschentuchbox &#8211; rote Farbe\"}]},{\"@type\":\"WebSite\",\"@id\":\"https:\\\/\\\/yasminfood.ch\\\/de\\\/#website\",\"url\":\"https:\\\/\\\/yasminfood.ch\\\/de\\\/\",\"name\":\"\u064a\u0627\u0633\u0645\u064a\u0646 \u0645\u0627\u0631\u0643\u062a\",\"description\":\"Alles, was Sie brauchen, an einem Ort\",\"publisher\":{\"@id\":\"https:\\\/\\\/yasminfood.ch\\\/de\\\/#organization\"},\"alternateName\":\"Yasmin Food\",\"potentialAction\":[{\"@type\":\"SearchAction\",\"target\":{\"@type\":\"EntryPoint\",\"urlTemplate\":\"https:\\\/\\\/yasminfood.ch\\\/de\\\/?s={search_term_string}\"},\"query-input\":{\"@type\":\"PropertyValueSpecification\",\"valueRequired\":true,\"valueName\":\"search_term_string\"}}],\"inLanguage\":\"de\"},{\"@type\":\"Organization\",\"@id\":\"https:\\\/\\\/yasminfood.ch\\\/de\\\/#organization\",\"name\":\"\u064a\u0627\u0633\u0645\u064a\u0646 \u0645\u0627\u0631\u0643\u062a\",\"alternateName\":\"Yasmin Food\",\"url\":\"https:\\\/\\\/yasminfood.ch\\\/de\\\/\",\"logo\":{\"@type\":\"ImageObject\",\"inLanguage\":\"de\",\"@id\":\"https:\\\/\\\/yasminfood.ch\\\/de\\\/#\\\/schema\\\/logo\\\/image\\\/\",\"url\":\"https:\\\/\\\/yasminfood.ch\\\/wp-content\\\/uploads\\\/2025\\\/05\\\/yasmin-food-header-logo.png\",\"contentUrl\":\"https:\\\/\\\/yasminfood.ch\\\/wp-content\\\/uploads\\\/2025\\\/05\\\/yasmin-food-header-logo.png\",\"width\":330,\"height\":120,\"caption\":\"\u064a\u0627\u0633\u0645\u064a\u0646 \u0645\u0627\u0631\u0643\u062a\"},\"image\":{\"@id\":\"https:\\\/\\\/yasminfood.ch\\\/de\\\/#\\\/schema\\\/logo\\\/image\\\/\"},\"sameAs\":[\"https:\\\/\\\/www.facebook.com\\\/yasminmarkt1\",\"https:\\\/\\\/www.tiktok.com\\\/@yasminmarkt\",\"https:\\\/\\\/www.instagram.com\\\/yasmin.markt1\\\/\",\"https:\\\/\\\/api.whatsapp.com\\\/send\\\/?phone=41799000104\"],\"publishingPrinciples\":\"https:\\\/\\\/yasminfood.ch\\\/de\\\/shop\\\/\",\"ownershipFundingInfo\":\"https:\\\/\\\/yasminfood.ch\\\/de\\\/shop\\\/\"}]}<\/script>\n<meta property=\"product:price:amount\" content=\"12.50\" \/>\n<meta property=\"product:price:currency\" content=\"CHF\" \/>\n<meta property=\"og:availability\" content=\"instock\" \/>\n<meta property=\"product:availability\" content=\"instock\" \/>\n<meta property=\"product:condition\" content=\"new\" \/>\n<!-- \/ Yoast SEO Premium plugin. -->","yoast_head_json":{"title":"Dekorative Taschentuchbox - rote Farbe - Yasmin Food","robots":{"index":"index","follow":"follow","max-snippet":"max-snippet:-1","max-image-preview":"max-image-preview:large","max-video-preview":"max-video-preview:-1"},"canonical":"https:\/\/yasminfood.ch\/de\/product\/taschentuch-box\/","og_locale":"de_DE","og_type":"article","og_title":"Dekorative Taschentuchbox - rote Farbe","og_description":"Dekorative Taschentuchbox - rote Farbe   Verleihen Sie Ihrer Wohnkultur einen Hauch von Luxus mit dieser floralen dekorativen Taschentuchbox  Mit satter roter Farbe und gl\u00e4nzenden goldenen Details.","og_url":"https:\/\/yasminfood.ch\/de\/product\/taschentuch-box\/","og_site_name":"Yasmin Food","article_publisher":"https:\/\/www.facebook.com\/yasminmarkt1","article_modified_time":"2025-08-14T14:43:33+00:00","og_image":[{"width":1080,"height":1080,"url":"https:\/\/yasminfood.ch\/wp-content\/uploads\/2024\/01\/\u0639\u0644\u0628\u0629-\u0645\u0646\u0627\u062f\u064a\u0644-\u0645\u0632\u062e\u0631\u0641\u0629-\u0648\u0631\u0648\u062f.png","type":"image\/png"}],"twitter_card":"summary_large_image","twitter_misc":{"Preis":"12.50&nbsp;&#67;&#72;&#70;","Verf\u00fcgbarkeit":"Auf Lager"},"schema":{"@context":"https:\/\/schema.org","@graph":[{"@type":"WebPage","@id":"https:\/\/yasminfood.ch\/de\/product\/taschentuch-box\/","url":"https:\/\/yasminfood.ch\/de\/product\/taschentuch-box\/","name":"Dekorative Taschentuchbox - rote Farbe - Yasmin Food","isPartOf":{"@id":"https:\/\/yasminfood.ch\/de\/#website"},"primaryImageOfPage":{"@id":"https:\/\/yasminfood.ch\/de\/product\/taschentuch-box\/#primaryimage"},"image":{"@id":"https:\/\/yasminfood.ch\/de\/product\/taschentuch-box\/#primaryimage"},"thumbnailUrl":"https:\/\/yasminfood.ch\/wp-content\/uploads\/2024\/01\/\u0639\u0644\u0628\u0629-\u0645\u0646\u0627\u062f\u064a\u0644-\u0645\u0632\u062e\u0631\u0641\u0629-\u0648\u0631\u0648\u062f.png","datePublished":"2024-01-26T10:01:34+00:00","dateModified":"2025-08-14T14:43:33+00:00","breadcrumb":{"@id":"https:\/\/yasminfood.ch\/de\/product\/taschentuch-box\/#breadcrumb"},"inLanguage":"de","potentialAction":[{"@type":"ReadAction","target":["https:\/\/yasminfood.ch\/de\/product\/taschentuch-box\/"]}]},{"@type":"ImageObject","inLanguage":"de","@id":"https:\/\/yasminfood.ch\/de\/product\/taschentuch-box\/#primaryimage","url":"https:\/\/yasminfood.ch\/wp-content\/uploads\/2024\/01\/\u0639\u0644\u0628\u0629-\u0645\u0646\u0627\u062f\u064a\u0644-\u0645\u0632\u062e\u0631\u0641\u0629-\u0648\u0631\u0648\u062f.png","contentUrl":"https:\/\/yasminfood.ch\/wp-content\/uploads\/2024\/01\/\u0639\u0644\u0628\u0629-\u0645\u0646\u0627\u062f\u064a\u0644-\u0645\u0632\u062e\u0631\u0641\u0629-\u0648\u0631\u0648\u062f.png","width":1080,"height":1080},{"@type":"BreadcrumbList","@id":"https:\/\/yasminfood.ch\/de\/product\/taschentuch-box\/#breadcrumb","itemListElement":[{"@type":"ListItem","position":1,"name":"\u0627\u0644\u0631\u0626\u064a\u0633\u064a\u0629","item":"https:\/\/yasminfood.ch\/de\/zuhause\/"},{"@type":"ListItem","position":2,"name":"Shop","item":"https:\/\/yasminfood.ch\/de\/shop\/"},{"@type":"ListItem","position":3,"name":"Nonfood","item":"https:\/\/yasminfood.ch\/de\/produkt-kategorie\/nonfood\/"},{"@type":"ListItem","position":4,"name":"Dekorative Taschentuchbox &#8211; rote Farbe"}]},{"@type":"WebSite","@id":"https:\/\/yasminfood.ch\/de\/#website","url":"https:\/\/yasminfood.ch\/de\/","name":"\u064a\u0627\u0633\u0645\u064a\u0646 \u0645\u0627\u0631\u0643\u062a","description":"Alles, was Sie brauchen, an einem Ort","publisher":{"@id":"https:\/\/yasminfood.ch\/de\/#organization"},"alternateName":"Yasmin Food","potentialAction":[{"@type":"SearchAction","target":{"@type":"EntryPoint","urlTemplate":"https:\/\/yasminfood.ch\/de\/?s={search_term_string}"},"query-input":{"@type":"PropertyValueSpecification","valueRequired":true,"valueName":"search_term_string"}}],"inLanguage":"de"},{"@type":"Organization","@id":"https:\/\/yasminfood.ch\/de\/#organization","name":"\u064a\u0627\u0633\u0645\u064a\u0646 \u0645\u0627\u0631\u0643\u062a","alternateName":"Yasmin Food","url":"https:\/\/yasminfood.ch\/de\/","logo":{"@type":"ImageObject","inLanguage":"de","@id":"https:\/\/yasminfood.ch\/de\/#\/schema\/logo\/image\/","url":"https:\/\/yasminfood.ch\/wp-content\/uploads\/2025\/05\/yasmin-food-header-logo.png","contentUrl":"https:\/\/yasminfood.ch\/wp-content\/uploads\/2025\/05\/yasmin-food-header-logo.png","width":330,"height":120,"caption":"\u064a\u0627\u0633\u0645\u064a\u0646 \u0645\u0627\u0631\u0643\u062a"},"image":{"@id":"https:\/\/yasminfood.ch\/de\/#\/schema\/logo\/image\/"},"sameAs":["https:\/\/www.facebook.com\/yasminmarkt1","https:\/\/www.tiktok.com\/@yasminmarkt","https:\/\/www.instagram.com\/yasmin.markt1\/","https:\/\/api.whatsapp.com\/send\/?phone=41799000104"],"publishingPrinciples":"https:\/\/yasminfood.ch\/de\/shop\/","ownershipFundingInfo":"https:\/\/yasminfood.ch\/de\/shop\/"}]},"product_price_amount":"12.50","product_price_currency":"CHF","og_availability":"instock","product_availability":"instock","product_condition":"new"},"jetpack_sharing_enabled":true,"_links":{"self":[{"href":"https:\/\/yasminfood.ch\/de\/wp-json\/wp\/v2\/product\/105557","targetHints":{"allow":["GET"]}}],"collection":[{"href":"https:\/\/yasminfood.ch\/de\/wp-json\/wp\/v2\/product"}],"about":[{"href":"https:\/\/yasminfood.ch\/de\/wp-json\/wp\/v2\/types\/product"}],"replies":[{"embeddable":true,"href":"https:\/\/yasminfood.ch\/de\/wp-json\/wp\/v2\/comments?post=105557"}],"version-history":[{"count":2,"href":"https:\/\/yasminfood.ch\/de\/wp-json\/wp\/v2\/product\/105557\/revisions"}],"predecessor-version":[{"id":119062,"href":"https:\/\/yasminfood.ch\/de\/wp-json\/wp\/v2\/product\/105557\/revisions\/119062"}],"wp:featuredmedia":[{"embeddable":true,"href":"https:\/\/yasminfood.ch\/de\/wp-json\/wp\/v2\/media\/112187"}],"wp:attachment":[{"href":"https:\/\/yasminfood.ch\/de\/wp-json\/wp\/v2\/media?parent=105557"}],"wp:term":[{"taxonomy":"product_brand","embeddable":true,"href":"https:\/\/yasminfood.ch\/de\/wp-json\/wp\/v2\/product_brand?post=105557"},{"taxonomy":"product_cat","embeddable":true,"href":"https:\/\/yasminfood.ch\/de\/wp-json\/wp\/v2\/product_cat?post=105557"},{"taxonomy":"product_tag","embeddable":true,"href":"https:\/\/yasminfood.ch\/de\/wp-json\/wp\/v2\/product_tag?post=105557"}],"curies":[{"name":"wp","href":"https:\/\/api.w.org\/{rel}","templated":true}]}}