{"id":105979,"date":"2024-02-22T17:16:34","date_gmt":"2024-02-22T16:16:34","guid":{"rendered":"https:\/\/yasminfood.ch\/product\/lara-feigenmarmelade-800g\/"},"modified":"2025-07-30T23:58:12","modified_gmt":"2025-07-30T21:58:12","slug":"lara-feigenmarmelade-800g","status":"publish","type":"product","link":"https:\/\/yasminfood.ch\/de\/product\/lara-feigenmarmelade-800g\/","title":{"rendered":"Lara P\u00fcrierte Feigenmarmelade 775g"},"content":{"rendered":"<p><strong>Lara P\u00fcrierte Feigenmarmelade 775g<\/strong><\/p>\n<ul>\n<li>\n<p data-start=\"161\" data-end=\"354\">Genie\u00dfen Sie den reichen Geschmack reifer Feigen mit Lara-Marmeladenp\u00fcree. Sorgf\u00e4ltig aus nat\u00fcrlichen Fr\u00fcchten hergestellt <\/p>\n<\/li>\n<li>\n<p data-start=\"161\" data-end=\"354\">Ausgew\u00e4hlt und p\u00fcriert, um eine glatte und leicht zu verteilende Textur zu erhalten, die Ihnen einen unwiderstehlichen nat\u00fcrlichen Geschmack zum Fr\u00fchst\u00fcck oder zu Desserts verleiht. <\/p>\n<p data-start=\"356\" data-end=\"369\"><strong data-start=\"356\" data-end=\"369\">Funktionen:<\/strong><\/p>\n<ul data-start=\"370\" data-end=\"525\">\n<li data-start=\"370\" data-end=\"401\">\n<p data-start=\"372\" data-end=\"401\">Nat\u00fcrliche Feigen werden stark p\u00fcriert<\/p>\n<\/li>\n<li data-start=\"402\" data-end=\"446\">\n<p data-start=\"404\" data-end=\"446\">Glatte Textur und perfekt zum Aufstreichen auf Brot und Toast<\/p>\n<\/li>\n<li data-start=\"447\" data-end=\"482\">\n<p data-start=\"449\" data-end=\"482\">Frei von Konservierungs- und Farbstoffen<\/p>\n<\/li>\n<li data-start=\"483\" data-end=\"525\">\n<p data-start=\"485\" data-end=\"525\">Geeignet zum Fr\u00fchst\u00fcck oder als Zutat in Dessertrezepten<\/p>\n<\/li>\n<\/ul>\n<p data-start=\"527\" data-end=\"667\"><strong data-start=\"527\" data-end=\"543\">Benutzungen:<\/strong><br \/>\nSie k\u00f6nnen es mit Butter auf Brot servieren oder in Kuchen- und Geb\u00e4ckf\u00fcllungen verwenden, und es verleiht Joghurt oder Haferflocken eine k\u00f6stliche nat\u00fcrliche Note.  <\/p>\n<p data-start=\"669\" data-end=\"724\"><strong data-start=\"669\" data-end=\"686\">Nettogewicht:<\/strong> 775 g<br data-start=\"695\" data-end=\"698\"><strong data-start=\"698\" data-end=\"719\">Hersteller:<\/strong> Lara<\/p>\n<p data-start=\"726\" data-end=\"827\"><strong data-start=\"726\" data-end=\"756\">Lara&#8217;s Mashed Fig Jam<\/strong> ist die perfekte Wahl f\u00fcr einen authentischen Feigengeschmack mit einer glatten Textur und ist einfach zu verwenden.<\/p>\n<\/li>\n<\/ul>\n","protected":false},"excerpt":{"rendered":"<p><strong>Lara P\u00fcrierte Feigenmarmelade 775g<\/strong><\/p>\n<ul>\n<li>\n<p data-start=\"161\" data-end=\"354\">Genie\u00dfen Sie den reichen Geschmack reifer Feigen mit Lara-Marmeladenp\u00fcree. Sorgf\u00e4ltig aus nat\u00fcrlichen Fr\u00fcchten hergestellt <\/p>\n<\/li>\n<\/ul>\n","protected":false},"featured_media":109620,"comment_status":"open","ping_status":"closed","template":"","meta":[],"product_brand":[2324],"product_cat":[245,258],"product_tag":[],"class_list":{"0":"post-105979","1":"product","2":"type-product","3":"status-publish","4":"has-post-thumbnail","6":"product_brand-lara-de","7":"product_cat-konserven-lebensmittel","8":"product_cat-marmelade-und-honig","10":"first","11":"outofstock","12":"taxable","13":"shipping-taxable","14":"purchasable","15":"product-type-simple"},"yoast_head":"<!-- This site is optimized with the Yoast SEO Premium plugin v26.5 (Yoast SEO v27.4) - https:\/\/yoast.com\/product\/yoast-seo-premium-wordpress\/ -->\n<title>Lara P\u00fcrierte Feigenmarmelade 775g - Yasmin Food<\/title>\n<meta name=\"description\" content=\"Genie\u00dfen Sie k\u00f6stliche Aromen mit Lara P\u00fcree Feigenmarmelade 775g. Seine weiche Textur ist perfekt, um Ihr Fr\u00fchst\u00fcck zu etwas Besonderem zu machen, probieren Sie es jetzt aus! Lara P\u00fcrierte Feigenmarmelade 775g\" \/>\n<meta name=\"robots\" content=\"index, follow, max-snippet:-1, max-image-preview:large, max-video-preview:-1\" \/>\n<link rel=\"canonical\" href=\"https:\/\/yasminfood.ch\/de\/product\/lara-feigenmarmelade-800g\/\" \/>\n<meta property=\"og:locale\" content=\"de_DE\" \/>\n<meta property=\"og:type\" content=\"article\" \/>\n<meta property=\"og:title\" content=\"Lara P\u00fcrierte Feigenmarmelade 775g\" \/>\n<meta property=\"og:description\" content=\"Lara P\u00fcrierte Feigenmarmelade 775g   Genie\u00dfen Sie den reichen Geschmack reifer Feigen mit Lara-Marmeladenp\u00fcree. Sorgf\u00e4ltig aus nat\u00fcrlichen Fr\u00fcchten hergestellt\" \/>\n<meta property=\"og:url\" content=\"https:\/\/yasminfood.ch\/de\/product\/lara-feigenmarmelade-800g\/\" \/>\n<meta property=\"og:site_name\" content=\"Yasmin Food\" \/>\n<meta property=\"article:publisher\" content=\"https:\/\/www.facebook.com\/yasminmarkt1\" \/>\n<meta property=\"article:modified_time\" content=\"2025-07-30T21:58:12+00:00\" \/>\n<meta property=\"og:image\" content=\"https:\/\/yasminfood.ch\/wp-content\/uploads\/2024\/02\/\u0645\u0631\u0628\u0649-\u0627\u0644\u062a\u064a\u0646-\u0645\u0647\u0631\u0648\u0633-\u0644\u0627\u0631\u0627-800\u063a-2.png\" \/>\n\t<meta property=\"og:image:width\" content=\"1080\" \/>\n\t<meta property=\"og:image:height\" content=\"1080\" \/>\n\t<meta property=\"og:image:type\" content=\"image\/png\" \/>\n<meta name=\"twitter:card\" content=\"summary_large_image\" \/>\n<meta name=\"twitter:label1\" content=\"Preis\" \/>\n\t<meta name=\"twitter:data1\" content=\"7.95&nbsp;&#067;&#072;&#070;\" \/>\n\t<meta name=\"twitter:label2\" content=\"Verf\u00fcgbarkeit\" \/>\n\t<meta name=\"twitter:data2\" content=\"ausverkauft\" \/>\n<script type=\"application\/ld+json\" class=\"yoast-schema-graph\">{\"@context\":\"https:\\\/\\\/schema.org\",\"@graph\":[{\"@type\":\"WebPage\",\"@id\":\"https:\\\/\\\/yasminfood.ch\\\/de\\\/product\\\/lara-feigenmarmelade-800g\\\/\",\"url\":\"https:\\\/\\\/yasminfood.ch\\\/de\\\/product\\\/lara-feigenmarmelade-800g\\\/\",\"name\":\"Lara P\u00fcrierte Feigenmarmelade 775g - Yasmin Food\",\"isPartOf\":{\"@id\":\"https:\\\/\\\/yasminfood.ch\\\/de\\\/#website\"},\"primaryImageOfPage\":{\"@id\":\"https:\\\/\\\/yasminfood.ch\\\/de\\\/product\\\/lara-feigenmarmelade-800g\\\/#primaryimage\"},\"image\":{\"@id\":\"https:\\\/\\\/yasminfood.ch\\\/de\\\/product\\\/lara-feigenmarmelade-800g\\\/#primaryimage\"},\"thumbnailUrl\":\"https:\\\/\\\/yasminfood.ch\\\/wp-content\\\/uploads\\\/2024\\\/02\\\/\u0645\u0631\u0628\u0649-\u0627\u0644\u062a\u064a\u0646-\u0645\u0647\u0631\u0648\u0633-\u0644\u0627\u0631\u0627-800\u063a-2.png\",\"datePublished\":\"2024-02-22T16:16:34+00:00\",\"dateModified\":\"2025-07-30T21:58:12+00:00\",\"description\":\"Genie\u00dfen Sie k\u00f6stliche Aromen mit Lara P\u00fcree Feigenmarmelade 775g. Seine weiche Textur ist perfekt, um Ihr Fr\u00fchst\u00fcck zu etwas Besonderem zu machen, probieren Sie es jetzt aus! Lara P\u00fcrierte Feigenmarmelade 775g\",\"breadcrumb\":{\"@id\":\"https:\\\/\\\/yasminfood.ch\\\/de\\\/product\\\/lara-feigenmarmelade-800g\\\/#breadcrumb\"},\"inLanguage\":\"de\",\"potentialAction\":[{\"@type\":\"ReadAction\",\"target\":[\"https:\\\/\\\/yasminfood.ch\\\/de\\\/product\\\/lara-feigenmarmelade-800g\\\/\"]}]},{\"@type\":\"ImageObject\",\"inLanguage\":\"de\",\"@id\":\"https:\\\/\\\/yasminfood.ch\\\/de\\\/product\\\/lara-feigenmarmelade-800g\\\/#primaryimage\",\"url\":\"https:\\\/\\\/yasminfood.ch\\\/wp-content\\\/uploads\\\/2024\\\/02\\\/\u0645\u0631\u0628\u0649-\u0627\u0644\u062a\u064a\u0646-\u0645\u0647\u0631\u0648\u0633-\u0644\u0627\u0631\u0627-800\u063a-2.png\",\"contentUrl\":\"https:\\\/\\\/yasminfood.ch\\\/wp-content\\\/uploads\\\/2024\\\/02\\\/\u0645\u0631\u0628\u0649-\u0627\u0644\u062a\u064a\u0646-\u0645\u0647\u0631\u0648\u0633-\u0644\u0627\u0631\u0627-800\u063a-2.png\",\"width\":1080,\"height\":1080},{\"@type\":\"BreadcrumbList\",\"@id\":\"https:\\\/\\\/yasminfood.ch\\\/de\\\/product\\\/lara-feigenmarmelade-800g\\\/#breadcrumb\",\"itemListElement\":[{\"@type\":\"ListItem\",\"position\":1,\"name\":\"\u0627\u0644\u0631\u0626\u064a\u0633\u064a\u0629\",\"item\":\"https:\\\/\\\/yasminfood.ch\\\/de\\\/zuhause\\\/\"},{\"@type\":\"ListItem\",\"position\":2,\"name\":\"Shop\",\"item\":\"https:\\\/\\\/yasminfood.ch\\\/de\\\/shop\\\/\"},{\"@type\":\"ListItem\",\"position\":3,\"name\":\"Konserven - Lebensmittel\",\"item\":\"https:\\\/\\\/yasminfood.ch\\\/de\\\/produkt-kategorie\\\/konserven-lebensmittel\\\/\"},{\"@type\":\"ListItem\",\"position\":4,\"name\":\"Marmelade und Honig\",\"item\":\"https:\\\/\\\/yasminfood.ch\\\/de\\\/produkt-kategorie\\\/konserven-lebensmittel\\\/marmelade-und-honig\\\/\"},{\"@type\":\"ListItem\",\"position\":5,\"name\":\"Lara P\u00fcrierte Feigenmarmelade 775g\"}]},{\"@type\":\"WebSite\",\"@id\":\"https:\\\/\\\/yasminfood.ch\\\/de\\\/#website\",\"url\":\"https:\\\/\\\/yasminfood.ch\\\/de\\\/\",\"name\":\"\u064a\u0627\u0633\u0645\u064a\u0646 \u0645\u0627\u0631\u0643\u062a\",\"description\":\"Alles, was Sie brauchen, an einem Ort\",\"publisher\":{\"@id\":\"https:\\\/\\\/yasminfood.ch\\\/de\\\/#organization\"},\"alternateName\":\"Yasmin Food\",\"potentialAction\":[{\"@type\":\"SearchAction\",\"target\":{\"@type\":\"EntryPoint\",\"urlTemplate\":\"https:\\\/\\\/yasminfood.ch\\\/de\\\/?s={search_term_string}\"},\"query-input\":{\"@type\":\"PropertyValueSpecification\",\"valueRequired\":true,\"valueName\":\"search_term_string\"}}],\"inLanguage\":\"de\"},{\"@type\":\"Organization\",\"@id\":\"https:\\\/\\\/yasminfood.ch\\\/de\\\/#organization\",\"name\":\"\u064a\u0627\u0633\u0645\u064a\u0646 \u0645\u0627\u0631\u0643\u062a\",\"alternateName\":\"Yasmin Food\",\"url\":\"https:\\\/\\\/yasminfood.ch\\\/de\\\/\",\"logo\":{\"@type\":\"ImageObject\",\"inLanguage\":\"de\",\"@id\":\"https:\\\/\\\/yasminfood.ch\\\/de\\\/#\\\/schema\\\/logo\\\/image\\\/\",\"url\":\"https:\\\/\\\/yasminfood.ch\\\/wp-content\\\/uploads\\\/2025\\\/05\\\/yasmin-food-header-logo.png\",\"contentUrl\":\"https:\\\/\\\/yasminfood.ch\\\/wp-content\\\/uploads\\\/2025\\\/05\\\/yasmin-food-header-logo.png\",\"width\":330,\"height\":120,\"caption\":\"\u064a\u0627\u0633\u0645\u064a\u0646 \u0645\u0627\u0631\u0643\u062a\"},\"image\":{\"@id\":\"https:\\\/\\\/yasminfood.ch\\\/de\\\/#\\\/schema\\\/logo\\\/image\\\/\"},\"sameAs\":[\"https:\\\/\\\/www.facebook.com\\\/yasminmarkt1\",\"https:\\\/\\\/www.tiktok.com\\\/@yasminmarkt\",\"https:\\\/\\\/www.instagram.com\\\/yasmin.markt1\\\/\",\"https:\\\/\\\/api.whatsapp.com\\\/send\\\/?phone=41799000104\"],\"publishingPrinciples\":\"https:\\\/\\\/yasminfood.ch\\\/de\\\/shop\\\/\",\"ownershipFundingInfo\":\"https:\\\/\\\/yasminfood.ch\\\/de\\\/shop\\\/\"}]}<\/script>\n<meta property=\"product:price:amount\" content=\"7.95\" \/>\n<meta property=\"product:price:currency\" content=\"CHF\" \/>\n<meta property=\"og:availability\" content=\"out of stock\" \/>\n<meta property=\"product:availability\" content=\"out of stock\" \/>\n<meta property=\"product:condition\" content=\"new\" \/>\n<!-- \/ Yoast SEO Premium plugin. -->","yoast_head_json":{"title":"Lara P\u00fcrierte Feigenmarmelade 775g - Yasmin Food","description":"Genie\u00dfen Sie k\u00f6stliche Aromen mit Lara P\u00fcree Feigenmarmelade 775g. Seine weiche Textur ist perfekt, um Ihr Fr\u00fchst\u00fcck zu etwas Besonderem zu machen, probieren Sie es jetzt aus! Lara P\u00fcrierte Feigenmarmelade 775g","robots":{"index":"index","follow":"follow","max-snippet":"max-snippet:-1","max-image-preview":"max-image-preview:large","max-video-preview":"max-video-preview:-1"},"canonical":"https:\/\/yasminfood.ch\/de\/product\/lara-feigenmarmelade-800g\/","og_locale":"de_DE","og_type":"article","og_title":"Lara P\u00fcrierte Feigenmarmelade 775g","og_description":"Lara P\u00fcrierte Feigenmarmelade 775g   Genie\u00dfen Sie den reichen Geschmack reifer Feigen mit Lara-Marmeladenp\u00fcree. Sorgf\u00e4ltig aus nat\u00fcrlichen Fr\u00fcchten hergestellt","og_url":"https:\/\/yasminfood.ch\/de\/product\/lara-feigenmarmelade-800g\/","og_site_name":"Yasmin Food","article_publisher":"https:\/\/www.facebook.com\/yasminmarkt1","article_modified_time":"2025-07-30T21:58:12+00:00","og_image":[{"width":1080,"height":1080,"url":"https:\/\/yasminfood.ch\/wp-content\/uploads\/2024\/02\/\u0645\u0631\u0628\u0649-\u0627\u0644\u062a\u064a\u0646-\u0645\u0647\u0631\u0648\u0633-\u0644\u0627\u0631\u0627-800\u063a-2.png","type":"image\/png"}],"twitter_card":"summary_large_image","twitter_misc":{"Preis":"7.95&nbsp;&#67;&#72;&#70;","Verf\u00fcgbarkeit":"ausverkauft"},"schema":{"@context":"https:\/\/schema.org","@graph":[{"@type":"WebPage","@id":"https:\/\/yasminfood.ch\/de\/product\/lara-feigenmarmelade-800g\/","url":"https:\/\/yasminfood.ch\/de\/product\/lara-feigenmarmelade-800g\/","name":"Lara P\u00fcrierte Feigenmarmelade 775g - Yasmin Food","isPartOf":{"@id":"https:\/\/yasminfood.ch\/de\/#website"},"primaryImageOfPage":{"@id":"https:\/\/yasminfood.ch\/de\/product\/lara-feigenmarmelade-800g\/#primaryimage"},"image":{"@id":"https:\/\/yasminfood.ch\/de\/product\/lara-feigenmarmelade-800g\/#primaryimage"},"thumbnailUrl":"https:\/\/yasminfood.ch\/wp-content\/uploads\/2024\/02\/\u0645\u0631\u0628\u0649-\u0627\u0644\u062a\u064a\u0646-\u0645\u0647\u0631\u0648\u0633-\u0644\u0627\u0631\u0627-800\u063a-2.png","datePublished":"2024-02-22T16:16:34+00:00","dateModified":"2025-07-30T21:58:12+00:00","description":"Genie\u00dfen Sie k\u00f6stliche Aromen mit Lara P\u00fcree Feigenmarmelade 775g. Seine weiche Textur ist perfekt, um Ihr Fr\u00fchst\u00fcck zu etwas Besonderem zu machen, probieren Sie es jetzt aus! Lara P\u00fcrierte Feigenmarmelade 775g","breadcrumb":{"@id":"https:\/\/yasminfood.ch\/de\/product\/lara-feigenmarmelade-800g\/#breadcrumb"},"inLanguage":"de","potentialAction":[{"@type":"ReadAction","target":["https:\/\/yasminfood.ch\/de\/product\/lara-feigenmarmelade-800g\/"]}]},{"@type":"ImageObject","inLanguage":"de","@id":"https:\/\/yasminfood.ch\/de\/product\/lara-feigenmarmelade-800g\/#primaryimage","url":"https:\/\/yasminfood.ch\/wp-content\/uploads\/2024\/02\/\u0645\u0631\u0628\u0649-\u0627\u0644\u062a\u064a\u0646-\u0645\u0647\u0631\u0648\u0633-\u0644\u0627\u0631\u0627-800\u063a-2.png","contentUrl":"https:\/\/yasminfood.ch\/wp-content\/uploads\/2024\/02\/\u0645\u0631\u0628\u0649-\u0627\u0644\u062a\u064a\u0646-\u0645\u0647\u0631\u0648\u0633-\u0644\u0627\u0631\u0627-800\u063a-2.png","width":1080,"height":1080},{"@type":"BreadcrumbList","@id":"https:\/\/yasminfood.ch\/de\/product\/lara-feigenmarmelade-800g\/#breadcrumb","itemListElement":[{"@type":"ListItem","position":1,"name":"\u0627\u0644\u0631\u0626\u064a\u0633\u064a\u0629","item":"https:\/\/yasminfood.ch\/de\/zuhause\/"},{"@type":"ListItem","position":2,"name":"Shop","item":"https:\/\/yasminfood.ch\/de\/shop\/"},{"@type":"ListItem","position":3,"name":"Konserven - Lebensmittel","item":"https:\/\/yasminfood.ch\/de\/produkt-kategorie\/konserven-lebensmittel\/"},{"@type":"ListItem","position":4,"name":"Marmelade und Honig","item":"https:\/\/yasminfood.ch\/de\/produkt-kategorie\/konserven-lebensmittel\/marmelade-und-honig\/"},{"@type":"ListItem","position":5,"name":"Lara P\u00fcrierte Feigenmarmelade 775g"}]},{"@type":"WebSite","@id":"https:\/\/yasminfood.ch\/de\/#website","url":"https:\/\/yasminfood.ch\/de\/","name":"\u064a\u0627\u0633\u0645\u064a\u0646 \u0645\u0627\u0631\u0643\u062a","description":"Alles, was Sie brauchen, an einem Ort","publisher":{"@id":"https:\/\/yasminfood.ch\/de\/#organization"},"alternateName":"Yasmin Food","potentialAction":[{"@type":"SearchAction","target":{"@type":"EntryPoint","urlTemplate":"https:\/\/yasminfood.ch\/de\/?s={search_term_string}"},"query-input":{"@type":"PropertyValueSpecification","valueRequired":true,"valueName":"search_term_string"}}],"inLanguage":"de"},{"@type":"Organization","@id":"https:\/\/yasminfood.ch\/de\/#organization","name":"\u064a\u0627\u0633\u0645\u064a\u0646 \u0645\u0627\u0631\u0643\u062a","alternateName":"Yasmin Food","url":"https:\/\/yasminfood.ch\/de\/","logo":{"@type":"ImageObject","inLanguage":"de","@id":"https:\/\/yasminfood.ch\/de\/#\/schema\/logo\/image\/","url":"https:\/\/yasminfood.ch\/wp-content\/uploads\/2025\/05\/yasmin-food-header-logo.png","contentUrl":"https:\/\/yasminfood.ch\/wp-content\/uploads\/2025\/05\/yasmin-food-header-logo.png","width":330,"height":120,"caption":"\u064a\u0627\u0633\u0645\u064a\u0646 \u0645\u0627\u0631\u0643\u062a"},"image":{"@id":"https:\/\/yasminfood.ch\/de\/#\/schema\/logo\/image\/"},"sameAs":["https:\/\/www.facebook.com\/yasminmarkt1","https:\/\/www.tiktok.com\/@yasminmarkt","https:\/\/www.instagram.com\/yasmin.markt1\/","https:\/\/api.whatsapp.com\/send\/?phone=41799000104"],"publishingPrinciples":"https:\/\/yasminfood.ch\/de\/shop\/","ownershipFundingInfo":"https:\/\/yasminfood.ch\/de\/shop\/"}]},"product_price_amount":"7.95","product_price_currency":"CHF","og_availability":"out of stock","product_availability":"out of stock","product_condition":"new"},"jetpack_sharing_enabled":true,"_links":{"self":[{"href":"https:\/\/yasminfood.ch\/de\/wp-json\/wp\/v2\/product\/105979","targetHints":{"allow":["GET"]}}],"collection":[{"href":"https:\/\/yasminfood.ch\/de\/wp-json\/wp\/v2\/product"}],"about":[{"href":"https:\/\/yasminfood.ch\/de\/wp-json\/wp\/v2\/types\/product"}],"replies":[{"embeddable":true,"href":"https:\/\/yasminfood.ch\/de\/wp-json\/wp\/v2\/comments?post=105979"}],"version-history":[{"count":1,"href":"https:\/\/yasminfood.ch\/de\/wp-json\/wp\/v2\/product\/105979\/revisions"}],"predecessor-version":[{"id":118596,"href":"https:\/\/yasminfood.ch\/de\/wp-json\/wp\/v2\/product\/105979\/revisions\/118596"}],"wp:featuredmedia":[{"embeddable":true,"href":"https:\/\/yasminfood.ch\/de\/wp-json\/wp\/v2\/media\/109620"}],"wp:attachment":[{"href":"https:\/\/yasminfood.ch\/de\/wp-json\/wp\/v2\/media?parent=105979"}],"wp:term":[{"taxonomy":"product_brand","embeddable":true,"href":"https:\/\/yasminfood.ch\/de\/wp-json\/wp\/v2\/product_brand?post=105979"},{"taxonomy":"product_cat","embeddable":true,"href":"https:\/\/yasminfood.ch\/de\/wp-json\/wp\/v2\/product_cat?post=105979"},{"taxonomy":"product_tag","embeddable":true,"href":"https:\/\/yasminfood.ch\/de\/wp-json\/wp\/v2\/product_tag?post=105979"}],"curies":[{"name":"wp","href":"https:\/\/api.w.org\/{rel}","templated":true}]}}