{"id":106080,"date":"2024-02-22T18:52:46","date_gmt":"2024-02-22T17:52:46","guid":{"rendered":"https:\/\/yasminfood.ch\/product\/habu-fadennudeln-1000-gramm\/"},"modified":"2025-06-20T00:50:07","modified_gmt":"2025-06-19T22:50:07","slug":"habu-fadennudeln-1000-gramm","status":"publish","type":"product","link":"https:\/\/yasminfood.ch\/de\/product\/habu-fadennudeln-1000-gramm\/","title":{"rendered":"Happo Vermicelli 1 Kg"},"content":{"rendered":"<p><strong>Habu Fadennudeln 1 kg <\/strong><strong data-start=\"71\" data-end=\"128\">von hoher Qualit\u00e4t, um die leckersten Gerichte zuzubereiten<\/strong><\/p>\n<p data-start=\"130\" data-end=\"302\">W\u00e4hlen Sie den perfekten Geschmack und die perfekte Textur dank seiner hohen Qualit\u00e4t und Benutzerfreundlichkeit,<\/p>\n<p data-start=\"130\" data-end=\"302\">Es ist die ideale Wahl f\u00fcr die Zubereitung von Suppen, Desserts oder traditionellen orientalischen Rezepten. <\/p>\n<h4 data-start=\"304\" data-end=\"320\">\u2705 Funktionen:<\/h4>\n<ul data-start=\"321\" data-end=\"482\">\n<li data-start=\"321\" data-end=\"363\">\n<p data-start=\"323\" data-end=\"363\">1 kg d\u00fcnne goldene Fadennudeln<\/p>\n<\/li>\n<li data-start=\"364\" data-end=\"394\">\n<p data-start=\"366\" data-end=\"394\">Hergestellt aus feinstem Weizen<\/p>\n<\/li>\n<li data-start=\"395\" data-end=\"441\">\n<p data-start=\"397\" data-end=\"441\">Ideal zum schnellen und bequemen Kochen aller Gerichte<\/p>\n<\/li>\n<li data-start=\"442\" data-end=\"482\">\n<p data-start=\"444\" data-end=\"482\">Klebt beim Kochen nicht und beh\u00e4lt seine Textur<\/p>\n<\/li>\n<\/ul>\n","protected":false},"excerpt":{"rendered":"<p class=\"ai-optimize-26 ai-optimize-introduction\"><strong>Habu Fadennudeln 1 kg <\/strong><strong data-start=\"71\" data-end=\"128\">von hoher Qualit\u00e4t, um die leckersten Gerichte zuzubereiten<\/strong><\/p>\n<p class=\"ai-optimize-31\" data-start=\"130\" data-end=\"302\">W\u00e4hlen Sie den perfekten Geschmack und die perfekte Textur dank seiner hohen Qualit\u00e4t und Benutzerfreundlichkeit,<\/p>\n<p class=\"ai-optimize-31\" data-start=\"130\" data-end=\"302\">Es ist die ideale Wahl f\u00fcr die Zubereitung von Suppen, Desserts oder traditionellen orientalischen Rezepten. <\/p>\n","protected":false},"featured_media":117098,"comment_status":"open","ping_status":"closed","template":"","meta":[],"product_brand":[],"product_cat":[331,317],"product_tag":[],"class_list":{"0":"post-106080","1":"product","2":"type-product","3":"status-publish","4":"has-post-thumbnail","6":"product_cat-fadennudeln","7":"product_cat-nudeln-instant-fadennudeln","9":"first","10":"outofstock","11":"taxable","12":"shipping-taxable","13":"purchasable","14":"product-type-simple"},"yoast_head":"<!-- This site is optimized with the Yoast SEO Premium plugin v26.5 (Yoast SEO v27.5) - https:\/\/yoast.com\/product\/yoast-seo-premium-wordpress\/ -->\n<title>Happo Vermicelli 1 Kg - Yasmin Food<\/title>\n<meta name=\"description\" content=\"Genie\u00dfen Sie die Zubereitung k\u00f6stlicher Gerichte mit den hochwertigen Happo 1 kg Fadennudeln. Probieren Sie es jetzt aus und genie\u00dfen Sie den perfekten Geschmack und die perfekte Textur! Yasmin Food\" \/>\n<meta name=\"robots\" content=\"index, follow, max-snippet:-1, max-image-preview:large, max-video-preview:-1\" \/>\n<link rel=\"canonical\" href=\"https:\/\/yasminfood.ch\/de\/product\/habu-fadennudeln-1000-gramm\/\" \/>\n<meta property=\"og:locale\" content=\"de_DE\" \/>\n<meta property=\"og:type\" content=\"article\" \/>\n<meta property=\"og:title\" content=\"Happo Vermicelli 1 Kg\" \/>\n<meta property=\"og:description\" content=\"Habu Fadennudeln 1 kg von hoher Qualit\u00e4t, um die leckersten Gerichte zuzubereiten W\u00e4hlen Sie den perfekten Geschmack und die perfekte Textur dank seiner hohen Qualit\u00e4t und Benutzerfreundlichkeit, Es ist die ideale Wahl f\u00fcr die Zubereitung von Suppen, Desserts oder traditionellen orientalischen Rezepten.\" \/>\n<meta property=\"og:url\" content=\"https:\/\/yasminfood.ch\/de\/product\/habu-fadennudeln-1000-gramm\/\" \/>\n<meta property=\"og:site_name\" content=\"Yasmin Food\" \/>\n<meta property=\"article:publisher\" content=\"https:\/\/www.facebook.com\/yasminmarkt1\" \/>\n<meta property=\"article:modified_time\" content=\"2025-06-19T22:50:07+00:00\" \/>\n<meta property=\"og:image\" content=\"https:\/\/yasminfood.ch\/wp-content\/uploads\/2024\/02\/\u0634\u0639\u064a\u0631\u064a\u0629-\u0647\u0627\u0628\u0648-1-\u0643\u064a\u0644\u0648-.png\" \/>\n\t<meta property=\"og:image:width\" content=\"1080\" \/>\n\t<meta property=\"og:image:height\" content=\"1080\" \/>\n\t<meta property=\"og:image:type\" content=\"image\/png\" \/>\n<meta name=\"twitter:card\" content=\"summary_large_image\" \/>\n<meta name=\"twitter:label1\" content=\"Preis\" \/>\n\t<meta name=\"twitter:data1\" content=\"3.50&nbsp;&#067;&#072;&#070;\" \/>\n\t<meta name=\"twitter:label2\" content=\"Verf\u00fcgbarkeit\" \/>\n\t<meta name=\"twitter:data2\" content=\"ausverkauft\" \/>\n<script type=\"application\/ld+json\" class=\"yoast-schema-graph\">{\"@context\":\"https:\\\/\\\/schema.org\",\"@graph\":[{\"@type\":\"WebPage\",\"@id\":\"https:\\\/\\\/yasminfood.ch\\\/de\\\/product\\\/habu-fadennudeln-1000-gramm\\\/\",\"url\":\"https:\\\/\\\/yasminfood.ch\\\/de\\\/product\\\/habu-fadennudeln-1000-gramm\\\/\",\"name\":\"Happo Vermicelli 1 Kg - Yasmin Food\",\"isPartOf\":{\"@id\":\"https:\\\/\\\/yasminfood.ch\\\/de\\\/#website\"},\"primaryImageOfPage\":{\"@id\":\"https:\\\/\\\/yasminfood.ch\\\/de\\\/product\\\/habu-fadennudeln-1000-gramm\\\/#primaryimage\"},\"image\":{\"@id\":\"https:\\\/\\\/yasminfood.ch\\\/de\\\/product\\\/habu-fadennudeln-1000-gramm\\\/#primaryimage\"},\"thumbnailUrl\":\"https:\\\/\\\/yasminfood.ch\\\/wp-content\\\/uploads\\\/2024\\\/02\\\/\u0634\u0639\u064a\u0631\u064a\u0629-\u0647\u0627\u0628\u0648-1-\u0643\u064a\u0644\u0648-.png\",\"datePublished\":\"2024-02-22T17:52:46+00:00\",\"dateModified\":\"2025-06-19T22:50:07+00:00\",\"description\":\"Genie\u00dfen Sie die Zubereitung k\u00f6stlicher Gerichte mit den hochwertigen Happo 1 kg Fadennudeln. Probieren Sie es jetzt aus und genie\u00dfen Sie den perfekten Geschmack und die perfekte Textur! Yasmin Food\",\"breadcrumb\":{\"@id\":\"https:\\\/\\\/yasminfood.ch\\\/de\\\/product\\\/habu-fadennudeln-1000-gramm\\\/#breadcrumb\"},\"inLanguage\":\"de\",\"potentialAction\":[{\"@type\":\"ReadAction\",\"target\":[\"https:\\\/\\\/yasminfood.ch\\\/de\\\/product\\\/habu-fadennudeln-1000-gramm\\\/\"]}]},{\"@type\":\"ImageObject\",\"inLanguage\":\"de\",\"@id\":\"https:\\\/\\\/yasminfood.ch\\\/de\\\/product\\\/habu-fadennudeln-1000-gramm\\\/#primaryimage\",\"url\":\"https:\\\/\\\/yasminfood.ch\\\/wp-content\\\/uploads\\\/2024\\\/02\\\/\u0634\u0639\u064a\u0631\u064a\u0629-\u0647\u0627\u0628\u0648-1-\u0643\u064a\u0644\u0648-.png\",\"contentUrl\":\"https:\\\/\\\/yasminfood.ch\\\/wp-content\\\/uploads\\\/2024\\\/02\\\/\u0634\u0639\u064a\u0631\u064a\u0629-\u0647\u0627\u0628\u0648-1-\u0643\u064a\u0644\u0648-.png\",\"width\":1080,\"height\":1080,\"caption\":\"Happo Vermicelli 1 Kg\"},{\"@type\":\"BreadcrumbList\",\"@id\":\"https:\\\/\\\/yasminfood.ch\\\/de\\\/product\\\/habu-fadennudeln-1000-gramm\\\/#breadcrumb\",\"itemListElement\":[{\"@type\":\"ListItem\",\"position\":1,\"name\":\"\u0627\u0644\u0631\u0626\u064a\u0633\u064a\u0629\",\"item\":\"https:\\\/\\\/yasminfood.ch\\\/de\\\/zuhause\\\/\"},{\"@type\":\"ListItem\",\"position\":2,\"name\":\"Shop\",\"item\":\"https:\\\/\\\/yasminfood.ch\\\/de\\\/shop\\\/\"},{\"@type\":\"ListItem\",\"position\":3,\"name\":\"Nudeln &amp; Instant-Fadennudeln\",\"item\":\"https:\\\/\\\/yasminfood.ch\\\/de\\\/produkt-kategorie\\\/nudeln-instant-fadennudeln\\\/\"},{\"@type\":\"ListItem\",\"position\":4,\"name\":\"Happo Vermicelli 1 Kg\"}]},{\"@type\":\"WebSite\",\"@id\":\"https:\\\/\\\/yasminfood.ch\\\/de\\\/#website\",\"url\":\"https:\\\/\\\/yasminfood.ch\\\/de\\\/\",\"name\":\"\u064a\u0627\u0633\u0645\u064a\u0646 \u0645\u0627\u0631\u0643\u062a\",\"description\":\"Alles, was Sie brauchen, an einem Ort\",\"publisher\":{\"@id\":\"https:\\\/\\\/yasminfood.ch\\\/de\\\/#organization\"},\"alternateName\":\"Yasmin Food\",\"potentialAction\":[{\"@type\":\"SearchAction\",\"target\":{\"@type\":\"EntryPoint\",\"urlTemplate\":\"https:\\\/\\\/yasminfood.ch\\\/de\\\/?s={search_term_string}\"},\"query-input\":{\"@type\":\"PropertyValueSpecification\",\"valueRequired\":true,\"valueName\":\"search_term_string\"}}],\"inLanguage\":\"de\"},{\"@type\":\"Organization\",\"@id\":\"https:\\\/\\\/yasminfood.ch\\\/de\\\/#organization\",\"name\":\"\u064a\u0627\u0633\u0645\u064a\u0646 \u0645\u0627\u0631\u0643\u062a\",\"alternateName\":\"Yasmin Food\",\"url\":\"https:\\\/\\\/yasminfood.ch\\\/de\\\/\",\"logo\":{\"@type\":\"ImageObject\",\"inLanguage\":\"de\",\"@id\":\"https:\\\/\\\/yasminfood.ch\\\/de\\\/#\\\/schema\\\/logo\\\/image\\\/\",\"url\":\"https:\\\/\\\/yasminfood.ch\\\/wp-content\\\/uploads\\\/2025\\\/05\\\/yasmin-food-header-logo.png\",\"contentUrl\":\"https:\\\/\\\/yasminfood.ch\\\/wp-content\\\/uploads\\\/2025\\\/05\\\/yasmin-food-header-logo.png\",\"width\":330,\"height\":120,\"caption\":\"\u064a\u0627\u0633\u0645\u064a\u0646 \u0645\u0627\u0631\u0643\u062a\"},\"image\":{\"@id\":\"https:\\\/\\\/yasminfood.ch\\\/de\\\/#\\\/schema\\\/logo\\\/image\\\/\"},\"sameAs\":[\"https:\\\/\\\/www.facebook.com\\\/yasminmarkt1\",\"https:\\\/\\\/www.tiktok.com\\\/@yasminmarkt\",\"https:\\\/\\\/www.instagram.com\\\/yasmin.markt1\\\/\",\"https:\\\/\\\/api.whatsapp.com\\\/send\\\/?phone=41799000104\"],\"publishingPrinciples\":\"https:\\\/\\\/yasminfood.ch\\\/de\\\/shop\\\/\",\"ownershipFundingInfo\":\"https:\\\/\\\/yasminfood.ch\\\/de\\\/shop\\\/\"}]}<\/script>\n<meta property=\"product:price:amount\" content=\"3.50\" \/>\n<meta property=\"product:price:currency\" content=\"CHF\" \/>\n<meta property=\"og:availability\" content=\"out of stock\" \/>\n<meta property=\"product:availability\" content=\"out of stock\" \/>\n<meta property=\"product:condition\" content=\"new\" \/>\n<!-- \/ Yoast SEO Premium plugin. -->","yoast_head_json":{"title":"Happo Vermicelli 1 Kg - Yasmin Food","description":"Genie\u00dfen Sie die Zubereitung k\u00f6stlicher Gerichte mit den hochwertigen Happo 1 kg Fadennudeln. Probieren Sie es jetzt aus und genie\u00dfen Sie den perfekten Geschmack und die perfekte Textur! Yasmin Food","robots":{"index":"index","follow":"follow","max-snippet":"max-snippet:-1","max-image-preview":"max-image-preview:large","max-video-preview":"max-video-preview:-1"},"canonical":"https:\/\/yasminfood.ch\/de\/product\/habu-fadennudeln-1000-gramm\/","og_locale":"de_DE","og_type":"article","og_title":"Happo Vermicelli 1 Kg","og_description":"Habu Fadennudeln 1 kg von hoher Qualit\u00e4t, um die leckersten Gerichte zuzubereiten W\u00e4hlen Sie den perfekten Geschmack und die perfekte Textur dank seiner hohen Qualit\u00e4t und Benutzerfreundlichkeit, Es ist die ideale Wahl f\u00fcr die Zubereitung von Suppen, Desserts oder traditionellen orientalischen Rezepten.","og_url":"https:\/\/yasminfood.ch\/de\/product\/habu-fadennudeln-1000-gramm\/","og_site_name":"Yasmin Food","article_publisher":"https:\/\/www.facebook.com\/yasminmarkt1","article_modified_time":"2025-06-19T22:50:07+00:00","og_image":[{"width":1080,"height":1080,"url":"https:\/\/yasminfood.ch\/wp-content\/uploads\/2024\/02\/\u0634\u0639\u064a\u0631\u064a\u0629-\u0647\u0627\u0628\u0648-1-\u0643\u064a\u0644\u0648-.png","type":"image\/png"}],"twitter_card":"summary_large_image","twitter_misc":{"Preis":"3.50&nbsp;&#67;&#72;&#70;","Verf\u00fcgbarkeit":"ausverkauft"},"schema":{"@context":"https:\/\/schema.org","@graph":[{"@type":"WebPage","@id":"https:\/\/yasminfood.ch\/de\/product\/habu-fadennudeln-1000-gramm\/","url":"https:\/\/yasminfood.ch\/de\/product\/habu-fadennudeln-1000-gramm\/","name":"Happo Vermicelli 1 Kg - Yasmin Food","isPartOf":{"@id":"https:\/\/yasminfood.ch\/de\/#website"},"primaryImageOfPage":{"@id":"https:\/\/yasminfood.ch\/de\/product\/habu-fadennudeln-1000-gramm\/#primaryimage"},"image":{"@id":"https:\/\/yasminfood.ch\/de\/product\/habu-fadennudeln-1000-gramm\/#primaryimage"},"thumbnailUrl":"https:\/\/yasminfood.ch\/wp-content\/uploads\/2024\/02\/\u0634\u0639\u064a\u0631\u064a\u0629-\u0647\u0627\u0628\u0648-1-\u0643\u064a\u0644\u0648-.png","datePublished":"2024-02-22T17:52:46+00:00","dateModified":"2025-06-19T22:50:07+00:00","description":"Genie\u00dfen Sie die Zubereitung k\u00f6stlicher Gerichte mit den hochwertigen Happo 1 kg Fadennudeln. Probieren Sie es jetzt aus und genie\u00dfen Sie den perfekten Geschmack und die perfekte Textur! Yasmin Food","breadcrumb":{"@id":"https:\/\/yasminfood.ch\/de\/product\/habu-fadennudeln-1000-gramm\/#breadcrumb"},"inLanguage":"de","potentialAction":[{"@type":"ReadAction","target":["https:\/\/yasminfood.ch\/de\/product\/habu-fadennudeln-1000-gramm\/"]}]},{"@type":"ImageObject","inLanguage":"de","@id":"https:\/\/yasminfood.ch\/de\/product\/habu-fadennudeln-1000-gramm\/#primaryimage","url":"https:\/\/yasminfood.ch\/wp-content\/uploads\/2024\/02\/\u0634\u0639\u064a\u0631\u064a\u0629-\u0647\u0627\u0628\u0648-1-\u0643\u064a\u0644\u0648-.png","contentUrl":"https:\/\/yasminfood.ch\/wp-content\/uploads\/2024\/02\/\u0634\u0639\u064a\u0631\u064a\u0629-\u0647\u0627\u0628\u0648-1-\u0643\u064a\u0644\u0648-.png","width":1080,"height":1080,"caption":"Happo Vermicelli 1 Kg"},{"@type":"BreadcrumbList","@id":"https:\/\/yasminfood.ch\/de\/product\/habu-fadennudeln-1000-gramm\/#breadcrumb","itemListElement":[{"@type":"ListItem","position":1,"name":"\u0627\u0644\u0631\u0626\u064a\u0633\u064a\u0629","item":"https:\/\/yasminfood.ch\/de\/zuhause\/"},{"@type":"ListItem","position":2,"name":"Shop","item":"https:\/\/yasminfood.ch\/de\/shop\/"},{"@type":"ListItem","position":3,"name":"Nudeln &amp; Instant-Fadennudeln","item":"https:\/\/yasminfood.ch\/de\/produkt-kategorie\/nudeln-instant-fadennudeln\/"},{"@type":"ListItem","position":4,"name":"Happo Vermicelli 1 Kg"}]},{"@type":"WebSite","@id":"https:\/\/yasminfood.ch\/de\/#website","url":"https:\/\/yasminfood.ch\/de\/","name":"\u064a\u0627\u0633\u0645\u064a\u0646 \u0645\u0627\u0631\u0643\u062a","description":"Alles, was Sie brauchen, an einem Ort","publisher":{"@id":"https:\/\/yasminfood.ch\/de\/#organization"},"alternateName":"Yasmin Food","potentialAction":[{"@type":"SearchAction","target":{"@type":"EntryPoint","urlTemplate":"https:\/\/yasminfood.ch\/de\/?s={search_term_string}"},"query-input":{"@type":"PropertyValueSpecification","valueRequired":true,"valueName":"search_term_string"}}],"inLanguage":"de"},{"@type":"Organization","@id":"https:\/\/yasminfood.ch\/de\/#organization","name":"\u064a\u0627\u0633\u0645\u064a\u0646 \u0645\u0627\u0631\u0643\u062a","alternateName":"Yasmin Food","url":"https:\/\/yasminfood.ch\/de\/","logo":{"@type":"ImageObject","inLanguage":"de","@id":"https:\/\/yasminfood.ch\/de\/#\/schema\/logo\/image\/","url":"https:\/\/yasminfood.ch\/wp-content\/uploads\/2025\/05\/yasmin-food-header-logo.png","contentUrl":"https:\/\/yasminfood.ch\/wp-content\/uploads\/2025\/05\/yasmin-food-header-logo.png","width":330,"height":120,"caption":"\u064a\u0627\u0633\u0645\u064a\u0646 \u0645\u0627\u0631\u0643\u062a"},"image":{"@id":"https:\/\/yasminfood.ch\/de\/#\/schema\/logo\/image\/"},"sameAs":["https:\/\/www.facebook.com\/yasminmarkt1","https:\/\/www.tiktok.com\/@yasminmarkt","https:\/\/www.instagram.com\/yasmin.markt1\/","https:\/\/api.whatsapp.com\/send\/?phone=41799000104"],"publishingPrinciples":"https:\/\/yasminfood.ch\/de\/shop\/","ownershipFundingInfo":"https:\/\/yasminfood.ch\/de\/shop\/"}]},"product_price_amount":"3.50","product_price_currency":"CHF","og_availability":"out of stock","product_availability":"out of stock","product_condition":"new"},"jetpack_sharing_enabled":true,"_links":{"self":[{"href":"https:\/\/yasminfood.ch\/de\/wp-json\/wp\/v2\/product\/106080","targetHints":{"allow":["GET"]}}],"collection":[{"href":"https:\/\/yasminfood.ch\/de\/wp-json\/wp\/v2\/product"}],"about":[{"href":"https:\/\/yasminfood.ch\/de\/wp-json\/wp\/v2\/types\/product"}],"replies":[{"embeddable":true,"href":"https:\/\/yasminfood.ch\/de\/wp-json\/wp\/v2\/comments?post=106080"}],"version-history":[{"count":1,"href":"https:\/\/yasminfood.ch\/de\/wp-json\/wp\/v2\/product\/106080\/revisions"}],"predecessor-version":[{"id":117102,"href":"https:\/\/yasminfood.ch\/de\/wp-json\/wp\/v2\/product\/106080\/revisions\/117102"}],"wp:featuredmedia":[{"embeddable":true,"href":"https:\/\/yasminfood.ch\/de\/wp-json\/wp\/v2\/media\/117098"}],"wp:attachment":[{"href":"https:\/\/yasminfood.ch\/de\/wp-json\/wp\/v2\/media?parent=106080"}],"wp:term":[{"taxonomy":"product_brand","embeddable":true,"href":"https:\/\/yasminfood.ch\/de\/wp-json\/wp\/v2\/product_brand?post=106080"},{"taxonomy":"product_cat","embeddable":true,"href":"https:\/\/yasminfood.ch\/de\/wp-json\/wp\/v2\/product_cat?post=106080"},{"taxonomy":"product_tag","embeddable":true,"href":"https:\/\/yasminfood.ch\/de\/wp-json\/wp\/v2\/product_tag?post=106080"}],"curies":[{"name":"wp","href":"https:\/\/api.w.org\/{rel}","templated":true}]}}