{"id":106968,"date":"2024-03-21T16:51:03","date_gmt":"2024-03-21T15:51:03","guid":{"rendered":"https:\/\/yasminfood.ch\/product\/kichererbsen-trockensamen-osman-food-800g\/"},"modified":"2025-08-02T13:28:17","modified_gmt":"2025-08-02T11:28:17","slug":"kichererbsen-trockensamen-osman-food-800g","status":"publish","type":"product","link":"https:\/\/yasminfood.ch\/de\/product\/kichererbsen-trockensamen-osman-food-800g\/","title":{"rendered":"Kichererbsen Trockensamen Osman Food 800g"},"content":{"rendered":"<p>Hummus trockene Liebe Othman Food 800g \/ trocken \/ zeichnet sich durch seine kreisf\u00f6rmigen K\u00f6rner aus goldenem Farbdetektor und k\u00f6stlichem Geschmack aus, Hummus Liebe ist eines der k\u00f6stlichen Gerichte, die in der Levante und im Irak bekannt sind, es ist ein authentisches arabisches Gericht und kann Hummus in vielen Gerichten essen, kann ein k\u00f6stliches Fattah-Gericht daraus machen oder es zu Bohnen hinzuf\u00fcgen, um ein Gericht aus Bohnen mit Hummus mit einem wunderbaren Geschmack zu bilden, und die Hummus-Liebe wird den Salatsorten zugesetzt, um ihm einen k\u00f6stlichen Geschmack zu verleihen, und kann sogar mit Kreuzk\u00fcmmel und S\u00e4ure als Snack gegessen werden, Kichererbsen haben auch viele Vorteile, da sie zur Verbesserung der Gesundheit von Herz, Knochen und Geist beitragen, und das Unternehmen hat sie auf die beste Weise hergestellt und sicher gelagert, um die Sicherheit des Produkts zu gew\u00e4hrleisten.&#8220;         <\/p>\n","protected":false},"excerpt":{"rendered":"<p>Hummus trockene Liebe Othman Food 800g \/ trocken \/ zeichnet sich durch seine kreisf\u00f6rmigen K\u00f6rner aus goldenem Farbdetektor und k\u00f6stlichem<\/p>\n","protected":false},"featured_media":110811,"comment_status":"open","ping_status":"closed","template":"","meta":[],"product_brand":[],"product_cat":[324,320],"product_tag":[],"class_list":{"0":"post-106968","1":"product","2":"type-product","3":"status-publish","4":"has-post-thumbnail","6":"product_cat-kichererbsen","7":"product_cat-reis-getreide","9":"first","10":"instock","11":"taxable","12":"shipping-taxable","13":"purchasable","14":"product-type-simple"},"yoast_head":"<!-- This site is optimized with the Yoast SEO Premium plugin v26.5 (Yoast SEO v27.3) - https:\/\/yoast.com\/product\/yoast-seo-premium-wordpress\/ -->\n<title>Kichererbsen Trockensamen Osman Food 800g - Yasmin Food<\/title>\n<meta name=\"description\" content=\"Hummus Dry Seeds Othman Food 800g \/ Trocken \/ Ausgezeichnet durch seine runden K\u00f6rner von goldener Farbe und k\u00f6stlichem Geschmack, ist Hummus Hob eines der k\u00f6stlichen Gerichte\" \/>\n<meta name=\"robots\" content=\"index, follow, max-snippet:-1, max-image-preview:large, max-video-preview:-1\" \/>\n<link rel=\"canonical\" href=\"https:\/\/yasminfood.ch\/de\/product\/kichererbsen-trockensamen-osman-food-800g\/\" \/>\n<meta property=\"og:locale\" content=\"de_DE\" \/>\n<meta property=\"og:type\" content=\"article\" \/>\n<meta property=\"og:title\" content=\"Kichererbsen Trockensamen Osman Food 800g\" \/>\n<meta property=\"og:description\" content=\"Hummus trockene Liebe Othman Food 800g \/ trocken \/ zeichnet sich durch seine kreisf\u00f6rmigen K\u00f6rner aus goldenem Farbdetektor und k\u00f6stlichem Geschmack aus,\" \/>\n<meta property=\"og:url\" content=\"https:\/\/yasminfood.ch\/de\/product\/kichererbsen-trockensamen-osman-food-800g\/\" \/>\n<meta property=\"og:site_name\" content=\"Yasmin Food\" \/>\n<meta property=\"article:publisher\" content=\"https:\/\/www.facebook.com\/yasminmarkt1\" \/>\n<meta property=\"article:modified_time\" content=\"2025-08-02T11:28:17+00:00\" \/>\n<meta property=\"og:image\" content=\"https:\/\/yasminfood.ch\/wp-content\/uploads\/2024\/03\/\u062d\u0645\u0635-\u062d\u0628-\u064a\u0627\u0628\u0633-\u0639\u062b\u0645\u0627\u0646-\u0641\u0648\u062f-800g.png\" \/>\n\t<meta property=\"og:image:width\" content=\"1080\" \/>\n\t<meta property=\"og:image:height\" content=\"1080\" \/>\n\t<meta property=\"og:image:type\" content=\"image\/png\" \/>\n<meta name=\"twitter:card\" content=\"summary_large_image\" \/>\n<meta name=\"twitter:label1\" content=\"Preis\" \/>\n\t<meta name=\"twitter:data1\" content=\"5.50&nbsp;&#067;&#072;&#070;\" \/>\n\t<meta name=\"twitter:label2\" content=\"Verf\u00fcgbarkeit\" \/>\n\t<meta name=\"twitter:data2\" content=\"Auf Lager\" \/>\n<script type=\"application\/ld+json\" class=\"yoast-schema-graph\">{\"@context\":\"https:\\\/\\\/schema.org\",\"@graph\":[{\"@type\":\"WebPage\",\"@id\":\"https:\\\/\\\/yasminfood.ch\\\/de\\\/product\\\/kichererbsen-trockensamen-osman-food-800g\\\/\",\"url\":\"https:\\\/\\\/yasminfood.ch\\\/de\\\/product\\\/kichererbsen-trockensamen-osman-food-800g\\\/\",\"name\":\"Kichererbsen Trockensamen Osman Food 800g - Yasmin Food\",\"isPartOf\":{\"@id\":\"https:\\\/\\\/yasminfood.ch\\\/de\\\/#website\"},\"primaryImageOfPage\":{\"@id\":\"https:\\\/\\\/yasminfood.ch\\\/de\\\/product\\\/kichererbsen-trockensamen-osman-food-800g\\\/#primaryimage\"},\"image\":{\"@id\":\"https:\\\/\\\/yasminfood.ch\\\/de\\\/product\\\/kichererbsen-trockensamen-osman-food-800g\\\/#primaryimage\"},\"thumbnailUrl\":\"https:\\\/\\\/yasminfood.ch\\\/wp-content\\\/uploads\\\/2024\\\/03\\\/\u062d\u0645\u0635-\u062d\u0628-\u064a\u0627\u0628\u0633-\u0639\u062b\u0645\u0627\u0646-\u0641\u0648\u062f-800g.png\",\"datePublished\":\"2024-03-21T15:51:03+00:00\",\"dateModified\":\"2025-08-02T11:28:17+00:00\",\"description\":\"Hummus Dry Seeds Othman Food 800g \\\/ Trocken \\\/ Ausgezeichnet durch seine runden K\u00f6rner von goldener Farbe und k\u00f6stlichem Geschmack, ist Hummus Hob eines der k\u00f6stlichen Gerichte\",\"breadcrumb\":{\"@id\":\"https:\\\/\\\/yasminfood.ch\\\/de\\\/product\\\/kichererbsen-trockensamen-osman-food-800g\\\/#breadcrumb\"},\"inLanguage\":\"de\",\"potentialAction\":[{\"@type\":\"ReadAction\",\"target\":[\"https:\\\/\\\/yasminfood.ch\\\/de\\\/product\\\/kichererbsen-trockensamen-osman-food-800g\\\/\"]}]},{\"@type\":\"ImageObject\",\"inLanguage\":\"de\",\"@id\":\"https:\\\/\\\/yasminfood.ch\\\/de\\\/product\\\/kichererbsen-trockensamen-osman-food-800g\\\/#primaryimage\",\"url\":\"https:\\\/\\\/yasminfood.ch\\\/wp-content\\\/uploads\\\/2024\\\/03\\\/\u062d\u0645\u0635-\u062d\u0628-\u064a\u0627\u0628\u0633-\u0639\u062b\u0645\u0627\u0646-\u0641\u0648\u062f-800g.png\",\"contentUrl\":\"https:\\\/\\\/yasminfood.ch\\\/wp-content\\\/uploads\\\/2024\\\/03\\\/\u062d\u0645\u0635-\u062d\u0628-\u064a\u0627\u0628\u0633-\u0639\u062b\u0645\u0627\u0646-\u0641\u0648\u062f-800g.png\",\"width\":1080,\"height\":1080},{\"@type\":\"BreadcrumbList\",\"@id\":\"https:\\\/\\\/yasminfood.ch\\\/de\\\/product\\\/kichererbsen-trockensamen-osman-food-800g\\\/#breadcrumb\",\"itemListElement\":[{\"@type\":\"ListItem\",\"position\":1,\"name\":\"\u0627\u0644\u0631\u0626\u064a\u0633\u064a\u0629\",\"item\":\"https:\\\/\\\/yasminfood.ch\\\/de\\\/zuhause\\\/\"},{\"@type\":\"ListItem\",\"position\":2,\"name\":\"Shop\",\"item\":\"https:\\\/\\\/yasminfood.ch\\\/de\\\/shop\\\/\"},{\"@type\":\"ListItem\",\"position\":3,\"name\":\"Reis &amp; Getreide\",\"item\":\"https:\\\/\\\/yasminfood.ch\\\/de\\\/produkt-kategorie\\\/reis-getreide\\\/\"},{\"@type\":\"ListItem\",\"position\":4,\"name\":\"Kichererbsen\",\"item\":\"https:\\\/\\\/yasminfood.ch\\\/de\\\/produkt-kategorie\\\/reis-getreide\\\/kichererbsen\\\/\"},{\"@type\":\"ListItem\",\"position\":5,\"name\":\"Kichererbsen Trockensamen Osman Food 800g\"}]},{\"@type\":\"WebSite\",\"@id\":\"https:\\\/\\\/yasminfood.ch\\\/de\\\/#website\",\"url\":\"https:\\\/\\\/yasminfood.ch\\\/de\\\/\",\"name\":\"\u064a\u0627\u0633\u0645\u064a\u0646 \u0645\u0627\u0631\u0643\u062a\",\"description\":\"Alles, was Sie brauchen, an einem Ort\",\"publisher\":{\"@id\":\"https:\\\/\\\/yasminfood.ch\\\/de\\\/#organization\"},\"alternateName\":\"Yasmin Food\",\"potentialAction\":[{\"@type\":\"SearchAction\",\"target\":{\"@type\":\"EntryPoint\",\"urlTemplate\":\"https:\\\/\\\/yasminfood.ch\\\/de\\\/?s={search_term_string}\"},\"query-input\":{\"@type\":\"PropertyValueSpecification\",\"valueRequired\":true,\"valueName\":\"search_term_string\"}}],\"inLanguage\":\"de\"},{\"@type\":\"Organization\",\"@id\":\"https:\\\/\\\/yasminfood.ch\\\/de\\\/#organization\",\"name\":\"\u064a\u0627\u0633\u0645\u064a\u0646 \u0645\u0627\u0631\u0643\u062a\",\"alternateName\":\"Yasmin Food\",\"url\":\"https:\\\/\\\/yasminfood.ch\\\/de\\\/\",\"logo\":{\"@type\":\"ImageObject\",\"inLanguage\":\"de\",\"@id\":\"https:\\\/\\\/yasminfood.ch\\\/de\\\/#\\\/schema\\\/logo\\\/image\\\/\",\"url\":\"https:\\\/\\\/yasminfood.ch\\\/wp-content\\\/uploads\\\/2025\\\/05\\\/yasmin-food-header-logo.png\",\"contentUrl\":\"https:\\\/\\\/yasminfood.ch\\\/wp-content\\\/uploads\\\/2025\\\/05\\\/yasmin-food-header-logo.png\",\"width\":330,\"height\":120,\"caption\":\"\u064a\u0627\u0633\u0645\u064a\u0646 \u0645\u0627\u0631\u0643\u062a\"},\"image\":{\"@id\":\"https:\\\/\\\/yasminfood.ch\\\/de\\\/#\\\/schema\\\/logo\\\/image\\\/\"},\"sameAs\":[\"https:\\\/\\\/www.facebook.com\\\/yasminmarkt1\",\"https:\\\/\\\/www.tiktok.com\\\/@yasminmarkt\",\"https:\\\/\\\/www.instagram.com\\\/yasmin.markt1\\\/\",\"https:\\\/\\\/api.whatsapp.com\\\/send\\\/?phone=41799000104\"],\"publishingPrinciples\":\"https:\\\/\\\/yasminfood.ch\\\/de\\\/shop\\\/\",\"ownershipFundingInfo\":\"https:\\\/\\\/yasminfood.ch\\\/de\\\/shop\\\/\"}]}<\/script>\n<meta property=\"product:price:amount\" content=\"5.50\" \/>\n<meta property=\"product:price:currency\" content=\"CHF\" \/>\n<meta property=\"og:availability\" content=\"instock\" \/>\n<meta property=\"product:availability\" content=\"instock\" \/>\n<meta property=\"product:condition\" content=\"new\" \/>\n<!-- \/ Yoast SEO Premium plugin. -->","yoast_head_json":{"title":"Kichererbsen Trockensamen Osman Food 800g - Yasmin Food","description":"Hummus Dry Seeds Othman Food 800g \/ Trocken \/ Ausgezeichnet durch seine runden K\u00f6rner von goldener Farbe und k\u00f6stlichem Geschmack, ist Hummus Hob eines der k\u00f6stlichen Gerichte","robots":{"index":"index","follow":"follow","max-snippet":"max-snippet:-1","max-image-preview":"max-image-preview:large","max-video-preview":"max-video-preview:-1"},"canonical":"https:\/\/yasminfood.ch\/de\/product\/kichererbsen-trockensamen-osman-food-800g\/","og_locale":"de_DE","og_type":"article","og_title":"Kichererbsen Trockensamen Osman Food 800g","og_description":"Hummus trockene Liebe Othman Food 800g \/ trocken \/ zeichnet sich durch seine kreisf\u00f6rmigen K\u00f6rner aus goldenem Farbdetektor und k\u00f6stlichem Geschmack aus,","og_url":"https:\/\/yasminfood.ch\/de\/product\/kichererbsen-trockensamen-osman-food-800g\/","og_site_name":"Yasmin Food","article_publisher":"https:\/\/www.facebook.com\/yasminmarkt1","article_modified_time":"2025-08-02T11:28:17+00:00","og_image":[{"width":1080,"height":1080,"url":"https:\/\/yasminfood.ch\/wp-content\/uploads\/2024\/03\/\u062d\u0645\u0635-\u062d\u0628-\u064a\u0627\u0628\u0633-\u0639\u062b\u0645\u0627\u0646-\u0641\u0648\u062f-800g.png","type":"image\/png"}],"twitter_card":"summary_large_image","twitter_misc":{"Preis":"5.50&nbsp;&#67;&#72;&#70;","Verf\u00fcgbarkeit":"Auf Lager"},"schema":{"@context":"https:\/\/schema.org","@graph":[{"@type":"WebPage","@id":"https:\/\/yasminfood.ch\/de\/product\/kichererbsen-trockensamen-osman-food-800g\/","url":"https:\/\/yasminfood.ch\/de\/product\/kichererbsen-trockensamen-osman-food-800g\/","name":"Kichererbsen Trockensamen Osman Food 800g - Yasmin Food","isPartOf":{"@id":"https:\/\/yasminfood.ch\/de\/#website"},"primaryImageOfPage":{"@id":"https:\/\/yasminfood.ch\/de\/product\/kichererbsen-trockensamen-osman-food-800g\/#primaryimage"},"image":{"@id":"https:\/\/yasminfood.ch\/de\/product\/kichererbsen-trockensamen-osman-food-800g\/#primaryimage"},"thumbnailUrl":"https:\/\/yasminfood.ch\/wp-content\/uploads\/2024\/03\/\u062d\u0645\u0635-\u062d\u0628-\u064a\u0627\u0628\u0633-\u0639\u062b\u0645\u0627\u0646-\u0641\u0648\u062f-800g.png","datePublished":"2024-03-21T15:51:03+00:00","dateModified":"2025-08-02T11:28:17+00:00","description":"Hummus Dry Seeds Othman Food 800g \/ Trocken \/ Ausgezeichnet durch seine runden K\u00f6rner von goldener Farbe und k\u00f6stlichem Geschmack, ist Hummus Hob eines der k\u00f6stlichen Gerichte","breadcrumb":{"@id":"https:\/\/yasminfood.ch\/de\/product\/kichererbsen-trockensamen-osman-food-800g\/#breadcrumb"},"inLanguage":"de","potentialAction":[{"@type":"ReadAction","target":["https:\/\/yasminfood.ch\/de\/product\/kichererbsen-trockensamen-osman-food-800g\/"]}]},{"@type":"ImageObject","inLanguage":"de","@id":"https:\/\/yasminfood.ch\/de\/product\/kichererbsen-trockensamen-osman-food-800g\/#primaryimage","url":"https:\/\/yasminfood.ch\/wp-content\/uploads\/2024\/03\/\u062d\u0645\u0635-\u062d\u0628-\u064a\u0627\u0628\u0633-\u0639\u062b\u0645\u0627\u0646-\u0641\u0648\u062f-800g.png","contentUrl":"https:\/\/yasminfood.ch\/wp-content\/uploads\/2024\/03\/\u062d\u0645\u0635-\u062d\u0628-\u064a\u0627\u0628\u0633-\u0639\u062b\u0645\u0627\u0646-\u0641\u0648\u062f-800g.png","width":1080,"height":1080},{"@type":"BreadcrumbList","@id":"https:\/\/yasminfood.ch\/de\/product\/kichererbsen-trockensamen-osman-food-800g\/#breadcrumb","itemListElement":[{"@type":"ListItem","position":1,"name":"\u0627\u0644\u0631\u0626\u064a\u0633\u064a\u0629","item":"https:\/\/yasminfood.ch\/de\/zuhause\/"},{"@type":"ListItem","position":2,"name":"Shop","item":"https:\/\/yasminfood.ch\/de\/shop\/"},{"@type":"ListItem","position":3,"name":"Reis &amp; Getreide","item":"https:\/\/yasminfood.ch\/de\/produkt-kategorie\/reis-getreide\/"},{"@type":"ListItem","position":4,"name":"Kichererbsen","item":"https:\/\/yasminfood.ch\/de\/produkt-kategorie\/reis-getreide\/kichererbsen\/"},{"@type":"ListItem","position":5,"name":"Kichererbsen Trockensamen Osman Food 800g"}]},{"@type":"WebSite","@id":"https:\/\/yasminfood.ch\/de\/#website","url":"https:\/\/yasminfood.ch\/de\/","name":"\u064a\u0627\u0633\u0645\u064a\u0646 \u0645\u0627\u0631\u0643\u062a","description":"Alles, was Sie brauchen, an einem Ort","publisher":{"@id":"https:\/\/yasminfood.ch\/de\/#organization"},"alternateName":"Yasmin Food","potentialAction":[{"@type":"SearchAction","target":{"@type":"EntryPoint","urlTemplate":"https:\/\/yasminfood.ch\/de\/?s={search_term_string}"},"query-input":{"@type":"PropertyValueSpecification","valueRequired":true,"valueName":"search_term_string"}}],"inLanguage":"de"},{"@type":"Organization","@id":"https:\/\/yasminfood.ch\/de\/#organization","name":"\u064a\u0627\u0633\u0645\u064a\u0646 \u0645\u0627\u0631\u0643\u062a","alternateName":"Yasmin Food","url":"https:\/\/yasminfood.ch\/de\/","logo":{"@type":"ImageObject","inLanguage":"de","@id":"https:\/\/yasminfood.ch\/de\/#\/schema\/logo\/image\/","url":"https:\/\/yasminfood.ch\/wp-content\/uploads\/2025\/05\/yasmin-food-header-logo.png","contentUrl":"https:\/\/yasminfood.ch\/wp-content\/uploads\/2025\/05\/yasmin-food-header-logo.png","width":330,"height":120,"caption":"\u064a\u0627\u0633\u0645\u064a\u0646 \u0645\u0627\u0631\u0643\u062a"},"image":{"@id":"https:\/\/yasminfood.ch\/de\/#\/schema\/logo\/image\/"},"sameAs":["https:\/\/www.facebook.com\/yasminmarkt1","https:\/\/www.tiktok.com\/@yasminmarkt","https:\/\/www.instagram.com\/yasmin.markt1\/","https:\/\/api.whatsapp.com\/send\/?phone=41799000104"],"publishingPrinciples":"https:\/\/yasminfood.ch\/de\/shop\/","ownershipFundingInfo":"https:\/\/yasminfood.ch\/de\/shop\/"}]},"product_price_amount":"5.50","product_price_currency":"CHF","og_availability":"instock","product_availability":"instock","product_condition":"new"},"jetpack_sharing_enabled":true,"_links":{"self":[{"href":"https:\/\/yasminfood.ch\/de\/wp-json\/wp\/v2\/product\/106968","targetHints":{"allow":["GET"]}}],"collection":[{"href":"https:\/\/yasminfood.ch\/de\/wp-json\/wp\/v2\/product"}],"about":[{"href":"https:\/\/yasminfood.ch\/de\/wp-json\/wp\/v2\/types\/product"}],"replies":[{"embeddable":true,"href":"https:\/\/yasminfood.ch\/de\/wp-json\/wp\/v2\/comments?post=106968"}],"version-history":[{"count":1,"href":"https:\/\/yasminfood.ch\/de\/wp-json\/wp\/v2\/product\/106968\/revisions"}],"predecessor-version":[{"id":110812,"href":"https:\/\/yasminfood.ch\/de\/wp-json\/wp\/v2\/product\/106968\/revisions\/110812"}],"wp:featuredmedia":[{"embeddable":true,"href":"https:\/\/yasminfood.ch\/de\/wp-json\/wp\/v2\/media\/110811"}],"wp:attachment":[{"href":"https:\/\/yasminfood.ch\/de\/wp-json\/wp\/v2\/media?parent=106968"}],"wp:term":[{"taxonomy":"product_brand","embeddable":true,"href":"https:\/\/yasminfood.ch\/de\/wp-json\/wp\/v2\/product_brand?post=106968"},{"taxonomy":"product_cat","embeddable":true,"href":"https:\/\/yasminfood.ch\/de\/wp-json\/wp\/v2\/product_cat?post=106968"},{"taxonomy":"product_tag","embeddable":true,"href":"https:\/\/yasminfood.ch\/de\/wp-json\/wp\/v2\/product_tag?post=106968"}],"curies":[{"name":"wp","href":"https:\/\/api.w.org\/{rel}","templated":true}]}}