{"id":107887,"date":"2024-06-03T20:27:20","date_gmt":"2024-06-03T18:27:20","guid":{"rendered":"https:\/\/yasminfood.ch\/product\/thymian-argawi-granatapfel-melasse-450g\/"},"modified":"2025-03-02T20:14:01","modified_gmt":"2025-03-02T19:14:01","slug":"thymian-argawi-granatapfel-melasse-450g","status":"publish","type":"product","link":"https:\/\/yasminfood.ch\/de\/product\/thymian-argawi-granatapfel-melasse-450g\/","title":{"rendered":"Thymian Argawi Granatapfel Melasse 450g"},"content":{"rendered":"<p>Thymian Arjawi Granatapfelmelasse ist eine charmante Kombination aus traditionellem Thymiangeschmack und dem S\u00e4uregehalt nat\u00fcrlicher Granatapfelmelasse. Um ein einzigartiges gastronomisches Erlebnis f\u00fcr Liebhaber der authentischen K\u00fcche des Nahen Ostens zu bieten! Hergestellt aus 100% nat\u00fcrlichen Inhaltsstoffen, Keine k\u00fcnstlichen Zusatz- oder Konservierungsstoffe, Um Ihre perfekte Wahl f\u00fcr ein gesundes Abendessen oder eine schnelle Mahlzeit voller Vorteile zu sein.<\/p>\n","protected":false},"excerpt":{"rendered":"<p>Thymian Arjawi Granatapfelmelasse ist eine charmante Kombination aus traditionellem Thymiangeschmack und dem S\u00e4uregehalt nat\u00fcrlicher Granatapfelmelasse. Um ein einzigartiges gastronomisches Erlebnis<\/p>\n","protected":false},"featured_media":110578,"comment_status":"open","ping_status":"closed","template":"","meta":[],"product_brand":[],"product_cat":[245,250],"product_tag":[1265],"class_list":{"0":"post-107887","1":"product","2":"type-product","3":"status-publish","4":"has-post-thumbnail","6":"product_cat-konserven-lebensmittel","7":"product_cat-thymian-zatar","8":"product_tag-original-aleppo-thymian","10":"first","11":"instock","12":"taxable","13":"shipping-taxable","14":"purchasable","15":"product-type-simple"},"yoast_head":"<!-- This site is optimized with the Yoast SEO Premium plugin v26.5 (Yoast SEO v27.3) - https:\/\/yoast.com\/product\/yoast-seo-premium-wordpress\/ -->\n<title>Thymian Argawi Granatapfel Melasse 450g - Yasmin Food<\/title>\n<meta name=\"robots\" content=\"index, follow, max-snippet:-1, max-image-preview:large, max-video-preview:-1\" \/>\n<link rel=\"canonical\" href=\"https:\/\/yasminfood.ch\/de\/product\/thymian-argawi-granatapfel-melasse-450g\/\" \/>\n<meta property=\"og:locale\" content=\"de_DE\" \/>\n<meta property=\"og:type\" content=\"article\" \/>\n<meta property=\"og:title\" content=\"Thymian Argawi Granatapfel Melasse 450g\" \/>\n<meta property=\"og:description\" content=\"Thymian Arjawi Granatapfelmelasse ist eine charmante Kombination aus traditionellem Thymiangeschmack und dem S\u00e4uregehalt nat\u00fcrlicher Granatapfelmelasse.\" \/>\n<meta property=\"og:url\" content=\"https:\/\/yasminfood.ch\/de\/product\/thymian-argawi-granatapfel-melasse-450g\/\" \/>\n<meta property=\"og:site_name\" content=\"Yasmin Food\" \/>\n<meta property=\"article:publisher\" content=\"https:\/\/www.facebook.com\/yasminmarkt1\" \/>\n<meta property=\"article:modified_time\" content=\"2025-03-02T19:14:01+00:00\" \/>\n<meta property=\"og:image\" content=\"https:\/\/yasminfood.ch\/wp-content\/uploads\/2024\/06\/\u0632\u0639\u062a\u0631-\u0627\u0644\u0639\u0631\u062c\u0627\u0648\u064a-\u0627\u062d\u0645\u0631-\u0628\u062f\u0628\u0633-\u0627\u0644\u0631\u0645\u0627\u0646-450\u063a.png\" \/>\n\t<meta property=\"og:image:width\" content=\"1080\" \/>\n\t<meta property=\"og:image:height\" content=\"1080\" \/>\n\t<meta property=\"og:image:type\" content=\"image\/png\" \/>\n<meta name=\"twitter:card\" content=\"summary_large_image\" \/>\n<meta name=\"twitter:label1\" content=\"Preis\" \/>\n\t<meta name=\"twitter:data1\" content=\"6.50&nbsp;&#067;&#072;&#070;\" \/>\n\t<meta name=\"twitter:label2\" content=\"Verf\u00fcgbarkeit\" \/>\n\t<meta name=\"twitter:data2\" content=\"Auf Lager\" \/>\n<script type=\"application\/ld+json\" class=\"yoast-schema-graph\">{\"@context\":\"https:\\\/\\\/schema.org\",\"@graph\":[{\"@type\":\"WebPage\",\"@id\":\"https:\\\/\\\/yasminfood.ch\\\/de\\\/product\\\/thymian-argawi-granatapfel-melasse-450g\\\/\",\"url\":\"https:\\\/\\\/yasminfood.ch\\\/de\\\/product\\\/thymian-argawi-granatapfel-melasse-450g\\\/\",\"name\":\"Thymian Argawi Granatapfel Melasse 450g - Yasmin Food\",\"isPartOf\":{\"@id\":\"https:\\\/\\\/yasminfood.ch\\\/de\\\/#website\"},\"primaryImageOfPage\":{\"@id\":\"https:\\\/\\\/yasminfood.ch\\\/de\\\/product\\\/thymian-argawi-granatapfel-melasse-450g\\\/#primaryimage\"},\"image\":{\"@id\":\"https:\\\/\\\/yasminfood.ch\\\/de\\\/product\\\/thymian-argawi-granatapfel-melasse-450g\\\/#primaryimage\"},\"thumbnailUrl\":\"https:\\\/\\\/yasminfood.ch\\\/wp-content\\\/uploads\\\/2024\\\/06\\\/\u0632\u0639\u062a\u0631-\u0627\u0644\u0639\u0631\u062c\u0627\u0648\u064a-\u0627\u062d\u0645\u0631-\u0628\u062f\u0628\u0633-\u0627\u0644\u0631\u0645\u0627\u0646-450\u063a.png\",\"datePublished\":\"2024-06-03T18:27:20+00:00\",\"dateModified\":\"2025-03-02T19:14:01+00:00\",\"breadcrumb\":{\"@id\":\"https:\\\/\\\/yasminfood.ch\\\/de\\\/product\\\/thymian-argawi-granatapfel-melasse-450g\\\/#breadcrumb\"},\"inLanguage\":\"de\",\"potentialAction\":[{\"@type\":\"ReadAction\",\"target\":[\"https:\\\/\\\/yasminfood.ch\\\/de\\\/product\\\/thymian-argawi-granatapfel-melasse-450g\\\/\"]}]},{\"@type\":\"ImageObject\",\"inLanguage\":\"de\",\"@id\":\"https:\\\/\\\/yasminfood.ch\\\/de\\\/product\\\/thymian-argawi-granatapfel-melasse-450g\\\/#primaryimage\",\"url\":\"https:\\\/\\\/yasminfood.ch\\\/wp-content\\\/uploads\\\/2024\\\/06\\\/\u0632\u0639\u062a\u0631-\u0627\u0644\u0639\u0631\u062c\u0627\u0648\u064a-\u0627\u062d\u0645\u0631-\u0628\u062f\u0628\u0633-\u0627\u0644\u0631\u0645\u0627\u0646-450\u063a.png\",\"contentUrl\":\"https:\\\/\\\/yasminfood.ch\\\/wp-content\\\/uploads\\\/2024\\\/06\\\/\u0632\u0639\u062a\u0631-\u0627\u0644\u0639\u0631\u062c\u0627\u0648\u064a-\u0627\u062d\u0645\u0631-\u0628\u062f\u0628\u0633-\u0627\u0644\u0631\u0645\u0627\u0646-450\u063a.png\",\"width\":1080,\"height\":1080},{\"@type\":\"BreadcrumbList\",\"@id\":\"https:\\\/\\\/yasminfood.ch\\\/de\\\/product\\\/thymian-argawi-granatapfel-melasse-450g\\\/#breadcrumb\",\"itemListElement\":[{\"@type\":\"ListItem\",\"position\":1,\"name\":\"\u0627\u0644\u0631\u0626\u064a\u0633\u064a\u0629\",\"item\":\"https:\\\/\\\/yasminfood.ch\\\/de\\\/zuhause\\\/\"},{\"@type\":\"ListItem\",\"position\":2,\"name\":\"Shop\",\"item\":\"https:\\\/\\\/yasminfood.ch\\\/de\\\/shop\\\/\"},{\"@type\":\"ListItem\",\"position\":3,\"name\":\"Konserven - Lebensmittel\",\"item\":\"https:\\\/\\\/yasminfood.ch\\\/de\\\/produkt-kategorie\\\/konserven-lebensmittel\\\/\"},{\"@type\":\"ListItem\",\"position\":4,\"name\":\"Thymian - Zatar\",\"item\":\"https:\\\/\\\/yasminfood.ch\\\/de\\\/produkt-kategorie\\\/konserven-lebensmittel\\\/thymian-zatar\\\/\"},{\"@type\":\"ListItem\",\"position\":5,\"name\":\"Thymian Argawi Granatapfel Melasse 450g\"}]},{\"@type\":\"WebSite\",\"@id\":\"https:\\\/\\\/yasminfood.ch\\\/de\\\/#website\",\"url\":\"https:\\\/\\\/yasminfood.ch\\\/de\\\/\",\"name\":\"\u064a\u0627\u0633\u0645\u064a\u0646 \u0645\u0627\u0631\u0643\u062a\",\"description\":\"Alles, was Sie brauchen, an einem Ort\",\"publisher\":{\"@id\":\"https:\\\/\\\/yasminfood.ch\\\/de\\\/#organization\"},\"alternateName\":\"Yasmin Food\",\"potentialAction\":[{\"@type\":\"SearchAction\",\"target\":{\"@type\":\"EntryPoint\",\"urlTemplate\":\"https:\\\/\\\/yasminfood.ch\\\/de\\\/?s={search_term_string}\"},\"query-input\":{\"@type\":\"PropertyValueSpecification\",\"valueRequired\":true,\"valueName\":\"search_term_string\"}}],\"inLanguage\":\"de\"},{\"@type\":\"Organization\",\"@id\":\"https:\\\/\\\/yasminfood.ch\\\/de\\\/#organization\",\"name\":\"\u064a\u0627\u0633\u0645\u064a\u0646 \u0645\u0627\u0631\u0643\u062a\",\"alternateName\":\"Yasmin Food\",\"url\":\"https:\\\/\\\/yasminfood.ch\\\/de\\\/\",\"logo\":{\"@type\":\"ImageObject\",\"inLanguage\":\"de\",\"@id\":\"https:\\\/\\\/yasminfood.ch\\\/de\\\/#\\\/schema\\\/logo\\\/image\\\/\",\"url\":\"https:\\\/\\\/yasminfood.ch\\\/wp-content\\\/uploads\\\/2025\\\/05\\\/yasmin-food-header-logo.png\",\"contentUrl\":\"https:\\\/\\\/yasminfood.ch\\\/wp-content\\\/uploads\\\/2025\\\/05\\\/yasmin-food-header-logo.png\",\"width\":330,\"height\":120,\"caption\":\"\u064a\u0627\u0633\u0645\u064a\u0646 \u0645\u0627\u0631\u0643\u062a\"},\"image\":{\"@id\":\"https:\\\/\\\/yasminfood.ch\\\/de\\\/#\\\/schema\\\/logo\\\/image\\\/\"},\"sameAs\":[\"https:\\\/\\\/www.facebook.com\\\/yasminmarkt1\",\"https:\\\/\\\/www.tiktok.com\\\/@yasminmarkt\",\"https:\\\/\\\/www.instagram.com\\\/yasmin.markt1\\\/\",\"https:\\\/\\\/api.whatsapp.com\\\/send\\\/?phone=41799000104\"],\"publishingPrinciples\":\"https:\\\/\\\/yasminfood.ch\\\/de\\\/shop\\\/\",\"ownershipFundingInfo\":\"https:\\\/\\\/yasminfood.ch\\\/de\\\/shop\\\/\"}]}<\/script>\n<meta property=\"product:price:amount\" content=\"6.50\" \/>\n<meta property=\"product:price:currency\" content=\"CHF\" \/>\n<meta property=\"og:availability\" content=\"instock\" \/>\n<meta property=\"product:availability\" content=\"instock\" \/>\n<meta property=\"product:condition\" content=\"new\" \/>\n<!-- \/ Yoast SEO Premium plugin. -->","yoast_head_json":{"title":"Thymian Argawi Granatapfel Melasse 450g - Yasmin Food","robots":{"index":"index","follow":"follow","max-snippet":"max-snippet:-1","max-image-preview":"max-image-preview:large","max-video-preview":"max-video-preview:-1"},"canonical":"https:\/\/yasminfood.ch\/de\/product\/thymian-argawi-granatapfel-melasse-450g\/","og_locale":"de_DE","og_type":"article","og_title":"Thymian Argawi Granatapfel Melasse 450g","og_description":"Thymian Arjawi Granatapfelmelasse ist eine charmante Kombination aus traditionellem Thymiangeschmack und dem S\u00e4uregehalt nat\u00fcrlicher Granatapfelmelasse.","og_url":"https:\/\/yasminfood.ch\/de\/product\/thymian-argawi-granatapfel-melasse-450g\/","og_site_name":"Yasmin Food","article_publisher":"https:\/\/www.facebook.com\/yasminmarkt1","article_modified_time":"2025-03-02T19:14:01+00:00","og_image":[{"width":1080,"height":1080,"url":"https:\/\/yasminfood.ch\/wp-content\/uploads\/2024\/06\/\u0632\u0639\u062a\u0631-\u0627\u0644\u0639\u0631\u062c\u0627\u0648\u064a-\u0627\u062d\u0645\u0631-\u0628\u062f\u0628\u0633-\u0627\u0644\u0631\u0645\u0627\u0646-450\u063a.png","type":"image\/png"}],"twitter_card":"summary_large_image","twitter_misc":{"Preis":"6.50&nbsp;&#67;&#72;&#70;","Verf\u00fcgbarkeit":"Auf Lager"},"schema":{"@context":"https:\/\/schema.org","@graph":[{"@type":"WebPage","@id":"https:\/\/yasminfood.ch\/de\/product\/thymian-argawi-granatapfel-melasse-450g\/","url":"https:\/\/yasminfood.ch\/de\/product\/thymian-argawi-granatapfel-melasse-450g\/","name":"Thymian Argawi Granatapfel Melasse 450g - Yasmin Food","isPartOf":{"@id":"https:\/\/yasminfood.ch\/de\/#website"},"primaryImageOfPage":{"@id":"https:\/\/yasminfood.ch\/de\/product\/thymian-argawi-granatapfel-melasse-450g\/#primaryimage"},"image":{"@id":"https:\/\/yasminfood.ch\/de\/product\/thymian-argawi-granatapfel-melasse-450g\/#primaryimage"},"thumbnailUrl":"https:\/\/yasminfood.ch\/wp-content\/uploads\/2024\/06\/\u0632\u0639\u062a\u0631-\u0627\u0644\u0639\u0631\u062c\u0627\u0648\u064a-\u0627\u062d\u0645\u0631-\u0628\u062f\u0628\u0633-\u0627\u0644\u0631\u0645\u0627\u0646-450\u063a.png","datePublished":"2024-06-03T18:27:20+00:00","dateModified":"2025-03-02T19:14:01+00:00","breadcrumb":{"@id":"https:\/\/yasminfood.ch\/de\/product\/thymian-argawi-granatapfel-melasse-450g\/#breadcrumb"},"inLanguage":"de","potentialAction":[{"@type":"ReadAction","target":["https:\/\/yasminfood.ch\/de\/product\/thymian-argawi-granatapfel-melasse-450g\/"]}]},{"@type":"ImageObject","inLanguage":"de","@id":"https:\/\/yasminfood.ch\/de\/product\/thymian-argawi-granatapfel-melasse-450g\/#primaryimage","url":"https:\/\/yasminfood.ch\/wp-content\/uploads\/2024\/06\/\u0632\u0639\u062a\u0631-\u0627\u0644\u0639\u0631\u062c\u0627\u0648\u064a-\u0627\u062d\u0645\u0631-\u0628\u062f\u0628\u0633-\u0627\u0644\u0631\u0645\u0627\u0646-450\u063a.png","contentUrl":"https:\/\/yasminfood.ch\/wp-content\/uploads\/2024\/06\/\u0632\u0639\u062a\u0631-\u0627\u0644\u0639\u0631\u062c\u0627\u0648\u064a-\u0627\u062d\u0645\u0631-\u0628\u062f\u0628\u0633-\u0627\u0644\u0631\u0645\u0627\u0646-450\u063a.png","width":1080,"height":1080},{"@type":"BreadcrumbList","@id":"https:\/\/yasminfood.ch\/de\/product\/thymian-argawi-granatapfel-melasse-450g\/#breadcrumb","itemListElement":[{"@type":"ListItem","position":1,"name":"\u0627\u0644\u0631\u0626\u064a\u0633\u064a\u0629","item":"https:\/\/yasminfood.ch\/de\/zuhause\/"},{"@type":"ListItem","position":2,"name":"Shop","item":"https:\/\/yasminfood.ch\/de\/shop\/"},{"@type":"ListItem","position":3,"name":"Konserven - Lebensmittel","item":"https:\/\/yasminfood.ch\/de\/produkt-kategorie\/konserven-lebensmittel\/"},{"@type":"ListItem","position":4,"name":"Thymian - Zatar","item":"https:\/\/yasminfood.ch\/de\/produkt-kategorie\/konserven-lebensmittel\/thymian-zatar\/"},{"@type":"ListItem","position":5,"name":"Thymian Argawi Granatapfel Melasse 450g"}]},{"@type":"WebSite","@id":"https:\/\/yasminfood.ch\/de\/#website","url":"https:\/\/yasminfood.ch\/de\/","name":"\u064a\u0627\u0633\u0645\u064a\u0646 \u0645\u0627\u0631\u0643\u062a","description":"Alles, was Sie brauchen, an einem Ort","publisher":{"@id":"https:\/\/yasminfood.ch\/de\/#organization"},"alternateName":"Yasmin Food","potentialAction":[{"@type":"SearchAction","target":{"@type":"EntryPoint","urlTemplate":"https:\/\/yasminfood.ch\/de\/?s={search_term_string}"},"query-input":{"@type":"PropertyValueSpecification","valueRequired":true,"valueName":"search_term_string"}}],"inLanguage":"de"},{"@type":"Organization","@id":"https:\/\/yasminfood.ch\/de\/#organization","name":"\u064a\u0627\u0633\u0645\u064a\u0646 \u0645\u0627\u0631\u0643\u062a","alternateName":"Yasmin Food","url":"https:\/\/yasminfood.ch\/de\/","logo":{"@type":"ImageObject","inLanguage":"de","@id":"https:\/\/yasminfood.ch\/de\/#\/schema\/logo\/image\/","url":"https:\/\/yasminfood.ch\/wp-content\/uploads\/2025\/05\/yasmin-food-header-logo.png","contentUrl":"https:\/\/yasminfood.ch\/wp-content\/uploads\/2025\/05\/yasmin-food-header-logo.png","width":330,"height":120,"caption":"\u064a\u0627\u0633\u0645\u064a\u0646 \u0645\u0627\u0631\u0643\u062a"},"image":{"@id":"https:\/\/yasminfood.ch\/de\/#\/schema\/logo\/image\/"},"sameAs":["https:\/\/www.facebook.com\/yasminmarkt1","https:\/\/www.tiktok.com\/@yasminmarkt","https:\/\/www.instagram.com\/yasmin.markt1\/","https:\/\/api.whatsapp.com\/send\/?phone=41799000104"],"publishingPrinciples":"https:\/\/yasminfood.ch\/de\/shop\/","ownershipFundingInfo":"https:\/\/yasminfood.ch\/de\/shop\/"}]},"product_price_amount":"6.50","product_price_currency":"CHF","og_availability":"instock","product_availability":"instock","product_condition":"new"},"jetpack_sharing_enabled":true,"_links":{"self":[{"href":"https:\/\/yasminfood.ch\/de\/wp-json\/wp\/v2\/product\/107887","targetHints":{"allow":["GET"]}}],"collection":[{"href":"https:\/\/yasminfood.ch\/de\/wp-json\/wp\/v2\/product"}],"about":[{"href":"https:\/\/yasminfood.ch\/de\/wp-json\/wp\/v2\/types\/product"}],"replies":[{"embeddable":true,"href":"https:\/\/yasminfood.ch\/de\/wp-json\/wp\/v2\/comments?post=107887"}],"version-history":[{"count":0,"href":"https:\/\/yasminfood.ch\/de\/wp-json\/wp\/v2\/product\/107887\/revisions"}],"wp:featuredmedia":[{"embeddable":true,"href":"https:\/\/yasminfood.ch\/de\/wp-json\/wp\/v2\/media\/110578"}],"wp:attachment":[{"href":"https:\/\/yasminfood.ch\/de\/wp-json\/wp\/v2\/media?parent=107887"}],"wp:term":[{"taxonomy":"product_brand","embeddable":true,"href":"https:\/\/yasminfood.ch\/de\/wp-json\/wp\/v2\/product_brand?post=107887"},{"taxonomy":"product_cat","embeddable":true,"href":"https:\/\/yasminfood.ch\/de\/wp-json\/wp\/v2\/product_cat?post=107887"},{"taxonomy":"product_tag","embeddable":true,"href":"https:\/\/yasminfood.ch\/de\/wp-json\/wp\/v2\/product_tag?post=107887"}],"curies":[{"name":"wp","href":"https:\/\/api.w.org\/{rel}","templated":true}]}}