{"id":108122,"date":"2024-07-30T19:24:49","date_gmt":"2024-07-30T17:24:54","guid":{"rendered":"https:\/\/yasminfood.ch\/product\/pflanzliche-margarine-mit-tierischem-ghee-geschmack-2-kg\/"},"modified":"2025-03-02T20:09:39","modified_gmt":"2025-03-02T19:09:39","slug":"pflanzliche-margarine-mit-tierischem-ghee-geschmack-2-kg","status":"publish","type":"product","link":"https:\/\/yasminfood.ch\/de\/product\/pflanzliche-margarine-mit-tierischem-ghee-geschmack-2-kg\/","title":{"rendered":"Pflanzliche Margarine mit tierischem Ghee-Geschmack 2 kg"},"content":{"rendered":"<p>Entdecken Sie die Margarine des Gem\u00fcses Saad, Die perfekte Alternative f\u00fcr Liebhaber des originellen Geschmacks! Diese Margarine wurde sorgf\u00e4ltig entwickelt, um den gleichen reichen Geschmack und das gleiche Aroma wie traditionelles tierisches Ghee zu bieten. Aber mit gesundheitlichen Vorteilen, die f\u00fcr jeden geeignet sind. Egal, ob Sie sich vegetarisch ern\u00e4hren, Oder suchen Sie nach einer Option, die laktose- und cholesterinfrei ist, Vegetable Glee ist die perfekte L\u00f6sung f\u00fcr gesundes Kochen ohne Kompromisse!<\/p>\n","protected":false},"excerpt":{"rendered":"<p>Entdecken Sie die Margarine des Gem\u00fcses Saad, Die perfekte Alternative f\u00fcr Liebhaber des originellen Geschmacks! Diese Margarine wurde sorgf\u00e4ltig entwickelt,<\/p>\n","protected":false},"featured_media":110425,"comment_status":"open","ping_status":"closed","template":"","meta":[],"product_brand":[],"product_cat":[348,351,347],"product_tag":[],"class_list":{"0":"post-108122","1":"product","2":"type-product","3":"status-publish","4":"has-post-thumbnail","6":"product_cat-ghee-butter","7":"product_cat-margarine","8":"product_cat-oele-margarine","10":"first","11":"outofstock","12":"taxable","13":"shipping-taxable","14":"purchasable","15":"product-type-simple"},"yoast_head":"<!-- This site is optimized with the Yoast SEO Premium plugin v26.5 (Yoast SEO v27.4) - https:\/\/yoast.com\/product\/yoast-seo-premium-wordpress\/ -->\n<title>Pflanzliche Margarine mit tierischem Ghee-Geschmack 2 kg - Yasmin Food<\/title>\n<meta name=\"robots\" content=\"index, follow, max-snippet:-1, max-image-preview:large, max-video-preview:-1\" \/>\n<link rel=\"canonical\" href=\"https:\/\/yasminfood.ch\/de\/product\/pflanzliche-margarine-mit-tierischem-ghee-geschmack-2-kg\/\" \/>\n<meta property=\"og:locale\" content=\"de_DE\" \/>\n<meta property=\"og:type\" content=\"article\" \/>\n<meta property=\"og:title\" content=\"Pflanzliche Margarine mit tierischem Ghee-Geschmack 2 kg\" \/>\n<meta property=\"og:description\" content=\"Entdecken Sie die Margarine des Gem\u00fcses Saad, Die perfekte Alternative f\u00fcr Liebhaber des originellen Geschmacks! Diese Margarine wurde sorgf\u00e4ltig\" \/>\n<meta property=\"og:url\" content=\"https:\/\/yasminfood.ch\/de\/product\/pflanzliche-margarine-mit-tierischem-ghee-geschmack-2-kg\/\" \/>\n<meta property=\"og:site_name\" content=\"Yasmin Food\" \/>\n<meta property=\"article:publisher\" content=\"https:\/\/www.facebook.com\/yasminmarkt1\" \/>\n<meta property=\"article:modified_time\" content=\"2025-03-02T19:09:39+00:00\" \/>\n<meta property=\"og:image\" content=\"https:\/\/yasminfood.ch\/wp-content\/uploads\/2024\/07\/\u0633\u0645\u0646\u0629-\u0646\u0628\u0627\u062a\u064a\u0629-\u0628\u0646\u0643\u0647\u0629-\u0627\u0644\u0633\u0645\u0646-\u0627\u0644\u062d\u064a\u0648\u0627\u0646\u064a2-\u0643\u063a.png\" \/>\n\t<meta property=\"og:image:width\" content=\"1080\" \/>\n\t<meta property=\"og:image:height\" content=\"1080\" \/>\n\t<meta property=\"og:image:type\" content=\"image\/png\" \/>\n<meta name=\"twitter:card\" content=\"summary_large_image\" \/>\n<meta name=\"twitter:label1\" content=\"Preis\" \/>\n\t<meta name=\"twitter:data1\" content=\"18.00&nbsp;&#067;&#072;&#070;\" \/>\n\t<meta name=\"twitter:label2\" content=\"Verf\u00fcgbarkeit\" \/>\n\t<meta name=\"twitter:data2\" content=\"ausverkauft\" \/>\n<script type=\"application\/ld+json\" class=\"yoast-schema-graph\">{\"@context\":\"https:\\\/\\\/schema.org\",\"@graph\":[{\"@type\":\"WebPage\",\"@id\":\"https:\\\/\\\/yasminfood.ch\\\/de\\\/product\\\/pflanzliche-margarine-mit-tierischem-ghee-geschmack-2-kg\\\/\",\"url\":\"https:\\\/\\\/yasminfood.ch\\\/de\\\/product\\\/pflanzliche-margarine-mit-tierischem-ghee-geschmack-2-kg\\\/\",\"name\":\"Pflanzliche Margarine mit tierischem Ghee-Geschmack 2 kg - Yasmin Food\",\"isPartOf\":{\"@id\":\"https:\\\/\\\/yasminfood.ch\\\/de\\\/#website\"},\"primaryImageOfPage\":{\"@id\":\"https:\\\/\\\/yasminfood.ch\\\/de\\\/product\\\/pflanzliche-margarine-mit-tierischem-ghee-geschmack-2-kg\\\/#primaryimage\"},\"image\":{\"@id\":\"https:\\\/\\\/yasminfood.ch\\\/de\\\/product\\\/pflanzliche-margarine-mit-tierischem-ghee-geschmack-2-kg\\\/#primaryimage\"},\"thumbnailUrl\":\"https:\\\/\\\/yasminfood.ch\\\/wp-content\\\/uploads\\\/2024\\\/07\\\/\u0633\u0645\u0646\u0629-\u0646\u0628\u0627\u062a\u064a\u0629-\u0628\u0646\u0643\u0647\u0629-\u0627\u0644\u0633\u0645\u0646-\u0627\u0644\u062d\u064a\u0648\u0627\u0646\u064a2-\u0643\u063a.png\",\"datePublished\":\"2024-07-30T17:24:54+00:00\",\"dateModified\":\"2025-03-02T19:09:39+00:00\",\"breadcrumb\":{\"@id\":\"https:\\\/\\\/yasminfood.ch\\\/de\\\/product\\\/pflanzliche-margarine-mit-tierischem-ghee-geschmack-2-kg\\\/#breadcrumb\"},\"inLanguage\":\"de\",\"potentialAction\":[{\"@type\":\"ReadAction\",\"target\":[\"https:\\\/\\\/yasminfood.ch\\\/de\\\/product\\\/pflanzliche-margarine-mit-tierischem-ghee-geschmack-2-kg\\\/\"]}]},{\"@type\":\"ImageObject\",\"inLanguage\":\"de\",\"@id\":\"https:\\\/\\\/yasminfood.ch\\\/de\\\/product\\\/pflanzliche-margarine-mit-tierischem-ghee-geschmack-2-kg\\\/#primaryimage\",\"url\":\"https:\\\/\\\/yasminfood.ch\\\/wp-content\\\/uploads\\\/2024\\\/07\\\/\u0633\u0645\u0646\u0629-\u0646\u0628\u0627\u062a\u064a\u0629-\u0628\u0646\u0643\u0647\u0629-\u0627\u0644\u0633\u0645\u0646-\u0627\u0644\u062d\u064a\u0648\u0627\u0646\u064a2-\u0643\u063a.png\",\"contentUrl\":\"https:\\\/\\\/yasminfood.ch\\\/wp-content\\\/uploads\\\/2024\\\/07\\\/\u0633\u0645\u0646\u0629-\u0646\u0628\u0627\u062a\u064a\u0629-\u0628\u0646\u0643\u0647\u0629-\u0627\u0644\u0633\u0645\u0646-\u0627\u0644\u062d\u064a\u0648\u0627\u0646\u064a2-\u0643\u063a.png\",\"width\":1080,\"height\":1080},{\"@type\":\"BreadcrumbList\",\"@id\":\"https:\\\/\\\/yasminfood.ch\\\/de\\\/product\\\/pflanzliche-margarine-mit-tierischem-ghee-geschmack-2-kg\\\/#breadcrumb\",\"itemListElement\":[{\"@type\":\"ListItem\",\"position\":1,\"name\":\"\u0627\u0644\u0631\u0626\u064a\u0633\u064a\u0629\",\"item\":\"https:\\\/\\\/yasminfood.ch\\\/de\\\/zuhause\\\/\"},{\"@type\":\"ListItem\",\"position\":2,\"name\":\"Shop\",\"item\":\"https:\\\/\\\/yasminfood.ch\\\/de\\\/shop\\\/\"},{\"@type\":\"ListItem\",\"position\":3,\"name\":\"\u00d6le &amp; Margarine\",\"item\":\"https:\\\/\\\/yasminfood.ch\\\/de\\\/produkt-kategorie\\\/oele-margarine\\\/\"},{\"@type\":\"ListItem\",\"position\":4,\"name\":\"Pflanzliche Margarine mit tierischem Ghee-Geschmack 2 kg\"}]},{\"@type\":\"WebSite\",\"@id\":\"https:\\\/\\\/yasminfood.ch\\\/de\\\/#website\",\"url\":\"https:\\\/\\\/yasminfood.ch\\\/de\\\/\",\"name\":\"\u064a\u0627\u0633\u0645\u064a\u0646 \u0645\u0627\u0631\u0643\u062a\",\"description\":\"Alles, was Sie brauchen, an einem Ort\",\"publisher\":{\"@id\":\"https:\\\/\\\/yasminfood.ch\\\/de\\\/#organization\"},\"alternateName\":\"Yasmin Food\",\"potentialAction\":[{\"@type\":\"SearchAction\",\"target\":{\"@type\":\"EntryPoint\",\"urlTemplate\":\"https:\\\/\\\/yasminfood.ch\\\/de\\\/?s={search_term_string}\"},\"query-input\":{\"@type\":\"PropertyValueSpecification\",\"valueRequired\":true,\"valueName\":\"search_term_string\"}}],\"inLanguage\":\"de\"},{\"@type\":\"Organization\",\"@id\":\"https:\\\/\\\/yasminfood.ch\\\/de\\\/#organization\",\"name\":\"\u064a\u0627\u0633\u0645\u064a\u0646 \u0645\u0627\u0631\u0643\u062a\",\"alternateName\":\"Yasmin Food\",\"url\":\"https:\\\/\\\/yasminfood.ch\\\/de\\\/\",\"logo\":{\"@type\":\"ImageObject\",\"inLanguage\":\"de\",\"@id\":\"https:\\\/\\\/yasminfood.ch\\\/de\\\/#\\\/schema\\\/logo\\\/image\\\/\",\"url\":\"https:\\\/\\\/yasminfood.ch\\\/wp-content\\\/uploads\\\/2025\\\/05\\\/yasmin-food-header-logo.png\",\"contentUrl\":\"https:\\\/\\\/yasminfood.ch\\\/wp-content\\\/uploads\\\/2025\\\/05\\\/yasmin-food-header-logo.png\",\"width\":330,\"height\":120,\"caption\":\"\u064a\u0627\u0633\u0645\u064a\u0646 \u0645\u0627\u0631\u0643\u062a\"},\"image\":{\"@id\":\"https:\\\/\\\/yasminfood.ch\\\/de\\\/#\\\/schema\\\/logo\\\/image\\\/\"},\"sameAs\":[\"https:\\\/\\\/www.facebook.com\\\/yasminmarkt1\",\"https:\\\/\\\/www.tiktok.com\\\/@yasminmarkt\",\"https:\\\/\\\/www.instagram.com\\\/yasmin.markt1\\\/\",\"https:\\\/\\\/api.whatsapp.com\\\/send\\\/?phone=41799000104\"],\"publishingPrinciples\":\"https:\\\/\\\/yasminfood.ch\\\/de\\\/shop\\\/\",\"ownershipFundingInfo\":\"https:\\\/\\\/yasminfood.ch\\\/de\\\/shop\\\/\"}]}<\/script>\n<meta property=\"product:price:amount\" content=\"18.00\" \/>\n<meta property=\"product:price:currency\" content=\"CHF\" \/>\n<meta property=\"og:availability\" content=\"out of stock\" \/>\n<meta property=\"product:availability\" content=\"out of stock\" \/>\n<meta property=\"product:condition\" content=\"new\" \/>\n<!-- \/ Yoast SEO Premium plugin. -->","yoast_head_json":{"title":"Pflanzliche Margarine mit tierischem Ghee-Geschmack 2 kg - Yasmin Food","robots":{"index":"index","follow":"follow","max-snippet":"max-snippet:-1","max-image-preview":"max-image-preview:large","max-video-preview":"max-video-preview:-1"},"canonical":"https:\/\/yasminfood.ch\/de\/product\/pflanzliche-margarine-mit-tierischem-ghee-geschmack-2-kg\/","og_locale":"de_DE","og_type":"article","og_title":"Pflanzliche Margarine mit tierischem Ghee-Geschmack 2 kg","og_description":"Entdecken Sie die Margarine des Gem\u00fcses Saad, Die perfekte Alternative f\u00fcr Liebhaber des originellen Geschmacks! Diese Margarine wurde sorgf\u00e4ltig","og_url":"https:\/\/yasminfood.ch\/de\/product\/pflanzliche-margarine-mit-tierischem-ghee-geschmack-2-kg\/","og_site_name":"Yasmin Food","article_publisher":"https:\/\/www.facebook.com\/yasminmarkt1","article_modified_time":"2025-03-02T19:09:39+00:00","og_image":[{"width":1080,"height":1080,"url":"https:\/\/yasminfood.ch\/wp-content\/uploads\/2024\/07\/\u0633\u0645\u0646\u0629-\u0646\u0628\u0627\u062a\u064a\u0629-\u0628\u0646\u0643\u0647\u0629-\u0627\u0644\u0633\u0645\u0646-\u0627\u0644\u062d\u064a\u0648\u0627\u0646\u064a2-\u0643\u063a.png","type":"image\/png"}],"twitter_card":"summary_large_image","twitter_misc":{"Preis":"18.00&nbsp;&#67;&#72;&#70;","Verf\u00fcgbarkeit":"ausverkauft"},"schema":{"@context":"https:\/\/schema.org","@graph":[{"@type":"WebPage","@id":"https:\/\/yasminfood.ch\/de\/product\/pflanzliche-margarine-mit-tierischem-ghee-geschmack-2-kg\/","url":"https:\/\/yasminfood.ch\/de\/product\/pflanzliche-margarine-mit-tierischem-ghee-geschmack-2-kg\/","name":"Pflanzliche Margarine mit tierischem Ghee-Geschmack 2 kg - Yasmin Food","isPartOf":{"@id":"https:\/\/yasminfood.ch\/de\/#website"},"primaryImageOfPage":{"@id":"https:\/\/yasminfood.ch\/de\/product\/pflanzliche-margarine-mit-tierischem-ghee-geschmack-2-kg\/#primaryimage"},"image":{"@id":"https:\/\/yasminfood.ch\/de\/product\/pflanzliche-margarine-mit-tierischem-ghee-geschmack-2-kg\/#primaryimage"},"thumbnailUrl":"https:\/\/yasminfood.ch\/wp-content\/uploads\/2024\/07\/\u0633\u0645\u0646\u0629-\u0646\u0628\u0627\u062a\u064a\u0629-\u0628\u0646\u0643\u0647\u0629-\u0627\u0644\u0633\u0645\u0646-\u0627\u0644\u062d\u064a\u0648\u0627\u0646\u064a2-\u0643\u063a.png","datePublished":"2024-07-30T17:24:54+00:00","dateModified":"2025-03-02T19:09:39+00:00","breadcrumb":{"@id":"https:\/\/yasminfood.ch\/de\/product\/pflanzliche-margarine-mit-tierischem-ghee-geschmack-2-kg\/#breadcrumb"},"inLanguage":"de","potentialAction":[{"@type":"ReadAction","target":["https:\/\/yasminfood.ch\/de\/product\/pflanzliche-margarine-mit-tierischem-ghee-geschmack-2-kg\/"]}]},{"@type":"ImageObject","inLanguage":"de","@id":"https:\/\/yasminfood.ch\/de\/product\/pflanzliche-margarine-mit-tierischem-ghee-geschmack-2-kg\/#primaryimage","url":"https:\/\/yasminfood.ch\/wp-content\/uploads\/2024\/07\/\u0633\u0645\u0646\u0629-\u0646\u0628\u0627\u062a\u064a\u0629-\u0628\u0646\u0643\u0647\u0629-\u0627\u0644\u0633\u0645\u0646-\u0627\u0644\u062d\u064a\u0648\u0627\u0646\u064a2-\u0643\u063a.png","contentUrl":"https:\/\/yasminfood.ch\/wp-content\/uploads\/2024\/07\/\u0633\u0645\u0646\u0629-\u0646\u0628\u0627\u062a\u064a\u0629-\u0628\u0646\u0643\u0647\u0629-\u0627\u0644\u0633\u0645\u0646-\u0627\u0644\u062d\u064a\u0648\u0627\u0646\u064a2-\u0643\u063a.png","width":1080,"height":1080},{"@type":"BreadcrumbList","@id":"https:\/\/yasminfood.ch\/de\/product\/pflanzliche-margarine-mit-tierischem-ghee-geschmack-2-kg\/#breadcrumb","itemListElement":[{"@type":"ListItem","position":1,"name":"\u0627\u0644\u0631\u0626\u064a\u0633\u064a\u0629","item":"https:\/\/yasminfood.ch\/de\/zuhause\/"},{"@type":"ListItem","position":2,"name":"Shop","item":"https:\/\/yasminfood.ch\/de\/shop\/"},{"@type":"ListItem","position":3,"name":"\u00d6le &amp; Margarine","item":"https:\/\/yasminfood.ch\/de\/produkt-kategorie\/oele-margarine\/"},{"@type":"ListItem","position":4,"name":"Pflanzliche Margarine mit tierischem Ghee-Geschmack 2 kg"}]},{"@type":"WebSite","@id":"https:\/\/yasminfood.ch\/de\/#website","url":"https:\/\/yasminfood.ch\/de\/","name":"\u064a\u0627\u0633\u0645\u064a\u0646 \u0645\u0627\u0631\u0643\u062a","description":"Alles, was Sie brauchen, an einem Ort","publisher":{"@id":"https:\/\/yasminfood.ch\/de\/#organization"},"alternateName":"Yasmin Food","potentialAction":[{"@type":"SearchAction","target":{"@type":"EntryPoint","urlTemplate":"https:\/\/yasminfood.ch\/de\/?s={search_term_string}"},"query-input":{"@type":"PropertyValueSpecification","valueRequired":true,"valueName":"search_term_string"}}],"inLanguage":"de"},{"@type":"Organization","@id":"https:\/\/yasminfood.ch\/de\/#organization","name":"\u064a\u0627\u0633\u0645\u064a\u0646 \u0645\u0627\u0631\u0643\u062a","alternateName":"Yasmin Food","url":"https:\/\/yasminfood.ch\/de\/","logo":{"@type":"ImageObject","inLanguage":"de","@id":"https:\/\/yasminfood.ch\/de\/#\/schema\/logo\/image\/","url":"https:\/\/yasminfood.ch\/wp-content\/uploads\/2025\/05\/yasmin-food-header-logo.png","contentUrl":"https:\/\/yasminfood.ch\/wp-content\/uploads\/2025\/05\/yasmin-food-header-logo.png","width":330,"height":120,"caption":"\u064a\u0627\u0633\u0645\u064a\u0646 \u0645\u0627\u0631\u0643\u062a"},"image":{"@id":"https:\/\/yasminfood.ch\/de\/#\/schema\/logo\/image\/"},"sameAs":["https:\/\/www.facebook.com\/yasminmarkt1","https:\/\/www.tiktok.com\/@yasminmarkt","https:\/\/www.instagram.com\/yasmin.markt1\/","https:\/\/api.whatsapp.com\/send\/?phone=41799000104"],"publishingPrinciples":"https:\/\/yasminfood.ch\/de\/shop\/","ownershipFundingInfo":"https:\/\/yasminfood.ch\/de\/shop\/"}]},"product_price_amount":"18.00","product_price_currency":"CHF","og_availability":"out of stock","product_availability":"out of stock","product_condition":"new"},"jetpack_sharing_enabled":true,"_links":{"self":[{"href":"https:\/\/yasminfood.ch\/de\/wp-json\/wp\/v2\/product\/108122","targetHints":{"allow":["GET"]}}],"collection":[{"href":"https:\/\/yasminfood.ch\/de\/wp-json\/wp\/v2\/product"}],"about":[{"href":"https:\/\/yasminfood.ch\/de\/wp-json\/wp\/v2\/types\/product"}],"replies":[{"embeddable":true,"href":"https:\/\/yasminfood.ch\/de\/wp-json\/wp\/v2\/comments?post=108122"}],"version-history":[{"count":0,"href":"https:\/\/yasminfood.ch\/de\/wp-json\/wp\/v2\/product\/108122\/revisions"}],"wp:featuredmedia":[{"embeddable":true,"href":"https:\/\/yasminfood.ch\/de\/wp-json\/wp\/v2\/media\/110425"}],"wp:attachment":[{"href":"https:\/\/yasminfood.ch\/de\/wp-json\/wp\/v2\/media?parent=108122"}],"wp:term":[{"taxonomy":"product_brand","embeddable":true,"href":"https:\/\/yasminfood.ch\/de\/wp-json\/wp\/v2\/product_brand?post=108122"},{"taxonomy":"product_cat","embeddable":true,"href":"https:\/\/yasminfood.ch\/de\/wp-json\/wp\/v2\/product_cat?post=108122"},{"taxonomy":"product_tag","embeddable":true,"href":"https:\/\/yasminfood.ch\/de\/wp-json\/wp\/v2\/product_tag?post=108122"}],"curies":[{"name":"wp","href":"https:\/\/api.w.org\/{rel}","templated":true}]}}