{"id":108573,"date":"2025-02-12T11:50:09","date_gmt":"2025-02-12T10:50:09","guid":{"rendered":"https:\/\/yasminfood.ch\/product\/milch-dingo-waffel-kekse-21g-16-stueck\/"},"modified":"2025-11-08T12:16:45","modified_gmt":"2025-11-08T11:16:45","slug":"milch-dingo-waffel-kekse-21g-16-stueck","status":"publish","type":"product","link":"https:\/\/yasminfood.ch\/de\/product\/milch-dingo-waffel-kekse-21g-16-stueck\/","title":{"rendered":"Dingo Waffel mit Milch 21g (16 St\u00fcck)"},"content":{"rendered":"<p><strong>Dingo Waffel mit Milch 21g (16 St\u00fcck)<\/strong><\/p>\n<ul>\n<li>Eine leichte Textur, eine k\u00f6stliche, knusprige Milchf\u00fcllung und eine weiche Milchf\u00fcllung verleihen Ihnen einen leichten und liebenswerten Geschmack. Geeignet f\u00fcr die Schule, die Arbeit, Ausfl\u00fcge oder als Snack w\u00e4hrend des Tages. <\/li>\n<\/ul>\n<p data-start=\"371\" data-end=\"564\"><strong data-start=\"371\" data-end=\"388\">Produktmerkmale<\/strong><br data-start=\"388\" data-end=\"391\">\u2022 Weiche Milchf\u00fcllung in einer knusprigen Waffel<br data-start=\"426\" data-end=\"429\">\u2022 Praktische 16-teilige Packung<br data-start=\"453\" data-end=\"456\">\u2022 Leichter Geschmack, geeignet f\u00fcr Kinder und Erwachsene<br data-start=\"487\" data-end=\"490\">\u2022 Gute Wahl f\u00fcr Gastfreundschaft oder t\u00e4glichen Genuss<br data-start=\"528\" data-end=\"531\">\u2022 Taschenfreundlich und schnell einsetzbar<\/p>\n","protected":false},"excerpt":{"rendered":"<p><strong>Dingo Waffel mit Milch 21g (16 St\u00fcck)<\/strong><\/p>\n<ul>\n<li>Eine leichte Textur, eine k\u00f6stliche, knusprige Milchf\u00fcllung und eine weiche Milchf\u00fcllung verleihen Ihnen einen leichten und liebenswerten Geschmack. Geeignet f\u00fcr die Schule, die Arbeit, Ausfl\u00fcge oder als Snack w\u00e4hrend des Tages. <\/li>\n<\/ul>\n<p data-start=\"371\" data-end=\"564\">\n","protected":false},"featured_media":110675,"comment_status":"open","ping_status":"closed","template":"","meta":[],"product_brand":[],"product_cat":[297,305],"product_tag":[],"class_list":{"0":"post-108573","1":"product","2":"type-product","3":"status-publish","4":"has-post-thumbnail","6":"product_cat-dessert-chips-2","7":"product_cat-kekse","9":"first","10":"instock","11":"taxable","12":"shipping-taxable","13":"purchasable","14":"product-type-simple"},"yoast_head":"<!-- This site is optimized with the Yoast SEO Premium plugin v26.5 (Yoast SEO v27.3) - https:\/\/yoast.com\/product\/yoast-seo-premium-wordpress\/ -->\n<title>Dingo Waffel mit Milch 21g (16 St\u00fcck) - Yasmin Food<\/title>\n<meta name=\"description\" content=\"Genie\u00dfen Sie eine leichte und liebenswerte Mischung mit Dingo Waffelmilch 21g (16 St\u00fcck). Sein k\u00f6stlicher Geschmack ist f\u00fcr jeden geeignet, probieren Sie ihn jetzt aus! Dingo Waffel mit Milch 21g (16 St\u00fcck)\" \/>\n<meta name=\"robots\" content=\"index, follow, max-snippet:-1, max-image-preview:large, max-video-preview:-1\" \/>\n<link rel=\"canonical\" href=\"https:\/\/yasminfood.ch\/de\/product\/milch-dingo-waffel-kekse-21g-16-stueck\/\" \/>\n<meta property=\"og:locale\" content=\"de_DE\" \/>\n<meta property=\"og:type\" content=\"article\" \/>\n<meta property=\"og:title\" content=\"Dingo Waffel mit Milch 21g (16 St\u00fcck)\" \/>\n<meta property=\"og:description\" content=\"Dingo Waffel mit Milch 21g (16 St\u00fcck)  Eine leichte Textur, eine k\u00f6stliche, knusprige Milchf\u00fcllung und eine weiche Milchf\u00fcllung verleihen Ihnen einen leichten und liebenswerten Geschmack. Geeignet f\u00fcr die Schule, die Arbeit, Ausfl\u00fcge oder als Snack w\u00e4hrend des Tages.\" \/>\n<meta property=\"og:url\" content=\"https:\/\/yasminfood.ch\/de\/product\/milch-dingo-waffel-kekse-21g-16-stueck\/\" \/>\n<meta property=\"og:site_name\" content=\"Yasmin Food\" \/>\n<meta property=\"article:publisher\" content=\"https:\/\/www.facebook.com\/yasminmarkt1\" \/>\n<meta property=\"article:modified_time\" content=\"2025-11-08T11:16:45+00:00\" \/>\n<meta property=\"og:image\" content=\"https:\/\/yasminfood.ch\/wp-content\/uploads\/2025\/02\/\u0628\u0633\u0643\u0648\u062a-\u0648\u064a\u0641\u0631-\u0628\u0627\u0644\u0634\u0648\u0643\u0648\u0644\u0627-\u0627\u0644\u0628\u064a\u0636\u0627\u0621-\u062f\u064a\u0646\u063a\u0648-16-\u0642\u0637\u0639\u0629.png\" \/>\n\t<meta property=\"og:image:width\" content=\"1080\" \/>\n\t<meta property=\"og:image:height\" content=\"1080\" \/>\n\t<meta property=\"og:image:type\" content=\"image\/png\" \/>\n<meta name=\"twitter:card\" content=\"summary_large_image\" \/>\n<meta name=\"twitter:label1\" content=\"Preis\" \/>\n\t<meta name=\"twitter:data1\" content=\"6.95&nbsp;&#067;&#072;&#070;\" \/>\n\t<meta name=\"twitter:label2\" content=\"Verf\u00fcgbarkeit\" \/>\n\t<meta name=\"twitter:data2\" content=\"Auf Lager\" \/>\n<script type=\"application\/ld+json\" class=\"yoast-schema-graph\">{\"@context\":\"https:\\\/\\\/schema.org\",\"@graph\":[{\"@type\":\"WebPage\",\"@id\":\"https:\\\/\\\/yasminfood.ch\\\/de\\\/product\\\/milch-dingo-waffel-kekse-21g-16-stueck\\\/\",\"url\":\"https:\\\/\\\/yasminfood.ch\\\/de\\\/product\\\/milch-dingo-waffel-kekse-21g-16-stueck\\\/\",\"name\":\"Dingo Waffel mit Milch 21g (16 St\u00fcck) - Yasmin Food\",\"isPartOf\":{\"@id\":\"https:\\\/\\\/yasminfood.ch\\\/de\\\/#website\"},\"primaryImageOfPage\":{\"@id\":\"https:\\\/\\\/yasminfood.ch\\\/de\\\/product\\\/milch-dingo-waffel-kekse-21g-16-stueck\\\/#primaryimage\"},\"image\":{\"@id\":\"https:\\\/\\\/yasminfood.ch\\\/de\\\/product\\\/milch-dingo-waffel-kekse-21g-16-stueck\\\/#primaryimage\"},\"thumbnailUrl\":\"https:\\\/\\\/yasminfood.ch\\\/wp-content\\\/uploads\\\/2025\\\/02\\\/\u0628\u0633\u0643\u0648\u062a-\u0648\u064a\u0641\u0631-\u0628\u0627\u0644\u0634\u0648\u0643\u0648\u0644\u0627-\u0627\u0644\u0628\u064a\u0636\u0627\u0621-\u062f\u064a\u0646\u063a\u0648-16-\u0642\u0637\u0639\u0629.png\",\"datePublished\":\"2025-02-12T10:50:09+00:00\",\"dateModified\":\"2025-11-08T11:16:45+00:00\",\"description\":\"Genie\u00dfen Sie eine leichte und liebenswerte Mischung mit Dingo Waffelmilch 21g (16 St\u00fcck). Sein k\u00f6stlicher Geschmack ist f\u00fcr jeden geeignet, probieren Sie ihn jetzt aus! Dingo Waffel mit Milch 21g (16 St\u00fcck)\",\"breadcrumb\":{\"@id\":\"https:\\\/\\\/yasminfood.ch\\\/de\\\/product\\\/milch-dingo-waffel-kekse-21g-16-stueck\\\/#breadcrumb\"},\"inLanguage\":\"de\",\"potentialAction\":[{\"@type\":\"ReadAction\",\"target\":[\"https:\\\/\\\/yasminfood.ch\\\/de\\\/product\\\/milch-dingo-waffel-kekse-21g-16-stueck\\\/\"]}]},{\"@type\":\"ImageObject\",\"inLanguage\":\"de\",\"@id\":\"https:\\\/\\\/yasminfood.ch\\\/de\\\/product\\\/milch-dingo-waffel-kekse-21g-16-stueck\\\/#primaryimage\",\"url\":\"https:\\\/\\\/yasminfood.ch\\\/wp-content\\\/uploads\\\/2025\\\/02\\\/\u0628\u0633\u0643\u0648\u062a-\u0648\u064a\u0641\u0631-\u0628\u0627\u0644\u0634\u0648\u0643\u0648\u0644\u0627-\u0627\u0644\u0628\u064a\u0636\u0627\u0621-\u062f\u064a\u0646\u063a\u0648-16-\u0642\u0637\u0639\u0629.png\",\"contentUrl\":\"https:\\\/\\\/yasminfood.ch\\\/wp-content\\\/uploads\\\/2025\\\/02\\\/\u0628\u0633\u0643\u0648\u062a-\u0648\u064a\u0641\u0631-\u0628\u0627\u0644\u0634\u0648\u0643\u0648\u0644\u0627-\u0627\u0644\u0628\u064a\u0636\u0627\u0621-\u062f\u064a\u0646\u063a\u0648-16-\u0642\u0637\u0639\u0629.png\",\"width\":1080,\"height\":1080,\"caption\":\"Dingo Waffel mit Milch 21g (16 St\u00fcck)\"},{\"@type\":\"BreadcrumbList\",\"@id\":\"https:\\\/\\\/yasminfood.ch\\\/de\\\/product\\\/milch-dingo-waffel-kekse-21g-16-stueck\\\/#breadcrumb\",\"itemListElement\":[{\"@type\":\"ListItem\",\"position\":1,\"name\":\"\u0627\u0644\u0631\u0626\u064a\u0633\u064a\u0629\",\"item\":\"https:\\\/\\\/yasminfood.ch\\\/de\\\/zuhause\\\/\"},{\"@type\":\"ListItem\",\"position\":2,\"name\":\"Shop\",\"item\":\"https:\\\/\\\/yasminfood.ch\\\/de\\\/shop\\\/\"},{\"@type\":\"ListItem\",\"position\":3,\"name\":\"Dessert &amp; Chips\",\"item\":\"https:\\\/\\\/yasminfood.ch\\\/de\\\/produkt-kategorie\\\/dessert-chips-2\\\/\"},{\"@type\":\"ListItem\",\"position\":4,\"name\":\"Kekse\",\"item\":\"https:\\\/\\\/yasminfood.ch\\\/de\\\/produkt-kategorie\\\/dessert-chips-2\\\/kekse\\\/\"},{\"@type\":\"ListItem\",\"position\":5,\"name\":\"Dingo Waffel mit Milch 21g (16 St\u00fcck)\"}]},{\"@type\":\"WebSite\",\"@id\":\"https:\\\/\\\/yasminfood.ch\\\/de\\\/#website\",\"url\":\"https:\\\/\\\/yasminfood.ch\\\/de\\\/\",\"name\":\"\u064a\u0627\u0633\u0645\u064a\u0646 \u0645\u0627\u0631\u0643\u062a\",\"description\":\"Alles, was Sie brauchen, an einem Ort\",\"publisher\":{\"@id\":\"https:\\\/\\\/yasminfood.ch\\\/de\\\/#organization\"},\"alternateName\":\"Yasmin Food\",\"potentialAction\":[{\"@type\":\"SearchAction\",\"target\":{\"@type\":\"EntryPoint\",\"urlTemplate\":\"https:\\\/\\\/yasminfood.ch\\\/de\\\/?s={search_term_string}\"},\"query-input\":{\"@type\":\"PropertyValueSpecification\",\"valueRequired\":true,\"valueName\":\"search_term_string\"}}],\"inLanguage\":\"de\"},{\"@type\":\"Organization\",\"@id\":\"https:\\\/\\\/yasminfood.ch\\\/de\\\/#organization\",\"name\":\"\u064a\u0627\u0633\u0645\u064a\u0646 \u0645\u0627\u0631\u0643\u062a\",\"alternateName\":\"Yasmin Food\",\"url\":\"https:\\\/\\\/yasminfood.ch\\\/de\\\/\",\"logo\":{\"@type\":\"ImageObject\",\"inLanguage\":\"de\",\"@id\":\"https:\\\/\\\/yasminfood.ch\\\/de\\\/#\\\/schema\\\/logo\\\/image\\\/\",\"url\":\"https:\\\/\\\/yasminfood.ch\\\/wp-content\\\/uploads\\\/2025\\\/05\\\/yasmin-food-header-logo.png\",\"contentUrl\":\"https:\\\/\\\/yasminfood.ch\\\/wp-content\\\/uploads\\\/2025\\\/05\\\/yasmin-food-header-logo.png\",\"width\":330,\"height\":120,\"caption\":\"\u064a\u0627\u0633\u0645\u064a\u0646 \u0645\u0627\u0631\u0643\u062a\"},\"image\":{\"@id\":\"https:\\\/\\\/yasminfood.ch\\\/de\\\/#\\\/schema\\\/logo\\\/image\\\/\"},\"sameAs\":[\"https:\\\/\\\/www.facebook.com\\\/yasminmarkt1\",\"https:\\\/\\\/www.tiktok.com\\\/@yasminmarkt\",\"https:\\\/\\\/www.instagram.com\\\/yasmin.markt1\\\/\",\"https:\\\/\\\/api.whatsapp.com\\\/send\\\/?phone=41799000104\"],\"publishingPrinciples\":\"https:\\\/\\\/yasminfood.ch\\\/de\\\/shop\\\/\",\"ownershipFundingInfo\":\"https:\\\/\\\/yasminfood.ch\\\/de\\\/shop\\\/\"}]}<\/script>\n<meta property=\"product:price:amount\" content=\"6.95\" \/>\n<meta property=\"product:price:currency\" content=\"CHF\" \/>\n<meta property=\"og:availability\" content=\"instock\" \/>\n<meta property=\"product:availability\" content=\"instock\" \/>\n<meta property=\"product:condition\" content=\"new\" \/>\n<!-- \/ Yoast SEO Premium plugin. -->","yoast_head_json":{"title":"Dingo Waffel mit Milch 21g (16 St\u00fcck) - Yasmin Food","description":"Genie\u00dfen Sie eine leichte und liebenswerte Mischung mit Dingo Waffelmilch 21g (16 St\u00fcck). Sein k\u00f6stlicher Geschmack ist f\u00fcr jeden geeignet, probieren Sie ihn jetzt aus! Dingo Waffel mit Milch 21g (16 St\u00fcck)","robots":{"index":"index","follow":"follow","max-snippet":"max-snippet:-1","max-image-preview":"max-image-preview:large","max-video-preview":"max-video-preview:-1"},"canonical":"https:\/\/yasminfood.ch\/de\/product\/milch-dingo-waffel-kekse-21g-16-stueck\/","og_locale":"de_DE","og_type":"article","og_title":"Dingo Waffel mit Milch 21g (16 St\u00fcck)","og_description":"Dingo Waffel mit Milch 21g (16 St\u00fcck)  Eine leichte Textur, eine k\u00f6stliche, knusprige Milchf\u00fcllung und eine weiche Milchf\u00fcllung verleihen Ihnen einen leichten und liebenswerten Geschmack. Geeignet f\u00fcr die Schule, die Arbeit, Ausfl\u00fcge oder als Snack w\u00e4hrend des Tages.","og_url":"https:\/\/yasminfood.ch\/de\/product\/milch-dingo-waffel-kekse-21g-16-stueck\/","og_site_name":"Yasmin Food","article_publisher":"https:\/\/www.facebook.com\/yasminmarkt1","article_modified_time":"2025-11-08T11:16:45+00:00","og_image":[{"width":1080,"height":1080,"url":"https:\/\/yasminfood.ch\/wp-content\/uploads\/2025\/02\/\u0628\u0633\u0643\u0648\u062a-\u0648\u064a\u0641\u0631-\u0628\u0627\u0644\u0634\u0648\u0643\u0648\u0644\u0627-\u0627\u0644\u0628\u064a\u0636\u0627\u0621-\u062f\u064a\u0646\u063a\u0648-16-\u0642\u0637\u0639\u0629.png","type":"image\/png"}],"twitter_card":"summary_large_image","twitter_misc":{"Preis":"6.95&nbsp;&#67;&#72;&#70;","Verf\u00fcgbarkeit":"Auf Lager"},"schema":{"@context":"https:\/\/schema.org","@graph":[{"@type":"WebPage","@id":"https:\/\/yasminfood.ch\/de\/product\/milch-dingo-waffel-kekse-21g-16-stueck\/","url":"https:\/\/yasminfood.ch\/de\/product\/milch-dingo-waffel-kekse-21g-16-stueck\/","name":"Dingo Waffel mit Milch 21g (16 St\u00fcck) - Yasmin Food","isPartOf":{"@id":"https:\/\/yasminfood.ch\/de\/#website"},"primaryImageOfPage":{"@id":"https:\/\/yasminfood.ch\/de\/product\/milch-dingo-waffel-kekse-21g-16-stueck\/#primaryimage"},"image":{"@id":"https:\/\/yasminfood.ch\/de\/product\/milch-dingo-waffel-kekse-21g-16-stueck\/#primaryimage"},"thumbnailUrl":"https:\/\/yasminfood.ch\/wp-content\/uploads\/2025\/02\/\u0628\u0633\u0643\u0648\u062a-\u0648\u064a\u0641\u0631-\u0628\u0627\u0644\u0634\u0648\u0643\u0648\u0644\u0627-\u0627\u0644\u0628\u064a\u0636\u0627\u0621-\u062f\u064a\u0646\u063a\u0648-16-\u0642\u0637\u0639\u0629.png","datePublished":"2025-02-12T10:50:09+00:00","dateModified":"2025-11-08T11:16:45+00:00","description":"Genie\u00dfen Sie eine leichte und liebenswerte Mischung mit Dingo Waffelmilch 21g (16 St\u00fcck). Sein k\u00f6stlicher Geschmack ist f\u00fcr jeden geeignet, probieren Sie ihn jetzt aus! Dingo Waffel mit Milch 21g (16 St\u00fcck)","breadcrumb":{"@id":"https:\/\/yasminfood.ch\/de\/product\/milch-dingo-waffel-kekse-21g-16-stueck\/#breadcrumb"},"inLanguage":"de","potentialAction":[{"@type":"ReadAction","target":["https:\/\/yasminfood.ch\/de\/product\/milch-dingo-waffel-kekse-21g-16-stueck\/"]}]},{"@type":"ImageObject","inLanguage":"de","@id":"https:\/\/yasminfood.ch\/de\/product\/milch-dingo-waffel-kekse-21g-16-stueck\/#primaryimage","url":"https:\/\/yasminfood.ch\/wp-content\/uploads\/2025\/02\/\u0628\u0633\u0643\u0648\u062a-\u0648\u064a\u0641\u0631-\u0628\u0627\u0644\u0634\u0648\u0643\u0648\u0644\u0627-\u0627\u0644\u0628\u064a\u0636\u0627\u0621-\u062f\u064a\u0646\u063a\u0648-16-\u0642\u0637\u0639\u0629.png","contentUrl":"https:\/\/yasminfood.ch\/wp-content\/uploads\/2025\/02\/\u0628\u0633\u0643\u0648\u062a-\u0648\u064a\u0641\u0631-\u0628\u0627\u0644\u0634\u0648\u0643\u0648\u0644\u0627-\u0627\u0644\u0628\u064a\u0636\u0627\u0621-\u062f\u064a\u0646\u063a\u0648-16-\u0642\u0637\u0639\u0629.png","width":1080,"height":1080,"caption":"Dingo Waffel mit Milch 21g (16 St\u00fcck)"},{"@type":"BreadcrumbList","@id":"https:\/\/yasminfood.ch\/de\/product\/milch-dingo-waffel-kekse-21g-16-stueck\/#breadcrumb","itemListElement":[{"@type":"ListItem","position":1,"name":"\u0627\u0644\u0631\u0626\u064a\u0633\u064a\u0629","item":"https:\/\/yasminfood.ch\/de\/zuhause\/"},{"@type":"ListItem","position":2,"name":"Shop","item":"https:\/\/yasminfood.ch\/de\/shop\/"},{"@type":"ListItem","position":3,"name":"Dessert &amp; Chips","item":"https:\/\/yasminfood.ch\/de\/produkt-kategorie\/dessert-chips-2\/"},{"@type":"ListItem","position":4,"name":"Kekse","item":"https:\/\/yasminfood.ch\/de\/produkt-kategorie\/dessert-chips-2\/kekse\/"},{"@type":"ListItem","position":5,"name":"Dingo Waffel mit Milch 21g (16 St\u00fcck)"}]},{"@type":"WebSite","@id":"https:\/\/yasminfood.ch\/de\/#website","url":"https:\/\/yasminfood.ch\/de\/","name":"\u064a\u0627\u0633\u0645\u064a\u0646 \u0645\u0627\u0631\u0643\u062a","description":"Alles, was Sie brauchen, an einem Ort","publisher":{"@id":"https:\/\/yasminfood.ch\/de\/#organization"},"alternateName":"Yasmin Food","potentialAction":[{"@type":"SearchAction","target":{"@type":"EntryPoint","urlTemplate":"https:\/\/yasminfood.ch\/de\/?s={search_term_string}"},"query-input":{"@type":"PropertyValueSpecification","valueRequired":true,"valueName":"search_term_string"}}],"inLanguage":"de"},{"@type":"Organization","@id":"https:\/\/yasminfood.ch\/de\/#organization","name":"\u064a\u0627\u0633\u0645\u064a\u0646 \u0645\u0627\u0631\u0643\u062a","alternateName":"Yasmin Food","url":"https:\/\/yasminfood.ch\/de\/","logo":{"@type":"ImageObject","inLanguage":"de","@id":"https:\/\/yasminfood.ch\/de\/#\/schema\/logo\/image\/","url":"https:\/\/yasminfood.ch\/wp-content\/uploads\/2025\/05\/yasmin-food-header-logo.png","contentUrl":"https:\/\/yasminfood.ch\/wp-content\/uploads\/2025\/05\/yasmin-food-header-logo.png","width":330,"height":120,"caption":"\u064a\u0627\u0633\u0645\u064a\u0646 \u0645\u0627\u0631\u0643\u062a"},"image":{"@id":"https:\/\/yasminfood.ch\/de\/#\/schema\/logo\/image\/"},"sameAs":["https:\/\/www.facebook.com\/yasminmarkt1","https:\/\/www.tiktok.com\/@yasminmarkt","https:\/\/www.instagram.com\/yasmin.markt1\/","https:\/\/api.whatsapp.com\/send\/?phone=41799000104"],"publishingPrinciples":"https:\/\/yasminfood.ch\/de\/shop\/","ownershipFundingInfo":"https:\/\/yasminfood.ch\/de\/shop\/"}]},"product_price_amount":"6.95","product_price_currency":"CHF","og_availability":"instock","product_availability":"instock","product_condition":"new"},"jetpack_sharing_enabled":true,"_links":{"self":[{"href":"https:\/\/yasminfood.ch\/de\/wp-json\/wp\/v2\/product\/108573","targetHints":{"allow":["GET"]}}],"collection":[{"href":"https:\/\/yasminfood.ch\/de\/wp-json\/wp\/v2\/product"}],"about":[{"href":"https:\/\/yasminfood.ch\/de\/wp-json\/wp\/v2\/types\/product"}],"replies":[{"embeddable":true,"href":"https:\/\/yasminfood.ch\/de\/wp-json\/wp\/v2\/comments?post=108573"}],"version-history":[{"count":1,"href":"https:\/\/yasminfood.ch\/de\/wp-json\/wp\/v2\/product\/108573\/revisions"}],"predecessor-version":[{"id":120651,"href":"https:\/\/yasminfood.ch\/de\/wp-json\/wp\/v2\/product\/108573\/revisions\/120651"}],"wp:featuredmedia":[{"embeddable":true,"href":"https:\/\/yasminfood.ch\/de\/wp-json\/wp\/v2\/media\/110675"}],"wp:attachment":[{"href":"https:\/\/yasminfood.ch\/de\/wp-json\/wp\/v2\/media?parent=108573"}],"wp:term":[{"taxonomy":"product_brand","embeddable":true,"href":"https:\/\/yasminfood.ch\/de\/wp-json\/wp\/v2\/product_brand?post=108573"},{"taxonomy":"product_cat","embeddable":true,"href":"https:\/\/yasminfood.ch\/de\/wp-json\/wp\/v2\/product_cat?post=108573"},{"taxonomy":"product_tag","embeddable":true,"href":"https:\/\/yasminfood.ch\/de\/wp-json\/wp\/v2\/product_tag?post=108573"}],"curies":[{"name":"wp","href":"https:\/\/api.w.org\/{rel}","templated":true}]}}