{"id":108723,"date":"2025-02-13T22:50:31","date_gmt":"2025-02-13T21:50:31","guid":{"rendered":"https:\/\/yasminfood.ch\/product\/thunfisch-grosse-stuecke-mit-sonnenblumenoel-lara-160g-suess\/"},"modified":"2025-02-14T10:08:10","modified_gmt":"2025-02-14T09:08:10","slug":"thunfisch-grosse-stuecke-mit-sonnenblumenoel-lara-160g-suess","status":"publish","type":"product","link":"https:\/\/yasminfood.ch\/de\/product\/thunfisch-grosse-stuecke-mit-sonnenblumenoel-lara-160g-suess\/","title":{"rendered":"Thunfisch in Sonnenblumen\u00f6l geschnitten Lara 160g \/ s\u00fc\u00df \/"},"content":{"rendered":"<p>Thunfisch gro\u00dfe St\u00fccke mit Sonnenblumen\u00f6l \/ s\u00fc\u00df \/ von Lara ist eine sehr ber\u00fchmte und weithin bekannte Meeresfr\u00fcchte, insbesondere f\u00fcr Menschen, die sich f\u00fcr Gesundheit interessieren und ein gesundes Protein suchen, das den Cholesterinspiegel im Blut nicht beeinflusst. Es hat auch viele Vorteile, da es reich an Vitaminen und Mineralstoffen ist, Es gilt als gesunde Option f\u00fcr Kinder, da es zum Fr\u00fchst\u00fcck mit Gem\u00fcse serviert werden kann, um einen k\u00f6stlichen Geschmack und einen hohen Nutzen zu erzielen. Thunfisch ist die ideale Wahl, da er in Dosen verpackt und mit den besten Methoden und Techniken hergestellt wird<\/p>\n<p>&nbsp;<\/p>\n","protected":false},"excerpt":{"rendered":"<p>Thunfisch gro\u00dfe St\u00fccke mit Sonnenblumen\u00f6l \/ s\u00fc\u00df \/ von Lara ist eine sehr ber\u00fchmte und weithin bekannte Meeresfr\u00fcchte, insbesondere f\u00fcr<\/p>\n","protected":false},"featured_media":109523,"comment_status":"open","ping_status":"closed","template":"","meta":[],"product_brand":[],"product_cat":[245,264],"product_tag":[],"class_list":{"0":"post-108723","1":"product","2":"type-product","3":"status-publish","4":"has-post-thumbnail","6":"product_cat-konserven-lebensmittel","7":"product_cat-thunfisch-sardine","9":"first","10":"instock","11":"taxable","12":"shipping-taxable","13":"purchasable","14":"product-type-simple"},"yoast_head":"<!-- This site is optimized with the Yoast SEO Premium plugin v26.5 (Yoast SEO v27.3) - https:\/\/yoast.com\/product\/yoast-seo-premium-wordpress\/ -->\n<title>Thunfisch in Sonnenblumen\u00f6l geschnitten Lara 160g \/ s\u00fc\u00df \/ - Yasmin Food<\/title>\n<meta name=\"robots\" content=\"index, follow, max-snippet:-1, max-image-preview:large, max-video-preview:-1\" \/>\n<link rel=\"canonical\" href=\"https:\/\/yasminfood.ch\/de\/product\/thunfisch-grosse-stuecke-mit-sonnenblumenoel-lara-160g-suess\/\" \/>\n<meta property=\"og:locale\" content=\"de_DE\" \/>\n<meta property=\"og:type\" content=\"article\" \/>\n<meta property=\"og:title\" content=\"Thunfisch in Sonnenblumen\u00f6l geschnitten Lara 160g \/ s\u00fc\u00df \/\" \/>\n<meta property=\"og:description\" content=\"Thunfisch gro\u00dfe St\u00fccke mit Sonnenblumen\u00f6l \/ s\u00fc\u00df \/ von Lara ist eine sehr ber\u00fchmte und weithin bekannte Meeresfr\u00fcchte, insbesondere f\u00fcr Menschen, die sich\" \/>\n<meta property=\"og:url\" content=\"https:\/\/yasminfood.ch\/de\/product\/thunfisch-grosse-stuecke-mit-sonnenblumenoel-lara-160g-suess\/\" \/>\n<meta property=\"og:site_name\" content=\"Yasmin Food\" \/>\n<meta property=\"article:publisher\" content=\"https:\/\/www.facebook.com\/yasminmarkt1\" \/>\n<meta property=\"article:modified_time\" content=\"2025-02-14T09:08:10+00:00\" \/>\n<meta property=\"og:image\" content=\"https:\/\/yasminfood.ch\/wp-content\/uploads\/2025\/02\/\u0637\u0648\u0646-\u0628\u0627\u0631\u062f-\u0644\u0627\u0631\u0627-160\u063a.png\" \/>\n\t<meta property=\"og:image:width\" content=\"1080\" \/>\n\t<meta property=\"og:image:height\" content=\"1080\" \/>\n\t<meta property=\"og:image:type\" content=\"image\/png\" \/>\n<meta name=\"twitter:card\" content=\"summary_large_image\" \/>\n<meta name=\"twitter:label1\" content=\"Preis\" \/>\n\t<meta name=\"twitter:data1\" content=\"2.25&nbsp;&#067;&#072;&#070;\" \/>\n\t<meta name=\"twitter:label2\" content=\"Verf\u00fcgbarkeit\" \/>\n\t<meta name=\"twitter:data2\" content=\"Auf Lager\" \/>\n<script type=\"application\/ld+json\" class=\"yoast-schema-graph\">{\"@context\":\"https:\\\/\\\/schema.org\",\"@graph\":[{\"@type\":\"WebPage\",\"@id\":\"https:\\\/\\\/yasminfood.ch\\\/de\\\/product\\\/thunfisch-grosse-stuecke-mit-sonnenblumenoel-lara-160g-suess\\\/\",\"url\":\"https:\\\/\\\/yasminfood.ch\\\/de\\\/product\\\/thunfisch-grosse-stuecke-mit-sonnenblumenoel-lara-160g-suess\\\/\",\"name\":\"Thunfisch in Sonnenblumen\u00f6l geschnitten Lara 160g \\\/ s\u00fc\u00df \\\/ - Yasmin Food\",\"isPartOf\":{\"@id\":\"https:\\\/\\\/yasminfood.ch\\\/de\\\/#website\"},\"primaryImageOfPage\":{\"@id\":\"https:\\\/\\\/yasminfood.ch\\\/de\\\/product\\\/thunfisch-grosse-stuecke-mit-sonnenblumenoel-lara-160g-suess\\\/#primaryimage\"},\"image\":{\"@id\":\"https:\\\/\\\/yasminfood.ch\\\/de\\\/product\\\/thunfisch-grosse-stuecke-mit-sonnenblumenoel-lara-160g-suess\\\/#primaryimage\"},\"thumbnailUrl\":\"https:\\\/\\\/yasminfood.ch\\\/wp-content\\\/uploads\\\/2025\\\/02\\\/\u0637\u0648\u0646-\u0628\u0627\u0631\u062f-\u0644\u0627\u0631\u0627-160\u063a.png\",\"datePublished\":\"2025-02-13T21:50:31+00:00\",\"dateModified\":\"2025-02-14T09:08:10+00:00\",\"breadcrumb\":{\"@id\":\"https:\\\/\\\/yasminfood.ch\\\/de\\\/product\\\/thunfisch-grosse-stuecke-mit-sonnenblumenoel-lara-160g-suess\\\/#breadcrumb\"},\"inLanguage\":\"de\",\"potentialAction\":[{\"@type\":\"ReadAction\",\"target\":[\"https:\\\/\\\/yasminfood.ch\\\/de\\\/product\\\/thunfisch-grosse-stuecke-mit-sonnenblumenoel-lara-160g-suess\\\/\"]}]},{\"@type\":\"ImageObject\",\"inLanguage\":\"de\",\"@id\":\"https:\\\/\\\/yasminfood.ch\\\/de\\\/product\\\/thunfisch-grosse-stuecke-mit-sonnenblumenoel-lara-160g-suess\\\/#primaryimage\",\"url\":\"https:\\\/\\\/yasminfood.ch\\\/wp-content\\\/uploads\\\/2025\\\/02\\\/\u0637\u0648\u0646-\u0628\u0627\u0631\u062f-\u0644\u0627\u0631\u0627-160\u063a.png\",\"contentUrl\":\"https:\\\/\\\/yasminfood.ch\\\/wp-content\\\/uploads\\\/2025\\\/02\\\/\u0637\u0648\u0646-\u0628\u0627\u0631\u062f-\u0644\u0627\u0631\u0627-160\u063a.png\",\"width\":1080,\"height\":1080,\"caption\":\"\u062a\u0648\u0646\u0627 \u0642\u0637\u0639 \u0628\u0632\u064a\u062a \u062f\u0648\u0627\u0631 \u0627\u0644\u0634\u0645\u0633 \u0644\u0627\u0631\u0627 160\u063a\u0631\u0627\u0645 \\\/ \u062d\u0644\u0648 \\\/ \u0647\u0648 \u0645\u0646 \u0627\u0644\u0623\u0643\u0644\u0627\u062a \u0627\u0644\u0628\u062d\u0631\u064a\u0629 \u0627\u0644\u0645\u0634\u0647\u0648\u0631\u0629 \u062c\u062f\u0627\u064b \u0648\u0627\u0644\u0645\u0639\u0631\u0648\u0641\u0629 \u0639\u0644\u0649 \u0646\u0637\u0627\u0642 \u0648\u0627\u0633\u0639\"},{\"@type\":\"BreadcrumbList\",\"@id\":\"https:\\\/\\\/yasminfood.ch\\\/de\\\/product\\\/thunfisch-grosse-stuecke-mit-sonnenblumenoel-lara-160g-suess\\\/#breadcrumb\",\"itemListElement\":[{\"@type\":\"ListItem\",\"position\":1,\"name\":\"\u0627\u0644\u0631\u0626\u064a\u0633\u064a\u0629\",\"item\":\"https:\\\/\\\/yasminfood.ch\\\/de\\\/zuhause\\\/\"},{\"@type\":\"ListItem\",\"position\":2,\"name\":\"Shop\",\"item\":\"https:\\\/\\\/yasminfood.ch\\\/de\\\/shop\\\/\"},{\"@type\":\"ListItem\",\"position\":3,\"name\":\"Konserven - Lebensmittel\",\"item\":\"https:\\\/\\\/yasminfood.ch\\\/de\\\/produkt-kategorie\\\/konserven-lebensmittel\\\/\"},{\"@type\":\"ListItem\",\"position\":4,\"name\":\"Thunfisch &amp; Sardine\",\"item\":\"https:\\\/\\\/yasminfood.ch\\\/de\\\/produkt-kategorie\\\/konserven-lebensmittel\\\/thunfisch-sardine\\\/\"},{\"@type\":\"ListItem\",\"position\":5,\"name\":\"Thunfisch in Sonnenblumen\u00f6l geschnitten Lara 160g \\\/ s\u00fc\u00df \\\/\"}]},{\"@type\":\"WebSite\",\"@id\":\"https:\\\/\\\/yasminfood.ch\\\/de\\\/#website\",\"url\":\"https:\\\/\\\/yasminfood.ch\\\/de\\\/\",\"name\":\"\u064a\u0627\u0633\u0645\u064a\u0646 \u0645\u0627\u0631\u0643\u062a\",\"description\":\"Alles, was Sie brauchen, an einem Ort\",\"publisher\":{\"@id\":\"https:\\\/\\\/yasminfood.ch\\\/de\\\/#organization\"},\"alternateName\":\"Yasmin Food\",\"potentialAction\":[{\"@type\":\"SearchAction\",\"target\":{\"@type\":\"EntryPoint\",\"urlTemplate\":\"https:\\\/\\\/yasminfood.ch\\\/de\\\/?s={search_term_string}\"},\"query-input\":{\"@type\":\"PropertyValueSpecification\",\"valueRequired\":true,\"valueName\":\"search_term_string\"}}],\"inLanguage\":\"de\"},{\"@type\":\"Organization\",\"@id\":\"https:\\\/\\\/yasminfood.ch\\\/de\\\/#organization\",\"name\":\"\u064a\u0627\u0633\u0645\u064a\u0646 \u0645\u0627\u0631\u0643\u062a\",\"alternateName\":\"Yasmin Food\",\"url\":\"https:\\\/\\\/yasminfood.ch\\\/de\\\/\",\"logo\":{\"@type\":\"ImageObject\",\"inLanguage\":\"de\",\"@id\":\"https:\\\/\\\/yasminfood.ch\\\/de\\\/#\\\/schema\\\/logo\\\/image\\\/\",\"url\":\"https:\\\/\\\/yasminfood.ch\\\/wp-content\\\/uploads\\\/2025\\\/05\\\/yasmin-food-header-logo.png\",\"contentUrl\":\"https:\\\/\\\/yasminfood.ch\\\/wp-content\\\/uploads\\\/2025\\\/05\\\/yasmin-food-header-logo.png\",\"width\":330,\"height\":120,\"caption\":\"\u064a\u0627\u0633\u0645\u064a\u0646 \u0645\u0627\u0631\u0643\u062a\"},\"image\":{\"@id\":\"https:\\\/\\\/yasminfood.ch\\\/de\\\/#\\\/schema\\\/logo\\\/image\\\/\"},\"sameAs\":[\"https:\\\/\\\/www.facebook.com\\\/yasminmarkt1\",\"https:\\\/\\\/www.tiktok.com\\\/@yasminmarkt\",\"https:\\\/\\\/www.instagram.com\\\/yasmin.markt1\\\/\",\"https:\\\/\\\/api.whatsapp.com\\\/send\\\/?phone=41799000104\"],\"publishingPrinciples\":\"https:\\\/\\\/yasminfood.ch\\\/de\\\/shop\\\/\",\"ownershipFundingInfo\":\"https:\\\/\\\/yasminfood.ch\\\/de\\\/shop\\\/\"}]}<\/script>\n<meta property=\"product:price:amount\" content=\"2.25\" \/>\n<meta property=\"product:price:currency\" content=\"CHF\" \/>\n<meta property=\"og:availability\" content=\"instock\" \/>\n<meta property=\"product:availability\" content=\"instock\" \/>\n<meta property=\"product:condition\" content=\"new\" \/>\n<!-- \/ Yoast SEO Premium plugin. -->","yoast_head_json":{"title":"Thunfisch in Sonnenblumen\u00f6l geschnitten Lara 160g \/ s\u00fc\u00df \/ - Yasmin Food","robots":{"index":"index","follow":"follow","max-snippet":"max-snippet:-1","max-image-preview":"max-image-preview:large","max-video-preview":"max-video-preview:-1"},"canonical":"https:\/\/yasminfood.ch\/de\/product\/thunfisch-grosse-stuecke-mit-sonnenblumenoel-lara-160g-suess\/","og_locale":"de_DE","og_type":"article","og_title":"Thunfisch in Sonnenblumen\u00f6l geschnitten Lara 160g \/ s\u00fc\u00df \/","og_description":"Thunfisch gro\u00dfe St\u00fccke mit Sonnenblumen\u00f6l \/ s\u00fc\u00df \/ von Lara ist eine sehr ber\u00fchmte und weithin bekannte Meeresfr\u00fcchte, insbesondere f\u00fcr Menschen, die sich","og_url":"https:\/\/yasminfood.ch\/de\/product\/thunfisch-grosse-stuecke-mit-sonnenblumenoel-lara-160g-suess\/","og_site_name":"Yasmin Food","article_publisher":"https:\/\/www.facebook.com\/yasminmarkt1","article_modified_time":"2025-02-14T09:08:10+00:00","og_image":[{"width":1080,"height":1080,"url":"https:\/\/yasminfood.ch\/wp-content\/uploads\/2025\/02\/\u0637\u0648\u0646-\u0628\u0627\u0631\u062f-\u0644\u0627\u0631\u0627-160\u063a.png","type":"image\/png"}],"twitter_card":"summary_large_image","twitter_misc":{"Preis":"2.25&nbsp;&#67;&#72;&#70;","Verf\u00fcgbarkeit":"Auf Lager"},"schema":{"@context":"https:\/\/schema.org","@graph":[{"@type":"WebPage","@id":"https:\/\/yasminfood.ch\/de\/product\/thunfisch-grosse-stuecke-mit-sonnenblumenoel-lara-160g-suess\/","url":"https:\/\/yasminfood.ch\/de\/product\/thunfisch-grosse-stuecke-mit-sonnenblumenoel-lara-160g-suess\/","name":"Thunfisch in Sonnenblumen\u00f6l geschnitten Lara 160g \/ s\u00fc\u00df \/ - Yasmin Food","isPartOf":{"@id":"https:\/\/yasminfood.ch\/de\/#website"},"primaryImageOfPage":{"@id":"https:\/\/yasminfood.ch\/de\/product\/thunfisch-grosse-stuecke-mit-sonnenblumenoel-lara-160g-suess\/#primaryimage"},"image":{"@id":"https:\/\/yasminfood.ch\/de\/product\/thunfisch-grosse-stuecke-mit-sonnenblumenoel-lara-160g-suess\/#primaryimage"},"thumbnailUrl":"https:\/\/yasminfood.ch\/wp-content\/uploads\/2025\/02\/\u0637\u0648\u0646-\u0628\u0627\u0631\u062f-\u0644\u0627\u0631\u0627-160\u063a.png","datePublished":"2025-02-13T21:50:31+00:00","dateModified":"2025-02-14T09:08:10+00:00","breadcrumb":{"@id":"https:\/\/yasminfood.ch\/de\/product\/thunfisch-grosse-stuecke-mit-sonnenblumenoel-lara-160g-suess\/#breadcrumb"},"inLanguage":"de","potentialAction":[{"@type":"ReadAction","target":["https:\/\/yasminfood.ch\/de\/product\/thunfisch-grosse-stuecke-mit-sonnenblumenoel-lara-160g-suess\/"]}]},{"@type":"ImageObject","inLanguage":"de","@id":"https:\/\/yasminfood.ch\/de\/product\/thunfisch-grosse-stuecke-mit-sonnenblumenoel-lara-160g-suess\/#primaryimage","url":"https:\/\/yasminfood.ch\/wp-content\/uploads\/2025\/02\/\u0637\u0648\u0646-\u0628\u0627\u0631\u062f-\u0644\u0627\u0631\u0627-160\u063a.png","contentUrl":"https:\/\/yasminfood.ch\/wp-content\/uploads\/2025\/02\/\u0637\u0648\u0646-\u0628\u0627\u0631\u062f-\u0644\u0627\u0631\u0627-160\u063a.png","width":1080,"height":1080,"caption":"\u062a\u0648\u0646\u0627 \u0642\u0637\u0639 \u0628\u0632\u064a\u062a \u062f\u0648\u0627\u0631 \u0627\u0644\u0634\u0645\u0633 \u0644\u0627\u0631\u0627 160\u063a\u0631\u0627\u0645 \/ \u062d\u0644\u0648 \/ \u0647\u0648 \u0645\u0646 \u0627\u0644\u0623\u0643\u0644\u0627\u062a \u0627\u0644\u0628\u062d\u0631\u064a\u0629 \u0627\u0644\u0645\u0634\u0647\u0648\u0631\u0629 \u062c\u062f\u0627\u064b \u0648\u0627\u0644\u0645\u0639\u0631\u0648\u0641\u0629 \u0639\u0644\u0649 \u0646\u0637\u0627\u0642 \u0648\u0627\u0633\u0639"},{"@type":"BreadcrumbList","@id":"https:\/\/yasminfood.ch\/de\/product\/thunfisch-grosse-stuecke-mit-sonnenblumenoel-lara-160g-suess\/#breadcrumb","itemListElement":[{"@type":"ListItem","position":1,"name":"\u0627\u0644\u0631\u0626\u064a\u0633\u064a\u0629","item":"https:\/\/yasminfood.ch\/de\/zuhause\/"},{"@type":"ListItem","position":2,"name":"Shop","item":"https:\/\/yasminfood.ch\/de\/shop\/"},{"@type":"ListItem","position":3,"name":"Konserven - Lebensmittel","item":"https:\/\/yasminfood.ch\/de\/produkt-kategorie\/konserven-lebensmittel\/"},{"@type":"ListItem","position":4,"name":"Thunfisch &amp; Sardine","item":"https:\/\/yasminfood.ch\/de\/produkt-kategorie\/konserven-lebensmittel\/thunfisch-sardine\/"},{"@type":"ListItem","position":5,"name":"Thunfisch in Sonnenblumen\u00f6l geschnitten Lara 160g \/ s\u00fc\u00df \/"}]},{"@type":"WebSite","@id":"https:\/\/yasminfood.ch\/de\/#website","url":"https:\/\/yasminfood.ch\/de\/","name":"\u064a\u0627\u0633\u0645\u064a\u0646 \u0645\u0627\u0631\u0643\u062a","description":"Alles, was Sie brauchen, an einem Ort","publisher":{"@id":"https:\/\/yasminfood.ch\/de\/#organization"},"alternateName":"Yasmin Food","potentialAction":[{"@type":"SearchAction","target":{"@type":"EntryPoint","urlTemplate":"https:\/\/yasminfood.ch\/de\/?s={search_term_string}"},"query-input":{"@type":"PropertyValueSpecification","valueRequired":true,"valueName":"search_term_string"}}],"inLanguage":"de"},{"@type":"Organization","@id":"https:\/\/yasminfood.ch\/de\/#organization","name":"\u064a\u0627\u0633\u0645\u064a\u0646 \u0645\u0627\u0631\u0643\u062a","alternateName":"Yasmin Food","url":"https:\/\/yasminfood.ch\/de\/","logo":{"@type":"ImageObject","inLanguage":"de","@id":"https:\/\/yasminfood.ch\/de\/#\/schema\/logo\/image\/","url":"https:\/\/yasminfood.ch\/wp-content\/uploads\/2025\/05\/yasmin-food-header-logo.png","contentUrl":"https:\/\/yasminfood.ch\/wp-content\/uploads\/2025\/05\/yasmin-food-header-logo.png","width":330,"height":120,"caption":"\u064a\u0627\u0633\u0645\u064a\u0646 \u0645\u0627\u0631\u0643\u062a"},"image":{"@id":"https:\/\/yasminfood.ch\/de\/#\/schema\/logo\/image\/"},"sameAs":["https:\/\/www.facebook.com\/yasminmarkt1","https:\/\/www.tiktok.com\/@yasminmarkt","https:\/\/www.instagram.com\/yasmin.markt1\/","https:\/\/api.whatsapp.com\/send\/?phone=41799000104"],"publishingPrinciples":"https:\/\/yasminfood.ch\/de\/shop\/","ownershipFundingInfo":"https:\/\/yasminfood.ch\/de\/shop\/"}]},"product_price_amount":"2.25","product_price_currency":"CHF","og_availability":"instock","product_availability":"instock","product_condition":"new"},"jetpack_sharing_enabled":true,"_links":{"self":[{"href":"https:\/\/yasminfood.ch\/de\/wp-json\/wp\/v2\/product\/108723","targetHints":{"allow":["GET"]}}],"collection":[{"href":"https:\/\/yasminfood.ch\/de\/wp-json\/wp\/v2\/product"}],"about":[{"href":"https:\/\/yasminfood.ch\/de\/wp-json\/wp\/v2\/types\/product"}],"replies":[{"embeddable":true,"href":"https:\/\/yasminfood.ch\/de\/wp-json\/wp\/v2\/comments?post=108723"}],"version-history":[{"count":0,"href":"https:\/\/yasminfood.ch\/de\/wp-json\/wp\/v2\/product\/108723\/revisions"}],"wp:featuredmedia":[{"embeddable":true,"href":"https:\/\/yasminfood.ch\/de\/wp-json\/wp\/v2\/media\/109523"}],"wp:attachment":[{"href":"https:\/\/yasminfood.ch\/de\/wp-json\/wp\/v2\/media?parent=108723"}],"wp:term":[{"taxonomy":"product_brand","embeddable":true,"href":"https:\/\/yasminfood.ch\/de\/wp-json\/wp\/v2\/product_brand?post=108723"},{"taxonomy":"product_cat","embeddable":true,"href":"https:\/\/yasminfood.ch\/de\/wp-json\/wp\/v2\/product_cat?post=108723"},{"taxonomy":"product_tag","embeddable":true,"href":"https:\/\/yasminfood.ch\/de\/wp-json\/wp\/v2\/product_tag?post=108723"}],"curies":[{"name":"wp","href":"https:\/\/api.w.org\/{rel}","templated":true}]}}