{"id":109023,"date":"2025-03-16T15:53:32","date_gmt":"2025-03-16T14:53:32","guid":{"rendered":"https:\/\/yasminfood.ch\/product\/womba-rebiskuit-12-stueck\/"},"modified":"2025-05-15T14:52:05","modified_gmt":"2025-05-15T12:52:05","slug":"womba-rebiskuit-12-stueck","status":"publish","type":"product","link":"https:\/\/yasminfood.ch\/de\/product\/womba-rebiskuit-12-stueck\/","title":{"rendered":"Rumba-Kekse 12 St\u00fcck"},"content":{"rendered":"<p>Rumba-Kekse 12 St\u00fcck K\u00fcken mit einem eleganten Geruch und einem knusprigen Geschmack, wobei Rumba-Kekse aus 6 k\u00f6stlichen St\u00fccken kleiner runder Kekse bestehen, die mit k\u00f6stlicher Milchcreme gef\u00fcllt sind, Rumba-Kekse k\u00f6nnen verwendet werden, um k\u00f6stliche s\u00fc\u00dfe Schichten herzustellen, und sie k\u00f6nnen auch zu Eiscreme hinzugef\u00fcgt werden, um ihnen einen wunderbaren knusprigen Geschmack zu verleihen, Rumba rettet K\u00fcken auf gute und sichere Weise.     <\/p>\n","protected":false},"excerpt":{"rendered":"<p>Rumba-Kekse 12 St\u00fcck K\u00fcken mit einem eleganten Geruch und einem knusprigen Geschmack, wobei Rumba-Kekse aus 6 k\u00f6stlichen St\u00fccken kleiner runder<\/p>\n","protected":false},"featured_media":110924,"comment_status":"open","ping_status":"closed","template":"","meta":[],"product_brand":[],"product_cat":[297,305],"product_tag":[],"class_list":{"0":"post-109023","1":"product","2":"type-product","3":"status-publish","4":"has-post-thumbnail","6":"product_cat-dessert-chips-2","7":"product_cat-kekse","9":"first","10":"instock","11":"taxable","12":"shipping-taxable","13":"purchasable","14":"product-type-simple"},"yoast_head":"<!-- This site is optimized with the Yoast SEO Premium plugin v26.5 (Yoast SEO v27.3) - https:\/\/yoast.com\/product\/yoast-seo-premium-wordpress\/ -->\n<title>Rumba-Kekse 12 St\u00fcck - Yasmin Food<\/title>\n<meta name=\"description\" content=\"Rumba-Kekse sind gut riechende K\u00fcken mit einem knusprigen Geschmack, denn Rumba-Kekse bestehen aus 6 leckeren St\u00fccken kleiner runder Kekse, die mit k\u00f6stlicher Milchcreme gef\u00fcllt sind.\" \/>\n<meta name=\"robots\" content=\"index, follow, max-snippet:-1, max-image-preview:large, max-video-preview:-1\" \/>\n<link rel=\"canonical\" href=\"https:\/\/yasminfood.ch\/de\/product\/womba-rebiskuit-12-stueck\/\" \/>\n<meta property=\"og:locale\" content=\"de_DE\" \/>\n<meta property=\"og:type\" content=\"article\" \/>\n<meta property=\"og:title\" content=\"Rumba-Kekse 12 St\u00fcck\" \/>\n<meta property=\"og:description\" content=\"Rumba-Kekse 12 St\u00fcck K\u00fcken mit einem eleganten Geruch und einem knusprigen Geschmack, wobei Rumba-Kekse aus 6 k\u00f6stlichen St\u00fccken kleiner runder Kekse\" \/>\n<meta property=\"og:url\" content=\"https:\/\/yasminfood.ch\/de\/product\/womba-rebiskuit-12-stueck\/\" \/>\n<meta property=\"og:site_name\" content=\"Yasmin Food\" \/>\n<meta property=\"article:publisher\" content=\"https:\/\/www.facebook.com\/yasminmarkt1\" \/>\n<meta property=\"article:modified_time\" content=\"2025-05-15T12:52:05+00:00\" \/>\n<meta property=\"og:image\" content=\"https:\/\/yasminfood.ch\/wp-content\/uploads\/2025\/03\/\u0628\u0633\u0643\u0648\u064a\u062a-\u0631\u0648\u0645\u0628\u0627-\u0643\u0627\u0643\u0627\u0648-12-\u0642\u0637\u0639\u0629.png\" \/>\n\t<meta property=\"og:image:width\" content=\"945\" \/>\n\t<meta property=\"og:image:height\" content=\"945\" \/>\n\t<meta property=\"og:image:type\" content=\"image\/png\" \/>\n<meta name=\"twitter:card\" content=\"summary_large_image\" \/>\n<meta name=\"twitter:label1\" content=\"Preis\" \/>\n\t<meta name=\"twitter:data1\" content=\"6.95&nbsp;&#067;&#072;&#070;\" \/>\n\t<meta name=\"twitter:label2\" content=\"Verf\u00fcgbarkeit\" \/>\n\t<meta name=\"twitter:data2\" content=\"Auf Lager\" \/>\n<script type=\"application\/ld+json\" class=\"yoast-schema-graph\">{\"@context\":\"https:\\\/\\\/schema.org\",\"@graph\":[{\"@type\":\"WebPage\",\"@id\":\"https:\\\/\\\/yasminfood.ch\\\/de\\\/product\\\/womba-rebiskuit-12-stueck\\\/\",\"url\":\"https:\\\/\\\/yasminfood.ch\\\/de\\\/product\\\/womba-rebiskuit-12-stueck\\\/\",\"name\":\"Rumba-Kekse 12 St\u00fcck - Yasmin Food\",\"isPartOf\":{\"@id\":\"https:\\\/\\\/yasminfood.ch\\\/de\\\/#website\"},\"primaryImageOfPage\":{\"@id\":\"https:\\\/\\\/yasminfood.ch\\\/de\\\/product\\\/womba-rebiskuit-12-stueck\\\/#primaryimage\"},\"image\":{\"@id\":\"https:\\\/\\\/yasminfood.ch\\\/de\\\/product\\\/womba-rebiskuit-12-stueck\\\/#primaryimage\"},\"thumbnailUrl\":\"https:\\\/\\\/yasminfood.ch\\\/wp-content\\\/uploads\\\/2025\\\/03\\\/\u0628\u0633\u0643\u0648\u064a\u062a-\u0631\u0648\u0645\u0628\u0627-\u0643\u0627\u0643\u0627\u0648-12-\u0642\u0637\u0639\u0629.png\",\"datePublished\":\"2025-03-16T14:53:32+00:00\",\"dateModified\":\"2025-05-15T12:52:05+00:00\",\"description\":\"Rumba-Kekse sind gut riechende K\u00fcken mit einem knusprigen Geschmack, denn Rumba-Kekse bestehen aus 6 leckeren St\u00fccken kleiner runder Kekse, die mit k\u00f6stlicher Milchcreme gef\u00fcllt sind.\",\"breadcrumb\":{\"@id\":\"https:\\\/\\\/yasminfood.ch\\\/de\\\/product\\\/womba-rebiskuit-12-stueck\\\/#breadcrumb\"},\"inLanguage\":\"de\",\"potentialAction\":[{\"@type\":\"ReadAction\",\"target\":[\"https:\\\/\\\/yasminfood.ch\\\/de\\\/product\\\/womba-rebiskuit-12-stueck\\\/\"]}]},{\"@type\":\"ImageObject\",\"inLanguage\":\"de\",\"@id\":\"https:\\\/\\\/yasminfood.ch\\\/de\\\/product\\\/womba-rebiskuit-12-stueck\\\/#primaryimage\",\"url\":\"https:\\\/\\\/yasminfood.ch\\\/wp-content\\\/uploads\\\/2025\\\/03\\\/\u0628\u0633\u0643\u0648\u064a\u062a-\u0631\u0648\u0645\u0628\u0627-\u0643\u0627\u0643\u0627\u0648-12-\u0642\u0637\u0639\u0629.png\",\"contentUrl\":\"https:\\\/\\\/yasminfood.ch\\\/wp-content\\\/uploads\\\/2025\\\/03\\\/\u0628\u0633\u0643\u0648\u064a\u062a-\u0631\u0648\u0645\u0628\u0627-\u0643\u0627\u0643\u0627\u0648-12-\u0642\u0637\u0639\u0629.png\",\"width\":945,\"height\":945},{\"@type\":\"BreadcrumbList\",\"@id\":\"https:\\\/\\\/yasminfood.ch\\\/de\\\/product\\\/womba-rebiskuit-12-stueck\\\/#breadcrumb\",\"itemListElement\":[{\"@type\":\"ListItem\",\"position\":1,\"name\":\"\u0627\u0644\u0631\u0626\u064a\u0633\u064a\u0629\",\"item\":\"https:\\\/\\\/yasminfood.ch\\\/de\\\/zuhause\\\/\"},{\"@type\":\"ListItem\",\"position\":2,\"name\":\"Shop\",\"item\":\"https:\\\/\\\/yasminfood.ch\\\/de\\\/shop\\\/\"},{\"@type\":\"ListItem\",\"position\":3,\"name\":\"Dessert &amp; Chips\",\"item\":\"https:\\\/\\\/yasminfood.ch\\\/de\\\/produkt-kategorie\\\/dessert-chips-2\\\/\"},{\"@type\":\"ListItem\",\"position\":4,\"name\":\"Kekse\",\"item\":\"https:\\\/\\\/yasminfood.ch\\\/de\\\/produkt-kategorie\\\/dessert-chips-2\\\/kekse\\\/\"},{\"@type\":\"ListItem\",\"position\":5,\"name\":\"Rumba-Kekse 12 St\u00fcck\"}]},{\"@type\":\"WebSite\",\"@id\":\"https:\\\/\\\/yasminfood.ch\\\/de\\\/#website\",\"url\":\"https:\\\/\\\/yasminfood.ch\\\/de\\\/\",\"name\":\"\u064a\u0627\u0633\u0645\u064a\u0646 \u0645\u0627\u0631\u0643\u062a\",\"description\":\"Alles, was Sie brauchen, an einem Ort\",\"publisher\":{\"@id\":\"https:\\\/\\\/yasminfood.ch\\\/de\\\/#organization\"},\"alternateName\":\"Yasmin Food\",\"potentialAction\":[{\"@type\":\"SearchAction\",\"target\":{\"@type\":\"EntryPoint\",\"urlTemplate\":\"https:\\\/\\\/yasminfood.ch\\\/de\\\/?s={search_term_string}\"},\"query-input\":{\"@type\":\"PropertyValueSpecification\",\"valueRequired\":true,\"valueName\":\"search_term_string\"}}],\"inLanguage\":\"de\"},{\"@type\":\"Organization\",\"@id\":\"https:\\\/\\\/yasminfood.ch\\\/de\\\/#organization\",\"name\":\"\u064a\u0627\u0633\u0645\u064a\u0646 \u0645\u0627\u0631\u0643\u062a\",\"alternateName\":\"Yasmin Food\",\"url\":\"https:\\\/\\\/yasminfood.ch\\\/de\\\/\",\"logo\":{\"@type\":\"ImageObject\",\"inLanguage\":\"de\",\"@id\":\"https:\\\/\\\/yasminfood.ch\\\/de\\\/#\\\/schema\\\/logo\\\/image\\\/\",\"url\":\"https:\\\/\\\/yasminfood.ch\\\/wp-content\\\/uploads\\\/2025\\\/05\\\/yasmin-food-header-logo.png\",\"contentUrl\":\"https:\\\/\\\/yasminfood.ch\\\/wp-content\\\/uploads\\\/2025\\\/05\\\/yasmin-food-header-logo.png\",\"width\":330,\"height\":120,\"caption\":\"\u064a\u0627\u0633\u0645\u064a\u0646 \u0645\u0627\u0631\u0643\u062a\"},\"image\":{\"@id\":\"https:\\\/\\\/yasminfood.ch\\\/de\\\/#\\\/schema\\\/logo\\\/image\\\/\"},\"sameAs\":[\"https:\\\/\\\/www.facebook.com\\\/yasminmarkt1\",\"https:\\\/\\\/www.tiktok.com\\\/@yasminmarkt\",\"https:\\\/\\\/www.instagram.com\\\/yasmin.markt1\\\/\",\"https:\\\/\\\/api.whatsapp.com\\\/send\\\/?phone=41799000104\"],\"publishingPrinciples\":\"https:\\\/\\\/yasminfood.ch\\\/de\\\/shop\\\/\",\"ownershipFundingInfo\":\"https:\\\/\\\/yasminfood.ch\\\/de\\\/shop\\\/\"}]}<\/script>\n<meta property=\"product:price:amount\" content=\"6.95\" \/>\n<meta property=\"product:price:currency\" content=\"CHF\" \/>\n<meta property=\"og:availability\" content=\"instock\" \/>\n<meta property=\"product:availability\" content=\"instock\" \/>\n<meta property=\"product:condition\" content=\"new\" \/>\n<!-- \/ Yoast SEO Premium plugin. -->","yoast_head_json":{"title":"Rumba-Kekse 12 St\u00fcck - Yasmin Food","description":"Rumba-Kekse sind gut riechende K\u00fcken mit einem knusprigen Geschmack, denn Rumba-Kekse bestehen aus 6 leckeren St\u00fccken kleiner runder Kekse, die mit k\u00f6stlicher Milchcreme gef\u00fcllt sind.","robots":{"index":"index","follow":"follow","max-snippet":"max-snippet:-1","max-image-preview":"max-image-preview:large","max-video-preview":"max-video-preview:-1"},"canonical":"https:\/\/yasminfood.ch\/de\/product\/womba-rebiskuit-12-stueck\/","og_locale":"de_DE","og_type":"article","og_title":"Rumba-Kekse 12 St\u00fcck","og_description":"Rumba-Kekse 12 St\u00fcck K\u00fcken mit einem eleganten Geruch und einem knusprigen Geschmack, wobei Rumba-Kekse aus 6 k\u00f6stlichen St\u00fccken kleiner runder Kekse","og_url":"https:\/\/yasminfood.ch\/de\/product\/womba-rebiskuit-12-stueck\/","og_site_name":"Yasmin Food","article_publisher":"https:\/\/www.facebook.com\/yasminmarkt1","article_modified_time":"2025-05-15T12:52:05+00:00","og_image":[{"width":945,"height":945,"url":"https:\/\/yasminfood.ch\/wp-content\/uploads\/2025\/03\/\u0628\u0633\u0643\u0648\u064a\u062a-\u0631\u0648\u0645\u0628\u0627-\u0643\u0627\u0643\u0627\u0648-12-\u0642\u0637\u0639\u0629.png","type":"image\/png"}],"twitter_card":"summary_large_image","twitter_misc":{"Preis":"6.95&nbsp;&#67;&#72;&#70;","Verf\u00fcgbarkeit":"Auf Lager"},"schema":{"@context":"https:\/\/schema.org","@graph":[{"@type":"WebPage","@id":"https:\/\/yasminfood.ch\/de\/product\/womba-rebiskuit-12-stueck\/","url":"https:\/\/yasminfood.ch\/de\/product\/womba-rebiskuit-12-stueck\/","name":"Rumba-Kekse 12 St\u00fcck - Yasmin Food","isPartOf":{"@id":"https:\/\/yasminfood.ch\/de\/#website"},"primaryImageOfPage":{"@id":"https:\/\/yasminfood.ch\/de\/product\/womba-rebiskuit-12-stueck\/#primaryimage"},"image":{"@id":"https:\/\/yasminfood.ch\/de\/product\/womba-rebiskuit-12-stueck\/#primaryimage"},"thumbnailUrl":"https:\/\/yasminfood.ch\/wp-content\/uploads\/2025\/03\/\u0628\u0633\u0643\u0648\u064a\u062a-\u0631\u0648\u0645\u0628\u0627-\u0643\u0627\u0643\u0627\u0648-12-\u0642\u0637\u0639\u0629.png","datePublished":"2025-03-16T14:53:32+00:00","dateModified":"2025-05-15T12:52:05+00:00","description":"Rumba-Kekse sind gut riechende K\u00fcken mit einem knusprigen Geschmack, denn Rumba-Kekse bestehen aus 6 leckeren St\u00fccken kleiner runder Kekse, die mit k\u00f6stlicher Milchcreme gef\u00fcllt sind.","breadcrumb":{"@id":"https:\/\/yasminfood.ch\/de\/product\/womba-rebiskuit-12-stueck\/#breadcrumb"},"inLanguage":"de","potentialAction":[{"@type":"ReadAction","target":["https:\/\/yasminfood.ch\/de\/product\/womba-rebiskuit-12-stueck\/"]}]},{"@type":"ImageObject","inLanguage":"de","@id":"https:\/\/yasminfood.ch\/de\/product\/womba-rebiskuit-12-stueck\/#primaryimage","url":"https:\/\/yasminfood.ch\/wp-content\/uploads\/2025\/03\/\u0628\u0633\u0643\u0648\u064a\u062a-\u0631\u0648\u0645\u0628\u0627-\u0643\u0627\u0643\u0627\u0648-12-\u0642\u0637\u0639\u0629.png","contentUrl":"https:\/\/yasminfood.ch\/wp-content\/uploads\/2025\/03\/\u0628\u0633\u0643\u0648\u064a\u062a-\u0631\u0648\u0645\u0628\u0627-\u0643\u0627\u0643\u0627\u0648-12-\u0642\u0637\u0639\u0629.png","width":945,"height":945},{"@type":"BreadcrumbList","@id":"https:\/\/yasminfood.ch\/de\/product\/womba-rebiskuit-12-stueck\/#breadcrumb","itemListElement":[{"@type":"ListItem","position":1,"name":"\u0627\u0644\u0631\u0626\u064a\u0633\u064a\u0629","item":"https:\/\/yasminfood.ch\/de\/zuhause\/"},{"@type":"ListItem","position":2,"name":"Shop","item":"https:\/\/yasminfood.ch\/de\/shop\/"},{"@type":"ListItem","position":3,"name":"Dessert &amp; Chips","item":"https:\/\/yasminfood.ch\/de\/produkt-kategorie\/dessert-chips-2\/"},{"@type":"ListItem","position":4,"name":"Kekse","item":"https:\/\/yasminfood.ch\/de\/produkt-kategorie\/dessert-chips-2\/kekse\/"},{"@type":"ListItem","position":5,"name":"Rumba-Kekse 12 St\u00fcck"}]},{"@type":"WebSite","@id":"https:\/\/yasminfood.ch\/de\/#website","url":"https:\/\/yasminfood.ch\/de\/","name":"\u064a\u0627\u0633\u0645\u064a\u0646 \u0645\u0627\u0631\u0643\u062a","description":"Alles, was Sie brauchen, an einem Ort","publisher":{"@id":"https:\/\/yasminfood.ch\/de\/#organization"},"alternateName":"Yasmin Food","potentialAction":[{"@type":"SearchAction","target":{"@type":"EntryPoint","urlTemplate":"https:\/\/yasminfood.ch\/de\/?s={search_term_string}"},"query-input":{"@type":"PropertyValueSpecification","valueRequired":true,"valueName":"search_term_string"}}],"inLanguage":"de"},{"@type":"Organization","@id":"https:\/\/yasminfood.ch\/de\/#organization","name":"\u064a\u0627\u0633\u0645\u064a\u0646 \u0645\u0627\u0631\u0643\u062a","alternateName":"Yasmin Food","url":"https:\/\/yasminfood.ch\/de\/","logo":{"@type":"ImageObject","inLanguage":"de","@id":"https:\/\/yasminfood.ch\/de\/#\/schema\/logo\/image\/","url":"https:\/\/yasminfood.ch\/wp-content\/uploads\/2025\/05\/yasmin-food-header-logo.png","contentUrl":"https:\/\/yasminfood.ch\/wp-content\/uploads\/2025\/05\/yasmin-food-header-logo.png","width":330,"height":120,"caption":"\u064a\u0627\u0633\u0645\u064a\u0646 \u0645\u0627\u0631\u0643\u062a"},"image":{"@id":"https:\/\/yasminfood.ch\/de\/#\/schema\/logo\/image\/"},"sameAs":["https:\/\/www.facebook.com\/yasminmarkt1","https:\/\/www.tiktok.com\/@yasminmarkt","https:\/\/www.instagram.com\/yasmin.markt1\/","https:\/\/api.whatsapp.com\/send\/?phone=41799000104"],"publishingPrinciples":"https:\/\/yasminfood.ch\/de\/shop\/","ownershipFundingInfo":"https:\/\/yasminfood.ch\/de\/shop\/"}]},"product_price_amount":"6.95","product_price_currency":"CHF","og_availability":"instock","product_availability":"instock","product_condition":"new"},"jetpack_sharing_enabled":true,"_links":{"self":[{"href":"https:\/\/yasminfood.ch\/de\/wp-json\/wp\/v2\/product\/109023","targetHints":{"allow":["GET"]}}],"collection":[{"href":"https:\/\/yasminfood.ch\/de\/wp-json\/wp\/v2\/product"}],"about":[{"href":"https:\/\/yasminfood.ch\/de\/wp-json\/wp\/v2\/types\/product"}],"replies":[{"embeddable":true,"href":"https:\/\/yasminfood.ch\/de\/wp-json\/wp\/v2\/comments?post=109023"}],"version-history":[{"count":1,"href":"https:\/\/yasminfood.ch\/de\/wp-json\/wp\/v2\/product\/109023\/revisions"}],"predecessor-version":[{"id":110927,"href":"https:\/\/yasminfood.ch\/de\/wp-json\/wp\/v2\/product\/109023\/revisions\/110927"}],"wp:featuredmedia":[{"embeddable":true,"href":"https:\/\/yasminfood.ch\/de\/wp-json\/wp\/v2\/media\/110924"}],"wp:attachment":[{"href":"https:\/\/yasminfood.ch\/de\/wp-json\/wp\/v2\/media?parent=109023"}],"wp:term":[{"taxonomy":"product_brand","embeddable":true,"href":"https:\/\/yasminfood.ch\/de\/wp-json\/wp\/v2\/product_brand?post=109023"},{"taxonomy":"product_cat","embeddable":true,"href":"https:\/\/yasminfood.ch\/de\/wp-json\/wp\/v2\/product_cat?post=109023"},{"taxonomy":"product_tag","embeddable":true,"href":"https:\/\/yasminfood.ch\/de\/wp-json\/wp\/v2\/product_tag?post=109023"}],"curies":[{"name":"wp","href":"https:\/\/api.w.org\/{rel}","templated":true}]}}