{"id":110396,"date":"2025-05-12T23:58:05","date_gmt":"2025-05-12T21:58:05","guid":{"rendered":"https:\/\/yasminfood.ch\/product\/super-extra-geraeucherte-nuesse-al-rifai-250gr\/"},"modified":"2025-05-12T23:59:04","modified_gmt":"2025-05-12T21:59:04","slug":"super-extra-geraeucherte-nuesse-al-rifai-250gr","status":"publish","type":"product","link":"https:\/\/yasminfood.ch\/de\/product\/super-extra-geraeucherte-nuesse-al-rifai-250gr\/","title":{"rendered":"Super Extra Ger\u00e4ucherte N\u00fcsse Al Rifai 250gr"},"content":{"rendered":"<p>Super Extra ger\u00e4ucherte N\u00fcsse (Rifai) 250gr Eine unverzichtbare Erg\u00e4nzung zum Eid mit Verwandten und Freunden, vor allem mit S\u00fc\u00dfigkeiten und N\u00fcssen Rifai ist eine der am meisten ben\u00f6tigten Vergn\u00fcgungen, um einen besonderen Abend zu verbringen<\/p>\n","protected":false},"excerpt":{"rendered":"<p>Super Extra ger\u00e4ucherte N\u00fcsse (Rifai) 250gr Eine unverzichtbare Erg\u00e4nzung zum Eid mit Verwandten und Freunden, vor allem mit S\u00fc\u00dfigkeiten und<\/p>\n","protected":false},"featured_media":110389,"comment_status":"open","ping_status":"closed","template":"","meta":[],"product_brand":[],"product_cat":[356,359],"product_tag":[],"class_list":{"0":"post-110396","1":"product","2":"type-product","3":"status-publish","4":"has-post-thumbnail","6":"product_cat-gewuerze-nuesse","7":"product_cat-nusse","9":"first","10":"outofstock","11":"taxable","12":"shipping-taxable","13":"purchasable","14":"product-type-simple"},"yoast_head":"<!-- This site is optimized with the Yoast SEO Premium plugin v26.5 (Yoast SEO v27.4) - https:\/\/yoast.com\/product\/yoast-seo-premium-wordpress\/ -->\n<title>Super Extra Ger\u00e4ucherte N\u00fcsse Al Rifai 250gr - Yasmin Food<\/title>\n<meta name=\"robots\" content=\"index, follow, max-snippet:-1, max-image-preview:large, max-video-preview:-1\" \/>\n<link rel=\"canonical\" href=\"https:\/\/yasminfood.ch\/de\/product\/super-extra-geraeucherte-nuesse-al-rifai-250gr\/\" \/>\n<meta property=\"og:locale\" content=\"de_DE\" \/>\n<meta property=\"og:type\" content=\"article\" \/>\n<meta property=\"og:title\" content=\"Super Extra Ger\u00e4ucherte N\u00fcsse Al Rifai 250gr\" \/>\n<meta property=\"og:description\" content=\"Super Extra ger\u00e4ucherte N\u00fcsse (Rifai) 250gr Eine unverzichtbare Erg\u00e4nzung zum Eid mit Verwandten und Freunden, vor allem mit S\u00fc\u00dfigkeiten und N\u00fcssen Rifai\" \/>\n<meta property=\"og:url\" content=\"https:\/\/yasminfood.ch\/de\/product\/super-extra-geraeucherte-nuesse-al-rifai-250gr\/\" \/>\n<meta property=\"og:site_name\" content=\"Yasmin Food\" \/>\n<meta property=\"article:publisher\" content=\"https:\/\/www.facebook.com\/yasminmarkt1\" \/>\n<meta property=\"article:modified_time\" content=\"2025-05-12T21:59:04+00:00\" \/>\n<meta property=\"og:image\" content=\"https:\/\/yasminfood.ch\/wp-content\/uploads\/2025\/05\/\u0645\u0643\u0633\u0631\u0627\u062a-\u0627\u0643\u0633\u062a\u0631\u0627-\u0645\u062f\u062e\u0646-\u0643\u0627\u062c\u0648\u060c-\u0644\u0648\u0632\u060c-\u0641\u0633\u062a\u0642-\u062d\u0644\u0628\u064a-250gr.png\" \/>\n\t<meta property=\"og:image:width\" content=\"1080\" \/>\n\t<meta property=\"og:image:height\" content=\"1080\" \/>\n\t<meta property=\"og:image:type\" content=\"image\/png\" \/>\n<meta name=\"twitter:card\" content=\"summary_large_image\" \/>\n<meta name=\"twitter:label1\" content=\"Preis\" \/>\n\t<meta name=\"twitter:data1\" content=\"5.50&nbsp;&#067;&#072;&#070;\" \/>\n\t<meta name=\"twitter:label2\" content=\"Verf\u00fcgbarkeit\" \/>\n\t<meta name=\"twitter:data2\" content=\"ausverkauft\" \/>\n<script type=\"application\/ld+json\" class=\"yoast-schema-graph\">{\"@context\":\"https:\\\/\\\/schema.org\",\"@graph\":[{\"@type\":\"WebPage\",\"@id\":\"https:\\\/\\\/yasminfood.ch\\\/de\\\/product\\\/super-extra-geraeucherte-nuesse-al-rifai-250gr\\\/\",\"url\":\"https:\\\/\\\/yasminfood.ch\\\/de\\\/product\\\/super-extra-geraeucherte-nuesse-al-rifai-250gr\\\/\",\"name\":\"Super Extra Ger\u00e4ucherte N\u00fcsse Al Rifai 250gr - Yasmin Food\",\"isPartOf\":{\"@id\":\"https:\\\/\\\/yasminfood.ch\\\/de\\\/#website\"},\"primaryImageOfPage\":{\"@id\":\"https:\\\/\\\/yasminfood.ch\\\/de\\\/product\\\/super-extra-geraeucherte-nuesse-al-rifai-250gr\\\/#primaryimage\"},\"image\":{\"@id\":\"https:\\\/\\\/yasminfood.ch\\\/de\\\/product\\\/super-extra-geraeucherte-nuesse-al-rifai-250gr\\\/#primaryimage\"},\"thumbnailUrl\":\"https:\\\/\\\/yasminfood.ch\\\/wp-content\\\/uploads\\\/2025\\\/05\\\/\u0645\u0643\u0633\u0631\u0627\u062a-\u0627\u0643\u0633\u062a\u0631\u0627-\u0645\u062f\u062e\u0646-\u0643\u0627\u062c\u0648\u060c-\u0644\u0648\u0632\u060c-\u0641\u0633\u062a\u0642-\u062d\u0644\u0628\u064a-250gr.png\",\"datePublished\":\"2025-05-12T21:58:05+00:00\",\"dateModified\":\"2025-05-12T21:59:04+00:00\",\"breadcrumb\":{\"@id\":\"https:\\\/\\\/yasminfood.ch\\\/de\\\/product\\\/super-extra-geraeucherte-nuesse-al-rifai-250gr\\\/#breadcrumb\"},\"inLanguage\":\"de\",\"potentialAction\":[{\"@type\":\"ReadAction\",\"target\":[\"https:\\\/\\\/yasminfood.ch\\\/de\\\/product\\\/super-extra-geraeucherte-nuesse-al-rifai-250gr\\\/\"]}]},{\"@type\":\"ImageObject\",\"inLanguage\":\"de\",\"@id\":\"https:\\\/\\\/yasminfood.ch\\\/de\\\/product\\\/super-extra-geraeucherte-nuesse-al-rifai-250gr\\\/#primaryimage\",\"url\":\"https:\\\/\\\/yasminfood.ch\\\/wp-content\\\/uploads\\\/2025\\\/05\\\/\u0645\u0643\u0633\u0631\u0627\u062a-\u0627\u0643\u0633\u062a\u0631\u0627-\u0645\u062f\u062e\u0646-\u0643\u0627\u062c\u0648\u060c-\u0644\u0648\u0632\u060c-\u0641\u0633\u062a\u0642-\u062d\u0644\u0628\u064a-250gr.png\",\"contentUrl\":\"https:\\\/\\\/yasminfood.ch\\\/wp-content\\\/uploads\\\/2025\\\/05\\\/\u0645\u0643\u0633\u0631\u0627\u062a-\u0627\u0643\u0633\u062a\u0631\u0627-\u0645\u062f\u062e\u0646-\u0643\u0627\u062c\u0648\u060c-\u0644\u0648\u0632\u060c-\u0641\u0633\u062a\u0642-\u062d\u0644\u0628\u064a-250gr.png\",\"width\":1080,\"height\":1080},{\"@type\":\"BreadcrumbList\",\"@id\":\"https:\\\/\\\/yasminfood.ch\\\/de\\\/product\\\/super-extra-geraeucherte-nuesse-al-rifai-250gr\\\/#breadcrumb\",\"itemListElement\":[{\"@type\":\"ListItem\",\"position\":1,\"name\":\"\u0627\u0644\u0631\u0626\u064a\u0633\u064a\u0629\",\"item\":\"https:\\\/\\\/yasminfood.ch\\\/de\\\/zuhause\\\/\"},{\"@type\":\"ListItem\",\"position\":2,\"name\":\"Shop\",\"item\":\"https:\\\/\\\/yasminfood.ch\\\/de\\\/shop\\\/\"},{\"@type\":\"ListItem\",\"position\":3,\"name\":\"Gew\u00fcrze &amp; N\u00fcsse\",\"item\":\"https:\\\/\\\/yasminfood.ch\\\/de\\\/produkt-kategorie\\\/gewuerze-nuesse\\\/\"},{\"@type\":\"ListItem\",\"position\":4,\"name\":\"Super Extra Ger\u00e4ucherte N\u00fcsse Al Rifai 250gr\"}]},{\"@type\":\"WebSite\",\"@id\":\"https:\\\/\\\/yasminfood.ch\\\/de\\\/#website\",\"url\":\"https:\\\/\\\/yasminfood.ch\\\/de\\\/\",\"name\":\"\u064a\u0627\u0633\u0645\u064a\u0646 \u0645\u0627\u0631\u0643\u062a\",\"description\":\"Alles, was Sie brauchen, an einem Ort\",\"publisher\":{\"@id\":\"https:\\\/\\\/yasminfood.ch\\\/de\\\/#organization\"},\"alternateName\":\"Yasmin Food\",\"potentialAction\":[{\"@type\":\"SearchAction\",\"target\":{\"@type\":\"EntryPoint\",\"urlTemplate\":\"https:\\\/\\\/yasminfood.ch\\\/de\\\/?s={search_term_string}\"},\"query-input\":{\"@type\":\"PropertyValueSpecification\",\"valueRequired\":true,\"valueName\":\"search_term_string\"}}],\"inLanguage\":\"de\"},{\"@type\":\"Organization\",\"@id\":\"https:\\\/\\\/yasminfood.ch\\\/de\\\/#organization\",\"name\":\"\u064a\u0627\u0633\u0645\u064a\u0646 \u0645\u0627\u0631\u0643\u062a\",\"alternateName\":\"Yasmin Food\",\"url\":\"https:\\\/\\\/yasminfood.ch\\\/de\\\/\",\"logo\":{\"@type\":\"ImageObject\",\"inLanguage\":\"de\",\"@id\":\"https:\\\/\\\/yasminfood.ch\\\/de\\\/#\\\/schema\\\/logo\\\/image\\\/\",\"url\":\"https:\\\/\\\/yasminfood.ch\\\/wp-content\\\/uploads\\\/2025\\\/05\\\/yasmin-food-header-logo.png\",\"contentUrl\":\"https:\\\/\\\/yasminfood.ch\\\/wp-content\\\/uploads\\\/2025\\\/05\\\/yasmin-food-header-logo.png\",\"width\":330,\"height\":120,\"caption\":\"\u064a\u0627\u0633\u0645\u064a\u0646 \u0645\u0627\u0631\u0643\u062a\"},\"image\":{\"@id\":\"https:\\\/\\\/yasminfood.ch\\\/de\\\/#\\\/schema\\\/logo\\\/image\\\/\"},\"sameAs\":[\"https:\\\/\\\/www.facebook.com\\\/yasminmarkt1\",\"https:\\\/\\\/www.tiktok.com\\\/@yasminmarkt\",\"https:\\\/\\\/www.instagram.com\\\/yasmin.markt1\\\/\",\"https:\\\/\\\/api.whatsapp.com\\\/send\\\/?phone=41799000104\"],\"publishingPrinciples\":\"https:\\\/\\\/yasminfood.ch\\\/de\\\/shop\\\/\",\"ownershipFundingInfo\":\"https:\\\/\\\/yasminfood.ch\\\/de\\\/shop\\\/\"}]}<\/script>\n<meta property=\"product:price:amount\" content=\"5.50\" \/>\n<meta property=\"product:price:currency\" content=\"CHF\" \/>\n<meta property=\"og:availability\" content=\"out of stock\" \/>\n<meta property=\"product:availability\" content=\"out of stock\" \/>\n<meta property=\"product:condition\" content=\"new\" \/>\n<!-- \/ Yoast SEO Premium plugin. -->","yoast_head_json":{"title":"Super Extra Ger\u00e4ucherte N\u00fcsse Al Rifai 250gr - Yasmin Food","robots":{"index":"index","follow":"follow","max-snippet":"max-snippet:-1","max-image-preview":"max-image-preview:large","max-video-preview":"max-video-preview:-1"},"canonical":"https:\/\/yasminfood.ch\/de\/product\/super-extra-geraeucherte-nuesse-al-rifai-250gr\/","og_locale":"de_DE","og_type":"article","og_title":"Super Extra Ger\u00e4ucherte N\u00fcsse Al Rifai 250gr","og_description":"Super Extra ger\u00e4ucherte N\u00fcsse (Rifai) 250gr Eine unverzichtbare Erg\u00e4nzung zum Eid mit Verwandten und Freunden, vor allem mit S\u00fc\u00dfigkeiten und N\u00fcssen Rifai","og_url":"https:\/\/yasminfood.ch\/de\/product\/super-extra-geraeucherte-nuesse-al-rifai-250gr\/","og_site_name":"Yasmin Food","article_publisher":"https:\/\/www.facebook.com\/yasminmarkt1","article_modified_time":"2025-05-12T21:59:04+00:00","og_image":[{"width":1080,"height":1080,"url":"https:\/\/yasminfood.ch\/wp-content\/uploads\/2025\/05\/\u0645\u0643\u0633\u0631\u0627\u062a-\u0627\u0643\u0633\u062a\u0631\u0627-\u0645\u062f\u062e\u0646-\u0643\u0627\u062c\u0648\u060c-\u0644\u0648\u0632\u060c-\u0641\u0633\u062a\u0642-\u062d\u0644\u0628\u064a-250gr.png","type":"image\/png"}],"twitter_card":"summary_large_image","twitter_misc":{"Preis":"5.50&nbsp;&#67;&#72;&#70;","Verf\u00fcgbarkeit":"ausverkauft"},"schema":{"@context":"https:\/\/schema.org","@graph":[{"@type":"WebPage","@id":"https:\/\/yasminfood.ch\/de\/product\/super-extra-geraeucherte-nuesse-al-rifai-250gr\/","url":"https:\/\/yasminfood.ch\/de\/product\/super-extra-geraeucherte-nuesse-al-rifai-250gr\/","name":"Super Extra Ger\u00e4ucherte N\u00fcsse Al Rifai 250gr - Yasmin Food","isPartOf":{"@id":"https:\/\/yasminfood.ch\/de\/#website"},"primaryImageOfPage":{"@id":"https:\/\/yasminfood.ch\/de\/product\/super-extra-geraeucherte-nuesse-al-rifai-250gr\/#primaryimage"},"image":{"@id":"https:\/\/yasminfood.ch\/de\/product\/super-extra-geraeucherte-nuesse-al-rifai-250gr\/#primaryimage"},"thumbnailUrl":"https:\/\/yasminfood.ch\/wp-content\/uploads\/2025\/05\/\u0645\u0643\u0633\u0631\u0627\u062a-\u0627\u0643\u0633\u062a\u0631\u0627-\u0645\u062f\u062e\u0646-\u0643\u0627\u062c\u0648\u060c-\u0644\u0648\u0632\u060c-\u0641\u0633\u062a\u0642-\u062d\u0644\u0628\u064a-250gr.png","datePublished":"2025-05-12T21:58:05+00:00","dateModified":"2025-05-12T21:59:04+00:00","breadcrumb":{"@id":"https:\/\/yasminfood.ch\/de\/product\/super-extra-geraeucherte-nuesse-al-rifai-250gr\/#breadcrumb"},"inLanguage":"de","potentialAction":[{"@type":"ReadAction","target":["https:\/\/yasminfood.ch\/de\/product\/super-extra-geraeucherte-nuesse-al-rifai-250gr\/"]}]},{"@type":"ImageObject","inLanguage":"de","@id":"https:\/\/yasminfood.ch\/de\/product\/super-extra-geraeucherte-nuesse-al-rifai-250gr\/#primaryimage","url":"https:\/\/yasminfood.ch\/wp-content\/uploads\/2025\/05\/\u0645\u0643\u0633\u0631\u0627\u062a-\u0627\u0643\u0633\u062a\u0631\u0627-\u0645\u062f\u062e\u0646-\u0643\u0627\u062c\u0648\u060c-\u0644\u0648\u0632\u060c-\u0641\u0633\u062a\u0642-\u062d\u0644\u0628\u064a-250gr.png","contentUrl":"https:\/\/yasminfood.ch\/wp-content\/uploads\/2025\/05\/\u0645\u0643\u0633\u0631\u0627\u062a-\u0627\u0643\u0633\u062a\u0631\u0627-\u0645\u062f\u062e\u0646-\u0643\u0627\u062c\u0648\u060c-\u0644\u0648\u0632\u060c-\u0641\u0633\u062a\u0642-\u062d\u0644\u0628\u064a-250gr.png","width":1080,"height":1080},{"@type":"BreadcrumbList","@id":"https:\/\/yasminfood.ch\/de\/product\/super-extra-geraeucherte-nuesse-al-rifai-250gr\/#breadcrumb","itemListElement":[{"@type":"ListItem","position":1,"name":"\u0627\u0644\u0631\u0626\u064a\u0633\u064a\u0629","item":"https:\/\/yasminfood.ch\/de\/zuhause\/"},{"@type":"ListItem","position":2,"name":"Shop","item":"https:\/\/yasminfood.ch\/de\/shop\/"},{"@type":"ListItem","position":3,"name":"Gew\u00fcrze &amp; N\u00fcsse","item":"https:\/\/yasminfood.ch\/de\/produkt-kategorie\/gewuerze-nuesse\/"},{"@type":"ListItem","position":4,"name":"Super Extra Ger\u00e4ucherte N\u00fcsse Al Rifai 250gr"}]},{"@type":"WebSite","@id":"https:\/\/yasminfood.ch\/de\/#website","url":"https:\/\/yasminfood.ch\/de\/","name":"\u064a\u0627\u0633\u0645\u064a\u0646 \u0645\u0627\u0631\u0643\u062a","description":"Alles, was Sie brauchen, an einem Ort","publisher":{"@id":"https:\/\/yasminfood.ch\/de\/#organization"},"alternateName":"Yasmin Food","potentialAction":[{"@type":"SearchAction","target":{"@type":"EntryPoint","urlTemplate":"https:\/\/yasminfood.ch\/de\/?s={search_term_string}"},"query-input":{"@type":"PropertyValueSpecification","valueRequired":true,"valueName":"search_term_string"}}],"inLanguage":"de"},{"@type":"Organization","@id":"https:\/\/yasminfood.ch\/de\/#organization","name":"\u064a\u0627\u0633\u0645\u064a\u0646 \u0645\u0627\u0631\u0643\u062a","alternateName":"Yasmin Food","url":"https:\/\/yasminfood.ch\/de\/","logo":{"@type":"ImageObject","inLanguage":"de","@id":"https:\/\/yasminfood.ch\/de\/#\/schema\/logo\/image\/","url":"https:\/\/yasminfood.ch\/wp-content\/uploads\/2025\/05\/yasmin-food-header-logo.png","contentUrl":"https:\/\/yasminfood.ch\/wp-content\/uploads\/2025\/05\/yasmin-food-header-logo.png","width":330,"height":120,"caption":"\u064a\u0627\u0633\u0645\u064a\u0646 \u0645\u0627\u0631\u0643\u062a"},"image":{"@id":"https:\/\/yasminfood.ch\/de\/#\/schema\/logo\/image\/"},"sameAs":["https:\/\/www.facebook.com\/yasminmarkt1","https:\/\/www.tiktok.com\/@yasminmarkt","https:\/\/www.instagram.com\/yasmin.markt1\/","https:\/\/api.whatsapp.com\/send\/?phone=41799000104"],"publishingPrinciples":"https:\/\/yasminfood.ch\/de\/shop\/","ownershipFundingInfo":"https:\/\/yasminfood.ch\/de\/shop\/"}]},"product_price_amount":"5.50","product_price_currency":"CHF","og_availability":"out of stock","product_availability":"out of stock","product_condition":"new"},"jetpack_sharing_enabled":true,"_links":{"self":[{"href":"https:\/\/yasminfood.ch\/de\/wp-json\/wp\/v2\/product\/110396","targetHints":{"allow":["GET"]}}],"collection":[{"href":"https:\/\/yasminfood.ch\/de\/wp-json\/wp\/v2\/product"}],"about":[{"href":"https:\/\/yasminfood.ch\/de\/wp-json\/wp\/v2\/types\/product"}],"replies":[{"embeddable":true,"href":"https:\/\/yasminfood.ch\/de\/wp-json\/wp\/v2\/comments?post=110396"}],"version-history":[{"count":0,"href":"https:\/\/yasminfood.ch\/de\/wp-json\/wp\/v2\/product\/110396\/revisions"}],"wp:featuredmedia":[{"embeddable":true,"href":"https:\/\/yasminfood.ch\/de\/wp-json\/wp\/v2\/media\/110389"}],"wp:attachment":[{"href":"https:\/\/yasminfood.ch\/de\/wp-json\/wp\/v2\/media?parent=110396"}],"wp:term":[{"taxonomy":"product_brand","embeddable":true,"href":"https:\/\/yasminfood.ch\/de\/wp-json\/wp\/v2\/product_brand?post=110396"},{"taxonomy":"product_cat","embeddable":true,"href":"https:\/\/yasminfood.ch\/de\/wp-json\/wp\/v2\/product_cat?post=110396"},{"taxonomy":"product_tag","embeddable":true,"href":"https:\/\/yasminfood.ch\/de\/wp-json\/wp\/v2\/product_tag?post=110396"}],"curies":[{"name":"wp","href":"https:\/\/api.w.org\/{rel}","templated":true}]}}