{"id":110406,"date":"2025-05-13T00:12:48","date_gmt":"2025-05-12T22:12:48","guid":{"rendered":"https:\/\/yasminfood.ch\/product\/gesalzene-samen-sonnenblume-rifai-150gr\/"},"modified":"2025-05-13T00:13:43","modified_gmt":"2025-05-12T22:13:43","slug":"gesalzene-samen-sonnenblume-rifai-150gr","status":"publish","type":"product","link":"https:\/\/yasminfood.ch\/de\/product\/gesalzene-samen-sonnenblume-rifai-150gr\/","title":{"rendered":"Gesalzene Samen Sonnenblume Rifai 150gr"},"content":{"rendered":"<p>Gesalzene Rifai Sonnenblumenkerne 150gr Es wird auch Schwarzk\u00fcmmel genannt, Der Name Sonnenblumenkerne stammt von der Sonnenblumenpflanze, aus der die Samen extrahiert und verarbeitet und in Sonnenblumenkerne umgewandelt werden, die f\u00fcr ihren k\u00f6stlichen Geschmack und ihre vielen Vorteile bekannt sind. Es ist erw\u00e4hnenswert, dass die Sonnenblumenpflanze in der Vergangenheit wegen der Sch\u00f6nheit ihrer wunderbaren gelben Farbe als eine Art Dekoration verwendet wurde. Die Samen wurden sp\u00e4ter extrahiert und als essbar und mit einem reichhaltigen und unwiderstehlichen Geschmack entdeckt. Daher ist der Sonnensamen zu einer der bekanntesten und gefragtesten Samenarten geworden, Rifai Sonnenblumenkerne k\u00f6nnen mit einer Tasse hei\u00dfem Tee eingenommen werden und k\u00f6nnen den G\u00e4sten als eine Art Gastfreundschaft serviert werden.<\/p>\n","protected":false},"excerpt":{"rendered":"<p>Gesalzene Rifai Sonnenblumenkerne 150gr Es wird auch Schwarzk\u00fcmmel genannt, Der Name Sonnenblumenkerne stammt von der Sonnenblumenpflanze, aus der die Samen<\/p>\n","protected":false},"featured_media":120295,"comment_status":"open","ping_status":"closed","template":"","meta":[],"product_brand":[],"product_cat":[356,359],"product_tag":[1294],"class_list":{"0":"post-110406","1":"product","2":"type-product","3":"status-publish","4":"has-post-thumbnail","6":"product_cat-gewuerze-nuesse","7":"product_cat-nusse","8":"product_tag-super-knopf-gesalzen-gerostet","10":"first","11":"instock","12":"taxable","13":"shipping-taxable","14":"purchasable","15":"product-type-simple"},"yoast_head":"<!-- This site is optimized with the Yoast SEO Premium plugin v26.5 (Yoast SEO v27.3) - https:\/\/yoast.com\/product\/yoast-seo-premium-wordpress\/ -->\n<title>Gesalzene Samen Sonnenblume Rifai 150gr - Yasmin Food<\/title>\n<meta name=\"description\" content=\"Gesalzene Rifai Sonnenblumenkerne 150gr Es wird auch Schwarzk\u00fcmmel genannt, Der Name Sonnenblumenkerne stammt von der Sonnenblumenpflanze, aus der die Samen gewonnen und verarbeitet und in Sonnenblumenkerne umgewandelt werden, die f\u00fcr ihren k\u00f6stlichen Geschmack und ihre vielen Vorteile bekannt sind.\" \/>\n<meta name=\"robots\" content=\"index, follow, max-snippet:-1, max-image-preview:large, max-video-preview:-1\" \/>\n<link rel=\"canonical\" href=\"https:\/\/yasminfood.ch\/de\/product\/gesalzene-samen-sonnenblume-rifai-150gr\/\" \/>\n<meta property=\"og:locale\" content=\"de_DE\" \/>\n<meta property=\"og:type\" content=\"article\" \/>\n<meta property=\"og:title\" content=\"Gesalzene Samen Sonnenblume Rifai 150gr\" \/>\n<meta property=\"og:description\" content=\"Gesalzene Rifai Sonnenblumenkerne 150gr Es wird auch Schwarzk\u00fcmmel genannt, Der Name Sonnenblumenkerne stammt von der Sonnenblumenpflanze, aus der die\" \/>\n<meta property=\"og:url\" content=\"https:\/\/yasminfood.ch\/de\/product\/gesalzene-samen-sonnenblume-rifai-150gr\/\" \/>\n<meta property=\"og:site_name\" content=\"Yasmin Food\" \/>\n<meta property=\"article:publisher\" content=\"https:\/\/www.facebook.com\/yasminmarkt1\" \/>\n<meta property=\"article:modified_time\" content=\"2025-05-12T22:13:43+00:00\" \/>\n<meta property=\"og:image\" content=\"https:\/\/yasminfood.ch\/wp-content\/uploads\/2025\/05\/\u0628\u0632\u0631-\u0645\u0645\u0644\u062d-\u062f\u0648\u0627\u0631-\u0627\u0644\u0634\u0645\u0633-\u0627\u0644\u0631\u0641\u0627\u0639\u064a-150gr.png\" \/>\n\t<meta property=\"og:image:width\" content=\"1080\" \/>\n\t<meta property=\"og:image:height\" content=\"1080\" \/>\n\t<meta property=\"og:image:type\" content=\"image\/png\" \/>\n<meta name=\"twitter:card\" content=\"summary_large_image\" \/>\n<meta name=\"twitter:label1\" content=\"Preis\" \/>\n\t<meta name=\"twitter:data1\" content=\"1.95&nbsp;&#067;&#072;&#070;\" \/>\n\t<meta name=\"twitter:label2\" content=\"Verf\u00fcgbarkeit\" \/>\n\t<meta name=\"twitter:data2\" content=\"Auf Lager\" \/>\n<script type=\"application\/ld+json\" class=\"yoast-schema-graph\">{\"@context\":\"https:\\\/\\\/schema.org\",\"@graph\":[{\"@type\":\"WebPage\",\"@id\":\"https:\\\/\\\/yasminfood.ch\\\/de\\\/product\\\/gesalzene-samen-sonnenblume-rifai-150gr\\\/\",\"url\":\"https:\\\/\\\/yasminfood.ch\\\/de\\\/product\\\/gesalzene-samen-sonnenblume-rifai-150gr\\\/\",\"name\":\"Gesalzene Samen Sonnenblume Rifai 150gr - Yasmin Food\",\"isPartOf\":{\"@id\":\"https:\\\/\\\/yasminfood.ch\\\/de\\\/#website\"},\"primaryImageOfPage\":{\"@id\":\"https:\\\/\\\/yasminfood.ch\\\/de\\\/product\\\/gesalzene-samen-sonnenblume-rifai-150gr\\\/#primaryimage\"},\"image\":{\"@id\":\"https:\\\/\\\/yasminfood.ch\\\/de\\\/product\\\/gesalzene-samen-sonnenblume-rifai-150gr\\\/#primaryimage\"},\"thumbnailUrl\":\"https:\\\/\\\/yasminfood.ch\\\/wp-content\\\/uploads\\\/2025\\\/05\\\/\u0628\u0632\u0631-\u0645\u0645\u0644\u062d-\u062f\u0648\u0627\u0631-\u0627\u0644\u0634\u0645\u0633-\u0627\u0644\u0631\u0641\u0627\u0639\u064a-150gr-1.png\",\"datePublished\":\"2025-05-12T22:12:48+00:00\",\"dateModified\":\"2025-05-12T22:13:43+00:00\",\"description\":\"Gesalzene Rifai Sonnenblumenkerne 150gr Es wird auch Schwarzk\u00fcmmel genannt, Der Name Sonnenblumenkerne stammt von der Sonnenblumenpflanze, aus der die Samen gewonnen und verarbeitet und in Sonnenblumenkerne umgewandelt werden, die f\u00fcr ihren k\u00f6stlichen Geschmack und ihre vielen Vorteile bekannt sind.\",\"breadcrumb\":{\"@id\":\"https:\\\/\\\/yasminfood.ch\\\/de\\\/product\\\/gesalzene-samen-sonnenblume-rifai-150gr\\\/#breadcrumb\"},\"inLanguage\":\"de\",\"potentialAction\":[{\"@type\":\"ReadAction\",\"target\":[\"https:\\\/\\\/yasminfood.ch\\\/de\\\/product\\\/gesalzene-samen-sonnenblume-rifai-150gr\\\/\"]}]},{\"@type\":\"ImageObject\",\"inLanguage\":\"de\",\"@id\":\"https:\\\/\\\/yasminfood.ch\\\/de\\\/product\\\/gesalzene-samen-sonnenblume-rifai-150gr\\\/#primaryimage\",\"url\":\"https:\\\/\\\/yasminfood.ch\\\/wp-content\\\/uploads\\\/2025\\\/05\\\/\u0628\u0632\u0631-\u0645\u0645\u0644\u062d-\u062f\u0648\u0627\u0631-\u0627\u0644\u0634\u0645\u0633-\u0627\u0644\u0631\u0641\u0627\u0639\u064a-150gr-1.png\",\"contentUrl\":\"https:\\\/\\\/yasminfood.ch\\\/wp-content\\\/uploads\\\/2025\\\/05\\\/\u0628\u0632\u0631-\u0645\u0645\u0644\u062d-\u062f\u0648\u0627\u0631-\u0627\u0644\u0634\u0645\u0633-\u0627\u0644\u0631\u0641\u0627\u0639\u064a-150gr-1.png\",\"width\":1678,\"height\":1969,\"caption\":\"\u0628\u0632\u0631 \u0645\u0645\u0644\u062d \u062f\u0648\u0627\u0631 \u0627\u0644\u0634\u0645\u0633 \u0627\u0644\u0631\u0641\u0627\u0639\u064a 150gr\"},{\"@type\":\"BreadcrumbList\",\"@id\":\"https:\\\/\\\/yasminfood.ch\\\/de\\\/product\\\/gesalzene-samen-sonnenblume-rifai-150gr\\\/#breadcrumb\",\"itemListElement\":[{\"@type\":\"ListItem\",\"position\":1,\"name\":\"\u0627\u0644\u0631\u0626\u064a\u0633\u064a\u0629\",\"item\":\"https:\\\/\\\/yasminfood.ch\\\/de\\\/zuhause\\\/\"},{\"@type\":\"ListItem\",\"position\":2,\"name\":\"Shop\",\"item\":\"https:\\\/\\\/yasminfood.ch\\\/de\\\/shop\\\/\"},{\"@type\":\"ListItem\",\"position\":3,\"name\":\"Gew\u00fcrze &amp; N\u00fcsse\",\"item\":\"https:\\\/\\\/yasminfood.ch\\\/de\\\/produkt-kategorie\\\/gewuerze-nuesse\\\/\"},{\"@type\":\"ListItem\",\"position\":4,\"name\":\"Gesalzene Samen Sonnenblume Rifai 150gr\"}]},{\"@type\":\"WebSite\",\"@id\":\"https:\\\/\\\/yasminfood.ch\\\/de\\\/#website\",\"url\":\"https:\\\/\\\/yasminfood.ch\\\/de\\\/\",\"name\":\"\u064a\u0627\u0633\u0645\u064a\u0646 \u0645\u0627\u0631\u0643\u062a\",\"description\":\"Alles, was Sie brauchen, an einem Ort\",\"publisher\":{\"@id\":\"https:\\\/\\\/yasminfood.ch\\\/de\\\/#organization\"},\"alternateName\":\"Yasmin Food\",\"potentialAction\":[{\"@type\":\"SearchAction\",\"target\":{\"@type\":\"EntryPoint\",\"urlTemplate\":\"https:\\\/\\\/yasminfood.ch\\\/de\\\/?s={search_term_string}\"},\"query-input\":{\"@type\":\"PropertyValueSpecification\",\"valueRequired\":true,\"valueName\":\"search_term_string\"}}],\"inLanguage\":\"de\"},{\"@type\":\"Organization\",\"@id\":\"https:\\\/\\\/yasminfood.ch\\\/de\\\/#organization\",\"name\":\"\u064a\u0627\u0633\u0645\u064a\u0646 \u0645\u0627\u0631\u0643\u062a\",\"alternateName\":\"Yasmin Food\",\"url\":\"https:\\\/\\\/yasminfood.ch\\\/de\\\/\",\"logo\":{\"@type\":\"ImageObject\",\"inLanguage\":\"de\",\"@id\":\"https:\\\/\\\/yasminfood.ch\\\/de\\\/#\\\/schema\\\/logo\\\/image\\\/\",\"url\":\"https:\\\/\\\/yasminfood.ch\\\/wp-content\\\/uploads\\\/2025\\\/05\\\/yasmin-food-header-logo.png\",\"contentUrl\":\"https:\\\/\\\/yasminfood.ch\\\/wp-content\\\/uploads\\\/2025\\\/05\\\/yasmin-food-header-logo.png\",\"width\":330,\"height\":120,\"caption\":\"\u064a\u0627\u0633\u0645\u064a\u0646 \u0645\u0627\u0631\u0643\u062a\"},\"image\":{\"@id\":\"https:\\\/\\\/yasminfood.ch\\\/de\\\/#\\\/schema\\\/logo\\\/image\\\/\"},\"sameAs\":[\"https:\\\/\\\/www.facebook.com\\\/yasminmarkt1\",\"https:\\\/\\\/www.tiktok.com\\\/@yasminmarkt\",\"https:\\\/\\\/www.instagram.com\\\/yasmin.markt1\\\/\",\"https:\\\/\\\/api.whatsapp.com\\\/send\\\/?phone=41799000104\"],\"publishingPrinciples\":\"https:\\\/\\\/yasminfood.ch\\\/de\\\/shop\\\/\",\"ownershipFundingInfo\":\"https:\\\/\\\/yasminfood.ch\\\/de\\\/shop\\\/\"}]}<\/script>\n<meta property=\"product:price:amount\" content=\"1.95\" \/>\n<meta property=\"product:price:currency\" content=\"CHF\" \/>\n<meta property=\"og:availability\" content=\"instock\" \/>\n<meta property=\"product:availability\" content=\"instock\" \/>\n<meta property=\"product:condition\" content=\"new\" \/>\n<!-- \/ Yoast SEO Premium plugin. -->","yoast_head_json":{"title":"Gesalzene Samen Sonnenblume Rifai 150gr - Yasmin Food","description":"Gesalzene Rifai Sonnenblumenkerne 150gr Es wird auch Schwarzk\u00fcmmel genannt, Der Name Sonnenblumenkerne stammt von der Sonnenblumenpflanze, aus der die Samen gewonnen und verarbeitet und in Sonnenblumenkerne umgewandelt werden, die f\u00fcr ihren k\u00f6stlichen Geschmack und ihre vielen Vorteile bekannt sind.","robots":{"index":"index","follow":"follow","max-snippet":"max-snippet:-1","max-image-preview":"max-image-preview:large","max-video-preview":"max-video-preview:-1"},"canonical":"https:\/\/yasminfood.ch\/de\/product\/gesalzene-samen-sonnenblume-rifai-150gr\/","og_locale":"de_DE","og_type":"article","og_title":"Gesalzene Samen Sonnenblume Rifai 150gr","og_description":"Gesalzene Rifai Sonnenblumenkerne 150gr Es wird auch Schwarzk\u00fcmmel genannt, Der Name Sonnenblumenkerne stammt von der Sonnenblumenpflanze, aus der die","og_url":"https:\/\/yasminfood.ch\/de\/product\/gesalzene-samen-sonnenblume-rifai-150gr\/","og_site_name":"Yasmin Food","article_publisher":"https:\/\/www.facebook.com\/yasminmarkt1","article_modified_time":"2025-05-12T22:13:43+00:00","og_image":[{"width":1080,"height":1080,"url":"https:\/\/yasminfood.ch\/wp-content\/uploads\/2025\/05\/\u0628\u0632\u0631-\u0645\u0645\u0644\u062d-\u062f\u0648\u0627\u0631-\u0627\u0644\u0634\u0645\u0633-\u0627\u0644\u0631\u0641\u0627\u0639\u064a-150gr.png","type":"image\/png"}],"twitter_card":"summary_large_image","twitter_misc":{"Preis":"1.95&nbsp;&#67;&#72;&#70;","Verf\u00fcgbarkeit":"Auf Lager"},"schema":{"@context":"https:\/\/schema.org","@graph":[{"@type":"WebPage","@id":"https:\/\/yasminfood.ch\/de\/product\/gesalzene-samen-sonnenblume-rifai-150gr\/","url":"https:\/\/yasminfood.ch\/de\/product\/gesalzene-samen-sonnenblume-rifai-150gr\/","name":"Gesalzene Samen Sonnenblume Rifai 150gr - Yasmin Food","isPartOf":{"@id":"https:\/\/yasminfood.ch\/de\/#website"},"primaryImageOfPage":{"@id":"https:\/\/yasminfood.ch\/de\/product\/gesalzene-samen-sonnenblume-rifai-150gr\/#primaryimage"},"image":{"@id":"https:\/\/yasminfood.ch\/de\/product\/gesalzene-samen-sonnenblume-rifai-150gr\/#primaryimage"},"thumbnailUrl":"https:\/\/yasminfood.ch\/wp-content\/uploads\/2025\/05\/\u0628\u0632\u0631-\u0645\u0645\u0644\u062d-\u062f\u0648\u0627\u0631-\u0627\u0644\u0634\u0645\u0633-\u0627\u0644\u0631\u0641\u0627\u0639\u064a-150gr-1.png","datePublished":"2025-05-12T22:12:48+00:00","dateModified":"2025-05-12T22:13:43+00:00","description":"Gesalzene Rifai Sonnenblumenkerne 150gr Es wird auch Schwarzk\u00fcmmel genannt, Der Name Sonnenblumenkerne stammt von der Sonnenblumenpflanze, aus der die Samen gewonnen und verarbeitet und in Sonnenblumenkerne umgewandelt werden, die f\u00fcr ihren k\u00f6stlichen Geschmack und ihre vielen Vorteile bekannt sind.","breadcrumb":{"@id":"https:\/\/yasminfood.ch\/de\/product\/gesalzene-samen-sonnenblume-rifai-150gr\/#breadcrumb"},"inLanguage":"de","potentialAction":[{"@type":"ReadAction","target":["https:\/\/yasminfood.ch\/de\/product\/gesalzene-samen-sonnenblume-rifai-150gr\/"]}]},{"@type":"ImageObject","inLanguage":"de","@id":"https:\/\/yasminfood.ch\/de\/product\/gesalzene-samen-sonnenblume-rifai-150gr\/#primaryimage","url":"https:\/\/yasminfood.ch\/wp-content\/uploads\/2025\/05\/\u0628\u0632\u0631-\u0645\u0645\u0644\u062d-\u062f\u0648\u0627\u0631-\u0627\u0644\u0634\u0645\u0633-\u0627\u0644\u0631\u0641\u0627\u0639\u064a-150gr-1.png","contentUrl":"https:\/\/yasminfood.ch\/wp-content\/uploads\/2025\/05\/\u0628\u0632\u0631-\u0645\u0645\u0644\u062d-\u062f\u0648\u0627\u0631-\u0627\u0644\u0634\u0645\u0633-\u0627\u0644\u0631\u0641\u0627\u0639\u064a-150gr-1.png","width":1678,"height":1969,"caption":"\u0628\u0632\u0631 \u0645\u0645\u0644\u062d \u062f\u0648\u0627\u0631 \u0627\u0644\u0634\u0645\u0633 \u0627\u0644\u0631\u0641\u0627\u0639\u064a 150gr"},{"@type":"BreadcrumbList","@id":"https:\/\/yasminfood.ch\/de\/product\/gesalzene-samen-sonnenblume-rifai-150gr\/#breadcrumb","itemListElement":[{"@type":"ListItem","position":1,"name":"\u0627\u0644\u0631\u0626\u064a\u0633\u064a\u0629","item":"https:\/\/yasminfood.ch\/de\/zuhause\/"},{"@type":"ListItem","position":2,"name":"Shop","item":"https:\/\/yasminfood.ch\/de\/shop\/"},{"@type":"ListItem","position":3,"name":"Gew\u00fcrze &amp; N\u00fcsse","item":"https:\/\/yasminfood.ch\/de\/produkt-kategorie\/gewuerze-nuesse\/"},{"@type":"ListItem","position":4,"name":"Gesalzene Samen Sonnenblume Rifai 150gr"}]},{"@type":"WebSite","@id":"https:\/\/yasminfood.ch\/de\/#website","url":"https:\/\/yasminfood.ch\/de\/","name":"\u064a\u0627\u0633\u0645\u064a\u0646 \u0645\u0627\u0631\u0643\u062a","description":"Alles, was Sie brauchen, an einem Ort","publisher":{"@id":"https:\/\/yasminfood.ch\/de\/#organization"},"alternateName":"Yasmin Food","potentialAction":[{"@type":"SearchAction","target":{"@type":"EntryPoint","urlTemplate":"https:\/\/yasminfood.ch\/de\/?s={search_term_string}"},"query-input":{"@type":"PropertyValueSpecification","valueRequired":true,"valueName":"search_term_string"}}],"inLanguage":"de"},{"@type":"Organization","@id":"https:\/\/yasminfood.ch\/de\/#organization","name":"\u064a\u0627\u0633\u0645\u064a\u0646 \u0645\u0627\u0631\u0643\u062a","alternateName":"Yasmin Food","url":"https:\/\/yasminfood.ch\/de\/","logo":{"@type":"ImageObject","inLanguage":"de","@id":"https:\/\/yasminfood.ch\/de\/#\/schema\/logo\/image\/","url":"https:\/\/yasminfood.ch\/wp-content\/uploads\/2025\/05\/yasmin-food-header-logo.png","contentUrl":"https:\/\/yasminfood.ch\/wp-content\/uploads\/2025\/05\/yasmin-food-header-logo.png","width":330,"height":120,"caption":"\u064a\u0627\u0633\u0645\u064a\u0646 \u0645\u0627\u0631\u0643\u062a"},"image":{"@id":"https:\/\/yasminfood.ch\/de\/#\/schema\/logo\/image\/"},"sameAs":["https:\/\/www.facebook.com\/yasminmarkt1","https:\/\/www.tiktok.com\/@yasminmarkt","https:\/\/www.instagram.com\/yasmin.markt1\/","https:\/\/api.whatsapp.com\/send\/?phone=41799000104"],"publishingPrinciples":"https:\/\/yasminfood.ch\/de\/shop\/","ownershipFundingInfo":"https:\/\/yasminfood.ch\/de\/shop\/"}]},"product_price_amount":"1.95","product_price_currency":"CHF","og_availability":"instock","product_availability":"instock","product_condition":"new"},"jetpack_sharing_enabled":true,"_links":{"self":[{"href":"https:\/\/yasminfood.ch\/de\/wp-json\/wp\/v2\/product\/110406","targetHints":{"allow":["GET"]}}],"collection":[{"href":"https:\/\/yasminfood.ch\/de\/wp-json\/wp\/v2\/product"}],"about":[{"href":"https:\/\/yasminfood.ch\/de\/wp-json\/wp\/v2\/types\/product"}],"replies":[{"embeddable":true,"href":"https:\/\/yasminfood.ch\/de\/wp-json\/wp\/v2\/comments?post=110406"}],"version-history":[{"count":0,"href":"https:\/\/yasminfood.ch\/de\/wp-json\/wp\/v2\/product\/110406\/revisions"}],"wp:featuredmedia":[{"embeddable":true,"href":"https:\/\/yasminfood.ch\/de\/wp-json\/wp\/v2\/media\/120295"}],"wp:attachment":[{"href":"https:\/\/yasminfood.ch\/de\/wp-json\/wp\/v2\/media?parent=110406"}],"wp:term":[{"taxonomy":"product_brand","embeddable":true,"href":"https:\/\/yasminfood.ch\/de\/wp-json\/wp\/v2\/product_brand?post=110406"},{"taxonomy":"product_cat","embeddable":true,"href":"https:\/\/yasminfood.ch\/de\/wp-json\/wp\/v2\/product_cat?post=110406"},{"taxonomy":"product_tag","embeddable":true,"href":"https:\/\/yasminfood.ch\/de\/wp-json\/wp\/v2\/product_tag?post=110406"}],"curies":[{"name":"wp","href":"https:\/\/api.w.org\/{rel}","templated":true}]}}