{"id":110438,"date":"2025-05-13T10:46:05","date_gmt":"2025-05-13T08:46:05","guid":{"rendered":"https:\/\/yasminfood.ch\/product\/yalangi-ugarit-weinblaetter-2000g\/"},"modified":"2025-11-04T19:28:36","modified_gmt":"2025-11-04T18:28:36","slug":"yalangi-ugarit-weinblaetter-2000g","status":"publish","type":"product","link":"https:\/\/yasminfood.ch\/de\/product\/yalangi-ugarit-weinblaetter-2000g\/","title":{"rendered":"Yalangi Ugarit Weinbl\u00e4tter 2000g"},"content":{"rendered":"<p>Yalangi-Weinbl\u00e4tter sind ein sehr ber\u00fchmtes und beliebtes Gericht, da sie als Vorspeise auf Partys und Veranstaltungen platziert werden, so dass der Essenstisch keine Yalangi-Weinbl\u00e4tter enthalten kann, es hat einen wunderbaren Geschmack und eine brillante Aussicht, und Yalanji wird aus verschiedenen Zutaten wie Reis, Granatapfelmelasse, Oliven\u00f6l und vielen anderen Zutaten und Gew\u00fcrzen zubereitet, die ihm diesen k\u00f6stlichen sauren Geschmack verleihen, und die gef\u00fcllten Weinbl\u00e4tter von Yalanji wurden mit versiegelten Metallbeh\u00e4ltern verpackt, um die Sicherheit und Qualit\u00e4t des Produkts zu gew\u00e4hrleisten.      <\/p>\n","protected":false},"excerpt":{"rendered":"<p>Yalangi-Weinbl\u00e4tter sind ein sehr ber\u00fchmtes und beliebtes Gericht, da sie als Vorspeise auf Partys und Veranstaltungen platziert werden, so dass<\/p>\n","protected":false},"featured_media":110430,"comment_status":"open","ping_status":"closed","template":"","meta":[],"product_brand":[],"product_cat":[293,245],"product_tag":[2115,1041],"class_list":{"0":"post-110438","1":"product","2":"type-product","3":"status-publish","4":"has-post-thumbnail","6":"product_cat-gefuellte-weinblaetter-traubenblaetter","7":"product_cat-konserven-lebensmittel","8":"product_tag-weinblatter-yalangi","9":"product_tag---de","11":"first","12":"outofstock","13":"taxable","14":"shipping-taxable","15":"purchasable","16":"product-type-simple"},"yoast_head":"<!-- This site is optimized with the Yoast SEO Premium plugin v26.5 (Yoast SEO v27.5) - https:\/\/yoast.com\/product\/yoast-seo-premium-wordpress\/ -->\n<title>Yalangi Ugarit Weinbl\u00e4tter 2000g - Yasmin Food<\/title>\n<meta name=\"description\" content=\"Yalangi-Weinbl\u00e4tter sind ein sehr ber\u00fchmtes und beliebtes Gericht, da sie als Vorspeise auf Partys und Veranstaltungen serviert werden, so dass der Esstisch keine Yalangi-Weinbl\u00e4tter enthalten darf.\" \/>\n<meta name=\"robots\" content=\"index, follow, max-snippet:-1, max-image-preview:large, max-video-preview:-1\" \/>\n<link rel=\"canonical\" href=\"https:\/\/yasminfood.ch\/de\/product\/yalangi-ugarit-weinblaetter-2000g\/\" \/>\n<meta property=\"og:locale\" content=\"de_DE\" \/>\n<meta property=\"og:type\" content=\"article\" \/>\n<meta property=\"og:title\" content=\"Yalangi Ugarit Weinbl\u00e4tter 2000g\" \/>\n<meta property=\"og:description\" content=\"Yalangi-Weinbl\u00e4tter sind ein sehr ber\u00fchmtes und beliebtes Gericht, da sie als Vorspeise auf Partys und Veranstaltungen platziert werden, so dass der\" \/>\n<meta property=\"og:url\" content=\"https:\/\/yasminfood.ch\/de\/product\/yalangi-ugarit-weinblaetter-2000g\/\" \/>\n<meta property=\"og:site_name\" content=\"Yasmin Food\" \/>\n<meta property=\"article:publisher\" content=\"https:\/\/www.facebook.com\/yasminmarkt1\" \/>\n<meta property=\"article:modified_time\" content=\"2025-11-04T18:28:36+00:00\" \/>\n<meta property=\"og:image\" content=\"https:\/\/yasminfood.ch\/wp-content\/uploads\/2025\/05\/\u064a\u0627\u0644\u0646\u062c\u064a-\u0627\u0648\u063a\u0627\u0631\u064a\u062a-2-\u0643\u064a\u0644\u0648.png\" \/>\n\t<meta property=\"og:image:width\" content=\"1080\" \/>\n\t<meta property=\"og:image:height\" content=\"1080\" \/>\n\t<meta property=\"og:image:type\" content=\"image\/png\" \/>\n<meta name=\"twitter:card\" content=\"summary_large_image\" \/>\n<meta name=\"twitter:label1\" content=\"Preis\" \/>\n\t<meta name=\"twitter:data1\" content=\"19.85&nbsp;&#067;&#072;&#070;\" \/>\n\t<meta name=\"twitter:label2\" content=\"Verf\u00fcgbarkeit\" \/>\n\t<meta name=\"twitter:data2\" content=\"ausverkauft\" \/>\n<script type=\"application\/ld+json\" class=\"yoast-schema-graph\">{\"@context\":\"https:\\\/\\\/schema.org\",\"@graph\":[{\"@type\":\"WebPage\",\"@id\":\"https:\\\/\\\/yasminfood.ch\\\/de\\\/product\\\/yalangi-ugarit-weinblaetter-2000g\\\/\",\"url\":\"https:\\\/\\\/yasminfood.ch\\\/de\\\/product\\\/yalangi-ugarit-weinblaetter-2000g\\\/\",\"name\":\"Yalangi Ugarit Weinbl\u00e4tter 2000g - Yasmin Food\",\"isPartOf\":{\"@id\":\"https:\\\/\\\/yasminfood.ch\\\/de\\\/#website\"},\"primaryImageOfPage\":{\"@id\":\"https:\\\/\\\/yasminfood.ch\\\/de\\\/product\\\/yalangi-ugarit-weinblaetter-2000g\\\/#primaryimage\"},\"image\":{\"@id\":\"https:\\\/\\\/yasminfood.ch\\\/de\\\/product\\\/yalangi-ugarit-weinblaetter-2000g\\\/#primaryimage\"},\"thumbnailUrl\":\"https:\\\/\\\/yasminfood.ch\\\/wp-content\\\/uploads\\\/2025\\\/05\\\/\u064a\u0627\u0644\u0646\u062c\u064a-\u0627\u0648\u063a\u0627\u0631\u064a\u062a-2-\u0643\u064a\u0644\u0648.png\",\"datePublished\":\"2025-05-13T08:46:05+00:00\",\"dateModified\":\"2025-11-04T18:28:36+00:00\",\"description\":\"Yalangi-Weinbl\u00e4tter sind ein sehr ber\u00fchmtes und beliebtes Gericht, da sie als Vorspeise auf Partys und Veranstaltungen serviert werden, so dass der Esstisch keine Yalangi-Weinbl\u00e4tter enthalten darf.\",\"breadcrumb\":{\"@id\":\"https:\\\/\\\/yasminfood.ch\\\/de\\\/product\\\/yalangi-ugarit-weinblaetter-2000g\\\/#breadcrumb\"},\"inLanguage\":\"de\",\"potentialAction\":[{\"@type\":\"ReadAction\",\"target\":[\"https:\\\/\\\/yasminfood.ch\\\/de\\\/product\\\/yalangi-ugarit-weinblaetter-2000g\\\/\"]}]},{\"@type\":\"ImageObject\",\"inLanguage\":\"de\",\"@id\":\"https:\\\/\\\/yasminfood.ch\\\/de\\\/product\\\/yalangi-ugarit-weinblaetter-2000g\\\/#primaryimage\",\"url\":\"https:\\\/\\\/yasminfood.ch\\\/wp-content\\\/uploads\\\/2025\\\/05\\\/\u064a\u0627\u0644\u0646\u062c\u064a-\u0627\u0648\u063a\u0627\u0631\u064a\u062a-2-\u0643\u064a\u0644\u0648.png\",\"contentUrl\":\"https:\\\/\\\/yasminfood.ch\\\/wp-content\\\/uploads\\\/2025\\\/05\\\/\u064a\u0627\u0644\u0646\u062c\u064a-\u0627\u0648\u063a\u0627\u0631\u064a\u062a-2-\u0643\u064a\u0644\u0648.png\",\"width\":1080,\"height\":1080},{\"@type\":\"BreadcrumbList\",\"@id\":\"https:\\\/\\\/yasminfood.ch\\\/de\\\/product\\\/yalangi-ugarit-weinblaetter-2000g\\\/#breadcrumb\",\"itemListElement\":[{\"@type\":\"ListItem\",\"position\":1,\"name\":\"\u0627\u0644\u0631\u0626\u064a\u0633\u064a\u0629\",\"item\":\"https:\\\/\\\/yasminfood.ch\\\/de\\\/zuhause\\\/\"},{\"@type\":\"ListItem\",\"position\":2,\"name\":\"Shop\",\"item\":\"https:\\\/\\\/yasminfood.ch\\\/de\\\/shop\\\/\"},{\"@type\":\"ListItem\",\"position\":3,\"name\":\"Konserven - Lebensmittel\",\"item\":\"https:\\\/\\\/yasminfood.ch\\\/de\\\/produkt-kategorie\\\/konserven-lebensmittel\\\/\"},{\"@type\":\"ListItem\",\"position\":4,\"name\":\"Gef\u00fcllte Weinbl\u00e4tter - Traubenbl\u00e4tter\",\"item\":\"https:\\\/\\\/yasminfood.ch\\\/de\\\/produkt-kategorie\\\/konserven-lebensmittel\\\/gefuellte-weinblaetter-traubenblaetter\\\/\"},{\"@type\":\"ListItem\",\"position\":5,\"name\":\"Yalangi Ugarit Weinbl\u00e4tter 2000g\"}]},{\"@type\":\"WebSite\",\"@id\":\"https:\\\/\\\/yasminfood.ch\\\/de\\\/#website\",\"url\":\"https:\\\/\\\/yasminfood.ch\\\/de\\\/\",\"name\":\"\u064a\u0627\u0633\u0645\u064a\u0646 \u0645\u0627\u0631\u0643\u062a\",\"description\":\"Alles, was Sie brauchen, an einem Ort\",\"publisher\":{\"@id\":\"https:\\\/\\\/yasminfood.ch\\\/de\\\/#organization\"},\"alternateName\":\"Yasmin Food\",\"potentialAction\":[{\"@type\":\"SearchAction\",\"target\":{\"@type\":\"EntryPoint\",\"urlTemplate\":\"https:\\\/\\\/yasminfood.ch\\\/de\\\/?s={search_term_string}\"},\"query-input\":{\"@type\":\"PropertyValueSpecification\",\"valueRequired\":true,\"valueName\":\"search_term_string\"}}],\"inLanguage\":\"de\"},{\"@type\":\"Organization\",\"@id\":\"https:\\\/\\\/yasminfood.ch\\\/de\\\/#organization\",\"name\":\"\u064a\u0627\u0633\u0645\u064a\u0646 \u0645\u0627\u0631\u0643\u062a\",\"alternateName\":\"Yasmin Food\",\"url\":\"https:\\\/\\\/yasminfood.ch\\\/de\\\/\",\"logo\":{\"@type\":\"ImageObject\",\"inLanguage\":\"de\",\"@id\":\"https:\\\/\\\/yasminfood.ch\\\/de\\\/#\\\/schema\\\/logo\\\/image\\\/\",\"url\":\"https:\\\/\\\/yasminfood.ch\\\/wp-content\\\/uploads\\\/2025\\\/05\\\/yasmin-food-header-logo.png\",\"contentUrl\":\"https:\\\/\\\/yasminfood.ch\\\/wp-content\\\/uploads\\\/2025\\\/05\\\/yasmin-food-header-logo.png\",\"width\":330,\"height\":120,\"caption\":\"\u064a\u0627\u0633\u0645\u064a\u0646 \u0645\u0627\u0631\u0643\u062a\"},\"image\":{\"@id\":\"https:\\\/\\\/yasminfood.ch\\\/de\\\/#\\\/schema\\\/logo\\\/image\\\/\"},\"sameAs\":[\"https:\\\/\\\/www.facebook.com\\\/yasminmarkt1\",\"https:\\\/\\\/www.tiktok.com\\\/@yasminmarkt\",\"https:\\\/\\\/www.instagram.com\\\/yasmin.markt1\\\/\",\"https:\\\/\\\/api.whatsapp.com\\\/send\\\/?phone=41799000104\"],\"publishingPrinciples\":\"https:\\\/\\\/yasminfood.ch\\\/de\\\/shop\\\/\",\"ownershipFundingInfo\":\"https:\\\/\\\/yasminfood.ch\\\/de\\\/shop\\\/\"}]}<\/script>\n<meta property=\"product:price:amount\" content=\"19.85\" \/>\n<meta property=\"product:price:currency\" content=\"CHF\" \/>\n<meta property=\"og:availability\" content=\"out of stock\" \/>\n<meta property=\"product:availability\" content=\"out of stock\" \/>\n<meta property=\"product:condition\" content=\"new\" \/>\n<!-- \/ Yoast SEO Premium plugin. -->","yoast_head_json":{"title":"Yalangi Ugarit Weinbl\u00e4tter 2000g - Yasmin Food","description":"Yalangi-Weinbl\u00e4tter sind ein sehr ber\u00fchmtes und beliebtes Gericht, da sie als Vorspeise auf Partys und Veranstaltungen serviert werden, so dass der Esstisch keine Yalangi-Weinbl\u00e4tter enthalten darf.","robots":{"index":"index","follow":"follow","max-snippet":"max-snippet:-1","max-image-preview":"max-image-preview:large","max-video-preview":"max-video-preview:-1"},"canonical":"https:\/\/yasminfood.ch\/de\/product\/yalangi-ugarit-weinblaetter-2000g\/","og_locale":"de_DE","og_type":"article","og_title":"Yalangi Ugarit Weinbl\u00e4tter 2000g","og_description":"Yalangi-Weinbl\u00e4tter sind ein sehr ber\u00fchmtes und beliebtes Gericht, da sie als Vorspeise auf Partys und Veranstaltungen platziert werden, so dass der","og_url":"https:\/\/yasminfood.ch\/de\/product\/yalangi-ugarit-weinblaetter-2000g\/","og_site_name":"Yasmin Food","article_publisher":"https:\/\/www.facebook.com\/yasminmarkt1","article_modified_time":"2025-11-04T18:28:36+00:00","og_image":[{"width":1080,"height":1080,"url":"https:\/\/yasminfood.ch\/wp-content\/uploads\/2025\/05\/\u064a\u0627\u0644\u0646\u062c\u064a-\u0627\u0648\u063a\u0627\u0631\u064a\u062a-2-\u0643\u064a\u0644\u0648.png","type":"image\/png"}],"twitter_card":"summary_large_image","twitter_misc":{"Preis":"19.85&nbsp;&#67;&#72;&#70;","Verf\u00fcgbarkeit":"ausverkauft"},"schema":{"@context":"https:\/\/schema.org","@graph":[{"@type":"WebPage","@id":"https:\/\/yasminfood.ch\/de\/product\/yalangi-ugarit-weinblaetter-2000g\/","url":"https:\/\/yasminfood.ch\/de\/product\/yalangi-ugarit-weinblaetter-2000g\/","name":"Yalangi Ugarit Weinbl\u00e4tter 2000g - Yasmin Food","isPartOf":{"@id":"https:\/\/yasminfood.ch\/de\/#website"},"primaryImageOfPage":{"@id":"https:\/\/yasminfood.ch\/de\/product\/yalangi-ugarit-weinblaetter-2000g\/#primaryimage"},"image":{"@id":"https:\/\/yasminfood.ch\/de\/product\/yalangi-ugarit-weinblaetter-2000g\/#primaryimage"},"thumbnailUrl":"https:\/\/yasminfood.ch\/wp-content\/uploads\/2025\/05\/\u064a\u0627\u0644\u0646\u062c\u064a-\u0627\u0648\u063a\u0627\u0631\u064a\u062a-2-\u0643\u064a\u0644\u0648.png","datePublished":"2025-05-13T08:46:05+00:00","dateModified":"2025-11-04T18:28:36+00:00","description":"Yalangi-Weinbl\u00e4tter sind ein sehr ber\u00fchmtes und beliebtes Gericht, da sie als Vorspeise auf Partys und Veranstaltungen serviert werden, so dass der Esstisch keine Yalangi-Weinbl\u00e4tter enthalten darf.","breadcrumb":{"@id":"https:\/\/yasminfood.ch\/de\/product\/yalangi-ugarit-weinblaetter-2000g\/#breadcrumb"},"inLanguage":"de","potentialAction":[{"@type":"ReadAction","target":["https:\/\/yasminfood.ch\/de\/product\/yalangi-ugarit-weinblaetter-2000g\/"]}]},{"@type":"ImageObject","inLanguage":"de","@id":"https:\/\/yasminfood.ch\/de\/product\/yalangi-ugarit-weinblaetter-2000g\/#primaryimage","url":"https:\/\/yasminfood.ch\/wp-content\/uploads\/2025\/05\/\u064a\u0627\u0644\u0646\u062c\u064a-\u0627\u0648\u063a\u0627\u0631\u064a\u062a-2-\u0643\u064a\u0644\u0648.png","contentUrl":"https:\/\/yasminfood.ch\/wp-content\/uploads\/2025\/05\/\u064a\u0627\u0644\u0646\u062c\u064a-\u0627\u0648\u063a\u0627\u0631\u064a\u062a-2-\u0643\u064a\u0644\u0648.png","width":1080,"height":1080},{"@type":"BreadcrumbList","@id":"https:\/\/yasminfood.ch\/de\/product\/yalangi-ugarit-weinblaetter-2000g\/#breadcrumb","itemListElement":[{"@type":"ListItem","position":1,"name":"\u0627\u0644\u0631\u0626\u064a\u0633\u064a\u0629","item":"https:\/\/yasminfood.ch\/de\/zuhause\/"},{"@type":"ListItem","position":2,"name":"Shop","item":"https:\/\/yasminfood.ch\/de\/shop\/"},{"@type":"ListItem","position":3,"name":"Konserven - Lebensmittel","item":"https:\/\/yasminfood.ch\/de\/produkt-kategorie\/konserven-lebensmittel\/"},{"@type":"ListItem","position":4,"name":"Gef\u00fcllte Weinbl\u00e4tter - Traubenbl\u00e4tter","item":"https:\/\/yasminfood.ch\/de\/produkt-kategorie\/konserven-lebensmittel\/gefuellte-weinblaetter-traubenblaetter\/"},{"@type":"ListItem","position":5,"name":"Yalangi Ugarit Weinbl\u00e4tter 2000g"}]},{"@type":"WebSite","@id":"https:\/\/yasminfood.ch\/de\/#website","url":"https:\/\/yasminfood.ch\/de\/","name":"\u064a\u0627\u0633\u0645\u064a\u0646 \u0645\u0627\u0631\u0643\u062a","description":"Alles, was Sie brauchen, an einem Ort","publisher":{"@id":"https:\/\/yasminfood.ch\/de\/#organization"},"alternateName":"Yasmin Food","potentialAction":[{"@type":"SearchAction","target":{"@type":"EntryPoint","urlTemplate":"https:\/\/yasminfood.ch\/de\/?s={search_term_string}"},"query-input":{"@type":"PropertyValueSpecification","valueRequired":true,"valueName":"search_term_string"}}],"inLanguage":"de"},{"@type":"Organization","@id":"https:\/\/yasminfood.ch\/de\/#organization","name":"\u064a\u0627\u0633\u0645\u064a\u0646 \u0645\u0627\u0631\u0643\u062a","alternateName":"Yasmin Food","url":"https:\/\/yasminfood.ch\/de\/","logo":{"@type":"ImageObject","inLanguage":"de","@id":"https:\/\/yasminfood.ch\/de\/#\/schema\/logo\/image\/","url":"https:\/\/yasminfood.ch\/wp-content\/uploads\/2025\/05\/yasmin-food-header-logo.png","contentUrl":"https:\/\/yasminfood.ch\/wp-content\/uploads\/2025\/05\/yasmin-food-header-logo.png","width":330,"height":120,"caption":"\u064a\u0627\u0633\u0645\u064a\u0646 \u0645\u0627\u0631\u0643\u062a"},"image":{"@id":"https:\/\/yasminfood.ch\/de\/#\/schema\/logo\/image\/"},"sameAs":["https:\/\/www.facebook.com\/yasminmarkt1","https:\/\/www.tiktok.com\/@yasminmarkt","https:\/\/www.instagram.com\/yasmin.markt1\/","https:\/\/api.whatsapp.com\/send\/?phone=41799000104"],"publishingPrinciples":"https:\/\/yasminfood.ch\/de\/shop\/","ownershipFundingInfo":"https:\/\/yasminfood.ch\/de\/shop\/"}]},"product_price_amount":"19.85","product_price_currency":"CHF","og_availability":"out of stock","product_availability":"out of stock","product_condition":"new"},"jetpack_sharing_enabled":true,"_links":{"self":[{"href":"https:\/\/yasminfood.ch\/de\/wp-json\/wp\/v2\/product\/110438","targetHints":{"allow":["GET"]}}],"collection":[{"href":"https:\/\/yasminfood.ch\/de\/wp-json\/wp\/v2\/product"}],"about":[{"href":"https:\/\/yasminfood.ch\/de\/wp-json\/wp\/v2\/types\/product"}],"replies":[{"embeddable":true,"href":"https:\/\/yasminfood.ch\/de\/wp-json\/wp\/v2\/comments?post=110438"}],"version-history":[{"count":0,"href":"https:\/\/yasminfood.ch\/de\/wp-json\/wp\/v2\/product\/110438\/revisions"}],"wp:featuredmedia":[{"embeddable":true,"href":"https:\/\/yasminfood.ch\/de\/wp-json\/wp\/v2\/media\/110430"}],"wp:attachment":[{"href":"https:\/\/yasminfood.ch\/de\/wp-json\/wp\/v2\/media?parent=110438"}],"wp:term":[{"taxonomy":"product_brand","embeddable":true,"href":"https:\/\/yasminfood.ch\/de\/wp-json\/wp\/v2\/product_brand?post=110438"},{"taxonomy":"product_cat","embeddable":true,"href":"https:\/\/yasminfood.ch\/de\/wp-json\/wp\/v2\/product_cat?post=110438"},{"taxonomy":"product_tag","embeddable":true,"href":"https:\/\/yasminfood.ch\/de\/wp-json\/wp\/v2\/product_tag?post=110438"}],"curies":[{"name":"wp","href":"https:\/\/api.w.org\/{rel}","templated":true}]}}