{"id":110602,"date":"2025-05-14T23:17:24","date_gmt":"2025-05-14T21:17:24","guid":{"rendered":"https:\/\/yasminfood.ch\/product\/grober-griess-le-renard-1kg\/"},"modified":"2026-02-04T00:25:41","modified_gmt":"2026-02-03T23:25:41","slug":"grober-griess-le-renard-1kg","status":"publish","type":"product","link":"https:\/\/yasminfood.ch\/de\/product\/grober-griess-le-renard-1kg\/","title":{"rendered":"Grober Grie\u00df Le renard 1kg"},"content":{"rendered":"<p>Grober Grie\u00df aus Le Renard Grie\u00df ist eines der sehr beliebten Weizenprodukte, Wo Grie\u00df in vielen Arten von S\u00fc\u00dfigkeiten und Teigen wie Basbousa enthalten ist, Libanon-N\u00e4chte, Harissa, Und auch die S\u00fc\u00dfe des Grie\u00dfes, der in Algerien sehr ber\u00fchmt ist und zu Anl\u00e4ssen zur Feier der Ankunft des Fr\u00fchlings serviert wird, Grie\u00df hat auch viele Vorteile, da er voller Eisen, Fols\u00e4ure, Vitamine der Gruppe B und spielt auch eine Rolle bei der Resistenz gegen die Zeichen des Alterns, Wo viele kosmetische Masken damit hergestellt werden k\u00f6nnen, Das Unternehmen hat es auch gut konserviert, um die Sicherheit des Produkts zu gew\u00e4hrleisten.<\/p>\n","protected":false},"excerpt":{"rendered":"<p>Grober Grie\u00df aus Le Renard Grie\u00df ist eines der sehr beliebten Weizenprodukte, Wo Grie\u00df in vielen Arten von S\u00fc\u00dfigkeiten und<\/p>\n","protected":false},"featured_media":110599,"comment_status":"open","ping_status":"closed","template":"","meta":[],"product_brand":[],"product_cat":[328,320],"product_tag":[2119],"class_list":{"0":"post-110602","1":"product","2":"type-product","3":"status-publish","4":"has-post-thumbnail","6":"product_cat-gries","7":"product_cat-reis-getreide","8":"product_tag-gries","10":"first","11":"outofstock","12":"taxable","13":"shipping-taxable","14":"purchasable","15":"product-type-simple"},"yoast_head":"<!-- This site is optimized with the Yoast SEO Premium plugin v26.5 (Yoast SEO v27.5) - https:\/\/yoast.com\/product\/yoast-seo-premium-wordpress\/ -->\n<title>Grober Grie\u00df Le renard 1kg - Yasmin Food<\/title>\n<meta name=\"description\" content=\"Grober Grie\u00df aus Le Renard Grie\u00df ist eines der sehr beliebten Weizenprodukte, Wo Grie\u00df in vielen Arten von S\u00fc\u00dfigkeiten und Teigen wie Basbousa enthalten ist, Libanon-N\u00e4chte, Harissa, Und auch die sehr ber\u00fchmte Grie\u00dfs\u00fc\u00dfe\" \/>\n<meta name=\"robots\" content=\"index, follow, max-snippet:-1, max-image-preview:large, max-video-preview:-1\" \/>\n<link rel=\"canonical\" href=\"https:\/\/yasminfood.ch\/de\/product\/grober-griess-le-renard-1kg\/\" \/>\n<meta property=\"og:locale\" content=\"de_DE\" \/>\n<meta property=\"og:type\" content=\"article\" \/>\n<meta property=\"og:title\" content=\"Grober Grie\u00df Le renard 1kg\" \/>\n<meta property=\"og:description\" content=\"Grober Grie\u00df aus Le Renard Grie\u00df ist eines der sehr beliebten Weizenprodukte, Wo Grie\u00df in vielen Arten von S\u00fc\u00dfigkeiten und Teigen wie Basbousa enthalten\" \/>\n<meta property=\"og:url\" content=\"https:\/\/yasminfood.ch\/de\/product\/grober-griess-le-renard-1kg\/\" \/>\n<meta property=\"og:site_name\" content=\"Yasmin Food\" \/>\n<meta property=\"article:publisher\" content=\"https:\/\/www.facebook.com\/yasminmarkt1\" \/>\n<meta property=\"article:modified_time\" content=\"2026-02-03T23:25:41+00:00\" \/>\n<meta property=\"og:image\" content=\"https:\/\/yasminfood.ch\/wp-content\/uploads\/2025\/05\/\u0633\u0645\u064a\u062f-\u062e\u0634\u0646-Le-renard-1kg.png\" \/>\n\t<meta property=\"og:image:width\" content=\"1080\" \/>\n\t<meta property=\"og:image:height\" content=\"1080\" \/>\n\t<meta property=\"og:image:type\" content=\"image\/png\" \/>\n<meta name=\"twitter:card\" content=\"summary_large_image\" \/>\n<meta name=\"twitter:label1\" content=\"Preis\" \/>\n\t<meta name=\"twitter:data1\" content=\"3.50&nbsp;&#067;&#072;&#070;\" \/>\n\t<meta name=\"twitter:label2\" content=\"Verf\u00fcgbarkeit\" \/>\n\t<meta name=\"twitter:data2\" content=\"ausverkauft\" \/>\n<script type=\"application\/ld+json\" class=\"yoast-schema-graph\">{\"@context\":\"https:\\\/\\\/schema.org\",\"@graph\":[{\"@type\":\"WebPage\",\"@id\":\"https:\\\/\\\/yasminfood.ch\\\/de\\\/product\\\/grober-griess-le-renard-1kg\\\/\",\"url\":\"https:\\\/\\\/yasminfood.ch\\\/de\\\/product\\\/grober-griess-le-renard-1kg\\\/\",\"name\":\"Grober Grie\u00df Le renard 1kg - Yasmin Food\",\"isPartOf\":{\"@id\":\"https:\\\/\\\/yasminfood.ch\\\/de\\\/#website\"},\"primaryImageOfPage\":{\"@id\":\"https:\\\/\\\/yasminfood.ch\\\/de\\\/product\\\/grober-griess-le-renard-1kg\\\/#primaryimage\"},\"image\":{\"@id\":\"https:\\\/\\\/yasminfood.ch\\\/de\\\/product\\\/grober-griess-le-renard-1kg\\\/#primaryimage\"},\"thumbnailUrl\":\"https:\\\/\\\/yasminfood.ch\\\/wp-content\\\/uploads\\\/2025\\\/05\\\/\u0633\u0645\u064a\u062f-\u062e\u0634\u0646-Le-renard-1kg.png\",\"datePublished\":\"2025-05-14T21:17:24+00:00\",\"dateModified\":\"2026-02-03T23:25:41+00:00\",\"description\":\"Grober Grie\u00df aus Le Renard Grie\u00df ist eines der sehr beliebten Weizenprodukte, Wo Grie\u00df in vielen Arten von S\u00fc\u00dfigkeiten und Teigen wie Basbousa enthalten ist, Libanon-N\u00e4chte, Harissa, Und auch die sehr ber\u00fchmte Grie\u00dfs\u00fc\u00dfe\",\"breadcrumb\":{\"@id\":\"https:\\\/\\\/yasminfood.ch\\\/de\\\/product\\\/grober-griess-le-renard-1kg\\\/#breadcrumb\"},\"inLanguage\":\"de\",\"potentialAction\":[{\"@type\":\"ReadAction\",\"target\":[\"https:\\\/\\\/yasminfood.ch\\\/de\\\/product\\\/grober-griess-le-renard-1kg\\\/\"]}]},{\"@type\":\"ImageObject\",\"inLanguage\":\"de\",\"@id\":\"https:\\\/\\\/yasminfood.ch\\\/de\\\/product\\\/grober-griess-le-renard-1kg\\\/#primaryimage\",\"url\":\"https:\\\/\\\/yasminfood.ch\\\/wp-content\\\/uploads\\\/2025\\\/05\\\/\u0633\u0645\u064a\u062f-\u062e\u0634\u0646-Le-renard-1kg.png\",\"contentUrl\":\"https:\\\/\\\/yasminfood.ch\\\/wp-content\\\/uploads\\\/2025\\\/05\\\/\u0633\u0645\u064a\u062f-\u062e\u0634\u0646-Le-renard-1kg.png\",\"width\":1080,\"height\":1080},{\"@type\":\"BreadcrumbList\",\"@id\":\"https:\\\/\\\/yasminfood.ch\\\/de\\\/product\\\/grober-griess-le-renard-1kg\\\/#breadcrumb\",\"itemListElement\":[{\"@type\":\"ListItem\",\"position\":1,\"name\":\"\u0627\u0644\u0631\u0626\u064a\u0633\u064a\u0629\",\"item\":\"https:\\\/\\\/yasminfood.ch\\\/de\\\/zuhause\\\/\"},{\"@type\":\"ListItem\",\"position\":2,\"name\":\"Shop\",\"item\":\"https:\\\/\\\/yasminfood.ch\\\/de\\\/shop\\\/\"},{\"@type\":\"ListItem\",\"position\":3,\"name\":\"Reis &amp; Getreide\",\"item\":\"https:\\\/\\\/yasminfood.ch\\\/de\\\/produkt-kategorie\\\/reis-getreide\\\/\"},{\"@type\":\"ListItem\",\"position\":4,\"name\":\"Grie\u00df\",\"item\":\"https:\\\/\\\/yasminfood.ch\\\/de\\\/produkt-kategorie\\\/reis-getreide\\\/gries\\\/\"},{\"@type\":\"ListItem\",\"position\":5,\"name\":\"Grober Grie\u00df Le renard 1kg\"}]},{\"@type\":\"WebSite\",\"@id\":\"https:\\\/\\\/yasminfood.ch\\\/de\\\/#website\",\"url\":\"https:\\\/\\\/yasminfood.ch\\\/de\\\/\",\"name\":\"\u064a\u0627\u0633\u0645\u064a\u0646 \u0645\u0627\u0631\u0643\u062a\",\"description\":\"Alles, was Sie brauchen, an einem Ort\",\"publisher\":{\"@id\":\"https:\\\/\\\/yasminfood.ch\\\/de\\\/#organization\"},\"alternateName\":\"Yasmin Food\",\"potentialAction\":[{\"@type\":\"SearchAction\",\"target\":{\"@type\":\"EntryPoint\",\"urlTemplate\":\"https:\\\/\\\/yasminfood.ch\\\/de\\\/?s={search_term_string}\"},\"query-input\":{\"@type\":\"PropertyValueSpecification\",\"valueRequired\":true,\"valueName\":\"search_term_string\"}}],\"inLanguage\":\"de\"},{\"@type\":\"Organization\",\"@id\":\"https:\\\/\\\/yasminfood.ch\\\/de\\\/#organization\",\"name\":\"\u064a\u0627\u0633\u0645\u064a\u0646 \u0645\u0627\u0631\u0643\u062a\",\"alternateName\":\"Yasmin Food\",\"url\":\"https:\\\/\\\/yasminfood.ch\\\/de\\\/\",\"logo\":{\"@type\":\"ImageObject\",\"inLanguage\":\"de\",\"@id\":\"https:\\\/\\\/yasminfood.ch\\\/de\\\/#\\\/schema\\\/logo\\\/image\\\/\",\"url\":\"https:\\\/\\\/yasminfood.ch\\\/wp-content\\\/uploads\\\/2025\\\/05\\\/yasmin-food-header-logo.png\",\"contentUrl\":\"https:\\\/\\\/yasminfood.ch\\\/wp-content\\\/uploads\\\/2025\\\/05\\\/yasmin-food-header-logo.png\",\"width\":330,\"height\":120,\"caption\":\"\u064a\u0627\u0633\u0645\u064a\u0646 \u0645\u0627\u0631\u0643\u062a\"},\"image\":{\"@id\":\"https:\\\/\\\/yasminfood.ch\\\/de\\\/#\\\/schema\\\/logo\\\/image\\\/\"},\"sameAs\":[\"https:\\\/\\\/www.facebook.com\\\/yasminmarkt1\",\"https:\\\/\\\/www.tiktok.com\\\/@yasminmarkt\",\"https:\\\/\\\/www.instagram.com\\\/yasmin.markt1\\\/\",\"https:\\\/\\\/api.whatsapp.com\\\/send\\\/?phone=41799000104\"],\"publishingPrinciples\":\"https:\\\/\\\/yasminfood.ch\\\/de\\\/shop\\\/\",\"ownershipFundingInfo\":\"https:\\\/\\\/yasminfood.ch\\\/de\\\/shop\\\/\"}]}<\/script>\n<meta property=\"product:price:amount\" content=\"3.50\" \/>\n<meta property=\"product:price:currency\" content=\"CHF\" \/>\n<meta property=\"og:availability\" content=\"out of stock\" \/>\n<meta property=\"product:availability\" content=\"out of stock\" \/>\n<meta property=\"product:condition\" content=\"new\" \/>\n<!-- \/ Yoast SEO Premium plugin. -->","yoast_head_json":{"title":"Grober Grie\u00df Le renard 1kg - Yasmin Food","description":"Grober Grie\u00df aus Le Renard Grie\u00df ist eines der sehr beliebten Weizenprodukte, Wo Grie\u00df in vielen Arten von S\u00fc\u00dfigkeiten und Teigen wie Basbousa enthalten ist, Libanon-N\u00e4chte, Harissa, Und auch die sehr ber\u00fchmte Grie\u00dfs\u00fc\u00dfe","robots":{"index":"index","follow":"follow","max-snippet":"max-snippet:-1","max-image-preview":"max-image-preview:large","max-video-preview":"max-video-preview:-1"},"canonical":"https:\/\/yasminfood.ch\/de\/product\/grober-griess-le-renard-1kg\/","og_locale":"de_DE","og_type":"article","og_title":"Grober Grie\u00df Le renard 1kg","og_description":"Grober Grie\u00df aus Le Renard Grie\u00df ist eines der sehr beliebten Weizenprodukte, Wo Grie\u00df in vielen Arten von S\u00fc\u00dfigkeiten und Teigen wie Basbousa enthalten","og_url":"https:\/\/yasminfood.ch\/de\/product\/grober-griess-le-renard-1kg\/","og_site_name":"Yasmin Food","article_publisher":"https:\/\/www.facebook.com\/yasminmarkt1","article_modified_time":"2026-02-03T23:25:41+00:00","og_image":[{"width":1080,"height":1080,"url":"https:\/\/yasminfood.ch\/wp-content\/uploads\/2025\/05\/\u0633\u0645\u064a\u062f-\u062e\u0634\u0646-Le-renard-1kg.png","type":"image\/png"}],"twitter_card":"summary_large_image","twitter_misc":{"Preis":"3.50&nbsp;&#67;&#72;&#70;","Verf\u00fcgbarkeit":"ausverkauft"},"schema":{"@context":"https:\/\/schema.org","@graph":[{"@type":"WebPage","@id":"https:\/\/yasminfood.ch\/de\/product\/grober-griess-le-renard-1kg\/","url":"https:\/\/yasminfood.ch\/de\/product\/grober-griess-le-renard-1kg\/","name":"Grober Grie\u00df Le renard 1kg - Yasmin Food","isPartOf":{"@id":"https:\/\/yasminfood.ch\/de\/#website"},"primaryImageOfPage":{"@id":"https:\/\/yasminfood.ch\/de\/product\/grober-griess-le-renard-1kg\/#primaryimage"},"image":{"@id":"https:\/\/yasminfood.ch\/de\/product\/grober-griess-le-renard-1kg\/#primaryimage"},"thumbnailUrl":"https:\/\/yasminfood.ch\/wp-content\/uploads\/2025\/05\/\u0633\u0645\u064a\u062f-\u062e\u0634\u0646-Le-renard-1kg.png","datePublished":"2025-05-14T21:17:24+00:00","dateModified":"2026-02-03T23:25:41+00:00","description":"Grober Grie\u00df aus Le Renard Grie\u00df ist eines der sehr beliebten Weizenprodukte, Wo Grie\u00df in vielen Arten von S\u00fc\u00dfigkeiten und Teigen wie Basbousa enthalten ist, Libanon-N\u00e4chte, Harissa, Und auch die sehr ber\u00fchmte Grie\u00dfs\u00fc\u00dfe","breadcrumb":{"@id":"https:\/\/yasminfood.ch\/de\/product\/grober-griess-le-renard-1kg\/#breadcrumb"},"inLanguage":"de","potentialAction":[{"@type":"ReadAction","target":["https:\/\/yasminfood.ch\/de\/product\/grober-griess-le-renard-1kg\/"]}]},{"@type":"ImageObject","inLanguage":"de","@id":"https:\/\/yasminfood.ch\/de\/product\/grober-griess-le-renard-1kg\/#primaryimage","url":"https:\/\/yasminfood.ch\/wp-content\/uploads\/2025\/05\/\u0633\u0645\u064a\u062f-\u062e\u0634\u0646-Le-renard-1kg.png","contentUrl":"https:\/\/yasminfood.ch\/wp-content\/uploads\/2025\/05\/\u0633\u0645\u064a\u062f-\u062e\u0634\u0646-Le-renard-1kg.png","width":1080,"height":1080},{"@type":"BreadcrumbList","@id":"https:\/\/yasminfood.ch\/de\/product\/grober-griess-le-renard-1kg\/#breadcrumb","itemListElement":[{"@type":"ListItem","position":1,"name":"\u0627\u0644\u0631\u0626\u064a\u0633\u064a\u0629","item":"https:\/\/yasminfood.ch\/de\/zuhause\/"},{"@type":"ListItem","position":2,"name":"Shop","item":"https:\/\/yasminfood.ch\/de\/shop\/"},{"@type":"ListItem","position":3,"name":"Reis &amp; Getreide","item":"https:\/\/yasminfood.ch\/de\/produkt-kategorie\/reis-getreide\/"},{"@type":"ListItem","position":4,"name":"Grie\u00df","item":"https:\/\/yasminfood.ch\/de\/produkt-kategorie\/reis-getreide\/gries\/"},{"@type":"ListItem","position":5,"name":"Grober Grie\u00df Le renard 1kg"}]},{"@type":"WebSite","@id":"https:\/\/yasminfood.ch\/de\/#website","url":"https:\/\/yasminfood.ch\/de\/","name":"\u064a\u0627\u0633\u0645\u064a\u0646 \u0645\u0627\u0631\u0643\u062a","description":"Alles, was Sie brauchen, an einem Ort","publisher":{"@id":"https:\/\/yasminfood.ch\/de\/#organization"},"alternateName":"Yasmin Food","potentialAction":[{"@type":"SearchAction","target":{"@type":"EntryPoint","urlTemplate":"https:\/\/yasminfood.ch\/de\/?s={search_term_string}"},"query-input":{"@type":"PropertyValueSpecification","valueRequired":true,"valueName":"search_term_string"}}],"inLanguage":"de"},{"@type":"Organization","@id":"https:\/\/yasminfood.ch\/de\/#organization","name":"\u064a\u0627\u0633\u0645\u064a\u0646 \u0645\u0627\u0631\u0643\u062a","alternateName":"Yasmin Food","url":"https:\/\/yasminfood.ch\/de\/","logo":{"@type":"ImageObject","inLanguage":"de","@id":"https:\/\/yasminfood.ch\/de\/#\/schema\/logo\/image\/","url":"https:\/\/yasminfood.ch\/wp-content\/uploads\/2025\/05\/yasmin-food-header-logo.png","contentUrl":"https:\/\/yasminfood.ch\/wp-content\/uploads\/2025\/05\/yasmin-food-header-logo.png","width":330,"height":120,"caption":"\u064a\u0627\u0633\u0645\u064a\u0646 \u0645\u0627\u0631\u0643\u062a"},"image":{"@id":"https:\/\/yasminfood.ch\/de\/#\/schema\/logo\/image\/"},"sameAs":["https:\/\/www.facebook.com\/yasminmarkt1","https:\/\/www.tiktok.com\/@yasminmarkt","https:\/\/www.instagram.com\/yasmin.markt1\/","https:\/\/api.whatsapp.com\/send\/?phone=41799000104"],"publishingPrinciples":"https:\/\/yasminfood.ch\/de\/shop\/","ownershipFundingInfo":"https:\/\/yasminfood.ch\/de\/shop\/"}]},"product_price_amount":"3.50","product_price_currency":"CHF","og_availability":"out of stock","product_availability":"out of stock","product_condition":"new"},"jetpack_sharing_enabled":true,"_links":{"self":[{"href":"https:\/\/yasminfood.ch\/de\/wp-json\/wp\/v2\/product\/110602","targetHints":{"allow":["GET"]}}],"collection":[{"href":"https:\/\/yasminfood.ch\/de\/wp-json\/wp\/v2\/product"}],"about":[{"href":"https:\/\/yasminfood.ch\/de\/wp-json\/wp\/v2\/types\/product"}],"replies":[{"embeddable":true,"href":"https:\/\/yasminfood.ch\/de\/wp-json\/wp\/v2\/comments?post=110602"}],"version-history":[{"count":0,"href":"https:\/\/yasminfood.ch\/de\/wp-json\/wp\/v2\/product\/110602\/revisions"}],"wp:featuredmedia":[{"embeddable":true,"href":"https:\/\/yasminfood.ch\/de\/wp-json\/wp\/v2\/media\/110599"}],"wp:attachment":[{"href":"https:\/\/yasminfood.ch\/de\/wp-json\/wp\/v2\/media?parent=110602"}],"wp:term":[{"taxonomy":"product_brand","embeddable":true,"href":"https:\/\/yasminfood.ch\/de\/wp-json\/wp\/v2\/product_brand?post=110602"},{"taxonomy":"product_cat","embeddable":true,"href":"https:\/\/yasminfood.ch\/de\/wp-json\/wp\/v2\/product_cat?post=110602"},{"taxonomy":"product_tag","embeddable":true,"href":"https:\/\/yasminfood.ch\/de\/wp-json\/wp\/v2\/product_tag?post=110602"}],"curies":[{"name":"wp","href":"https:\/\/api.w.org\/{rel}","templated":true}]}}