{"id":110766,"date":"2025-05-15T04:36:01","date_gmt":"2025-05-15T02:36:51","guid":{"rendered":"https:\/\/yasminfood.ch\/product\/lailand-kaese-mit-goldenem-faden-1000gr\/"},"modified":"2025-06-20T00:50:02","modified_gmt":"2025-06-19T22:50:02","slug":"lailand-kaese-mit-goldenem-faden-1000gr","status":"publish","type":"product","link":"https:\/\/yasminfood.ch\/de\/product\/lailand-kaese-mit-goldenem-faden-1000gr\/","title":{"rendered":"Goldener Faden K\u00e4se Lailand 1800GR"},"content":{"rendered":"<p>Goldener Faden K\u00e4se Lailand 1800GR<\/p>\n<ul>\n<li>#\u0627\u0644\u0641\u0631\u0646\u0633\u064a\u0629 in den H\u00e4nden von #\u0633\u0648\u0631\u064a\u0629 und 20 Jahren syrischer Erfahrung par excellence<\/li>\n<li>Der K\u00e4se hat aufgrund seiner Abh\u00e4ngigkeit von franz\u00f6sischer Milch mit seiner besonderen Qualit\u00e4t ein unverwechselbares Aroma und einen unverwechselbaren Geschmack<\/li>\n<li>F\u00fcr die bekanntesten <b>franz\u00f6sischen K\u00e4sesorten<\/b><\/li>\n<li>Was nur funktioniert, wenn die Milch von Bauernh\u00f6fen stammt, deren K\u00fche sich von der Natur ern\u00e4hren<\/li>\n<li>Und Naturrasen probiert es hundertprozentig aus und Sie sind der Richter<\/li>\n<\/ul>\n","protected":false},"excerpt":{"rendered":"<p class=\"ai-optimize-introduction ai-optimize-28\">Goldener Faden K\u00e4se Lailand 1800GR<\/p>\n<ul>\n<li class=\"ai-optimize-introduction ai-optimize-29\">#\u0627\u0644\u0641\u0631\u0646\u0633\u064a\u0629 in den H\u00e4nden von #\u0633\u0648\u0631\u064a\u0629 und 20 Jahren syrischer Erfahrung par excellence<\/li>\n<li class=\"ai-optimize-introduction ai-optimize-29\">Der K\u00e4se hat aufgrund seiner Abh\u00e4ngigkeit von franz\u00f6sischer Milch mit seiner besonderen Qualit\u00e4t ein unverwechselbares Aroma und einen unverwechselbaren Geschmack<\/li>\n<\/ul>\n","protected":false},"featured_media":110763,"comment_status":"open","ping_status":"closed","template":"","meta":[],"product_brand":[],"product_cat":[295],"product_tag":[2041,2130],"class_list":{"0":"post-110766","1":"product","2":"type-product","3":"status-publish","4":"has-post-thumbnail","6":"product_cat-milchprodukte-und-eier","7":"product_tag-in-syrischer-hand","8":"product_tag-vollfetter-kase-1-kg","10":"first","11":"outofstock","12":"taxable","13":"shipping-taxable","14":"purchasable","15":"product-type-simple"},"yoast_head":"<!-- This site is optimized with the Yoast SEO Premium plugin v26.5 (Yoast SEO v27.4) - https:\/\/yoast.com\/product\/yoast-seo-premium-wordpress\/ -->\n<title>Goldener Faden K\u00e4se Lailand 1800GR - Yasmin Food<\/title>\n<meta name=\"description\" content=\"Der unverwechselbare K\u00e4se mit goldenem Faden #\u0644\u064a\u0644\u0627\u0646\u062f #\u0627\u0644\u0641\u0631\u0646\u0633\u064a\u0629 von #\u0633\u0648\u0631\u064a\u0629 H\u00e4nden und 20 Jahren syrischer Erfahrung par excellence Der K\u00e4se zeichnet sich durch einen unverwechselbaren Geschmack und Geschmack aus, der auf seine Abh\u00e4ngigkeit von der wunderbaren franz\u00f6sischen Milch zur\u00fcckzuf\u00fchren ist\" \/>\n<meta name=\"robots\" content=\"index, follow, max-snippet:-1, max-image-preview:large, max-video-preview:-1\" \/>\n<link rel=\"canonical\" href=\"https:\/\/yasminfood.ch\/de\/product\/lailand-kaese-mit-goldenem-faden-1000gr\/\" \/>\n<meta property=\"og:locale\" content=\"de_DE\" \/>\n<meta property=\"og:type\" content=\"article\" \/>\n<meta property=\"og:title\" content=\"Goldener Faden K\u00e4se Lailand 1800GR\" \/>\n<meta property=\"og:description\" content=\"Goldener Faden K\u00e4se Lailand 1800GR   #\u0627\u0644\u0641\u0631\u0646\u0633\u064a\u0629 in den H\u00e4nden von #\u0633\u0648\u0631\u064a\u0629 und 20 Jahren syrischer Erfahrung par excellence  Der K\u00e4se hat aufgrund seiner Abh\u00e4ngigkeit von franz\u00f6sischer Milch mit seiner besonderen Qualit\u00e4t ein unverwechselbares Aroma und einen unverwechselbaren Geschmack\" \/>\n<meta property=\"og:url\" content=\"https:\/\/yasminfood.ch\/de\/product\/lailand-kaese-mit-goldenem-faden-1000gr\/\" \/>\n<meta property=\"og:site_name\" content=\"Yasmin Food\" \/>\n<meta property=\"article:publisher\" content=\"https:\/\/www.facebook.com\/yasminmarkt1\" \/>\n<meta property=\"article:modified_time\" content=\"2025-06-19T22:50:02+00:00\" \/>\n<meta property=\"og:image\" content=\"https:\/\/yasminfood.ch\/wp-content\/uploads\/2025\/05\/\u062c\u0628\u0646\u0629-\u0627\u0644\u062e\u064a\u0648\u0637-\u0627\u0644\u0630\u0647\u0628\u064a\u0629-Lailand-1000GR.png\" \/>\n\t<meta property=\"og:image:width\" content=\"1080\" \/>\n\t<meta property=\"og:image:height\" content=\"1080\" \/>\n\t<meta property=\"og:image:type\" content=\"image\/png\" \/>\n<meta name=\"twitter:card\" content=\"summary_large_image\" \/>\n<meta name=\"twitter:label1\" content=\"Preis\" \/>\n\t<meta name=\"twitter:data1\" content=\"24.95&nbsp;&#067;&#072;&#070;\" \/>\n\t<meta name=\"twitter:label2\" content=\"Verf\u00fcgbarkeit\" \/>\n\t<meta name=\"twitter:data2\" content=\"ausverkauft\" \/>\n<script type=\"application\/ld+json\" class=\"yoast-schema-graph\">{\"@context\":\"https:\\\/\\\/schema.org\",\"@graph\":[{\"@type\":\"WebPage\",\"@id\":\"https:\\\/\\\/yasminfood.ch\\\/de\\\/product\\\/lailand-kaese-mit-goldenem-faden-1000gr\\\/\",\"url\":\"https:\\\/\\\/yasminfood.ch\\\/de\\\/product\\\/lailand-kaese-mit-goldenem-faden-1000gr\\\/\",\"name\":\"Goldener Faden K\u00e4se Lailand 1800GR - Yasmin Food\",\"isPartOf\":{\"@id\":\"https:\\\/\\\/yasminfood.ch\\\/de\\\/#website\"},\"primaryImageOfPage\":{\"@id\":\"https:\\\/\\\/yasminfood.ch\\\/de\\\/product\\\/lailand-kaese-mit-goldenem-faden-1000gr\\\/#primaryimage\"},\"image\":{\"@id\":\"https:\\\/\\\/yasminfood.ch\\\/de\\\/product\\\/lailand-kaese-mit-goldenem-faden-1000gr\\\/#primaryimage\"},\"thumbnailUrl\":\"https:\\\/\\\/yasminfood.ch\\\/wp-content\\\/uploads\\\/2025\\\/05\\\/\u062c\u0628\u0646\u0629-\u0627\u0644\u062e\u064a\u0648\u0637-\u0627\u0644\u0630\u0647\u0628\u064a\u0629-Lailand-1000GR.png\",\"datePublished\":\"2025-05-15T02:36:51+00:00\",\"dateModified\":\"2025-06-19T22:50:02+00:00\",\"description\":\"Der unverwechselbare K\u00e4se mit goldenem Faden #\u0644\u064a\u0644\u0627\u0646\u062f #\u0627\u0644\u0641\u0631\u0646\u0633\u064a\u0629 von #\u0633\u0648\u0631\u064a\u0629 H\u00e4nden und 20 Jahren syrischer Erfahrung par excellence Der K\u00e4se zeichnet sich durch einen unverwechselbaren Geschmack und Geschmack aus, der auf seine Abh\u00e4ngigkeit von der wunderbaren franz\u00f6sischen Milch zur\u00fcckzuf\u00fchren ist\",\"breadcrumb\":{\"@id\":\"https:\\\/\\\/yasminfood.ch\\\/de\\\/product\\\/lailand-kaese-mit-goldenem-faden-1000gr\\\/#breadcrumb\"},\"inLanguage\":\"de\",\"potentialAction\":[{\"@type\":\"ReadAction\",\"target\":[\"https:\\\/\\\/yasminfood.ch\\\/de\\\/product\\\/lailand-kaese-mit-goldenem-faden-1000gr\\\/\"]}]},{\"@type\":\"ImageObject\",\"inLanguage\":\"de\",\"@id\":\"https:\\\/\\\/yasminfood.ch\\\/de\\\/product\\\/lailand-kaese-mit-goldenem-faden-1000gr\\\/#primaryimage\",\"url\":\"https:\\\/\\\/yasminfood.ch\\\/wp-content\\\/uploads\\\/2025\\\/05\\\/\u062c\u0628\u0646\u0629-\u0627\u0644\u062e\u064a\u0648\u0637-\u0627\u0644\u0630\u0647\u0628\u064a\u0629-Lailand-1000GR.png\",\"contentUrl\":\"https:\\\/\\\/yasminfood.ch\\\/wp-content\\\/uploads\\\/2025\\\/05\\\/\u062c\u0628\u0646\u0629-\u0627\u0644\u062e\u064a\u0648\u0637-\u0627\u0644\u0630\u0647\u0628\u064a\u0629-Lailand-1000GR.png\",\"width\":1080,\"height\":1080,\"caption\":\"Goldener Faden K\u00e4se Lailand 1800GR\"},{\"@type\":\"BreadcrumbList\",\"@id\":\"https:\\\/\\\/yasminfood.ch\\\/de\\\/product\\\/lailand-kaese-mit-goldenem-faden-1000gr\\\/#breadcrumb\",\"itemListElement\":[{\"@type\":\"ListItem\",\"position\":1,\"name\":\"\u0627\u0644\u0631\u0626\u064a\u0633\u064a\u0629\",\"item\":\"https:\\\/\\\/yasminfood.ch\\\/de\\\/zuhause\\\/\"},{\"@type\":\"ListItem\",\"position\":2,\"name\":\"Shop\",\"item\":\"https:\\\/\\\/yasminfood.ch\\\/de\\\/shop\\\/\"},{\"@type\":\"ListItem\",\"position\":3,\"name\":\"Milchprodukte und Eier\",\"item\":\"https:\\\/\\\/yasminfood.ch\\\/de\\\/produkt-kategorie\\\/milchprodukte-und-eier\\\/\"},{\"@type\":\"ListItem\",\"position\":4,\"name\":\"Goldener Faden K\u00e4se Lailand 1800GR\"}]},{\"@type\":\"WebSite\",\"@id\":\"https:\\\/\\\/yasminfood.ch\\\/de\\\/#website\",\"url\":\"https:\\\/\\\/yasminfood.ch\\\/de\\\/\",\"name\":\"\u064a\u0627\u0633\u0645\u064a\u0646 \u0645\u0627\u0631\u0643\u062a\",\"description\":\"Alles, was Sie brauchen, an einem Ort\",\"publisher\":{\"@id\":\"https:\\\/\\\/yasminfood.ch\\\/de\\\/#organization\"},\"alternateName\":\"Yasmin Food\",\"potentialAction\":[{\"@type\":\"SearchAction\",\"target\":{\"@type\":\"EntryPoint\",\"urlTemplate\":\"https:\\\/\\\/yasminfood.ch\\\/de\\\/?s={search_term_string}\"},\"query-input\":{\"@type\":\"PropertyValueSpecification\",\"valueRequired\":true,\"valueName\":\"search_term_string\"}}],\"inLanguage\":\"de\"},{\"@type\":\"Organization\",\"@id\":\"https:\\\/\\\/yasminfood.ch\\\/de\\\/#organization\",\"name\":\"\u064a\u0627\u0633\u0645\u064a\u0646 \u0645\u0627\u0631\u0643\u062a\",\"alternateName\":\"Yasmin Food\",\"url\":\"https:\\\/\\\/yasminfood.ch\\\/de\\\/\",\"logo\":{\"@type\":\"ImageObject\",\"inLanguage\":\"de\",\"@id\":\"https:\\\/\\\/yasminfood.ch\\\/de\\\/#\\\/schema\\\/logo\\\/image\\\/\",\"url\":\"https:\\\/\\\/yasminfood.ch\\\/wp-content\\\/uploads\\\/2025\\\/05\\\/yasmin-food-header-logo.png\",\"contentUrl\":\"https:\\\/\\\/yasminfood.ch\\\/wp-content\\\/uploads\\\/2025\\\/05\\\/yasmin-food-header-logo.png\",\"width\":330,\"height\":120,\"caption\":\"\u064a\u0627\u0633\u0645\u064a\u0646 \u0645\u0627\u0631\u0643\u062a\"},\"image\":{\"@id\":\"https:\\\/\\\/yasminfood.ch\\\/de\\\/#\\\/schema\\\/logo\\\/image\\\/\"},\"sameAs\":[\"https:\\\/\\\/www.facebook.com\\\/yasminmarkt1\",\"https:\\\/\\\/www.tiktok.com\\\/@yasminmarkt\",\"https:\\\/\\\/www.instagram.com\\\/yasmin.markt1\\\/\",\"https:\\\/\\\/api.whatsapp.com\\\/send\\\/?phone=41799000104\"],\"publishingPrinciples\":\"https:\\\/\\\/yasminfood.ch\\\/de\\\/shop\\\/\",\"ownershipFundingInfo\":\"https:\\\/\\\/yasminfood.ch\\\/de\\\/shop\\\/\"}]}<\/script>\n<meta property=\"product:price:amount\" content=\"24.95\" \/>\n<meta property=\"product:price:currency\" content=\"CHF\" \/>\n<meta property=\"og:availability\" content=\"out of stock\" \/>\n<meta property=\"product:availability\" content=\"out of stock\" \/>\n<meta property=\"product:condition\" content=\"new\" \/>\n<!-- \/ Yoast SEO Premium plugin. -->","yoast_head_json":{"title":"Goldener Faden K\u00e4se Lailand 1800GR - Yasmin Food","description":"Der unverwechselbare K\u00e4se mit goldenem Faden #\u0644\u064a\u0644\u0627\u0646\u062f #\u0627\u0644\u0641\u0631\u0646\u0633\u064a\u0629 von #\u0633\u0648\u0631\u064a\u0629 H\u00e4nden und 20 Jahren syrischer Erfahrung par excellence Der K\u00e4se zeichnet sich durch einen unverwechselbaren Geschmack und Geschmack aus, der auf seine Abh\u00e4ngigkeit von der wunderbaren franz\u00f6sischen Milch zur\u00fcckzuf\u00fchren ist","robots":{"index":"index","follow":"follow","max-snippet":"max-snippet:-1","max-image-preview":"max-image-preview:large","max-video-preview":"max-video-preview:-1"},"canonical":"https:\/\/yasminfood.ch\/de\/product\/lailand-kaese-mit-goldenem-faden-1000gr\/","og_locale":"de_DE","og_type":"article","og_title":"Goldener Faden K\u00e4se Lailand 1800GR","og_description":"Goldener Faden K\u00e4se Lailand 1800GR   #\u0627\u0644\u0641\u0631\u0646\u0633\u064a\u0629 in den H\u00e4nden von #\u0633\u0648\u0631\u064a\u0629 und 20 Jahren syrischer Erfahrung par excellence  Der K\u00e4se hat aufgrund seiner Abh\u00e4ngigkeit von franz\u00f6sischer Milch mit seiner besonderen Qualit\u00e4t ein unverwechselbares Aroma und einen unverwechselbaren Geschmack","og_url":"https:\/\/yasminfood.ch\/de\/product\/lailand-kaese-mit-goldenem-faden-1000gr\/","og_site_name":"Yasmin Food","article_publisher":"https:\/\/www.facebook.com\/yasminmarkt1","article_modified_time":"2025-06-19T22:50:02+00:00","og_image":[{"width":1080,"height":1080,"url":"https:\/\/yasminfood.ch\/wp-content\/uploads\/2025\/05\/\u062c\u0628\u0646\u0629-\u0627\u0644\u062e\u064a\u0648\u0637-\u0627\u0644\u0630\u0647\u0628\u064a\u0629-Lailand-1000GR.png","type":"image\/png"}],"twitter_card":"summary_large_image","twitter_misc":{"Preis":"24.95&nbsp;&#67;&#72;&#70;","Verf\u00fcgbarkeit":"ausverkauft"},"schema":{"@context":"https:\/\/schema.org","@graph":[{"@type":"WebPage","@id":"https:\/\/yasminfood.ch\/de\/product\/lailand-kaese-mit-goldenem-faden-1000gr\/","url":"https:\/\/yasminfood.ch\/de\/product\/lailand-kaese-mit-goldenem-faden-1000gr\/","name":"Goldener Faden K\u00e4se Lailand 1800GR - Yasmin Food","isPartOf":{"@id":"https:\/\/yasminfood.ch\/de\/#website"},"primaryImageOfPage":{"@id":"https:\/\/yasminfood.ch\/de\/product\/lailand-kaese-mit-goldenem-faden-1000gr\/#primaryimage"},"image":{"@id":"https:\/\/yasminfood.ch\/de\/product\/lailand-kaese-mit-goldenem-faden-1000gr\/#primaryimage"},"thumbnailUrl":"https:\/\/yasminfood.ch\/wp-content\/uploads\/2025\/05\/\u062c\u0628\u0646\u0629-\u0627\u0644\u062e\u064a\u0648\u0637-\u0627\u0644\u0630\u0647\u0628\u064a\u0629-Lailand-1000GR.png","datePublished":"2025-05-15T02:36:51+00:00","dateModified":"2025-06-19T22:50:02+00:00","description":"Der unverwechselbare K\u00e4se mit goldenem Faden #\u0644\u064a\u0644\u0627\u0646\u062f #\u0627\u0644\u0641\u0631\u0646\u0633\u064a\u0629 von #\u0633\u0648\u0631\u064a\u0629 H\u00e4nden und 20 Jahren syrischer Erfahrung par excellence Der K\u00e4se zeichnet sich durch einen unverwechselbaren Geschmack und Geschmack aus, der auf seine Abh\u00e4ngigkeit von der wunderbaren franz\u00f6sischen Milch zur\u00fcckzuf\u00fchren ist","breadcrumb":{"@id":"https:\/\/yasminfood.ch\/de\/product\/lailand-kaese-mit-goldenem-faden-1000gr\/#breadcrumb"},"inLanguage":"de","potentialAction":[{"@type":"ReadAction","target":["https:\/\/yasminfood.ch\/de\/product\/lailand-kaese-mit-goldenem-faden-1000gr\/"]}]},{"@type":"ImageObject","inLanguage":"de","@id":"https:\/\/yasminfood.ch\/de\/product\/lailand-kaese-mit-goldenem-faden-1000gr\/#primaryimage","url":"https:\/\/yasminfood.ch\/wp-content\/uploads\/2025\/05\/\u062c\u0628\u0646\u0629-\u0627\u0644\u062e\u064a\u0648\u0637-\u0627\u0644\u0630\u0647\u0628\u064a\u0629-Lailand-1000GR.png","contentUrl":"https:\/\/yasminfood.ch\/wp-content\/uploads\/2025\/05\/\u062c\u0628\u0646\u0629-\u0627\u0644\u062e\u064a\u0648\u0637-\u0627\u0644\u0630\u0647\u0628\u064a\u0629-Lailand-1000GR.png","width":1080,"height":1080,"caption":"Goldener Faden K\u00e4se Lailand 1800GR"},{"@type":"BreadcrumbList","@id":"https:\/\/yasminfood.ch\/de\/product\/lailand-kaese-mit-goldenem-faden-1000gr\/#breadcrumb","itemListElement":[{"@type":"ListItem","position":1,"name":"\u0627\u0644\u0631\u0626\u064a\u0633\u064a\u0629","item":"https:\/\/yasminfood.ch\/de\/zuhause\/"},{"@type":"ListItem","position":2,"name":"Shop","item":"https:\/\/yasminfood.ch\/de\/shop\/"},{"@type":"ListItem","position":3,"name":"Milchprodukte und Eier","item":"https:\/\/yasminfood.ch\/de\/produkt-kategorie\/milchprodukte-und-eier\/"},{"@type":"ListItem","position":4,"name":"Goldener Faden K\u00e4se Lailand 1800GR"}]},{"@type":"WebSite","@id":"https:\/\/yasminfood.ch\/de\/#website","url":"https:\/\/yasminfood.ch\/de\/","name":"\u064a\u0627\u0633\u0645\u064a\u0646 \u0645\u0627\u0631\u0643\u062a","description":"Alles, was Sie brauchen, an einem Ort","publisher":{"@id":"https:\/\/yasminfood.ch\/de\/#organization"},"alternateName":"Yasmin Food","potentialAction":[{"@type":"SearchAction","target":{"@type":"EntryPoint","urlTemplate":"https:\/\/yasminfood.ch\/de\/?s={search_term_string}"},"query-input":{"@type":"PropertyValueSpecification","valueRequired":true,"valueName":"search_term_string"}}],"inLanguage":"de"},{"@type":"Organization","@id":"https:\/\/yasminfood.ch\/de\/#organization","name":"\u064a\u0627\u0633\u0645\u064a\u0646 \u0645\u0627\u0631\u0643\u062a","alternateName":"Yasmin Food","url":"https:\/\/yasminfood.ch\/de\/","logo":{"@type":"ImageObject","inLanguage":"de","@id":"https:\/\/yasminfood.ch\/de\/#\/schema\/logo\/image\/","url":"https:\/\/yasminfood.ch\/wp-content\/uploads\/2025\/05\/yasmin-food-header-logo.png","contentUrl":"https:\/\/yasminfood.ch\/wp-content\/uploads\/2025\/05\/yasmin-food-header-logo.png","width":330,"height":120,"caption":"\u064a\u0627\u0633\u0645\u064a\u0646 \u0645\u0627\u0631\u0643\u062a"},"image":{"@id":"https:\/\/yasminfood.ch\/de\/#\/schema\/logo\/image\/"},"sameAs":["https:\/\/www.facebook.com\/yasminmarkt1","https:\/\/www.tiktok.com\/@yasminmarkt","https:\/\/www.instagram.com\/yasmin.markt1\/","https:\/\/api.whatsapp.com\/send\/?phone=41799000104"],"publishingPrinciples":"https:\/\/yasminfood.ch\/de\/shop\/","ownershipFundingInfo":"https:\/\/yasminfood.ch\/de\/shop\/"}]},"product_price_amount":"24.95","product_price_currency":"CHF","og_availability":"out of stock","product_availability":"out of stock","product_condition":"new"},"jetpack_sharing_enabled":true,"_links":{"self":[{"href":"https:\/\/yasminfood.ch\/de\/wp-json\/wp\/v2\/product\/110766","targetHints":{"allow":["GET"]}}],"collection":[{"href":"https:\/\/yasminfood.ch\/de\/wp-json\/wp\/v2\/product"}],"about":[{"href":"https:\/\/yasminfood.ch\/de\/wp-json\/wp\/v2\/types\/product"}],"replies":[{"embeddable":true,"href":"https:\/\/yasminfood.ch\/de\/wp-json\/wp\/v2\/comments?post=110766"}],"version-history":[{"count":1,"href":"https:\/\/yasminfood.ch\/de\/wp-json\/wp\/v2\/product\/110766\/revisions"}],"predecessor-version":[{"id":117077,"href":"https:\/\/yasminfood.ch\/de\/wp-json\/wp\/v2\/product\/110766\/revisions\/117077"}],"wp:featuredmedia":[{"embeddable":true,"href":"https:\/\/yasminfood.ch\/de\/wp-json\/wp\/v2\/media\/110763"}],"wp:attachment":[{"href":"https:\/\/yasminfood.ch\/de\/wp-json\/wp\/v2\/media?parent=110766"}],"wp:term":[{"taxonomy":"product_brand","embeddable":true,"href":"https:\/\/yasminfood.ch\/de\/wp-json\/wp\/v2\/product_brand?post=110766"},{"taxonomy":"product_cat","embeddable":true,"href":"https:\/\/yasminfood.ch\/de\/wp-json\/wp\/v2\/product_cat?post=110766"},{"taxonomy":"product_tag","embeddable":true,"href":"https:\/\/yasminfood.ch\/de\/wp-json\/wp\/v2\/product_tag?post=110766"}],"curies":[{"name":"wp","href":"https:\/\/api.w.org\/{rel}","templated":true}]}}