{"id":110791,"date":"2025-05-15T05:27:12","date_gmt":"2025-05-15T03:27:12","guid":{"rendered":"https:\/\/yasminfood.ch\/product\/hummus-mit-tahini-alkasih-1-kg\/"},"modified":"2025-05-15T05:27:56","modified_gmt":"2025-05-15T03:27:56","slug":"hummus-mit-tahini-alkasih-1-kg","status":"publish","type":"product","link":"https:\/\/yasminfood.ch\/de\/product\/hummus-mit-tahini-alkasih-1-kg\/","title":{"rendered":"Hummus mit Tahini Alkasih 1 Kg"},"content":{"rendered":"<p>Rosenkranz von Kasih 1 kg und ist ein Tahini mit gekochten Kichererbsen und hinzugef\u00fcgtem Knoblauch und Zitrone, um zusammen einen k\u00f6stlichen Geschmack zu geben, dem man nicht widerstehen kann, und wurde von der Firma Kasih zubereitet der k\u00f6stlichste Anwa p Rosenkranz, der eine Art Vorspeise ist, die in den arabischen L\u00e4ndern bekannt ist, vor allem wenn die Menschen der Levante und Aleppo, und wird zum Fr\u00fchst\u00fcck als Snack gegessen und ges\u00e4ttigt zus\u00e4tzlich zu seinem gro\u00dfen Nutzen, weil es ganze Kichererbsen enth\u00e4lt, die wesentlich zur Konservierung beitragen Dar\u00fcber hinaus gilt es in Bezug auf die Knochengesundheit und den Blutzuckerspiegel als die am besten geeignete Option zur Gewichtsabnahme bei gleichzeitiger Erhaltung der Gesundheit des K\u00f6rpers.   <\/p>\n","protected":false},"excerpt":{"rendered":"<p>Rosenkranz von Kasih 1 kg und ist ein Tahini mit gekochten Kichererbsen und hinzugef\u00fcgtem Knoblauch und Zitrone, um zusammen einen<\/p>\n","protected":false},"featured_media":110788,"comment_status":"open","ping_status":"closed","template":"","meta":[],"product_brand":[],"product_cat":[267,245],"product_tag":[],"class_list":{"0":"post-110791","1":"product","2":"type-product","3":"status-publish","4":"has-post-thumbnail","6":"product_cat-hummus","7":"product_cat-konserven-lebensmittel","9":"first","10":"instock","11":"taxable","12":"shipping-taxable","13":"purchasable","14":"product-type-simple"},"yoast_head":"<!-- This site is optimized with the Yoast SEO Premium plugin v26.5 (Yoast SEO v27.3) - https:\/\/yoast.com\/product\/yoast-seo-premium-wordpress\/ -->\n<title>Hummus mit Tahini Alkasih 1 Kg - Yasmin Food<\/title>\n<meta name=\"description\" content=\"Hummus mit Tahini Kasih 1 kg ist ein Tahini mit gekochten Kichererbsen und Knoblauch und Zitrone, um zusammen einen k\u00f6stlichen Geschmack zu erzielen, dem man nicht widerstehen kann\" \/>\n<meta name=\"robots\" content=\"index, follow, max-snippet:-1, max-image-preview:large, max-video-preview:-1\" \/>\n<link rel=\"canonical\" href=\"https:\/\/yasminfood.ch\/de\/product\/hummus-mit-tahini-alkasih-1-kg\/\" \/>\n<meta property=\"og:locale\" content=\"de_DE\" \/>\n<meta property=\"og:type\" content=\"article\" \/>\n<meta property=\"og:title\" content=\"Hummus mit Tahini Alkasih 1 Kg\" \/>\n<meta property=\"og:description\" content=\"Rosenkranz von Kasih 1 kg und ist ein Tahini mit gekochten Kichererbsen und hinzugef\u00fcgtem Knoblauch und Zitrone, um zusammen einen k\u00f6stlichen Geschmack zu\" \/>\n<meta property=\"og:url\" content=\"https:\/\/yasminfood.ch\/de\/product\/hummus-mit-tahini-alkasih-1-kg\/\" \/>\n<meta property=\"og:site_name\" content=\"Yasmin Food\" \/>\n<meta property=\"article:publisher\" content=\"https:\/\/www.facebook.com\/yasminmarkt1\" \/>\n<meta property=\"article:modified_time\" content=\"2025-05-15T03:27:56+00:00\" \/>\n<meta property=\"og:image\" content=\"https:\/\/yasminfood.ch\/wp-content\/uploads\/2025\/05\/\u062d\u0645\u0635-\u0627\u0644\u0643\u0633\u064a\u062d-1\u0643\u063a.png\" \/>\n\t<meta property=\"og:image:width\" content=\"1080\" \/>\n\t<meta property=\"og:image:height\" content=\"1080\" \/>\n\t<meta property=\"og:image:type\" content=\"image\/png\" \/>\n<meta name=\"twitter:card\" content=\"summary_large_image\" \/>\n<meta name=\"twitter:label1\" content=\"Preis\" \/>\n\t<meta name=\"twitter:data1\" content=\"8.95&nbsp;&#067;&#072;&#070;\" \/>\n\t<meta name=\"twitter:label2\" content=\"Verf\u00fcgbarkeit\" \/>\n\t<meta name=\"twitter:data2\" content=\"Auf Lager\" \/>\n<script type=\"application\/ld+json\" class=\"yoast-schema-graph\">{\"@context\":\"https:\\\/\\\/schema.org\",\"@graph\":[{\"@type\":\"WebPage\",\"@id\":\"https:\\\/\\\/yasminfood.ch\\\/de\\\/product\\\/hummus-mit-tahini-alkasih-1-kg\\\/\",\"url\":\"https:\\\/\\\/yasminfood.ch\\\/de\\\/product\\\/hummus-mit-tahini-alkasih-1-kg\\\/\",\"name\":\"Hummus mit Tahini Alkasih 1 Kg - Yasmin Food\",\"isPartOf\":{\"@id\":\"https:\\\/\\\/yasminfood.ch\\\/de\\\/#website\"},\"primaryImageOfPage\":{\"@id\":\"https:\\\/\\\/yasminfood.ch\\\/de\\\/product\\\/hummus-mit-tahini-alkasih-1-kg\\\/#primaryimage\"},\"image\":{\"@id\":\"https:\\\/\\\/yasminfood.ch\\\/de\\\/product\\\/hummus-mit-tahini-alkasih-1-kg\\\/#primaryimage\"},\"thumbnailUrl\":\"https:\\\/\\\/yasminfood.ch\\\/wp-content\\\/uploads\\\/2025\\\/05\\\/\u062d\u0645\u0635-\u0627\u0644\u0643\u0633\u064a\u062d-1\u0643\u063a.png\",\"datePublished\":\"2025-05-15T03:27:12+00:00\",\"dateModified\":\"2025-05-15T03:27:56+00:00\",\"description\":\"Hummus mit Tahini Kasih 1 kg ist ein Tahini mit gekochten Kichererbsen und Knoblauch und Zitrone, um zusammen einen k\u00f6stlichen Geschmack zu erzielen, dem man nicht widerstehen kann\",\"breadcrumb\":{\"@id\":\"https:\\\/\\\/yasminfood.ch\\\/de\\\/product\\\/hummus-mit-tahini-alkasih-1-kg\\\/#breadcrumb\"},\"inLanguage\":\"de\",\"potentialAction\":[{\"@type\":\"ReadAction\",\"target\":[\"https:\\\/\\\/yasminfood.ch\\\/de\\\/product\\\/hummus-mit-tahini-alkasih-1-kg\\\/\"]}]},{\"@type\":\"ImageObject\",\"inLanguage\":\"de\",\"@id\":\"https:\\\/\\\/yasminfood.ch\\\/de\\\/product\\\/hummus-mit-tahini-alkasih-1-kg\\\/#primaryimage\",\"url\":\"https:\\\/\\\/yasminfood.ch\\\/wp-content\\\/uploads\\\/2025\\\/05\\\/\u062d\u0645\u0635-\u0627\u0644\u0643\u0633\u064a\u062d-1\u0643\u063a.png\",\"contentUrl\":\"https:\\\/\\\/yasminfood.ch\\\/wp-content\\\/uploads\\\/2025\\\/05\\\/\u062d\u0645\u0635-\u0627\u0644\u0643\u0633\u064a\u062d-1\u0643\u063a.png\",\"width\":1080,\"height\":1080},{\"@type\":\"BreadcrumbList\",\"@id\":\"https:\\\/\\\/yasminfood.ch\\\/de\\\/product\\\/hummus-mit-tahini-alkasih-1-kg\\\/#breadcrumb\",\"itemListElement\":[{\"@type\":\"ListItem\",\"position\":1,\"name\":\"\u0627\u0644\u0631\u0626\u064a\u0633\u064a\u0629\",\"item\":\"https:\\\/\\\/yasminfood.ch\\\/de\\\/zuhause\\\/\"},{\"@type\":\"ListItem\",\"position\":2,\"name\":\"Shop\",\"item\":\"https:\\\/\\\/yasminfood.ch\\\/de\\\/shop\\\/\"},{\"@type\":\"ListItem\",\"position\":3,\"name\":\"Konserven - Lebensmittel\",\"item\":\"https:\\\/\\\/yasminfood.ch\\\/de\\\/produkt-kategorie\\\/konserven-lebensmittel\\\/\"},{\"@type\":\"ListItem\",\"position\":4,\"name\":\"Hummus\",\"item\":\"https:\\\/\\\/yasminfood.ch\\\/de\\\/produkt-kategorie\\\/konserven-lebensmittel\\\/hummus\\\/\"},{\"@type\":\"ListItem\",\"position\":5,\"name\":\"Hummus mit Tahini Alkasih 1 Kg\"}]},{\"@type\":\"WebSite\",\"@id\":\"https:\\\/\\\/yasminfood.ch\\\/de\\\/#website\",\"url\":\"https:\\\/\\\/yasminfood.ch\\\/de\\\/\",\"name\":\"\u064a\u0627\u0633\u0645\u064a\u0646 \u0645\u0627\u0631\u0643\u062a\",\"description\":\"Alles, was Sie brauchen, an einem Ort\",\"publisher\":{\"@id\":\"https:\\\/\\\/yasminfood.ch\\\/de\\\/#organization\"},\"alternateName\":\"Yasmin Food\",\"potentialAction\":[{\"@type\":\"SearchAction\",\"target\":{\"@type\":\"EntryPoint\",\"urlTemplate\":\"https:\\\/\\\/yasminfood.ch\\\/de\\\/?s={search_term_string}\"},\"query-input\":{\"@type\":\"PropertyValueSpecification\",\"valueRequired\":true,\"valueName\":\"search_term_string\"}}],\"inLanguage\":\"de\"},{\"@type\":\"Organization\",\"@id\":\"https:\\\/\\\/yasminfood.ch\\\/de\\\/#organization\",\"name\":\"\u064a\u0627\u0633\u0645\u064a\u0646 \u0645\u0627\u0631\u0643\u062a\",\"alternateName\":\"Yasmin Food\",\"url\":\"https:\\\/\\\/yasminfood.ch\\\/de\\\/\",\"logo\":{\"@type\":\"ImageObject\",\"inLanguage\":\"de\",\"@id\":\"https:\\\/\\\/yasminfood.ch\\\/de\\\/#\\\/schema\\\/logo\\\/image\\\/\",\"url\":\"https:\\\/\\\/yasminfood.ch\\\/wp-content\\\/uploads\\\/2025\\\/05\\\/yasmin-food-header-logo.png\",\"contentUrl\":\"https:\\\/\\\/yasminfood.ch\\\/wp-content\\\/uploads\\\/2025\\\/05\\\/yasmin-food-header-logo.png\",\"width\":330,\"height\":120,\"caption\":\"\u064a\u0627\u0633\u0645\u064a\u0646 \u0645\u0627\u0631\u0643\u062a\"},\"image\":{\"@id\":\"https:\\\/\\\/yasminfood.ch\\\/de\\\/#\\\/schema\\\/logo\\\/image\\\/\"},\"sameAs\":[\"https:\\\/\\\/www.facebook.com\\\/yasminmarkt1\",\"https:\\\/\\\/www.tiktok.com\\\/@yasminmarkt\",\"https:\\\/\\\/www.instagram.com\\\/yasmin.markt1\\\/\",\"https:\\\/\\\/api.whatsapp.com\\\/send\\\/?phone=41799000104\"],\"publishingPrinciples\":\"https:\\\/\\\/yasminfood.ch\\\/de\\\/shop\\\/\",\"ownershipFundingInfo\":\"https:\\\/\\\/yasminfood.ch\\\/de\\\/shop\\\/\"}]}<\/script>\n<meta property=\"product:price:amount\" content=\"8.95\" \/>\n<meta property=\"product:price:currency\" content=\"CHF\" \/>\n<meta property=\"og:availability\" content=\"instock\" \/>\n<meta property=\"product:availability\" content=\"instock\" \/>\n<meta property=\"product:condition\" content=\"new\" \/>\n<!-- \/ Yoast SEO Premium plugin. -->","yoast_head_json":{"title":"Hummus mit Tahini Alkasih 1 Kg - Yasmin Food","description":"Hummus mit Tahini Kasih 1 kg ist ein Tahini mit gekochten Kichererbsen und Knoblauch und Zitrone, um zusammen einen k\u00f6stlichen Geschmack zu erzielen, dem man nicht widerstehen kann","robots":{"index":"index","follow":"follow","max-snippet":"max-snippet:-1","max-image-preview":"max-image-preview:large","max-video-preview":"max-video-preview:-1"},"canonical":"https:\/\/yasminfood.ch\/de\/product\/hummus-mit-tahini-alkasih-1-kg\/","og_locale":"de_DE","og_type":"article","og_title":"Hummus mit Tahini Alkasih 1 Kg","og_description":"Rosenkranz von Kasih 1 kg und ist ein Tahini mit gekochten Kichererbsen und hinzugef\u00fcgtem Knoblauch und Zitrone, um zusammen einen k\u00f6stlichen Geschmack zu","og_url":"https:\/\/yasminfood.ch\/de\/product\/hummus-mit-tahini-alkasih-1-kg\/","og_site_name":"Yasmin Food","article_publisher":"https:\/\/www.facebook.com\/yasminmarkt1","article_modified_time":"2025-05-15T03:27:56+00:00","og_image":[{"width":1080,"height":1080,"url":"https:\/\/yasminfood.ch\/wp-content\/uploads\/2025\/05\/\u062d\u0645\u0635-\u0627\u0644\u0643\u0633\u064a\u062d-1\u0643\u063a.png","type":"image\/png"}],"twitter_card":"summary_large_image","twitter_misc":{"Preis":"8.95&nbsp;&#67;&#72;&#70;","Verf\u00fcgbarkeit":"Auf Lager"},"schema":{"@context":"https:\/\/schema.org","@graph":[{"@type":"WebPage","@id":"https:\/\/yasminfood.ch\/de\/product\/hummus-mit-tahini-alkasih-1-kg\/","url":"https:\/\/yasminfood.ch\/de\/product\/hummus-mit-tahini-alkasih-1-kg\/","name":"Hummus mit Tahini Alkasih 1 Kg - Yasmin Food","isPartOf":{"@id":"https:\/\/yasminfood.ch\/de\/#website"},"primaryImageOfPage":{"@id":"https:\/\/yasminfood.ch\/de\/product\/hummus-mit-tahini-alkasih-1-kg\/#primaryimage"},"image":{"@id":"https:\/\/yasminfood.ch\/de\/product\/hummus-mit-tahini-alkasih-1-kg\/#primaryimage"},"thumbnailUrl":"https:\/\/yasminfood.ch\/wp-content\/uploads\/2025\/05\/\u062d\u0645\u0635-\u0627\u0644\u0643\u0633\u064a\u062d-1\u0643\u063a.png","datePublished":"2025-05-15T03:27:12+00:00","dateModified":"2025-05-15T03:27:56+00:00","description":"Hummus mit Tahini Kasih 1 kg ist ein Tahini mit gekochten Kichererbsen und Knoblauch und Zitrone, um zusammen einen k\u00f6stlichen Geschmack zu erzielen, dem man nicht widerstehen kann","breadcrumb":{"@id":"https:\/\/yasminfood.ch\/de\/product\/hummus-mit-tahini-alkasih-1-kg\/#breadcrumb"},"inLanguage":"de","potentialAction":[{"@type":"ReadAction","target":["https:\/\/yasminfood.ch\/de\/product\/hummus-mit-tahini-alkasih-1-kg\/"]}]},{"@type":"ImageObject","inLanguage":"de","@id":"https:\/\/yasminfood.ch\/de\/product\/hummus-mit-tahini-alkasih-1-kg\/#primaryimage","url":"https:\/\/yasminfood.ch\/wp-content\/uploads\/2025\/05\/\u062d\u0645\u0635-\u0627\u0644\u0643\u0633\u064a\u062d-1\u0643\u063a.png","contentUrl":"https:\/\/yasminfood.ch\/wp-content\/uploads\/2025\/05\/\u062d\u0645\u0635-\u0627\u0644\u0643\u0633\u064a\u062d-1\u0643\u063a.png","width":1080,"height":1080},{"@type":"BreadcrumbList","@id":"https:\/\/yasminfood.ch\/de\/product\/hummus-mit-tahini-alkasih-1-kg\/#breadcrumb","itemListElement":[{"@type":"ListItem","position":1,"name":"\u0627\u0644\u0631\u0626\u064a\u0633\u064a\u0629","item":"https:\/\/yasminfood.ch\/de\/zuhause\/"},{"@type":"ListItem","position":2,"name":"Shop","item":"https:\/\/yasminfood.ch\/de\/shop\/"},{"@type":"ListItem","position":3,"name":"Konserven - Lebensmittel","item":"https:\/\/yasminfood.ch\/de\/produkt-kategorie\/konserven-lebensmittel\/"},{"@type":"ListItem","position":4,"name":"Hummus","item":"https:\/\/yasminfood.ch\/de\/produkt-kategorie\/konserven-lebensmittel\/hummus\/"},{"@type":"ListItem","position":5,"name":"Hummus mit Tahini Alkasih 1 Kg"}]},{"@type":"WebSite","@id":"https:\/\/yasminfood.ch\/de\/#website","url":"https:\/\/yasminfood.ch\/de\/","name":"\u064a\u0627\u0633\u0645\u064a\u0646 \u0645\u0627\u0631\u0643\u062a","description":"Alles, was Sie brauchen, an einem Ort","publisher":{"@id":"https:\/\/yasminfood.ch\/de\/#organization"},"alternateName":"Yasmin Food","potentialAction":[{"@type":"SearchAction","target":{"@type":"EntryPoint","urlTemplate":"https:\/\/yasminfood.ch\/de\/?s={search_term_string}"},"query-input":{"@type":"PropertyValueSpecification","valueRequired":true,"valueName":"search_term_string"}}],"inLanguage":"de"},{"@type":"Organization","@id":"https:\/\/yasminfood.ch\/de\/#organization","name":"\u064a\u0627\u0633\u0645\u064a\u0646 \u0645\u0627\u0631\u0643\u062a","alternateName":"Yasmin Food","url":"https:\/\/yasminfood.ch\/de\/","logo":{"@type":"ImageObject","inLanguage":"de","@id":"https:\/\/yasminfood.ch\/de\/#\/schema\/logo\/image\/","url":"https:\/\/yasminfood.ch\/wp-content\/uploads\/2025\/05\/yasmin-food-header-logo.png","contentUrl":"https:\/\/yasminfood.ch\/wp-content\/uploads\/2025\/05\/yasmin-food-header-logo.png","width":330,"height":120,"caption":"\u064a\u0627\u0633\u0645\u064a\u0646 \u0645\u0627\u0631\u0643\u062a"},"image":{"@id":"https:\/\/yasminfood.ch\/de\/#\/schema\/logo\/image\/"},"sameAs":["https:\/\/www.facebook.com\/yasminmarkt1","https:\/\/www.tiktok.com\/@yasminmarkt","https:\/\/www.instagram.com\/yasmin.markt1\/","https:\/\/api.whatsapp.com\/send\/?phone=41799000104"],"publishingPrinciples":"https:\/\/yasminfood.ch\/de\/shop\/","ownershipFundingInfo":"https:\/\/yasminfood.ch\/de\/shop\/"}]},"product_price_amount":"8.95","product_price_currency":"CHF","og_availability":"instock","product_availability":"instock","product_condition":"new"},"jetpack_sharing_enabled":true,"_links":{"self":[{"href":"https:\/\/yasminfood.ch\/de\/wp-json\/wp\/v2\/product\/110791","targetHints":{"allow":["GET"]}}],"collection":[{"href":"https:\/\/yasminfood.ch\/de\/wp-json\/wp\/v2\/product"}],"about":[{"href":"https:\/\/yasminfood.ch\/de\/wp-json\/wp\/v2\/types\/product"}],"replies":[{"embeddable":true,"href":"https:\/\/yasminfood.ch\/de\/wp-json\/wp\/v2\/comments?post=110791"}],"version-history":[{"count":0,"href":"https:\/\/yasminfood.ch\/de\/wp-json\/wp\/v2\/product\/110791\/revisions"}],"wp:featuredmedia":[{"embeddable":true,"href":"https:\/\/yasminfood.ch\/de\/wp-json\/wp\/v2\/media\/110788"}],"wp:attachment":[{"href":"https:\/\/yasminfood.ch\/de\/wp-json\/wp\/v2\/media?parent=110791"}],"wp:term":[{"taxonomy":"product_brand","embeddable":true,"href":"https:\/\/yasminfood.ch\/de\/wp-json\/wp\/v2\/product_brand?post=110791"},{"taxonomy":"product_cat","embeddable":true,"href":"https:\/\/yasminfood.ch\/de\/wp-json\/wp\/v2\/product_cat?post=110791"},{"taxonomy":"product_tag","embeddable":true,"href":"https:\/\/yasminfood.ch\/de\/wp-json\/wp\/v2\/product_tag?post=110791"}],"curies":[{"name":"wp","href":"https:\/\/api.w.org\/{rel}","templated":true}]}}