{"id":110806,"date":"2025-05-15T06:22:12","date_gmt":"2025-05-15T04:22:12","guid":{"rendered":"https:\/\/yasminfood.ch\/product\/mutabal-aubergine-baba-ghanoush-kasih-135g4\/"},"modified":"2025-11-07T16:45:55","modified_gmt":"2025-11-07T15:45:55","slug":"mutabal-aubergine-baba-ghanoush-kasih-135g4","status":"publish","type":"product","link":"https:\/\/yasminfood.ch\/de\/product\/mutabal-aubergine-baba-ghanoush-kasih-135g4\/","title":{"rendered":"Mutabal Aubergine (Baba Ghanoush) Kasih 135g*4"},"content":{"rendered":"<p><strong>Mutabal Aubergine (Baba Ghanoush) Kasih 135g*4<\/strong><\/p>\n<ul>\n<li>\n<p data-start=\"188\" data-end=\"368\">Genie\u00dfen Sie den authentischen orientalischen Geschmack, der aus sorgf\u00e4ltig gegrillten Auberginen zubereitet und mit erstklassigem Tahini und ausgew\u00e4hlten Gew\u00fcrzen kombiniert wird, um Ihnen einen reichhaltigen Geschmack zu verleihen, der Ihrer Tafel w\u00fcrdig ist.<\/p>\n<p data-start=\"370\" data-end=\"483\">Diese Packung wird in <strong data-start=\"391\" data-end=\"404\">einer Packung mit 4 St\u00fcck<\/strong> mit einer Gr\u00f6\u00dfe von jeweils 135 g geliefert, ist praktisch und einfach zu servieren, perfekt f\u00fcr Zuhause, Reisen und Gastfreundschaft.   <\/p>\n<hr data-start=\"485\" data-end=\"488\">\n<h2 data-start=\"490\" data-end=\"507\">\u2705 <strong data-start=\"495\" data-end=\"507\">Funktionen<\/strong><\/h2>\n<ul data-start=\"509\" data-end=\"785\">\n<li data-start=\"509\" data-end=\"546\">\n<p data-start=\"511\" data-end=\"546\">Gegrillte Aubergine mit einem nat\u00fcrlichen und k\u00f6stlichen Geschmack.<\/p>\n<\/li>\n<li data-start=\"547\" data-end=\"593\">\n<p data-start=\"549\" data-end=\"593\">Ausgezeichnetes Tahini verleiht ihm eine ausgepr\u00e4gt cremige Textur.<\/p>\n<\/li>\n<li data-start=\"594\" data-end=\"637\">\n<p data-start=\"596\" data-end=\"637\">Ausgewogene Gew\u00fcrze, die einen authentischen arabischen Geschmack verleihen.<\/p>\n<\/li>\n<li data-start=\"638\" data-end=\"685\">\n<p data-start=\"640\" data-end=\"685\">Kleine, praktische Verpackung, die f\u00fcr den t\u00e4glichen Gebrauch geeignet ist.<\/p>\n<\/li>\n<li data-start=\"686\" data-end=\"732\">\n<p data-start=\"688\" data-end=\"732\">Geeignet als Vorspeise, Sandwich oder zu Grills.  <\/p>\n<\/li>\n<li data-start=\"733\" data-end=\"785\">\n<p data-start=\"735\" data-end=\"785\">Ein Produkt <strong data-start=\"749\" data-end=\"759\">der Marke Al-Kisih, die<\/strong> f\u00fcr ihre hohe Qualit\u00e4t bekannt ist.<\/p>\n<\/li>\n<\/ul>\n<hr data-start=\"787\" data-end=\"790\">\n<h2 data-start=\"792\" data-end=\"814\">\u2705 <strong data-start=\"797\" data-end=\"814\">Wie bewerbe ich mich?<\/strong><\/h2>\n<p data-start=\"816\" data-end=\"923\">Servieren Sie die Auberginen so gew\u00fcrzt wie sie sind oder f\u00fcgen Sie Oliven\u00f6l, eine Prise Sumach oder Granat\u00e4pfel hinzu, um ein \u00fcppiges Gericht zum Servieren zu erhalten.  <\/p>\n<hr data-start=\"925\" data-end=\"928\">\n<h2 data-start=\"930\" data-end=\"948\">\u2705 <strong data-start=\"935\" data-end=\"948\">Inhalt<\/strong><\/h2>\n<p data-start=\"950\" data-end=\"1002\">Gegrillte Aubergine, Tahini, Zitrone, Knoblauch, Salz, nat\u00fcrliche Gew\u00fcrze. <\/p>\n<\/li>\n<\/ul>\n","protected":false},"excerpt":{"rendered":"<p><strong>Mutabal Aubergine (Baba Ghanoush) Kasih 135g*4<\/strong><\/p>\n<ul>\n<li>\n<p data-start=\"188\" data-end=\"368\">Genie\u00dfen Sie den authentischen orientalischen Geschmack, der aus sorgf\u00e4ltig gegrillten Auberginen zubereitet und mit erstklassigem Tahini und ausgew\u00e4hlten Gew\u00fcrzen kombiniert wird, um Ihnen einen reichhaltigen Geschmack zu verleihen, der Ihrer Tafel w\u00fcrdig ist.<\/p>\n<\/li>\n<\/ul>\n","protected":false},"featured_media":110800,"comment_status":"open","ping_status":"closed","template":"","meta":[],"product_brand":[2338],"product_cat":[285,245],"product_tag":[2132,442],"class_list":{"0":"post-110806","1":"product","2":"type-product","3":"status-publish","4":"has-post-thumbnail","6":"product_brand-al-kasih-de","7":"product_cat-aubergine-dip","8":"product_cat-konserven-lebensmittel","9":"product_tag-aubergine-mutabal","10":"product_tag-bereit-zu-essen","12":"first","13":"instock","14":"taxable","15":"shipping-taxable","16":"purchasable","17":"product-type-simple"},"yoast_head":"<!-- This site is optimized with the Yoast SEO Premium plugin v26.5 (Yoast SEO v27.3) - https:\/\/yoast.com\/product\/yoast-seo-premium-wordpress\/ -->\n<title>Mutabal Aubergine (Baba Ghanoush) Kasih 135g*4 - Yasmin Food<\/title>\n<meta name=\"description\" content=\"Aubergine Baba Ghanouj von der Firma Al-Kasih, das ber\u00fchmteste Gericht in der arabischen Welt, hat eine attraktive Form und einen wunderbaren Geschmack, Es gilt als Vorspeise\" \/>\n<meta name=\"robots\" content=\"index, follow, max-snippet:-1, max-image-preview:large, max-video-preview:-1\" \/>\n<link rel=\"canonical\" href=\"https:\/\/yasminfood.ch\/de\/product\/mutabal-aubergine-baba-ghanoush-kasih-135g4\/\" \/>\n<meta property=\"og:locale\" content=\"de_DE\" \/>\n<meta property=\"og:type\" content=\"article\" \/>\n<meta property=\"og:title\" content=\"Mutabal Aubergine (Baba Ghanoush) Kasih 135g*4\" \/>\n<meta property=\"og:description\" content=\"Mutabal Aubergine (Baba Ghanoush) Kasih 135g*4   Genie\u00dfen Sie den authentischen orientalischen Geschmack, der aus sorgf\u00e4ltig gegrillten Auberginen zubereitet und mit erstklassigem Tahini und ausgew\u00e4hlten Gew\u00fcrzen kombiniert wird, um Ihnen einen reichhaltigen Geschmack zu verleihen, der Ihrer Tafel w\u00fcrdig ist.\" \/>\n<meta property=\"og:url\" content=\"https:\/\/yasminfood.ch\/de\/product\/mutabal-aubergine-baba-ghanoush-kasih-135g4\/\" \/>\n<meta property=\"og:site_name\" content=\"Yasmin Food\" \/>\n<meta property=\"article:publisher\" content=\"https:\/\/www.facebook.com\/yasminmarkt1\" \/>\n<meta property=\"article:modified_time\" content=\"2025-11-07T15:45:55+00:00\" \/>\n<meta property=\"og:image\" content=\"https:\/\/yasminfood.ch\/wp-content\/uploads\/2025\/05\/\u0645\u062a\u0628\u0644-\u0627\u0644\u0643\u0633\u064a\u062d-135\u063a-\u0639\u062f\u062f4.png\" \/>\n\t<meta property=\"og:image:width\" content=\"1080\" \/>\n\t<meta property=\"og:image:height\" content=\"1080\" \/>\n\t<meta property=\"og:image:type\" content=\"image\/png\" \/>\n<meta name=\"twitter:card\" content=\"summary_large_image\" \/>\n<meta name=\"twitter:label1\" content=\"Preis\" \/>\n\t<meta name=\"twitter:data1\" content=\"6.95&nbsp;&#067;&#072;&#070;\" \/>\n\t<meta name=\"twitter:label2\" content=\"Verf\u00fcgbarkeit\" \/>\n\t<meta name=\"twitter:data2\" content=\"Auf Lager\" \/>\n<script type=\"application\/ld+json\" class=\"yoast-schema-graph\">{\"@context\":\"https:\\\/\\\/schema.org\",\"@graph\":[{\"@type\":\"WebPage\",\"@id\":\"https:\\\/\\\/yasminfood.ch\\\/de\\\/product\\\/mutabal-aubergine-baba-ghanoush-kasih-135g4\\\/\",\"url\":\"https:\\\/\\\/yasminfood.ch\\\/de\\\/product\\\/mutabal-aubergine-baba-ghanoush-kasih-135g4\\\/\",\"name\":\"Mutabal Aubergine (Baba Ghanoush) Kasih 135g*4 - Yasmin Food\",\"isPartOf\":{\"@id\":\"https:\\\/\\\/yasminfood.ch\\\/de\\\/#website\"},\"primaryImageOfPage\":{\"@id\":\"https:\\\/\\\/yasminfood.ch\\\/de\\\/product\\\/mutabal-aubergine-baba-ghanoush-kasih-135g4\\\/#primaryimage\"},\"image\":{\"@id\":\"https:\\\/\\\/yasminfood.ch\\\/de\\\/product\\\/mutabal-aubergine-baba-ghanoush-kasih-135g4\\\/#primaryimage\"},\"thumbnailUrl\":\"https:\\\/\\\/yasminfood.ch\\\/wp-content\\\/uploads\\\/2025\\\/05\\\/\u0645\u062a\u0628\u0644-\u0627\u0644\u0643\u0633\u064a\u062d-135\u063a-\u0639\u062f\u062f4.png\",\"datePublished\":\"2025-05-15T04:22:12+00:00\",\"dateModified\":\"2025-11-07T15:45:55+00:00\",\"description\":\"Aubergine Baba Ghanouj von der Firma Al-Kasih, das ber\u00fchmteste Gericht in der arabischen Welt, hat eine attraktive Form und einen wunderbaren Geschmack, Es gilt als Vorspeise\",\"breadcrumb\":{\"@id\":\"https:\\\/\\\/yasminfood.ch\\\/de\\\/product\\\/mutabal-aubergine-baba-ghanoush-kasih-135g4\\\/#breadcrumb\"},\"inLanguage\":\"de\",\"potentialAction\":[{\"@type\":\"ReadAction\",\"target\":[\"https:\\\/\\\/yasminfood.ch\\\/de\\\/product\\\/mutabal-aubergine-baba-ghanoush-kasih-135g4\\\/\"]}]},{\"@type\":\"ImageObject\",\"inLanguage\":\"de\",\"@id\":\"https:\\\/\\\/yasminfood.ch\\\/de\\\/product\\\/mutabal-aubergine-baba-ghanoush-kasih-135g4\\\/#primaryimage\",\"url\":\"https:\\\/\\\/yasminfood.ch\\\/wp-content\\\/uploads\\\/2025\\\/05\\\/\u0645\u062a\u0628\u0644-\u0627\u0644\u0643\u0633\u064a\u062d-135\u063a-\u0639\u062f\u062f4.png\",\"contentUrl\":\"https:\\\/\\\/yasminfood.ch\\\/wp-content\\\/uploads\\\/2025\\\/05\\\/\u0645\u062a\u0628\u0644-\u0627\u0644\u0643\u0633\u064a\u062d-135\u063a-\u0639\u062f\u062f4.png\",\"width\":1080,\"height\":1080,\"caption\":\"Mutabal Aubergine (Baba Ghanoush) Kasih 135g*4\"},{\"@type\":\"BreadcrumbList\",\"@id\":\"https:\\\/\\\/yasminfood.ch\\\/de\\\/product\\\/mutabal-aubergine-baba-ghanoush-kasih-135g4\\\/#breadcrumb\",\"itemListElement\":[{\"@type\":\"ListItem\",\"position\":1,\"name\":\"\u0627\u0644\u0631\u0626\u064a\u0633\u064a\u0629\",\"item\":\"https:\\\/\\\/yasminfood.ch\\\/de\\\/zuhause\\\/\"},{\"@type\":\"ListItem\",\"position\":2,\"name\":\"Shop\",\"item\":\"https:\\\/\\\/yasminfood.ch\\\/de\\\/shop\\\/\"},{\"@type\":\"ListItem\",\"position\":3,\"name\":\"Konserven - Lebensmittel\",\"item\":\"https:\\\/\\\/yasminfood.ch\\\/de\\\/produkt-kategorie\\\/konserven-lebensmittel\\\/\"},{\"@type\":\"ListItem\",\"position\":4,\"name\":\"Aubergine dip\",\"item\":\"https:\\\/\\\/yasminfood.ch\\\/de\\\/produkt-kategorie\\\/konserven-lebensmittel\\\/aubergine-dip\\\/\"},{\"@type\":\"ListItem\",\"position\":5,\"name\":\"Mutabal Aubergine (Baba Ghanoush) Kasih 135g*4\"}]},{\"@type\":\"WebSite\",\"@id\":\"https:\\\/\\\/yasminfood.ch\\\/de\\\/#website\",\"url\":\"https:\\\/\\\/yasminfood.ch\\\/de\\\/\",\"name\":\"\u064a\u0627\u0633\u0645\u064a\u0646 \u0645\u0627\u0631\u0643\u062a\",\"description\":\"Alles, was Sie brauchen, an einem Ort\",\"publisher\":{\"@id\":\"https:\\\/\\\/yasminfood.ch\\\/de\\\/#organization\"},\"alternateName\":\"Yasmin Food\",\"potentialAction\":[{\"@type\":\"SearchAction\",\"target\":{\"@type\":\"EntryPoint\",\"urlTemplate\":\"https:\\\/\\\/yasminfood.ch\\\/de\\\/?s={search_term_string}\"},\"query-input\":{\"@type\":\"PropertyValueSpecification\",\"valueRequired\":true,\"valueName\":\"search_term_string\"}}],\"inLanguage\":\"de\"},{\"@type\":\"Organization\",\"@id\":\"https:\\\/\\\/yasminfood.ch\\\/de\\\/#organization\",\"name\":\"\u064a\u0627\u0633\u0645\u064a\u0646 \u0645\u0627\u0631\u0643\u062a\",\"alternateName\":\"Yasmin Food\",\"url\":\"https:\\\/\\\/yasminfood.ch\\\/de\\\/\",\"logo\":{\"@type\":\"ImageObject\",\"inLanguage\":\"de\",\"@id\":\"https:\\\/\\\/yasminfood.ch\\\/de\\\/#\\\/schema\\\/logo\\\/image\\\/\",\"url\":\"https:\\\/\\\/yasminfood.ch\\\/wp-content\\\/uploads\\\/2025\\\/05\\\/yasmin-food-header-logo.png\",\"contentUrl\":\"https:\\\/\\\/yasminfood.ch\\\/wp-content\\\/uploads\\\/2025\\\/05\\\/yasmin-food-header-logo.png\",\"width\":330,\"height\":120,\"caption\":\"\u064a\u0627\u0633\u0645\u064a\u0646 \u0645\u0627\u0631\u0643\u062a\"},\"image\":{\"@id\":\"https:\\\/\\\/yasminfood.ch\\\/de\\\/#\\\/schema\\\/logo\\\/image\\\/\"},\"sameAs\":[\"https:\\\/\\\/www.facebook.com\\\/yasminmarkt1\",\"https:\\\/\\\/www.tiktok.com\\\/@yasminmarkt\",\"https:\\\/\\\/www.instagram.com\\\/yasmin.markt1\\\/\",\"https:\\\/\\\/api.whatsapp.com\\\/send\\\/?phone=41799000104\"],\"publishingPrinciples\":\"https:\\\/\\\/yasminfood.ch\\\/de\\\/shop\\\/\",\"ownershipFundingInfo\":\"https:\\\/\\\/yasminfood.ch\\\/de\\\/shop\\\/\"}]}<\/script>\n<meta property=\"product:price:amount\" content=\"6.95\" \/>\n<meta property=\"product:price:currency\" content=\"CHF\" \/>\n<meta property=\"og:availability\" content=\"instock\" \/>\n<meta property=\"product:availability\" content=\"instock\" \/>\n<meta property=\"product:condition\" content=\"new\" \/>\n<!-- \/ Yoast SEO Premium plugin. -->","yoast_head_json":{"title":"Mutabal Aubergine (Baba Ghanoush) Kasih 135g*4 - Yasmin Food","description":"Aubergine Baba Ghanouj von der Firma Al-Kasih, das ber\u00fchmteste Gericht in der arabischen Welt, hat eine attraktive Form und einen wunderbaren Geschmack, Es gilt als Vorspeise","robots":{"index":"index","follow":"follow","max-snippet":"max-snippet:-1","max-image-preview":"max-image-preview:large","max-video-preview":"max-video-preview:-1"},"canonical":"https:\/\/yasminfood.ch\/de\/product\/mutabal-aubergine-baba-ghanoush-kasih-135g4\/","og_locale":"de_DE","og_type":"article","og_title":"Mutabal Aubergine (Baba Ghanoush) Kasih 135g*4","og_description":"Mutabal Aubergine (Baba Ghanoush) Kasih 135g*4   Genie\u00dfen Sie den authentischen orientalischen Geschmack, der aus sorgf\u00e4ltig gegrillten Auberginen zubereitet und mit erstklassigem Tahini und ausgew\u00e4hlten Gew\u00fcrzen kombiniert wird, um Ihnen einen reichhaltigen Geschmack zu verleihen, der Ihrer Tafel w\u00fcrdig ist.","og_url":"https:\/\/yasminfood.ch\/de\/product\/mutabal-aubergine-baba-ghanoush-kasih-135g4\/","og_site_name":"Yasmin Food","article_publisher":"https:\/\/www.facebook.com\/yasminmarkt1","article_modified_time":"2025-11-07T15:45:55+00:00","og_image":[{"width":1080,"height":1080,"url":"https:\/\/yasminfood.ch\/wp-content\/uploads\/2025\/05\/\u0645\u062a\u0628\u0644-\u0627\u0644\u0643\u0633\u064a\u062d-135\u063a-\u0639\u062f\u062f4.png","type":"image\/png"}],"twitter_card":"summary_large_image","twitter_misc":{"Preis":"6.95&nbsp;&#67;&#72;&#70;","Verf\u00fcgbarkeit":"Auf Lager"},"schema":{"@context":"https:\/\/schema.org","@graph":[{"@type":"WebPage","@id":"https:\/\/yasminfood.ch\/de\/product\/mutabal-aubergine-baba-ghanoush-kasih-135g4\/","url":"https:\/\/yasminfood.ch\/de\/product\/mutabal-aubergine-baba-ghanoush-kasih-135g4\/","name":"Mutabal Aubergine (Baba Ghanoush) Kasih 135g*4 - Yasmin Food","isPartOf":{"@id":"https:\/\/yasminfood.ch\/de\/#website"},"primaryImageOfPage":{"@id":"https:\/\/yasminfood.ch\/de\/product\/mutabal-aubergine-baba-ghanoush-kasih-135g4\/#primaryimage"},"image":{"@id":"https:\/\/yasminfood.ch\/de\/product\/mutabal-aubergine-baba-ghanoush-kasih-135g4\/#primaryimage"},"thumbnailUrl":"https:\/\/yasminfood.ch\/wp-content\/uploads\/2025\/05\/\u0645\u062a\u0628\u0644-\u0627\u0644\u0643\u0633\u064a\u062d-135\u063a-\u0639\u062f\u062f4.png","datePublished":"2025-05-15T04:22:12+00:00","dateModified":"2025-11-07T15:45:55+00:00","description":"Aubergine Baba Ghanouj von der Firma Al-Kasih, das ber\u00fchmteste Gericht in der arabischen Welt, hat eine attraktive Form und einen wunderbaren Geschmack, Es gilt als Vorspeise","breadcrumb":{"@id":"https:\/\/yasminfood.ch\/de\/product\/mutabal-aubergine-baba-ghanoush-kasih-135g4\/#breadcrumb"},"inLanguage":"de","potentialAction":[{"@type":"ReadAction","target":["https:\/\/yasminfood.ch\/de\/product\/mutabal-aubergine-baba-ghanoush-kasih-135g4\/"]}]},{"@type":"ImageObject","inLanguage":"de","@id":"https:\/\/yasminfood.ch\/de\/product\/mutabal-aubergine-baba-ghanoush-kasih-135g4\/#primaryimage","url":"https:\/\/yasminfood.ch\/wp-content\/uploads\/2025\/05\/\u0645\u062a\u0628\u0644-\u0627\u0644\u0643\u0633\u064a\u062d-135\u063a-\u0639\u062f\u062f4.png","contentUrl":"https:\/\/yasminfood.ch\/wp-content\/uploads\/2025\/05\/\u0645\u062a\u0628\u0644-\u0627\u0644\u0643\u0633\u064a\u062d-135\u063a-\u0639\u062f\u062f4.png","width":1080,"height":1080,"caption":"Mutabal Aubergine (Baba Ghanoush) Kasih 135g*4"},{"@type":"BreadcrumbList","@id":"https:\/\/yasminfood.ch\/de\/product\/mutabal-aubergine-baba-ghanoush-kasih-135g4\/#breadcrumb","itemListElement":[{"@type":"ListItem","position":1,"name":"\u0627\u0644\u0631\u0626\u064a\u0633\u064a\u0629","item":"https:\/\/yasminfood.ch\/de\/zuhause\/"},{"@type":"ListItem","position":2,"name":"Shop","item":"https:\/\/yasminfood.ch\/de\/shop\/"},{"@type":"ListItem","position":3,"name":"Konserven - Lebensmittel","item":"https:\/\/yasminfood.ch\/de\/produkt-kategorie\/konserven-lebensmittel\/"},{"@type":"ListItem","position":4,"name":"Aubergine dip","item":"https:\/\/yasminfood.ch\/de\/produkt-kategorie\/konserven-lebensmittel\/aubergine-dip\/"},{"@type":"ListItem","position":5,"name":"Mutabal Aubergine (Baba Ghanoush) Kasih 135g*4"}]},{"@type":"WebSite","@id":"https:\/\/yasminfood.ch\/de\/#website","url":"https:\/\/yasminfood.ch\/de\/","name":"\u064a\u0627\u0633\u0645\u064a\u0646 \u0645\u0627\u0631\u0643\u062a","description":"Alles, was Sie brauchen, an einem Ort","publisher":{"@id":"https:\/\/yasminfood.ch\/de\/#organization"},"alternateName":"Yasmin Food","potentialAction":[{"@type":"SearchAction","target":{"@type":"EntryPoint","urlTemplate":"https:\/\/yasminfood.ch\/de\/?s={search_term_string}"},"query-input":{"@type":"PropertyValueSpecification","valueRequired":true,"valueName":"search_term_string"}}],"inLanguage":"de"},{"@type":"Organization","@id":"https:\/\/yasminfood.ch\/de\/#organization","name":"\u064a\u0627\u0633\u0645\u064a\u0646 \u0645\u0627\u0631\u0643\u062a","alternateName":"Yasmin Food","url":"https:\/\/yasminfood.ch\/de\/","logo":{"@type":"ImageObject","inLanguage":"de","@id":"https:\/\/yasminfood.ch\/de\/#\/schema\/logo\/image\/","url":"https:\/\/yasminfood.ch\/wp-content\/uploads\/2025\/05\/yasmin-food-header-logo.png","contentUrl":"https:\/\/yasminfood.ch\/wp-content\/uploads\/2025\/05\/yasmin-food-header-logo.png","width":330,"height":120,"caption":"\u064a\u0627\u0633\u0645\u064a\u0646 \u0645\u0627\u0631\u0643\u062a"},"image":{"@id":"https:\/\/yasminfood.ch\/de\/#\/schema\/logo\/image\/"},"sameAs":["https:\/\/www.facebook.com\/yasminmarkt1","https:\/\/www.tiktok.com\/@yasminmarkt","https:\/\/www.instagram.com\/yasmin.markt1\/","https:\/\/api.whatsapp.com\/send\/?phone=41799000104"],"publishingPrinciples":"https:\/\/yasminfood.ch\/de\/shop\/","ownershipFundingInfo":"https:\/\/yasminfood.ch\/de\/shop\/"}]},"product_price_amount":"6.95","product_price_currency":"CHF","og_availability":"instock","product_availability":"instock","product_condition":"new"},"jetpack_sharing_enabled":true,"_links":{"self":[{"href":"https:\/\/yasminfood.ch\/de\/wp-json\/wp\/v2\/product\/110806","targetHints":{"allow":["GET"]}}],"collection":[{"href":"https:\/\/yasminfood.ch\/de\/wp-json\/wp\/v2\/product"}],"about":[{"href":"https:\/\/yasminfood.ch\/de\/wp-json\/wp\/v2\/types\/product"}],"replies":[{"embeddable":true,"href":"https:\/\/yasminfood.ch\/de\/wp-json\/wp\/v2\/comments?post=110806"}],"version-history":[{"count":1,"href":"https:\/\/yasminfood.ch\/de\/wp-json\/wp\/v2\/product\/110806\/revisions"}],"predecessor-version":[{"id":120614,"href":"https:\/\/yasminfood.ch\/de\/wp-json\/wp\/v2\/product\/110806\/revisions\/120614"}],"wp:featuredmedia":[{"embeddable":true,"href":"https:\/\/yasminfood.ch\/de\/wp-json\/wp\/v2\/media\/110800"}],"wp:attachment":[{"href":"https:\/\/yasminfood.ch\/de\/wp-json\/wp\/v2\/media?parent=110806"}],"wp:term":[{"taxonomy":"product_brand","embeddable":true,"href":"https:\/\/yasminfood.ch\/de\/wp-json\/wp\/v2\/product_brand?post=110806"},{"taxonomy":"product_cat","embeddable":true,"href":"https:\/\/yasminfood.ch\/de\/wp-json\/wp\/v2\/product_cat?post=110806"},{"taxonomy":"product_tag","embeddable":true,"href":"https:\/\/yasminfood.ch\/de\/wp-json\/wp\/v2\/product_tag?post=110806"}],"curies":[{"name":"wp","href":"https:\/\/api.w.org\/{rel}","templated":true}]}}