{"id":110847,"date":"2025-05-15T07:11:27","date_gmt":"2025-05-15T05:11:27","guid":{"rendered":"https:\/\/yasminfood.ch\/product\/dana-granatapfel-melasse-1kg\/"},"modified":"2025-12-05T16:22:41","modified_gmt":"2025-12-05T15:22:41","slug":"dana-granatapfel-melasse-1kg","status":"publish","type":"product","link":"https:\/\/yasminfood.ch\/de\/product\/dana-granatapfel-melasse-1kg\/","title":{"rendered":"Dana Granatapfel Melasse 1kg"},"content":{"rendered":"<p>Dana Granatapfelmelasse 1KG zeichnet sich durch ihre dickfl\u00fcssige Textur, dunkelrote Farbe und s\u00fc\u00df-sauren Geschmack aus. Granatapfelmelasse wird h\u00e4ufig in der K\u00fcche verwendet, wo sie der Kibbeh von Savila zugesetzt wird, und wird zu verschiedenen Arten von Salaten und Fetten hinzugef\u00fcgt und wird auch zum Marinieren von Fleisch und H\u00fchnchen und vielen Gerichten und Lebensmitteln verwendet. Granatapfelmelasse wird aus den k\u00f6stlichen Granatapfelkernen gewonnen, die reich an N\u00e4hrstoffen, Proteinen und wichtigen S\u00e4uren f\u00fcr den K\u00f6rper sind, und Granatapfelmelasse wird in einem verschlossenen Plastikbeh\u00e4lter von der Taube aufbewahrt, um sie vor Feuchtigkeit zu sch\u00fctzen und eine hohe Qualit\u00e4t zu gew\u00e4hrleisten.         <\/p>\n","protected":false},"excerpt":{"rendered":"<p>Dana Granatapfelmelasse 1KG zeichnet sich durch ihre dickfl\u00fcssige Textur, dunkelrote Farbe und s\u00fc\u00df-sauren Geschmack aus. Granatapfelmelasse wird h\u00e4ufig in der<\/p>\n","protected":false},"featured_media":110845,"comment_status":"open","ping_status":"closed","template":"","meta":[],"product_brand":[],"product_cat":[273,245],"product_tag":[1431],"class_list":{"0":"post-110847","1":"product","2":"type-product","3":"status-publish","4":"has-post-thumbnail","6":"product_cat-granatapfelsirup-dattelsirup","7":"product_cat-konserven-lebensmittel","8":"product_tag-100-naturliche-granatapfelmelasse","10":"first","11":"outofstock","12":"taxable","13":"shipping-taxable","14":"purchasable","15":"product-type-simple"},"yoast_head":"<!-- This site is optimized with the Yoast SEO Premium plugin v26.5 (Yoast SEO v27.5) - https:\/\/yoast.com\/product\/yoast-seo-premium-wordpress\/ -->\n<title>Dana Granatapfel Melasse 1kg - Yasmin Food<\/title>\n<meta name=\"description\" content=\"Dana Granatapfelmelasse 1KG zeichnet sich durch ihre dickfl\u00fcssige Textur, dunkelrote Farbe und s\u00fc\u00df-sauren Geschmack aus und wird h\u00e4ufig in der K\u00fcche verwendet\" \/>\n<meta name=\"robots\" content=\"index, follow, max-snippet:-1, max-image-preview:large, max-video-preview:-1\" \/>\n<link rel=\"canonical\" href=\"https:\/\/yasminfood.ch\/de\/product\/dana-granatapfel-melasse-1kg\/\" \/>\n<meta property=\"og:locale\" content=\"de_DE\" \/>\n<meta property=\"og:type\" content=\"article\" \/>\n<meta property=\"og:title\" content=\"Dana Granatapfel Melasse 1kg\" \/>\n<meta property=\"og:description\" content=\"Dana Granatapfelmelasse 1KG zeichnet sich durch ihre dickfl\u00fcssige Textur, dunkelrote Farbe und s\u00fc\u00df-sauren Geschmack aus. Granatapfelmelasse wird h\u00e4ufig in\" \/>\n<meta property=\"og:url\" content=\"https:\/\/yasminfood.ch\/de\/product\/dana-granatapfel-melasse-1kg\/\" \/>\n<meta property=\"og:site_name\" content=\"Yasmin Food\" \/>\n<meta property=\"article:publisher\" content=\"https:\/\/www.facebook.com\/yasminmarkt1\" \/>\n<meta property=\"article:modified_time\" content=\"2025-12-05T15:22:41+00:00\" \/>\n<meta property=\"og:image\" content=\"https:\/\/yasminfood.ch\/wp-content\/uploads\/2025\/05\/\u062f\u0628\u0633-\u0631\u0645\u0627\u0646-\u062f\u0627\u0646\u0629-1-\u0643\u064a\u0644\u0648.png\" \/>\n\t<meta property=\"og:image:width\" content=\"1080\" \/>\n\t<meta property=\"og:image:height\" content=\"1080\" \/>\n\t<meta property=\"og:image:type\" content=\"image\/png\" \/>\n<meta name=\"twitter:card\" content=\"summary_large_image\" \/>\n<meta name=\"twitter:label1\" content=\"Preis\" \/>\n\t<meta name=\"twitter:data1\" content=\"5.95&nbsp;&#067;&#072;&#070;\" \/>\n\t<meta name=\"twitter:label2\" content=\"Verf\u00fcgbarkeit\" \/>\n\t<meta name=\"twitter:data2\" content=\"ausverkauft\" \/>\n<script type=\"application\/ld+json\" class=\"yoast-schema-graph\">{\"@context\":\"https:\\\/\\\/schema.org\",\"@graph\":[{\"@type\":\"WebPage\",\"@id\":\"https:\\\/\\\/yasminfood.ch\\\/de\\\/product\\\/dana-granatapfel-melasse-1kg\\\/\",\"url\":\"https:\\\/\\\/yasminfood.ch\\\/de\\\/product\\\/dana-granatapfel-melasse-1kg\\\/\",\"name\":\"Dana Granatapfel Melasse 1kg - Yasmin Food\",\"isPartOf\":{\"@id\":\"https:\\\/\\\/yasminfood.ch\\\/de\\\/#website\"},\"primaryImageOfPage\":{\"@id\":\"https:\\\/\\\/yasminfood.ch\\\/de\\\/product\\\/dana-granatapfel-melasse-1kg\\\/#primaryimage\"},\"image\":{\"@id\":\"https:\\\/\\\/yasminfood.ch\\\/de\\\/product\\\/dana-granatapfel-melasse-1kg\\\/#primaryimage\"},\"thumbnailUrl\":\"https:\\\/\\\/yasminfood.ch\\\/wp-content\\\/uploads\\\/2025\\\/05\\\/\u062f\u0628\u0633-\u0631\u0645\u0627\u0646-\u062f\u0627\u0646\u0629-1-\u0643\u064a\u0644\u0648.png\",\"datePublished\":\"2025-05-15T05:11:27+00:00\",\"dateModified\":\"2025-12-05T15:22:41+00:00\",\"description\":\"Dana Granatapfelmelasse 1KG zeichnet sich durch ihre dickfl\u00fcssige Textur, dunkelrote Farbe und s\u00fc\u00df-sauren Geschmack aus und wird h\u00e4ufig in der K\u00fcche verwendet\",\"breadcrumb\":{\"@id\":\"https:\\\/\\\/yasminfood.ch\\\/de\\\/product\\\/dana-granatapfel-melasse-1kg\\\/#breadcrumb\"},\"inLanguage\":\"de\",\"potentialAction\":[{\"@type\":\"ReadAction\",\"target\":[\"https:\\\/\\\/yasminfood.ch\\\/de\\\/product\\\/dana-granatapfel-melasse-1kg\\\/\"]}]},{\"@type\":\"ImageObject\",\"inLanguage\":\"de\",\"@id\":\"https:\\\/\\\/yasminfood.ch\\\/de\\\/product\\\/dana-granatapfel-melasse-1kg\\\/#primaryimage\",\"url\":\"https:\\\/\\\/yasminfood.ch\\\/wp-content\\\/uploads\\\/2025\\\/05\\\/\u062f\u0628\u0633-\u0631\u0645\u0627\u0646-\u062f\u0627\u0646\u0629-1-\u0643\u064a\u0644\u0648.png\",\"contentUrl\":\"https:\\\/\\\/yasminfood.ch\\\/wp-content\\\/uploads\\\/2025\\\/05\\\/\u062f\u0628\u0633-\u0631\u0645\u0627\u0646-\u062f\u0627\u0646\u0629-1-\u0643\u064a\u0644\u0648.png\",\"width\":1080,\"height\":1080},{\"@type\":\"BreadcrumbList\",\"@id\":\"https:\\\/\\\/yasminfood.ch\\\/de\\\/product\\\/dana-granatapfel-melasse-1kg\\\/#breadcrumb\",\"itemListElement\":[{\"@type\":\"ListItem\",\"position\":1,\"name\":\"\u0627\u0644\u0631\u0626\u064a\u0633\u064a\u0629\",\"item\":\"https:\\\/\\\/yasminfood.ch\\\/de\\\/zuhause\\\/\"},{\"@type\":\"ListItem\",\"position\":2,\"name\":\"Shop\",\"item\":\"https:\\\/\\\/yasminfood.ch\\\/de\\\/shop\\\/\"},{\"@type\":\"ListItem\",\"position\":3,\"name\":\"Konserven - Lebensmittel\",\"item\":\"https:\\\/\\\/yasminfood.ch\\\/de\\\/produkt-kategorie\\\/konserven-lebensmittel\\\/\"},{\"@type\":\"ListItem\",\"position\":4,\"name\":\"Granatapfelsirup - Dattelsirup\",\"item\":\"https:\\\/\\\/yasminfood.ch\\\/de\\\/produkt-kategorie\\\/konserven-lebensmittel\\\/granatapfelsirup-dattelsirup\\\/\"},{\"@type\":\"ListItem\",\"position\":5,\"name\":\"Dana Granatapfel Melasse 1kg\"}]},{\"@type\":\"WebSite\",\"@id\":\"https:\\\/\\\/yasminfood.ch\\\/de\\\/#website\",\"url\":\"https:\\\/\\\/yasminfood.ch\\\/de\\\/\",\"name\":\"\u064a\u0627\u0633\u0645\u064a\u0646 \u0645\u0627\u0631\u0643\u062a\",\"description\":\"Alles, was Sie brauchen, an einem Ort\",\"publisher\":{\"@id\":\"https:\\\/\\\/yasminfood.ch\\\/de\\\/#organization\"},\"alternateName\":\"Yasmin Food\",\"potentialAction\":[{\"@type\":\"SearchAction\",\"target\":{\"@type\":\"EntryPoint\",\"urlTemplate\":\"https:\\\/\\\/yasminfood.ch\\\/de\\\/?s={search_term_string}\"},\"query-input\":{\"@type\":\"PropertyValueSpecification\",\"valueRequired\":true,\"valueName\":\"search_term_string\"}}],\"inLanguage\":\"de\"},{\"@type\":\"Organization\",\"@id\":\"https:\\\/\\\/yasminfood.ch\\\/de\\\/#organization\",\"name\":\"\u064a\u0627\u0633\u0645\u064a\u0646 \u0645\u0627\u0631\u0643\u062a\",\"alternateName\":\"Yasmin Food\",\"url\":\"https:\\\/\\\/yasminfood.ch\\\/de\\\/\",\"logo\":{\"@type\":\"ImageObject\",\"inLanguage\":\"de\",\"@id\":\"https:\\\/\\\/yasminfood.ch\\\/de\\\/#\\\/schema\\\/logo\\\/image\\\/\",\"url\":\"https:\\\/\\\/yasminfood.ch\\\/wp-content\\\/uploads\\\/2025\\\/05\\\/yasmin-food-header-logo.png\",\"contentUrl\":\"https:\\\/\\\/yasminfood.ch\\\/wp-content\\\/uploads\\\/2025\\\/05\\\/yasmin-food-header-logo.png\",\"width\":330,\"height\":120,\"caption\":\"\u064a\u0627\u0633\u0645\u064a\u0646 \u0645\u0627\u0631\u0643\u062a\"},\"image\":{\"@id\":\"https:\\\/\\\/yasminfood.ch\\\/de\\\/#\\\/schema\\\/logo\\\/image\\\/\"},\"sameAs\":[\"https:\\\/\\\/www.facebook.com\\\/yasminmarkt1\",\"https:\\\/\\\/www.tiktok.com\\\/@yasminmarkt\",\"https:\\\/\\\/www.instagram.com\\\/yasmin.markt1\\\/\",\"https:\\\/\\\/api.whatsapp.com\\\/send\\\/?phone=41799000104\"],\"publishingPrinciples\":\"https:\\\/\\\/yasminfood.ch\\\/de\\\/shop\\\/\",\"ownershipFundingInfo\":\"https:\\\/\\\/yasminfood.ch\\\/de\\\/shop\\\/\"}]}<\/script>\n<meta property=\"product:price:amount\" content=\"5.95\" \/>\n<meta property=\"product:price:currency\" content=\"CHF\" \/>\n<meta property=\"og:availability\" content=\"out of stock\" \/>\n<meta property=\"product:availability\" content=\"out of stock\" \/>\n<meta property=\"product:condition\" content=\"new\" \/>\n<!-- \/ Yoast SEO Premium plugin. -->","yoast_head_json":{"title":"Dana Granatapfel Melasse 1kg - Yasmin Food","description":"Dana Granatapfelmelasse 1KG zeichnet sich durch ihre dickfl\u00fcssige Textur, dunkelrote Farbe und s\u00fc\u00df-sauren Geschmack aus und wird h\u00e4ufig in der K\u00fcche verwendet","robots":{"index":"index","follow":"follow","max-snippet":"max-snippet:-1","max-image-preview":"max-image-preview:large","max-video-preview":"max-video-preview:-1"},"canonical":"https:\/\/yasminfood.ch\/de\/product\/dana-granatapfel-melasse-1kg\/","og_locale":"de_DE","og_type":"article","og_title":"Dana Granatapfel Melasse 1kg","og_description":"Dana Granatapfelmelasse 1KG zeichnet sich durch ihre dickfl\u00fcssige Textur, dunkelrote Farbe und s\u00fc\u00df-sauren Geschmack aus. Granatapfelmelasse wird h\u00e4ufig in","og_url":"https:\/\/yasminfood.ch\/de\/product\/dana-granatapfel-melasse-1kg\/","og_site_name":"Yasmin Food","article_publisher":"https:\/\/www.facebook.com\/yasminmarkt1","article_modified_time":"2025-12-05T15:22:41+00:00","og_image":[{"width":1080,"height":1080,"url":"https:\/\/yasminfood.ch\/wp-content\/uploads\/2025\/05\/\u062f\u0628\u0633-\u0631\u0645\u0627\u0646-\u062f\u0627\u0646\u0629-1-\u0643\u064a\u0644\u0648.png","type":"image\/png"}],"twitter_card":"summary_large_image","twitter_misc":{"Preis":"5.95&nbsp;&#67;&#72;&#70;","Verf\u00fcgbarkeit":"ausverkauft"},"schema":{"@context":"https:\/\/schema.org","@graph":[{"@type":"WebPage","@id":"https:\/\/yasminfood.ch\/de\/product\/dana-granatapfel-melasse-1kg\/","url":"https:\/\/yasminfood.ch\/de\/product\/dana-granatapfel-melasse-1kg\/","name":"Dana Granatapfel Melasse 1kg - Yasmin Food","isPartOf":{"@id":"https:\/\/yasminfood.ch\/de\/#website"},"primaryImageOfPage":{"@id":"https:\/\/yasminfood.ch\/de\/product\/dana-granatapfel-melasse-1kg\/#primaryimage"},"image":{"@id":"https:\/\/yasminfood.ch\/de\/product\/dana-granatapfel-melasse-1kg\/#primaryimage"},"thumbnailUrl":"https:\/\/yasminfood.ch\/wp-content\/uploads\/2025\/05\/\u062f\u0628\u0633-\u0631\u0645\u0627\u0646-\u062f\u0627\u0646\u0629-1-\u0643\u064a\u0644\u0648.png","datePublished":"2025-05-15T05:11:27+00:00","dateModified":"2025-12-05T15:22:41+00:00","description":"Dana Granatapfelmelasse 1KG zeichnet sich durch ihre dickfl\u00fcssige Textur, dunkelrote Farbe und s\u00fc\u00df-sauren Geschmack aus und wird h\u00e4ufig in der K\u00fcche verwendet","breadcrumb":{"@id":"https:\/\/yasminfood.ch\/de\/product\/dana-granatapfel-melasse-1kg\/#breadcrumb"},"inLanguage":"de","potentialAction":[{"@type":"ReadAction","target":["https:\/\/yasminfood.ch\/de\/product\/dana-granatapfel-melasse-1kg\/"]}]},{"@type":"ImageObject","inLanguage":"de","@id":"https:\/\/yasminfood.ch\/de\/product\/dana-granatapfel-melasse-1kg\/#primaryimage","url":"https:\/\/yasminfood.ch\/wp-content\/uploads\/2025\/05\/\u062f\u0628\u0633-\u0631\u0645\u0627\u0646-\u062f\u0627\u0646\u0629-1-\u0643\u064a\u0644\u0648.png","contentUrl":"https:\/\/yasminfood.ch\/wp-content\/uploads\/2025\/05\/\u062f\u0628\u0633-\u0631\u0645\u0627\u0646-\u062f\u0627\u0646\u0629-1-\u0643\u064a\u0644\u0648.png","width":1080,"height":1080},{"@type":"BreadcrumbList","@id":"https:\/\/yasminfood.ch\/de\/product\/dana-granatapfel-melasse-1kg\/#breadcrumb","itemListElement":[{"@type":"ListItem","position":1,"name":"\u0627\u0644\u0631\u0626\u064a\u0633\u064a\u0629","item":"https:\/\/yasminfood.ch\/de\/zuhause\/"},{"@type":"ListItem","position":2,"name":"Shop","item":"https:\/\/yasminfood.ch\/de\/shop\/"},{"@type":"ListItem","position":3,"name":"Konserven - Lebensmittel","item":"https:\/\/yasminfood.ch\/de\/produkt-kategorie\/konserven-lebensmittel\/"},{"@type":"ListItem","position":4,"name":"Granatapfelsirup - Dattelsirup","item":"https:\/\/yasminfood.ch\/de\/produkt-kategorie\/konserven-lebensmittel\/granatapfelsirup-dattelsirup\/"},{"@type":"ListItem","position":5,"name":"Dana Granatapfel Melasse 1kg"}]},{"@type":"WebSite","@id":"https:\/\/yasminfood.ch\/de\/#website","url":"https:\/\/yasminfood.ch\/de\/","name":"\u064a\u0627\u0633\u0645\u064a\u0646 \u0645\u0627\u0631\u0643\u062a","description":"Alles, was Sie brauchen, an einem Ort","publisher":{"@id":"https:\/\/yasminfood.ch\/de\/#organization"},"alternateName":"Yasmin Food","potentialAction":[{"@type":"SearchAction","target":{"@type":"EntryPoint","urlTemplate":"https:\/\/yasminfood.ch\/de\/?s={search_term_string}"},"query-input":{"@type":"PropertyValueSpecification","valueRequired":true,"valueName":"search_term_string"}}],"inLanguage":"de"},{"@type":"Organization","@id":"https:\/\/yasminfood.ch\/de\/#organization","name":"\u064a\u0627\u0633\u0645\u064a\u0646 \u0645\u0627\u0631\u0643\u062a","alternateName":"Yasmin Food","url":"https:\/\/yasminfood.ch\/de\/","logo":{"@type":"ImageObject","inLanguage":"de","@id":"https:\/\/yasminfood.ch\/de\/#\/schema\/logo\/image\/","url":"https:\/\/yasminfood.ch\/wp-content\/uploads\/2025\/05\/yasmin-food-header-logo.png","contentUrl":"https:\/\/yasminfood.ch\/wp-content\/uploads\/2025\/05\/yasmin-food-header-logo.png","width":330,"height":120,"caption":"\u064a\u0627\u0633\u0645\u064a\u0646 \u0645\u0627\u0631\u0643\u062a"},"image":{"@id":"https:\/\/yasminfood.ch\/de\/#\/schema\/logo\/image\/"},"sameAs":["https:\/\/www.facebook.com\/yasminmarkt1","https:\/\/www.tiktok.com\/@yasminmarkt","https:\/\/www.instagram.com\/yasmin.markt1\/","https:\/\/api.whatsapp.com\/send\/?phone=41799000104"],"publishingPrinciples":"https:\/\/yasminfood.ch\/de\/shop\/","ownershipFundingInfo":"https:\/\/yasminfood.ch\/de\/shop\/"}]},"product_price_amount":"5.95","product_price_currency":"CHF","og_availability":"out of stock","product_availability":"out of stock","product_condition":"new"},"jetpack_sharing_enabled":true,"_links":{"self":[{"href":"https:\/\/yasminfood.ch\/de\/wp-json\/wp\/v2\/product\/110847","targetHints":{"allow":["GET"]}}],"collection":[{"href":"https:\/\/yasminfood.ch\/de\/wp-json\/wp\/v2\/product"}],"about":[{"href":"https:\/\/yasminfood.ch\/de\/wp-json\/wp\/v2\/types\/product"}],"replies":[{"embeddable":true,"href":"https:\/\/yasminfood.ch\/de\/wp-json\/wp\/v2\/comments?post=110847"}],"version-history":[{"count":0,"href":"https:\/\/yasminfood.ch\/de\/wp-json\/wp\/v2\/product\/110847\/revisions"}],"wp:featuredmedia":[{"embeddable":true,"href":"https:\/\/yasminfood.ch\/de\/wp-json\/wp\/v2\/media\/110845"}],"wp:attachment":[{"href":"https:\/\/yasminfood.ch\/de\/wp-json\/wp\/v2\/media?parent=110847"}],"wp:term":[{"taxonomy":"product_brand","embeddable":true,"href":"https:\/\/yasminfood.ch\/de\/wp-json\/wp\/v2\/product_brand?post=110847"},{"taxonomy":"product_cat","embeddable":true,"href":"https:\/\/yasminfood.ch\/de\/wp-json\/wp\/v2\/product_cat?post=110847"},{"taxonomy":"product_tag","embeddable":true,"href":"https:\/\/yasminfood.ch\/de\/wp-json\/wp\/v2\/product_tag?post=110847"}],"curies":[{"name":"wp","href":"https:\/\/api.w.org\/{rel}","templated":true}]}}