{"id":111000,"date":"2025-05-16T02:01:26","date_gmt":"2025-05-16T00:01:26","guid":{"rendered":"https:\/\/yasminfood.ch\/product\/bohnen-900g-osman-food\/"},"modified":"2025-05-16T02:02:27","modified_gmt":"2025-05-16T00:02:27","slug":"bohnen-900g-osman-food","status":"publish","type":"product","link":"https:\/\/yasminfood.ch\/de\/product\/bohnen-900g-osman-food\/","title":{"rendered":"Bohnen 900g Osman Food"},"content":{"rendered":"<p>Love Beans 900g Othman Food ist eine der Arten von H\u00fclsenfr\u00fcchten, die in der arabischen und westlichen K\u00fcche im \u00dcberfluss ber\u00fchmt sind, sie hat eine k\u00f6stliche Form und einen k\u00f6stlichen Geschmack, zumal sie mit Fleisch und Tomatenmelasse zubereitet wird, was ihr eine sehr k\u00f6stliche Farbe verleiht, und wei\u00dfe Bohnen Love wird als Hauptgericht mit Reis platziert, so dass es als Hauptmittagessen s\u00e4ttigt und voller Vorteile f\u00fcr den menschlichen K\u00f6rper gilt.   <\/p>\n","protected":false},"excerpt":{"rendered":"<p>Love Beans 900g Othman Food ist eine der Arten von H\u00fclsenfr\u00fcchten, die in der arabischen und westlichen K\u00fcche im \u00dcberfluss<\/p>\n","protected":false},"featured_media":110997,"comment_status":"open","ping_status":"closed","template":"","meta":[],"product_brand":[],"product_cat":[320,345],"product_tag":[],"class_list":{"0":"post-111000","1":"product","2":"type-product","3":"status-publish","4":"has-post-thumbnail","6":"product_cat-reis-getreide","7":"product_cat-rohe-bohnen","9":"first","10":"instock","11":"taxable","12":"shipping-taxable","13":"purchasable","14":"product-type-simple"},"yoast_head":"<!-- This site is optimized with the Yoast SEO Premium plugin v26.5 (Yoast SEO v27.3) - https:\/\/yoast.com\/product\/yoast-seo-premium-wordpress\/ -->\n<title>Bohnen 900g Osman Food - Yasmin Food<\/title>\n<meta name=\"description\" content=\"Bohnen 900g Othman Food ist eine der Arten von H\u00fclsenfr\u00fcchten, die in der arabischen und westlichen K\u00fcche im \u00dcberfluss ber\u00fchmt sind, sie hat eine k\u00f6stliche Form und Geschmack Hauptgericht mit Reis\" \/>\n<meta name=\"robots\" content=\"index, follow, max-snippet:-1, max-image-preview:large, max-video-preview:-1\" \/>\n<link rel=\"canonical\" href=\"https:\/\/yasminfood.ch\/de\/product\/bohnen-900g-osman-food\/\" \/>\n<meta property=\"og:locale\" content=\"de_DE\" \/>\n<meta property=\"og:type\" content=\"article\" \/>\n<meta property=\"og:title\" content=\"Bohnen 900g Osman Food\" \/>\n<meta property=\"og:description\" content=\"Love Beans 900g Othman Food ist eine der Arten von H\u00fclsenfr\u00fcchten, die in der arabischen und westlichen K\u00fcche im \u00dcberfluss ber\u00fchmt sind, sie hat eine\" \/>\n<meta property=\"og:url\" content=\"https:\/\/yasminfood.ch\/de\/product\/bohnen-900g-osman-food\/\" \/>\n<meta property=\"og:site_name\" content=\"Yasmin Food\" \/>\n<meta property=\"article:publisher\" content=\"https:\/\/www.facebook.com\/yasminmarkt1\" \/>\n<meta property=\"article:modified_time\" content=\"2025-05-16T00:02:27+00:00\" \/>\n<meta property=\"og:image\" content=\"https:\/\/yasminfood.ch\/wp-content\/uploads\/2025\/05\/\u0641\u0627\u0635\u0648\u0644\u064a\u0627-\u062d\u0628-900\u063a-\u0639\u062b\u0645\u0627\u0646-\u0641\u0648\u062f.png\" \/>\n\t<meta property=\"og:image:width\" content=\"1080\" \/>\n\t<meta property=\"og:image:height\" content=\"1080\" \/>\n\t<meta property=\"og:image:type\" content=\"image\/png\" \/>\n<meta name=\"twitter:card\" content=\"summary_large_image\" \/>\n<meta name=\"twitter:label1\" content=\"Preis\" \/>\n\t<meta name=\"twitter:data1\" content=\"4.95&nbsp;&#067;&#072;&#070;\" \/>\n\t<meta name=\"twitter:label2\" content=\"Verf\u00fcgbarkeit\" \/>\n\t<meta name=\"twitter:data2\" content=\"Auf Lager\" \/>\n<script type=\"application\/ld+json\" class=\"yoast-schema-graph\">{\"@context\":\"https:\\\/\\\/schema.org\",\"@graph\":[{\"@type\":\"WebPage\",\"@id\":\"https:\\\/\\\/yasminfood.ch\\\/de\\\/product\\\/bohnen-900g-osman-food\\\/\",\"url\":\"https:\\\/\\\/yasminfood.ch\\\/de\\\/product\\\/bohnen-900g-osman-food\\\/\",\"name\":\"Bohnen 900g Osman Food - Yasmin Food\",\"isPartOf\":{\"@id\":\"https:\\\/\\\/yasminfood.ch\\\/de\\\/#website\"},\"primaryImageOfPage\":{\"@id\":\"https:\\\/\\\/yasminfood.ch\\\/de\\\/product\\\/bohnen-900g-osman-food\\\/#primaryimage\"},\"image\":{\"@id\":\"https:\\\/\\\/yasminfood.ch\\\/de\\\/product\\\/bohnen-900g-osman-food\\\/#primaryimage\"},\"thumbnailUrl\":\"https:\\\/\\\/yasminfood.ch\\\/wp-content\\\/uploads\\\/2025\\\/05\\\/\u0641\u0627\u0635\u0648\u0644\u064a\u0627-\u062d\u0628-900\u063a-\u0639\u062b\u0645\u0627\u0646-\u0641\u0648\u062f.png\",\"datePublished\":\"2025-05-16T00:01:26+00:00\",\"dateModified\":\"2025-05-16T00:02:27+00:00\",\"description\":\"Bohnen 900g Othman Food ist eine der Arten von H\u00fclsenfr\u00fcchten, die in der arabischen und westlichen K\u00fcche im \u00dcberfluss ber\u00fchmt sind, sie hat eine k\u00f6stliche Form und Geschmack Hauptgericht mit Reis\",\"breadcrumb\":{\"@id\":\"https:\\\/\\\/yasminfood.ch\\\/de\\\/product\\\/bohnen-900g-osman-food\\\/#breadcrumb\"},\"inLanguage\":\"de\",\"potentialAction\":[{\"@type\":\"ReadAction\",\"target\":[\"https:\\\/\\\/yasminfood.ch\\\/de\\\/product\\\/bohnen-900g-osman-food\\\/\"]}]},{\"@type\":\"ImageObject\",\"inLanguage\":\"de\",\"@id\":\"https:\\\/\\\/yasminfood.ch\\\/de\\\/product\\\/bohnen-900g-osman-food\\\/#primaryimage\",\"url\":\"https:\\\/\\\/yasminfood.ch\\\/wp-content\\\/uploads\\\/2025\\\/05\\\/\u0641\u0627\u0635\u0648\u0644\u064a\u0627-\u062d\u0628-900\u063a-\u0639\u062b\u0645\u0627\u0646-\u0641\u0648\u062f.png\",\"contentUrl\":\"https:\\\/\\\/yasminfood.ch\\\/wp-content\\\/uploads\\\/2025\\\/05\\\/\u0641\u0627\u0635\u0648\u0644\u064a\u0627-\u062d\u0628-900\u063a-\u0639\u062b\u0645\u0627\u0646-\u0641\u0648\u062f.png\",\"width\":1080,\"height\":1080},{\"@type\":\"BreadcrumbList\",\"@id\":\"https:\\\/\\\/yasminfood.ch\\\/de\\\/product\\\/bohnen-900g-osman-food\\\/#breadcrumb\",\"itemListElement\":[{\"@type\":\"ListItem\",\"position\":1,\"name\":\"\u0627\u0644\u0631\u0626\u064a\u0633\u064a\u0629\",\"item\":\"https:\\\/\\\/yasminfood.ch\\\/de\\\/zuhause\\\/\"},{\"@type\":\"ListItem\",\"position\":2,\"name\":\"Shop\",\"item\":\"https:\\\/\\\/yasminfood.ch\\\/de\\\/shop\\\/\"},{\"@type\":\"ListItem\",\"position\":3,\"name\":\"Reis &amp; Getreide\",\"item\":\"https:\\\/\\\/yasminfood.ch\\\/de\\\/produkt-kategorie\\\/reis-getreide\\\/\"},{\"@type\":\"ListItem\",\"position\":4,\"name\":\"Rohe Bohnen\",\"item\":\"https:\\\/\\\/yasminfood.ch\\\/de\\\/produkt-kategorie\\\/reis-getreide\\\/rohe-bohnen\\\/\"},{\"@type\":\"ListItem\",\"position\":5,\"name\":\"Bohnen 900g Osman Food\"}]},{\"@type\":\"WebSite\",\"@id\":\"https:\\\/\\\/yasminfood.ch\\\/de\\\/#website\",\"url\":\"https:\\\/\\\/yasminfood.ch\\\/de\\\/\",\"name\":\"\u064a\u0627\u0633\u0645\u064a\u0646 \u0645\u0627\u0631\u0643\u062a\",\"description\":\"Alles, was Sie brauchen, an einem Ort\",\"publisher\":{\"@id\":\"https:\\\/\\\/yasminfood.ch\\\/de\\\/#organization\"},\"alternateName\":\"Yasmin Food\",\"potentialAction\":[{\"@type\":\"SearchAction\",\"target\":{\"@type\":\"EntryPoint\",\"urlTemplate\":\"https:\\\/\\\/yasminfood.ch\\\/de\\\/?s={search_term_string}\"},\"query-input\":{\"@type\":\"PropertyValueSpecification\",\"valueRequired\":true,\"valueName\":\"search_term_string\"}}],\"inLanguage\":\"de\"},{\"@type\":\"Organization\",\"@id\":\"https:\\\/\\\/yasminfood.ch\\\/de\\\/#organization\",\"name\":\"\u064a\u0627\u0633\u0645\u064a\u0646 \u0645\u0627\u0631\u0643\u062a\",\"alternateName\":\"Yasmin Food\",\"url\":\"https:\\\/\\\/yasminfood.ch\\\/de\\\/\",\"logo\":{\"@type\":\"ImageObject\",\"inLanguage\":\"de\",\"@id\":\"https:\\\/\\\/yasminfood.ch\\\/de\\\/#\\\/schema\\\/logo\\\/image\\\/\",\"url\":\"https:\\\/\\\/yasminfood.ch\\\/wp-content\\\/uploads\\\/2025\\\/05\\\/yasmin-food-header-logo.png\",\"contentUrl\":\"https:\\\/\\\/yasminfood.ch\\\/wp-content\\\/uploads\\\/2025\\\/05\\\/yasmin-food-header-logo.png\",\"width\":330,\"height\":120,\"caption\":\"\u064a\u0627\u0633\u0645\u064a\u0646 \u0645\u0627\u0631\u0643\u062a\"},\"image\":{\"@id\":\"https:\\\/\\\/yasminfood.ch\\\/de\\\/#\\\/schema\\\/logo\\\/image\\\/\"},\"sameAs\":[\"https:\\\/\\\/www.facebook.com\\\/yasminmarkt1\",\"https:\\\/\\\/www.tiktok.com\\\/@yasminmarkt\",\"https:\\\/\\\/www.instagram.com\\\/yasmin.markt1\\\/\",\"https:\\\/\\\/api.whatsapp.com\\\/send\\\/?phone=41799000104\"],\"publishingPrinciples\":\"https:\\\/\\\/yasminfood.ch\\\/de\\\/shop\\\/\",\"ownershipFundingInfo\":\"https:\\\/\\\/yasminfood.ch\\\/de\\\/shop\\\/\"}]}<\/script>\n<meta property=\"product:price:amount\" content=\"4.95\" \/>\n<meta property=\"product:price:currency\" content=\"CHF\" \/>\n<meta property=\"og:availability\" content=\"instock\" \/>\n<meta property=\"product:availability\" content=\"instock\" \/>\n<meta property=\"product:condition\" content=\"new\" \/>\n<!-- \/ Yoast SEO Premium plugin. -->","yoast_head_json":{"title":"Bohnen 900g Osman Food - Yasmin Food","description":"Bohnen 900g Othman Food ist eine der Arten von H\u00fclsenfr\u00fcchten, die in der arabischen und westlichen K\u00fcche im \u00dcberfluss ber\u00fchmt sind, sie hat eine k\u00f6stliche Form und Geschmack Hauptgericht mit Reis","robots":{"index":"index","follow":"follow","max-snippet":"max-snippet:-1","max-image-preview":"max-image-preview:large","max-video-preview":"max-video-preview:-1"},"canonical":"https:\/\/yasminfood.ch\/de\/product\/bohnen-900g-osman-food\/","og_locale":"de_DE","og_type":"article","og_title":"Bohnen 900g Osman Food","og_description":"Love Beans 900g Othman Food ist eine der Arten von H\u00fclsenfr\u00fcchten, die in der arabischen und westlichen K\u00fcche im \u00dcberfluss ber\u00fchmt sind, sie hat eine","og_url":"https:\/\/yasminfood.ch\/de\/product\/bohnen-900g-osman-food\/","og_site_name":"Yasmin Food","article_publisher":"https:\/\/www.facebook.com\/yasminmarkt1","article_modified_time":"2025-05-16T00:02:27+00:00","og_image":[{"width":1080,"height":1080,"url":"https:\/\/yasminfood.ch\/wp-content\/uploads\/2025\/05\/\u0641\u0627\u0635\u0648\u0644\u064a\u0627-\u062d\u0628-900\u063a-\u0639\u062b\u0645\u0627\u0646-\u0641\u0648\u062f.png","type":"image\/png"}],"twitter_card":"summary_large_image","twitter_misc":{"Preis":"4.95&nbsp;&#67;&#72;&#70;","Verf\u00fcgbarkeit":"Auf Lager"},"schema":{"@context":"https:\/\/schema.org","@graph":[{"@type":"WebPage","@id":"https:\/\/yasminfood.ch\/de\/product\/bohnen-900g-osman-food\/","url":"https:\/\/yasminfood.ch\/de\/product\/bohnen-900g-osman-food\/","name":"Bohnen 900g Osman Food - Yasmin Food","isPartOf":{"@id":"https:\/\/yasminfood.ch\/de\/#website"},"primaryImageOfPage":{"@id":"https:\/\/yasminfood.ch\/de\/product\/bohnen-900g-osman-food\/#primaryimage"},"image":{"@id":"https:\/\/yasminfood.ch\/de\/product\/bohnen-900g-osman-food\/#primaryimage"},"thumbnailUrl":"https:\/\/yasminfood.ch\/wp-content\/uploads\/2025\/05\/\u0641\u0627\u0635\u0648\u0644\u064a\u0627-\u062d\u0628-900\u063a-\u0639\u062b\u0645\u0627\u0646-\u0641\u0648\u062f.png","datePublished":"2025-05-16T00:01:26+00:00","dateModified":"2025-05-16T00:02:27+00:00","description":"Bohnen 900g Othman Food ist eine der Arten von H\u00fclsenfr\u00fcchten, die in der arabischen und westlichen K\u00fcche im \u00dcberfluss ber\u00fchmt sind, sie hat eine k\u00f6stliche Form und Geschmack Hauptgericht mit Reis","breadcrumb":{"@id":"https:\/\/yasminfood.ch\/de\/product\/bohnen-900g-osman-food\/#breadcrumb"},"inLanguage":"de","potentialAction":[{"@type":"ReadAction","target":["https:\/\/yasminfood.ch\/de\/product\/bohnen-900g-osman-food\/"]}]},{"@type":"ImageObject","inLanguage":"de","@id":"https:\/\/yasminfood.ch\/de\/product\/bohnen-900g-osman-food\/#primaryimage","url":"https:\/\/yasminfood.ch\/wp-content\/uploads\/2025\/05\/\u0641\u0627\u0635\u0648\u0644\u064a\u0627-\u062d\u0628-900\u063a-\u0639\u062b\u0645\u0627\u0646-\u0641\u0648\u062f.png","contentUrl":"https:\/\/yasminfood.ch\/wp-content\/uploads\/2025\/05\/\u0641\u0627\u0635\u0648\u0644\u064a\u0627-\u062d\u0628-900\u063a-\u0639\u062b\u0645\u0627\u0646-\u0641\u0648\u062f.png","width":1080,"height":1080},{"@type":"BreadcrumbList","@id":"https:\/\/yasminfood.ch\/de\/product\/bohnen-900g-osman-food\/#breadcrumb","itemListElement":[{"@type":"ListItem","position":1,"name":"\u0627\u0644\u0631\u0626\u064a\u0633\u064a\u0629","item":"https:\/\/yasminfood.ch\/de\/zuhause\/"},{"@type":"ListItem","position":2,"name":"Shop","item":"https:\/\/yasminfood.ch\/de\/shop\/"},{"@type":"ListItem","position":3,"name":"Reis &amp; Getreide","item":"https:\/\/yasminfood.ch\/de\/produkt-kategorie\/reis-getreide\/"},{"@type":"ListItem","position":4,"name":"Rohe Bohnen","item":"https:\/\/yasminfood.ch\/de\/produkt-kategorie\/reis-getreide\/rohe-bohnen\/"},{"@type":"ListItem","position":5,"name":"Bohnen 900g Osman Food"}]},{"@type":"WebSite","@id":"https:\/\/yasminfood.ch\/de\/#website","url":"https:\/\/yasminfood.ch\/de\/","name":"\u064a\u0627\u0633\u0645\u064a\u0646 \u0645\u0627\u0631\u0643\u062a","description":"Alles, was Sie brauchen, an einem Ort","publisher":{"@id":"https:\/\/yasminfood.ch\/de\/#organization"},"alternateName":"Yasmin Food","potentialAction":[{"@type":"SearchAction","target":{"@type":"EntryPoint","urlTemplate":"https:\/\/yasminfood.ch\/de\/?s={search_term_string}"},"query-input":{"@type":"PropertyValueSpecification","valueRequired":true,"valueName":"search_term_string"}}],"inLanguage":"de"},{"@type":"Organization","@id":"https:\/\/yasminfood.ch\/de\/#organization","name":"\u064a\u0627\u0633\u0645\u064a\u0646 \u0645\u0627\u0631\u0643\u062a","alternateName":"Yasmin Food","url":"https:\/\/yasminfood.ch\/de\/","logo":{"@type":"ImageObject","inLanguage":"de","@id":"https:\/\/yasminfood.ch\/de\/#\/schema\/logo\/image\/","url":"https:\/\/yasminfood.ch\/wp-content\/uploads\/2025\/05\/yasmin-food-header-logo.png","contentUrl":"https:\/\/yasminfood.ch\/wp-content\/uploads\/2025\/05\/yasmin-food-header-logo.png","width":330,"height":120,"caption":"\u064a\u0627\u0633\u0645\u064a\u0646 \u0645\u0627\u0631\u0643\u062a"},"image":{"@id":"https:\/\/yasminfood.ch\/de\/#\/schema\/logo\/image\/"},"sameAs":["https:\/\/www.facebook.com\/yasminmarkt1","https:\/\/www.tiktok.com\/@yasminmarkt","https:\/\/www.instagram.com\/yasmin.markt1\/","https:\/\/api.whatsapp.com\/send\/?phone=41799000104"],"publishingPrinciples":"https:\/\/yasminfood.ch\/de\/shop\/","ownershipFundingInfo":"https:\/\/yasminfood.ch\/de\/shop\/"}]},"product_price_amount":"4.95","product_price_currency":"CHF","og_availability":"instock","product_availability":"instock","product_condition":"new"},"jetpack_sharing_enabled":true,"_links":{"self":[{"href":"https:\/\/yasminfood.ch\/de\/wp-json\/wp\/v2\/product\/111000","targetHints":{"allow":["GET"]}}],"collection":[{"href":"https:\/\/yasminfood.ch\/de\/wp-json\/wp\/v2\/product"}],"about":[{"href":"https:\/\/yasminfood.ch\/de\/wp-json\/wp\/v2\/types\/product"}],"replies":[{"embeddable":true,"href":"https:\/\/yasminfood.ch\/de\/wp-json\/wp\/v2\/comments?post=111000"}],"version-history":[{"count":0,"href":"https:\/\/yasminfood.ch\/de\/wp-json\/wp\/v2\/product\/111000\/revisions"}],"wp:featuredmedia":[{"embeddable":true,"href":"https:\/\/yasminfood.ch\/de\/wp-json\/wp\/v2\/media\/110997"}],"wp:attachment":[{"href":"https:\/\/yasminfood.ch\/de\/wp-json\/wp\/v2\/media?parent=111000"}],"wp:term":[{"taxonomy":"product_brand","embeddable":true,"href":"https:\/\/yasminfood.ch\/de\/wp-json\/wp\/v2\/product_brand?post=111000"},{"taxonomy":"product_cat","embeddable":true,"href":"https:\/\/yasminfood.ch\/de\/wp-json\/wp\/v2\/product_cat?post=111000"},{"taxonomy":"product_tag","embeddable":true,"href":"https:\/\/yasminfood.ch\/de\/wp-json\/wp\/v2\/product_tag?post=111000"}],"curies":[{"name":"wp","href":"https:\/\/api.w.org\/{rel}","templated":true}]}}