{"id":111033,"date":"2025-05-16T10:18:36","date_gmt":"2025-05-16T08:18:36","guid":{"rendered":"https:\/\/yasminfood.ch\/product\/eingelegte-gurke-durra-1300g\/"},"modified":"2025-12-05T16:22:41","modified_gmt":"2025-12-05T15:22:41","slug":"eingelegte-gurke-durra-1300g","status":"publish","type":"product","link":"https:\/\/yasminfood.ch\/de\/product\/eingelegte-gurke-durra-1300g\/","title":{"rendered":"Eingelegte Gurke Durra 1250g"},"content":{"rendered":"<p><strong>Eingelegte Gurke Durra 1250g<\/strong><\/p>\n<ul>\n<li>\n<p data-start=\"101\" data-end=\"347\">Der authentische Geschmack der orientalischen Tafel!<br data-start=\"166\" data-end=\"169\">Eine knusprige und sorgf\u00e4ltig gepfl\u00fcckte Gurke, die auf traditionelle Weise eingelegt wird, um Ihnen einen ausgewogenen Geschmack zwischen S\u00e4ure und Salzigkeit zu verleihen. <br data-start=\"262\" data-end=\"265\">Servieren Sie es als Vorspeise zu Hauptgerichten oder als k\u00f6stliche Erg\u00e4nzung zu Sandwiches und t\u00e4glichen Gerichten. <\/p>\n<p data-start=\"349\" data-end=\"524\">\ud83e\udd52 <strong data-start=\"352\" data-end=\"364\">Marke:<\/strong> Al Durra<br data-start=\"370\" data-end=\"373\">\ud83e\udd52 <strong data-start=\"376\" data-end=\"393\">Nettogewicht:<\/strong> 1250 g<br data-start=\"403\" data-end=\"406\">\ud83e\udd52 <strong data-start=\"409\" data-end=\"419\">Typ:<\/strong> Ganze eingelegte Gurke<br data-start=\"434\" data-end=\"437\">\ud83e\udd52 <strong data-start=\"440\" data-end=\"451\">Paket:<\/strong> Luftdichtes Glas<\/p>\n<p data-start=\"526\" data-end=\"646\">\u2705 Nat\u00fcrlicher Geschmack ohne k\u00fcnstliche Konservierungsstoffe<br data-start=\"560\" data-end=\"563\">\u2705 Knusprige Textur und ausgewogener Geschmack<br data-start=\"589\" data-end=\"592\">\u2705 Perfekt f\u00fcr die \u00f6stliche und westliche K\u00fcche<br data-start=\"626\" data-end=\"629\">\u2705 Geeignet f\u00fcr Vegetarier<\/p>\n<p data-start=\"648\" data-end=\"750\">Verleihen Sie Ihrem Tisch einen besonderen Geschmack mit Durra Pickled Cucumber \u2013 jetzt erh\u00e4ltlich auf<\/p>\n<\/li>\n<\/ul>\n","protected":false},"excerpt":{"rendered":"<p><strong>Eingelegte Gurke Durra 1250g<\/strong><\/p>\n<ul>\n<li>\n<p data-start=\"101\" data-end=\"347\">Der authentische Geschmack der orientalischen Tafel!<br data-start=\"166\" data-end=\"169\">Eine knusprige und sorgf\u00e4ltig gepfl\u00fcckte Gurke, die auf traditionelle Weise eingelegt wird, um Ihnen einen ausgewogenen Geschmack zwischen S\u00e4ure und Salzigkeit zu verleihen. <\/p>\n<\/li>\n<\/ul>\n","protected":false},"featured_media":111027,"comment_status":"open","ping_status":"closed","template":"","meta":[],"product_brand":[],"product_cat":[257,245],"product_tag":[],"class_list":{"0":"post-111033","1":"product","2":"type-product","3":"status-publish","4":"has-post-thumbnail","6":"product_cat-eingelegtes-gemuse","7":"product_cat-konserven-lebensmittel","9":"first","10":"instock","11":"taxable","12":"shipping-taxable","13":"purchasable","14":"product-type-simple"},"yoast_head":"<!-- This site is optimized with the Yoast SEO Premium plugin v26.5 (Yoast SEO v27.3) - https:\/\/yoast.com\/product\/yoast-seo-premium-wordpress\/ -->\n<title>Eingelegte Gurke Durra 1250g - Yasmin Food<\/title>\n<meta name=\"description\" content=\"Genie\u00dfen Sie den wunderbaren Geschmack der eingelegten Gurken von Durra 1250g! Perfekt zu Ihren Hauptgerichten oder allt\u00e4glichen Sandwiches. \ud83e\udd52 Bestellen Sie es jetzt! Yasmin Food Eingelegte Gurke Durra 1250g\" \/>\n<meta name=\"robots\" content=\"index, follow, max-snippet:-1, max-image-preview:large, max-video-preview:-1\" \/>\n<link rel=\"canonical\" href=\"https:\/\/yasminfood.ch\/de\/product\/eingelegte-gurke-durra-1300g\/\" \/>\n<meta property=\"og:locale\" content=\"de_DE\" \/>\n<meta property=\"og:type\" content=\"article\" \/>\n<meta property=\"og:title\" content=\"Eingelegte Gurke Durra 1250g\" \/>\n<meta property=\"og:description\" content=\"Eingelegte Gurke Durra 1250g   Der authentische Geschmack der orientalischen Tafel!Eine knusprige und sorgf\u00e4ltig gepfl\u00fcckte Gurke, die auf traditionelle Weise eingelegt wird, um Ihnen einen ausgewogenen Geschmack zwischen S\u00e4ure und Salzigkeit zu verleihen.\" \/>\n<meta property=\"og:url\" content=\"https:\/\/yasminfood.ch\/de\/product\/eingelegte-gurke-durra-1300g\/\" \/>\n<meta property=\"og:site_name\" content=\"Yasmin Food\" \/>\n<meta property=\"article:publisher\" content=\"https:\/\/www.facebook.com\/yasminmarkt1\" \/>\n<meta property=\"article:modified_time\" content=\"2025-12-05T15:22:41+00:00\" \/>\n<meta property=\"og:image\" content=\"https:\/\/yasminfood.ch\/wp-content\/uploads\/2025\/05\/\u0645\u062e\u0644\u0644-\u062e\u064a\u0627\u0631-\u0627\u0644\u062f\u0631\u0629-1300\u063a-1.png\" \/>\n\t<meta property=\"og:image:width\" content=\"1080\" \/>\n\t<meta property=\"og:image:height\" content=\"1080\" \/>\n\t<meta property=\"og:image:type\" content=\"image\/png\" \/>\n<meta name=\"twitter:card\" content=\"summary_large_image\" \/>\n<meta name=\"twitter:label1\" content=\"Preis\" \/>\n\t<meta name=\"twitter:data1\" content=\"8.95&nbsp;&#067;&#072;&#070;\" \/>\n\t<meta name=\"twitter:label2\" content=\"Verf\u00fcgbarkeit\" \/>\n\t<meta name=\"twitter:data2\" content=\"Auf Lager\" \/>\n<script type=\"application\/ld+json\" class=\"yoast-schema-graph\">{\"@context\":\"https:\\\/\\\/schema.org\",\"@graph\":[{\"@type\":\"WebPage\",\"@id\":\"https:\\\/\\\/yasminfood.ch\\\/de\\\/product\\\/eingelegte-gurke-durra-1300g\\\/\",\"url\":\"https:\\\/\\\/yasminfood.ch\\\/de\\\/product\\\/eingelegte-gurke-durra-1300g\\\/\",\"name\":\"Eingelegte Gurke Durra 1250g - Yasmin Food\",\"isPartOf\":{\"@id\":\"https:\\\/\\\/yasminfood.ch\\\/de\\\/#website\"},\"primaryImageOfPage\":{\"@id\":\"https:\\\/\\\/yasminfood.ch\\\/de\\\/product\\\/eingelegte-gurke-durra-1300g\\\/#primaryimage\"},\"image\":{\"@id\":\"https:\\\/\\\/yasminfood.ch\\\/de\\\/product\\\/eingelegte-gurke-durra-1300g\\\/#primaryimage\"},\"thumbnailUrl\":\"https:\\\/\\\/yasminfood.ch\\\/wp-content\\\/uploads\\\/2025\\\/05\\\/\u0645\u062e\u0644\u0644-\u062e\u064a\u0627\u0631-\u0627\u0644\u062f\u0631\u0629-1300\u063a-1.png\",\"datePublished\":\"2025-05-16T08:18:36+00:00\",\"dateModified\":\"2025-12-05T15:22:41+00:00\",\"description\":\"Genie\u00dfen Sie den wunderbaren Geschmack der eingelegten Gurken von Durra 1250g! Perfekt zu Ihren Hauptgerichten oder allt\u00e4glichen Sandwiches. \ud83e\udd52 Bestellen Sie es jetzt! Yasmin Food Eingelegte Gurke Durra 1250g\",\"breadcrumb\":{\"@id\":\"https:\\\/\\\/yasminfood.ch\\\/de\\\/product\\\/eingelegte-gurke-durra-1300g\\\/#breadcrumb\"},\"inLanguage\":\"de\",\"potentialAction\":[{\"@type\":\"ReadAction\",\"target\":[\"https:\\\/\\\/yasminfood.ch\\\/de\\\/product\\\/eingelegte-gurke-durra-1300g\\\/\"]}]},{\"@type\":\"ImageObject\",\"inLanguage\":\"de\",\"@id\":\"https:\\\/\\\/yasminfood.ch\\\/de\\\/product\\\/eingelegte-gurke-durra-1300g\\\/#primaryimage\",\"url\":\"https:\\\/\\\/yasminfood.ch\\\/wp-content\\\/uploads\\\/2025\\\/05\\\/\u0645\u062e\u0644\u0644-\u062e\u064a\u0627\u0631-\u0627\u0644\u062f\u0631\u0629-1300\u063a-1.png\",\"contentUrl\":\"https:\\\/\\\/yasminfood.ch\\\/wp-content\\\/uploads\\\/2025\\\/05\\\/\u0645\u062e\u0644\u0644-\u062e\u064a\u0627\u0631-\u0627\u0644\u062f\u0631\u0629-1300\u063a-1.png\",\"width\":1080,\"height\":1080},{\"@type\":\"BreadcrumbList\",\"@id\":\"https:\\\/\\\/yasminfood.ch\\\/de\\\/product\\\/eingelegte-gurke-durra-1300g\\\/#breadcrumb\",\"itemListElement\":[{\"@type\":\"ListItem\",\"position\":1,\"name\":\"\u0627\u0644\u0631\u0626\u064a\u0633\u064a\u0629\",\"item\":\"https:\\\/\\\/yasminfood.ch\\\/de\\\/zuhause\\\/\"},{\"@type\":\"ListItem\",\"position\":2,\"name\":\"Shop\",\"item\":\"https:\\\/\\\/yasminfood.ch\\\/de\\\/shop\\\/\"},{\"@type\":\"ListItem\",\"position\":3,\"name\":\"Konserven - Lebensmittel\",\"item\":\"https:\\\/\\\/yasminfood.ch\\\/de\\\/produkt-kategorie\\\/konserven-lebensmittel\\\/\"},{\"@type\":\"ListItem\",\"position\":4,\"name\":\"Eingelegtes Gem\u00fcse\",\"item\":\"https:\\\/\\\/yasminfood.ch\\\/de\\\/produkt-kategorie\\\/konserven-lebensmittel\\\/eingelegtes-gemuse\\\/\"},{\"@type\":\"ListItem\",\"position\":5,\"name\":\"Eingelegte Gurke Durra 1250g\"}]},{\"@type\":\"WebSite\",\"@id\":\"https:\\\/\\\/yasminfood.ch\\\/de\\\/#website\",\"url\":\"https:\\\/\\\/yasminfood.ch\\\/de\\\/\",\"name\":\"\u064a\u0627\u0633\u0645\u064a\u0646 \u0645\u0627\u0631\u0643\u062a\",\"description\":\"Alles, was Sie brauchen, an einem Ort\",\"publisher\":{\"@id\":\"https:\\\/\\\/yasminfood.ch\\\/de\\\/#organization\"},\"alternateName\":\"Yasmin Food\",\"potentialAction\":[{\"@type\":\"SearchAction\",\"target\":{\"@type\":\"EntryPoint\",\"urlTemplate\":\"https:\\\/\\\/yasminfood.ch\\\/de\\\/?s={search_term_string}\"},\"query-input\":{\"@type\":\"PropertyValueSpecification\",\"valueRequired\":true,\"valueName\":\"search_term_string\"}}],\"inLanguage\":\"de\"},{\"@type\":\"Organization\",\"@id\":\"https:\\\/\\\/yasminfood.ch\\\/de\\\/#organization\",\"name\":\"\u064a\u0627\u0633\u0645\u064a\u0646 \u0645\u0627\u0631\u0643\u062a\",\"alternateName\":\"Yasmin Food\",\"url\":\"https:\\\/\\\/yasminfood.ch\\\/de\\\/\",\"logo\":{\"@type\":\"ImageObject\",\"inLanguage\":\"de\",\"@id\":\"https:\\\/\\\/yasminfood.ch\\\/de\\\/#\\\/schema\\\/logo\\\/image\\\/\",\"url\":\"https:\\\/\\\/yasminfood.ch\\\/wp-content\\\/uploads\\\/2025\\\/05\\\/yasmin-food-header-logo.png\",\"contentUrl\":\"https:\\\/\\\/yasminfood.ch\\\/wp-content\\\/uploads\\\/2025\\\/05\\\/yasmin-food-header-logo.png\",\"width\":330,\"height\":120,\"caption\":\"\u064a\u0627\u0633\u0645\u064a\u0646 \u0645\u0627\u0631\u0643\u062a\"},\"image\":{\"@id\":\"https:\\\/\\\/yasminfood.ch\\\/de\\\/#\\\/schema\\\/logo\\\/image\\\/\"},\"sameAs\":[\"https:\\\/\\\/www.facebook.com\\\/yasminmarkt1\",\"https:\\\/\\\/www.tiktok.com\\\/@yasminmarkt\",\"https:\\\/\\\/www.instagram.com\\\/yasmin.markt1\\\/\",\"https:\\\/\\\/api.whatsapp.com\\\/send\\\/?phone=41799000104\"],\"publishingPrinciples\":\"https:\\\/\\\/yasminfood.ch\\\/de\\\/shop\\\/\",\"ownershipFundingInfo\":\"https:\\\/\\\/yasminfood.ch\\\/de\\\/shop\\\/\"}]}<\/script>\n<meta property=\"product:price:amount\" content=\"8.95\" \/>\n<meta property=\"product:price:currency\" content=\"CHF\" \/>\n<meta property=\"og:availability\" content=\"instock\" \/>\n<meta property=\"product:availability\" content=\"instock\" \/>\n<meta property=\"product:condition\" content=\"new\" \/>\n<!-- \/ Yoast SEO Premium plugin. -->","yoast_head_json":{"title":"Eingelegte Gurke Durra 1250g - Yasmin Food","description":"Genie\u00dfen Sie den wunderbaren Geschmack der eingelegten Gurken von Durra 1250g! Perfekt zu Ihren Hauptgerichten oder allt\u00e4glichen Sandwiches. \ud83e\udd52 Bestellen Sie es jetzt! Yasmin Food Eingelegte Gurke Durra 1250g","robots":{"index":"index","follow":"follow","max-snippet":"max-snippet:-1","max-image-preview":"max-image-preview:large","max-video-preview":"max-video-preview:-1"},"canonical":"https:\/\/yasminfood.ch\/de\/product\/eingelegte-gurke-durra-1300g\/","og_locale":"de_DE","og_type":"article","og_title":"Eingelegte Gurke Durra 1250g","og_description":"Eingelegte Gurke Durra 1250g   Der authentische Geschmack der orientalischen Tafel!Eine knusprige und sorgf\u00e4ltig gepfl\u00fcckte Gurke, die auf traditionelle Weise eingelegt wird, um Ihnen einen ausgewogenen Geschmack zwischen S\u00e4ure und Salzigkeit zu verleihen.","og_url":"https:\/\/yasminfood.ch\/de\/product\/eingelegte-gurke-durra-1300g\/","og_site_name":"Yasmin Food","article_publisher":"https:\/\/www.facebook.com\/yasminmarkt1","article_modified_time":"2025-12-05T15:22:41+00:00","og_image":[{"width":1080,"height":1080,"url":"https:\/\/yasminfood.ch\/wp-content\/uploads\/2025\/05\/\u0645\u062e\u0644\u0644-\u062e\u064a\u0627\u0631-\u0627\u0644\u062f\u0631\u0629-1300\u063a-1.png","type":"image\/png"}],"twitter_card":"summary_large_image","twitter_misc":{"Preis":"8.95&nbsp;&#67;&#72;&#70;","Verf\u00fcgbarkeit":"Auf Lager"},"schema":{"@context":"https:\/\/schema.org","@graph":[{"@type":"WebPage","@id":"https:\/\/yasminfood.ch\/de\/product\/eingelegte-gurke-durra-1300g\/","url":"https:\/\/yasminfood.ch\/de\/product\/eingelegte-gurke-durra-1300g\/","name":"Eingelegte Gurke Durra 1250g - Yasmin Food","isPartOf":{"@id":"https:\/\/yasminfood.ch\/de\/#website"},"primaryImageOfPage":{"@id":"https:\/\/yasminfood.ch\/de\/product\/eingelegte-gurke-durra-1300g\/#primaryimage"},"image":{"@id":"https:\/\/yasminfood.ch\/de\/product\/eingelegte-gurke-durra-1300g\/#primaryimage"},"thumbnailUrl":"https:\/\/yasminfood.ch\/wp-content\/uploads\/2025\/05\/\u0645\u062e\u0644\u0644-\u062e\u064a\u0627\u0631-\u0627\u0644\u062f\u0631\u0629-1300\u063a-1.png","datePublished":"2025-05-16T08:18:36+00:00","dateModified":"2025-12-05T15:22:41+00:00","description":"Genie\u00dfen Sie den wunderbaren Geschmack der eingelegten Gurken von Durra 1250g! Perfekt zu Ihren Hauptgerichten oder allt\u00e4glichen Sandwiches. \ud83e\udd52 Bestellen Sie es jetzt! Yasmin Food Eingelegte Gurke Durra 1250g","breadcrumb":{"@id":"https:\/\/yasminfood.ch\/de\/product\/eingelegte-gurke-durra-1300g\/#breadcrumb"},"inLanguage":"de","potentialAction":[{"@type":"ReadAction","target":["https:\/\/yasminfood.ch\/de\/product\/eingelegte-gurke-durra-1300g\/"]}]},{"@type":"ImageObject","inLanguage":"de","@id":"https:\/\/yasminfood.ch\/de\/product\/eingelegte-gurke-durra-1300g\/#primaryimage","url":"https:\/\/yasminfood.ch\/wp-content\/uploads\/2025\/05\/\u0645\u062e\u0644\u0644-\u062e\u064a\u0627\u0631-\u0627\u0644\u062f\u0631\u0629-1300\u063a-1.png","contentUrl":"https:\/\/yasminfood.ch\/wp-content\/uploads\/2025\/05\/\u0645\u062e\u0644\u0644-\u062e\u064a\u0627\u0631-\u0627\u0644\u062f\u0631\u0629-1300\u063a-1.png","width":1080,"height":1080},{"@type":"BreadcrumbList","@id":"https:\/\/yasminfood.ch\/de\/product\/eingelegte-gurke-durra-1300g\/#breadcrumb","itemListElement":[{"@type":"ListItem","position":1,"name":"\u0627\u0644\u0631\u0626\u064a\u0633\u064a\u0629","item":"https:\/\/yasminfood.ch\/de\/zuhause\/"},{"@type":"ListItem","position":2,"name":"Shop","item":"https:\/\/yasminfood.ch\/de\/shop\/"},{"@type":"ListItem","position":3,"name":"Konserven - Lebensmittel","item":"https:\/\/yasminfood.ch\/de\/produkt-kategorie\/konserven-lebensmittel\/"},{"@type":"ListItem","position":4,"name":"Eingelegtes Gem\u00fcse","item":"https:\/\/yasminfood.ch\/de\/produkt-kategorie\/konserven-lebensmittel\/eingelegtes-gemuse\/"},{"@type":"ListItem","position":5,"name":"Eingelegte Gurke Durra 1250g"}]},{"@type":"WebSite","@id":"https:\/\/yasminfood.ch\/de\/#website","url":"https:\/\/yasminfood.ch\/de\/","name":"\u064a\u0627\u0633\u0645\u064a\u0646 \u0645\u0627\u0631\u0643\u062a","description":"Alles, was Sie brauchen, an einem Ort","publisher":{"@id":"https:\/\/yasminfood.ch\/de\/#organization"},"alternateName":"Yasmin Food","potentialAction":[{"@type":"SearchAction","target":{"@type":"EntryPoint","urlTemplate":"https:\/\/yasminfood.ch\/de\/?s={search_term_string}"},"query-input":{"@type":"PropertyValueSpecification","valueRequired":true,"valueName":"search_term_string"}}],"inLanguage":"de"},{"@type":"Organization","@id":"https:\/\/yasminfood.ch\/de\/#organization","name":"\u064a\u0627\u0633\u0645\u064a\u0646 \u0645\u0627\u0631\u0643\u062a","alternateName":"Yasmin Food","url":"https:\/\/yasminfood.ch\/de\/","logo":{"@type":"ImageObject","inLanguage":"de","@id":"https:\/\/yasminfood.ch\/de\/#\/schema\/logo\/image\/","url":"https:\/\/yasminfood.ch\/wp-content\/uploads\/2025\/05\/yasmin-food-header-logo.png","contentUrl":"https:\/\/yasminfood.ch\/wp-content\/uploads\/2025\/05\/yasmin-food-header-logo.png","width":330,"height":120,"caption":"\u064a\u0627\u0633\u0645\u064a\u0646 \u0645\u0627\u0631\u0643\u062a"},"image":{"@id":"https:\/\/yasminfood.ch\/de\/#\/schema\/logo\/image\/"},"sameAs":["https:\/\/www.facebook.com\/yasminmarkt1","https:\/\/www.tiktok.com\/@yasminmarkt","https:\/\/www.instagram.com\/yasmin.markt1\/","https:\/\/api.whatsapp.com\/send\/?phone=41799000104"],"publishingPrinciples":"https:\/\/yasminfood.ch\/de\/shop\/","ownershipFundingInfo":"https:\/\/yasminfood.ch\/de\/shop\/"}]},"product_price_amount":"8.95","product_price_currency":"CHF","og_availability":"instock","product_availability":"instock","product_condition":"new"},"jetpack_sharing_enabled":true,"_links":{"self":[{"href":"https:\/\/yasminfood.ch\/de\/wp-json\/wp\/v2\/product\/111033","targetHints":{"allow":["GET"]}}],"collection":[{"href":"https:\/\/yasminfood.ch\/de\/wp-json\/wp\/v2\/product"}],"about":[{"href":"https:\/\/yasminfood.ch\/de\/wp-json\/wp\/v2\/types\/product"}],"replies":[{"embeddable":true,"href":"https:\/\/yasminfood.ch\/de\/wp-json\/wp\/v2\/comments?post=111033"}],"version-history":[{"count":1,"href":"https:\/\/yasminfood.ch\/de\/wp-json\/wp\/v2\/product\/111033\/revisions"}],"predecessor-version":[{"id":118539,"href":"https:\/\/yasminfood.ch\/de\/wp-json\/wp\/v2\/product\/111033\/revisions\/118539"}],"wp:featuredmedia":[{"embeddable":true,"href":"https:\/\/yasminfood.ch\/de\/wp-json\/wp\/v2\/media\/111027"}],"wp:attachment":[{"href":"https:\/\/yasminfood.ch\/de\/wp-json\/wp\/v2\/media?parent=111033"}],"wp:term":[{"taxonomy":"product_brand","embeddable":true,"href":"https:\/\/yasminfood.ch\/de\/wp-json\/wp\/v2\/product_brand?post=111033"},{"taxonomy":"product_cat","embeddable":true,"href":"https:\/\/yasminfood.ch\/de\/wp-json\/wp\/v2\/product_cat?post=111033"},{"taxonomy":"product_tag","embeddable":true,"href":"https:\/\/yasminfood.ch\/de\/wp-json\/wp\/v2\/product_tag?post=111033"}],"curies":[{"name":"wp","href":"https:\/\/api.w.org\/{rel}","templated":true}]}}