{"id":111051,"date":"2025-05-16T10:41:54","date_gmt":"2025-05-16T08:41:54","guid":{"rendered":"https:\/\/yasminfood.ch\/product\/yamama-bluetenwasser-300-ml\/"},"modified":"2026-02-22T10:32:09","modified_gmt":"2026-02-22T09:32:09","slug":"yamama-bluetenwasser-300-ml","status":"publish","type":"product","link":"https:\/\/yasminfood.ch\/de\/product\/yamama-bluetenwasser-300-ml\/","title":{"rendered":"Yamama Bl\u00fctenwasser 300 ml"},"content":{"rendered":"<p>Yamama Bl\u00fctenwasser 300 ml Transparente Farbe und duftender Geruch, der ein Gef\u00fchl der Entspannung vermittelt, Bl\u00fctenwasser wird aus Rosen gewonnen und S\u00fc\u00dfigkeiten zugesetzt und verleiht ihm einen k\u00f6stlichen Geschmack und angenehmen Geruch, Rosenwasser war in der Vergangenheit f\u00fcr seine medizinischen und kosmetischen Vorteile bekannt, es ist ein n\u00e4hrendes Reinigungsmittel f\u00fcr die Haut und es hat eine hohe Bedeutung bei der Vorbeugung von Keimen und bei der Wundheilung, Yamama Bl\u00fctenwasser wird in einem versiegelten Plastikbeh\u00e4lter aufbewahrt, um eine gute Lagerung und hohe Qualit\u00e4t zu gew\u00e4hrleisten.<\/p>\n","protected":false},"excerpt":{"rendered":"<p>Yamama Bl\u00fctenwasser 300 ml Transparente Farbe und duftender Geruch, der ein Gef\u00fchl der Entspannung vermittelt, Bl\u00fctenwasser wird aus Rosen gewonnen<\/p>\n","protected":false},"featured_media":111049,"comment_status":"open","ping_status":"closed","template":"","meta":[],"product_brand":[],"product_cat":[367,381],"product_tag":[],"class_list":{"0":"post-111051","1":"product","2":"type-product","3":"status-publish","4":"has-post-thumbnail","6":"product_cat-getraenke-fluessigkeiten","7":"product_cat-rosenwasser","9":"first","10":"instock","11":"taxable","12":"shipping-taxable","13":"purchasable","14":"product-type-simple"},"yoast_head":"<!-- This site is optimized with the Yoast SEO Premium plugin v26.5 (Yoast SEO v27.3) - https:\/\/yoast.com\/product\/yoast-seo-premium-wordpress\/ -->\n<title>Yamama Bl\u00fctenwasser 300 ml - Yasmin Food<\/title>\n<meta name=\"description\" content=\"Yamama Bl\u00fctenwasser 300 ml Transparente Farbe und duftender Duft, der ein Gef\u00fchl der Entspannung vermittelt, Bl\u00fctenwasser wird aus den Rosen gewonnen und S\u00fc\u00dfigkeiten zugesetzt, um ihnen einen k\u00f6stlichen Geschmack und ein angenehmes Aroma zu verleihen\" \/>\n<meta name=\"robots\" content=\"index, follow, max-snippet:-1, max-image-preview:large, max-video-preview:-1\" \/>\n<link rel=\"canonical\" href=\"https:\/\/yasminfood.ch\/de\/product\/yamama-bluetenwasser-300-ml\/\" \/>\n<meta property=\"og:locale\" content=\"de_DE\" \/>\n<meta property=\"og:type\" content=\"article\" \/>\n<meta property=\"og:title\" content=\"Yamama Bl\u00fctenwasser 300 ml\" \/>\n<meta property=\"og:description\" content=\"Yamama Bl\u00fctenwasser 300 ml Transparente Farbe und duftender Geruch, der ein Gef\u00fchl der Entspannung vermittelt, Bl\u00fctenwasser wird aus Rosen gewonnen und\" \/>\n<meta property=\"og:url\" content=\"https:\/\/yasminfood.ch\/de\/product\/yamama-bluetenwasser-300-ml\/\" \/>\n<meta property=\"og:site_name\" content=\"Yasmin Food\" \/>\n<meta property=\"article:publisher\" content=\"https:\/\/www.facebook.com\/yasminmarkt1\" \/>\n<meta property=\"article:modified_time\" content=\"2026-02-22T09:32:09+00:00\" \/>\n<meta property=\"og:image\" content=\"https:\/\/yasminfood.ch\/wp-content\/uploads\/2025\/05\/\u0645\u0627\u0621-\u0627\u0644\u0632\u0647\u0631-\u064a\u0645\u0627\u0645\u0629-300-\u0645\u0644.png\" \/>\n\t<meta property=\"og:image:width\" content=\"1080\" \/>\n\t<meta property=\"og:image:height\" content=\"1080\" \/>\n\t<meta property=\"og:image:type\" content=\"image\/png\" \/>\n<meta name=\"twitter:card\" content=\"summary_large_image\" \/>\n<meta name=\"twitter:label1\" content=\"Preis\" \/>\n\t<meta name=\"twitter:data1\" content=\"3.50&nbsp;&#067;&#072;&#070;\" \/>\n\t<meta name=\"twitter:label2\" content=\"Verf\u00fcgbarkeit\" \/>\n\t<meta name=\"twitter:data2\" content=\"Auf Lager\" \/>\n<script type=\"application\/ld+json\" class=\"yoast-schema-graph\">{\"@context\":\"https:\\\/\\\/schema.org\",\"@graph\":[{\"@type\":\"WebPage\",\"@id\":\"https:\\\/\\\/yasminfood.ch\\\/de\\\/product\\\/yamama-bluetenwasser-300-ml\\\/\",\"url\":\"https:\\\/\\\/yasminfood.ch\\\/de\\\/product\\\/yamama-bluetenwasser-300-ml\\\/\",\"name\":\"Yamama Bl\u00fctenwasser 300 ml - Yasmin Food\",\"isPartOf\":{\"@id\":\"https:\\\/\\\/yasminfood.ch\\\/de\\\/#website\"},\"primaryImageOfPage\":{\"@id\":\"https:\\\/\\\/yasminfood.ch\\\/de\\\/product\\\/yamama-bluetenwasser-300-ml\\\/#primaryimage\"},\"image\":{\"@id\":\"https:\\\/\\\/yasminfood.ch\\\/de\\\/product\\\/yamama-bluetenwasser-300-ml\\\/#primaryimage\"},\"thumbnailUrl\":\"https:\\\/\\\/yasminfood.ch\\\/wp-content\\\/uploads\\\/2025\\\/05\\\/\u0645\u0627\u0621-\u0627\u0644\u0632\u0647\u0631-\u064a\u0645\u0627\u0645\u0629-300-\u0645\u0644.png\",\"datePublished\":\"2025-05-16T08:41:54+00:00\",\"dateModified\":\"2026-02-22T09:32:09+00:00\",\"description\":\"Yamama Bl\u00fctenwasser 300 ml Transparente Farbe und duftender Duft, der ein Gef\u00fchl der Entspannung vermittelt, Bl\u00fctenwasser wird aus den Rosen gewonnen und S\u00fc\u00dfigkeiten zugesetzt, um ihnen einen k\u00f6stlichen Geschmack und ein angenehmes Aroma zu verleihen\",\"breadcrumb\":{\"@id\":\"https:\\\/\\\/yasminfood.ch\\\/de\\\/product\\\/yamama-bluetenwasser-300-ml\\\/#breadcrumb\"},\"inLanguage\":\"de\",\"potentialAction\":[{\"@type\":\"ReadAction\",\"target\":[\"https:\\\/\\\/yasminfood.ch\\\/de\\\/product\\\/yamama-bluetenwasser-300-ml\\\/\"]}]},{\"@type\":\"ImageObject\",\"inLanguage\":\"de\",\"@id\":\"https:\\\/\\\/yasminfood.ch\\\/de\\\/product\\\/yamama-bluetenwasser-300-ml\\\/#primaryimage\",\"url\":\"https:\\\/\\\/yasminfood.ch\\\/wp-content\\\/uploads\\\/2025\\\/05\\\/\u0645\u0627\u0621-\u0627\u0644\u0632\u0647\u0631-\u064a\u0645\u0627\u0645\u0629-300-\u0645\u0644.png\",\"contentUrl\":\"https:\\\/\\\/yasminfood.ch\\\/wp-content\\\/uploads\\\/2025\\\/05\\\/\u0645\u0627\u0621-\u0627\u0644\u0632\u0647\u0631-\u064a\u0645\u0627\u0645\u0629-300-\u0645\u0644.png\",\"width\":1080,\"height\":1080,\"caption\":\"\u0645\u0627\u0621 \u0627\u0644\u0632\u0647\u0631 \u064a\u0645\u0627\u0645\u0629 300 \u0645\u0644\"},{\"@type\":\"BreadcrumbList\",\"@id\":\"https:\\\/\\\/yasminfood.ch\\\/de\\\/product\\\/yamama-bluetenwasser-300-ml\\\/#breadcrumb\",\"itemListElement\":[{\"@type\":\"ListItem\",\"position\":1,\"name\":\"\u0627\u0644\u0631\u0626\u064a\u0633\u064a\u0629\",\"item\":\"https:\\\/\\\/yasminfood.ch\\\/de\\\/zuhause\\\/\"},{\"@type\":\"ListItem\",\"position\":2,\"name\":\"Shop\",\"item\":\"https:\\\/\\\/yasminfood.ch\\\/de\\\/shop\\\/\"},{\"@type\":\"ListItem\",\"position\":3,\"name\":\"Getr\u00e4nke &amp; Fl\u00fcssigkeiten\",\"item\":\"https:\\\/\\\/yasminfood.ch\\\/de\\\/produkt-kategorie\\\/getraenke-fluessigkeiten\\\/\"},{\"@type\":\"ListItem\",\"position\":4,\"name\":\"Yamama Bl\u00fctenwasser 300 ml\"}]},{\"@type\":\"WebSite\",\"@id\":\"https:\\\/\\\/yasminfood.ch\\\/de\\\/#website\",\"url\":\"https:\\\/\\\/yasminfood.ch\\\/de\\\/\",\"name\":\"\u064a\u0627\u0633\u0645\u064a\u0646 \u0645\u0627\u0631\u0643\u062a\",\"description\":\"Alles, was Sie brauchen, an einem Ort\",\"publisher\":{\"@id\":\"https:\\\/\\\/yasminfood.ch\\\/de\\\/#organization\"},\"alternateName\":\"Yasmin Food\",\"potentialAction\":[{\"@type\":\"SearchAction\",\"target\":{\"@type\":\"EntryPoint\",\"urlTemplate\":\"https:\\\/\\\/yasminfood.ch\\\/de\\\/?s={search_term_string}\"},\"query-input\":{\"@type\":\"PropertyValueSpecification\",\"valueRequired\":true,\"valueName\":\"search_term_string\"}}],\"inLanguage\":\"de\"},{\"@type\":\"Organization\",\"@id\":\"https:\\\/\\\/yasminfood.ch\\\/de\\\/#organization\",\"name\":\"\u064a\u0627\u0633\u0645\u064a\u0646 \u0645\u0627\u0631\u0643\u062a\",\"alternateName\":\"Yasmin Food\",\"url\":\"https:\\\/\\\/yasminfood.ch\\\/de\\\/\",\"logo\":{\"@type\":\"ImageObject\",\"inLanguage\":\"de\",\"@id\":\"https:\\\/\\\/yasminfood.ch\\\/de\\\/#\\\/schema\\\/logo\\\/image\\\/\",\"url\":\"https:\\\/\\\/yasminfood.ch\\\/wp-content\\\/uploads\\\/2025\\\/05\\\/yasmin-food-header-logo.png\",\"contentUrl\":\"https:\\\/\\\/yasminfood.ch\\\/wp-content\\\/uploads\\\/2025\\\/05\\\/yasmin-food-header-logo.png\",\"width\":330,\"height\":120,\"caption\":\"\u064a\u0627\u0633\u0645\u064a\u0646 \u0645\u0627\u0631\u0643\u062a\"},\"image\":{\"@id\":\"https:\\\/\\\/yasminfood.ch\\\/de\\\/#\\\/schema\\\/logo\\\/image\\\/\"},\"sameAs\":[\"https:\\\/\\\/www.facebook.com\\\/yasminmarkt1\",\"https:\\\/\\\/www.tiktok.com\\\/@yasminmarkt\",\"https:\\\/\\\/www.instagram.com\\\/yasmin.markt1\\\/\",\"https:\\\/\\\/api.whatsapp.com\\\/send\\\/?phone=41799000104\"],\"publishingPrinciples\":\"https:\\\/\\\/yasminfood.ch\\\/de\\\/shop\\\/\",\"ownershipFundingInfo\":\"https:\\\/\\\/yasminfood.ch\\\/de\\\/shop\\\/\"}]}<\/script>\n<meta property=\"product:price:amount\" content=\"3.50\" \/>\n<meta property=\"product:price:currency\" content=\"CHF\" \/>\n<meta property=\"og:availability\" content=\"instock\" \/>\n<meta property=\"product:availability\" content=\"instock\" \/>\n<meta property=\"product:condition\" content=\"new\" \/>\n<!-- \/ Yoast SEO Premium plugin. -->","yoast_head_json":{"title":"Yamama Bl\u00fctenwasser 300 ml - Yasmin Food","description":"Yamama Bl\u00fctenwasser 300 ml Transparente Farbe und duftender Duft, der ein Gef\u00fchl der Entspannung vermittelt, Bl\u00fctenwasser wird aus den Rosen gewonnen und S\u00fc\u00dfigkeiten zugesetzt, um ihnen einen k\u00f6stlichen Geschmack und ein angenehmes Aroma zu verleihen","robots":{"index":"index","follow":"follow","max-snippet":"max-snippet:-1","max-image-preview":"max-image-preview:large","max-video-preview":"max-video-preview:-1"},"canonical":"https:\/\/yasminfood.ch\/de\/product\/yamama-bluetenwasser-300-ml\/","og_locale":"de_DE","og_type":"article","og_title":"Yamama Bl\u00fctenwasser 300 ml","og_description":"Yamama Bl\u00fctenwasser 300 ml Transparente Farbe und duftender Geruch, der ein Gef\u00fchl der Entspannung vermittelt, Bl\u00fctenwasser wird aus Rosen gewonnen und","og_url":"https:\/\/yasminfood.ch\/de\/product\/yamama-bluetenwasser-300-ml\/","og_site_name":"Yasmin Food","article_publisher":"https:\/\/www.facebook.com\/yasminmarkt1","article_modified_time":"2026-02-22T09:32:09+00:00","og_image":[{"width":1080,"height":1080,"url":"https:\/\/yasminfood.ch\/wp-content\/uploads\/2025\/05\/\u0645\u0627\u0621-\u0627\u0644\u0632\u0647\u0631-\u064a\u0645\u0627\u0645\u0629-300-\u0645\u0644.png","type":"image\/png"}],"twitter_card":"summary_large_image","twitter_misc":{"Preis":"3.50&nbsp;&#67;&#72;&#70;","Verf\u00fcgbarkeit":"Auf Lager"},"schema":{"@context":"https:\/\/schema.org","@graph":[{"@type":"WebPage","@id":"https:\/\/yasminfood.ch\/de\/product\/yamama-bluetenwasser-300-ml\/","url":"https:\/\/yasminfood.ch\/de\/product\/yamama-bluetenwasser-300-ml\/","name":"Yamama Bl\u00fctenwasser 300 ml - Yasmin Food","isPartOf":{"@id":"https:\/\/yasminfood.ch\/de\/#website"},"primaryImageOfPage":{"@id":"https:\/\/yasminfood.ch\/de\/product\/yamama-bluetenwasser-300-ml\/#primaryimage"},"image":{"@id":"https:\/\/yasminfood.ch\/de\/product\/yamama-bluetenwasser-300-ml\/#primaryimage"},"thumbnailUrl":"https:\/\/yasminfood.ch\/wp-content\/uploads\/2025\/05\/\u0645\u0627\u0621-\u0627\u0644\u0632\u0647\u0631-\u064a\u0645\u0627\u0645\u0629-300-\u0645\u0644.png","datePublished":"2025-05-16T08:41:54+00:00","dateModified":"2026-02-22T09:32:09+00:00","description":"Yamama Bl\u00fctenwasser 300 ml Transparente Farbe und duftender Duft, der ein Gef\u00fchl der Entspannung vermittelt, Bl\u00fctenwasser wird aus den Rosen gewonnen und S\u00fc\u00dfigkeiten zugesetzt, um ihnen einen k\u00f6stlichen Geschmack und ein angenehmes Aroma zu verleihen","breadcrumb":{"@id":"https:\/\/yasminfood.ch\/de\/product\/yamama-bluetenwasser-300-ml\/#breadcrumb"},"inLanguage":"de","potentialAction":[{"@type":"ReadAction","target":["https:\/\/yasminfood.ch\/de\/product\/yamama-bluetenwasser-300-ml\/"]}]},{"@type":"ImageObject","inLanguage":"de","@id":"https:\/\/yasminfood.ch\/de\/product\/yamama-bluetenwasser-300-ml\/#primaryimage","url":"https:\/\/yasminfood.ch\/wp-content\/uploads\/2025\/05\/\u0645\u0627\u0621-\u0627\u0644\u0632\u0647\u0631-\u064a\u0645\u0627\u0645\u0629-300-\u0645\u0644.png","contentUrl":"https:\/\/yasminfood.ch\/wp-content\/uploads\/2025\/05\/\u0645\u0627\u0621-\u0627\u0644\u0632\u0647\u0631-\u064a\u0645\u0627\u0645\u0629-300-\u0645\u0644.png","width":1080,"height":1080,"caption":"\u0645\u0627\u0621 \u0627\u0644\u0632\u0647\u0631 \u064a\u0645\u0627\u0645\u0629 300 \u0645\u0644"},{"@type":"BreadcrumbList","@id":"https:\/\/yasminfood.ch\/de\/product\/yamama-bluetenwasser-300-ml\/#breadcrumb","itemListElement":[{"@type":"ListItem","position":1,"name":"\u0627\u0644\u0631\u0626\u064a\u0633\u064a\u0629","item":"https:\/\/yasminfood.ch\/de\/zuhause\/"},{"@type":"ListItem","position":2,"name":"Shop","item":"https:\/\/yasminfood.ch\/de\/shop\/"},{"@type":"ListItem","position":3,"name":"Getr\u00e4nke &amp; Fl\u00fcssigkeiten","item":"https:\/\/yasminfood.ch\/de\/produkt-kategorie\/getraenke-fluessigkeiten\/"},{"@type":"ListItem","position":4,"name":"Yamama Bl\u00fctenwasser 300 ml"}]},{"@type":"WebSite","@id":"https:\/\/yasminfood.ch\/de\/#website","url":"https:\/\/yasminfood.ch\/de\/","name":"\u064a\u0627\u0633\u0645\u064a\u0646 \u0645\u0627\u0631\u0643\u062a","description":"Alles, was Sie brauchen, an einem Ort","publisher":{"@id":"https:\/\/yasminfood.ch\/de\/#organization"},"alternateName":"Yasmin Food","potentialAction":[{"@type":"SearchAction","target":{"@type":"EntryPoint","urlTemplate":"https:\/\/yasminfood.ch\/de\/?s={search_term_string}"},"query-input":{"@type":"PropertyValueSpecification","valueRequired":true,"valueName":"search_term_string"}}],"inLanguage":"de"},{"@type":"Organization","@id":"https:\/\/yasminfood.ch\/de\/#organization","name":"\u064a\u0627\u0633\u0645\u064a\u0646 \u0645\u0627\u0631\u0643\u062a","alternateName":"Yasmin Food","url":"https:\/\/yasminfood.ch\/de\/","logo":{"@type":"ImageObject","inLanguage":"de","@id":"https:\/\/yasminfood.ch\/de\/#\/schema\/logo\/image\/","url":"https:\/\/yasminfood.ch\/wp-content\/uploads\/2025\/05\/yasmin-food-header-logo.png","contentUrl":"https:\/\/yasminfood.ch\/wp-content\/uploads\/2025\/05\/yasmin-food-header-logo.png","width":330,"height":120,"caption":"\u064a\u0627\u0633\u0645\u064a\u0646 \u0645\u0627\u0631\u0643\u062a"},"image":{"@id":"https:\/\/yasminfood.ch\/de\/#\/schema\/logo\/image\/"},"sameAs":["https:\/\/www.facebook.com\/yasminmarkt1","https:\/\/www.tiktok.com\/@yasminmarkt","https:\/\/www.instagram.com\/yasmin.markt1\/","https:\/\/api.whatsapp.com\/send\/?phone=41799000104"],"publishingPrinciples":"https:\/\/yasminfood.ch\/de\/shop\/","ownershipFundingInfo":"https:\/\/yasminfood.ch\/de\/shop\/"}]},"product_price_amount":"3.50","product_price_currency":"CHF","og_availability":"instock","product_availability":"instock","product_condition":"new"},"jetpack_sharing_enabled":true,"_links":{"self":[{"href":"https:\/\/yasminfood.ch\/de\/wp-json\/wp\/v2\/product\/111051","targetHints":{"allow":["GET"]}}],"collection":[{"href":"https:\/\/yasminfood.ch\/de\/wp-json\/wp\/v2\/product"}],"about":[{"href":"https:\/\/yasminfood.ch\/de\/wp-json\/wp\/v2\/types\/product"}],"replies":[{"embeddable":true,"href":"https:\/\/yasminfood.ch\/de\/wp-json\/wp\/v2\/comments?post=111051"}],"version-history":[{"count":0,"href":"https:\/\/yasminfood.ch\/de\/wp-json\/wp\/v2\/product\/111051\/revisions"}],"wp:featuredmedia":[{"embeddable":true,"href":"https:\/\/yasminfood.ch\/de\/wp-json\/wp\/v2\/media\/111049"}],"wp:attachment":[{"href":"https:\/\/yasminfood.ch\/de\/wp-json\/wp\/v2\/media?parent=111051"}],"wp:term":[{"taxonomy":"product_brand","embeddable":true,"href":"https:\/\/yasminfood.ch\/de\/wp-json\/wp\/v2\/product_brand?post=111051"},{"taxonomy":"product_cat","embeddable":true,"href":"https:\/\/yasminfood.ch\/de\/wp-json\/wp\/v2\/product_cat?post=111051"},{"taxonomy":"product_tag","embeddable":true,"href":"https:\/\/yasminfood.ch\/de\/wp-json\/wp\/v2\/product_tag?post=111051"}],"curies":[{"name":"wp","href":"https:\/\/api.w.org\/{rel}","templated":true}]}}