{"id":111131,"date":"2025-05-16T12:06:58","date_gmt":"2025-05-16T10:06:58","guid":{"rendered":"https:\/\/yasminfood.ch\/product\/makdous-1300gr-jana\/"},"modified":"2026-03-30T14:07:56","modified_gmt":"2026-03-30T12:07:56","slug":"makdous-1300gr-jana","status":"publish","type":"product","link":"https:\/\/yasminfood.ch\/de\/product\/makdous-1300gr-jana\/","title":{"rendered":"Makdous Khairat Al Rayyan 1300gr"},"content":{"rendered":"<p><strong>Makdous Khairat Al Rayyan 1300gr<\/strong><\/p>\n<ul>\n<li>Makdous ist eines der k\u00f6stlichsten Speisen und Snacks, die den Tisch schm\u00fccken \u2013 das liebt jeder<\/li>\n<li>Es besteht aus Auberginen, Waln\u00fcssen, rotem Pfeffer und Knoblauch und wird in Oliven\u00f6l getaucht.<\/li>\n<li>Und diese Zutaten zusammen ergeben einen unwiderstehlichen Geschmack,<\/li>\n<li>Dar\u00fcber hinaus bietet es dem K\u00f6rper unz\u00e4hlige gro\u00dfartige Vorteile und wurde auf die beste Weise konserviert, um ihn und seinen Geschmack intakt zu erhalten. <\/li>\n<\/ul>\n","protected":false},"excerpt":{"rendered":"<p><strong>Makdous Khairat Al Rayyan 1300gr<\/strong><\/p>\n<ul>\n<li>Makdous ist eines der k\u00f6stlichsten Speisen und Snacks, die den Tisch schm\u00fccken \u2013 das liebt jeder<\/li>\n<li>Es besteht aus Auberginen, Waln\u00fcssen, rotem Pfeffer und Knoblauch und wird in Oliven\u00f6l getaucht.<\/li>\n<\/ul>\n","protected":false},"featured_media":111129,"comment_status":"open","ping_status":"closed","template":"","meta":[],"product_brand":[],"product_cat":[245,263],"product_tag":[],"class_list":{"0":"post-111131","1":"product","2":"type-product","3":"status-publish","4":"has-post-thumbnail","6":"product_cat-konserven-lebensmittel","7":"product_cat-makdous-de","9":"first","10":"instock","11":"taxable","12":"shipping-taxable","13":"purchasable","14":"product-type-simple"},"yoast_head":"<!-- This site is optimized with the Yoast SEO Premium plugin v26.5 (Yoast SEO v27.4) - https:\/\/yoast.com\/product\/yoast-seo-premium-wordpress\/ -->\n<title>Makdous Khairat Al Rayyan 1300gr - Yasmin Food<\/title>\n<meta name=\"description\" content=\"Makdous Khairat Al Rayyan 1300gr Makdous ist eines der k\u00f6stlichsten Lebensmittel und einer der Snacks, die den Tisch schm\u00fccken, den jeder liebt, da er aus Auberginen, Waln\u00fcssen und Paprika besteht.\" \/>\n<meta name=\"robots\" content=\"index, follow, max-snippet:-1, max-image-preview:large, max-video-preview:-1\" \/>\n<link rel=\"canonical\" href=\"https:\/\/yasminfood.ch\/de\/product\/makdous-1300gr-jana\/\" \/>\n<meta property=\"og:locale\" content=\"de_DE\" \/>\n<meta property=\"og:type\" content=\"article\" \/>\n<meta property=\"og:title\" content=\"Makdous Khairat Al Rayyan 1300gr\" \/>\n<meta property=\"og:description\" content=\"Makdous Khairat Al Rayyan 1300gr  Makdous ist eines der k\u00f6stlichsten Speisen und Snacks, die den Tisch schm\u00fccken \u2013 das liebt jeder  Es besteht aus Auberginen, Waln\u00fcssen, rotem Pfeffer und Knoblauch und wird in Oliven\u00f6l getaucht.\" \/>\n<meta property=\"og:url\" content=\"https:\/\/yasminfood.ch\/de\/product\/makdous-1300gr-jana\/\" \/>\n<meta property=\"og:site_name\" content=\"Yasmin Food\" \/>\n<meta property=\"article:publisher\" content=\"https:\/\/www.facebook.com\/yasminmarkt1\" \/>\n<meta property=\"article:modified_time\" content=\"2026-03-30T12:07:56+00:00\" \/>\n<meta property=\"og:image\" content=\"https:\/\/yasminfood.ch\/wp-content\/uploads\/2025\/05\/\u0645\u0643\u062f\u0648\u0633-1300gr-\u062c\u0646\u0649.png\" \/>\n\t<meta property=\"og:image:width\" content=\"1080\" \/>\n\t<meta property=\"og:image:height\" content=\"1080\" \/>\n\t<meta property=\"og:image:type\" content=\"image\/png\" \/>\n<meta name=\"twitter:card\" content=\"summary_large_image\" \/>\n<meta name=\"twitter:label1\" content=\"Preis\" \/>\n\t<meta name=\"twitter:data1\" content=\"22.00&nbsp;&#067;&#072;&#070;\" \/>\n\t<meta name=\"twitter:label2\" content=\"Verf\u00fcgbarkeit\" \/>\n\t<meta name=\"twitter:data2\" content=\"Auf Lager\" \/>\n<script type=\"application\/ld+json\" class=\"yoast-schema-graph\">{\"@context\":\"https:\\\/\\\/schema.org\",\"@graph\":[{\"@type\":\"WebPage\",\"@id\":\"https:\\\/\\\/yasminfood.ch\\\/de\\\/product\\\/makdous-1300gr-jana\\\/\",\"url\":\"https:\\\/\\\/yasminfood.ch\\\/de\\\/product\\\/makdous-1300gr-jana\\\/\",\"name\":\"Makdous Khairat Al Rayyan 1300gr - Yasmin Food\",\"isPartOf\":{\"@id\":\"https:\\\/\\\/yasminfood.ch\\\/de\\\/#website\"},\"primaryImageOfPage\":{\"@id\":\"https:\\\/\\\/yasminfood.ch\\\/de\\\/product\\\/makdous-1300gr-jana\\\/#primaryimage\"},\"image\":{\"@id\":\"https:\\\/\\\/yasminfood.ch\\\/de\\\/product\\\/makdous-1300gr-jana\\\/#primaryimage\"},\"thumbnailUrl\":\"https:\\\/\\\/yasminfood.ch\\\/wp-content\\\/uploads\\\/2025\\\/05\\\/\u0645\u0643\u062f\u0648\u0633-1300gr-\u062c\u0646\u0649.png\",\"datePublished\":\"2025-05-16T10:06:58+00:00\",\"dateModified\":\"2026-03-30T12:07:56+00:00\",\"description\":\"Makdous Khairat Al Rayyan 1300gr Makdous ist eines der k\u00f6stlichsten Lebensmittel und einer der Snacks, die den Tisch schm\u00fccken, den jeder liebt, da er aus Auberginen, Waln\u00fcssen und Paprika besteht.\",\"breadcrumb\":{\"@id\":\"https:\\\/\\\/yasminfood.ch\\\/de\\\/product\\\/makdous-1300gr-jana\\\/#breadcrumb\"},\"inLanguage\":\"de\",\"potentialAction\":[{\"@type\":\"ReadAction\",\"target\":[\"https:\\\/\\\/yasminfood.ch\\\/de\\\/product\\\/makdous-1300gr-jana\\\/\"]}]},{\"@type\":\"ImageObject\",\"inLanguage\":\"de\",\"@id\":\"https:\\\/\\\/yasminfood.ch\\\/de\\\/product\\\/makdous-1300gr-jana\\\/#primaryimage\",\"url\":\"https:\\\/\\\/yasminfood.ch\\\/wp-content\\\/uploads\\\/2025\\\/05\\\/\u0645\u0643\u062f\u0648\u0633-1300gr-\u062c\u0646\u0649.png\",\"contentUrl\":\"https:\\\/\\\/yasminfood.ch\\\/wp-content\\\/uploads\\\/2025\\\/05\\\/\u0645\u0643\u062f\u0648\u0633-1300gr-\u062c\u0646\u0649.png\",\"width\":1080,\"height\":1080,\"caption\":\"Makdous Khairat Al Rayyan 1300gr\"},{\"@type\":\"BreadcrumbList\",\"@id\":\"https:\\\/\\\/yasminfood.ch\\\/de\\\/product\\\/makdous-1300gr-jana\\\/#breadcrumb\",\"itemListElement\":[{\"@type\":\"ListItem\",\"position\":1,\"name\":\"\u0627\u0644\u0631\u0626\u064a\u0633\u064a\u0629\",\"item\":\"https:\\\/\\\/yasminfood.ch\\\/de\\\/zuhause\\\/\"},{\"@type\":\"ListItem\",\"position\":2,\"name\":\"Shop\",\"item\":\"https:\\\/\\\/yasminfood.ch\\\/de\\\/shop\\\/\"},{\"@type\":\"ListItem\",\"position\":3,\"name\":\"Konserven - Lebensmittel\",\"item\":\"https:\\\/\\\/yasminfood.ch\\\/de\\\/produkt-kategorie\\\/konserven-lebensmittel\\\/\"},{\"@type\":\"ListItem\",\"position\":4,\"name\":\"Makdous Khairat Al Rayyan 1300gr\"}]},{\"@type\":\"WebSite\",\"@id\":\"https:\\\/\\\/yasminfood.ch\\\/de\\\/#website\",\"url\":\"https:\\\/\\\/yasminfood.ch\\\/de\\\/\",\"name\":\"\u064a\u0627\u0633\u0645\u064a\u0646 \u0645\u0627\u0631\u0643\u062a\",\"description\":\"Alles, was Sie brauchen, an einem Ort\",\"publisher\":{\"@id\":\"https:\\\/\\\/yasminfood.ch\\\/de\\\/#organization\"},\"alternateName\":\"Yasmin Food\",\"potentialAction\":[{\"@type\":\"SearchAction\",\"target\":{\"@type\":\"EntryPoint\",\"urlTemplate\":\"https:\\\/\\\/yasminfood.ch\\\/de\\\/?s={search_term_string}\"},\"query-input\":{\"@type\":\"PropertyValueSpecification\",\"valueRequired\":true,\"valueName\":\"search_term_string\"}}],\"inLanguage\":\"de\"},{\"@type\":\"Organization\",\"@id\":\"https:\\\/\\\/yasminfood.ch\\\/de\\\/#organization\",\"name\":\"\u064a\u0627\u0633\u0645\u064a\u0646 \u0645\u0627\u0631\u0643\u062a\",\"alternateName\":\"Yasmin Food\",\"url\":\"https:\\\/\\\/yasminfood.ch\\\/de\\\/\",\"logo\":{\"@type\":\"ImageObject\",\"inLanguage\":\"de\",\"@id\":\"https:\\\/\\\/yasminfood.ch\\\/de\\\/#\\\/schema\\\/logo\\\/image\\\/\",\"url\":\"https:\\\/\\\/yasminfood.ch\\\/wp-content\\\/uploads\\\/2025\\\/05\\\/yasmin-food-header-logo.png\",\"contentUrl\":\"https:\\\/\\\/yasminfood.ch\\\/wp-content\\\/uploads\\\/2025\\\/05\\\/yasmin-food-header-logo.png\",\"width\":330,\"height\":120,\"caption\":\"\u064a\u0627\u0633\u0645\u064a\u0646 \u0645\u0627\u0631\u0643\u062a\"},\"image\":{\"@id\":\"https:\\\/\\\/yasminfood.ch\\\/de\\\/#\\\/schema\\\/logo\\\/image\\\/\"},\"sameAs\":[\"https:\\\/\\\/www.facebook.com\\\/yasminmarkt1\",\"https:\\\/\\\/www.tiktok.com\\\/@yasminmarkt\",\"https:\\\/\\\/www.instagram.com\\\/yasmin.markt1\\\/\",\"https:\\\/\\\/api.whatsapp.com\\\/send\\\/?phone=41799000104\"],\"publishingPrinciples\":\"https:\\\/\\\/yasminfood.ch\\\/de\\\/shop\\\/\",\"ownershipFundingInfo\":\"https:\\\/\\\/yasminfood.ch\\\/de\\\/shop\\\/\"}]}<\/script>\n<meta property=\"product:price:amount\" content=\"22.00\" \/>\n<meta property=\"product:price:currency\" content=\"CHF\" \/>\n<meta property=\"og:availability\" content=\"instock\" \/>\n<meta property=\"product:availability\" content=\"instock\" \/>\n<meta property=\"product:condition\" content=\"new\" \/>\n<!-- \/ Yoast SEO Premium plugin. -->","yoast_head_json":{"title":"Makdous Khairat Al Rayyan 1300gr - Yasmin Food","description":"Makdous Khairat Al Rayyan 1300gr Makdous ist eines der k\u00f6stlichsten Lebensmittel und einer der Snacks, die den Tisch schm\u00fccken, den jeder liebt, da er aus Auberginen, Waln\u00fcssen und Paprika besteht.","robots":{"index":"index","follow":"follow","max-snippet":"max-snippet:-1","max-image-preview":"max-image-preview:large","max-video-preview":"max-video-preview:-1"},"canonical":"https:\/\/yasminfood.ch\/de\/product\/makdous-1300gr-jana\/","og_locale":"de_DE","og_type":"article","og_title":"Makdous Khairat Al Rayyan 1300gr","og_description":"Makdous Khairat Al Rayyan 1300gr  Makdous ist eines der k\u00f6stlichsten Speisen und Snacks, die den Tisch schm\u00fccken \u2013 das liebt jeder  Es besteht aus Auberginen, Waln\u00fcssen, rotem Pfeffer und Knoblauch und wird in Oliven\u00f6l getaucht.","og_url":"https:\/\/yasminfood.ch\/de\/product\/makdous-1300gr-jana\/","og_site_name":"Yasmin Food","article_publisher":"https:\/\/www.facebook.com\/yasminmarkt1","article_modified_time":"2026-03-30T12:07:56+00:00","og_image":[{"width":1080,"height":1080,"url":"https:\/\/yasminfood.ch\/wp-content\/uploads\/2025\/05\/\u0645\u0643\u062f\u0648\u0633-1300gr-\u062c\u0646\u0649.png","type":"image\/png"}],"twitter_card":"summary_large_image","twitter_misc":{"Preis":"22.00&nbsp;&#67;&#72;&#70;","Verf\u00fcgbarkeit":"Auf Lager"},"schema":{"@context":"https:\/\/schema.org","@graph":[{"@type":"WebPage","@id":"https:\/\/yasminfood.ch\/de\/product\/makdous-1300gr-jana\/","url":"https:\/\/yasminfood.ch\/de\/product\/makdous-1300gr-jana\/","name":"Makdous Khairat Al Rayyan 1300gr - Yasmin Food","isPartOf":{"@id":"https:\/\/yasminfood.ch\/de\/#website"},"primaryImageOfPage":{"@id":"https:\/\/yasminfood.ch\/de\/product\/makdous-1300gr-jana\/#primaryimage"},"image":{"@id":"https:\/\/yasminfood.ch\/de\/product\/makdous-1300gr-jana\/#primaryimage"},"thumbnailUrl":"https:\/\/yasminfood.ch\/wp-content\/uploads\/2025\/05\/\u0645\u0643\u062f\u0648\u0633-1300gr-\u062c\u0646\u0649.png","datePublished":"2025-05-16T10:06:58+00:00","dateModified":"2026-03-30T12:07:56+00:00","description":"Makdous Khairat Al Rayyan 1300gr Makdous ist eines der k\u00f6stlichsten Lebensmittel und einer der Snacks, die den Tisch schm\u00fccken, den jeder liebt, da er aus Auberginen, Waln\u00fcssen und Paprika besteht.","breadcrumb":{"@id":"https:\/\/yasminfood.ch\/de\/product\/makdous-1300gr-jana\/#breadcrumb"},"inLanguage":"de","potentialAction":[{"@type":"ReadAction","target":["https:\/\/yasminfood.ch\/de\/product\/makdous-1300gr-jana\/"]}]},{"@type":"ImageObject","inLanguage":"de","@id":"https:\/\/yasminfood.ch\/de\/product\/makdous-1300gr-jana\/#primaryimage","url":"https:\/\/yasminfood.ch\/wp-content\/uploads\/2025\/05\/\u0645\u0643\u062f\u0648\u0633-1300gr-\u062c\u0646\u0649.png","contentUrl":"https:\/\/yasminfood.ch\/wp-content\/uploads\/2025\/05\/\u0645\u0643\u062f\u0648\u0633-1300gr-\u062c\u0646\u0649.png","width":1080,"height":1080,"caption":"Makdous Khairat Al Rayyan 1300gr"},{"@type":"BreadcrumbList","@id":"https:\/\/yasminfood.ch\/de\/product\/makdous-1300gr-jana\/#breadcrumb","itemListElement":[{"@type":"ListItem","position":1,"name":"\u0627\u0644\u0631\u0626\u064a\u0633\u064a\u0629","item":"https:\/\/yasminfood.ch\/de\/zuhause\/"},{"@type":"ListItem","position":2,"name":"Shop","item":"https:\/\/yasminfood.ch\/de\/shop\/"},{"@type":"ListItem","position":3,"name":"Konserven - Lebensmittel","item":"https:\/\/yasminfood.ch\/de\/produkt-kategorie\/konserven-lebensmittel\/"},{"@type":"ListItem","position":4,"name":"Makdous Khairat Al Rayyan 1300gr"}]},{"@type":"WebSite","@id":"https:\/\/yasminfood.ch\/de\/#website","url":"https:\/\/yasminfood.ch\/de\/","name":"\u064a\u0627\u0633\u0645\u064a\u0646 \u0645\u0627\u0631\u0643\u062a","description":"Alles, was Sie brauchen, an einem Ort","publisher":{"@id":"https:\/\/yasminfood.ch\/de\/#organization"},"alternateName":"Yasmin Food","potentialAction":[{"@type":"SearchAction","target":{"@type":"EntryPoint","urlTemplate":"https:\/\/yasminfood.ch\/de\/?s={search_term_string}"},"query-input":{"@type":"PropertyValueSpecification","valueRequired":true,"valueName":"search_term_string"}}],"inLanguage":"de"},{"@type":"Organization","@id":"https:\/\/yasminfood.ch\/de\/#organization","name":"\u064a\u0627\u0633\u0645\u064a\u0646 \u0645\u0627\u0631\u0643\u062a","alternateName":"Yasmin Food","url":"https:\/\/yasminfood.ch\/de\/","logo":{"@type":"ImageObject","inLanguage":"de","@id":"https:\/\/yasminfood.ch\/de\/#\/schema\/logo\/image\/","url":"https:\/\/yasminfood.ch\/wp-content\/uploads\/2025\/05\/yasmin-food-header-logo.png","contentUrl":"https:\/\/yasminfood.ch\/wp-content\/uploads\/2025\/05\/yasmin-food-header-logo.png","width":330,"height":120,"caption":"\u064a\u0627\u0633\u0645\u064a\u0646 \u0645\u0627\u0631\u0643\u062a"},"image":{"@id":"https:\/\/yasminfood.ch\/de\/#\/schema\/logo\/image\/"},"sameAs":["https:\/\/www.facebook.com\/yasminmarkt1","https:\/\/www.tiktok.com\/@yasminmarkt","https:\/\/www.instagram.com\/yasmin.markt1\/","https:\/\/api.whatsapp.com\/send\/?phone=41799000104"],"publishingPrinciples":"https:\/\/yasminfood.ch\/de\/shop\/","ownershipFundingInfo":"https:\/\/yasminfood.ch\/de\/shop\/"}]},"product_price_amount":"22.00","product_price_currency":"CHF","og_availability":"instock","product_availability":"instock","product_condition":"new"},"jetpack_sharing_enabled":true,"_links":{"self":[{"href":"https:\/\/yasminfood.ch\/de\/wp-json\/wp\/v2\/product\/111131","targetHints":{"allow":["GET"]}}],"collection":[{"href":"https:\/\/yasminfood.ch\/de\/wp-json\/wp\/v2\/product"}],"about":[{"href":"https:\/\/yasminfood.ch\/de\/wp-json\/wp\/v2\/types\/product"}],"replies":[{"embeddable":true,"href":"https:\/\/yasminfood.ch\/de\/wp-json\/wp\/v2\/comments?post=111131"}],"version-history":[{"count":1,"href":"https:\/\/yasminfood.ch\/de\/wp-json\/wp\/v2\/product\/111131\/revisions"}],"predecessor-version":[{"id":122157,"href":"https:\/\/yasminfood.ch\/de\/wp-json\/wp\/v2\/product\/111131\/revisions\/122157"}],"wp:featuredmedia":[{"embeddable":true,"href":"https:\/\/yasminfood.ch\/de\/wp-json\/wp\/v2\/media\/111129"}],"wp:attachment":[{"href":"https:\/\/yasminfood.ch\/de\/wp-json\/wp\/v2\/media?parent=111131"}],"wp:term":[{"taxonomy":"product_brand","embeddable":true,"href":"https:\/\/yasminfood.ch\/de\/wp-json\/wp\/v2\/product_brand?post=111131"},{"taxonomy":"product_cat","embeddable":true,"href":"https:\/\/yasminfood.ch\/de\/wp-json\/wp\/v2\/product_cat?post=111131"},{"taxonomy":"product_tag","embeddable":true,"href":"https:\/\/yasminfood.ch\/de\/wp-json\/wp\/v2\/product_tag?post=111131"}],"curies":[{"name":"wp","href":"https:\/\/api.w.org\/{rel}","templated":true}]}}