{"id":111209,"date":"2025-05-16T15:40:27","date_gmt":"2025-05-16T13:41:05","guid":{"rendered":"https:\/\/yasminfood.ch\/product\/schwarze-wassermelonenkerne-nabhan-300g\/"},"modified":"2025-05-16T15:41:05","modified_gmt":"2025-05-16T13:41:05","slug":"schwarze-wassermelonenkerne-nabhan-300g","status":"publish","type":"product","link":"https:\/\/yasminfood.ch\/de\/product\/schwarze-wassermelonenkerne-nabhan-300g\/","title":{"rendered":"Schwarze Wassermelonenkerne Nabhan 300g"},"content":{"rendered":"<p>Schwarzer Wassermelonenkern Nabhan 300g ist eine Samensorte, die bei Menschen sehr beliebt ist, der Gipssamen hat eine unverwechselbare Farbe und sogar einen seltenen Geschmack, der in den anderen Samenarten nicht zu finden ist, und er wird aus dem Wassermelonenkern extrahiert und dann auf die beste Weise verarbeitet und ger\u00f6stet, um seinen unverwechselbaren seltenen Geschmack zu erhalten, Gipssamen aus Alnabhan haben viele wichtige Vorteile f\u00fcr den menschlichen K\u00f6rper, daher wurde es auf sichere Weise verpackt, um Qualit\u00e4t und unverwechselbaren Geschmack zu gew\u00e4hrleisten   <\/p>\n","protected":false},"excerpt":{"rendered":"<p>Schwarzer Wassermelonenkern Nabhan 300g ist eine Samensorte, die bei Menschen sehr beliebt ist, der Gipssamen hat eine unverwechselbare Farbe und<\/p>\n","protected":false},"featured_media":111206,"comment_status":"open","ping_status":"closed","template":"","meta":[],"product_brand":[],"product_cat":[356,359],"product_tag":[],"class_list":{"0":"post-111209","1":"product","2":"type-product","3":"status-publish","4":"has-post-thumbnail","6":"product_cat-gewuerze-nuesse","7":"product_cat-nusse","9":"first","10":"instock","11":"taxable","12":"shipping-taxable","13":"purchasable","14":"product-type-simple"},"yoast_head":"<!-- This site is optimized with the Yoast SEO Premium plugin v26.5 (Yoast SEO v27.3) - https:\/\/yoast.com\/product\/yoast-seo-premium-wordpress\/ -->\n<title>Schwarze Wassermelonenkerne Nabhan 300g - Yasmin Food<\/title>\n<meta name=\"description\" content=\"Schwarzer Wassermelonenkern Nabhan 300g ist eine Samensorte, die bei den Menschen sehr beliebt ist, der Gipssamen hat eine unverwechselbare Farbe und sogar einen seltenen Geschmack, der in den anderen Arten von Samen nicht zu finden ist\" \/>\n<meta name=\"robots\" content=\"index, follow, max-snippet:-1, max-image-preview:large, max-video-preview:-1\" \/>\n<link rel=\"canonical\" href=\"https:\/\/yasminfood.ch\/de\/product\/schwarze-wassermelonenkerne-nabhan-300g\/\" \/>\n<meta property=\"og:locale\" content=\"de_DE\" \/>\n<meta property=\"og:type\" content=\"article\" \/>\n<meta property=\"og:title\" content=\"Schwarze Wassermelonenkerne Nabhan 300g\" \/>\n<meta property=\"og:description\" content=\"Schwarzer Wassermelonenkern Nabhan 300g ist eine Samensorte, die bei Menschen sehr beliebt ist, der Gipssamen hat eine unverwechselbare Farbe und sogar\" \/>\n<meta property=\"og:url\" content=\"https:\/\/yasminfood.ch\/de\/product\/schwarze-wassermelonenkerne-nabhan-300g\/\" \/>\n<meta property=\"og:site_name\" content=\"Yasmin Food\" \/>\n<meta property=\"article:publisher\" content=\"https:\/\/www.facebook.com\/yasminmarkt1\" \/>\n<meta property=\"og:image\" content=\"https:\/\/yasminfood.ch\/wp-content\/uploads\/2025\/05\/\u0628\u0632\u0631-\u0628\u0637\u064a\u062e-\u0623\u0633\u0648\u062f-\u0627\u0644\u0646\u0628\u0647\u0627\u0646-300\u063a.png\" \/>\n\t<meta property=\"og:image:width\" content=\"1080\" \/>\n\t<meta property=\"og:image:height\" content=\"1080\" \/>\n\t<meta property=\"og:image:type\" content=\"image\/png\" \/>\n<meta name=\"twitter:card\" content=\"summary_large_image\" \/>\n<meta name=\"twitter:label1\" content=\"Preis\" \/>\n\t<meta name=\"twitter:data1\" content=\"3.95&nbsp;&#067;&#072;&#070;\" \/>\n\t<meta name=\"twitter:label2\" content=\"Verf\u00fcgbarkeit\" \/>\n\t<meta name=\"twitter:data2\" content=\"Auf Lager\" \/>\n<script type=\"application\/ld+json\" class=\"yoast-schema-graph\">{\"@context\":\"https:\\\/\\\/schema.org\",\"@graph\":[{\"@type\":\"WebPage\",\"@id\":\"https:\\\/\\\/yasminfood.ch\\\/de\\\/product\\\/schwarze-wassermelonenkerne-nabhan-300g\\\/\",\"url\":\"https:\\\/\\\/yasminfood.ch\\\/de\\\/product\\\/schwarze-wassermelonenkerne-nabhan-300g\\\/\",\"name\":\"Schwarze Wassermelonenkerne Nabhan 300g - Yasmin Food\",\"isPartOf\":{\"@id\":\"https:\\\/\\\/yasminfood.ch\\\/de\\\/#website\"},\"primaryImageOfPage\":{\"@id\":\"https:\\\/\\\/yasminfood.ch\\\/de\\\/product\\\/schwarze-wassermelonenkerne-nabhan-300g\\\/#primaryimage\"},\"image\":{\"@id\":\"https:\\\/\\\/yasminfood.ch\\\/de\\\/product\\\/schwarze-wassermelonenkerne-nabhan-300g\\\/#primaryimage\"},\"thumbnailUrl\":\"https:\\\/\\\/yasminfood.ch\\\/wp-content\\\/uploads\\\/2025\\\/05\\\/\u0628\u0632\u0631-\u0628\u0637\u064a\u062e-\u0623\u0633\u0648\u062f-\u0627\u0644\u0646\u0628\u0647\u0627\u0646-300\u063a.png\",\"datePublished\":\"2025-05-16T13:41:05+00:00\",\"description\":\"Schwarzer Wassermelonenkern Nabhan 300g ist eine Samensorte, die bei den Menschen sehr beliebt ist, der Gipssamen hat eine unverwechselbare Farbe und sogar einen seltenen Geschmack, der in den anderen Arten von Samen nicht zu finden ist\",\"breadcrumb\":{\"@id\":\"https:\\\/\\\/yasminfood.ch\\\/de\\\/product\\\/schwarze-wassermelonenkerne-nabhan-300g\\\/#breadcrumb\"},\"inLanguage\":\"de\",\"potentialAction\":[{\"@type\":\"ReadAction\",\"target\":[\"https:\\\/\\\/yasminfood.ch\\\/de\\\/product\\\/schwarze-wassermelonenkerne-nabhan-300g\\\/\"]}]},{\"@type\":\"ImageObject\",\"inLanguage\":\"de\",\"@id\":\"https:\\\/\\\/yasminfood.ch\\\/de\\\/product\\\/schwarze-wassermelonenkerne-nabhan-300g\\\/#primaryimage\",\"url\":\"https:\\\/\\\/yasminfood.ch\\\/wp-content\\\/uploads\\\/2025\\\/05\\\/\u0628\u0632\u0631-\u0628\u0637\u064a\u062e-\u0623\u0633\u0648\u062f-\u0627\u0644\u0646\u0628\u0647\u0627\u0646-300\u063a.png\",\"contentUrl\":\"https:\\\/\\\/yasminfood.ch\\\/wp-content\\\/uploads\\\/2025\\\/05\\\/\u0628\u0632\u0631-\u0628\u0637\u064a\u062e-\u0623\u0633\u0648\u062f-\u0627\u0644\u0646\u0628\u0647\u0627\u0646-300\u063a.png\",\"width\":1080,\"height\":1080},{\"@type\":\"BreadcrumbList\",\"@id\":\"https:\\\/\\\/yasminfood.ch\\\/de\\\/product\\\/schwarze-wassermelonenkerne-nabhan-300g\\\/#breadcrumb\",\"itemListElement\":[{\"@type\":\"ListItem\",\"position\":1,\"name\":\"\u0627\u0644\u0631\u0626\u064a\u0633\u064a\u0629\",\"item\":\"https:\\\/\\\/yasminfood.ch\\\/de\\\/zuhause\\\/\"},{\"@type\":\"ListItem\",\"position\":2,\"name\":\"Shop\",\"item\":\"https:\\\/\\\/yasminfood.ch\\\/de\\\/shop\\\/\"},{\"@type\":\"ListItem\",\"position\":3,\"name\":\"Gew\u00fcrze &amp; N\u00fcsse\",\"item\":\"https:\\\/\\\/yasminfood.ch\\\/de\\\/produkt-kategorie\\\/gewuerze-nuesse\\\/\"},{\"@type\":\"ListItem\",\"position\":4,\"name\":\"N\u00fcsse\",\"item\":\"https:\\\/\\\/yasminfood.ch\\\/de\\\/produkt-kategorie\\\/gewuerze-nuesse\\\/nusse\\\/\"},{\"@type\":\"ListItem\",\"position\":5,\"name\":\"Schwarze Wassermelonenkerne Nabhan 300g\"}]},{\"@type\":\"WebSite\",\"@id\":\"https:\\\/\\\/yasminfood.ch\\\/de\\\/#website\",\"url\":\"https:\\\/\\\/yasminfood.ch\\\/de\\\/\",\"name\":\"\u064a\u0627\u0633\u0645\u064a\u0646 \u0645\u0627\u0631\u0643\u062a\",\"description\":\"Alles, was Sie brauchen, an einem Ort\",\"publisher\":{\"@id\":\"https:\\\/\\\/yasminfood.ch\\\/de\\\/#organization\"},\"alternateName\":\"Yasmin Food\",\"potentialAction\":[{\"@type\":\"SearchAction\",\"target\":{\"@type\":\"EntryPoint\",\"urlTemplate\":\"https:\\\/\\\/yasminfood.ch\\\/de\\\/?s={search_term_string}\"},\"query-input\":{\"@type\":\"PropertyValueSpecification\",\"valueRequired\":true,\"valueName\":\"search_term_string\"}}],\"inLanguage\":\"de\"},{\"@type\":\"Organization\",\"@id\":\"https:\\\/\\\/yasminfood.ch\\\/de\\\/#organization\",\"name\":\"\u064a\u0627\u0633\u0645\u064a\u0646 \u0645\u0627\u0631\u0643\u062a\",\"alternateName\":\"Yasmin Food\",\"url\":\"https:\\\/\\\/yasminfood.ch\\\/de\\\/\",\"logo\":{\"@type\":\"ImageObject\",\"inLanguage\":\"de\",\"@id\":\"https:\\\/\\\/yasminfood.ch\\\/de\\\/#\\\/schema\\\/logo\\\/image\\\/\",\"url\":\"https:\\\/\\\/yasminfood.ch\\\/wp-content\\\/uploads\\\/2025\\\/05\\\/yasmin-food-header-logo.png\",\"contentUrl\":\"https:\\\/\\\/yasminfood.ch\\\/wp-content\\\/uploads\\\/2025\\\/05\\\/yasmin-food-header-logo.png\",\"width\":330,\"height\":120,\"caption\":\"\u064a\u0627\u0633\u0645\u064a\u0646 \u0645\u0627\u0631\u0643\u062a\"},\"image\":{\"@id\":\"https:\\\/\\\/yasminfood.ch\\\/de\\\/#\\\/schema\\\/logo\\\/image\\\/\"},\"sameAs\":[\"https:\\\/\\\/www.facebook.com\\\/yasminmarkt1\",\"https:\\\/\\\/www.tiktok.com\\\/@yasminmarkt\",\"https:\\\/\\\/www.instagram.com\\\/yasmin.markt1\\\/\",\"https:\\\/\\\/api.whatsapp.com\\\/send\\\/?phone=41799000104\"],\"publishingPrinciples\":\"https:\\\/\\\/yasminfood.ch\\\/de\\\/shop\\\/\",\"ownershipFundingInfo\":\"https:\\\/\\\/yasminfood.ch\\\/de\\\/shop\\\/\"}]}<\/script>\n<meta property=\"product:price:amount\" content=\"3.95\" \/>\n<meta property=\"product:price:currency\" content=\"CHF\" \/>\n<meta property=\"og:availability\" content=\"instock\" \/>\n<meta property=\"product:availability\" content=\"instock\" \/>\n<meta property=\"product:condition\" content=\"new\" \/>\n<!-- \/ Yoast SEO Premium plugin. -->","yoast_head_json":{"title":"Schwarze Wassermelonenkerne Nabhan 300g - Yasmin Food","description":"Schwarzer Wassermelonenkern Nabhan 300g ist eine Samensorte, die bei den Menschen sehr beliebt ist, der Gipssamen hat eine unverwechselbare Farbe und sogar einen seltenen Geschmack, der in den anderen Arten von Samen nicht zu finden ist","robots":{"index":"index","follow":"follow","max-snippet":"max-snippet:-1","max-image-preview":"max-image-preview:large","max-video-preview":"max-video-preview:-1"},"canonical":"https:\/\/yasminfood.ch\/de\/product\/schwarze-wassermelonenkerne-nabhan-300g\/","og_locale":"de_DE","og_type":"article","og_title":"Schwarze Wassermelonenkerne Nabhan 300g","og_description":"Schwarzer Wassermelonenkern Nabhan 300g ist eine Samensorte, die bei Menschen sehr beliebt ist, der Gipssamen hat eine unverwechselbare Farbe und sogar","og_url":"https:\/\/yasminfood.ch\/de\/product\/schwarze-wassermelonenkerne-nabhan-300g\/","og_site_name":"Yasmin Food","article_publisher":"https:\/\/www.facebook.com\/yasminmarkt1","og_image":[{"width":1080,"height":1080,"url":"https:\/\/yasminfood.ch\/wp-content\/uploads\/2025\/05\/\u0628\u0632\u0631-\u0628\u0637\u064a\u062e-\u0623\u0633\u0648\u062f-\u0627\u0644\u0646\u0628\u0647\u0627\u0646-300\u063a.png","type":"image\/png"}],"twitter_card":"summary_large_image","twitter_misc":{"Preis":"3.95&nbsp;&#67;&#72;&#70;","Verf\u00fcgbarkeit":"Auf Lager"},"schema":{"@context":"https:\/\/schema.org","@graph":[{"@type":"WebPage","@id":"https:\/\/yasminfood.ch\/de\/product\/schwarze-wassermelonenkerne-nabhan-300g\/","url":"https:\/\/yasminfood.ch\/de\/product\/schwarze-wassermelonenkerne-nabhan-300g\/","name":"Schwarze Wassermelonenkerne Nabhan 300g - Yasmin Food","isPartOf":{"@id":"https:\/\/yasminfood.ch\/de\/#website"},"primaryImageOfPage":{"@id":"https:\/\/yasminfood.ch\/de\/product\/schwarze-wassermelonenkerne-nabhan-300g\/#primaryimage"},"image":{"@id":"https:\/\/yasminfood.ch\/de\/product\/schwarze-wassermelonenkerne-nabhan-300g\/#primaryimage"},"thumbnailUrl":"https:\/\/yasminfood.ch\/wp-content\/uploads\/2025\/05\/\u0628\u0632\u0631-\u0628\u0637\u064a\u062e-\u0623\u0633\u0648\u062f-\u0627\u0644\u0646\u0628\u0647\u0627\u0646-300\u063a.png","datePublished":"2025-05-16T13:41:05+00:00","description":"Schwarzer Wassermelonenkern Nabhan 300g ist eine Samensorte, die bei den Menschen sehr beliebt ist, der Gipssamen hat eine unverwechselbare Farbe und sogar einen seltenen Geschmack, der in den anderen Arten von Samen nicht zu finden ist","breadcrumb":{"@id":"https:\/\/yasminfood.ch\/de\/product\/schwarze-wassermelonenkerne-nabhan-300g\/#breadcrumb"},"inLanguage":"de","potentialAction":[{"@type":"ReadAction","target":["https:\/\/yasminfood.ch\/de\/product\/schwarze-wassermelonenkerne-nabhan-300g\/"]}]},{"@type":"ImageObject","inLanguage":"de","@id":"https:\/\/yasminfood.ch\/de\/product\/schwarze-wassermelonenkerne-nabhan-300g\/#primaryimage","url":"https:\/\/yasminfood.ch\/wp-content\/uploads\/2025\/05\/\u0628\u0632\u0631-\u0628\u0637\u064a\u062e-\u0623\u0633\u0648\u062f-\u0627\u0644\u0646\u0628\u0647\u0627\u0646-300\u063a.png","contentUrl":"https:\/\/yasminfood.ch\/wp-content\/uploads\/2025\/05\/\u0628\u0632\u0631-\u0628\u0637\u064a\u062e-\u0623\u0633\u0648\u062f-\u0627\u0644\u0646\u0628\u0647\u0627\u0646-300\u063a.png","width":1080,"height":1080},{"@type":"BreadcrumbList","@id":"https:\/\/yasminfood.ch\/de\/product\/schwarze-wassermelonenkerne-nabhan-300g\/#breadcrumb","itemListElement":[{"@type":"ListItem","position":1,"name":"\u0627\u0644\u0631\u0626\u064a\u0633\u064a\u0629","item":"https:\/\/yasminfood.ch\/de\/zuhause\/"},{"@type":"ListItem","position":2,"name":"Shop","item":"https:\/\/yasminfood.ch\/de\/shop\/"},{"@type":"ListItem","position":3,"name":"Gew\u00fcrze &amp; N\u00fcsse","item":"https:\/\/yasminfood.ch\/de\/produkt-kategorie\/gewuerze-nuesse\/"},{"@type":"ListItem","position":4,"name":"N\u00fcsse","item":"https:\/\/yasminfood.ch\/de\/produkt-kategorie\/gewuerze-nuesse\/nusse\/"},{"@type":"ListItem","position":5,"name":"Schwarze Wassermelonenkerne Nabhan 300g"}]},{"@type":"WebSite","@id":"https:\/\/yasminfood.ch\/de\/#website","url":"https:\/\/yasminfood.ch\/de\/","name":"\u064a\u0627\u0633\u0645\u064a\u0646 \u0645\u0627\u0631\u0643\u062a","description":"Alles, was Sie brauchen, an einem Ort","publisher":{"@id":"https:\/\/yasminfood.ch\/de\/#organization"},"alternateName":"Yasmin Food","potentialAction":[{"@type":"SearchAction","target":{"@type":"EntryPoint","urlTemplate":"https:\/\/yasminfood.ch\/de\/?s={search_term_string}"},"query-input":{"@type":"PropertyValueSpecification","valueRequired":true,"valueName":"search_term_string"}}],"inLanguage":"de"},{"@type":"Organization","@id":"https:\/\/yasminfood.ch\/de\/#organization","name":"\u064a\u0627\u0633\u0645\u064a\u0646 \u0645\u0627\u0631\u0643\u062a","alternateName":"Yasmin Food","url":"https:\/\/yasminfood.ch\/de\/","logo":{"@type":"ImageObject","inLanguage":"de","@id":"https:\/\/yasminfood.ch\/de\/#\/schema\/logo\/image\/","url":"https:\/\/yasminfood.ch\/wp-content\/uploads\/2025\/05\/yasmin-food-header-logo.png","contentUrl":"https:\/\/yasminfood.ch\/wp-content\/uploads\/2025\/05\/yasmin-food-header-logo.png","width":330,"height":120,"caption":"\u064a\u0627\u0633\u0645\u064a\u0646 \u0645\u0627\u0631\u0643\u062a"},"image":{"@id":"https:\/\/yasminfood.ch\/de\/#\/schema\/logo\/image\/"},"sameAs":["https:\/\/www.facebook.com\/yasminmarkt1","https:\/\/www.tiktok.com\/@yasminmarkt","https:\/\/www.instagram.com\/yasmin.markt1\/","https:\/\/api.whatsapp.com\/send\/?phone=41799000104"],"publishingPrinciples":"https:\/\/yasminfood.ch\/de\/shop\/","ownershipFundingInfo":"https:\/\/yasminfood.ch\/de\/shop\/"}]},"product_price_amount":"3.95","product_price_currency":"CHF","og_availability":"instock","product_availability":"instock","product_condition":"new"},"jetpack_sharing_enabled":true,"_links":{"self":[{"href":"https:\/\/yasminfood.ch\/de\/wp-json\/wp\/v2\/product\/111209","targetHints":{"allow":["GET"]}}],"collection":[{"href":"https:\/\/yasminfood.ch\/de\/wp-json\/wp\/v2\/product"}],"about":[{"href":"https:\/\/yasminfood.ch\/de\/wp-json\/wp\/v2\/types\/product"}],"replies":[{"embeddable":true,"href":"https:\/\/yasminfood.ch\/de\/wp-json\/wp\/v2\/comments?post=111209"}],"version-history":[{"count":0,"href":"https:\/\/yasminfood.ch\/de\/wp-json\/wp\/v2\/product\/111209\/revisions"}],"wp:featuredmedia":[{"embeddable":true,"href":"https:\/\/yasminfood.ch\/de\/wp-json\/wp\/v2\/media\/111206"}],"wp:attachment":[{"href":"https:\/\/yasminfood.ch\/de\/wp-json\/wp\/v2\/media?parent=111209"}],"wp:term":[{"taxonomy":"product_brand","embeddable":true,"href":"https:\/\/yasminfood.ch\/de\/wp-json\/wp\/v2\/product_brand?post=111209"},{"taxonomy":"product_cat","embeddable":true,"href":"https:\/\/yasminfood.ch\/de\/wp-json\/wp\/v2\/product_cat?post=111209"},{"taxonomy":"product_tag","embeddable":true,"href":"https:\/\/yasminfood.ch\/de\/wp-json\/wp\/v2\/product_tag?post=111209"}],"curies":[{"name":"wp","href":"https:\/\/api.w.org\/{rel}","templated":true}]}}