{"id":111714,"date":"2025-05-19T19:42:39","date_gmt":"2025-05-19T17:42:39","guid":{"rendered":"https:\/\/yasminfood.ch\/product\/comfort-braut-pause-1-kg\/"},"modified":"2025-06-20T00:49:59","modified_gmt":"2025-06-19T22:49:59","slug":"comfort-braut-pause-1-kg","status":"publish","type":"product","link":"https:\/\/yasminfood.ch\/de\/product\/comfort-braut-pause-1-kg\/","title":{"rendered":"Comfort Braut Pause 1 kg"},"content":{"rendered":"<p>Comfort Braut Pause 1 kg<\/p>\n<ul>\n<li>\n<ul>\n<li data-start=\"130\" data-end=\"384\">Genie\u00dfen Sie den Geschmack orientalischer Traditionen von ihrer besten Seite mit <em data-start=\"224\" data-end=\"244\">luxuri\u00f6sem Brautkomfort<\/em>,<\/li>\n<li data-start=\"130\" data-end=\"384\">Sorgf\u00e4ltig hergestellt aus feinstem Zucker und Mastix, mit luxuri\u00f6sen Pistazien, um Ihnen ein Erlebnis zu bieten, das reich an Geschmack und luxuri\u00f6ser Textur ist. <\/li>\n<\/ul>\n<p data-start=\"386\" data-end=\"511\">\ud83c\udf3f <strong data-start=\"389\" data-end=\"411\">100% nat\u00fcrliche Inhaltsstoffe<\/strong><br data-start=\"411\" data-end=\"414\">\ud83d\udc9a <strong data-start=\"417\" data-end=\"463\">Frei von Konservierungsstoffen und k\u00fcnstlichen Farbstoffen<\/strong><br data-start=\"463\" data-end=\"466\">\ud83c\uddf8\ud83c\uddfe <strong data-start=\"471\" data-end=\"509\">Hergestellt auf authentische Aleppo-Art<\/strong><\/p>\n<p data-start=\"513\" data-end=\"529\"><strong data-start=\"513\" data-end=\"527\">Leistungsbeschreibung:<\/strong><\/p>\n<ul data-start=\"530\" data-end=\"687\">\n<li data-start=\"530\" data-end=\"551\">\n<p data-start=\"532\" data-end=\"551\">Gewicht: 1 kg <\/p>\n<\/li>\n<li data-start=\"552\" data-end=\"600\">\n<p data-start=\"554\" data-end=\"600\">Verpackung: Elegant verpackt, um Geschmack und Frische zu bewahren <\/p>\n<\/li>\n<li data-start=\"639\" data-end=\"687\">\n<p data-start=\"641\" data-end=\"687\">Geschmack: Weich, reichhaltig und mit einem authentischen orientalischen Charakter durchdrungen  <\/p>\n<\/li>\n<\/ul>\n<p data-start=\"689\" data-end=\"803\"><strong data-start=\"689\" data-end=\"700\">Es ist perfekt:<\/strong><br data-start=\"700\" data-end=\"703\">\ud83c\udf81 F\u00fcr Anl\u00e4sse, Geschenke und Feiertage<br data-start=\"724\" data-end=\"727\">\u2615 Zu einer Tasse Kaffee oder arabischem Tee<br data-start=\"760\" data-end=\"763\">\ud83d\udc70\u200d\u2640\ufe0f F\u00fcr Brautpr\u00e4sentationen und besondere Anl\u00e4sse<\/p>\n<\/li>\n<\/ul>\n","protected":false},"excerpt":{"rendered":"<p class=\"ai-optimize-26 ai-optimize-introduction\">Comfort Braut Pause 1 kg<\/p>\n<ul>\n<li class=\"ai-optimize-27\">\n<ul>\n<li class=\"ai-optimize-27 ai-optimize-introduction\" data-start=\"130\" data-end=\"384\">Genie\u00dfen Sie den Geschmack orientalischer Traditionen von ihrer besten Seite mit <em data-start=\"224\" data-end=\"244\">luxuri\u00f6sem Brautkomfort<\/em>,<\/li>\n<li class=\"ai-optimize-27\" data-start=\"130\" data-end=\"384\">Sorgf\u00e4ltig hergestellt aus feinstem Zucker und Mastix, mit luxuri\u00f6sen Pistazien, um Ihnen ein Erlebnis zu bieten, das reich an Geschmack und luxuri\u00f6ser Textur ist. <\/li>\n<\/ul>\n<\/li>\n<\/ul>\n","protected":false},"featured_media":111711,"comment_status":"open","ping_status":"closed","template":"","meta":[],"product_brand":[],"product_cat":[301,297],"product_tag":[1395],"class_list":{"0":"post-111714","1":"product","2":"type-product","3":"status-publish","4":"has-post-thumbnail","6":"product_cat-arabische-suessigkeiten","7":"product_cat-dessert-chips-2","8":"product_tag-luxurioser-und-weicher-pistazienkomfort","10":"first","11":"outofstock","12":"taxable","13":"shipping-taxable","14":"purchasable","15":"product-type-simple"},"yoast_head":"<!-- This site is optimized with the Yoast SEO Premium plugin v26.5 (Yoast SEO v27.4) - https:\/\/yoast.com\/product\/yoast-seo-premium-wordpress\/ -->\n<title>Comfort Braut Pause 1 kg - Yasmin Food<\/title>\n<meta name=\"description\" content=\"Genie\u00dfen Sie den Komfort einer 1-Kilo-Braut mit reichhaltigen nat\u00fcrlichen Zutaten und luxuri\u00f6sem Geschmack. Perfekt f\u00fcr Geschenke und besondere Anl\u00e4sse! Comfort Braut Pause 1 kg\" \/>\n<meta name=\"robots\" content=\"index, follow, max-snippet:-1, max-image-preview:large, max-video-preview:-1\" \/>\n<link rel=\"canonical\" href=\"https:\/\/yasminfood.ch\/de\/product\/comfort-braut-pause-1-kg\/\" \/>\n<meta property=\"og:locale\" content=\"de_DE\" \/>\n<meta property=\"og:type\" content=\"article\" \/>\n<meta property=\"og:title\" content=\"Comfort Braut Pause 1 kg\" \/>\n<meta property=\"og:description\" content=\"Comfort Braut Pause 1 kg     Genie\u00dfen Sie den Geschmack orientalischer Traditionen von ihrer besten Seite mit luxuri\u00f6sem Brautkomfort,  Sorgf\u00e4ltig hergestellt aus feinstem Zucker und Mastix, mit luxuri\u00f6sen Pistazien, um Ihnen ein Erlebnis zu bieten, das reich an Geschmack und luxuri\u00f6ser Textur ist.\" \/>\n<meta property=\"og:url\" content=\"https:\/\/yasminfood.ch\/de\/product\/comfort-braut-pause-1-kg\/\" \/>\n<meta property=\"og:site_name\" content=\"Yasmin Food\" \/>\n<meta property=\"article:publisher\" content=\"https:\/\/www.facebook.com\/yasminmarkt1\" \/>\n<meta property=\"article:modified_time\" content=\"2025-06-19T22:49:59+00:00\" \/>\n<meta property=\"og:image\" content=\"https:\/\/yasminfood.ch\/wp-content\/uploads\/2025\/05\/\u0631\u0627\u062d\u0629-\u0639\u0631\u0627\u064a\u0633\u064a\u0629-\u0643\u0633\u0631-1-\u0643\u064a\u0644\u0648.png\" \/>\n\t<meta property=\"og:image:width\" content=\"1080\" \/>\n\t<meta property=\"og:image:height\" content=\"1080\" \/>\n\t<meta property=\"og:image:type\" content=\"image\/png\" \/>\n<meta name=\"twitter:card\" content=\"summary_large_image\" \/>\n<meta name=\"twitter:label1\" content=\"Preis\" \/>\n\t<meta name=\"twitter:data1\" content=\"27.00&nbsp;&#067;&#072;&#070;\" \/>\n\t<meta name=\"twitter:label2\" content=\"Verf\u00fcgbarkeit\" \/>\n\t<meta name=\"twitter:data2\" content=\"ausverkauft\" \/>\n<script type=\"application\/ld+json\" class=\"yoast-schema-graph\">{\"@context\":\"https:\\\/\\\/schema.org\",\"@graph\":[{\"@type\":\"WebPage\",\"@id\":\"https:\\\/\\\/yasminfood.ch\\\/de\\\/product\\\/comfort-braut-pause-1-kg\\\/\",\"url\":\"https:\\\/\\\/yasminfood.ch\\\/de\\\/product\\\/comfort-braut-pause-1-kg\\\/\",\"name\":\"Comfort Braut Pause 1 kg - Yasmin Food\",\"isPartOf\":{\"@id\":\"https:\\\/\\\/yasminfood.ch\\\/de\\\/#website\"},\"primaryImageOfPage\":{\"@id\":\"https:\\\/\\\/yasminfood.ch\\\/de\\\/product\\\/comfort-braut-pause-1-kg\\\/#primaryimage\"},\"image\":{\"@id\":\"https:\\\/\\\/yasminfood.ch\\\/de\\\/product\\\/comfort-braut-pause-1-kg\\\/#primaryimage\"},\"thumbnailUrl\":\"https:\\\/\\\/yasminfood.ch\\\/wp-content\\\/uploads\\\/2025\\\/05\\\/\u0631\u0627\u062d\u0629-\u0639\u0631\u0627\u064a\u0633\u064a\u0629-\u0643\u0633\u0631-1-\u0643\u064a\u0644\u0648.png\",\"datePublished\":\"2025-05-19T17:42:39+00:00\",\"dateModified\":\"2025-06-19T22:49:59+00:00\",\"description\":\"Genie\u00dfen Sie den Komfort einer 1-Kilo-Braut mit reichhaltigen nat\u00fcrlichen Zutaten und luxuri\u00f6sem Geschmack. Perfekt f\u00fcr Geschenke und besondere Anl\u00e4sse! Comfort Braut Pause 1 kg\",\"breadcrumb\":{\"@id\":\"https:\\\/\\\/yasminfood.ch\\\/de\\\/product\\\/comfort-braut-pause-1-kg\\\/#breadcrumb\"},\"inLanguage\":\"de\",\"potentialAction\":[{\"@type\":\"ReadAction\",\"target\":[\"https:\\\/\\\/yasminfood.ch\\\/de\\\/product\\\/comfort-braut-pause-1-kg\\\/\"]}]},{\"@type\":\"ImageObject\",\"inLanguage\":\"de\",\"@id\":\"https:\\\/\\\/yasminfood.ch\\\/de\\\/product\\\/comfort-braut-pause-1-kg\\\/#primaryimage\",\"url\":\"https:\\\/\\\/yasminfood.ch\\\/wp-content\\\/uploads\\\/2025\\\/05\\\/\u0631\u0627\u062d\u0629-\u0639\u0631\u0627\u064a\u0633\u064a\u0629-\u0643\u0633\u0631-1-\u0643\u064a\u0644\u0648.png\",\"contentUrl\":\"https:\\\/\\\/yasminfood.ch\\\/wp-content\\\/uploads\\\/2025\\\/05\\\/\u0631\u0627\u062d\u0629-\u0639\u0631\u0627\u064a\u0633\u064a\u0629-\u0643\u0633\u0631-1-\u0643\u064a\u0644\u0648.png\",\"width\":1080,\"height\":1080},{\"@type\":\"BreadcrumbList\",\"@id\":\"https:\\\/\\\/yasminfood.ch\\\/de\\\/product\\\/comfort-braut-pause-1-kg\\\/#breadcrumb\",\"itemListElement\":[{\"@type\":\"ListItem\",\"position\":1,\"name\":\"\u0627\u0644\u0631\u0626\u064a\u0633\u064a\u0629\",\"item\":\"https:\\\/\\\/yasminfood.ch\\\/de\\\/zuhause\\\/\"},{\"@type\":\"ListItem\",\"position\":2,\"name\":\"Shop\",\"item\":\"https:\\\/\\\/yasminfood.ch\\\/de\\\/shop\\\/\"},{\"@type\":\"ListItem\",\"position\":3,\"name\":\"Dessert &amp; Chips\",\"item\":\"https:\\\/\\\/yasminfood.ch\\\/de\\\/produkt-kategorie\\\/dessert-chips-2\\\/\"},{\"@type\":\"ListItem\",\"position\":4,\"name\":\"Arabische s\u00fc\u00dfigkeiten\",\"item\":\"https:\\\/\\\/yasminfood.ch\\\/de\\\/produkt-kategorie\\\/dessert-chips-2\\\/arabische-suessigkeiten\\\/\"},{\"@type\":\"ListItem\",\"position\":5,\"name\":\"Comfort Braut Pause 1 kg\"}]},{\"@type\":\"WebSite\",\"@id\":\"https:\\\/\\\/yasminfood.ch\\\/de\\\/#website\",\"url\":\"https:\\\/\\\/yasminfood.ch\\\/de\\\/\",\"name\":\"\u064a\u0627\u0633\u0645\u064a\u0646 \u0645\u0627\u0631\u0643\u062a\",\"description\":\"Alles, was Sie brauchen, an einem Ort\",\"publisher\":{\"@id\":\"https:\\\/\\\/yasminfood.ch\\\/de\\\/#organization\"},\"alternateName\":\"Yasmin Food\",\"potentialAction\":[{\"@type\":\"SearchAction\",\"target\":{\"@type\":\"EntryPoint\",\"urlTemplate\":\"https:\\\/\\\/yasminfood.ch\\\/de\\\/?s={search_term_string}\"},\"query-input\":{\"@type\":\"PropertyValueSpecification\",\"valueRequired\":true,\"valueName\":\"search_term_string\"}}],\"inLanguage\":\"de\"},{\"@type\":\"Organization\",\"@id\":\"https:\\\/\\\/yasminfood.ch\\\/de\\\/#organization\",\"name\":\"\u064a\u0627\u0633\u0645\u064a\u0646 \u0645\u0627\u0631\u0643\u062a\",\"alternateName\":\"Yasmin Food\",\"url\":\"https:\\\/\\\/yasminfood.ch\\\/de\\\/\",\"logo\":{\"@type\":\"ImageObject\",\"inLanguage\":\"de\",\"@id\":\"https:\\\/\\\/yasminfood.ch\\\/de\\\/#\\\/schema\\\/logo\\\/image\\\/\",\"url\":\"https:\\\/\\\/yasminfood.ch\\\/wp-content\\\/uploads\\\/2025\\\/05\\\/yasmin-food-header-logo.png\",\"contentUrl\":\"https:\\\/\\\/yasminfood.ch\\\/wp-content\\\/uploads\\\/2025\\\/05\\\/yasmin-food-header-logo.png\",\"width\":330,\"height\":120,\"caption\":\"\u064a\u0627\u0633\u0645\u064a\u0646 \u0645\u0627\u0631\u0643\u062a\"},\"image\":{\"@id\":\"https:\\\/\\\/yasminfood.ch\\\/de\\\/#\\\/schema\\\/logo\\\/image\\\/\"},\"sameAs\":[\"https:\\\/\\\/www.facebook.com\\\/yasminmarkt1\",\"https:\\\/\\\/www.tiktok.com\\\/@yasminmarkt\",\"https:\\\/\\\/www.instagram.com\\\/yasmin.markt1\\\/\",\"https:\\\/\\\/api.whatsapp.com\\\/send\\\/?phone=41799000104\"],\"publishingPrinciples\":\"https:\\\/\\\/yasminfood.ch\\\/de\\\/shop\\\/\",\"ownershipFundingInfo\":\"https:\\\/\\\/yasminfood.ch\\\/de\\\/shop\\\/\"}]}<\/script>\n<meta property=\"product:price:amount\" content=\"27.00\" \/>\n<meta property=\"product:price:currency\" content=\"CHF\" \/>\n<meta property=\"og:availability\" content=\"out of stock\" \/>\n<meta property=\"product:availability\" content=\"out of stock\" \/>\n<meta property=\"product:condition\" content=\"new\" \/>\n<!-- \/ Yoast SEO Premium plugin. -->","yoast_head_json":{"title":"Comfort Braut Pause 1 kg - Yasmin Food","description":"Genie\u00dfen Sie den Komfort einer 1-Kilo-Braut mit reichhaltigen nat\u00fcrlichen Zutaten und luxuri\u00f6sem Geschmack. Perfekt f\u00fcr Geschenke und besondere Anl\u00e4sse! Comfort Braut Pause 1 kg","robots":{"index":"index","follow":"follow","max-snippet":"max-snippet:-1","max-image-preview":"max-image-preview:large","max-video-preview":"max-video-preview:-1"},"canonical":"https:\/\/yasminfood.ch\/de\/product\/comfort-braut-pause-1-kg\/","og_locale":"de_DE","og_type":"article","og_title":"Comfort Braut Pause 1 kg","og_description":"Comfort Braut Pause 1 kg     Genie\u00dfen Sie den Geschmack orientalischer Traditionen von ihrer besten Seite mit luxuri\u00f6sem Brautkomfort,  Sorgf\u00e4ltig hergestellt aus feinstem Zucker und Mastix, mit luxuri\u00f6sen Pistazien, um Ihnen ein Erlebnis zu bieten, das reich an Geschmack und luxuri\u00f6ser Textur ist.","og_url":"https:\/\/yasminfood.ch\/de\/product\/comfort-braut-pause-1-kg\/","og_site_name":"Yasmin Food","article_publisher":"https:\/\/www.facebook.com\/yasminmarkt1","article_modified_time":"2025-06-19T22:49:59+00:00","og_image":[{"width":1080,"height":1080,"url":"https:\/\/yasminfood.ch\/wp-content\/uploads\/2025\/05\/\u0631\u0627\u062d\u0629-\u0639\u0631\u0627\u064a\u0633\u064a\u0629-\u0643\u0633\u0631-1-\u0643\u064a\u0644\u0648.png","type":"image\/png"}],"twitter_card":"summary_large_image","twitter_misc":{"Preis":"27.00&nbsp;&#67;&#72;&#70;","Verf\u00fcgbarkeit":"ausverkauft"},"schema":{"@context":"https:\/\/schema.org","@graph":[{"@type":"WebPage","@id":"https:\/\/yasminfood.ch\/de\/product\/comfort-braut-pause-1-kg\/","url":"https:\/\/yasminfood.ch\/de\/product\/comfort-braut-pause-1-kg\/","name":"Comfort Braut Pause 1 kg - Yasmin Food","isPartOf":{"@id":"https:\/\/yasminfood.ch\/de\/#website"},"primaryImageOfPage":{"@id":"https:\/\/yasminfood.ch\/de\/product\/comfort-braut-pause-1-kg\/#primaryimage"},"image":{"@id":"https:\/\/yasminfood.ch\/de\/product\/comfort-braut-pause-1-kg\/#primaryimage"},"thumbnailUrl":"https:\/\/yasminfood.ch\/wp-content\/uploads\/2025\/05\/\u0631\u0627\u062d\u0629-\u0639\u0631\u0627\u064a\u0633\u064a\u0629-\u0643\u0633\u0631-1-\u0643\u064a\u0644\u0648.png","datePublished":"2025-05-19T17:42:39+00:00","dateModified":"2025-06-19T22:49:59+00:00","description":"Genie\u00dfen Sie den Komfort einer 1-Kilo-Braut mit reichhaltigen nat\u00fcrlichen Zutaten und luxuri\u00f6sem Geschmack. Perfekt f\u00fcr Geschenke und besondere Anl\u00e4sse! Comfort Braut Pause 1 kg","breadcrumb":{"@id":"https:\/\/yasminfood.ch\/de\/product\/comfort-braut-pause-1-kg\/#breadcrumb"},"inLanguage":"de","potentialAction":[{"@type":"ReadAction","target":["https:\/\/yasminfood.ch\/de\/product\/comfort-braut-pause-1-kg\/"]}]},{"@type":"ImageObject","inLanguage":"de","@id":"https:\/\/yasminfood.ch\/de\/product\/comfort-braut-pause-1-kg\/#primaryimage","url":"https:\/\/yasminfood.ch\/wp-content\/uploads\/2025\/05\/\u0631\u0627\u062d\u0629-\u0639\u0631\u0627\u064a\u0633\u064a\u0629-\u0643\u0633\u0631-1-\u0643\u064a\u0644\u0648.png","contentUrl":"https:\/\/yasminfood.ch\/wp-content\/uploads\/2025\/05\/\u0631\u0627\u062d\u0629-\u0639\u0631\u0627\u064a\u0633\u064a\u0629-\u0643\u0633\u0631-1-\u0643\u064a\u0644\u0648.png","width":1080,"height":1080},{"@type":"BreadcrumbList","@id":"https:\/\/yasminfood.ch\/de\/product\/comfort-braut-pause-1-kg\/#breadcrumb","itemListElement":[{"@type":"ListItem","position":1,"name":"\u0627\u0644\u0631\u0626\u064a\u0633\u064a\u0629","item":"https:\/\/yasminfood.ch\/de\/zuhause\/"},{"@type":"ListItem","position":2,"name":"Shop","item":"https:\/\/yasminfood.ch\/de\/shop\/"},{"@type":"ListItem","position":3,"name":"Dessert &amp; Chips","item":"https:\/\/yasminfood.ch\/de\/produkt-kategorie\/dessert-chips-2\/"},{"@type":"ListItem","position":4,"name":"Arabische s\u00fc\u00dfigkeiten","item":"https:\/\/yasminfood.ch\/de\/produkt-kategorie\/dessert-chips-2\/arabische-suessigkeiten\/"},{"@type":"ListItem","position":5,"name":"Comfort Braut Pause 1 kg"}]},{"@type":"WebSite","@id":"https:\/\/yasminfood.ch\/de\/#website","url":"https:\/\/yasminfood.ch\/de\/","name":"\u064a\u0627\u0633\u0645\u064a\u0646 \u0645\u0627\u0631\u0643\u062a","description":"Alles, was Sie brauchen, an einem Ort","publisher":{"@id":"https:\/\/yasminfood.ch\/de\/#organization"},"alternateName":"Yasmin Food","potentialAction":[{"@type":"SearchAction","target":{"@type":"EntryPoint","urlTemplate":"https:\/\/yasminfood.ch\/de\/?s={search_term_string}"},"query-input":{"@type":"PropertyValueSpecification","valueRequired":true,"valueName":"search_term_string"}}],"inLanguage":"de"},{"@type":"Organization","@id":"https:\/\/yasminfood.ch\/de\/#organization","name":"\u064a\u0627\u0633\u0645\u064a\u0646 \u0645\u0627\u0631\u0643\u062a","alternateName":"Yasmin Food","url":"https:\/\/yasminfood.ch\/de\/","logo":{"@type":"ImageObject","inLanguage":"de","@id":"https:\/\/yasminfood.ch\/de\/#\/schema\/logo\/image\/","url":"https:\/\/yasminfood.ch\/wp-content\/uploads\/2025\/05\/yasmin-food-header-logo.png","contentUrl":"https:\/\/yasminfood.ch\/wp-content\/uploads\/2025\/05\/yasmin-food-header-logo.png","width":330,"height":120,"caption":"\u064a\u0627\u0633\u0645\u064a\u0646 \u0645\u0627\u0631\u0643\u062a"},"image":{"@id":"https:\/\/yasminfood.ch\/de\/#\/schema\/logo\/image\/"},"sameAs":["https:\/\/www.facebook.com\/yasminmarkt1","https:\/\/www.tiktok.com\/@yasminmarkt","https:\/\/www.instagram.com\/yasmin.markt1\/","https:\/\/api.whatsapp.com\/send\/?phone=41799000104"],"publishingPrinciples":"https:\/\/yasminfood.ch\/de\/shop\/","ownershipFundingInfo":"https:\/\/yasminfood.ch\/de\/shop\/"}]},"product_price_amount":"27.00","product_price_currency":"CHF","og_availability":"out of stock","product_availability":"out of stock","product_condition":"new"},"jetpack_sharing_enabled":true,"_links":{"self":[{"href":"https:\/\/yasminfood.ch\/de\/wp-json\/wp\/v2\/product\/111714","targetHints":{"allow":["GET"]}}],"collection":[{"href":"https:\/\/yasminfood.ch\/de\/wp-json\/wp\/v2\/product"}],"about":[{"href":"https:\/\/yasminfood.ch\/de\/wp-json\/wp\/v2\/types\/product"}],"replies":[{"embeddable":true,"href":"https:\/\/yasminfood.ch\/de\/wp-json\/wp\/v2\/comments?post=111714"}],"version-history":[{"count":1,"href":"https:\/\/yasminfood.ch\/de\/wp-json\/wp\/v2\/product\/111714\/revisions"}],"predecessor-version":[{"id":116889,"href":"https:\/\/yasminfood.ch\/de\/wp-json\/wp\/v2\/product\/111714\/revisions\/116889"}],"wp:featuredmedia":[{"embeddable":true,"href":"https:\/\/yasminfood.ch\/de\/wp-json\/wp\/v2\/media\/111711"}],"wp:attachment":[{"href":"https:\/\/yasminfood.ch\/de\/wp-json\/wp\/v2\/media?parent=111714"}],"wp:term":[{"taxonomy":"product_brand","embeddable":true,"href":"https:\/\/yasminfood.ch\/de\/wp-json\/wp\/v2\/product_brand?post=111714"},{"taxonomy":"product_cat","embeddable":true,"href":"https:\/\/yasminfood.ch\/de\/wp-json\/wp\/v2\/product_cat?post=111714"},{"taxonomy":"product_tag","embeddable":true,"href":"https:\/\/yasminfood.ch\/de\/wp-json\/wp\/v2\/product_tag?post=111714"}],"curies":[{"name":"wp","href":"https:\/\/api.w.org\/{rel}","templated":true}]}}