{"id":111788,"date":"2025-05-19T21:10:31","date_gmt":"2025-05-19T19:10:31","guid":{"rendered":"https:\/\/yasminfood.ch\/product\/super-extra-gesalzene-nuesse-500g\/"},"modified":"2025-05-26T14:35:13","modified_gmt":"2025-05-26T12:35:13","slug":"super-extra-gesalzene-nuesse-500g","status":"publish","type":"product","link":"https:\/\/yasminfood.ch\/de\/product\/super-extra-gesalzene-nuesse-500g\/","title":{"rendered":"Super Extra gesalzene N\u00fcsse 500g"},"content":{"rendered":"<p><strong>Super Extra gesalzene N\u00fcsse 500g (Cashewn\u00fcsse, Mandeln, Pistazien) <\/strong><\/p>\n<ul>\n<li>Super Extra gesalzene N\u00fcsse \u2013 500 g<br \/>\n\ud83e\udd5c Luxuri\u00f6ser Geschmack&#8230; In jedem Bunde!<\/li>\n<li>Genie\u00dfen Sie die beste Auswahl an Premium-N\u00fcssen mit gesalzenen Super Extra N\u00fcssen, die enthalten: <\/li>\n<\/ul>\n<p>\u2705 Ger\u00f6stete und knusprige Cashewn\u00fcsse<\/p>\n<p>\u2705 Mandeln Luxuri\u00f6ser Toast<\/p>\n<p>\u2705 Sorgf\u00e4ltig ausgew\u00e4hlte Pistazien<\/p>\n<ul>\n<li>Jede Qualit\u00e4t wurde sorgf\u00e4ltig ausgew\u00e4hlt, um einen reichhaltigen Geschmack und eine perfekte Textur zu erzielen, ger\u00f6stet mit den neuesten Methoden, um ihren N\u00e4hrwert und authentischen Geschmack mit einem ausgewogenen Hauch von Salz zu erhalten.  <\/li>\n<\/ul>\n<p>\u2728 Funktionen:<\/p>\n<p>\u00dcberlegene Mischung aus drei Luxustypen<\/p>\n<p>Toaster ohne Konservierungsstoffe<\/p>\n<p>Eine reichhaltige Quelle f\u00fcr Proteine und gesunde Fette<\/p>\n<p>Perfekt als Snack oder f\u00fcr gelegentliche Portionen<\/p>\n<p>\ud83d\udce6 Nettogewicht: 500 g <\/p>\n","protected":false},"excerpt":{"rendered":"<ul>\n<li data-start=\"196\" data-end=\"349\"><strong data-start=\"196\" data-end=\"235\">Super Extra gesalzene N\u00fcsse \u2013 500 g<\/strong><br data-start=\"235\" data-end=\"238\">Eine luxuri\u00f6se Mischung aus Cashewn\u00fcssen, Mandeln und sorgf\u00e4ltig ger\u00f6steten Pistazien mit einer Prise Salz, perfekt. Reichhaltiger Geschmack und hohe Qualit\u00e4t bei jedem Bissen.  <\/li>\n<\/ul>\n","protected":false},"featured_media":113113,"comment_status":"open","ping_status":"closed","template":"","meta":[],"product_brand":[],"product_cat":[356,359],"product_tag":[],"class_list":{"0":"post-111788","1":"product","2":"type-product","3":"status-publish","4":"has-post-thumbnail","6":"product_cat-gewuerze-nuesse","7":"product_cat-nusse","9":"first","10":"instock","11":"taxable","12":"shipping-taxable","13":"purchasable","14":"product-type-simple"},"yoast_head":"<!-- This site is optimized with the Yoast SEO Premium plugin v26.5 (Yoast SEO v27.3) - https:\/\/yoast.com\/product\/yoast-seo-premium-wordpress\/ -->\n<title>Super Extra gesalzene N\u00fcsse 500g - Yasmin Food<\/title>\n<meta name=\"description\" content=\"Super Extra Salted Nuts 500g geben Ihnen einen reichhaltigen Geschmack und unwiderstehliche K\u00f6stlichkeit. Essen Sie es als Snack oder servieren Sie es zu tollen Anl\u00e4ssen! \u2728 Super Extra gesalzene N\u00fcsse 500g Yasmin Food\" \/>\n<meta name=\"robots\" content=\"index, follow, max-snippet:-1, max-image-preview:large, max-video-preview:-1\" \/>\n<link rel=\"canonical\" href=\"https:\/\/yasminfood.ch\/de\/product\/super-extra-gesalzene-nuesse-500g\/\" \/>\n<meta property=\"og:locale\" content=\"de_DE\" \/>\n<meta property=\"og:type\" content=\"article\" \/>\n<meta property=\"og:title\" content=\"Super Extra gesalzene N\u00fcsse 500g\" \/>\n<meta property=\"og:description\" content=\"Super Extra gesalzene N\u00fcsse \u2013 500 gEine luxuri\u00f6se Mischung aus Cashewn\u00fcssen, Mandeln und sorgf\u00e4ltig ger\u00f6steten Pistazien mit einer Prise Salz, perfekt. Reichhaltiger Geschmack und hohe Qualit\u00e4t bei jedem Bissen.\" \/>\n<meta property=\"og:url\" content=\"https:\/\/yasminfood.ch\/de\/product\/super-extra-gesalzene-nuesse-500g\/\" \/>\n<meta property=\"og:site_name\" content=\"Yasmin Food\" \/>\n<meta property=\"article:publisher\" content=\"https:\/\/www.facebook.com\/yasminmarkt1\" \/>\n<meta property=\"article:modified_time\" content=\"2025-05-26T12:35:13+00:00\" \/>\n<meta property=\"og:image\" content=\"https:\/\/yasminfood.ch\/wp-content\/uploads\/2025\/05\/\u0645\u0643\u0633\u0631\u0627\u062a-\u0633\u0648\u0628\u0631-\u0627\u0643\u0633\u062a\u0631\u0627-\u0645\u0645\u0644\u062d-1-\u0643\u064a\u0644\u0648-1024x1024.png\" \/>\n\t<meta property=\"og:image:width\" content=\"1024\" \/>\n\t<meta property=\"og:image:height\" content=\"1024\" \/>\n\t<meta property=\"og:image:type\" content=\"image\/png\" \/>\n<meta name=\"twitter:card\" content=\"summary_large_image\" \/>\n<meta name=\"twitter:label1\" content=\"Preis\" \/>\n\t<meta name=\"twitter:data1\" content=\"13.00&nbsp;&#067;&#072;&#070;\" \/>\n\t<meta name=\"twitter:label2\" content=\"Verf\u00fcgbarkeit\" \/>\n\t<meta name=\"twitter:data2\" content=\"Auf Lager\" \/>\n<script type=\"application\/ld+json\" class=\"yoast-schema-graph\">{\"@context\":\"https:\\\/\\\/schema.org\",\"@graph\":[{\"@type\":\"WebPage\",\"@id\":\"https:\\\/\\\/yasminfood.ch\\\/de\\\/product\\\/super-extra-gesalzene-nuesse-500g\\\/\",\"url\":\"https:\\\/\\\/yasminfood.ch\\\/de\\\/product\\\/super-extra-gesalzene-nuesse-500g\\\/\",\"name\":\"Super Extra gesalzene N\u00fcsse 500g - Yasmin Food\",\"isPartOf\":{\"@id\":\"https:\\\/\\\/yasminfood.ch\\\/de\\\/#website\"},\"primaryImageOfPage\":{\"@id\":\"https:\\\/\\\/yasminfood.ch\\\/de\\\/product\\\/super-extra-gesalzene-nuesse-500g\\\/#primaryimage\"},\"image\":{\"@id\":\"https:\\\/\\\/yasminfood.ch\\\/de\\\/product\\\/super-extra-gesalzene-nuesse-500g\\\/#primaryimage\"},\"thumbnailUrl\":\"https:\\\/\\\/yasminfood.ch\\\/wp-content\\\/uploads\\\/2025\\\/05\\\/\u0645\u0643\u0633\u0631\u0627\u062a-\u0633\u0648\u0628\u0631-\u0627\u0643\u0633\u062a\u0631\u0627-\u0645\u0645\u0644\u062d-1-\u0643\u064a\u0644\u0648.png\",\"datePublished\":\"2025-05-19T19:10:31+00:00\",\"dateModified\":\"2025-05-26T12:35:13+00:00\",\"description\":\"Super Extra Salted Nuts 500g geben Ihnen einen reichhaltigen Geschmack und unwiderstehliche K\u00f6stlichkeit. Essen Sie es als Snack oder servieren Sie es zu tollen Anl\u00e4ssen! \u2728 Super Extra gesalzene N\u00fcsse 500g Yasmin Food\",\"breadcrumb\":{\"@id\":\"https:\\\/\\\/yasminfood.ch\\\/de\\\/product\\\/super-extra-gesalzene-nuesse-500g\\\/#breadcrumb\"},\"inLanguage\":\"de\",\"potentialAction\":[{\"@type\":\"ReadAction\",\"target\":[\"https:\\\/\\\/yasminfood.ch\\\/de\\\/product\\\/super-extra-gesalzene-nuesse-500g\\\/\"]}]},{\"@type\":\"ImageObject\",\"inLanguage\":\"de\",\"@id\":\"https:\\\/\\\/yasminfood.ch\\\/de\\\/product\\\/super-extra-gesalzene-nuesse-500g\\\/#primaryimage\",\"url\":\"https:\\\/\\\/yasminfood.ch\\\/wp-content\\\/uploads\\\/2025\\\/05\\\/\u0645\u0643\u0633\u0631\u0627\u062a-\u0633\u0648\u0628\u0631-\u0627\u0643\u0633\u062a\u0631\u0627-\u0645\u0645\u0644\u062d-1-\u0643\u064a\u0644\u0648.png\",\"contentUrl\":\"https:\\\/\\\/yasminfood.ch\\\/wp-content\\\/uploads\\\/2025\\\/05\\\/\u0645\u0643\u0633\u0631\u0627\u062a-\u0633\u0648\u0628\u0631-\u0627\u0643\u0633\u062a\u0631\u0627-\u0645\u0645\u0644\u062d-1-\u0643\u064a\u0644\u0648.png\",\"width\":2160,\"height\":2160,\"caption\":\"Super Extra gesalzene N\u00fcsse 1 kg\"},{\"@type\":\"BreadcrumbList\",\"@id\":\"https:\\\/\\\/yasminfood.ch\\\/de\\\/product\\\/super-extra-gesalzene-nuesse-500g\\\/#breadcrumb\",\"itemListElement\":[{\"@type\":\"ListItem\",\"position\":1,\"name\":\"\u0627\u0644\u0631\u0626\u064a\u0633\u064a\u0629\",\"item\":\"https:\\\/\\\/yasminfood.ch\\\/de\\\/zuhause\\\/\"},{\"@type\":\"ListItem\",\"position\":2,\"name\":\"Shop\",\"item\":\"https:\\\/\\\/yasminfood.ch\\\/de\\\/shop\\\/\"},{\"@type\":\"ListItem\",\"position\":3,\"name\":\"Gew\u00fcrze &amp; N\u00fcsse\",\"item\":\"https:\\\/\\\/yasminfood.ch\\\/de\\\/produkt-kategorie\\\/gewuerze-nuesse\\\/\"},{\"@type\":\"ListItem\",\"position\":4,\"name\":\"N\u00fcsse\",\"item\":\"https:\\\/\\\/yasminfood.ch\\\/de\\\/produkt-kategorie\\\/gewuerze-nuesse\\\/nusse\\\/\"},{\"@type\":\"ListItem\",\"position\":5,\"name\":\"Super Extra gesalzene N\u00fcsse 500g\"}]},{\"@type\":\"WebSite\",\"@id\":\"https:\\\/\\\/yasminfood.ch\\\/de\\\/#website\",\"url\":\"https:\\\/\\\/yasminfood.ch\\\/de\\\/\",\"name\":\"\u064a\u0627\u0633\u0645\u064a\u0646 \u0645\u0627\u0631\u0643\u062a\",\"description\":\"Alles, was Sie brauchen, an einem Ort\",\"publisher\":{\"@id\":\"https:\\\/\\\/yasminfood.ch\\\/de\\\/#organization\"},\"alternateName\":\"Yasmin Food\",\"potentialAction\":[{\"@type\":\"SearchAction\",\"target\":{\"@type\":\"EntryPoint\",\"urlTemplate\":\"https:\\\/\\\/yasminfood.ch\\\/de\\\/?s={search_term_string}\"},\"query-input\":{\"@type\":\"PropertyValueSpecification\",\"valueRequired\":true,\"valueName\":\"search_term_string\"}}],\"inLanguage\":\"de\"},{\"@type\":\"Organization\",\"@id\":\"https:\\\/\\\/yasminfood.ch\\\/de\\\/#organization\",\"name\":\"\u064a\u0627\u0633\u0645\u064a\u0646 \u0645\u0627\u0631\u0643\u062a\",\"alternateName\":\"Yasmin Food\",\"url\":\"https:\\\/\\\/yasminfood.ch\\\/de\\\/\",\"logo\":{\"@type\":\"ImageObject\",\"inLanguage\":\"de\",\"@id\":\"https:\\\/\\\/yasminfood.ch\\\/de\\\/#\\\/schema\\\/logo\\\/image\\\/\",\"url\":\"https:\\\/\\\/yasminfood.ch\\\/wp-content\\\/uploads\\\/2025\\\/05\\\/yasmin-food-header-logo.png\",\"contentUrl\":\"https:\\\/\\\/yasminfood.ch\\\/wp-content\\\/uploads\\\/2025\\\/05\\\/yasmin-food-header-logo.png\",\"width\":330,\"height\":120,\"caption\":\"\u064a\u0627\u0633\u0645\u064a\u0646 \u0645\u0627\u0631\u0643\u062a\"},\"image\":{\"@id\":\"https:\\\/\\\/yasminfood.ch\\\/de\\\/#\\\/schema\\\/logo\\\/image\\\/\"},\"sameAs\":[\"https:\\\/\\\/www.facebook.com\\\/yasminmarkt1\",\"https:\\\/\\\/www.tiktok.com\\\/@yasminmarkt\",\"https:\\\/\\\/www.instagram.com\\\/yasmin.markt1\\\/\",\"https:\\\/\\\/api.whatsapp.com\\\/send\\\/?phone=41799000104\"],\"publishingPrinciples\":\"https:\\\/\\\/yasminfood.ch\\\/de\\\/shop\\\/\",\"ownershipFundingInfo\":\"https:\\\/\\\/yasminfood.ch\\\/de\\\/shop\\\/\"}]}<\/script>\n<meta property=\"product:price:amount\" content=\"13.00\" \/>\n<meta property=\"product:price:currency\" content=\"CHF\" \/>\n<meta property=\"og:availability\" content=\"instock\" \/>\n<meta property=\"product:availability\" content=\"instock\" \/>\n<meta property=\"product:condition\" content=\"new\" \/>\n<!-- \/ Yoast SEO Premium plugin. -->","yoast_head_json":{"title":"Super Extra gesalzene N\u00fcsse 500g - Yasmin Food","description":"Super Extra Salted Nuts 500g geben Ihnen einen reichhaltigen Geschmack und unwiderstehliche K\u00f6stlichkeit. Essen Sie es als Snack oder servieren Sie es zu tollen Anl\u00e4ssen! \u2728 Super Extra gesalzene N\u00fcsse 500g Yasmin Food","robots":{"index":"index","follow":"follow","max-snippet":"max-snippet:-1","max-image-preview":"max-image-preview:large","max-video-preview":"max-video-preview:-1"},"canonical":"https:\/\/yasminfood.ch\/de\/product\/super-extra-gesalzene-nuesse-500g\/","og_locale":"de_DE","og_type":"article","og_title":"Super Extra gesalzene N\u00fcsse 500g","og_description":"Super Extra gesalzene N\u00fcsse \u2013 500 gEine luxuri\u00f6se Mischung aus Cashewn\u00fcssen, Mandeln und sorgf\u00e4ltig ger\u00f6steten Pistazien mit einer Prise Salz, perfekt. Reichhaltiger Geschmack und hohe Qualit\u00e4t bei jedem Bissen.","og_url":"https:\/\/yasminfood.ch\/de\/product\/super-extra-gesalzene-nuesse-500g\/","og_site_name":"Yasmin Food","article_publisher":"https:\/\/www.facebook.com\/yasminmarkt1","article_modified_time":"2025-05-26T12:35:13+00:00","og_image":[{"width":1024,"height":1024,"url":"https:\/\/yasminfood.ch\/wp-content\/uploads\/2025\/05\/\u0645\u0643\u0633\u0631\u0627\u062a-\u0633\u0648\u0628\u0631-\u0627\u0643\u0633\u062a\u0631\u0627-\u0645\u0645\u0644\u062d-1-\u0643\u064a\u0644\u0648-1024x1024.png","type":"image\/png"}],"twitter_card":"summary_large_image","twitter_misc":{"Preis":"13.00&nbsp;&#67;&#72;&#70;","Verf\u00fcgbarkeit":"Auf Lager"},"schema":{"@context":"https:\/\/schema.org","@graph":[{"@type":"WebPage","@id":"https:\/\/yasminfood.ch\/de\/product\/super-extra-gesalzene-nuesse-500g\/","url":"https:\/\/yasminfood.ch\/de\/product\/super-extra-gesalzene-nuesse-500g\/","name":"Super Extra gesalzene N\u00fcsse 500g - Yasmin Food","isPartOf":{"@id":"https:\/\/yasminfood.ch\/de\/#website"},"primaryImageOfPage":{"@id":"https:\/\/yasminfood.ch\/de\/product\/super-extra-gesalzene-nuesse-500g\/#primaryimage"},"image":{"@id":"https:\/\/yasminfood.ch\/de\/product\/super-extra-gesalzene-nuesse-500g\/#primaryimage"},"thumbnailUrl":"https:\/\/yasminfood.ch\/wp-content\/uploads\/2025\/05\/\u0645\u0643\u0633\u0631\u0627\u062a-\u0633\u0648\u0628\u0631-\u0627\u0643\u0633\u062a\u0631\u0627-\u0645\u0645\u0644\u062d-1-\u0643\u064a\u0644\u0648.png","datePublished":"2025-05-19T19:10:31+00:00","dateModified":"2025-05-26T12:35:13+00:00","description":"Super Extra Salted Nuts 500g geben Ihnen einen reichhaltigen Geschmack und unwiderstehliche K\u00f6stlichkeit. Essen Sie es als Snack oder servieren Sie es zu tollen Anl\u00e4ssen! \u2728 Super Extra gesalzene N\u00fcsse 500g Yasmin Food","breadcrumb":{"@id":"https:\/\/yasminfood.ch\/de\/product\/super-extra-gesalzene-nuesse-500g\/#breadcrumb"},"inLanguage":"de","potentialAction":[{"@type":"ReadAction","target":["https:\/\/yasminfood.ch\/de\/product\/super-extra-gesalzene-nuesse-500g\/"]}]},{"@type":"ImageObject","inLanguage":"de","@id":"https:\/\/yasminfood.ch\/de\/product\/super-extra-gesalzene-nuesse-500g\/#primaryimage","url":"https:\/\/yasminfood.ch\/wp-content\/uploads\/2025\/05\/\u0645\u0643\u0633\u0631\u0627\u062a-\u0633\u0648\u0628\u0631-\u0627\u0643\u0633\u062a\u0631\u0627-\u0645\u0645\u0644\u062d-1-\u0643\u064a\u0644\u0648.png","contentUrl":"https:\/\/yasminfood.ch\/wp-content\/uploads\/2025\/05\/\u0645\u0643\u0633\u0631\u0627\u062a-\u0633\u0648\u0628\u0631-\u0627\u0643\u0633\u062a\u0631\u0627-\u0645\u0645\u0644\u062d-1-\u0643\u064a\u0644\u0648.png","width":2160,"height":2160,"caption":"Super Extra gesalzene N\u00fcsse 1 kg"},{"@type":"BreadcrumbList","@id":"https:\/\/yasminfood.ch\/de\/product\/super-extra-gesalzene-nuesse-500g\/#breadcrumb","itemListElement":[{"@type":"ListItem","position":1,"name":"\u0627\u0644\u0631\u0626\u064a\u0633\u064a\u0629","item":"https:\/\/yasminfood.ch\/de\/zuhause\/"},{"@type":"ListItem","position":2,"name":"Shop","item":"https:\/\/yasminfood.ch\/de\/shop\/"},{"@type":"ListItem","position":3,"name":"Gew\u00fcrze &amp; N\u00fcsse","item":"https:\/\/yasminfood.ch\/de\/produkt-kategorie\/gewuerze-nuesse\/"},{"@type":"ListItem","position":4,"name":"N\u00fcsse","item":"https:\/\/yasminfood.ch\/de\/produkt-kategorie\/gewuerze-nuesse\/nusse\/"},{"@type":"ListItem","position":5,"name":"Super Extra gesalzene N\u00fcsse 500g"}]},{"@type":"WebSite","@id":"https:\/\/yasminfood.ch\/de\/#website","url":"https:\/\/yasminfood.ch\/de\/","name":"\u064a\u0627\u0633\u0645\u064a\u0646 \u0645\u0627\u0631\u0643\u062a","description":"Alles, was Sie brauchen, an einem Ort","publisher":{"@id":"https:\/\/yasminfood.ch\/de\/#organization"},"alternateName":"Yasmin Food","potentialAction":[{"@type":"SearchAction","target":{"@type":"EntryPoint","urlTemplate":"https:\/\/yasminfood.ch\/de\/?s={search_term_string}"},"query-input":{"@type":"PropertyValueSpecification","valueRequired":true,"valueName":"search_term_string"}}],"inLanguage":"de"},{"@type":"Organization","@id":"https:\/\/yasminfood.ch\/de\/#organization","name":"\u064a\u0627\u0633\u0645\u064a\u0646 \u0645\u0627\u0631\u0643\u062a","alternateName":"Yasmin Food","url":"https:\/\/yasminfood.ch\/de\/","logo":{"@type":"ImageObject","inLanguage":"de","@id":"https:\/\/yasminfood.ch\/de\/#\/schema\/logo\/image\/","url":"https:\/\/yasminfood.ch\/wp-content\/uploads\/2025\/05\/yasmin-food-header-logo.png","contentUrl":"https:\/\/yasminfood.ch\/wp-content\/uploads\/2025\/05\/yasmin-food-header-logo.png","width":330,"height":120,"caption":"\u064a\u0627\u0633\u0645\u064a\u0646 \u0645\u0627\u0631\u0643\u062a"},"image":{"@id":"https:\/\/yasminfood.ch\/de\/#\/schema\/logo\/image\/"},"sameAs":["https:\/\/www.facebook.com\/yasminmarkt1","https:\/\/www.tiktok.com\/@yasminmarkt","https:\/\/www.instagram.com\/yasmin.markt1\/","https:\/\/api.whatsapp.com\/send\/?phone=41799000104"],"publishingPrinciples":"https:\/\/yasminfood.ch\/de\/shop\/","ownershipFundingInfo":"https:\/\/yasminfood.ch\/de\/shop\/"}]},"product_price_amount":"13.00","product_price_currency":"CHF","og_availability":"instock","product_availability":"instock","product_condition":"new"},"jetpack_sharing_enabled":true,"_links":{"self":[{"href":"https:\/\/yasminfood.ch\/de\/wp-json\/wp\/v2\/product\/111788","targetHints":{"allow":["GET"]}}],"collection":[{"href":"https:\/\/yasminfood.ch\/de\/wp-json\/wp\/v2\/product"}],"about":[{"href":"https:\/\/yasminfood.ch\/de\/wp-json\/wp\/v2\/types\/product"}],"replies":[{"embeddable":true,"href":"https:\/\/yasminfood.ch\/de\/wp-json\/wp\/v2\/comments?post=111788"}],"version-history":[{"count":1,"href":"https:\/\/yasminfood.ch\/de\/wp-json\/wp\/v2\/product\/111788\/revisions"}],"predecessor-version":[{"id":113117,"href":"https:\/\/yasminfood.ch\/de\/wp-json\/wp\/v2\/product\/111788\/revisions\/113117"}],"wp:featuredmedia":[{"embeddable":true,"href":"https:\/\/yasminfood.ch\/de\/wp-json\/wp\/v2\/media\/113113"}],"wp:attachment":[{"href":"https:\/\/yasminfood.ch\/de\/wp-json\/wp\/v2\/media?parent=111788"}],"wp:term":[{"taxonomy":"product_brand","embeddable":true,"href":"https:\/\/yasminfood.ch\/de\/wp-json\/wp\/v2\/product_brand?post=111788"},{"taxonomy":"product_cat","embeddable":true,"href":"https:\/\/yasminfood.ch\/de\/wp-json\/wp\/v2\/product_cat?post=111788"},{"taxonomy":"product_tag","embeddable":true,"href":"https:\/\/yasminfood.ch\/de\/wp-json\/wp\/v2\/product_tag?post=111788"}],"curies":[{"name":"wp","href":"https:\/\/api.w.org\/{rel}","templated":true}]}}