{"id":111883,"date":"2025-05-20T01:55:54","date_gmt":"2025-05-19T23:55:54","guid":{"rendered":"https:\/\/yasminfood.ch\/product\/siham-gum-20-stueck\/"},"modified":"2025-05-20T01:56:35","modified_gmt":"2025-05-19T23:56:35","slug":"siham-gum-20-stueck","status":"publish","type":"product","link":"https:\/\/yasminfood.ch\/de\/product\/siham-gum-20-stueck\/","title":{"rendered":"Siham Gum 20 St\u00fcck"},"content":{"rendered":"<p>Siham Kaugummi 20 St\u00fcck &#8222;Siham Kaugummi zeichnet sich durch seine gummiartige Textur und gute Elastizit\u00e4t aus. Siham-Kaugummi enth\u00e4lt wichtige Inhaltsstoffe wie Zucker, Natur- oder Synthesekautschuk und andere Aromen, die dem Kaugummi seinen unverwechselbaren Geschmack verleihen.&#8220;<\/p>\n","protected":false},"excerpt":{"rendered":"<p>Siham Kaugummi 20 St\u00fcck &#8222;Siham Kaugummi zeichnet sich durch seine gummiartige Textur und gute Elastizit\u00e4t aus. Siham-Kaugummi enth\u00e4lt wichtige Inhaltsstoffe<\/p>\n","protected":false},"featured_media":111880,"comment_status":"open","ping_status":"closed","template":"","meta":[],"product_brand":[],"product_cat":[301,297,310],"product_tag":[2161],"class_list":{"0":"post-111883","1":"product","2":"type-product","3":"status-publish","4":"has-post-thumbnail","6":"product_cat-arabische-suessigkeiten","7":"product_cat-dessert-chips-2","8":"product_cat-suessigkeiten-schokolade","9":"product_tag-siham-kaugummi","11":"first","12":"outofstock","13":"taxable","14":"shipping-taxable","15":"purchasable","16":"product-type-simple"},"yoast_head":"<!-- This site is optimized with the Yoast SEO Premium plugin v26.5 (Yoast SEO v27.3) - https:\/\/yoast.com\/product\/yoast-seo-premium-wordpress\/ -->\n<title>Siham Gum 20 St\u00fcck - Yasmin Food<\/title>\n<meta name=\"description\" content=\"Siham-Gummi 20 St\u00fcck &quot;Siham-Gummi zeichnet sich durch seine gummiartige Textur und Elastizit\u00e4t aus. Siham-Gummi enth\u00e4lt Zucker, nat\u00fcrlichen oder synthetischen Kautschuk und andere Aromen, die ihm seinen unverwechselbaren Geschmack verleihen.\" \/>\n<meta name=\"robots\" content=\"index, follow, max-snippet:-1, max-image-preview:large, max-video-preview:-1\" \/>\n<link rel=\"canonical\" href=\"https:\/\/yasminfood.ch\/de\/product\/siham-gum-20-stueck\/\" \/>\n<meta property=\"og:locale\" content=\"de_DE\" \/>\n<meta property=\"og:type\" content=\"article\" \/>\n<meta property=\"og:title\" content=\"Siham Gum 20 St\u00fcck\" \/>\n<meta property=\"og:description\" content=\"Siham Kaugummi 20 St\u00fcck &quot;Siham Kaugummi zeichnet sich durch seine gummiartige Textur und gute Elastizit\u00e4t aus. Siham-Kaugummi enth\u00e4lt wichtige\" \/>\n<meta property=\"og:url\" content=\"https:\/\/yasminfood.ch\/de\/product\/siham-gum-20-stueck\/\" \/>\n<meta property=\"og:site_name\" content=\"Yasmin Food\" \/>\n<meta property=\"article:publisher\" content=\"https:\/\/www.facebook.com\/yasminmarkt1\" \/>\n<meta property=\"article:modified_time\" content=\"2025-05-19T23:56:35+00:00\" \/>\n<meta property=\"og:image\" content=\"https:\/\/yasminfood.ch\/wp-content\/uploads\/2025\/05\/\u0639\u0644\u0643\u0629-\u0633\u0647\u0627\u0645-20-\u062d\u0628\u0629.png\" \/>\n\t<meta property=\"og:image:width\" content=\"945\" \/>\n\t<meta property=\"og:image:height\" content=\"945\" \/>\n\t<meta property=\"og:image:type\" content=\"image\/png\" \/>\n<meta name=\"twitter:card\" content=\"summary_large_image\" \/>\n<meta name=\"twitter:label1\" content=\"Preis\" \/>\n\t<meta name=\"twitter:data1\" content=\"6.00&nbsp;&#067;&#072;&#070;\" \/>\n\t<meta name=\"twitter:label2\" content=\"Verf\u00fcgbarkeit\" \/>\n\t<meta name=\"twitter:data2\" content=\"ausverkauft\" \/>\n<script type=\"application\/ld+json\" class=\"yoast-schema-graph\">{\"@context\":\"https:\\\/\\\/schema.org\",\"@graph\":[{\"@type\":\"WebPage\",\"@id\":\"https:\\\/\\\/yasminfood.ch\\\/de\\\/product\\\/siham-gum-20-stueck\\\/\",\"url\":\"https:\\\/\\\/yasminfood.ch\\\/de\\\/product\\\/siham-gum-20-stueck\\\/\",\"name\":\"Siham Gum 20 St\u00fcck - Yasmin Food\",\"isPartOf\":{\"@id\":\"https:\\\/\\\/yasminfood.ch\\\/de\\\/#website\"},\"primaryImageOfPage\":{\"@id\":\"https:\\\/\\\/yasminfood.ch\\\/de\\\/product\\\/siham-gum-20-stueck\\\/#primaryimage\"},\"image\":{\"@id\":\"https:\\\/\\\/yasminfood.ch\\\/de\\\/product\\\/siham-gum-20-stueck\\\/#primaryimage\"},\"thumbnailUrl\":\"https:\\\/\\\/yasminfood.ch\\\/wp-content\\\/uploads\\\/2025\\\/05\\\/\u0639\u0644\u0643\u0629-\u0633\u0647\u0627\u0645-20-\u062d\u0628\u0629.png\",\"datePublished\":\"2025-05-19T23:55:54+00:00\",\"dateModified\":\"2025-05-19T23:56:35+00:00\",\"description\":\"Siham-Gummi 20 St\u00fcck \\\"Siham-Gummi zeichnet sich durch seine gummiartige Textur und Elastizit\u00e4t aus. Siham-Gummi enth\u00e4lt Zucker, nat\u00fcrlichen oder synthetischen Kautschuk und andere Aromen, die ihm seinen unverwechselbaren Geschmack verleihen.\",\"breadcrumb\":{\"@id\":\"https:\\\/\\\/yasminfood.ch\\\/de\\\/product\\\/siham-gum-20-stueck\\\/#breadcrumb\"},\"inLanguage\":\"de\",\"potentialAction\":[{\"@type\":\"ReadAction\",\"target\":[\"https:\\\/\\\/yasminfood.ch\\\/de\\\/product\\\/siham-gum-20-stueck\\\/\"]}]},{\"@type\":\"ImageObject\",\"inLanguage\":\"de\",\"@id\":\"https:\\\/\\\/yasminfood.ch\\\/de\\\/product\\\/siham-gum-20-stueck\\\/#primaryimage\",\"url\":\"https:\\\/\\\/yasminfood.ch\\\/wp-content\\\/uploads\\\/2025\\\/05\\\/\u0639\u0644\u0643\u0629-\u0633\u0647\u0627\u0645-20-\u062d\u0628\u0629.png\",\"contentUrl\":\"https:\\\/\\\/yasminfood.ch\\\/wp-content\\\/uploads\\\/2025\\\/05\\\/\u0639\u0644\u0643\u0629-\u0633\u0647\u0627\u0645-20-\u062d\u0628\u0629.png\",\"width\":945,\"height\":945},{\"@type\":\"BreadcrumbList\",\"@id\":\"https:\\\/\\\/yasminfood.ch\\\/de\\\/product\\\/siham-gum-20-stueck\\\/#breadcrumb\",\"itemListElement\":[{\"@type\":\"ListItem\",\"position\":1,\"name\":\"\u0627\u0644\u0631\u0626\u064a\u0633\u064a\u0629\",\"item\":\"https:\\\/\\\/yasminfood.ch\\\/de\\\/zuhause\\\/\"},{\"@type\":\"ListItem\",\"position\":2,\"name\":\"Shop\",\"item\":\"https:\\\/\\\/yasminfood.ch\\\/de\\\/shop\\\/\"},{\"@type\":\"ListItem\",\"position\":3,\"name\":\"Dessert &amp; Chips\",\"item\":\"https:\\\/\\\/yasminfood.ch\\\/de\\\/produkt-kategorie\\\/dessert-chips-2\\\/\"},{\"@type\":\"ListItem\",\"position\":4,\"name\":\"Arabische s\u00fc\u00dfigkeiten\",\"item\":\"https:\\\/\\\/yasminfood.ch\\\/de\\\/produkt-kategorie\\\/dessert-chips-2\\\/arabische-suessigkeiten\\\/\"},{\"@type\":\"ListItem\",\"position\":5,\"name\":\"Siham Gum 20 St\u00fcck\"}]},{\"@type\":\"WebSite\",\"@id\":\"https:\\\/\\\/yasminfood.ch\\\/de\\\/#website\",\"url\":\"https:\\\/\\\/yasminfood.ch\\\/de\\\/\",\"name\":\"\u064a\u0627\u0633\u0645\u064a\u0646 \u0645\u0627\u0631\u0643\u062a\",\"description\":\"Alles, was Sie brauchen, an einem Ort\",\"publisher\":{\"@id\":\"https:\\\/\\\/yasminfood.ch\\\/de\\\/#organization\"},\"alternateName\":\"Yasmin Food\",\"potentialAction\":[{\"@type\":\"SearchAction\",\"target\":{\"@type\":\"EntryPoint\",\"urlTemplate\":\"https:\\\/\\\/yasminfood.ch\\\/de\\\/?s={search_term_string}\"},\"query-input\":{\"@type\":\"PropertyValueSpecification\",\"valueRequired\":true,\"valueName\":\"search_term_string\"}}],\"inLanguage\":\"de\"},{\"@type\":\"Organization\",\"@id\":\"https:\\\/\\\/yasminfood.ch\\\/de\\\/#organization\",\"name\":\"\u064a\u0627\u0633\u0645\u064a\u0646 \u0645\u0627\u0631\u0643\u062a\",\"alternateName\":\"Yasmin Food\",\"url\":\"https:\\\/\\\/yasminfood.ch\\\/de\\\/\",\"logo\":{\"@type\":\"ImageObject\",\"inLanguage\":\"de\",\"@id\":\"https:\\\/\\\/yasminfood.ch\\\/de\\\/#\\\/schema\\\/logo\\\/image\\\/\",\"url\":\"https:\\\/\\\/yasminfood.ch\\\/wp-content\\\/uploads\\\/2025\\\/05\\\/yasmin-food-header-logo.png\",\"contentUrl\":\"https:\\\/\\\/yasminfood.ch\\\/wp-content\\\/uploads\\\/2025\\\/05\\\/yasmin-food-header-logo.png\",\"width\":330,\"height\":120,\"caption\":\"\u064a\u0627\u0633\u0645\u064a\u0646 \u0645\u0627\u0631\u0643\u062a\"},\"image\":{\"@id\":\"https:\\\/\\\/yasminfood.ch\\\/de\\\/#\\\/schema\\\/logo\\\/image\\\/\"},\"sameAs\":[\"https:\\\/\\\/www.facebook.com\\\/yasminmarkt1\",\"https:\\\/\\\/www.tiktok.com\\\/@yasminmarkt\",\"https:\\\/\\\/www.instagram.com\\\/yasmin.markt1\\\/\",\"https:\\\/\\\/api.whatsapp.com\\\/send\\\/?phone=41799000104\"],\"publishingPrinciples\":\"https:\\\/\\\/yasminfood.ch\\\/de\\\/shop\\\/\",\"ownershipFundingInfo\":\"https:\\\/\\\/yasminfood.ch\\\/de\\\/shop\\\/\"}]}<\/script>\n<meta property=\"product:price:amount\" content=\"6.00\" \/>\n<meta property=\"product:price:currency\" content=\"CHF\" \/>\n<meta property=\"og:availability\" content=\"out of stock\" \/>\n<meta property=\"product:availability\" content=\"out of stock\" \/>\n<meta property=\"product:condition\" content=\"new\" \/>\n<!-- \/ Yoast SEO Premium plugin. -->","yoast_head_json":{"title":"Siham Gum 20 St\u00fcck - Yasmin Food","description":"Siham-Gummi 20 St\u00fcck \"Siham-Gummi zeichnet sich durch seine gummiartige Textur und Elastizit\u00e4t aus. Siham-Gummi enth\u00e4lt Zucker, nat\u00fcrlichen oder synthetischen Kautschuk und andere Aromen, die ihm seinen unverwechselbaren Geschmack verleihen.","robots":{"index":"index","follow":"follow","max-snippet":"max-snippet:-1","max-image-preview":"max-image-preview:large","max-video-preview":"max-video-preview:-1"},"canonical":"https:\/\/yasminfood.ch\/de\/product\/siham-gum-20-stueck\/","og_locale":"de_DE","og_type":"article","og_title":"Siham Gum 20 St\u00fcck","og_description":"Siham Kaugummi 20 St\u00fcck \"Siham Kaugummi zeichnet sich durch seine gummiartige Textur und gute Elastizit\u00e4t aus. Siham-Kaugummi enth\u00e4lt wichtige","og_url":"https:\/\/yasminfood.ch\/de\/product\/siham-gum-20-stueck\/","og_site_name":"Yasmin Food","article_publisher":"https:\/\/www.facebook.com\/yasminmarkt1","article_modified_time":"2025-05-19T23:56:35+00:00","og_image":[{"width":945,"height":945,"url":"https:\/\/yasminfood.ch\/wp-content\/uploads\/2025\/05\/\u0639\u0644\u0643\u0629-\u0633\u0647\u0627\u0645-20-\u062d\u0628\u0629.png","type":"image\/png"}],"twitter_card":"summary_large_image","twitter_misc":{"Preis":"6.00&nbsp;&#67;&#72;&#70;","Verf\u00fcgbarkeit":"ausverkauft"},"schema":{"@context":"https:\/\/schema.org","@graph":[{"@type":"WebPage","@id":"https:\/\/yasminfood.ch\/de\/product\/siham-gum-20-stueck\/","url":"https:\/\/yasminfood.ch\/de\/product\/siham-gum-20-stueck\/","name":"Siham Gum 20 St\u00fcck - Yasmin Food","isPartOf":{"@id":"https:\/\/yasminfood.ch\/de\/#website"},"primaryImageOfPage":{"@id":"https:\/\/yasminfood.ch\/de\/product\/siham-gum-20-stueck\/#primaryimage"},"image":{"@id":"https:\/\/yasminfood.ch\/de\/product\/siham-gum-20-stueck\/#primaryimage"},"thumbnailUrl":"https:\/\/yasminfood.ch\/wp-content\/uploads\/2025\/05\/\u0639\u0644\u0643\u0629-\u0633\u0647\u0627\u0645-20-\u062d\u0628\u0629.png","datePublished":"2025-05-19T23:55:54+00:00","dateModified":"2025-05-19T23:56:35+00:00","description":"Siham-Gummi 20 St\u00fcck \"Siham-Gummi zeichnet sich durch seine gummiartige Textur und Elastizit\u00e4t aus. Siham-Gummi enth\u00e4lt Zucker, nat\u00fcrlichen oder synthetischen Kautschuk und andere Aromen, die ihm seinen unverwechselbaren Geschmack verleihen.","breadcrumb":{"@id":"https:\/\/yasminfood.ch\/de\/product\/siham-gum-20-stueck\/#breadcrumb"},"inLanguage":"de","potentialAction":[{"@type":"ReadAction","target":["https:\/\/yasminfood.ch\/de\/product\/siham-gum-20-stueck\/"]}]},{"@type":"ImageObject","inLanguage":"de","@id":"https:\/\/yasminfood.ch\/de\/product\/siham-gum-20-stueck\/#primaryimage","url":"https:\/\/yasminfood.ch\/wp-content\/uploads\/2025\/05\/\u0639\u0644\u0643\u0629-\u0633\u0647\u0627\u0645-20-\u062d\u0628\u0629.png","contentUrl":"https:\/\/yasminfood.ch\/wp-content\/uploads\/2025\/05\/\u0639\u0644\u0643\u0629-\u0633\u0647\u0627\u0645-20-\u062d\u0628\u0629.png","width":945,"height":945},{"@type":"BreadcrumbList","@id":"https:\/\/yasminfood.ch\/de\/product\/siham-gum-20-stueck\/#breadcrumb","itemListElement":[{"@type":"ListItem","position":1,"name":"\u0627\u0644\u0631\u0626\u064a\u0633\u064a\u0629","item":"https:\/\/yasminfood.ch\/de\/zuhause\/"},{"@type":"ListItem","position":2,"name":"Shop","item":"https:\/\/yasminfood.ch\/de\/shop\/"},{"@type":"ListItem","position":3,"name":"Dessert &amp; Chips","item":"https:\/\/yasminfood.ch\/de\/produkt-kategorie\/dessert-chips-2\/"},{"@type":"ListItem","position":4,"name":"Arabische s\u00fc\u00dfigkeiten","item":"https:\/\/yasminfood.ch\/de\/produkt-kategorie\/dessert-chips-2\/arabische-suessigkeiten\/"},{"@type":"ListItem","position":5,"name":"Siham Gum 20 St\u00fcck"}]},{"@type":"WebSite","@id":"https:\/\/yasminfood.ch\/de\/#website","url":"https:\/\/yasminfood.ch\/de\/","name":"\u064a\u0627\u0633\u0645\u064a\u0646 \u0645\u0627\u0631\u0643\u062a","description":"Alles, was Sie brauchen, an einem Ort","publisher":{"@id":"https:\/\/yasminfood.ch\/de\/#organization"},"alternateName":"Yasmin Food","potentialAction":[{"@type":"SearchAction","target":{"@type":"EntryPoint","urlTemplate":"https:\/\/yasminfood.ch\/de\/?s={search_term_string}"},"query-input":{"@type":"PropertyValueSpecification","valueRequired":true,"valueName":"search_term_string"}}],"inLanguage":"de"},{"@type":"Organization","@id":"https:\/\/yasminfood.ch\/de\/#organization","name":"\u064a\u0627\u0633\u0645\u064a\u0646 \u0645\u0627\u0631\u0643\u062a","alternateName":"Yasmin Food","url":"https:\/\/yasminfood.ch\/de\/","logo":{"@type":"ImageObject","inLanguage":"de","@id":"https:\/\/yasminfood.ch\/de\/#\/schema\/logo\/image\/","url":"https:\/\/yasminfood.ch\/wp-content\/uploads\/2025\/05\/yasmin-food-header-logo.png","contentUrl":"https:\/\/yasminfood.ch\/wp-content\/uploads\/2025\/05\/yasmin-food-header-logo.png","width":330,"height":120,"caption":"\u064a\u0627\u0633\u0645\u064a\u0646 \u0645\u0627\u0631\u0643\u062a"},"image":{"@id":"https:\/\/yasminfood.ch\/de\/#\/schema\/logo\/image\/"},"sameAs":["https:\/\/www.facebook.com\/yasminmarkt1","https:\/\/www.tiktok.com\/@yasminmarkt","https:\/\/www.instagram.com\/yasmin.markt1\/","https:\/\/api.whatsapp.com\/send\/?phone=41799000104"],"publishingPrinciples":"https:\/\/yasminfood.ch\/de\/shop\/","ownershipFundingInfo":"https:\/\/yasminfood.ch\/de\/shop\/"}]},"product_price_amount":"6.00","product_price_currency":"CHF","og_availability":"out of stock","product_availability":"out of stock","product_condition":"new"},"jetpack_sharing_enabled":true,"_links":{"self":[{"href":"https:\/\/yasminfood.ch\/de\/wp-json\/wp\/v2\/product\/111883","targetHints":{"allow":["GET"]}}],"collection":[{"href":"https:\/\/yasminfood.ch\/de\/wp-json\/wp\/v2\/product"}],"about":[{"href":"https:\/\/yasminfood.ch\/de\/wp-json\/wp\/v2\/types\/product"}],"replies":[{"embeddable":true,"href":"https:\/\/yasminfood.ch\/de\/wp-json\/wp\/v2\/comments?post=111883"}],"version-history":[{"count":0,"href":"https:\/\/yasminfood.ch\/de\/wp-json\/wp\/v2\/product\/111883\/revisions"}],"wp:featuredmedia":[{"embeddable":true,"href":"https:\/\/yasminfood.ch\/de\/wp-json\/wp\/v2\/media\/111880"}],"wp:attachment":[{"href":"https:\/\/yasminfood.ch\/de\/wp-json\/wp\/v2\/media?parent=111883"}],"wp:term":[{"taxonomy":"product_brand","embeddable":true,"href":"https:\/\/yasminfood.ch\/de\/wp-json\/wp\/v2\/product_brand?post=111883"},{"taxonomy":"product_cat","embeddable":true,"href":"https:\/\/yasminfood.ch\/de\/wp-json\/wp\/v2\/product_cat?post=111883"},{"taxonomy":"product_tag","embeddable":true,"href":"https:\/\/yasminfood.ch\/de\/wp-json\/wp\/v2\/product_tag?post=111883"}],"curies":[{"name":"wp","href":"https:\/\/api.w.org\/{rel}","templated":true}]}}