{"id":111889,"date":"2025-05-20T02:00:22","date_gmt":"2025-05-20T00:01:06","guid":{"rendered":"https:\/\/yasminfood.ch\/product\/cola-ballongummi-24-stueck\/"},"modified":"2025-05-20T02:01:06","modified_gmt":"2025-05-20T00:01:06","slug":"cola-ballongummi-24-stueck","status":"publish","type":"product","link":"https:\/\/yasminfood.ch\/de\/product\/cola-ballongummi-24-stueck\/","title":{"rendered":"Cola Ballongummi 24 St\u00fcck"},"content":{"rendered":"<p>Cola Ballongummi 24 St\u00fcck Ballongummi mit dem Geschmack von Cola, der sich durch seinen k\u00f6stlichen s\u00fc\u00dfen Geschmack und duftenden Geruch auszeichnet, au\u00dferdem verleiht der Ballongummi einen frischen und reinen Atem, so dass es oft nach den Mahlzeiten mit einem starken Geruch gegessen wird, um den Geruch des Mundes zu ver\u00e4ndern, und das Cola-Ballongummi wurde haupts\u00e4chlich aus R\u00e4uchergummi hergestellt und die Zugabe von Aromen und Farbstoffen aus Cola, um ein Cola-Kaugummi zu bilden, das sich durch einen k\u00f6stlichen Geschmack und eine erfrischende Farbe auszeichnet, Ballongummi hat auch viele Vorteile, da es das Spannungsgef\u00fchl reduziert und das Gehirn daf\u00fcr aktiviert Es wird h\u00e4ufig von Sportlern und Menschen verwendet, die daran interessiert sind, Gewicht zu reduzieren oder ihre k\u00f6rperliche Verfassung zu erhalten, zumal das Kauen von Ballongummi dem K\u00f6rper ein S\u00e4ttigungsgef\u00fchl und kein Hungergef\u00fchl vermittelt und auf die beste Weise gespart wurde, um die Sicherheit des Produkts zu gew\u00e4hrleisten.      <\/p>\n","protected":false},"excerpt":{"rendered":"<p>Cola Ballongummi 24 St\u00fcck Ballongummi mit dem Geschmack von Cola, der sich durch seinen k\u00f6stlichen s\u00fc\u00dfen Geschmack und duftenden Geruch<\/p>\n","protected":false},"featured_media":111887,"comment_status":"open","ping_status":"closed","template":"","meta":[],"product_brand":[],"product_cat":[301,297,310],"product_tag":[],"class_list":{"0":"post-111889","1":"product","2":"type-product","3":"status-publish","4":"has-post-thumbnail","6":"product_cat-arabische-suessigkeiten","7":"product_cat-dessert-chips-2","8":"product_cat-suessigkeiten-schokolade","10":"first","11":"outofstock","12":"taxable","13":"shipping-taxable","14":"purchasable","15":"product-type-simple"},"yoast_head":"<!-- This site is optimized with the Yoast SEO Premium plugin v26.5 (Yoast SEO v27.5) - https:\/\/yoast.com\/product\/yoast-seo-premium-wordpress\/ -->\n<title>Cola Ballongummi 24 St\u00fcck - Yasmin Food<\/title>\n<meta name=\"description\" content=\"Cola Ballongummi 24 St\u00fcck Ballongummi mit dem Geschmack von Cola, der sich durch seinen k\u00f6stlichen s\u00fc\u00dfen Geschmack und duftenden Geruch auszeichnet, au\u00dferdem verleiht der Ballongummi einen frischen und reinen Atem\" \/>\n<meta name=\"robots\" content=\"index, follow, max-snippet:-1, max-image-preview:large, max-video-preview:-1\" \/>\n<link rel=\"canonical\" href=\"https:\/\/yasminfood.ch\/de\/product\/cola-ballongummi-24-stueck\/\" \/>\n<meta property=\"og:locale\" content=\"de_DE\" \/>\n<meta property=\"og:type\" content=\"article\" \/>\n<meta property=\"og:title\" content=\"Cola Ballongummi 24 St\u00fcck\" \/>\n<meta property=\"og:description\" content=\"Cola Ballongummi 24 St\u00fcck Ballongummi mit dem Geschmack von Cola, der sich durch seinen k\u00f6stlichen s\u00fc\u00dfen Geschmack und duftenden Geruch auszeichnet,\" \/>\n<meta property=\"og:url\" content=\"https:\/\/yasminfood.ch\/de\/product\/cola-ballongummi-24-stueck\/\" \/>\n<meta property=\"og:site_name\" content=\"Yasmin Food\" \/>\n<meta property=\"article:publisher\" content=\"https:\/\/www.facebook.com\/yasminmarkt1\" \/>\n<meta property=\"og:image\" content=\"https:\/\/yasminfood.ch\/wp-content\/uploads\/2025\/05\/\u0639\u0644\u0643\u0629-\u0645\u0646\u0637\u0627\u062f\u0643\u0648\u0644\u0627-24\u062d\u0628\u0629.png\" \/>\n\t<meta property=\"og:image:width\" content=\"945\" \/>\n\t<meta property=\"og:image:height\" content=\"945\" \/>\n\t<meta property=\"og:image:type\" content=\"image\/png\" \/>\n<meta name=\"twitter:card\" content=\"summary_large_image\" \/>\n<meta name=\"twitter:label1\" content=\"Preis\" \/>\n\t<meta name=\"twitter:data1\" content=\"5.00&nbsp;&#067;&#072;&#070;\" \/>\n\t<meta name=\"twitter:label2\" content=\"Verf\u00fcgbarkeit\" \/>\n\t<meta name=\"twitter:data2\" content=\"ausverkauft\" \/>\n<script type=\"application\/ld+json\" class=\"yoast-schema-graph\">{\"@context\":\"https:\\\/\\\/schema.org\",\"@graph\":[{\"@type\":\"WebPage\",\"@id\":\"https:\\\/\\\/yasminfood.ch\\\/de\\\/product\\\/cola-ballongummi-24-stueck\\\/\",\"url\":\"https:\\\/\\\/yasminfood.ch\\\/de\\\/product\\\/cola-ballongummi-24-stueck\\\/\",\"name\":\"Cola Ballongummi 24 St\u00fcck - Yasmin Food\",\"isPartOf\":{\"@id\":\"https:\\\/\\\/yasminfood.ch\\\/de\\\/#website\"},\"primaryImageOfPage\":{\"@id\":\"https:\\\/\\\/yasminfood.ch\\\/de\\\/product\\\/cola-ballongummi-24-stueck\\\/#primaryimage\"},\"image\":{\"@id\":\"https:\\\/\\\/yasminfood.ch\\\/de\\\/product\\\/cola-ballongummi-24-stueck\\\/#primaryimage\"},\"thumbnailUrl\":\"https:\\\/\\\/yasminfood.ch\\\/wp-content\\\/uploads\\\/2025\\\/05\\\/\u0639\u0644\u0643\u0629-\u0645\u0646\u0637\u0627\u062f\u0643\u0648\u0644\u0627-24\u062d\u0628\u0629.png\",\"datePublished\":\"2025-05-20T00:01:06+00:00\",\"description\":\"Cola Ballongummi 24 St\u00fcck Ballongummi mit dem Geschmack von Cola, der sich durch seinen k\u00f6stlichen s\u00fc\u00dfen Geschmack und duftenden Geruch auszeichnet, au\u00dferdem verleiht der Ballongummi einen frischen und reinen Atem\",\"breadcrumb\":{\"@id\":\"https:\\\/\\\/yasminfood.ch\\\/de\\\/product\\\/cola-ballongummi-24-stueck\\\/#breadcrumb\"},\"inLanguage\":\"de\",\"potentialAction\":[{\"@type\":\"ReadAction\",\"target\":[\"https:\\\/\\\/yasminfood.ch\\\/de\\\/product\\\/cola-ballongummi-24-stueck\\\/\"]}]},{\"@type\":\"ImageObject\",\"inLanguage\":\"de\",\"@id\":\"https:\\\/\\\/yasminfood.ch\\\/de\\\/product\\\/cola-ballongummi-24-stueck\\\/#primaryimage\",\"url\":\"https:\\\/\\\/yasminfood.ch\\\/wp-content\\\/uploads\\\/2025\\\/05\\\/\u0639\u0644\u0643\u0629-\u0645\u0646\u0637\u0627\u062f\u0643\u0648\u0644\u0627-24\u062d\u0628\u0629.png\",\"contentUrl\":\"https:\\\/\\\/yasminfood.ch\\\/wp-content\\\/uploads\\\/2025\\\/05\\\/\u0639\u0644\u0643\u0629-\u0645\u0646\u0637\u0627\u062f\u0643\u0648\u0644\u0627-24\u062d\u0628\u0629.png\",\"width\":945,\"height\":945},{\"@type\":\"BreadcrumbList\",\"@id\":\"https:\\\/\\\/yasminfood.ch\\\/de\\\/product\\\/cola-ballongummi-24-stueck\\\/#breadcrumb\",\"itemListElement\":[{\"@type\":\"ListItem\",\"position\":1,\"name\":\"\u0627\u0644\u0631\u0626\u064a\u0633\u064a\u0629\",\"item\":\"https:\\\/\\\/yasminfood.ch\\\/de\\\/zuhause\\\/\"},{\"@type\":\"ListItem\",\"position\":2,\"name\":\"Shop\",\"item\":\"https:\\\/\\\/yasminfood.ch\\\/de\\\/shop\\\/\"},{\"@type\":\"ListItem\",\"position\":3,\"name\":\"Dessert &amp; Chips\",\"item\":\"https:\\\/\\\/yasminfood.ch\\\/de\\\/produkt-kategorie\\\/dessert-chips-2\\\/\"},{\"@type\":\"ListItem\",\"position\":4,\"name\":\"Cola Ballongummi 24 St\u00fcck\"}]},{\"@type\":\"WebSite\",\"@id\":\"https:\\\/\\\/yasminfood.ch\\\/de\\\/#website\",\"url\":\"https:\\\/\\\/yasminfood.ch\\\/de\\\/\",\"name\":\"\u064a\u0627\u0633\u0645\u064a\u0646 \u0645\u0627\u0631\u0643\u062a\",\"description\":\"Alles, was Sie brauchen, an einem Ort\",\"publisher\":{\"@id\":\"https:\\\/\\\/yasminfood.ch\\\/de\\\/#organization\"},\"alternateName\":\"Yasmin Food\",\"potentialAction\":[{\"@type\":\"SearchAction\",\"target\":{\"@type\":\"EntryPoint\",\"urlTemplate\":\"https:\\\/\\\/yasminfood.ch\\\/de\\\/?s={search_term_string}\"},\"query-input\":{\"@type\":\"PropertyValueSpecification\",\"valueRequired\":true,\"valueName\":\"search_term_string\"}}],\"inLanguage\":\"de\"},{\"@type\":\"Organization\",\"@id\":\"https:\\\/\\\/yasminfood.ch\\\/de\\\/#organization\",\"name\":\"\u064a\u0627\u0633\u0645\u064a\u0646 \u0645\u0627\u0631\u0643\u062a\",\"alternateName\":\"Yasmin Food\",\"url\":\"https:\\\/\\\/yasminfood.ch\\\/de\\\/\",\"logo\":{\"@type\":\"ImageObject\",\"inLanguage\":\"de\",\"@id\":\"https:\\\/\\\/yasminfood.ch\\\/de\\\/#\\\/schema\\\/logo\\\/image\\\/\",\"url\":\"https:\\\/\\\/yasminfood.ch\\\/wp-content\\\/uploads\\\/2025\\\/05\\\/yasmin-food-header-logo.png\",\"contentUrl\":\"https:\\\/\\\/yasminfood.ch\\\/wp-content\\\/uploads\\\/2025\\\/05\\\/yasmin-food-header-logo.png\",\"width\":330,\"height\":120,\"caption\":\"\u064a\u0627\u0633\u0645\u064a\u0646 \u0645\u0627\u0631\u0643\u062a\"},\"image\":{\"@id\":\"https:\\\/\\\/yasminfood.ch\\\/de\\\/#\\\/schema\\\/logo\\\/image\\\/\"},\"sameAs\":[\"https:\\\/\\\/www.facebook.com\\\/yasminmarkt1\",\"https:\\\/\\\/www.tiktok.com\\\/@yasminmarkt\",\"https:\\\/\\\/www.instagram.com\\\/yasmin.markt1\\\/\",\"https:\\\/\\\/api.whatsapp.com\\\/send\\\/?phone=41799000104\"],\"publishingPrinciples\":\"https:\\\/\\\/yasminfood.ch\\\/de\\\/shop\\\/\",\"ownershipFundingInfo\":\"https:\\\/\\\/yasminfood.ch\\\/de\\\/shop\\\/\"}]}<\/script>\n<meta property=\"product:price:amount\" content=\"5.00\" \/>\n<meta property=\"product:price:currency\" content=\"CHF\" \/>\n<meta property=\"og:availability\" content=\"out of stock\" \/>\n<meta property=\"product:availability\" content=\"out of stock\" \/>\n<meta property=\"product:condition\" content=\"new\" \/>\n<!-- \/ Yoast SEO Premium plugin. -->","yoast_head_json":{"title":"Cola Ballongummi 24 St\u00fcck - Yasmin Food","description":"Cola Ballongummi 24 St\u00fcck Ballongummi mit dem Geschmack von Cola, der sich durch seinen k\u00f6stlichen s\u00fc\u00dfen Geschmack und duftenden Geruch auszeichnet, au\u00dferdem verleiht der Ballongummi einen frischen und reinen Atem","robots":{"index":"index","follow":"follow","max-snippet":"max-snippet:-1","max-image-preview":"max-image-preview:large","max-video-preview":"max-video-preview:-1"},"canonical":"https:\/\/yasminfood.ch\/de\/product\/cola-ballongummi-24-stueck\/","og_locale":"de_DE","og_type":"article","og_title":"Cola Ballongummi 24 St\u00fcck","og_description":"Cola Ballongummi 24 St\u00fcck Ballongummi mit dem Geschmack von Cola, der sich durch seinen k\u00f6stlichen s\u00fc\u00dfen Geschmack und duftenden Geruch auszeichnet,","og_url":"https:\/\/yasminfood.ch\/de\/product\/cola-ballongummi-24-stueck\/","og_site_name":"Yasmin Food","article_publisher":"https:\/\/www.facebook.com\/yasminmarkt1","og_image":[{"width":945,"height":945,"url":"https:\/\/yasminfood.ch\/wp-content\/uploads\/2025\/05\/\u0639\u0644\u0643\u0629-\u0645\u0646\u0637\u0627\u062f\u0643\u0648\u0644\u0627-24\u062d\u0628\u0629.png","type":"image\/png"}],"twitter_card":"summary_large_image","twitter_misc":{"Preis":"5.00&nbsp;&#67;&#72;&#70;","Verf\u00fcgbarkeit":"ausverkauft"},"schema":{"@context":"https:\/\/schema.org","@graph":[{"@type":"WebPage","@id":"https:\/\/yasminfood.ch\/de\/product\/cola-ballongummi-24-stueck\/","url":"https:\/\/yasminfood.ch\/de\/product\/cola-ballongummi-24-stueck\/","name":"Cola Ballongummi 24 St\u00fcck - Yasmin Food","isPartOf":{"@id":"https:\/\/yasminfood.ch\/de\/#website"},"primaryImageOfPage":{"@id":"https:\/\/yasminfood.ch\/de\/product\/cola-ballongummi-24-stueck\/#primaryimage"},"image":{"@id":"https:\/\/yasminfood.ch\/de\/product\/cola-ballongummi-24-stueck\/#primaryimage"},"thumbnailUrl":"https:\/\/yasminfood.ch\/wp-content\/uploads\/2025\/05\/\u0639\u0644\u0643\u0629-\u0645\u0646\u0637\u0627\u062f\u0643\u0648\u0644\u0627-24\u062d\u0628\u0629.png","datePublished":"2025-05-20T00:01:06+00:00","description":"Cola Ballongummi 24 St\u00fcck Ballongummi mit dem Geschmack von Cola, der sich durch seinen k\u00f6stlichen s\u00fc\u00dfen Geschmack und duftenden Geruch auszeichnet, au\u00dferdem verleiht der Ballongummi einen frischen und reinen Atem","breadcrumb":{"@id":"https:\/\/yasminfood.ch\/de\/product\/cola-ballongummi-24-stueck\/#breadcrumb"},"inLanguage":"de","potentialAction":[{"@type":"ReadAction","target":["https:\/\/yasminfood.ch\/de\/product\/cola-ballongummi-24-stueck\/"]}]},{"@type":"ImageObject","inLanguage":"de","@id":"https:\/\/yasminfood.ch\/de\/product\/cola-ballongummi-24-stueck\/#primaryimage","url":"https:\/\/yasminfood.ch\/wp-content\/uploads\/2025\/05\/\u0639\u0644\u0643\u0629-\u0645\u0646\u0637\u0627\u062f\u0643\u0648\u0644\u0627-24\u062d\u0628\u0629.png","contentUrl":"https:\/\/yasminfood.ch\/wp-content\/uploads\/2025\/05\/\u0639\u0644\u0643\u0629-\u0645\u0646\u0637\u0627\u062f\u0643\u0648\u0644\u0627-24\u062d\u0628\u0629.png","width":945,"height":945},{"@type":"BreadcrumbList","@id":"https:\/\/yasminfood.ch\/de\/product\/cola-ballongummi-24-stueck\/#breadcrumb","itemListElement":[{"@type":"ListItem","position":1,"name":"\u0627\u0644\u0631\u0626\u064a\u0633\u064a\u0629","item":"https:\/\/yasminfood.ch\/de\/zuhause\/"},{"@type":"ListItem","position":2,"name":"Shop","item":"https:\/\/yasminfood.ch\/de\/shop\/"},{"@type":"ListItem","position":3,"name":"Dessert &amp; Chips","item":"https:\/\/yasminfood.ch\/de\/produkt-kategorie\/dessert-chips-2\/"},{"@type":"ListItem","position":4,"name":"Cola Ballongummi 24 St\u00fcck"}]},{"@type":"WebSite","@id":"https:\/\/yasminfood.ch\/de\/#website","url":"https:\/\/yasminfood.ch\/de\/","name":"\u064a\u0627\u0633\u0645\u064a\u0646 \u0645\u0627\u0631\u0643\u062a","description":"Alles, was Sie brauchen, an einem Ort","publisher":{"@id":"https:\/\/yasminfood.ch\/de\/#organization"},"alternateName":"Yasmin Food","potentialAction":[{"@type":"SearchAction","target":{"@type":"EntryPoint","urlTemplate":"https:\/\/yasminfood.ch\/de\/?s={search_term_string}"},"query-input":{"@type":"PropertyValueSpecification","valueRequired":true,"valueName":"search_term_string"}}],"inLanguage":"de"},{"@type":"Organization","@id":"https:\/\/yasminfood.ch\/de\/#organization","name":"\u064a\u0627\u0633\u0645\u064a\u0646 \u0645\u0627\u0631\u0643\u062a","alternateName":"Yasmin Food","url":"https:\/\/yasminfood.ch\/de\/","logo":{"@type":"ImageObject","inLanguage":"de","@id":"https:\/\/yasminfood.ch\/de\/#\/schema\/logo\/image\/","url":"https:\/\/yasminfood.ch\/wp-content\/uploads\/2025\/05\/yasmin-food-header-logo.png","contentUrl":"https:\/\/yasminfood.ch\/wp-content\/uploads\/2025\/05\/yasmin-food-header-logo.png","width":330,"height":120,"caption":"\u064a\u0627\u0633\u0645\u064a\u0646 \u0645\u0627\u0631\u0643\u062a"},"image":{"@id":"https:\/\/yasminfood.ch\/de\/#\/schema\/logo\/image\/"},"sameAs":["https:\/\/www.facebook.com\/yasminmarkt1","https:\/\/www.tiktok.com\/@yasminmarkt","https:\/\/www.instagram.com\/yasmin.markt1\/","https:\/\/api.whatsapp.com\/send\/?phone=41799000104"],"publishingPrinciples":"https:\/\/yasminfood.ch\/de\/shop\/","ownershipFundingInfo":"https:\/\/yasminfood.ch\/de\/shop\/"}]},"product_price_amount":"5.00","product_price_currency":"CHF","og_availability":"out of stock","product_availability":"out of stock","product_condition":"new"},"jetpack_sharing_enabled":true,"_links":{"self":[{"href":"https:\/\/yasminfood.ch\/de\/wp-json\/wp\/v2\/product\/111889","targetHints":{"allow":["GET"]}}],"collection":[{"href":"https:\/\/yasminfood.ch\/de\/wp-json\/wp\/v2\/product"}],"about":[{"href":"https:\/\/yasminfood.ch\/de\/wp-json\/wp\/v2\/types\/product"}],"replies":[{"embeddable":true,"href":"https:\/\/yasminfood.ch\/de\/wp-json\/wp\/v2\/comments?post=111889"}],"version-history":[{"count":0,"href":"https:\/\/yasminfood.ch\/de\/wp-json\/wp\/v2\/product\/111889\/revisions"}],"wp:featuredmedia":[{"embeddable":true,"href":"https:\/\/yasminfood.ch\/de\/wp-json\/wp\/v2\/media\/111887"}],"wp:attachment":[{"href":"https:\/\/yasminfood.ch\/de\/wp-json\/wp\/v2\/media?parent=111889"}],"wp:term":[{"taxonomy":"product_brand","embeddable":true,"href":"https:\/\/yasminfood.ch\/de\/wp-json\/wp\/v2\/product_brand?post=111889"},{"taxonomy":"product_cat","embeddable":true,"href":"https:\/\/yasminfood.ch\/de\/wp-json\/wp\/v2\/product_cat?post=111889"},{"taxonomy":"product_tag","embeddable":true,"href":"https:\/\/yasminfood.ch\/de\/wp-json\/wp\/v2\/product_tag?post=111889"}],"curies":[{"name":"wp","href":"https:\/\/api.w.org\/{rel}","templated":true}]}}