{"id":111912,"date":"2025-05-20T12:38:53","date_gmt":"2025-05-20T10:39:45","guid":{"rendered":"https:\/\/yasminfood.ch\/product\/irakischer-tahini-rashi-330g\/"},"modified":"2025-05-20T12:39:45","modified_gmt":"2025-05-20T10:39:45","slug":"irakischer-tahini-rashi-330g","status":"publish","type":"product","link":"https:\/\/yasminfood.ch\/de\/product\/irakischer-tahini-rashi-330g\/","title":{"rendered":"Irakischer Tahini Rashi 330g"},"content":{"rendered":"<p>Irakisches Tahini Rashi 330g Sesam-Tahini mit einer zusammenh\u00e4ngenden Textur und einem k\u00f6stlichen Geschmack, Sesam-Tahini wird zu verschiedenen Arten von Kr\u00fcmeln, Bohnen mit Tahini, Rosenkranz und vielen anderen Lebensmitteln sowie zu Traubenmelasse und Dattelmelasse hinzugef\u00fcgt, um einen k\u00f6stlichen Geschmack zu verleihen, dem man nicht widerstehen kann  <\/p>\n","protected":false},"excerpt":{"rendered":"<p>Irakisches Tahini Rashi 330g Sesam-Tahini mit einer zusammenh\u00e4ngenden Textur und einem k\u00f6stlichen Geschmack, Sesam-Tahini wird zu verschiedenen Arten von Kr\u00fcmeln,<\/p>\n","protected":false},"featured_media":111909,"comment_status":"open","ping_status":"closed","template":"","meta":[],"product_brand":[],"product_cat":[245,277],"product_tag":[2164,1916],"class_list":{"0":"post-111912","1":"product","2":"type-product","3":"status-publish","4":"has-post-thumbnail","6":"product_cat-konserven-lebensmittel","7":"product_cat-tahini-de","8":"product_tag-raschi","9":"product_tag-tahini-extra-de","11":"first","12":"instock","13":"taxable","14":"shipping-taxable","15":"purchasable","16":"product-type-simple"},"yoast_head":"<!-- This site is optimized with the Yoast SEO Premium plugin v26.5 (Yoast SEO v27.3) - https:\/\/yoast.com\/product\/yoast-seo-premium-wordpress\/ -->\n<title>Irakischer Tahini Rashi 330g - Yasmin Food<\/title>\n<meta name=\"description\" content=\"Irakisches Tahini Rashi 330g Sesam-Tahini mit einer zusammenh\u00e4ngenden Textur und k\u00f6stlichem Geschmack, Sesam-Tahini wird zu verschiedenen Arten von Kr\u00fcmeln, Bohnen mit Tahini, Rosenkranz und vielen anderen Lebensmitteln hinzugef\u00fcgt\" \/>\n<meta name=\"robots\" content=\"index, follow, max-snippet:-1, max-image-preview:large, max-video-preview:-1\" \/>\n<link rel=\"canonical\" href=\"https:\/\/yasminfood.ch\/de\/product\/irakischer-tahini-rashi-330g\/\" \/>\n<meta property=\"og:locale\" content=\"de_DE\" \/>\n<meta property=\"og:type\" content=\"article\" \/>\n<meta property=\"og:title\" content=\"Irakischer Tahini Rashi 330g\" \/>\n<meta property=\"og:description\" content=\"Irakisches Tahini Rashi 330g Sesam-Tahini mit einer zusammenh\u00e4ngenden Textur und einem k\u00f6stlichen Geschmack, Sesam-Tahini wird zu verschiedenen Arten von\" \/>\n<meta property=\"og:url\" content=\"https:\/\/yasminfood.ch\/de\/product\/irakischer-tahini-rashi-330g\/\" \/>\n<meta property=\"og:site_name\" content=\"Yasmin Food\" \/>\n<meta property=\"article:publisher\" content=\"https:\/\/www.facebook.com\/yasminmarkt1\" \/>\n<meta property=\"og:image\" content=\"https:\/\/yasminfood.ch\/wp-content\/uploads\/2025\/05\/\u0637\u062d\u064a\u0646\u0629-\u0627\u0644\u0639\u0631\u0627\u0642\u064a-\u0631\u0627\u0634\u064a-330\u063a.png\" \/>\n\t<meta property=\"og:image:width\" content=\"1080\" \/>\n\t<meta property=\"og:image:height\" content=\"1080\" \/>\n\t<meta property=\"og:image:type\" content=\"image\/png\" \/>\n<meta name=\"twitter:card\" content=\"summary_large_image\" \/>\n<meta name=\"twitter:label1\" content=\"Preis\" \/>\n\t<meta name=\"twitter:data1\" content=\"5.50&nbsp;&#067;&#072;&#070;\" \/>\n\t<meta name=\"twitter:label2\" content=\"Verf\u00fcgbarkeit\" \/>\n\t<meta name=\"twitter:data2\" content=\"Auf Lager\" \/>\n<script type=\"application\/ld+json\" class=\"yoast-schema-graph\">{\"@context\":\"https:\\\/\\\/schema.org\",\"@graph\":[{\"@type\":\"WebPage\",\"@id\":\"https:\\\/\\\/yasminfood.ch\\\/de\\\/product\\\/irakischer-tahini-rashi-330g\\\/\",\"url\":\"https:\\\/\\\/yasminfood.ch\\\/de\\\/product\\\/irakischer-tahini-rashi-330g\\\/\",\"name\":\"Irakischer Tahini Rashi 330g - Yasmin Food\",\"isPartOf\":{\"@id\":\"https:\\\/\\\/yasminfood.ch\\\/de\\\/#website\"},\"primaryImageOfPage\":{\"@id\":\"https:\\\/\\\/yasminfood.ch\\\/de\\\/product\\\/irakischer-tahini-rashi-330g\\\/#primaryimage\"},\"image\":{\"@id\":\"https:\\\/\\\/yasminfood.ch\\\/de\\\/product\\\/irakischer-tahini-rashi-330g\\\/#primaryimage\"},\"thumbnailUrl\":\"https:\\\/\\\/yasminfood.ch\\\/wp-content\\\/uploads\\\/2025\\\/05\\\/\u0637\u062d\u064a\u0646\u0629-\u0627\u0644\u0639\u0631\u0627\u0642\u064a-\u0631\u0627\u0634\u064a-330\u063a.png\",\"datePublished\":\"2025-05-20T10:39:45+00:00\",\"description\":\"Irakisches Tahini Rashi 330g Sesam-Tahini mit einer zusammenh\u00e4ngenden Textur und k\u00f6stlichem Geschmack, Sesam-Tahini wird zu verschiedenen Arten von Kr\u00fcmeln, Bohnen mit Tahini, Rosenkranz und vielen anderen Lebensmitteln hinzugef\u00fcgt\",\"breadcrumb\":{\"@id\":\"https:\\\/\\\/yasminfood.ch\\\/de\\\/product\\\/irakischer-tahini-rashi-330g\\\/#breadcrumb\"},\"inLanguage\":\"de\",\"potentialAction\":[{\"@type\":\"ReadAction\",\"target\":[\"https:\\\/\\\/yasminfood.ch\\\/de\\\/product\\\/irakischer-tahini-rashi-330g\\\/\"]}]},{\"@type\":\"ImageObject\",\"inLanguage\":\"de\",\"@id\":\"https:\\\/\\\/yasminfood.ch\\\/de\\\/product\\\/irakischer-tahini-rashi-330g\\\/#primaryimage\",\"url\":\"https:\\\/\\\/yasminfood.ch\\\/wp-content\\\/uploads\\\/2025\\\/05\\\/\u0637\u062d\u064a\u0646\u0629-\u0627\u0644\u0639\u0631\u0627\u0642\u064a-\u0631\u0627\u0634\u064a-330\u063a.png\",\"contentUrl\":\"https:\\\/\\\/yasminfood.ch\\\/wp-content\\\/uploads\\\/2025\\\/05\\\/\u0637\u062d\u064a\u0646\u0629-\u0627\u0644\u0639\u0631\u0627\u0642\u064a-\u0631\u0627\u0634\u064a-330\u063a.png\",\"width\":1080,\"height\":1080},{\"@type\":\"BreadcrumbList\",\"@id\":\"https:\\\/\\\/yasminfood.ch\\\/de\\\/product\\\/irakischer-tahini-rashi-330g\\\/#breadcrumb\",\"itemListElement\":[{\"@type\":\"ListItem\",\"position\":1,\"name\":\"\u0627\u0644\u0631\u0626\u064a\u0633\u064a\u0629\",\"item\":\"https:\\\/\\\/yasminfood.ch\\\/de\\\/zuhause\\\/\"},{\"@type\":\"ListItem\",\"position\":2,\"name\":\"Shop\",\"item\":\"https:\\\/\\\/yasminfood.ch\\\/de\\\/shop\\\/\"},{\"@type\":\"ListItem\",\"position\":3,\"name\":\"Konserven - Lebensmittel\",\"item\":\"https:\\\/\\\/yasminfood.ch\\\/de\\\/produkt-kategorie\\\/konserven-lebensmittel\\\/\"},{\"@type\":\"ListItem\",\"position\":4,\"name\":\"Irakischer Tahini Rashi 330g\"}]},{\"@type\":\"WebSite\",\"@id\":\"https:\\\/\\\/yasminfood.ch\\\/de\\\/#website\",\"url\":\"https:\\\/\\\/yasminfood.ch\\\/de\\\/\",\"name\":\"\u064a\u0627\u0633\u0645\u064a\u0646 \u0645\u0627\u0631\u0643\u062a\",\"description\":\"Alles, was Sie brauchen, an einem Ort\",\"publisher\":{\"@id\":\"https:\\\/\\\/yasminfood.ch\\\/de\\\/#organization\"},\"alternateName\":\"Yasmin Food\",\"potentialAction\":[{\"@type\":\"SearchAction\",\"target\":{\"@type\":\"EntryPoint\",\"urlTemplate\":\"https:\\\/\\\/yasminfood.ch\\\/de\\\/?s={search_term_string}\"},\"query-input\":{\"@type\":\"PropertyValueSpecification\",\"valueRequired\":true,\"valueName\":\"search_term_string\"}}],\"inLanguage\":\"de\"},{\"@type\":\"Organization\",\"@id\":\"https:\\\/\\\/yasminfood.ch\\\/de\\\/#organization\",\"name\":\"\u064a\u0627\u0633\u0645\u064a\u0646 \u0645\u0627\u0631\u0643\u062a\",\"alternateName\":\"Yasmin Food\",\"url\":\"https:\\\/\\\/yasminfood.ch\\\/de\\\/\",\"logo\":{\"@type\":\"ImageObject\",\"inLanguage\":\"de\",\"@id\":\"https:\\\/\\\/yasminfood.ch\\\/de\\\/#\\\/schema\\\/logo\\\/image\\\/\",\"url\":\"https:\\\/\\\/yasminfood.ch\\\/wp-content\\\/uploads\\\/2025\\\/05\\\/yasmin-food-header-logo.png\",\"contentUrl\":\"https:\\\/\\\/yasminfood.ch\\\/wp-content\\\/uploads\\\/2025\\\/05\\\/yasmin-food-header-logo.png\",\"width\":330,\"height\":120,\"caption\":\"\u064a\u0627\u0633\u0645\u064a\u0646 \u0645\u0627\u0631\u0643\u062a\"},\"image\":{\"@id\":\"https:\\\/\\\/yasminfood.ch\\\/de\\\/#\\\/schema\\\/logo\\\/image\\\/\"},\"sameAs\":[\"https:\\\/\\\/www.facebook.com\\\/yasminmarkt1\",\"https:\\\/\\\/www.tiktok.com\\\/@yasminmarkt\",\"https:\\\/\\\/www.instagram.com\\\/yasmin.markt1\\\/\",\"https:\\\/\\\/api.whatsapp.com\\\/send\\\/?phone=41799000104\"],\"publishingPrinciples\":\"https:\\\/\\\/yasminfood.ch\\\/de\\\/shop\\\/\",\"ownershipFundingInfo\":\"https:\\\/\\\/yasminfood.ch\\\/de\\\/shop\\\/\"}]}<\/script>\n<meta property=\"product:price:amount\" content=\"5.50\" \/>\n<meta property=\"product:price:currency\" content=\"CHF\" \/>\n<meta property=\"og:availability\" content=\"instock\" \/>\n<meta property=\"product:availability\" content=\"instock\" \/>\n<meta property=\"product:condition\" content=\"new\" \/>\n<!-- \/ Yoast SEO Premium plugin. -->","yoast_head_json":{"title":"Irakischer Tahini Rashi 330g - Yasmin Food","description":"Irakisches Tahini Rashi 330g Sesam-Tahini mit einer zusammenh\u00e4ngenden Textur und k\u00f6stlichem Geschmack, Sesam-Tahini wird zu verschiedenen Arten von Kr\u00fcmeln, Bohnen mit Tahini, Rosenkranz und vielen anderen Lebensmitteln hinzugef\u00fcgt","robots":{"index":"index","follow":"follow","max-snippet":"max-snippet:-1","max-image-preview":"max-image-preview:large","max-video-preview":"max-video-preview:-1"},"canonical":"https:\/\/yasminfood.ch\/de\/product\/irakischer-tahini-rashi-330g\/","og_locale":"de_DE","og_type":"article","og_title":"Irakischer Tahini Rashi 330g","og_description":"Irakisches Tahini Rashi 330g Sesam-Tahini mit einer zusammenh\u00e4ngenden Textur und einem k\u00f6stlichen Geschmack, Sesam-Tahini wird zu verschiedenen Arten von","og_url":"https:\/\/yasminfood.ch\/de\/product\/irakischer-tahini-rashi-330g\/","og_site_name":"Yasmin Food","article_publisher":"https:\/\/www.facebook.com\/yasminmarkt1","og_image":[{"width":1080,"height":1080,"url":"https:\/\/yasminfood.ch\/wp-content\/uploads\/2025\/05\/\u0637\u062d\u064a\u0646\u0629-\u0627\u0644\u0639\u0631\u0627\u0642\u064a-\u0631\u0627\u0634\u064a-330\u063a.png","type":"image\/png"}],"twitter_card":"summary_large_image","twitter_misc":{"Preis":"5.50&nbsp;&#67;&#72;&#70;","Verf\u00fcgbarkeit":"Auf Lager"},"schema":{"@context":"https:\/\/schema.org","@graph":[{"@type":"WebPage","@id":"https:\/\/yasminfood.ch\/de\/product\/irakischer-tahini-rashi-330g\/","url":"https:\/\/yasminfood.ch\/de\/product\/irakischer-tahini-rashi-330g\/","name":"Irakischer Tahini Rashi 330g - Yasmin Food","isPartOf":{"@id":"https:\/\/yasminfood.ch\/de\/#website"},"primaryImageOfPage":{"@id":"https:\/\/yasminfood.ch\/de\/product\/irakischer-tahini-rashi-330g\/#primaryimage"},"image":{"@id":"https:\/\/yasminfood.ch\/de\/product\/irakischer-tahini-rashi-330g\/#primaryimage"},"thumbnailUrl":"https:\/\/yasminfood.ch\/wp-content\/uploads\/2025\/05\/\u0637\u062d\u064a\u0646\u0629-\u0627\u0644\u0639\u0631\u0627\u0642\u064a-\u0631\u0627\u0634\u064a-330\u063a.png","datePublished":"2025-05-20T10:39:45+00:00","description":"Irakisches Tahini Rashi 330g Sesam-Tahini mit einer zusammenh\u00e4ngenden Textur und k\u00f6stlichem Geschmack, Sesam-Tahini wird zu verschiedenen Arten von Kr\u00fcmeln, Bohnen mit Tahini, Rosenkranz und vielen anderen Lebensmitteln hinzugef\u00fcgt","breadcrumb":{"@id":"https:\/\/yasminfood.ch\/de\/product\/irakischer-tahini-rashi-330g\/#breadcrumb"},"inLanguage":"de","potentialAction":[{"@type":"ReadAction","target":["https:\/\/yasminfood.ch\/de\/product\/irakischer-tahini-rashi-330g\/"]}]},{"@type":"ImageObject","inLanguage":"de","@id":"https:\/\/yasminfood.ch\/de\/product\/irakischer-tahini-rashi-330g\/#primaryimage","url":"https:\/\/yasminfood.ch\/wp-content\/uploads\/2025\/05\/\u0637\u062d\u064a\u0646\u0629-\u0627\u0644\u0639\u0631\u0627\u0642\u064a-\u0631\u0627\u0634\u064a-330\u063a.png","contentUrl":"https:\/\/yasminfood.ch\/wp-content\/uploads\/2025\/05\/\u0637\u062d\u064a\u0646\u0629-\u0627\u0644\u0639\u0631\u0627\u0642\u064a-\u0631\u0627\u0634\u064a-330\u063a.png","width":1080,"height":1080},{"@type":"BreadcrumbList","@id":"https:\/\/yasminfood.ch\/de\/product\/irakischer-tahini-rashi-330g\/#breadcrumb","itemListElement":[{"@type":"ListItem","position":1,"name":"\u0627\u0644\u0631\u0626\u064a\u0633\u064a\u0629","item":"https:\/\/yasminfood.ch\/de\/zuhause\/"},{"@type":"ListItem","position":2,"name":"Shop","item":"https:\/\/yasminfood.ch\/de\/shop\/"},{"@type":"ListItem","position":3,"name":"Konserven - Lebensmittel","item":"https:\/\/yasminfood.ch\/de\/produkt-kategorie\/konserven-lebensmittel\/"},{"@type":"ListItem","position":4,"name":"Irakischer Tahini Rashi 330g"}]},{"@type":"WebSite","@id":"https:\/\/yasminfood.ch\/de\/#website","url":"https:\/\/yasminfood.ch\/de\/","name":"\u064a\u0627\u0633\u0645\u064a\u0646 \u0645\u0627\u0631\u0643\u062a","description":"Alles, was Sie brauchen, an einem Ort","publisher":{"@id":"https:\/\/yasminfood.ch\/de\/#organization"},"alternateName":"Yasmin Food","potentialAction":[{"@type":"SearchAction","target":{"@type":"EntryPoint","urlTemplate":"https:\/\/yasminfood.ch\/de\/?s={search_term_string}"},"query-input":{"@type":"PropertyValueSpecification","valueRequired":true,"valueName":"search_term_string"}}],"inLanguage":"de"},{"@type":"Organization","@id":"https:\/\/yasminfood.ch\/de\/#organization","name":"\u064a\u0627\u0633\u0645\u064a\u0646 \u0645\u0627\u0631\u0643\u062a","alternateName":"Yasmin Food","url":"https:\/\/yasminfood.ch\/de\/","logo":{"@type":"ImageObject","inLanguage":"de","@id":"https:\/\/yasminfood.ch\/de\/#\/schema\/logo\/image\/","url":"https:\/\/yasminfood.ch\/wp-content\/uploads\/2025\/05\/yasmin-food-header-logo.png","contentUrl":"https:\/\/yasminfood.ch\/wp-content\/uploads\/2025\/05\/yasmin-food-header-logo.png","width":330,"height":120,"caption":"\u064a\u0627\u0633\u0645\u064a\u0646 \u0645\u0627\u0631\u0643\u062a"},"image":{"@id":"https:\/\/yasminfood.ch\/de\/#\/schema\/logo\/image\/"},"sameAs":["https:\/\/www.facebook.com\/yasminmarkt1","https:\/\/www.tiktok.com\/@yasminmarkt","https:\/\/www.instagram.com\/yasmin.markt1\/","https:\/\/api.whatsapp.com\/send\/?phone=41799000104"],"publishingPrinciples":"https:\/\/yasminfood.ch\/de\/shop\/","ownershipFundingInfo":"https:\/\/yasminfood.ch\/de\/shop\/"}]},"product_price_amount":"5.50","product_price_currency":"CHF","og_availability":"instock","product_availability":"instock","product_condition":"new"},"jetpack_sharing_enabled":true,"_links":{"self":[{"href":"https:\/\/yasminfood.ch\/de\/wp-json\/wp\/v2\/product\/111912","targetHints":{"allow":["GET"]}}],"collection":[{"href":"https:\/\/yasminfood.ch\/de\/wp-json\/wp\/v2\/product"}],"about":[{"href":"https:\/\/yasminfood.ch\/de\/wp-json\/wp\/v2\/types\/product"}],"replies":[{"embeddable":true,"href":"https:\/\/yasminfood.ch\/de\/wp-json\/wp\/v2\/comments?post=111912"}],"version-history":[{"count":0,"href":"https:\/\/yasminfood.ch\/de\/wp-json\/wp\/v2\/product\/111912\/revisions"}],"wp:featuredmedia":[{"embeddable":true,"href":"https:\/\/yasminfood.ch\/de\/wp-json\/wp\/v2\/media\/111909"}],"wp:attachment":[{"href":"https:\/\/yasminfood.ch\/de\/wp-json\/wp\/v2\/media?parent=111912"}],"wp:term":[{"taxonomy":"product_brand","embeddable":true,"href":"https:\/\/yasminfood.ch\/de\/wp-json\/wp\/v2\/product_brand?post=111912"},{"taxonomy":"product_cat","embeddable":true,"href":"https:\/\/yasminfood.ch\/de\/wp-json\/wp\/v2\/product_cat?post=111912"},{"taxonomy":"product_tag","embeddable":true,"href":"https:\/\/yasminfood.ch\/de\/wp-json\/wp\/v2\/product_tag?post=111912"}],"curies":[{"name":"wp","href":"https:\/\/api.w.org\/{rel}","templated":true}]}}