{"id":112268,"date":"2025-05-21T21:39:00","date_gmt":"2025-05-21T19:39:00","guid":{"rendered":"https:\/\/yasminfood.ch\/product\/auberginenmarmelade-mit-walnuessen-lara-775g\/"},"modified":"2025-07-30T23:45:57","modified_gmt":"2025-07-30T21:45:57","slug":"auberginenmarmelade-mit-walnuessen-lara-775g","status":"publish","type":"product","link":"https:\/\/yasminfood.ch\/de\/product\/auberginenmarmelade-mit-walnuessen-lara-775g\/","title":{"rendered":"Auberginenmarmelade mit Waln\u00fcssen Lara 775g"},"content":{"rendered":"<p><strong>Auberginenmarmelade mit Waln\u00fcssen Lara 775g<\/strong><\/p>\n<ul>\n<li>\n<p data-start=\"176\" data-end=\"365\">Erleben Sie den Geschmack des Orients mit Lara&#8217;s Walnut Eggplant Jam \u2013 eine einzigartige Mischung aus kleinen Auberginen, die mit Waln\u00fcssen gef\u00fcllt und in einen aromatischen zuckerhaltigen Sirup getaucht werden. Ein einzigartiges Erlebnis f\u00fcr Liebhaber raffinierter traditioneller Geschm\u00e4cker.  <\/p>\n<p data-start=\"367\" data-end=\"380\"><strong data-start=\"367\" data-end=\"380\">Funktionen:<\/strong><\/p>\n<ul data-start=\"381\" data-end=\"551\">\n<li data-start=\"381\" data-end=\"420\">\n<p data-start=\"383\" data-end=\"420\">Ganze Auberginen gef\u00fcllt mit nat\u00fcrlichen N\u00fcssen<\/p>\n<\/li>\n<li data-start=\"421\" data-end=\"475\">\n<p data-start=\"423\" data-end=\"475\">Luxuri\u00f6ser orientalischer Geschmack und ein ausgewogenes Aroma zwischen S\u00fc\u00dfe und N\u00fcssen<\/p>\n<\/li>\n<li data-start=\"476\" data-end=\"502\">\n<p data-start=\"478\" data-end=\"502\">Keine k\u00fcnstlichen Konservierungsstoffe<\/p>\n<\/li>\n<li data-start=\"503\" data-end=\"551\">\n<p data-start=\"505\" data-end=\"551\">Perfekt zum Servieren zum Kaffee oder f\u00fcr besondere Anl\u00e4sse<\/p>\n<\/li>\n<\/ul>\n<p data-start=\"553\" data-end=\"685\"><strong data-start=\"553\" data-end=\"569\">Benutzungen:<\/strong><br \/>\nServiert als \u00fcppige Marmelade zum Brot oder als raffiniertes Dessert in der Gastfreundschaft, kann es auch mit Wei\u00dfk\u00e4se als charakteristische Note auf dem Tisch serviert werden.  <\/p>\n<p data-start=\"687\" data-end=\"742\"><strong data-start=\"687\" data-end=\"704\">Nettogewicht:<\/strong> 775 g<br data-start=\"713\" data-end=\"716\"><strong data-start=\"716\" data-end=\"737\">Hersteller:<\/strong> Lara<\/p>\n<p data-start=\"744\" data-end=\"835\">Lara&#8217;s Walnuss-Auberginenmarmelade ist die perfekte Wahl, wenn Sie auf der Suche nach einem reichhaltigen, traditionellen Geschmack mit einer luxuri\u00f6sen Note sind.<\/p>\n<\/li>\n<\/ul>\n","protected":false},"excerpt":{"rendered":"<p><strong>Auberginenmarmelade mit Waln\u00fcssen Lara 775g<\/strong><\/p>\n<ul>\n<li>\n<p data-start=\"176\" data-end=\"365\">Erleben Sie den Geschmack des Orients mit Lara&#8217;s Walnut Eggplant Jam \u2013 eine einzigartige Mischung aus kleinen Auberginen, die mit Waln\u00fcssen gef\u00fcllt und in einen aromatischen zuckerhaltigen Sirup getaucht werden. Ein einzigartiges Erlebnis f\u00fcr Liebhaber raffinierter traditioneller Geschm\u00e4cker.  <\/p>\n<\/li>\n<\/ul>\n","protected":false},"featured_media":112264,"comment_status":"open","ping_status":"closed","template":"","meta":[],"product_brand":[2324],"product_cat":[245,258],"product_tag":[],"class_list":{"0":"post-112268","1":"product","2":"type-product","3":"status-publish","4":"has-post-thumbnail","6":"product_brand-lara-de","7":"product_cat-konserven-lebensmittel","8":"product_cat-marmelade-und-honig","10":"first","11":"outofstock","12":"taxable","13":"shipping-taxable","14":"purchasable","15":"product-type-simple"},"yoast_head":"<!-- This site is optimized with the Yoast SEO Premium plugin v26.5 (Yoast SEO v27.4) - https:\/\/yoast.com\/product\/yoast-seo-premium-wordpress\/ -->\n<title>Auberginenmarmelade mit Waln\u00fcssen Lara 775g - Yasmin Food<\/title>\n<meta name=\"description\" content=\"Genie\u00dfen Sie den Geschmack von authentischer orientalischer K\u00fcche mit Auberginenmarmelade mit Walnuss Lara 775g. Ein einzigartiges Erlebnis f\u00fcr Liebhaber traditioneller feiner Geschm\u00e4cker, holen Sie es sich jetzt!\" \/>\n<meta name=\"robots\" content=\"index, follow, max-snippet:-1, max-image-preview:large, max-video-preview:-1\" \/>\n<link rel=\"canonical\" href=\"https:\/\/yasminfood.ch\/de\/product\/auberginenmarmelade-mit-walnuessen-lara-775g\/\" \/>\n<meta property=\"og:locale\" content=\"de_DE\" \/>\n<meta property=\"og:type\" content=\"article\" \/>\n<meta property=\"og:title\" content=\"Auberginenmarmelade mit Waln\u00fcssen Lara 775g\" \/>\n<meta property=\"og:description\" content=\"Auberginenmarmelade mit Waln\u00fcssen Lara 775g   Erleben Sie den Geschmack des Orients mit Lara&#039;s Walnut Eggplant Jam \u2013 eine einzigartige Mischung aus kleinen Auberginen, die mit Waln\u00fcssen gef\u00fcllt und in einen aromatischen zuckerhaltigen Sirup getaucht werden. Ein einzigartiges Erlebnis f\u00fcr Liebhaber raffinierter traditioneller Geschm\u00e4cker.\" \/>\n<meta property=\"og:url\" content=\"https:\/\/yasminfood.ch\/de\/product\/auberginenmarmelade-mit-walnuessen-lara-775g\/\" \/>\n<meta property=\"og:site_name\" content=\"Yasmin Food\" \/>\n<meta property=\"article:publisher\" content=\"https:\/\/www.facebook.com\/yasminmarkt1\" \/>\n<meta property=\"article:modified_time\" content=\"2025-07-30T21:45:57+00:00\" \/>\n<meta property=\"og:image\" content=\"https:\/\/yasminfood.ch\/wp-content\/uploads\/2025\/05\/\u0645\u0631\u0628\u0649-\u0628\u0627\u0630\u0646\u062c\u0627\u0646-\u0645\u0639-\u0627\u0644\u062c\u0648\u0632-\u0644\u0627\u0631\u0627-775\u063a.png\" \/>\n\t<meta property=\"og:image:width\" content=\"1080\" \/>\n\t<meta property=\"og:image:height\" content=\"1080\" \/>\n\t<meta property=\"og:image:type\" content=\"image\/png\" \/>\n<meta name=\"twitter:card\" content=\"summary_large_image\" \/>\n<meta name=\"twitter:label1\" content=\"Preis\" \/>\n\t<meta name=\"twitter:data1\" content=\"7.95&nbsp;&#067;&#072;&#070;\" \/>\n\t<meta name=\"twitter:label2\" content=\"Verf\u00fcgbarkeit\" \/>\n\t<meta name=\"twitter:data2\" content=\"ausverkauft\" \/>\n<script type=\"application\/ld+json\" class=\"yoast-schema-graph\">{\"@context\":\"https:\\\/\\\/schema.org\",\"@graph\":[{\"@type\":\"WebPage\",\"@id\":\"https:\\\/\\\/yasminfood.ch\\\/de\\\/product\\\/auberginenmarmelade-mit-walnuessen-lara-775g\\\/\",\"url\":\"https:\\\/\\\/yasminfood.ch\\\/de\\\/product\\\/auberginenmarmelade-mit-walnuessen-lara-775g\\\/\",\"name\":\"Auberginenmarmelade mit Waln\u00fcssen Lara 775g - Yasmin Food\",\"isPartOf\":{\"@id\":\"https:\\\/\\\/yasminfood.ch\\\/de\\\/#website\"},\"primaryImageOfPage\":{\"@id\":\"https:\\\/\\\/yasminfood.ch\\\/de\\\/product\\\/auberginenmarmelade-mit-walnuessen-lara-775g\\\/#primaryimage\"},\"image\":{\"@id\":\"https:\\\/\\\/yasminfood.ch\\\/de\\\/product\\\/auberginenmarmelade-mit-walnuessen-lara-775g\\\/#primaryimage\"},\"thumbnailUrl\":\"https:\\\/\\\/yasminfood.ch\\\/wp-content\\\/uploads\\\/2025\\\/05\\\/\u0645\u0631\u0628\u0649-\u0628\u0627\u0630\u0646\u062c\u0627\u0646-\u0645\u0639-\u0627\u0644\u062c\u0648\u0632-\u0644\u0627\u0631\u0627-775\u063a.png\",\"datePublished\":\"2025-05-21T19:39:00+00:00\",\"dateModified\":\"2025-07-30T21:45:57+00:00\",\"description\":\"Genie\u00dfen Sie den Geschmack von authentischer orientalischer K\u00fcche mit Auberginenmarmelade mit Walnuss Lara 775g. Ein einzigartiges Erlebnis f\u00fcr Liebhaber traditioneller feiner Geschm\u00e4cker, holen Sie es sich jetzt!\",\"breadcrumb\":{\"@id\":\"https:\\\/\\\/yasminfood.ch\\\/de\\\/product\\\/auberginenmarmelade-mit-walnuessen-lara-775g\\\/#breadcrumb\"},\"inLanguage\":\"de\",\"potentialAction\":[{\"@type\":\"ReadAction\",\"target\":[\"https:\\\/\\\/yasminfood.ch\\\/de\\\/product\\\/auberginenmarmelade-mit-walnuessen-lara-775g\\\/\"]}]},{\"@type\":\"ImageObject\",\"inLanguage\":\"de\",\"@id\":\"https:\\\/\\\/yasminfood.ch\\\/de\\\/product\\\/auberginenmarmelade-mit-walnuessen-lara-775g\\\/#primaryimage\",\"url\":\"https:\\\/\\\/yasminfood.ch\\\/wp-content\\\/uploads\\\/2025\\\/05\\\/\u0645\u0631\u0628\u0649-\u0628\u0627\u0630\u0646\u062c\u0627\u0646-\u0645\u0639-\u0627\u0644\u062c\u0648\u0632-\u0644\u0627\u0631\u0627-775\u063a.png\",\"contentUrl\":\"https:\\\/\\\/yasminfood.ch\\\/wp-content\\\/uploads\\\/2025\\\/05\\\/\u0645\u0631\u0628\u0649-\u0628\u0627\u0630\u0646\u062c\u0627\u0646-\u0645\u0639-\u0627\u0644\u062c\u0648\u0632-\u0644\u0627\u0631\u0627-775\u063a.png\",\"width\":1080,\"height\":1080},{\"@type\":\"BreadcrumbList\",\"@id\":\"https:\\\/\\\/yasminfood.ch\\\/de\\\/product\\\/auberginenmarmelade-mit-walnuessen-lara-775g\\\/#breadcrumb\",\"itemListElement\":[{\"@type\":\"ListItem\",\"position\":1,\"name\":\"\u0627\u0644\u0631\u0626\u064a\u0633\u064a\u0629\",\"item\":\"https:\\\/\\\/yasminfood.ch\\\/de\\\/zuhause\\\/\"},{\"@type\":\"ListItem\",\"position\":2,\"name\":\"Shop\",\"item\":\"https:\\\/\\\/yasminfood.ch\\\/de\\\/shop\\\/\"},{\"@type\":\"ListItem\",\"position\":3,\"name\":\"Konserven - Lebensmittel\",\"item\":\"https:\\\/\\\/yasminfood.ch\\\/de\\\/produkt-kategorie\\\/konserven-lebensmittel\\\/\"},{\"@type\":\"ListItem\",\"position\":4,\"name\":\"Auberginenmarmelade mit Waln\u00fcssen Lara 775g\"}]},{\"@type\":\"WebSite\",\"@id\":\"https:\\\/\\\/yasminfood.ch\\\/de\\\/#website\",\"url\":\"https:\\\/\\\/yasminfood.ch\\\/de\\\/\",\"name\":\"\u064a\u0627\u0633\u0645\u064a\u0646 \u0645\u0627\u0631\u0643\u062a\",\"description\":\"Alles, was Sie brauchen, an einem Ort\",\"publisher\":{\"@id\":\"https:\\\/\\\/yasminfood.ch\\\/de\\\/#organization\"},\"alternateName\":\"Yasmin Food\",\"potentialAction\":[{\"@type\":\"SearchAction\",\"target\":{\"@type\":\"EntryPoint\",\"urlTemplate\":\"https:\\\/\\\/yasminfood.ch\\\/de\\\/?s={search_term_string}\"},\"query-input\":{\"@type\":\"PropertyValueSpecification\",\"valueRequired\":true,\"valueName\":\"search_term_string\"}}],\"inLanguage\":\"de\"},{\"@type\":\"Organization\",\"@id\":\"https:\\\/\\\/yasminfood.ch\\\/de\\\/#organization\",\"name\":\"\u064a\u0627\u0633\u0645\u064a\u0646 \u0645\u0627\u0631\u0643\u062a\",\"alternateName\":\"Yasmin Food\",\"url\":\"https:\\\/\\\/yasminfood.ch\\\/de\\\/\",\"logo\":{\"@type\":\"ImageObject\",\"inLanguage\":\"de\",\"@id\":\"https:\\\/\\\/yasminfood.ch\\\/de\\\/#\\\/schema\\\/logo\\\/image\\\/\",\"url\":\"https:\\\/\\\/yasminfood.ch\\\/wp-content\\\/uploads\\\/2025\\\/05\\\/yasmin-food-header-logo.png\",\"contentUrl\":\"https:\\\/\\\/yasminfood.ch\\\/wp-content\\\/uploads\\\/2025\\\/05\\\/yasmin-food-header-logo.png\",\"width\":330,\"height\":120,\"caption\":\"\u064a\u0627\u0633\u0645\u064a\u0646 \u0645\u0627\u0631\u0643\u062a\"},\"image\":{\"@id\":\"https:\\\/\\\/yasminfood.ch\\\/de\\\/#\\\/schema\\\/logo\\\/image\\\/\"},\"sameAs\":[\"https:\\\/\\\/www.facebook.com\\\/yasminmarkt1\",\"https:\\\/\\\/www.tiktok.com\\\/@yasminmarkt\",\"https:\\\/\\\/www.instagram.com\\\/yasmin.markt1\\\/\",\"https:\\\/\\\/api.whatsapp.com\\\/send\\\/?phone=41799000104\"],\"publishingPrinciples\":\"https:\\\/\\\/yasminfood.ch\\\/de\\\/shop\\\/\",\"ownershipFundingInfo\":\"https:\\\/\\\/yasminfood.ch\\\/de\\\/shop\\\/\"}]}<\/script>\n<meta property=\"product:price:amount\" content=\"7.95\" \/>\n<meta property=\"product:price:currency\" content=\"CHF\" \/>\n<meta property=\"og:availability\" content=\"out of stock\" \/>\n<meta property=\"product:availability\" content=\"out of stock\" \/>\n<meta property=\"product:condition\" content=\"new\" \/>\n<!-- \/ Yoast SEO Premium plugin. -->","yoast_head_json":{"title":"Auberginenmarmelade mit Waln\u00fcssen Lara 775g - Yasmin Food","description":"Genie\u00dfen Sie den Geschmack von authentischer orientalischer K\u00fcche mit Auberginenmarmelade mit Walnuss Lara 775g. Ein einzigartiges Erlebnis f\u00fcr Liebhaber traditioneller feiner Geschm\u00e4cker, holen Sie es sich jetzt!","robots":{"index":"index","follow":"follow","max-snippet":"max-snippet:-1","max-image-preview":"max-image-preview:large","max-video-preview":"max-video-preview:-1"},"canonical":"https:\/\/yasminfood.ch\/de\/product\/auberginenmarmelade-mit-walnuessen-lara-775g\/","og_locale":"de_DE","og_type":"article","og_title":"Auberginenmarmelade mit Waln\u00fcssen Lara 775g","og_description":"Auberginenmarmelade mit Waln\u00fcssen Lara 775g   Erleben Sie den Geschmack des Orients mit Lara's Walnut Eggplant Jam \u2013 eine einzigartige Mischung aus kleinen Auberginen, die mit Waln\u00fcssen gef\u00fcllt und in einen aromatischen zuckerhaltigen Sirup getaucht werden. Ein einzigartiges Erlebnis f\u00fcr Liebhaber raffinierter traditioneller Geschm\u00e4cker.","og_url":"https:\/\/yasminfood.ch\/de\/product\/auberginenmarmelade-mit-walnuessen-lara-775g\/","og_site_name":"Yasmin Food","article_publisher":"https:\/\/www.facebook.com\/yasminmarkt1","article_modified_time":"2025-07-30T21:45:57+00:00","og_image":[{"width":1080,"height":1080,"url":"https:\/\/yasminfood.ch\/wp-content\/uploads\/2025\/05\/\u0645\u0631\u0628\u0649-\u0628\u0627\u0630\u0646\u062c\u0627\u0646-\u0645\u0639-\u0627\u0644\u062c\u0648\u0632-\u0644\u0627\u0631\u0627-775\u063a.png","type":"image\/png"}],"twitter_card":"summary_large_image","twitter_misc":{"Preis":"7.95&nbsp;&#67;&#72;&#70;","Verf\u00fcgbarkeit":"ausverkauft"},"schema":{"@context":"https:\/\/schema.org","@graph":[{"@type":"WebPage","@id":"https:\/\/yasminfood.ch\/de\/product\/auberginenmarmelade-mit-walnuessen-lara-775g\/","url":"https:\/\/yasminfood.ch\/de\/product\/auberginenmarmelade-mit-walnuessen-lara-775g\/","name":"Auberginenmarmelade mit Waln\u00fcssen Lara 775g - Yasmin Food","isPartOf":{"@id":"https:\/\/yasminfood.ch\/de\/#website"},"primaryImageOfPage":{"@id":"https:\/\/yasminfood.ch\/de\/product\/auberginenmarmelade-mit-walnuessen-lara-775g\/#primaryimage"},"image":{"@id":"https:\/\/yasminfood.ch\/de\/product\/auberginenmarmelade-mit-walnuessen-lara-775g\/#primaryimage"},"thumbnailUrl":"https:\/\/yasminfood.ch\/wp-content\/uploads\/2025\/05\/\u0645\u0631\u0628\u0649-\u0628\u0627\u0630\u0646\u062c\u0627\u0646-\u0645\u0639-\u0627\u0644\u062c\u0648\u0632-\u0644\u0627\u0631\u0627-775\u063a.png","datePublished":"2025-05-21T19:39:00+00:00","dateModified":"2025-07-30T21:45:57+00:00","description":"Genie\u00dfen Sie den Geschmack von authentischer orientalischer K\u00fcche mit Auberginenmarmelade mit Walnuss Lara 775g. Ein einzigartiges Erlebnis f\u00fcr Liebhaber traditioneller feiner Geschm\u00e4cker, holen Sie es sich jetzt!","breadcrumb":{"@id":"https:\/\/yasminfood.ch\/de\/product\/auberginenmarmelade-mit-walnuessen-lara-775g\/#breadcrumb"},"inLanguage":"de","potentialAction":[{"@type":"ReadAction","target":["https:\/\/yasminfood.ch\/de\/product\/auberginenmarmelade-mit-walnuessen-lara-775g\/"]}]},{"@type":"ImageObject","inLanguage":"de","@id":"https:\/\/yasminfood.ch\/de\/product\/auberginenmarmelade-mit-walnuessen-lara-775g\/#primaryimage","url":"https:\/\/yasminfood.ch\/wp-content\/uploads\/2025\/05\/\u0645\u0631\u0628\u0649-\u0628\u0627\u0630\u0646\u062c\u0627\u0646-\u0645\u0639-\u0627\u0644\u062c\u0648\u0632-\u0644\u0627\u0631\u0627-775\u063a.png","contentUrl":"https:\/\/yasminfood.ch\/wp-content\/uploads\/2025\/05\/\u0645\u0631\u0628\u0649-\u0628\u0627\u0630\u0646\u062c\u0627\u0646-\u0645\u0639-\u0627\u0644\u062c\u0648\u0632-\u0644\u0627\u0631\u0627-775\u063a.png","width":1080,"height":1080},{"@type":"BreadcrumbList","@id":"https:\/\/yasminfood.ch\/de\/product\/auberginenmarmelade-mit-walnuessen-lara-775g\/#breadcrumb","itemListElement":[{"@type":"ListItem","position":1,"name":"\u0627\u0644\u0631\u0626\u064a\u0633\u064a\u0629","item":"https:\/\/yasminfood.ch\/de\/zuhause\/"},{"@type":"ListItem","position":2,"name":"Shop","item":"https:\/\/yasminfood.ch\/de\/shop\/"},{"@type":"ListItem","position":3,"name":"Konserven - Lebensmittel","item":"https:\/\/yasminfood.ch\/de\/produkt-kategorie\/konserven-lebensmittel\/"},{"@type":"ListItem","position":4,"name":"Auberginenmarmelade mit Waln\u00fcssen Lara 775g"}]},{"@type":"WebSite","@id":"https:\/\/yasminfood.ch\/de\/#website","url":"https:\/\/yasminfood.ch\/de\/","name":"\u064a\u0627\u0633\u0645\u064a\u0646 \u0645\u0627\u0631\u0643\u062a","description":"Alles, was Sie brauchen, an einem Ort","publisher":{"@id":"https:\/\/yasminfood.ch\/de\/#organization"},"alternateName":"Yasmin Food","potentialAction":[{"@type":"SearchAction","target":{"@type":"EntryPoint","urlTemplate":"https:\/\/yasminfood.ch\/de\/?s={search_term_string}"},"query-input":{"@type":"PropertyValueSpecification","valueRequired":true,"valueName":"search_term_string"}}],"inLanguage":"de"},{"@type":"Organization","@id":"https:\/\/yasminfood.ch\/de\/#organization","name":"\u064a\u0627\u0633\u0645\u064a\u0646 \u0645\u0627\u0631\u0643\u062a","alternateName":"Yasmin Food","url":"https:\/\/yasminfood.ch\/de\/","logo":{"@type":"ImageObject","inLanguage":"de","@id":"https:\/\/yasminfood.ch\/de\/#\/schema\/logo\/image\/","url":"https:\/\/yasminfood.ch\/wp-content\/uploads\/2025\/05\/yasmin-food-header-logo.png","contentUrl":"https:\/\/yasminfood.ch\/wp-content\/uploads\/2025\/05\/yasmin-food-header-logo.png","width":330,"height":120,"caption":"\u064a\u0627\u0633\u0645\u064a\u0646 \u0645\u0627\u0631\u0643\u062a"},"image":{"@id":"https:\/\/yasminfood.ch\/de\/#\/schema\/logo\/image\/"},"sameAs":["https:\/\/www.facebook.com\/yasminmarkt1","https:\/\/www.tiktok.com\/@yasminmarkt","https:\/\/www.instagram.com\/yasmin.markt1\/","https:\/\/api.whatsapp.com\/send\/?phone=41799000104"],"publishingPrinciples":"https:\/\/yasminfood.ch\/de\/shop\/","ownershipFundingInfo":"https:\/\/yasminfood.ch\/de\/shop\/"}]},"product_price_amount":"7.95","product_price_currency":"CHF","og_availability":"out of stock","product_availability":"out of stock","product_condition":"new"},"jetpack_sharing_enabled":true,"_links":{"self":[{"href":"https:\/\/yasminfood.ch\/de\/wp-json\/wp\/v2\/product\/112268","targetHints":{"allow":["GET"]}}],"collection":[{"href":"https:\/\/yasminfood.ch\/de\/wp-json\/wp\/v2\/product"}],"about":[{"href":"https:\/\/yasminfood.ch\/de\/wp-json\/wp\/v2\/types\/product"}],"replies":[{"embeddable":true,"href":"https:\/\/yasminfood.ch\/de\/wp-json\/wp\/v2\/comments?post=112268"}],"version-history":[{"count":1,"href":"https:\/\/yasminfood.ch\/de\/wp-json\/wp\/v2\/product\/112268\/revisions"}],"predecessor-version":[{"id":118588,"href":"https:\/\/yasminfood.ch\/de\/wp-json\/wp\/v2\/product\/112268\/revisions\/118588"}],"wp:featuredmedia":[{"embeddable":true,"href":"https:\/\/yasminfood.ch\/de\/wp-json\/wp\/v2\/media\/112264"}],"wp:attachment":[{"href":"https:\/\/yasminfood.ch\/de\/wp-json\/wp\/v2\/media?parent=112268"}],"wp:term":[{"taxonomy":"product_brand","embeddable":true,"href":"https:\/\/yasminfood.ch\/de\/wp-json\/wp\/v2\/product_brand?post=112268"},{"taxonomy":"product_cat","embeddable":true,"href":"https:\/\/yasminfood.ch\/de\/wp-json\/wp\/v2\/product_cat?post=112268"},{"taxonomy":"product_tag","embeddable":true,"href":"https:\/\/yasminfood.ch\/de\/wp-json\/wp\/v2\/product_tag?post=112268"}],"curies":[{"name":"wp","href":"https:\/\/api.w.org\/{rel}","templated":true}]}}