{"id":112297,"date":"2025-05-21T21:53:25","date_gmt":"2025-05-21T19:53:25","guid":{"rendered":"https:\/\/yasminfood.ch\/product\/feigenmarmelade-ganze-lara-800g\/"},"modified":"2025-07-30T23:26:05","modified_gmt":"2025-07-30T21:26:05","slug":"feigenmarmelade-ganze-lara-800g","status":"publish","type":"product","link":"https:\/\/yasminfood.ch\/de\/product\/feigenmarmelade-ganze-lara-800g\/","title":{"rendered":"Lara Ganze Feigenmarmelade 775g"},"content":{"rendered":"<p><strong>Lara Ganze Feigenmarmelade 775g<\/strong><\/p>\n<ul>\n<li>\n<p data-start=\"174\" data-end=\"369\">Entdecken Sie den nat\u00fcrlichen Geschmack von Feigen mit Lara-Marmelade, die reich an ganzen Feigen ist.<\/p>\n<\/li>\n<li>\n<p data-start=\"174\" data-end=\"369\">Mit einem authentischen Geschmack und einer k\u00f6stlichen Textur h\u00e4lt diese Marmelade Feigen in einem konzentrierten Sirup, der Ihnen einen einzigartigen Geschmack verleiht, der sich perfekt zum Fr\u00fchst\u00fcck oder f\u00fcr Desserts eignet. <\/p>\n<p data-start=\"371\" data-end=\"384\"><strong data-start=\"371\" data-end=\"384\">Funktionen:<\/strong><\/p>\n<ul data-start=\"385\" data-end=\"544\">\n<li data-start=\"385\" data-end=\"413\">\n<p data-start=\"387\" data-end=\"413\">100% ganze und reife Feigen<\/p>\n<\/li>\n<li data-start=\"414\" data-end=\"453\">\n<p data-start=\"416\" data-end=\"453\">Nat\u00fcrliche Textur und reichhaltiger Geschmack ohne Konservierungsstoffe<\/p>\n<\/li>\n<li data-start=\"454\" data-end=\"499\">\n<p data-start=\"456\" data-end=\"499\">Perfekt zu Brot, K\u00e4se oder als F\u00fcllung in Desserts <\/p>\n<\/li>\n<li data-start=\"500\" data-end=\"544\">\n<p data-start=\"502\" data-end=\"544\">Ein hochwertiges Produkt, das den authentischen orientalischen Geschmack trifft<\/p>\n<\/li>\n<\/ul>\n<p data-start=\"546\" data-end=\"667\"><strong data-start=\"546\" data-end=\"566\">Wie benutzt man:<\/strong><br \/>\nServieren Sie es am Fr\u00fchst\u00fcckstisch oder verwenden Sie es in Desserts und Kuchen oder als besondere Variante von K\u00e4se- und Labneh-Gerichten. <\/p>\n<p data-start=\"669\" data-end=\"724\"><strong data-start=\"669\" data-end=\"686\">Nettogewicht:<\/strong> 775 g<br data-start=\"695\" data-end=\"698\"><strong data-start=\"698\" data-end=\"719\">Hersteller:<\/strong> Lara<\/p>\n<p data-start=\"726\" data-end=\"819\">Lara Feigenmarmelade ist eine ideale Wahl f\u00fcr alle, die traditionellen Geschmack und Qualit\u00e4t in einem nat\u00fcrlichen und sorgf\u00e4ltig zubereiteten Produkt suchen.<\/p>\n<\/li>\n<\/ul>\n","protected":false},"excerpt":{"rendered":"<p><strong>Lara Ganze Feigenmarmelade 775g<\/strong><\/p>\n<ul>\n<li>\n<p data-start=\"175\" data-end=\"453\">Mit seinem reichen Geschmack und seiner dichten Textur ist es die ideale Wahl f\u00fcr Liebhaber von Naturprodukten und traditionellen orientalischen Lebensmitteln. <\/p>\n<\/li>\n<\/ul>\n","protected":false},"featured_media":112291,"comment_status":"open","ping_status":"closed","template":"","meta":[],"product_brand":[2324],"product_cat":[245,258],"product_tag":[],"class_list":{"0":"post-112297","1":"product","2":"type-product","3":"status-publish","4":"has-post-thumbnail","6":"product_brand-lara-de","7":"product_cat-konserven-lebensmittel","8":"product_cat-marmelade-und-honig","10":"first","11":"instock","12":"taxable","13":"shipping-taxable","14":"purchasable","15":"product-type-simple"},"yoast_head":"<!-- This site is optimized with the Yoast SEO Premium plugin v26.5 (Yoast SEO v27.3) - https:\/\/yoast.com\/product\/yoast-seo-premium-wordpress\/ -->\n<title>Lara Ganze Feigenmarmelade 775g - Yasmin Food<\/title>\n<meta name=\"description\" content=\"Genie\u00dfen Sie den originellen Geschmack von Lara Ganze Feigenmarmelade 775 g, mit ganzen Feigen und einem ausgewogenen Geschmack. G\u00f6nnen Sie sich ein luxuri\u00f6ses Erlebnis! \u2705 Yasmin Food Lara Ganze Feigenmarmelade 775g\" \/>\n<meta name=\"robots\" content=\"index, follow, max-snippet:-1, max-image-preview:large, max-video-preview:-1\" \/>\n<link rel=\"canonical\" href=\"https:\/\/yasminfood.ch\/de\/product\/feigenmarmelade-ganze-lara-800g\/\" \/>\n<meta property=\"og:locale\" content=\"de_DE\" \/>\n<meta property=\"og:type\" content=\"article\" \/>\n<meta property=\"og:title\" content=\"Lara Ganze Feigenmarmelade 775g\" \/>\n<meta property=\"og:description\" content=\"Lara Ganze Feigenmarmelade 775g   Mit seinem reichen Geschmack und seiner dichten Textur ist es die ideale Wahl f\u00fcr Liebhaber von Naturprodukten und traditionellen orientalischen Lebensmitteln.\" \/>\n<meta property=\"og:url\" content=\"https:\/\/yasminfood.ch\/de\/product\/feigenmarmelade-ganze-lara-800g\/\" \/>\n<meta property=\"og:site_name\" content=\"Yasmin Food\" \/>\n<meta property=\"article:publisher\" content=\"https:\/\/www.facebook.com\/yasminmarkt1\" \/>\n<meta property=\"article:modified_time\" content=\"2025-07-30T21:26:05+00:00\" \/>\n<meta property=\"og:image\" content=\"https:\/\/yasminfood.ch\/wp-content\/uploads\/2025\/05\/\u0645\u0631\u0628\u0649-\u0627\u0644\u062a\u064a\u0646-\u062d\u0628\u0629-\u0643\u0627\u0645\u0644\u0629-\u0644\u0627\u0631\u0627-800\u063a.png\" \/>\n\t<meta property=\"og:image:width\" content=\"1080\" \/>\n\t<meta property=\"og:image:height\" content=\"1080\" \/>\n\t<meta property=\"og:image:type\" content=\"image\/png\" \/>\n<meta name=\"twitter:card\" content=\"summary_large_image\" \/>\n<meta name=\"twitter:label1\" content=\"Preis\" \/>\n\t<meta name=\"twitter:data1\" content=\"7.95&nbsp;&#067;&#072;&#070;\" \/>\n\t<meta name=\"twitter:label2\" content=\"Verf\u00fcgbarkeit\" \/>\n\t<meta name=\"twitter:data2\" content=\"Auf Lager\" \/>\n<script type=\"application\/ld+json\" class=\"yoast-schema-graph\">{\"@context\":\"https:\\\/\\\/schema.org\",\"@graph\":[{\"@type\":\"WebPage\",\"@id\":\"https:\\\/\\\/yasminfood.ch\\\/de\\\/product\\\/feigenmarmelade-ganze-lara-800g\\\/\",\"url\":\"https:\\\/\\\/yasminfood.ch\\\/de\\\/product\\\/feigenmarmelade-ganze-lara-800g\\\/\",\"name\":\"Lara Ganze Feigenmarmelade 775g - Yasmin Food\",\"isPartOf\":{\"@id\":\"https:\\\/\\\/yasminfood.ch\\\/de\\\/#website\"},\"primaryImageOfPage\":{\"@id\":\"https:\\\/\\\/yasminfood.ch\\\/de\\\/product\\\/feigenmarmelade-ganze-lara-800g\\\/#primaryimage\"},\"image\":{\"@id\":\"https:\\\/\\\/yasminfood.ch\\\/de\\\/product\\\/feigenmarmelade-ganze-lara-800g\\\/#primaryimage\"},\"thumbnailUrl\":\"https:\\\/\\\/yasminfood.ch\\\/wp-content\\\/uploads\\\/2025\\\/05\\\/\u0645\u0631\u0628\u0649-\u0627\u0644\u062a\u064a\u0646-\u062d\u0628\u0629-\u0643\u0627\u0645\u0644\u0629-\u0644\u0627\u0631\u0627-800\u063a.png\",\"datePublished\":\"2025-05-21T19:53:25+00:00\",\"dateModified\":\"2025-07-30T21:26:05+00:00\",\"description\":\"Genie\u00dfen Sie den originellen Geschmack von Lara Ganze Feigenmarmelade 775 g, mit ganzen Feigen und einem ausgewogenen Geschmack. G\u00f6nnen Sie sich ein luxuri\u00f6ses Erlebnis! \u2705 Yasmin Food Lara Ganze Feigenmarmelade 775g\",\"breadcrumb\":{\"@id\":\"https:\\\/\\\/yasminfood.ch\\\/de\\\/product\\\/feigenmarmelade-ganze-lara-800g\\\/#breadcrumb\"},\"inLanguage\":\"de\",\"potentialAction\":[{\"@type\":\"ReadAction\",\"target\":[\"https:\\\/\\\/yasminfood.ch\\\/de\\\/product\\\/feigenmarmelade-ganze-lara-800g\\\/\"]}]},{\"@type\":\"ImageObject\",\"inLanguage\":\"de\",\"@id\":\"https:\\\/\\\/yasminfood.ch\\\/de\\\/product\\\/feigenmarmelade-ganze-lara-800g\\\/#primaryimage\",\"url\":\"https:\\\/\\\/yasminfood.ch\\\/wp-content\\\/uploads\\\/2025\\\/05\\\/\u0645\u0631\u0628\u0649-\u0627\u0644\u062a\u064a\u0646-\u062d\u0628\u0629-\u0643\u0627\u0645\u0644\u0629-\u0644\u0627\u0631\u0627-800\u063a.png\",\"contentUrl\":\"https:\\\/\\\/yasminfood.ch\\\/wp-content\\\/uploads\\\/2025\\\/05\\\/\u0645\u0631\u0628\u0649-\u0627\u0644\u062a\u064a\u0646-\u062d\u0628\u0629-\u0643\u0627\u0645\u0644\u0629-\u0644\u0627\u0631\u0627-800\u063a.png\",\"width\":1080,\"height\":1080},{\"@type\":\"BreadcrumbList\",\"@id\":\"https:\\\/\\\/yasminfood.ch\\\/de\\\/product\\\/feigenmarmelade-ganze-lara-800g\\\/#breadcrumb\",\"itemListElement\":[{\"@type\":\"ListItem\",\"position\":1,\"name\":\"\u0627\u0644\u0631\u0626\u064a\u0633\u064a\u0629\",\"item\":\"https:\\\/\\\/yasminfood.ch\\\/de\\\/zuhause\\\/\"},{\"@type\":\"ListItem\",\"position\":2,\"name\":\"Shop\",\"item\":\"https:\\\/\\\/yasminfood.ch\\\/de\\\/shop\\\/\"},{\"@type\":\"ListItem\",\"position\":3,\"name\":\"Konserven - Lebensmittel\",\"item\":\"https:\\\/\\\/yasminfood.ch\\\/de\\\/produkt-kategorie\\\/konserven-lebensmittel\\\/\"},{\"@type\":\"ListItem\",\"position\":4,\"name\":\"Lara Ganze Feigenmarmelade 775g\"}]},{\"@type\":\"WebSite\",\"@id\":\"https:\\\/\\\/yasminfood.ch\\\/de\\\/#website\",\"url\":\"https:\\\/\\\/yasminfood.ch\\\/de\\\/\",\"name\":\"\u064a\u0627\u0633\u0645\u064a\u0646 \u0645\u0627\u0631\u0643\u062a\",\"description\":\"Alles, was Sie brauchen, an einem Ort\",\"publisher\":{\"@id\":\"https:\\\/\\\/yasminfood.ch\\\/de\\\/#organization\"},\"alternateName\":\"Yasmin Food\",\"potentialAction\":[{\"@type\":\"SearchAction\",\"target\":{\"@type\":\"EntryPoint\",\"urlTemplate\":\"https:\\\/\\\/yasminfood.ch\\\/de\\\/?s={search_term_string}\"},\"query-input\":{\"@type\":\"PropertyValueSpecification\",\"valueRequired\":true,\"valueName\":\"search_term_string\"}}],\"inLanguage\":\"de\"},{\"@type\":\"Organization\",\"@id\":\"https:\\\/\\\/yasminfood.ch\\\/de\\\/#organization\",\"name\":\"\u064a\u0627\u0633\u0645\u064a\u0646 \u0645\u0627\u0631\u0643\u062a\",\"alternateName\":\"Yasmin Food\",\"url\":\"https:\\\/\\\/yasminfood.ch\\\/de\\\/\",\"logo\":{\"@type\":\"ImageObject\",\"inLanguage\":\"de\",\"@id\":\"https:\\\/\\\/yasminfood.ch\\\/de\\\/#\\\/schema\\\/logo\\\/image\\\/\",\"url\":\"https:\\\/\\\/yasminfood.ch\\\/wp-content\\\/uploads\\\/2025\\\/05\\\/yasmin-food-header-logo.png\",\"contentUrl\":\"https:\\\/\\\/yasminfood.ch\\\/wp-content\\\/uploads\\\/2025\\\/05\\\/yasmin-food-header-logo.png\",\"width\":330,\"height\":120,\"caption\":\"\u064a\u0627\u0633\u0645\u064a\u0646 \u0645\u0627\u0631\u0643\u062a\"},\"image\":{\"@id\":\"https:\\\/\\\/yasminfood.ch\\\/de\\\/#\\\/schema\\\/logo\\\/image\\\/\"},\"sameAs\":[\"https:\\\/\\\/www.facebook.com\\\/yasminmarkt1\",\"https:\\\/\\\/www.tiktok.com\\\/@yasminmarkt\",\"https:\\\/\\\/www.instagram.com\\\/yasmin.markt1\\\/\",\"https:\\\/\\\/api.whatsapp.com\\\/send\\\/?phone=41799000104\"],\"publishingPrinciples\":\"https:\\\/\\\/yasminfood.ch\\\/de\\\/shop\\\/\",\"ownershipFundingInfo\":\"https:\\\/\\\/yasminfood.ch\\\/de\\\/shop\\\/\"}]}<\/script>\n<meta property=\"product:price:amount\" content=\"7.95\" \/>\n<meta property=\"product:price:currency\" content=\"CHF\" \/>\n<meta property=\"og:availability\" content=\"instock\" \/>\n<meta property=\"product:availability\" content=\"instock\" \/>\n<meta property=\"product:condition\" content=\"new\" \/>\n<!-- \/ Yoast SEO Premium plugin. -->","yoast_head_json":{"title":"Lara Ganze Feigenmarmelade 775g - Yasmin Food","description":"Genie\u00dfen Sie den originellen Geschmack von Lara Ganze Feigenmarmelade 775 g, mit ganzen Feigen und einem ausgewogenen Geschmack. G\u00f6nnen Sie sich ein luxuri\u00f6ses Erlebnis! \u2705 Yasmin Food Lara Ganze Feigenmarmelade 775g","robots":{"index":"index","follow":"follow","max-snippet":"max-snippet:-1","max-image-preview":"max-image-preview:large","max-video-preview":"max-video-preview:-1"},"canonical":"https:\/\/yasminfood.ch\/de\/product\/feigenmarmelade-ganze-lara-800g\/","og_locale":"de_DE","og_type":"article","og_title":"Lara Ganze Feigenmarmelade 775g","og_description":"Lara Ganze Feigenmarmelade 775g   Mit seinem reichen Geschmack und seiner dichten Textur ist es die ideale Wahl f\u00fcr Liebhaber von Naturprodukten und traditionellen orientalischen Lebensmitteln.","og_url":"https:\/\/yasminfood.ch\/de\/product\/feigenmarmelade-ganze-lara-800g\/","og_site_name":"Yasmin Food","article_publisher":"https:\/\/www.facebook.com\/yasminmarkt1","article_modified_time":"2025-07-30T21:26:05+00:00","og_image":[{"width":1080,"height":1080,"url":"https:\/\/yasminfood.ch\/wp-content\/uploads\/2025\/05\/\u0645\u0631\u0628\u0649-\u0627\u0644\u062a\u064a\u0646-\u062d\u0628\u0629-\u0643\u0627\u0645\u0644\u0629-\u0644\u0627\u0631\u0627-800\u063a.png","type":"image\/png"}],"twitter_card":"summary_large_image","twitter_misc":{"Preis":"7.95&nbsp;&#67;&#72;&#70;","Verf\u00fcgbarkeit":"Auf Lager"},"schema":{"@context":"https:\/\/schema.org","@graph":[{"@type":"WebPage","@id":"https:\/\/yasminfood.ch\/de\/product\/feigenmarmelade-ganze-lara-800g\/","url":"https:\/\/yasminfood.ch\/de\/product\/feigenmarmelade-ganze-lara-800g\/","name":"Lara Ganze Feigenmarmelade 775g - Yasmin Food","isPartOf":{"@id":"https:\/\/yasminfood.ch\/de\/#website"},"primaryImageOfPage":{"@id":"https:\/\/yasminfood.ch\/de\/product\/feigenmarmelade-ganze-lara-800g\/#primaryimage"},"image":{"@id":"https:\/\/yasminfood.ch\/de\/product\/feigenmarmelade-ganze-lara-800g\/#primaryimage"},"thumbnailUrl":"https:\/\/yasminfood.ch\/wp-content\/uploads\/2025\/05\/\u0645\u0631\u0628\u0649-\u0627\u0644\u062a\u064a\u0646-\u062d\u0628\u0629-\u0643\u0627\u0645\u0644\u0629-\u0644\u0627\u0631\u0627-800\u063a.png","datePublished":"2025-05-21T19:53:25+00:00","dateModified":"2025-07-30T21:26:05+00:00","description":"Genie\u00dfen Sie den originellen Geschmack von Lara Ganze Feigenmarmelade 775 g, mit ganzen Feigen und einem ausgewogenen Geschmack. G\u00f6nnen Sie sich ein luxuri\u00f6ses Erlebnis! \u2705 Yasmin Food Lara Ganze Feigenmarmelade 775g","breadcrumb":{"@id":"https:\/\/yasminfood.ch\/de\/product\/feigenmarmelade-ganze-lara-800g\/#breadcrumb"},"inLanguage":"de","potentialAction":[{"@type":"ReadAction","target":["https:\/\/yasminfood.ch\/de\/product\/feigenmarmelade-ganze-lara-800g\/"]}]},{"@type":"ImageObject","inLanguage":"de","@id":"https:\/\/yasminfood.ch\/de\/product\/feigenmarmelade-ganze-lara-800g\/#primaryimage","url":"https:\/\/yasminfood.ch\/wp-content\/uploads\/2025\/05\/\u0645\u0631\u0628\u0649-\u0627\u0644\u062a\u064a\u0646-\u062d\u0628\u0629-\u0643\u0627\u0645\u0644\u0629-\u0644\u0627\u0631\u0627-800\u063a.png","contentUrl":"https:\/\/yasminfood.ch\/wp-content\/uploads\/2025\/05\/\u0645\u0631\u0628\u0649-\u0627\u0644\u062a\u064a\u0646-\u062d\u0628\u0629-\u0643\u0627\u0645\u0644\u0629-\u0644\u0627\u0631\u0627-800\u063a.png","width":1080,"height":1080},{"@type":"BreadcrumbList","@id":"https:\/\/yasminfood.ch\/de\/product\/feigenmarmelade-ganze-lara-800g\/#breadcrumb","itemListElement":[{"@type":"ListItem","position":1,"name":"\u0627\u0644\u0631\u0626\u064a\u0633\u064a\u0629","item":"https:\/\/yasminfood.ch\/de\/zuhause\/"},{"@type":"ListItem","position":2,"name":"Shop","item":"https:\/\/yasminfood.ch\/de\/shop\/"},{"@type":"ListItem","position":3,"name":"Konserven - Lebensmittel","item":"https:\/\/yasminfood.ch\/de\/produkt-kategorie\/konserven-lebensmittel\/"},{"@type":"ListItem","position":4,"name":"Lara Ganze Feigenmarmelade 775g"}]},{"@type":"WebSite","@id":"https:\/\/yasminfood.ch\/de\/#website","url":"https:\/\/yasminfood.ch\/de\/","name":"\u064a\u0627\u0633\u0645\u064a\u0646 \u0645\u0627\u0631\u0643\u062a","description":"Alles, was Sie brauchen, an einem Ort","publisher":{"@id":"https:\/\/yasminfood.ch\/de\/#organization"},"alternateName":"Yasmin Food","potentialAction":[{"@type":"SearchAction","target":{"@type":"EntryPoint","urlTemplate":"https:\/\/yasminfood.ch\/de\/?s={search_term_string}"},"query-input":{"@type":"PropertyValueSpecification","valueRequired":true,"valueName":"search_term_string"}}],"inLanguage":"de"},{"@type":"Organization","@id":"https:\/\/yasminfood.ch\/de\/#organization","name":"\u064a\u0627\u0633\u0645\u064a\u0646 \u0645\u0627\u0631\u0643\u062a","alternateName":"Yasmin Food","url":"https:\/\/yasminfood.ch\/de\/","logo":{"@type":"ImageObject","inLanguage":"de","@id":"https:\/\/yasminfood.ch\/de\/#\/schema\/logo\/image\/","url":"https:\/\/yasminfood.ch\/wp-content\/uploads\/2025\/05\/yasmin-food-header-logo.png","contentUrl":"https:\/\/yasminfood.ch\/wp-content\/uploads\/2025\/05\/yasmin-food-header-logo.png","width":330,"height":120,"caption":"\u064a\u0627\u0633\u0645\u064a\u0646 \u0645\u0627\u0631\u0643\u062a"},"image":{"@id":"https:\/\/yasminfood.ch\/de\/#\/schema\/logo\/image\/"},"sameAs":["https:\/\/www.facebook.com\/yasminmarkt1","https:\/\/www.tiktok.com\/@yasminmarkt","https:\/\/www.instagram.com\/yasmin.markt1\/","https:\/\/api.whatsapp.com\/send\/?phone=41799000104"],"publishingPrinciples":"https:\/\/yasminfood.ch\/de\/shop\/","ownershipFundingInfo":"https:\/\/yasminfood.ch\/de\/shop\/"}]},"product_price_amount":"7.95","product_price_currency":"CHF","og_availability":"instock","product_availability":"instock","product_condition":"new"},"jetpack_sharing_enabled":true,"_links":{"self":[{"href":"https:\/\/yasminfood.ch\/de\/wp-json\/wp\/v2\/product\/112297","targetHints":{"allow":["GET"]}}],"collection":[{"href":"https:\/\/yasminfood.ch\/de\/wp-json\/wp\/v2\/product"}],"about":[{"href":"https:\/\/yasminfood.ch\/de\/wp-json\/wp\/v2\/types\/product"}],"replies":[{"embeddable":true,"href":"https:\/\/yasminfood.ch\/de\/wp-json\/wp\/v2\/comments?post=112297"}],"version-history":[{"count":1,"href":"https:\/\/yasminfood.ch\/de\/wp-json\/wp\/v2\/product\/112297\/revisions"}],"predecessor-version":[{"id":118577,"href":"https:\/\/yasminfood.ch\/de\/wp-json\/wp\/v2\/product\/112297\/revisions\/118577"}],"wp:featuredmedia":[{"embeddable":true,"href":"https:\/\/yasminfood.ch\/de\/wp-json\/wp\/v2\/media\/112291"}],"wp:attachment":[{"href":"https:\/\/yasminfood.ch\/de\/wp-json\/wp\/v2\/media?parent=112297"}],"wp:term":[{"taxonomy":"product_brand","embeddable":true,"href":"https:\/\/yasminfood.ch\/de\/wp-json\/wp\/v2\/product_brand?post=112297"},{"taxonomy":"product_cat","embeddable":true,"href":"https:\/\/yasminfood.ch\/de\/wp-json\/wp\/v2\/product_cat?post=112297"},{"taxonomy":"product_tag","embeddable":true,"href":"https:\/\/yasminfood.ch\/de\/wp-json\/wp\/v2\/product_tag?post=112297"}],"curies":[{"name":"wp","href":"https:\/\/api.w.org\/{rel}","templated":true}]}}