{"id":112575,"date":"2025-05-22T15:48:50","date_gmt":"2025-05-22T13:48:50","guid":{"rendered":"https:\/\/yasminfood.ch\/product\/ritaj-getrocknete-auberginen-40-stueck\/"},"modified":"2025-05-22T15:49:42","modified_gmt":"2025-05-22T13:49:42","slug":"ritaj-getrocknete-auberginen-40-stueck","status":"publish","type":"product","link":"https:\/\/yasminfood.ch\/de\/product\/ritaj-getrocknete-auberginen-40-stueck\/","title":{"rendered":"Ritaj getrocknete Auberginen 40 St\u00fcck"},"content":{"rendered":"<p>Ritaj getrocknete Auberginen 40 St\u00fcck mit einem k\u00f6stlichen Geschmack und einer unverwechselbaren Farbe, getrocknete Auberginen, gef\u00fcllt mit Fleisch und Reis, werden als Hauptgericht auf dem Esstisch serviert und k\u00f6nnen f\u00fcr Bankette und Bankette zubereitet werden, da sie als eines der luxuri\u00f6sen Gerichte gelten, und getrocknete Auberginen wurden im Fu\u00df hergestellt, um in der Nebensaison Auberginen aufgrund ihres hohen N\u00e4hrwerts verwendet zu werden, und es ist eines der k\u00f6stlichen Gerichte, die reich an vielen Vorteilen sind, und getrocknete Auberginen werden in einem luftdichten Nylonbeutel aufbewahrt, um die Sicherheit und Qualit\u00e4t der Lagerung zu gew\u00e4hrleisten.     <\/p>\n<div class=\"product-information light-box-bg mb-3\">\n<div class=\"product-prices sm-bottom\">\n<div class=\"d-flex flex-wrap align-items-center\"><\/div>\n<\/div>\n<\/div>\n","protected":false},"excerpt":{"rendered":"<p>Ritaj getrocknete Auberginen 40 St\u00fcck mit einem k\u00f6stlichen Geschmack und einer unverwechselbaren Farbe, getrocknete Auberginen, gef\u00fcllt mit Fleisch und Reis,<\/p>\n","protected":false},"featured_media":112573,"comment_status":"open","ping_status":"closed","template":"","meta":[],"product_brand":[],"product_cat":[245,270],"product_tag":[],"class_list":{"0":"post-112575","1":"product","2":"type-product","3":"status-publish","4":"has-post-thumbnail","6":"product_cat-konserven-lebensmittel","7":"product_cat-trockner","9":"first","10":"outofstock","11":"taxable","12":"shipping-taxable","13":"purchasable","14":"product-type-simple"},"yoast_head":"<!-- This site is optimized with the Yoast SEO Premium plugin v26.5 (Yoast SEO v27.4) - https:\/\/yoast.com\/product\/yoast-seo-premium-wordpress\/ -->\n<title>Ritaj getrocknete Auberginen 40 St\u00fcck - Yasmin Food<\/title>\n<meta name=\"description\" content=\"Ritaj getrocknete Auberginen 40 St\u00fcck mit einem k\u00f6stlichen Geschmack und einer unverwechselbaren Farbe, getrocknete Auberginen gef\u00fcllt mit Fleisch und Reis werden als Hauptgericht auf dem Esstisch serviert,\" \/>\n<meta name=\"robots\" content=\"index, follow, max-snippet:-1, max-image-preview:large, max-video-preview:-1\" \/>\n<link rel=\"canonical\" href=\"https:\/\/yasminfood.ch\/de\/product\/ritaj-getrocknete-auberginen-40-stueck\/\" \/>\n<meta property=\"og:locale\" content=\"de_DE\" \/>\n<meta property=\"og:type\" content=\"article\" \/>\n<meta property=\"og:title\" content=\"Ritaj getrocknete Auberginen 40 St\u00fcck\" \/>\n<meta property=\"og:description\" content=\"Ritaj getrocknete Auberginen 40 St\u00fcck mit einem k\u00f6stlichen Geschmack und einer unverwechselbaren Farbe, getrocknete Auberginen, gef\u00fcllt mit Fleisch und\" \/>\n<meta property=\"og:url\" content=\"https:\/\/yasminfood.ch\/de\/product\/ritaj-getrocknete-auberginen-40-stueck\/\" \/>\n<meta property=\"og:site_name\" content=\"Yasmin Food\" \/>\n<meta property=\"article:publisher\" content=\"https:\/\/www.facebook.com\/yasminmarkt1\" \/>\n<meta property=\"article:modified_time\" content=\"2025-05-22T13:49:42+00:00\" \/>\n<meta property=\"og:image\" content=\"https:\/\/yasminfood.ch\/wp-content\/uploads\/2025\/05\/\u0628\u0627\u0630\u0646\u062c\u0627\u0646-\u0645\u062c\u0641\u0641-\u0631\u064a\u062a\u0627\u062c-40-\u062d\u0628\u0629.png\" \/>\n\t<meta property=\"og:image:width\" content=\"1080\" \/>\n\t<meta property=\"og:image:height\" content=\"1080\" \/>\n\t<meta property=\"og:image:type\" content=\"image\/png\" \/>\n<meta name=\"twitter:card\" content=\"summary_large_image\" \/>\n<meta name=\"twitter:label1\" content=\"Preis\" \/>\n\t<meta name=\"twitter:data1\" content=\"6.50&nbsp;&#067;&#072;&#070;\" \/>\n\t<meta name=\"twitter:label2\" content=\"Verf\u00fcgbarkeit\" \/>\n\t<meta name=\"twitter:data2\" content=\"ausverkauft\" \/>\n<script type=\"application\/ld+json\" class=\"yoast-schema-graph\">{\"@context\":\"https:\\\/\\\/schema.org\",\"@graph\":[{\"@type\":\"WebPage\",\"@id\":\"https:\\\/\\\/yasminfood.ch\\\/de\\\/product\\\/ritaj-getrocknete-auberginen-40-stueck\\\/\",\"url\":\"https:\\\/\\\/yasminfood.ch\\\/de\\\/product\\\/ritaj-getrocknete-auberginen-40-stueck\\\/\",\"name\":\"Ritaj getrocknete Auberginen 40 St\u00fcck - Yasmin Food\",\"isPartOf\":{\"@id\":\"https:\\\/\\\/yasminfood.ch\\\/de\\\/#website\"},\"primaryImageOfPage\":{\"@id\":\"https:\\\/\\\/yasminfood.ch\\\/de\\\/product\\\/ritaj-getrocknete-auberginen-40-stueck\\\/#primaryimage\"},\"image\":{\"@id\":\"https:\\\/\\\/yasminfood.ch\\\/de\\\/product\\\/ritaj-getrocknete-auberginen-40-stueck\\\/#primaryimage\"},\"thumbnailUrl\":\"https:\\\/\\\/yasminfood.ch\\\/wp-content\\\/uploads\\\/2025\\\/05\\\/\u0628\u0627\u0630\u0646\u062c\u0627\u0646-\u0645\u062c\u0641\u0641-\u0631\u064a\u062a\u0627\u062c-40-\u062d\u0628\u0629.png\",\"datePublished\":\"2025-05-22T13:48:50+00:00\",\"dateModified\":\"2025-05-22T13:49:42+00:00\",\"description\":\"Ritaj getrocknete Auberginen 40 St\u00fcck mit einem k\u00f6stlichen Geschmack und einer unverwechselbaren Farbe, getrocknete Auberginen gef\u00fcllt mit Fleisch und Reis werden als Hauptgericht auf dem Esstisch serviert,\",\"breadcrumb\":{\"@id\":\"https:\\\/\\\/yasminfood.ch\\\/de\\\/product\\\/ritaj-getrocknete-auberginen-40-stueck\\\/#breadcrumb\"},\"inLanguage\":\"de\",\"potentialAction\":[{\"@type\":\"ReadAction\",\"target\":[\"https:\\\/\\\/yasminfood.ch\\\/de\\\/product\\\/ritaj-getrocknete-auberginen-40-stueck\\\/\"]}]},{\"@type\":\"ImageObject\",\"inLanguage\":\"de\",\"@id\":\"https:\\\/\\\/yasminfood.ch\\\/de\\\/product\\\/ritaj-getrocknete-auberginen-40-stueck\\\/#primaryimage\",\"url\":\"https:\\\/\\\/yasminfood.ch\\\/wp-content\\\/uploads\\\/2025\\\/05\\\/\u0628\u0627\u0630\u0646\u062c\u0627\u0646-\u0645\u062c\u0641\u0641-\u0631\u064a\u062a\u0627\u062c-40-\u062d\u0628\u0629.png\",\"contentUrl\":\"https:\\\/\\\/yasminfood.ch\\\/wp-content\\\/uploads\\\/2025\\\/05\\\/\u0628\u0627\u0630\u0646\u062c\u0627\u0646-\u0645\u062c\u0641\u0641-\u0631\u064a\u062a\u0627\u062c-40-\u062d\u0628\u0629.png\",\"width\":1080,\"height\":1080},{\"@type\":\"BreadcrumbList\",\"@id\":\"https:\\\/\\\/yasminfood.ch\\\/de\\\/product\\\/ritaj-getrocknete-auberginen-40-stueck\\\/#breadcrumb\",\"itemListElement\":[{\"@type\":\"ListItem\",\"position\":1,\"name\":\"\u0627\u0644\u0631\u0626\u064a\u0633\u064a\u0629\",\"item\":\"https:\\\/\\\/yasminfood.ch\\\/de\\\/zuhause\\\/\"},{\"@type\":\"ListItem\",\"position\":2,\"name\":\"Shop\",\"item\":\"https:\\\/\\\/yasminfood.ch\\\/de\\\/shop\\\/\"},{\"@type\":\"ListItem\",\"position\":3,\"name\":\"Konserven - Lebensmittel\",\"item\":\"https:\\\/\\\/yasminfood.ch\\\/de\\\/produkt-kategorie\\\/konserven-lebensmittel\\\/\"},{\"@type\":\"ListItem\",\"position\":4,\"name\":\"Trockner\",\"item\":\"https:\\\/\\\/yasminfood.ch\\\/de\\\/produkt-kategorie\\\/konserven-lebensmittel\\\/trockner\\\/\"},{\"@type\":\"ListItem\",\"position\":5,\"name\":\"Ritaj getrocknete Auberginen 40 St\u00fcck\"}]},{\"@type\":\"WebSite\",\"@id\":\"https:\\\/\\\/yasminfood.ch\\\/de\\\/#website\",\"url\":\"https:\\\/\\\/yasminfood.ch\\\/de\\\/\",\"name\":\"\u064a\u0627\u0633\u0645\u064a\u0646 \u0645\u0627\u0631\u0643\u062a\",\"description\":\"Alles, was Sie brauchen, an einem Ort\",\"publisher\":{\"@id\":\"https:\\\/\\\/yasminfood.ch\\\/de\\\/#organization\"},\"alternateName\":\"Yasmin Food\",\"potentialAction\":[{\"@type\":\"SearchAction\",\"target\":{\"@type\":\"EntryPoint\",\"urlTemplate\":\"https:\\\/\\\/yasminfood.ch\\\/de\\\/?s={search_term_string}\"},\"query-input\":{\"@type\":\"PropertyValueSpecification\",\"valueRequired\":true,\"valueName\":\"search_term_string\"}}],\"inLanguage\":\"de\"},{\"@type\":\"Organization\",\"@id\":\"https:\\\/\\\/yasminfood.ch\\\/de\\\/#organization\",\"name\":\"\u064a\u0627\u0633\u0645\u064a\u0646 \u0645\u0627\u0631\u0643\u062a\",\"alternateName\":\"Yasmin Food\",\"url\":\"https:\\\/\\\/yasminfood.ch\\\/de\\\/\",\"logo\":{\"@type\":\"ImageObject\",\"inLanguage\":\"de\",\"@id\":\"https:\\\/\\\/yasminfood.ch\\\/de\\\/#\\\/schema\\\/logo\\\/image\\\/\",\"url\":\"https:\\\/\\\/yasminfood.ch\\\/wp-content\\\/uploads\\\/2025\\\/05\\\/yasmin-food-header-logo.png\",\"contentUrl\":\"https:\\\/\\\/yasminfood.ch\\\/wp-content\\\/uploads\\\/2025\\\/05\\\/yasmin-food-header-logo.png\",\"width\":330,\"height\":120,\"caption\":\"\u064a\u0627\u0633\u0645\u064a\u0646 \u0645\u0627\u0631\u0643\u062a\"},\"image\":{\"@id\":\"https:\\\/\\\/yasminfood.ch\\\/de\\\/#\\\/schema\\\/logo\\\/image\\\/\"},\"sameAs\":[\"https:\\\/\\\/www.facebook.com\\\/yasminmarkt1\",\"https:\\\/\\\/www.tiktok.com\\\/@yasminmarkt\",\"https:\\\/\\\/www.instagram.com\\\/yasmin.markt1\\\/\",\"https:\\\/\\\/api.whatsapp.com\\\/send\\\/?phone=41799000104\"],\"publishingPrinciples\":\"https:\\\/\\\/yasminfood.ch\\\/de\\\/shop\\\/\",\"ownershipFundingInfo\":\"https:\\\/\\\/yasminfood.ch\\\/de\\\/shop\\\/\"}]}<\/script>\n<meta property=\"product:price:amount\" content=\"6.50\" \/>\n<meta property=\"product:price:currency\" content=\"CHF\" \/>\n<meta property=\"og:availability\" content=\"out of stock\" \/>\n<meta property=\"product:availability\" content=\"out of stock\" \/>\n<meta property=\"product:condition\" content=\"new\" \/>\n<!-- \/ Yoast SEO Premium plugin. -->","yoast_head_json":{"title":"Ritaj getrocknete Auberginen 40 St\u00fcck - Yasmin Food","description":"Ritaj getrocknete Auberginen 40 St\u00fcck mit einem k\u00f6stlichen Geschmack und einer unverwechselbaren Farbe, getrocknete Auberginen gef\u00fcllt mit Fleisch und Reis werden als Hauptgericht auf dem Esstisch serviert,","robots":{"index":"index","follow":"follow","max-snippet":"max-snippet:-1","max-image-preview":"max-image-preview:large","max-video-preview":"max-video-preview:-1"},"canonical":"https:\/\/yasminfood.ch\/de\/product\/ritaj-getrocknete-auberginen-40-stueck\/","og_locale":"de_DE","og_type":"article","og_title":"Ritaj getrocknete Auberginen 40 St\u00fcck","og_description":"Ritaj getrocknete Auberginen 40 St\u00fcck mit einem k\u00f6stlichen Geschmack und einer unverwechselbaren Farbe, getrocknete Auberginen, gef\u00fcllt mit Fleisch und","og_url":"https:\/\/yasminfood.ch\/de\/product\/ritaj-getrocknete-auberginen-40-stueck\/","og_site_name":"Yasmin Food","article_publisher":"https:\/\/www.facebook.com\/yasminmarkt1","article_modified_time":"2025-05-22T13:49:42+00:00","og_image":[{"width":1080,"height":1080,"url":"https:\/\/yasminfood.ch\/wp-content\/uploads\/2025\/05\/\u0628\u0627\u0630\u0646\u062c\u0627\u0646-\u0645\u062c\u0641\u0641-\u0631\u064a\u062a\u0627\u062c-40-\u062d\u0628\u0629.png","type":"image\/png"}],"twitter_card":"summary_large_image","twitter_misc":{"Preis":"6.50&nbsp;&#67;&#72;&#70;","Verf\u00fcgbarkeit":"ausverkauft"},"schema":{"@context":"https:\/\/schema.org","@graph":[{"@type":"WebPage","@id":"https:\/\/yasminfood.ch\/de\/product\/ritaj-getrocknete-auberginen-40-stueck\/","url":"https:\/\/yasminfood.ch\/de\/product\/ritaj-getrocknete-auberginen-40-stueck\/","name":"Ritaj getrocknete Auberginen 40 St\u00fcck - Yasmin Food","isPartOf":{"@id":"https:\/\/yasminfood.ch\/de\/#website"},"primaryImageOfPage":{"@id":"https:\/\/yasminfood.ch\/de\/product\/ritaj-getrocknete-auberginen-40-stueck\/#primaryimage"},"image":{"@id":"https:\/\/yasminfood.ch\/de\/product\/ritaj-getrocknete-auberginen-40-stueck\/#primaryimage"},"thumbnailUrl":"https:\/\/yasminfood.ch\/wp-content\/uploads\/2025\/05\/\u0628\u0627\u0630\u0646\u062c\u0627\u0646-\u0645\u062c\u0641\u0641-\u0631\u064a\u062a\u0627\u062c-40-\u062d\u0628\u0629.png","datePublished":"2025-05-22T13:48:50+00:00","dateModified":"2025-05-22T13:49:42+00:00","description":"Ritaj getrocknete Auberginen 40 St\u00fcck mit einem k\u00f6stlichen Geschmack und einer unverwechselbaren Farbe, getrocknete Auberginen gef\u00fcllt mit Fleisch und Reis werden als Hauptgericht auf dem Esstisch serviert,","breadcrumb":{"@id":"https:\/\/yasminfood.ch\/de\/product\/ritaj-getrocknete-auberginen-40-stueck\/#breadcrumb"},"inLanguage":"de","potentialAction":[{"@type":"ReadAction","target":["https:\/\/yasminfood.ch\/de\/product\/ritaj-getrocknete-auberginen-40-stueck\/"]}]},{"@type":"ImageObject","inLanguage":"de","@id":"https:\/\/yasminfood.ch\/de\/product\/ritaj-getrocknete-auberginen-40-stueck\/#primaryimage","url":"https:\/\/yasminfood.ch\/wp-content\/uploads\/2025\/05\/\u0628\u0627\u0630\u0646\u062c\u0627\u0646-\u0645\u062c\u0641\u0641-\u0631\u064a\u062a\u0627\u062c-40-\u062d\u0628\u0629.png","contentUrl":"https:\/\/yasminfood.ch\/wp-content\/uploads\/2025\/05\/\u0628\u0627\u0630\u0646\u062c\u0627\u0646-\u0645\u062c\u0641\u0641-\u0631\u064a\u062a\u0627\u062c-40-\u062d\u0628\u0629.png","width":1080,"height":1080},{"@type":"BreadcrumbList","@id":"https:\/\/yasminfood.ch\/de\/product\/ritaj-getrocknete-auberginen-40-stueck\/#breadcrumb","itemListElement":[{"@type":"ListItem","position":1,"name":"\u0627\u0644\u0631\u0626\u064a\u0633\u064a\u0629","item":"https:\/\/yasminfood.ch\/de\/zuhause\/"},{"@type":"ListItem","position":2,"name":"Shop","item":"https:\/\/yasminfood.ch\/de\/shop\/"},{"@type":"ListItem","position":3,"name":"Konserven - Lebensmittel","item":"https:\/\/yasminfood.ch\/de\/produkt-kategorie\/konserven-lebensmittel\/"},{"@type":"ListItem","position":4,"name":"Trockner","item":"https:\/\/yasminfood.ch\/de\/produkt-kategorie\/konserven-lebensmittel\/trockner\/"},{"@type":"ListItem","position":5,"name":"Ritaj getrocknete Auberginen 40 St\u00fcck"}]},{"@type":"WebSite","@id":"https:\/\/yasminfood.ch\/de\/#website","url":"https:\/\/yasminfood.ch\/de\/","name":"\u064a\u0627\u0633\u0645\u064a\u0646 \u0645\u0627\u0631\u0643\u062a","description":"Alles, was Sie brauchen, an einem Ort","publisher":{"@id":"https:\/\/yasminfood.ch\/de\/#organization"},"alternateName":"Yasmin Food","potentialAction":[{"@type":"SearchAction","target":{"@type":"EntryPoint","urlTemplate":"https:\/\/yasminfood.ch\/de\/?s={search_term_string}"},"query-input":{"@type":"PropertyValueSpecification","valueRequired":true,"valueName":"search_term_string"}}],"inLanguage":"de"},{"@type":"Organization","@id":"https:\/\/yasminfood.ch\/de\/#organization","name":"\u064a\u0627\u0633\u0645\u064a\u0646 \u0645\u0627\u0631\u0643\u062a","alternateName":"Yasmin Food","url":"https:\/\/yasminfood.ch\/de\/","logo":{"@type":"ImageObject","inLanguage":"de","@id":"https:\/\/yasminfood.ch\/de\/#\/schema\/logo\/image\/","url":"https:\/\/yasminfood.ch\/wp-content\/uploads\/2025\/05\/yasmin-food-header-logo.png","contentUrl":"https:\/\/yasminfood.ch\/wp-content\/uploads\/2025\/05\/yasmin-food-header-logo.png","width":330,"height":120,"caption":"\u064a\u0627\u0633\u0645\u064a\u0646 \u0645\u0627\u0631\u0643\u062a"},"image":{"@id":"https:\/\/yasminfood.ch\/de\/#\/schema\/logo\/image\/"},"sameAs":["https:\/\/www.facebook.com\/yasminmarkt1","https:\/\/www.tiktok.com\/@yasminmarkt","https:\/\/www.instagram.com\/yasmin.markt1\/","https:\/\/api.whatsapp.com\/send\/?phone=41799000104"],"publishingPrinciples":"https:\/\/yasminfood.ch\/de\/shop\/","ownershipFundingInfo":"https:\/\/yasminfood.ch\/de\/shop\/"}]},"product_price_amount":"6.50","product_price_currency":"CHF","og_availability":"out of stock","product_availability":"out of stock","product_condition":"new"},"jetpack_sharing_enabled":true,"_links":{"self":[{"href":"https:\/\/yasminfood.ch\/de\/wp-json\/wp\/v2\/product\/112575","targetHints":{"allow":["GET"]}}],"collection":[{"href":"https:\/\/yasminfood.ch\/de\/wp-json\/wp\/v2\/product"}],"about":[{"href":"https:\/\/yasminfood.ch\/de\/wp-json\/wp\/v2\/types\/product"}],"replies":[{"embeddable":true,"href":"https:\/\/yasminfood.ch\/de\/wp-json\/wp\/v2\/comments?post=112575"}],"version-history":[{"count":0,"href":"https:\/\/yasminfood.ch\/de\/wp-json\/wp\/v2\/product\/112575\/revisions"}],"wp:featuredmedia":[{"embeddable":true,"href":"https:\/\/yasminfood.ch\/de\/wp-json\/wp\/v2\/media\/112573"}],"wp:attachment":[{"href":"https:\/\/yasminfood.ch\/de\/wp-json\/wp\/v2\/media?parent=112575"}],"wp:term":[{"taxonomy":"product_brand","embeddable":true,"href":"https:\/\/yasminfood.ch\/de\/wp-json\/wp\/v2\/product_brand?post=112575"},{"taxonomy":"product_cat","embeddable":true,"href":"https:\/\/yasminfood.ch\/de\/wp-json\/wp\/v2\/product_cat?post=112575"},{"taxonomy":"product_tag","embeddable":true,"href":"https:\/\/yasminfood.ch\/de\/wp-json\/wp\/v2\/product_tag?post=112575"}],"curies":[{"name":"wp","href":"https:\/\/api.w.org\/{rel}","templated":true}]}}