{"id":112626,"date":"2025-05-22T17:30:02","date_gmt":"2025-05-22T15:30:02","guid":{"rendered":"https:\/\/yasminfood.ch\/product\/weisse-sambousek-form-aus-zwei-teilen\/"},"modified":"2026-03-10T01:18:49","modified_gmt":"2026-03-10T00:18:49","slug":"weisse-sambousek-form-aus-zwei-teilen","status":"publish","type":"product","link":"https:\/\/yasminfood.ch\/de\/product\/weisse-sambousek-form-aus-zwei-teilen\/","title":{"rendered":"Kunststoffformen"},"content":{"rendered":"<p data-start=\"0\" data-end=\"23\"><strong data-start=\"0\" data-end=\"23\">Kunststoffformen<\/strong><\/p>\n<ul>\n<li data-start=\"25\" data-end=\"206\">\n<div class=\"flex flex-col text-sm pb-25\">\n<article class=\"text-token-text-primary w-full focus:outline-none [--shadow-height:45px] has-data-writing-block:pointer-events-none has-data-writing-block:-mt-(--shadow-height) has-data-writing-block:pt-(--shadow-height) [&amp;:has([data-writing-block])&gt;*]:pointer-events-auto scroll-mt-[calc(var(--header-height)+min(200px,max(70px,20svh)))]\" dir=\"auto\" tabindex=\"-1\" data-turn-id=\"request-WEB:20608ec1-1dff-4310-9ec0-b62b89b7dc92-1\" data-testid=\"conversation-turn-4\" data-scroll-anchor=\"true\" data-turn=\"assistant\">\n<div class=\"text-base my-auto mx-auto pb-10 [--thread-content-margin:var(--thread-content-margin-xs,calc(var(--spacing)*4))] @w-sm\/main:[--thread-content-margin:var(--thread-content-margin-sm,calc(var(--spacing)*6))] @w-lg\/main:[--thread-content-margin:var(--thread-content-margin-lg,calc(var(--spacing)*16))] px-(--thread-content-margin)\">\n<div class=\"[--thread-content-max-width:40rem] @w-lg\/main:[--thread-content-max-width:48rem] mx-auto max-w-(--thread-content-max-width) flex-1 group\/turn-messages focus-visible:outline-hidden relative flex w-full min-w-0 flex-col agent-turn\" tabindex=\"-1\">\n<div class=\"flex max-w-full flex-col gap-4 grow\">\n<div class=\"min-h-8 text-message relative flex w-full flex-col items-end gap-2 text-start break-words whitespace-normal [.text-message+&amp;]:mt-1\" dir=\"auto\" data-message-author-role=\"assistant\" data-message-id=\"98e583bf-9323-4a75-9af2-6678b8fd7727\" data-message-model-slug=\"gpt-5-3\">\n<div class=\"flex w-full flex-col gap-1 empty:hidden\">\n<div class=\"markdown prose dark:prose-invert w-full wrap-break-word light markdown-new-styling\">\n<p data-start=\"25\" data-end=\"206\">Ein praktisches Plastik-Maamoul-Formset, das dir hilft, Maamoul einfach, harmonisch und sch\u00f6n zu formen.<\/p>\n<p data-start=\"25\" data-end=\"206\">Aus starkem und leichtem Kunststoff gefertigt, verf\u00fcgt er \u00fcber einen Druckknopf, um die Maamoul-Bohne einfach zu entfernen, ohne am Teig zu kleben. <\/p>\n<p data-start=\"208\" data-end=\"286\">Perfekt, um Datteln, Pistazien oder Walnuss-Maamouls schnell und professionell zu Hause zu machen.<\/p>\n<p data-start=\"288\" data-end=\"301\"><strong data-start=\"288\" data-end=\"301\">Funktionen:<\/strong><\/p>\n<ul data-start=\"302\" data-end=\"471\">\n<li data-section-id=\"1a1h9r0\" data-start=\"302\" data-end=\"324\">\n<p data-start=\"304\" data-end=\"324\">Langlebiger und leichter Kunststoff<\/p>\n<\/li>\n<li data-section-id=\"1o1eyrn\" data-start=\"325\" data-end=\"356\">\n<p data-start=\"327\" data-end=\"356\">Knopf dr\u00fccken, um es einfacher zu machen, den Maamoul auszuschalten<\/p>\n<\/li>\n<li data-section-id=\"zdqn5n\" data-start=\"357\" data-end=\"384\">\n<p data-start=\"359\" data-end=\"384\">Einfach zu benutzen und zu reinigen<\/p>\n<\/li>\n<li data-section-id=\"1lqmdck\" data-start=\"385\" data-end=\"422\">\n<p data-start=\"387\" data-end=\"422\">Sie verleiht der Maamoul sch\u00f6ne und harmonische Formen<\/p>\n<\/li>\n<li data-section-id=\"14xmtgw\" data-start=\"423\" data-end=\"471\">\n<p data-start=\"425\" data-end=\"471\">Geeignet f\u00fcr den Heimgebrauch oder professionelle K\u00fcchen<\/p>\n<\/li>\n<\/ul>\n<p data-start=\"473\" data-end=\"536\" data-is-last-node=\"\" data-is-only-node=\"\">Geeignet f\u00fcr die einfache und schnelle Zubereitung von Eid Maamoul und arabischen Desserts.<\/p>\n<\/div>\n<\/div>\n<\/div>\n<\/div>\n<div class=\"z-0 flex min-h-[46px] justify-start\"><\/div>\n<div class=\"mt-3 w-full empty:hidden\">\n<div class=\"text-center\"><\/div>\n<\/div>\n<\/div>\n<\/div>\n<\/article>\n<\/div>\n<div class=\"pointer-events-none h-px w-px absolute bottom-0\" aria-hidden=\"true\" data-edge=\"true\"><\/div>\n<\/li>\n<\/ul>\n","protected":false},"excerpt":{"rendered":"<p data-start=\"0\" data-end=\"23\"><strong data-start=\"0\" data-end=\"23\">Kunststoffformen<\/strong><\/p>\n<div class=\"flex flex-col text-sm pb-25\">\n<article class=\"text-token-text-primary w-full focus:outline-none [--shadow-height:45px] has-data-writing-block:pointer-events-none has-data-writing-block:-mt-(--shadow-height) has-data-writing-block:pt-(--shadow-height) [&amp;:has([data-writing-block])&gt;*]:pointer-events-auto scroll-mt-[calc(var(--header-height)+min(200px,max(70px,20svh)))]\" dir=\"auto\" tabindex=\"-1\" data-turn-id=\"request-WEB:20608ec1-1dff-4310-9ec0-b62b89b7dc92-1\" data-testid=\"conversation-turn-4\" data-scroll-anchor=\"true\" data-turn=\"assistant\">\n<div class=\"text-base my-auto mx-auto pb-10 [--thread-content-margin:var(--thread-content-margin-xs,calc(var(--spacing)*4))] @w-sm\/main:[--thread-content-margin:var(--thread-content-margin-sm,calc(var(--spacing)*6))] @w-lg\/main:[--thread-content-margin:var(--thread-content-margin-lg,calc(var(--spacing)*16))] px-(--thread-content-margin)\">\n<div class=\"[--thread-content-max-width:40rem] @w-lg\/main:[--thread-content-max-width:48rem] mx-auto max-w-(--thread-content-max-width) flex-1 group\/turn-messages focus-visible:outline-hidden relative flex w-full min-w-0 flex-col agent-turn\" tabindex=\"-1\">\n<div class=\"flex max-w-full flex-col gap-4 grow\">\n<div class=\"min-h-8 text-message relative flex w-full flex-col items-end gap-2 text-start break-words whitespace-normal [.text-message+&amp;]:mt-1\" dir=\"auto\" data-message-author-role=\"assistant\" data-message-id=\"98e583bf-9323-4a75-9af2-6678b8fd7727\" data-message-model-slug=\"gpt-5-3\">\n<div class=\"flex w-full flex-col gap-1 empty:hidden\">\n<div class=\"markdown prose dark:prose-invert w-full wrap-break-word light markdown-new-styling\">\n<ul>\n<li data-start=\"25\" data-end=\"206\">Ein praktisches Plastik-Maamoul-Formset, das dir hilft, Maamoul einfach, harmonisch und sch\u00f6n zu formen<\/li>\n<li data-start=\"25\" data-end=\"206\">Aus starkem und leichtem Kunststoff gefertigt, verf\u00fcgt er \u00fcber einen Druckknopf, um die Maamoul-Bohne einfach zu entfernen, ohne am Teig zu kleben. <\/li>\n<\/ul>\n<p data-start=\"208\" data-end=\"286\">\n<\/div>\n<\/div>\n<\/div>\n<\/div>\n<\/div>\n<\/div>\n<\/article>\n<\/div>\n","protected":false},"featured_media":122021,"comment_status":"open","ping_status":"closed","template":"","meta":[],"product_brand":[],"product_cat":[904,388],"product_tag":[],"class_list":{"0":"post-112626","1":"product","2":"type-product","3":"status-publish","4":"has-post-thumbnail","6":"product_cat-kuechenutensilien","7":"product_cat-nonfood","9":"first","10":"instock","11":"taxable","12":"shipping-taxable","13":"purchasable","14":"product-type-simple"},"yoast_head":"<!-- This site is optimized with the Yoast SEO Premium plugin v26.5 (Yoast SEO v27.5) - https:\/\/yoast.com\/product\/yoast-seo-premium-wordpress\/ -->\n<title>Kunststoffformen - Yasmin Food<\/title>\n<meta name=\"description\" content=\"Ein praktisches Plastik-Maamoul-Formset, das dir hilft, Maamoul einfach, harmonisch und sch\u00f6n zu formen. Aus starkem und leichtem Kunststoff gefertigt,\" \/>\n<meta name=\"robots\" content=\"index, follow, max-snippet:-1, max-image-preview:large, max-video-preview:-1\" \/>\n<link rel=\"canonical\" href=\"https:\/\/yasminfood.ch\/de\/product\/weisse-sambousek-form-aus-zwei-teilen\/\" \/>\n<meta property=\"og:locale\" content=\"de_DE\" \/>\n<meta property=\"og:type\" content=\"article\" \/>\n<meta property=\"og:title\" content=\"Kunststoffformen\" \/>\n<meta property=\"og:description\" content=\"Kunststoffformen      Ein praktisches Plastik-Maamoul-Formset, das dir hilft, Maamoul einfach, harmonisch und sch\u00f6n zu formen  Aus starkem und leichtem Kunststoff gefertigt, verf\u00fcgt er \u00fcber einen Druckknopf, um die Maamoul-Bohne einfach zu entfernen, ohne am Teig zu kleben.\" \/>\n<meta property=\"og:url\" content=\"https:\/\/yasminfood.ch\/de\/product\/weisse-sambousek-form-aus-zwei-teilen\/\" \/>\n<meta property=\"og:site_name\" content=\"Yasmin Food\" \/>\n<meta property=\"article:publisher\" content=\"https:\/\/www.facebook.com\/yasminmarkt1\" \/>\n<meta property=\"article:modified_time\" content=\"2026-03-10T00:18:49+00:00\" \/>\n<meta property=\"og:image\" content=\"https:\/\/yasminfood.ch\/wp-content\/uploads\/2025\/05\/\u0642\u0648\u0627\u0644\u0628-\u0645\u0639\u0645\u0648\u0644-\u0628\u0644\u0627\u0633\u062a\u064a\u0643.png\" \/>\n\t<meta property=\"og:image:width\" content=\"1080\" \/>\n\t<meta property=\"og:image:height\" content=\"1080\" \/>\n\t<meta property=\"og:image:type\" content=\"image\/png\" \/>\n<meta name=\"twitter:card\" content=\"summary_large_image\" \/>\n<meta name=\"twitter:label1\" content=\"Preis\" \/>\n\t<meta name=\"twitter:data1\" content=\"6.95&nbsp;&#067;&#072;&#070;\" \/>\n\t<meta name=\"twitter:label2\" content=\"Verf\u00fcgbarkeit\" \/>\n\t<meta name=\"twitter:data2\" content=\"Auf Lager\" \/>\n<script type=\"application\/ld+json\" class=\"yoast-schema-graph\">{\"@context\":\"https:\\\/\\\/schema.org\",\"@graph\":[{\"@type\":\"WebPage\",\"@id\":\"https:\\\/\\\/yasminfood.ch\\\/de\\\/product\\\/weisse-sambousek-form-aus-zwei-teilen\\\/\",\"url\":\"https:\\\/\\\/yasminfood.ch\\\/de\\\/product\\\/weisse-sambousek-form-aus-zwei-teilen\\\/\",\"name\":\"Kunststoffformen - Yasmin Food\",\"isPartOf\":{\"@id\":\"https:\\\/\\\/yasminfood.ch\\\/de\\\/#website\"},\"primaryImageOfPage\":{\"@id\":\"https:\\\/\\\/yasminfood.ch\\\/de\\\/product\\\/weisse-sambousek-form-aus-zwei-teilen\\\/#primaryimage\"},\"image\":{\"@id\":\"https:\\\/\\\/yasminfood.ch\\\/de\\\/product\\\/weisse-sambousek-form-aus-zwei-teilen\\\/#primaryimage\"},\"thumbnailUrl\":\"https:\\\/\\\/yasminfood.ch\\\/wp-content\\\/uploads\\\/2025\\\/05\\\/\u0642\u0648\u0627\u0644\u0628-\u0645\u0639\u0645\u0648\u0644-\u0628\u0644\u0627\u0633\u062a\u064a\u0643.png\",\"datePublished\":\"2025-05-22T15:30:02+00:00\",\"dateModified\":\"2026-03-10T00:18:49+00:00\",\"description\":\"Ein praktisches Plastik-Maamoul-Formset, das dir hilft, Maamoul einfach, harmonisch und sch\u00f6n zu formen. Aus starkem und leichtem Kunststoff gefertigt,\",\"breadcrumb\":{\"@id\":\"https:\\\/\\\/yasminfood.ch\\\/de\\\/product\\\/weisse-sambousek-form-aus-zwei-teilen\\\/#breadcrumb\"},\"inLanguage\":\"de\",\"potentialAction\":[{\"@type\":\"ReadAction\",\"target\":[\"https:\\\/\\\/yasminfood.ch\\\/de\\\/product\\\/weisse-sambousek-form-aus-zwei-teilen\\\/\"]}]},{\"@type\":\"ImageObject\",\"inLanguage\":\"de\",\"@id\":\"https:\\\/\\\/yasminfood.ch\\\/de\\\/product\\\/weisse-sambousek-form-aus-zwei-teilen\\\/#primaryimage\",\"url\":\"https:\\\/\\\/yasminfood.ch\\\/wp-content\\\/uploads\\\/2025\\\/05\\\/\u0642\u0648\u0627\u0644\u0628-\u0645\u0639\u0645\u0648\u0644-\u0628\u0644\u0627\u0633\u062a\u064a\u0643.png\",\"contentUrl\":\"https:\\\/\\\/yasminfood.ch\\\/wp-content\\\/uploads\\\/2025\\\/05\\\/\u0642\u0648\u0627\u0644\u0628-\u0645\u0639\u0645\u0648\u0644-\u0628\u0644\u0627\u0633\u062a\u064a\u0643.png\",\"width\":1080,\"height\":1080,\"caption\":\"Kunststoffformen\"},{\"@type\":\"BreadcrumbList\",\"@id\":\"https:\\\/\\\/yasminfood.ch\\\/de\\\/product\\\/weisse-sambousek-form-aus-zwei-teilen\\\/#breadcrumb\",\"itemListElement\":[{\"@type\":\"ListItem\",\"position\":1,\"name\":\"\u0627\u0644\u0631\u0626\u064a\u0633\u064a\u0629\",\"item\":\"https:\\\/\\\/yasminfood.ch\\\/de\\\/zuhause\\\/\"},{\"@type\":\"ListItem\",\"position\":2,\"name\":\"Shop\",\"item\":\"https:\\\/\\\/yasminfood.ch\\\/de\\\/shop\\\/\"},{\"@type\":\"ListItem\",\"position\":3,\"name\":\"Nonfood\",\"item\":\"https:\\\/\\\/yasminfood.ch\\\/de\\\/produkt-kategorie\\\/nonfood\\\/\"},{\"@type\":\"ListItem\",\"position\":4,\"name\":\"Kunststoffformen\"}]},{\"@type\":\"WebSite\",\"@id\":\"https:\\\/\\\/yasminfood.ch\\\/de\\\/#website\",\"url\":\"https:\\\/\\\/yasminfood.ch\\\/de\\\/\",\"name\":\"\u064a\u0627\u0633\u0645\u064a\u0646 \u0645\u0627\u0631\u0643\u062a\",\"description\":\"Alles, was Sie brauchen, an einem Ort\",\"publisher\":{\"@id\":\"https:\\\/\\\/yasminfood.ch\\\/de\\\/#organization\"},\"alternateName\":\"Yasmin Food\",\"potentialAction\":[{\"@type\":\"SearchAction\",\"target\":{\"@type\":\"EntryPoint\",\"urlTemplate\":\"https:\\\/\\\/yasminfood.ch\\\/de\\\/?s={search_term_string}\"},\"query-input\":{\"@type\":\"PropertyValueSpecification\",\"valueRequired\":true,\"valueName\":\"search_term_string\"}}],\"inLanguage\":\"de\"},{\"@type\":\"Organization\",\"@id\":\"https:\\\/\\\/yasminfood.ch\\\/de\\\/#organization\",\"name\":\"\u064a\u0627\u0633\u0645\u064a\u0646 \u0645\u0627\u0631\u0643\u062a\",\"alternateName\":\"Yasmin Food\",\"url\":\"https:\\\/\\\/yasminfood.ch\\\/de\\\/\",\"logo\":{\"@type\":\"ImageObject\",\"inLanguage\":\"de\",\"@id\":\"https:\\\/\\\/yasminfood.ch\\\/de\\\/#\\\/schema\\\/logo\\\/image\\\/\",\"url\":\"https:\\\/\\\/yasminfood.ch\\\/wp-content\\\/uploads\\\/2025\\\/05\\\/yasmin-food-header-logo.png\",\"contentUrl\":\"https:\\\/\\\/yasminfood.ch\\\/wp-content\\\/uploads\\\/2025\\\/05\\\/yasmin-food-header-logo.png\",\"width\":330,\"height\":120,\"caption\":\"\u064a\u0627\u0633\u0645\u064a\u0646 \u0645\u0627\u0631\u0643\u062a\"},\"image\":{\"@id\":\"https:\\\/\\\/yasminfood.ch\\\/de\\\/#\\\/schema\\\/logo\\\/image\\\/\"},\"sameAs\":[\"https:\\\/\\\/www.facebook.com\\\/yasminmarkt1\",\"https:\\\/\\\/www.tiktok.com\\\/@yasminmarkt\",\"https:\\\/\\\/www.instagram.com\\\/yasmin.markt1\\\/\",\"https:\\\/\\\/api.whatsapp.com\\\/send\\\/?phone=41799000104\"],\"publishingPrinciples\":\"https:\\\/\\\/yasminfood.ch\\\/de\\\/shop\\\/\",\"ownershipFundingInfo\":\"https:\\\/\\\/yasminfood.ch\\\/de\\\/shop\\\/\"}]}<\/script>\n<meta property=\"product:price:amount\" content=\"6.95\" \/>\n<meta property=\"product:price:currency\" content=\"CHF\" \/>\n<meta property=\"og:availability\" content=\"instock\" \/>\n<meta property=\"product:availability\" content=\"instock\" \/>\n<meta property=\"product:condition\" content=\"new\" \/>\n<!-- \/ Yoast SEO Premium plugin. -->","yoast_head_json":{"title":"Kunststoffformen - Yasmin Food","description":"Ein praktisches Plastik-Maamoul-Formset, das dir hilft, Maamoul einfach, harmonisch und sch\u00f6n zu formen. Aus starkem und leichtem Kunststoff gefertigt,","robots":{"index":"index","follow":"follow","max-snippet":"max-snippet:-1","max-image-preview":"max-image-preview:large","max-video-preview":"max-video-preview:-1"},"canonical":"https:\/\/yasminfood.ch\/de\/product\/weisse-sambousek-form-aus-zwei-teilen\/","og_locale":"de_DE","og_type":"article","og_title":"Kunststoffformen","og_description":"Kunststoffformen      Ein praktisches Plastik-Maamoul-Formset, das dir hilft, Maamoul einfach, harmonisch und sch\u00f6n zu formen  Aus starkem und leichtem Kunststoff gefertigt, verf\u00fcgt er \u00fcber einen Druckknopf, um die Maamoul-Bohne einfach zu entfernen, ohne am Teig zu kleben.","og_url":"https:\/\/yasminfood.ch\/de\/product\/weisse-sambousek-form-aus-zwei-teilen\/","og_site_name":"Yasmin Food","article_publisher":"https:\/\/www.facebook.com\/yasminmarkt1","article_modified_time":"2026-03-10T00:18:49+00:00","og_image":[{"width":1080,"height":1080,"url":"https:\/\/yasminfood.ch\/wp-content\/uploads\/2025\/05\/\u0642\u0648\u0627\u0644\u0628-\u0645\u0639\u0645\u0648\u0644-\u0628\u0644\u0627\u0633\u062a\u064a\u0643.png","type":"image\/png"}],"twitter_card":"summary_large_image","twitter_misc":{"Preis":"6.95&nbsp;&#67;&#72;&#70;","Verf\u00fcgbarkeit":"Auf Lager"},"schema":{"@context":"https:\/\/schema.org","@graph":[{"@type":"WebPage","@id":"https:\/\/yasminfood.ch\/de\/product\/weisse-sambousek-form-aus-zwei-teilen\/","url":"https:\/\/yasminfood.ch\/de\/product\/weisse-sambousek-form-aus-zwei-teilen\/","name":"Kunststoffformen - Yasmin Food","isPartOf":{"@id":"https:\/\/yasminfood.ch\/de\/#website"},"primaryImageOfPage":{"@id":"https:\/\/yasminfood.ch\/de\/product\/weisse-sambousek-form-aus-zwei-teilen\/#primaryimage"},"image":{"@id":"https:\/\/yasminfood.ch\/de\/product\/weisse-sambousek-form-aus-zwei-teilen\/#primaryimage"},"thumbnailUrl":"https:\/\/yasminfood.ch\/wp-content\/uploads\/2025\/05\/\u0642\u0648\u0627\u0644\u0628-\u0645\u0639\u0645\u0648\u0644-\u0628\u0644\u0627\u0633\u062a\u064a\u0643.png","datePublished":"2025-05-22T15:30:02+00:00","dateModified":"2026-03-10T00:18:49+00:00","description":"Ein praktisches Plastik-Maamoul-Formset, das dir hilft, Maamoul einfach, harmonisch und sch\u00f6n zu formen. Aus starkem und leichtem Kunststoff gefertigt,","breadcrumb":{"@id":"https:\/\/yasminfood.ch\/de\/product\/weisse-sambousek-form-aus-zwei-teilen\/#breadcrumb"},"inLanguage":"de","potentialAction":[{"@type":"ReadAction","target":["https:\/\/yasminfood.ch\/de\/product\/weisse-sambousek-form-aus-zwei-teilen\/"]}]},{"@type":"ImageObject","inLanguage":"de","@id":"https:\/\/yasminfood.ch\/de\/product\/weisse-sambousek-form-aus-zwei-teilen\/#primaryimage","url":"https:\/\/yasminfood.ch\/wp-content\/uploads\/2025\/05\/\u0642\u0648\u0627\u0644\u0628-\u0645\u0639\u0645\u0648\u0644-\u0628\u0644\u0627\u0633\u062a\u064a\u0643.png","contentUrl":"https:\/\/yasminfood.ch\/wp-content\/uploads\/2025\/05\/\u0642\u0648\u0627\u0644\u0628-\u0645\u0639\u0645\u0648\u0644-\u0628\u0644\u0627\u0633\u062a\u064a\u0643.png","width":1080,"height":1080,"caption":"Kunststoffformen"},{"@type":"BreadcrumbList","@id":"https:\/\/yasminfood.ch\/de\/product\/weisse-sambousek-form-aus-zwei-teilen\/#breadcrumb","itemListElement":[{"@type":"ListItem","position":1,"name":"\u0627\u0644\u0631\u0626\u064a\u0633\u064a\u0629","item":"https:\/\/yasminfood.ch\/de\/zuhause\/"},{"@type":"ListItem","position":2,"name":"Shop","item":"https:\/\/yasminfood.ch\/de\/shop\/"},{"@type":"ListItem","position":3,"name":"Nonfood","item":"https:\/\/yasminfood.ch\/de\/produkt-kategorie\/nonfood\/"},{"@type":"ListItem","position":4,"name":"Kunststoffformen"}]},{"@type":"WebSite","@id":"https:\/\/yasminfood.ch\/de\/#website","url":"https:\/\/yasminfood.ch\/de\/","name":"\u064a\u0627\u0633\u0645\u064a\u0646 \u0645\u0627\u0631\u0643\u062a","description":"Alles, was Sie brauchen, an einem Ort","publisher":{"@id":"https:\/\/yasminfood.ch\/de\/#organization"},"alternateName":"Yasmin Food","potentialAction":[{"@type":"SearchAction","target":{"@type":"EntryPoint","urlTemplate":"https:\/\/yasminfood.ch\/de\/?s={search_term_string}"},"query-input":{"@type":"PropertyValueSpecification","valueRequired":true,"valueName":"search_term_string"}}],"inLanguage":"de"},{"@type":"Organization","@id":"https:\/\/yasminfood.ch\/de\/#organization","name":"\u064a\u0627\u0633\u0645\u064a\u0646 \u0645\u0627\u0631\u0643\u062a","alternateName":"Yasmin Food","url":"https:\/\/yasminfood.ch\/de\/","logo":{"@type":"ImageObject","inLanguage":"de","@id":"https:\/\/yasminfood.ch\/de\/#\/schema\/logo\/image\/","url":"https:\/\/yasminfood.ch\/wp-content\/uploads\/2025\/05\/yasmin-food-header-logo.png","contentUrl":"https:\/\/yasminfood.ch\/wp-content\/uploads\/2025\/05\/yasmin-food-header-logo.png","width":330,"height":120,"caption":"\u064a\u0627\u0633\u0645\u064a\u0646 \u0645\u0627\u0631\u0643\u062a"},"image":{"@id":"https:\/\/yasminfood.ch\/de\/#\/schema\/logo\/image\/"},"sameAs":["https:\/\/www.facebook.com\/yasminmarkt1","https:\/\/www.tiktok.com\/@yasminmarkt","https:\/\/www.instagram.com\/yasmin.markt1\/","https:\/\/api.whatsapp.com\/send\/?phone=41799000104"],"publishingPrinciples":"https:\/\/yasminfood.ch\/de\/shop\/","ownershipFundingInfo":"https:\/\/yasminfood.ch\/de\/shop\/"}]},"product_price_amount":"6.95","product_price_currency":"CHF","og_availability":"instock","product_availability":"instock","product_condition":"new"},"jetpack_sharing_enabled":true,"_links":{"self":[{"href":"https:\/\/yasminfood.ch\/de\/wp-json\/wp\/v2\/product\/112626","targetHints":{"allow":["GET"]}}],"collection":[{"href":"https:\/\/yasminfood.ch\/de\/wp-json\/wp\/v2\/product"}],"about":[{"href":"https:\/\/yasminfood.ch\/de\/wp-json\/wp\/v2\/types\/product"}],"replies":[{"embeddable":true,"href":"https:\/\/yasminfood.ch\/de\/wp-json\/wp\/v2\/comments?post=112626"}],"version-history":[{"count":1,"href":"https:\/\/yasminfood.ch\/de\/wp-json\/wp\/v2\/product\/112626\/revisions"}],"predecessor-version":[{"id":122025,"href":"https:\/\/yasminfood.ch\/de\/wp-json\/wp\/v2\/product\/112626\/revisions\/122025"}],"wp:featuredmedia":[{"embeddable":true,"href":"https:\/\/yasminfood.ch\/de\/wp-json\/wp\/v2\/media\/122021"}],"wp:attachment":[{"href":"https:\/\/yasminfood.ch\/de\/wp-json\/wp\/v2\/media?parent=112626"}],"wp:term":[{"taxonomy":"product_brand","embeddable":true,"href":"https:\/\/yasminfood.ch\/de\/wp-json\/wp\/v2\/product_brand?post=112626"},{"taxonomy":"product_cat","embeddable":true,"href":"https:\/\/yasminfood.ch\/de\/wp-json\/wp\/v2\/product_cat?post=112626"},{"taxonomy":"product_tag","embeddable":true,"href":"https:\/\/yasminfood.ch\/de\/wp-json\/wp\/v2\/product_tag?post=112626"}],"curies":[{"name":"wp","href":"https:\/\/api.w.org\/{rel}","templated":true}]}}