{"id":112739,"date":"2025-05-23T16:06:03","date_gmt":"2025-05-23T14:07:13","guid":{"rendered":"https:\/\/yasminfood.ch\/product\/ovale-cecialfaser-waritex\/"},"modified":"2025-05-23T16:07:13","modified_gmt":"2025-05-23T14:07:13","slug":"ovale-cecialfaser-waritex","status":"publish","type":"product","link":"https:\/\/yasminfood.ch\/de\/product\/ovale-cecialfaser-waritex\/","title":{"rendered":"Ovale Cecialfaser Waritex"},"content":{"rendered":"<p data-start=\"528\" data-end=\"843\"><strong data-start=\"528\" data-end=\"843\">Schenken Sie Ihrer Haut eine nat\u00fcrliche Pflege mit Waritex Oval Sisal Fiber. Hergestellt aus 100% pflanzlichen Sisalfasern, hilft es, abgestorbene Hautsch\u00fcppchen zu entfernen und die Durchblutung sanft anzuregen. Sein ovales Design und der ergonomische Griff machen ihn ideal f\u00fcr den m\u00fchelosen manuellen Gebrauch. Es ist f\u00fcr alle Hauttypen geeignet und eine ausgezeichnete Wahl f\u00fcr t\u00e4gliche Duschen und nat\u00fcrliche Peelings.     <\/strong><\/p>\n<p data-start=\"845\" data-end=\"858\"><strong data-start=\"845\" data-end=\"858\">Funktionen:<\/strong><\/p>\n<ul data-start=\"859\" data-end=\"1001\">\n<li data-start=\"859\" data-end=\"888\">\n<p data-start=\"861\" data-end=\"888\">Hergestellt aus nat\u00fcrlichem Sisal<\/p>\n<\/li>\n<li data-start=\"889\" data-end=\"914\">\n<p data-start=\"891\" data-end=\"914\">Komfortables ovales Design f\u00fcr die Hand<\/p>\n<\/li>\n<li data-start=\"915\" data-end=\"935\">\n<p data-start=\"917\" data-end=\"935\">Effektives und sanftes Peeling<\/p>\n<\/li>\n<li data-start=\"936\" data-end=\"960\">\n<p data-start=\"938\" data-end=\"960\">regt die Durchblutung an<\/p>\n<\/li>\n<li data-start=\"961\" data-end=\"1001\">\n<p data-start=\"963\" data-end=\"1001\">Wiederverwendbar und umweltfreundlich<\/p>\n<\/li>\n<\/ul>\n","protected":false},"excerpt":{"rendered":"<p>Waritex ovaler Cecial Luffa wird aus Naturfasern hergestellt, um die Haut effektiv zu reinigen und zu peelen. Ergonomisches Design der Hand, ideal f\u00fcr den t\u00e4glichen Gebrauch und regt die Durchblutung an  <\/p>\n","protected":false},"featured_media":112736,"comment_status":"open","ping_status":"closed","template":"","meta":[],"product_brand":[],"product_cat":[916,388,908],"product_tag":[],"class_list":{"0":"post-112739","1":"product","2":"type-product","3":"status-publish","4":"has-post-thumbnail","6":"product_cat-gesundheit-schoenheit","7":"product_cat-nonfood","8":"product_cat-waschmittel","10":"first","11":"instock","12":"taxable","13":"shipping-taxable","14":"purchasable","15":"product-type-simple"},"yoast_head":"<!-- This site is optimized with the Yoast SEO Premium plugin v26.5 (Yoast SEO v27.3) - https:\/\/yoast.com\/product\/yoast-seo-premium-wordpress\/ -->\n<title>Ovale Cecialfaser Waritex - Yasmin Food<\/title>\n<meta name=\"description\" content=\"Waritex Oval Cecial Loofah wird aus Naturfasern von Waritex hergestellt \u2013 f\u00fcr eine sanfte und effektive Reinigung und Peeling. Ergonomisches Design f\u00fcr die H\u00e4nde und ideal f\u00fcr empfindliche Haut.\" \/>\n<meta name=\"robots\" content=\"index, follow, max-snippet:-1, max-image-preview:large, max-video-preview:-1\" \/>\n<link rel=\"canonical\" href=\"https:\/\/yasminfood.ch\/de\/product\/ovale-cecialfaser-waritex\/\" \/>\n<meta property=\"og:locale\" content=\"de_DE\" \/>\n<meta property=\"og:type\" content=\"article\" \/>\n<meta property=\"og:title\" content=\"Ovale Cecialfaser Waritex\" \/>\n<meta property=\"og:description\" content=\"Waritex ovaler Cecial Luffa wird aus Naturfasern hergestellt, um die Haut effektiv zu reinigen und zu peelen. Ergonomisches Design der Hand, ideal f\u00fcr den t\u00e4glichen Gebrauch und regt die Durchblutung an\" \/>\n<meta property=\"og:url\" content=\"https:\/\/yasminfood.ch\/de\/product\/ovale-cecialfaser-waritex\/\" \/>\n<meta property=\"og:site_name\" content=\"Yasmin Food\" \/>\n<meta property=\"article:publisher\" content=\"https:\/\/www.facebook.com\/yasminmarkt1\" \/>\n<meta property=\"og:image\" content=\"https:\/\/yasminfood.ch\/wp-content\/uploads\/2025\/05\/\u0644\u064a\u0641\u0629-\u0633\u064a\u0633\u064a\u0627\u0644-\u0628\u064a\u0636\u0648\u064a\u0629-waritex.png\" \/>\n\t<meta property=\"og:image:width\" content=\"1080\" \/>\n\t<meta property=\"og:image:height\" content=\"1080\" \/>\n\t<meta property=\"og:image:type\" content=\"image\/png\" \/>\n<meta name=\"twitter:card\" content=\"summary_large_image\" \/>\n<meta name=\"twitter:label1\" content=\"Preis\" \/>\n\t<meta name=\"twitter:data1\" content=\"3.50&nbsp;&#067;&#072;&#070;\" \/>\n\t<meta name=\"twitter:label2\" content=\"Verf\u00fcgbarkeit\" \/>\n\t<meta name=\"twitter:data2\" content=\"Auf Lager\" \/>\n<script type=\"application\/ld+json\" class=\"yoast-schema-graph\">{\"@context\":\"https:\\\/\\\/schema.org\",\"@graph\":[{\"@type\":\"WebPage\",\"@id\":\"https:\\\/\\\/yasminfood.ch\\\/de\\\/product\\\/ovale-cecialfaser-waritex\\\/\",\"url\":\"https:\\\/\\\/yasminfood.ch\\\/de\\\/product\\\/ovale-cecialfaser-waritex\\\/\",\"name\":\"Ovale Cecialfaser Waritex - Yasmin Food\",\"isPartOf\":{\"@id\":\"https:\\\/\\\/yasminfood.ch\\\/de\\\/#website\"},\"primaryImageOfPage\":{\"@id\":\"https:\\\/\\\/yasminfood.ch\\\/de\\\/product\\\/ovale-cecialfaser-waritex\\\/#primaryimage\"},\"image\":{\"@id\":\"https:\\\/\\\/yasminfood.ch\\\/de\\\/product\\\/ovale-cecialfaser-waritex\\\/#primaryimage\"},\"thumbnailUrl\":\"https:\\\/\\\/yasminfood.ch\\\/wp-content\\\/uploads\\\/2025\\\/05\\\/\u0644\u064a\u0641\u0629-\u0633\u064a\u0633\u064a\u0627\u0644-\u0628\u064a\u0636\u0648\u064a\u0629-waritex.png\",\"datePublished\":\"2025-05-23T14:07:13+00:00\",\"description\":\"Waritex Oval Cecial Loofah wird aus Naturfasern von Waritex hergestellt \u2013 f\u00fcr eine sanfte und effektive Reinigung und Peeling. Ergonomisches Design f\u00fcr die H\u00e4nde und ideal f\u00fcr empfindliche Haut.\",\"breadcrumb\":{\"@id\":\"https:\\\/\\\/yasminfood.ch\\\/de\\\/product\\\/ovale-cecialfaser-waritex\\\/#breadcrumb\"},\"inLanguage\":\"de\",\"potentialAction\":[{\"@type\":\"ReadAction\",\"target\":[\"https:\\\/\\\/yasminfood.ch\\\/de\\\/product\\\/ovale-cecialfaser-waritex\\\/\"]}]},{\"@type\":\"ImageObject\",\"inLanguage\":\"de\",\"@id\":\"https:\\\/\\\/yasminfood.ch\\\/de\\\/product\\\/ovale-cecialfaser-waritex\\\/#primaryimage\",\"url\":\"https:\\\/\\\/yasminfood.ch\\\/wp-content\\\/uploads\\\/2025\\\/05\\\/\u0644\u064a\u0641\u0629-\u0633\u064a\u0633\u064a\u0627\u0644-\u0628\u064a\u0636\u0648\u064a\u0629-waritex.png\",\"contentUrl\":\"https:\\\/\\\/yasminfood.ch\\\/wp-content\\\/uploads\\\/2025\\\/05\\\/\u0644\u064a\u0641\u0629-\u0633\u064a\u0633\u064a\u0627\u0644-\u0628\u064a\u0636\u0648\u064a\u0629-waritex.png\",\"width\":1080,\"height\":1080},{\"@type\":\"BreadcrumbList\",\"@id\":\"https:\\\/\\\/yasminfood.ch\\\/de\\\/product\\\/ovale-cecialfaser-waritex\\\/#breadcrumb\",\"itemListElement\":[{\"@type\":\"ListItem\",\"position\":1,\"name\":\"\u0627\u0644\u0631\u0626\u064a\u0633\u064a\u0629\",\"item\":\"https:\\\/\\\/yasminfood.ch\\\/de\\\/zuhause\\\/\"},{\"@type\":\"ListItem\",\"position\":2,\"name\":\"Shop\",\"item\":\"https:\\\/\\\/yasminfood.ch\\\/de\\\/shop\\\/\"},{\"@type\":\"ListItem\",\"position\":3,\"name\":\"Nonfood\",\"item\":\"https:\\\/\\\/yasminfood.ch\\\/de\\\/produkt-kategorie\\\/nonfood\\\/\"},{\"@type\":\"ListItem\",\"position\":4,\"name\":\"Ovale Cecialfaser Waritex\"}]},{\"@type\":\"WebSite\",\"@id\":\"https:\\\/\\\/yasminfood.ch\\\/de\\\/#website\",\"url\":\"https:\\\/\\\/yasminfood.ch\\\/de\\\/\",\"name\":\"\u064a\u0627\u0633\u0645\u064a\u0646 \u0645\u0627\u0631\u0643\u062a\",\"description\":\"Alles, was Sie brauchen, an einem Ort\",\"publisher\":{\"@id\":\"https:\\\/\\\/yasminfood.ch\\\/de\\\/#organization\"},\"alternateName\":\"Yasmin Food\",\"potentialAction\":[{\"@type\":\"SearchAction\",\"target\":{\"@type\":\"EntryPoint\",\"urlTemplate\":\"https:\\\/\\\/yasminfood.ch\\\/de\\\/?s={search_term_string}\"},\"query-input\":{\"@type\":\"PropertyValueSpecification\",\"valueRequired\":true,\"valueName\":\"search_term_string\"}}],\"inLanguage\":\"de\"},{\"@type\":\"Organization\",\"@id\":\"https:\\\/\\\/yasminfood.ch\\\/de\\\/#organization\",\"name\":\"\u064a\u0627\u0633\u0645\u064a\u0646 \u0645\u0627\u0631\u0643\u062a\",\"alternateName\":\"Yasmin Food\",\"url\":\"https:\\\/\\\/yasminfood.ch\\\/de\\\/\",\"logo\":{\"@type\":\"ImageObject\",\"inLanguage\":\"de\",\"@id\":\"https:\\\/\\\/yasminfood.ch\\\/de\\\/#\\\/schema\\\/logo\\\/image\\\/\",\"url\":\"https:\\\/\\\/yasminfood.ch\\\/wp-content\\\/uploads\\\/2025\\\/05\\\/yasmin-food-header-logo.png\",\"contentUrl\":\"https:\\\/\\\/yasminfood.ch\\\/wp-content\\\/uploads\\\/2025\\\/05\\\/yasmin-food-header-logo.png\",\"width\":330,\"height\":120,\"caption\":\"\u064a\u0627\u0633\u0645\u064a\u0646 \u0645\u0627\u0631\u0643\u062a\"},\"image\":{\"@id\":\"https:\\\/\\\/yasminfood.ch\\\/de\\\/#\\\/schema\\\/logo\\\/image\\\/\"},\"sameAs\":[\"https:\\\/\\\/www.facebook.com\\\/yasminmarkt1\",\"https:\\\/\\\/www.tiktok.com\\\/@yasminmarkt\",\"https:\\\/\\\/www.instagram.com\\\/yasmin.markt1\\\/\",\"https:\\\/\\\/api.whatsapp.com\\\/send\\\/?phone=41799000104\"],\"publishingPrinciples\":\"https:\\\/\\\/yasminfood.ch\\\/de\\\/shop\\\/\",\"ownershipFundingInfo\":\"https:\\\/\\\/yasminfood.ch\\\/de\\\/shop\\\/\"}]}<\/script>\n<meta property=\"product:price:amount\" content=\"3.50\" \/>\n<meta property=\"product:price:currency\" content=\"CHF\" \/>\n<meta property=\"og:availability\" content=\"instock\" \/>\n<meta property=\"product:availability\" content=\"instock\" \/>\n<meta property=\"product:condition\" content=\"new\" \/>\n<!-- \/ Yoast SEO Premium plugin. -->","yoast_head_json":{"title":"Ovale Cecialfaser Waritex - Yasmin Food","description":"Waritex Oval Cecial Loofah wird aus Naturfasern von Waritex hergestellt \u2013 f\u00fcr eine sanfte und effektive Reinigung und Peeling. Ergonomisches Design f\u00fcr die H\u00e4nde und ideal f\u00fcr empfindliche Haut.","robots":{"index":"index","follow":"follow","max-snippet":"max-snippet:-1","max-image-preview":"max-image-preview:large","max-video-preview":"max-video-preview:-1"},"canonical":"https:\/\/yasminfood.ch\/de\/product\/ovale-cecialfaser-waritex\/","og_locale":"de_DE","og_type":"article","og_title":"Ovale Cecialfaser Waritex","og_description":"Waritex ovaler Cecial Luffa wird aus Naturfasern hergestellt, um die Haut effektiv zu reinigen und zu peelen. Ergonomisches Design der Hand, ideal f\u00fcr den t\u00e4glichen Gebrauch und regt die Durchblutung an","og_url":"https:\/\/yasminfood.ch\/de\/product\/ovale-cecialfaser-waritex\/","og_site_name":"Yasmin Food","article_publisher":"https:\/\/www.facebook.com\/yasminmarkt1","og_image":[{"width":1080,"height":1080,"url":"https:\/\/yasminfood.ch\/wp-content\/uploads\/2025\/05\/\u0644\u064a\u0641\u0629-\u0633\u064a\u0633\u064a\u0627\u0644-\u0628\u064a\u0636\u0648\u064a\u0629-waritex.png","type":"image\/png"}],"twitter_card":"summary_large_image","twitter_misc":{"Preis":"3.50&nbsp;&#67;&#72;&#70;","Verf\u00fcgbarkeit":"Auf Lager"},"schema":{"@context":"https:\/\/schema.org","@graph":[{"@type":"WebPage","@id":"https:\/\/yasminfood.ch\/de\/product\/ovale-cecialfaser-waritex\/","url":"https:\/\/yasminfood.ch\/de\/product\/ovale-cecialfaser-waritex\/","name":"Ovale Cecialfaser Waritex - Yasmin Food","isPartOf":{"@id":"https:\/\/yasminfood.ch\/de\/#website"},"primaryImageOfPage":{"@id":"https:\/\/yasminfood.ch\/de\/product\/ovale-cecialfaser-waritex\/#primaryimage"},"image":{"@id":"https:\/\/yasminfood.ch\/de\/product\/ovale-cecialfaser-waritex\/#primaryimage"},"thumbnailUrl":"https:\/\/yasminfood.ch\/wp-content\/uploads\/2025\/05\/\u0644\u064a\u0641\u0629-\u0633\u064a\u0633\u064a\u0627\u0644-\u0628\u064a\u0636\u0648\u064a\u0629-waritex.png","datePublished":"2025-05-23T14:07:13+00:00","description":"Waritex Oval Cecial Loofah wird aus Naturfasern von Waritex hergestellt \u2013 f\u00fcr eine sanfte und effektive Reinigung und Peeling. Ergonomisches Design f\u00fcr die H\u00e4nde und ideal f\u00fcr empfindliche Haut.","breadcrumb":{"@id":"https:\/\/yasminfood.ch\/de\/product\/ovale-cecialfaser-waritex\/#breadcrumb"},"inLanguage":"de","potentialAction":[{"@type":"ReadAction","target":["https:\/\/yasminfood.ch\/de\/product\/ovale-cecialfaser-waritex\/"]}]},{"@type":"ImageObject","inLanguage":"de","@id":"https:\/\/yasminfood.ch\/de\/product\/ovale-cecialfaser-waritex\/#primaryimage","url":"https:\/\/yasminfood.ch\/wp-content\/uploads\/2025\/05\/\u0644\u064a\u0641\u0629-\u0633\u064a\u0633\u064a\u0627\u0644-\u0628\u064a\u0636\u0648\u064a\u0629-waritex.png","contentUrl":"https:\/\/yasminfood.ch\/wp-content\/uploads\/2025\/05\/\u0644\u064a\u0641\u0629-\u0633\u064a\u0633\u064a\u0627\u0644-\u0628\u064a\u0636\u0648\u064a\u0629-waritex.png","width":1080,"height":1080},{"@type":"BreadcrumbList","@id":"https:\/\/yasminfood.ch\/de\/product\/ovale-cecialfaser-waritex\/#breadcrumb","itemListElement":[{"@type":"ListItem","position":1,"name":"\u0627\u0644\u0631\u0626\u064a\u0633\u064a\u0629","item":"https:\/\/yasminfood.ch\/de\/zuhause\/"},{"@type":"ListItem","position":2,"name":"Shop","item":"https:\/\/yasminfood.ch\/de\/shop\/"},{"@type":"ListItem","position":3,"name":"Nonfood","item":"https:\/\/yasminfood.ch\/de\/produkt-kategorie\/nonfood\/"},{"@type":"ListItem","position":4,"name":"Ovale Cecialfaser Waritex"}]},{"@type":"WebSite","@id":"https:\/\/yasminfood.ch\/de\/#website","url":"https:\/\/yasminfood.ch\/de\/","name":"\u064a\u0627\u0633\u0645\u064a\u0646 \u0645\u0627\u0631\u0643\u062a","description":"Alles, was Sie brauchen, an einem Ort","publisher":{"@id":"https:\/\/yasminfood.ch\/de\/#organization"},"alternateName":"Yasmin Food","potentialAction":[{"@type":"SearchAction","target":{"@type":"EntryPoint","urlTemplate":"https:\/\/yasminfood.ch\/de\/?s={search_term_string}"},"query-input":{"@type":"PropertyValueSpecification","valueRequired":true,"valueName":"search_term_string"}}],"inLanguage":"de"},{"@type":"Organization","@id":"https:\/\/yasminfood.ch\/de\/#organization","name":"\u064a\u0627\u0633\u0645\u064a\u0646 \u0645\u0627\u0631\u0643\u062a","alternateName":"Yasmin Food","url":"https:\/\/yasminfood.ch\/de\/","logo":{"@type":"ImageObject","inLanguage":"de","@id":"https:\/\/yasminfood.ch\/de\/#\/schema\/logo\/image\/","url":"https:\/\/yasminfood.ch\/wp-content\/uploads\/2025\/05\/yasmin-food-header-logo.png","contentUrl":"https:\/\/yasminfood.ch\/wp-content\/uploads\/2025\/05\/yasmin-food-header-logo.png","width":330,"height":120,"caption":"\u064a\u0627\u0633\u0645\u064a\u0646 \u0645\u0627\u0631\u0643\u062a"},"image":{"@id":"https:\/\/yasminfood.ch\/de\/#\/schema\/logo\/image\/"},"sameAs":["https:\/\/www.facebook.com\/yasminmarkt1","https:\/\/www.tiktok.com\/@yasminmarkt","https:\/\/www.instagram.com\/yasmin.markt1\/","https:\/\/api.whatsapp.com\/send\/?phone=41799000104"],"publishingPrinciples":"https:\/\/yasminfood.ch\/de\/shop\/","ownershipFundingInfo":"https:\/\/yasminfood.ch\/de\/shop\/"}]},"product_price_amount":"3.50","product_price_currency":"CHF","og_availability":"instock","product_availability":"instock","product_condition":"new"},"jetpack_sharing_enabled":true,"_links":{"self":[{"href":"https:\/\/yasminfood.ch\/de\/wp-json\/wp\/v2\/product\/112739","targetHints":{"allow":["GET"]}}],"collection":[{"href":"https:\/\/yasminfood.ch\/de\/wp-json\/wp\/v2\/product"}],"about":[{"href":"https:\/\/yasminfood.ch\/de\/wp-json\/wp\/v2\/types\/product"}],"replies":[{"embeddable":true,"href":"https:\/\/yasminfood.ch\/de\/wp-json\/wp\/v2\/comments?post=112739"}],"version-history":[{"count":0,"href":"https:\/\/yasminfood.ch\/de\/wp-json\/wp\/v2\/product\/112739\/revisions"}],"wp:featuredmedia":[{"embeddable":true,"href":"https:\/\/yasminfood.ch\/de\/wp-json\/wp\/v2\/media\/112736"}],"wp:attachment":[{"href":"https:\/\/yasminfood.ch\/de\/wp-json\/wp\/v2\/media?parent=112739"}],"wp:term":[{"taxonomy":"product_brand","embeddable":true,"href":"https:\/\/yasminfood.ch\/de\/wp-json\/wp\/v2\/product_brand?post=112739"},{"taxonomy":"product_cat","embeddable":true,"href":"https:\/\/yasminfood.ch\/de\/wp-json\/wp\/v2\/product_cat?post=112739"},{"taxonomy":"product_tag","embeddable":true,"href":"https:\/\/yasminfood.ch\/de\/wp-json\/wp\/v2\/product_tag?post=112739"}],"curies":[{"name":"wp","href":"https:\/\/api.w.org\/{rel}","templated":true}]}}