{"id":112753,"date":"2025-05-23T16:22:48","date_gmt":"2025-05-23T14:23:33","guid":{"rendered":"https:\/\/yasminfood.ch\/product\/elegance-blaues-haargel-600-ml\/"},"modified":"2025-05-23T16:23:33","modified_gmt":"2025-05-23T14:23:33","slug":"elegance-blaues-haargel-600-ml","status":"publish","type":"product","link":"https:\/\/yasminfood.ch\/de\/product\/elegance-blaues-haargel-600-ml\/","title":{"rendered":"Elegance Blaues Haargel 600 ml"},"content":{"rendered":"<p>Elegance Blaues Haargel 600 ml<\/p>\n<p data-start=\"332\" data-end=\"675\"><strong data-start=\"332\" data-end=\"675\">Sichern Sie sich Ihren Stil mit dem Elegance Blue Hair Gel 600ml. Seine kraftvolle Formel sorgt f\u00fcr lang anhaltende Stabilit\u00e4t und nat\u00fcrlichen Glanz, ohne klebrige Spuren oder wei\u00dfe R\u00fcckst\u00e4nde zu hinterlassen. Ideal f\u00fcr alle Haartypen, hilft es auch, gesundes Haar zu erhalten, ohne auszutrocknen oder Spliss zu bekommen. Es ist f\u00fcr den t\u00e4glichen Gebrauch geeignet und die bevorzugte Wahl f\u00fcr M\u00e4nner und Frauen, die auf der Suche nach der perfekten Frisur sind, die lange h\u00e4lt.     <\/strong><\/p>\n<p data-start=\"677\" data-end=\"690\"><strong data-start=\"677\" data-end=\"690\">Funktionen:<\/strong><\/p>\n<ul data-start=\"691\" data-end=\"828\">\n<li data-start=\"691\" data-end=\"716\">\n<p data-start=\"693\" data-end=\"716\">Kraftvoller Halt h\u00e4lt stundenlang an<\/p>\n<\/li>\n<li data-start=\"717\" data-end=\"748\">\n<p data-start=\"719\" data-end=\"748\">Hinterl\u00e4sst keine R\u00fcckst\u00e4nde oder ein fettiges Gef\u00fchl<\/p>\n<\/li>\n<li data-start=\"749\" data-end=\"777\">\n<p data-start=\"751\" data-end=\"777\">Verleiht dem Haar gesunden Glanz<\/p>\n<\/li>\n<li data-start=\"778\" data-end=\"800\">\n<p data-start=\"780\" data-end=\"800\">Wirtschaftliche Gr\u00f6\u00dfe 600 ml<\/p>\n<\/li>\n<li data-start=\"801\" data-end=\"828\">\n<p data-start=\"803\" data-end=\"828\">Geeignet f\u00fcr alle Haartypen<\/p>\n<\/li>\n<\/ul>\n","protected":false},"excerpt":{"rendered":"<p>Elegance Blue Hair Gel 600ml f\u00fcr einen starken Halt, der den ganzen Tag anh\u00e4lt, ohne R\u00fcckst\u00e4nde zu hinterlassen. Es verleiht Ihrem Haar Glanz und einen glatten Look ohne Bruch oder Trockenheit. <\/p>\n","protected":false},"featured_media":112750,"comment_status":"open","ping_status":"closed","template":"","meta":[],"product_brand":[],"product_cat":[916,388],"product_tag":[],"class_list":{"0":"post-112753","1":"product","2":"type-product","3":"status-publish","4":"has-post-thumbnail","6":"product_cat-gesundheit-schoenheit","7":"product_cat-nonfood","9":"first","10":"instock","11":"taxable","12":"shipping-taxable","13":"purchasable","14":"product-type-simple"},"yoast_head":"<!-- This site is optimized with the Yoast SEO Premium plugin v26.5 (Yoast SEO v27.3) - https:\/\/yoast.com\/product\/yoast-seo-premium-wordpress\/ -->\n<title>Elegance Blaues Haargel 600 ml - Yasmin Food<\/title>\n<meta name=\"description\" content=\"Elegance Blue Gel 600ml f\u00fcr langanhaltende Fixierung und nat\u00fcrlichen Glanz ohne R\u00fcckst\u00e4nde. Geeignet f\u00fcr alle Haartypen und verleiht Ihnen eine Frisur, die den ganzen Tag h\u00e4lt.\" \/>\n<meta name=\"robots\" content=\"index, follow, max-snippet:-1, max-image-preview:large, max-video-preview:-1\" \/>\n<link rel=\"canonical\" href=\"https:\/\/yasminfood.ch\/de\/product\/elegance-blaues-haargel-600-ml\/\" \/>\n<meta property=\"og:locale\" content=\"de_DE\" \/>\n<meta property=\"og:type\" content=\"article\" \/>\n<meta property=\"og:title\" content=\"Elegance Blaues Haargel 600 ml\" \/>\n<meta property=\"og:description\" content=\"Elegance Blue Hair Gel 600ml f\u00fcr einen starken Halt, der den ganzen Tag anh\u00e4lt, ohne R\u00fcckst\u00e4nde zu hinterlassen. Es verleiht Ihrem Haar Glanz und einen glatten Look ohne Bruch oder Trockenheit.\" \/>\n<meta property=\"og:url\" content=\"https:\/\/yasminfood.ch\/de\/product\/elegance-blaues-haargel-600-ml\/\" \/>\n<meta property=\"og:site_name\" content=\"Yasmin Food\" \/>\n<meta property=\"article:publisher\" content=\"https:\/\/www.facebook.com\/yasminmarkt1\" \/>\n<meta property=\"og:image\" content=\"https:\/\/yasminfood.ch\/wp-content\/uploads\/2025\/05\/\u062c\u0644-\u0634\u0639\u0631-\u0627\u0644\u064a\u063a\u0627\u0646\u0633-\u0627\u0644\u0623\u0632\u0631\u0642-600-\u0645\u0644.png\" \/>\n\t<meta property=\"og:image:width\" content=\"1080\" \/>\n\t<meta property=\"og:image:height\" content=\"1080\" \/>\n\t<meta property=\"og:image:type\" content=\"image\/png\" \/>\n<meta name=\"twitter:card\" content=\"summary_large_image\" \/>\n<meta name=\"twitter:label1\" content=\"Preis\" \/>\n\t<meta name=\"twitter:data1\" content=\"5.50&nbsp;&#067;&#072;&#070;\" \/>\n\t<meta name=\"twitter:label2\" content=\"Verf\u00fcgbarkeit\" \/>\n\t<meta name=\"twitter:data2\" content=\"Auf Lager\" \/>\n<script type=\"application\/ld+json\" class=\"yoast-schema-graph\">{\"@context\":\"https:\\\/\\\/schema.org\",\"@graph\":[{\"@type\":\"WebPage\",\"@id\":\"https:\\\/\\\/yasminfood.ch\\\/de\\\/product\\\/elegance-blaues-haargel-600-ml\\\/\",\"url\":\"https:\\\/\\\/yasminfood.ch\\\/de\\\/product\\\/elegance-blaues-haargel-600-ml\\\/\",\"name\":\"Elegance Blaues Haargel 600 ml - Yasmin Food\",\"isPartOf\":{\"@id\":\"https:\\\/\\\/yasminfood.ch\\\/de\\\/#website\"},\"primaryImageOfPage\":{\"@id\":\"https:\\\/\\\/yasminfood.ch\\\/de\\\/product\\\/elegance-blaues-haargel-600-ml\\\/#primaryimage\"},\"image\":{\"@id\":\"https:\\\/\\\/yasminfood.ch\\\/de\\\/product\\\/elegance-blaues-haargel-600-ml\\\/#primaryimage\"},\"thumbnailUrl\":\"https:\\\/\\\/yasminfood.ch\\\/wp-content\\\/uploads\\\/2025\\\/05\\\/\u062c\u0644-\u0634\u0639\u0631-\u0627\u0644\u064a\u063a\u0627\u0646\u0633-\u0627\u0644\u0623\u0632\u0631\u0642-600-\u0645\u0644.png\",\"datePublished\":\"2025-05-23T14:23:33+00:00\",\"description\":\"Elegance Blue Gel 600ml f\u00fcr langanhaltende Fixierung und nat\u00fcrlichen Glanz ohne R\u00fcckst\u00e4nde. Geeignet f\u00fcr alle Haartypen und verleiht Ihnen eine Frisur, die den ganzen Tag h\u00e4lt.\",\"breadcrumb\":{\"@id\":\"https:\\\/\\\/yasminfood.ch\\\/de\\\/product\\\/elegance-blaues-haargel-600-ml\\\/#breadcrumb\"},\"inLanguage\":\"de\",\"potentialAction\":[{\"@type\":\"ReadAction\",\"target\":[\"https:\\\/\\\/yasminfood.ch\\\/de\\\/product\\\/elegance-blaues-haargel-600-ml\\\/\"]}]},{\"@type\":\"ImageObject\",\"inLanguage\":\"de\",\"@id\":\"https:\\\/\\\/yasminfood.ch\\\/de\\\/product\\\/elegance-blaues-haargel-600-ml\\\/#primaryimage\",\"url\":\"https:\\\/\\\/yasminfood.ch\\\/wp-content\\\/uploads\\\/2025\\\/05\\\/\u062c\u0644-\u0634\u0639\u0631-\u0627\u0644\u064a\u063a\u0627\u0646\u0633-\u0627\u0644\u0623\u0632\u0631\u0642-600-\u0645\u0644.png\",\"contentUrl\":\"https:\\\/\\\/yasminfood.ch\\\/wp-content\\\/uploads\\\/2025\\\/05\\\/\u062c\u0644-\u0634\u0639\u0631-\u0627\u0644\u064a\u063a\u0627\u0646\u0633-\u0627\u0644\u0623\u0632\u0631\u0642-600-\u0645\u0644.png\",\"width\":1080,\"height\":1080},{\"@type\":\"BreadcrumbList\",\"@id\":\"https:\\\/\\\/yasminfood.ch\\\/de\\\/product\\\/elegance-blaues-haargel-600-ml\\\/#breadcrumb\",\"itemListElement\":[{\"@type\":\"ListItem\",\"position\":1,\"name\":\"\u0627\u0644\u0631\u0626\u064a\u0633\u064a\u0629\",\"item\":\"https:\\\/\\\/yasminfood.ch\\\/de\\\/zuhause\\\/\"},{\"@type\":\"ListItem\",\"position\":2,\"name\":\"Shop\",\"item\":\"https:\\\/\\\/yasminfood.ch\\\/de\\\/shop\\\/\"},{\"@type\":\"ListItem\",\"position\":3,\"name\":\"Nonfood\",\"item\":\"https:\\\/\\\/yasminfood.ch\\\/de\\\/produkt-kategorie\\\/nonfood\\\/\"},{\"@type\":\"ListItem\",\"position\":4,\"name\":\"Elegance Blaues Haargel 600 ml\"}]},{\"@type\":\"WebSite\",\"@id\":\"https:\\\/\\\/yasminfood.ch\\\/de\\\/#website\",\"url\":\"https:\\\/\\\/yasminfood.ch\\\/de\\\/\",\"name\":\"\u064a\u0627\u0633\u0645\u064a\u0646 \u0645\u0627\u0631\u0643\u062a\",\"description\":\"Alles, was Sie brauchen, an einem Ort\",\"publisher\":{\"@id\":\"https:\\\/\\\/yasminfood.ch\\\/de\\\/#organization\"},\"alternateName\":\"Yasmin Food\",\"potentialAction\":[{\"@type\":\"SearchAction\",\"target\":{\"@type\":\"EntryPoint\",\"urlTemplate\":\"https:\\\/\\\/yasminfood.ch\\\/de\\\/?s={search_term_string}\"},\"query-input\":{\"@type\":\"PropertyValueSpecification\",\"valueRequired\":true,\"valueName\":\"search_term_string\"}}],\"inLanguage\":\"de\"},{\"@type\":\"Organization\",\"@id\":\"https:\\\/\\\/yasminfood.ch\\\/de\\\/#organization\",\"name\":\"\u064a\u0627\u0633\u0645\u064a\u0646 \u0645\u0627\u0631\u0643\u062a\",\"alternateName\":\"Yasmin Food\",\"url\":\"https:\\\/\\\/yasminfood.ch\\\/de\\\/\",\"logo\":{\"@type\":\"ImageObject\",\"inLanguage\":\"de\",\"@id\":\"https:\\\/\\\/yasminfood.ch\\\/de\\\/#\\\/schema\\\/logo\\\/image\\\/\",\"url\":\"https:\\\/\\\/yasminfood.ch\\\/wp-content\\\/uploads\\\/2025\\\/05\\\/yasmin-food-header-logo.png\",\"contentUrl\":\"https:\\\/\\\/yasminfood.ch\\\/wp-content\\\/uploads\\\/2025\\\/05\\\/yasmin-food-header-logo.png\",\"width\":330,\"height\":120,\"caption\":\"\u064a\u0627\u0633\u0645\u064a\u0646 \u0645\u0627\u0631\u0643\u062a\"},\"image\":{\"@id\":\"https:\\\/\\\/yasminfood.ch\\\/de\\\/#\\\/schema\\\/logo\\\/image\\\/\"},\"sameAs\":[\"https:\\\/\\\/www.facebook.com\\\/yasminmarkt1\",\"https:\\\/\\\/www.tiktok.com\\\/@yasminmarkt\",\"https:\\\/\\\/www.instagram.com\\\/yasmin.markt1\\\/\",\"https:\\\/\\\/api.whatsapp.com\\\/send\\\/?phone=41799000104\"],\"publishingPrinciples\":\"https:\\\/\\\/yasminfood.ch\\\/de\\\/shop\\\/\",\"ownershipFundingInfo\":\"https:\\\/\\\/yasminfood.ch\\\/de\\\/shop\\\/\"}]}<\/script>\n<meta property=\"product:price:amount\" content=\"5.50\" \/>\n<meta property=\"product:price:currency\" content=\"CHF\" \/>\n<meta property=\"og:availability\" content=\"instock\" \/>\n<meta property=\"product:availability\" content=\"instock\" \/>\n<meta property=\"product:condition\" content=\"new\" \/>\n<!-- \/ Yoast SEO Premium plugin. -->","yoast_head_json":{"title":"Elegance Blaues Haargel 600 ml - Yasmin Food","description":"Elegance Blue Gel 600ml f\u00fcr langanhaltende Fixierung und nat\u00fcrlichen Glanz ohne R\u00fcckst\u00e4nde. Geeignet f\u00fcr alle Haartypen und verleiht Ihnen eine Frisur, die den ganzen Tag h\u00e4lt.","robots":{"index":"index","follow":"follow","max-snippet":"max-snippet:-1","max-image-preview":"max-image-preview:large","max-video-preview":"max-video-preview:-1"},"canonical":"https:\/\/yasminfood.ch\/de\/product\/elegance-blaues-haargel-600-ml\/","og_locale":"de_DE","og_type":"article","og_title":"Elegance Blaues Haargel 600 ml","og_description":"Elegance Blue Hair Gel 600ml f\u00fcr einen starken Halt, der den ganzen Tag anh\u00e4lt, ohne R\u00fcckst\u00e4nde zu hinterlassen. Es verleiht Ihrem Haar Glanz und einen glatten Look ohne Bruch oder Trockenheit.","og_url":"https:\/\/yasminfood.ch\/de\/product\/elegance-blaues-haargel-600-ml\/","og_site_name":"Yasmin Food","article_publisher":"https:\/\/www.facebook.com\/yasminmarkt1","og_image":[{"width":1080,"height":1080,"url":"https:\/\/yasminfood.ch\/wp-content\/uploads\/2025\/05\/\u062c\u0644-\u0634\u0639\u0631-\u0627\u0644\u064a\u063a\u0627\u0646\u0633-\u0627\u0644\u0623\u0632\u0631\u0642-600-\u0645\u0644.png","type":"image\/png"}],"twitter_card":"summary_large_image","twitter_misc":{"Preis":"5.50&nbsp;&#67;&#72;&#70;","Verf\u00fcgbarkeit":"Auf Lager"},"schema":{"@context":"https:\/\/schema.org","@graph":[{"@type":"WebPage","@id":"https:\/\/yasminfood.ch\/de\/product\/elegance-blaues-haargel-600-ml\/","url":"https:\/\/yasminfood.ch\/de\/product\/elegance-blaues-haargel-600-ml\/","name":"Elegance Blaues Haargel 600 ml - Yasmin Food","isPartOf":{"@id":"https:\/\/yasminfood.ch\/de\/#website"},"primaryImageOfPage":{"@id":"https:\/\/yasminfood.ch\/de\/product\/elegance-blaues-haargel-600-ml\/#primaryimage"},"image":{"@id":"https:\/\/yasminfood.ch\/de\/product\/elegance-blaues-haargel-600-ml\/#primaryimage"},"thumbnailUrl":"https:\/\/yasminfood.ch\/wp-content\/uploads\/2025\/05\/\u062c\u0644-\u0634\u0639\u0631-\u0627\u0644\u064a\u063a\u0627\u0646\u0633-\u0627\u0644\u0623\u0632\u0631\u0642-600-\u0645\u0644.png","datePublished":"2025-05-23T14:23:33+00:00","description":"Elegance Blue Gel 600ml f\u00fcr langanhaltende Fixierung und nat\u00fcrlichen Glanz ohne R\u00fcckst\u00e4nde. Geeignet f\u00fcr alle Haartypen und verleiht Ihnen eine Frisur, die den ganzen Tag h\u00e4lt.","breadcrumb":{"@id":"https:\/\/yasminfood.ch\/de\/product\/elegance-blaues-haargel-600-ml\/#breadcrumb"},"inLanguage":"de","potentialAction":[{"@type":"ReadAction","target":["https:\/\/yasminfood.ch\/de\/product\/elegance-blaues-haargel-600-ml\/"]}]},{"@type":"ImageObject","inLanguage":"de","@id":"https:\/\/yasminfood.ch\/de\/product\/elegance-blaues-haargel-600-ml\/#primaryimage","url":"https:\/\/yasminfood.ch\/wp-content\/uploads\/2025\/05\/\u062c\u0644-\u0634\u0639\u0631-\u0627\u0644\u064a\u063a\u0627\u0646\u0633-\u0627\u0644\u0623\u0632\u0631\u0642-600-\u0645\u0644.png","contentUrl":"https:\/\/yasminfood.ch\/wp-content\/uploads\/2025\/05\/\u062c\u0644-\u0634\u0639\u0631-\u0627\u0644\u064a\u063a\u0627\u0646\u0633-\u0627\u0644\u0623\u0632\u0631\u0642-600-\u0645\u0644.png","width":1080,"height":1080},{"@type":"BreadcrumbList","@id":"https:\/\/yasminfood.ch\/de\/product\/elegance-blaues-haargel-600-ml\/#breadcrumb","itemListElement":[{"@type":"ListItem","position":1,"name":"\u0627\u0644\u0631\u0626\u064a\u0633\u064a\u0629","item":"https:\/\/yasminfood.ch\/de\/zuhause\/"},{"@type":"ListItem","position":2,"name":"Shop","item":"https:\/\/yasminfood.ch\/de\/shop\/"},{"@type":"ListItem","position":3,"name":"Nonfood","item":"https:\/\/yasminfood.ch\/de\/produkt-kategorie\/nonfood\/"},{"@type":"ListItem","position":4,"name":"Elegance Blaues Haargel 600 ml"}]},{"@type":"WebSite","@id":"https:\/\/yasminfood.ch\/de\/#website","url":"https:\/\/yasminfood.ch\/de\/","name":"\u064a\u0627\u0633\u0645\u064a\u0646 \u0645\u0627\u0631\u0643\u062a","description":"Alles, was Sie brauchen, an einem Ort","publisher":{"@id":"https:\/\/yasminfood.ch\/de\/#organization"},"alternateName":"Yasmin Food","potentialAction":[{"@type":"SearchAction","target":{"@type":"EntryPoint","urlTemplate":"https:\/\/yasminfood.ch\/de\/?s={search_term_string}"},"query-input":{"@type":"PropertyValueSpecification","valueRequired":true,"valueName":"search_term_string"}}],"inLanguage":"de"},{"@type":"Organization","@id":"https:\/\/yasminfood.ch\/de\/#organization","name":"\u064a\u0627\u0633\u0645\u064a\u0646 \u0645\u0627\u0631\u0643\u062a","alternateName":"Yasmin Food","url":"https:\/\/yasminfood.ch\/de\/","logo":{"@type":"ImageObject","inLanguage":"de","@id":"https:\/\/yasminfood.ch\/de\/#\/schema\/logo\/image\/","url":"https:\/\/yasminfood.ch\/wp-content\/uploads\/2025\/05\/yasmin-food-header-logo.png","contentUrl":"https:\/\/yasminfood.ch\/wp-content\/uploads\/2025\/05\/yasmin-food-header-logo.png","width":330,"height":120,"caption":"\u064a\u0627\u0633\u0645\u064a\u0646 \u0645\u0627\u0631\u0643\u062a"},"image":{"@id":"https:\/\/yasminfood.ch\/de\/#\/schema\/logo\/image\/"},"sameAs":["https:\/\/www.facebook.com\/yasminmarkt1","https:\/\/www.tiktok.com\/@yasminmarkt","https:\/\/www.instagram.com\/yasmin.markt1\/","https:\/\/api.whatsapp.com\/send\/?phone=41799000104"],"publishingPrinciples":"https:\/\/yasminfood.ch\/de\/shop\/","ownershipFundingInfo":"https:\/\/yasminfood.ch\/de\/shop\/"}]},"product_price_amount":"5.50","product_price_currency":"CHF","og_availability":"instock","product_availability":"instock","product_condition":"new"},"jetpack_sharing_enabled":true,"_links":{"self":[{"href":"https:\/\/yasminfood.ch\/de\/wp-json\/wp\/v2\/product\/112753","targetHints":{"allow":["GET"]}}],"collection":[{"href":"https:\/\/yasminfood.ch\/de\/wp-json\/wp\/v2\/product"}],"about":[{"href":"https:\/\/yasminfood.ch\/de\/wp-json\/wp\/v2\/types\/product"}],"replies":[{"embeddable":true,"href":"https:\/\/yasminfood.ch\/de\/wp-json\/wp\/v2\/comments?post=112753"}],"version-history":[{"count":0,"href":"https:\/\/yasminfood.ch\/de\/wp-json\/wp\/v2\/product\/112753\/revisions"}],"wp:featuredmedia":[{"embeddable":true,"href":"https:\/\/yasminfood.ch\/de\/wp-json\/wp\/v2\/media\/112750"}],"wp:attachment":[{"href":"https:\/\/yasminfood.ch\/de\/wp-json\/wp\/v2\/media?parent=112753"}],"wp:term":[{"taxonomy":"product_brand","embeddable":true,"href":"https:\/\/yasminfood.ch\/de\/wp-json\/wp\/v2\/product_brand?post=112753"},{"taxonomy":"product_cat","embeddable":true,"href":"https:\/\/yasminfood.ch\/de\/wp-json\/wp\/v2\/product_cat?post=112753"},{"taxonomy":"product_tag","embeddable":true,"href":"https:\/\/yasminfood.ch\/de\/wp-json\/wp\/v2\/product_tag?post=112753"}],"curies":[{"name":"wp","href":"https:\/\/api.w.org\/{rel}","templated":true}]}}