{"id":112779,"date":"2025-05-23T18:11:27","date_gmt":"2025-05-23T16:11:27","guid":{"rendered":"https:\/\/yasminfood.ch\/product\/riesiger-gruener-reiniger-500g\/"},"modified":"2025-05-23T18:12:07","modified_gmt":"2025-05-23T16:12:07","slug":"riesiger-gruener-reiniger-500g","status":"publish","type":"product","link":"https:\/\/yasminfood.ch\/de\/product\/riesiger-gruener-reiniger-500g\/","title":{"rendered":"Riesiger gr\u00fcner Reiniger 500g"},"content":{"rendered":"<p>Giant Green Cleaner 500g Das Riesengel zeichnet sich durch die St\u00e4rke seiner Wirksamkeit und den duftenden Geruch aus, den es den zu reinigenden Oberfl\u00e4chen verleiht, die Riesengeneration ist eine Art Material, das bei der Reinigung von Fliesen, B\u00f6den verschiedener Art, Keramik, Badezimmern und Waschbecken und vielen anderen Oberfl\u00e4chen verwendet wird, das Auftragen eines kleinen Riesengels hilft, alle Verschmutzungen und Ablagerungen in der Oberfl\u00e4che zu entfernen, zus\u00e4tzlich zu einem sch\u00f6nen Geruch, der auch lange anh\u00e4lt Ein riesiges Gel kann verwendet werden, um Tassen und Geschirr voller Fette, \u00d6le oder schwieriger Materialien zu reinigen Entfernt wurde der Riese auf die optimale Weise hergestellt und gespeichert, um die Wirksamkeit des Produkts zu gew\u00e4hrleisten.        <\/p>\n","protected":false},"excerpt":{"rendered":"<p>Giant Green Cleaner 500g Giant Gel Gil Giant zeichnet sich durch die St\u00e4rke seiner Wirksamkeit und den duftenden Geruch aus, den es den zu reinigenden Oberfl\u00e4chen verleiht, und ist eine Materialart, die zur Reinigung von Fliesen, B\u00f6den verschiedener Art, verwendet wird.  <\/p>\n","protected":false},"featured_media":112776,"comment_status":"open","ping_status":"closed","template":"","meta":[],"product_brand":[],"product_cat":[388,908],"product_tag":[],"class_list":{"0":"post-112779","1":"product","2":"type-product","3":"status-publish","4":"has-post-thumbnail","6":"product_cat-nonfood","7":"product_cat-waschmittel","9":"first","10":"instock","11":"taxable","12":"shipping-taxable","13":"purchasable","14":"product-type-simple"},"yoast_head":"<!-- This site is optimized with the Yoast SEO Premium plugin v26.5 (Yoast SEO v27.3) - https:\/\/yoast.com\/product\/yoast-seo-premium-wordpress\/ -->\n<title>Riesiger gr\u00fcner Reiniger 500g - Yasmin Food<\/title>\n<meta name=\"description\" content=\"Giant Green Cleaner 500g Das Riesengel, das sich durch seine starke Wirksamkeit und den duftenden Geruch auszeichnet, den es den zu reinigenden Oberfl\u00e4chen verleiht, ist ein verwendetes Material\" \/>\n<meta name=\"robots\" content=\"index, follow, max-snippet:-1, max-image-preview:large, max-video-preview:-1\" \/>\n<link rel=\"canonical\" href=\"https:\/\/yasminfood.ch\/de\/product\/riesiger-gruener-reiniger-500g\/\" \/>\n<meta property=\"og:locale\" content=\"de_DE\" \/>\n<meta property=\"og:type\" content=\"article\" \/>\n<meta property=\"og:title\" content=\"Riesiger gr\u00fcner Reiniger 500g\" \/>\n<meta property=\"og:description\" content=\"Giant Green Cleaner 500g Giant Gel Gil Giant zeichnet sich durch die St\u00e4rke seiner Wirksamkeit und den duftenden Geruch aus, den es den zu reinigenden Oberfl\u00e4chen verleiht, und ist eine Materialart, die zur Reinigung von Fliesen, B\u00f6den verschiedener Art, verwendet wird.\" \/>\n<meta property=\"og:url\" content=\"https:\/\/yasminfood.ch\/de\/product\/riesiger-gruener-reiniger-500g\/\" \/>\n<meta property=\"og:site_name\" content=\"Yasmin Food\" \/>\n<meta property=\"article:publisher\" content=\"https:\/\/www.facebook.com\/yasminmarkt1\" \/>\n<meta property=\"article:modified_time\" content=\"2025-05-23T16:12:07+00:00\" \/>\n<meta property=\"og:image\" content=\"https:\/\/yasminfood.ch\/wp-content\/uploads\/2025\/05\/\u0645\u0646\u0638\u0641-\u0627\u0644\u0639\u0645\u0644\u0627\u0642-\u0627\u0644\u0623\u062e\u0636\u0631-500\u063a.png\" \/>\n\t<meta property=\"og:image:width\" content=\"1080\" \/>\n\t<meta property=\"og:image:height\" content=\"1080\" \/>\n\t<meta property=\"og:image:type\" content=\"image\/png\" \/>\n<meta name=\"twitter:card\" content=\"summary_large_image\" \/>\n<meta name=\"twitter:label1\" content=\"Preis\" \/>\n\t<meta name=\"twitter:data1\" content=\"4.50&nbsp;&#067;&#072;&#070;\" \/>\n\t<meta name=\"twitter:label2\" content=\"Verf\u00fcgbarkeit\" \/>\n\t<meta name=\"twitter:data2\" content=\"Auf Lager\" \/>\n<script type=\"application\/ld+json\" class=\"yoast-schema-graph\">{\"@context\":\"https:\\\/\\\/schema.org\",\"@graph\":[{\"@type\":\"WebPage\",\"@id\":\"https:\\\/\\\/yasminfood.ch\\\/de\\\/product\\\/riesiger-gruener-reiniger-500g\\\/\",\"url\":\"https:\\\/\\\/yasminfood.ch\\\/de\\\/product\\\/riesiger-gruener-reiniger-500g\\\/\",\"name\":\"Riesiger gr\u00fcner Reiniger 500g - Yasmin Food\",\"isPartOf\":{\"@id\":\"https:\\\/\\\/yasminfood.ch\\\/de\\\/#website\"},\"primaryImageOfPage\":{\"@id\":\"https:\\\/\\\/yasminfood.ch\\\/de\\\/product\\\/riesiger-gruener-reiniger-500g\\\/#primaryimage\"},\"image\":{\"@id\":\"https:\\\/\\\/yasminfood.ch\\\/de\\\/product\\\/riesiger-gruener-reiniger-500g\\\/#primaryimage\"},\"thumbnailUrl\":\"https:\\\/\\\/yasminfood.ch\\\/wp-content\\\/uploads\\\/2025\\\/05\\\/\u0645\u0646\u0638\u0641-\u0627\u0644\u0639\u0645\u0644\u0627\u0642-\u0627\u0644\u0623\u062e\u0636\u0631-500\u063a.png\",\"datePublished\":\"2025-05-23T16:11:27+00:00\",\"dateModified\":\"2025-05-23T16:12:07+00:00\",\"description\":\"Giant Green Cleaner 500g Das Riesengel, das sich durch seine starke Wirksamkeit und den duftenden Geruch auszeichnet, den es den zu reinigenden Oberfl\u00e4chen verleiht, ist ein verwendetes Material\",\"breadcrumb\":{\"@id\":\"https:\\\/\\\/yasminfood.ch\\\/de\\\/product\\\/riesiger-gruener-reiniger-500g\\\/#breadcrumb\"},\"inLanguage\":\"de\",\"potentialAction\":[{\"@type\":\"ReadAction\",\"target\":[\"https:\\\/\\\/yasminfood.ch\\\/de\\\/product\\\/riesiger-gruener-reiniger-500g\\\/\"]}]},{\"@type\":\"ImageObject\",\"inLanguage\":\"de\",\"@id\":\"https:\\\/\\\/yasminfood.ch\\\/de\\\/product\\\/riesiger-gruener-reiniger-500g\\\/#primaryimage\",\"url\":\"https:\\\/\\\/yasminfood.ch\\\/wp-content\\\/uploads\\\/2025\\\/05\\\/\u0645\u0646\u0638\u0641-\u0627\u0644\u0639\u0645\u0644\u0627\u0642-\u0627\u0644\u0623\u062e\u0636\u0631-500\u063a.png\",\"contentUrl\":\"https:\\\/\\\/yasminfood.ch\\\/wp-content\\\/uploads\\\/2025\\\/05\\\/\u0645\u0646\u0638\u0641-\u0627\u0644\u0639\u0645\u0644\u0627\u0642-\u0627\u0644\u0623\u062e\u0636\u0631-500\u063a.png\",\"width\":1080,\"height\":1080},{\"@type\":\"BreadcrumbList\",\"@id\":\"https:\\\/\\\/yasminfood.ch\\\/de\\\/product\\\/riesiger-gruener-reiniger-500g\\\/#breadcrumb\",\"itemListElement\":[{\"@type\":\"ListItem\",\"position\":1,\"name\":\"\u0627\u0644\u0631\u0626\u064a\u0633\u064a\u0629\",\"item\":\"https:\\\/\\\/yasminfood.ch\\\/de\\\/zuhause\\\/\"},{\"@type\":\"ListItem\",\"position\":2,\"name\":\"Shop\",\"item\":\"https:\\\/\\\/yasminfood.ch\\\/de\\\/shop\\\/\"},{\"@type\":\"ListItem\",\"position\":3,\"name\":\"Nonfood\",\"item\":\"https:\\\/\\\/yasminfood.ch\\\/de\\\/produkt-kategorie\\\/nonfood\\\/\"},{\"@type\":\"ListItem\",\"position\":4,\"name\":\"Waschmittel\",\"item\":\"https:\\\/\\\/yasminfood.ch\\\/de\\\/produkt-kategorie\\\/nonfood\\\/waschmittel\\\/\"},{\"@type\":\"ListItem\",\"position\":5,\"name\":\"Riesiger gr\u00fcner Reiniger 500g\"}]},{\"@type\":\"WebSite\",\"@id\":\"https:\\\/\\\/yasminfood.ch\\\/de\\\/#website\",\"url\":\"https:\\\/\\\/yasminfood.ch\\\/de\\\/\",\"name\":\"\u064a\u0627\u0633\u0645\u064a\u0646 \u0645\u0627\u0631\u0643\u062a\",\"description\":\"Alles, was Sie brauchen, an einem Ort\",\"publisher\":{\"@id\":\"https:\\\/\\\/yasminfood.ch\\\/de\\\/#organization\"},\"alternateName\":\"Yasmin Food\",\"potentialAction\":[{\"@type\":\"SearchAction\",\"target\":{\"@type\":\"EntryPoint\",\"urlTemplate\":\"https:\\\/\\\/yasminfood.ch\\\/de\\\/?s={search_term_string}\"},\"query-input\":{\"@type\":\"PropertyValueSpecification\",\"valueRequired\":true,\"valueName\":\"search_term_string\"}}],\"inLanguage\":\"de\"},{\"@type\":\"Organization\",\"@id\":\"https:\\\/\\\/yasminfood.ch\\\/de\\\/#organization\",\"name\":\"\u064a\u0627\u0633\u0645\u064a\u0646 \u0645\u0627\u0631\u0643\u062a\",\"alternateName\":\"Yasmin Food\",\"url\":\"https:\\\/\\\/yasminfood.ch\\\/de\\\/\",\"logo\":{\"@type\":\"ImageObject\",\"inLanguage\":\"de\",\"@id\":\"https:\\\/\\\/yasminfood.ch\\\/de\\\/#\\\/schema\\\/logo\\\/image\\\/\",\"url\":\"https:\\\/\\\/yasminfood.ch\\\/wp-content\\\/uploads\\\/2025\\\/05\\\/yasmin-food-header-logo.png\",\"contentUrl\":\"https:\\\/\\\/yasminfood.ch\\\/wp-content\\\/uploads\\\/2025\\\/05\\\/yasmin-food-header-logo.png\",\"width\":330,\"height\":120,\"caption\":\"\u064a\u0627\u0633\u0645\u064a\u0646 \u0645\u0627\u0631\u0643\u062a\"},\"image\":{\"@id\":\"https:\\\/\\\/yasminfood.ch\\\/de\\\/#\\\/schema\\\/logo\\\/image\\\/\"},\"sameAs\":[\"https:\\\/\\\/www.facebook.com\\\/yasminmarkt1\",\"https:\\\/\\\/www.tiktok.com\\\/@yasminmarkt\",\"https:\\\/\\\/www.instagram.com\\\/yasmin.markt1\\\/\",\"https:\\\/\\\/api.whatsapp.com\\\/send\\\/?phone=41799000104\"],\"publishingPrinciples\":\"https:\\\/\\\/yasminfood.ch\\\/de\\\/shop\\\/\",\"ownershipFundingInfo\":\"https:\\\/\\\/yasminfood.ch\\\/de\\\/shop\\\/\"}]}<\/script>\n<meta property=\"product:price:amount\" content=\"4.50\" \/>\n<meta property=\"product:price:currency\" content=\"CHF\" \/>\n<meta property=\"og:availability\" content=\"instock\" \/>\n<meta property=\"product:availability\" content=\"instock\" \/>\n<meta property=\"product:condition\" content=\"new\" \/>\n<!-- \/ Yoast SEO Premium plugin. -->","yoast_head_json":{"title":"Riesiger gr\u00fcner Reiniger 500g - Yasmin Food","description":"Giant Green Cleaner 500g Das Riesengel, das sich durch seine starke Wirksamkeit und den duftenden Geruch auszeichnet, den es den zu reinigenden Oberfl\u00e4chen verleiht, ist ein verwendetes Material","robots":{"index":"index","follow":"follow","max-snippet":"max-snippet:-1","max-image-preview":"max-image-preview:large","max-video-preview":"max-video-preview:-1"},"canonical":"https:\/\/yasminfood.ch\/de\/product\/riesiger-gruener-reiniger-500g\/","og_locale":"de_DE","og_type":"article","og_title":"Riesiger gr\u00fcner Reiniger 500g","og_description":"Giant Green Cleaner 500g Giant Gel Gil Giant zeichnet sich durch die St\u00e4rke seiner Wirksamkeit und den duftenden Geruch aus, den es den zu reinigenden Oberfl\u00e4chen verleiht, und ist eine Materialart, die zur Reinigung von Fliesen, B\u00f6den verschiedener Art, verwendet wird.","og_url":"https:\/\/yasminfood.ch\/de\/product\/riesiger-gruener-reiniger-500g\/","og_site_name":"Yasmin Food","article_publisher":"https:\/\/www.facebook.com\/yasminmarkt1","article_modified_time":"2025-05-23T16:12:07+00:00","og_image":[{"width":1080,"height":1080,"url":"https:\/\/yasminfood.ch\/wp-content\/uploads\/2025\/05\/\u0645\u0646\u0638\u0641-\u0627\u0644\u0639\u0645\u0644\u0627\u0642-\u0627\u0644\u0623\u062e\u0636\u0631-500\u063a.png","type":"image\/png"}],"twitter_card":"summary_large_image","twitter_misc":{"Preis":"4.50&nbsp;&#67;&#72;&#70;","Verf\u00fcgbarkeit":"Auf Lager"},"schema":{"@context":"https:\/\/schema.org","@graph":[{"@type":"WebPage","@id":"https:\/\/yasminfood.ch\/de\/product\/riesiger-gruener-reiniger-500g\/","url":"https:\/\/yasminfood.ch\/de\/product\/riesiger-gruener-reiniger-500g\/","name":"Riesiger gr\u00fcner Reiniger 500g - Yasmin Food","isPartOf":{"@id":"https:\/\/yasminfood.ch\/de\/#website"},"primaryImageOfPage":{"@id":"https:\/\/yasminfood.ch\/de\/product\/riesiger-gruener-reiniger-500g\/#primaryimage"},"image":{"@id":"https:\/\/yasminfood.ch\/de\/product\/riesiger-gruener-reiniger-500g\/#primaryimage"},"thumbnailUrl":"https:\/\/yasminfood.ch\/wp-content\/uploads\/2025\/05\/\u0645\u0646\u0638\u0641-\u0627\u0644\u0639\u0645\u0644\u0627\u0642-\u0627\u0644\u0623\u062e\u0636\u0631-500\u063a.png","datePublished":"2025-05-23T16:11:27+00:00","dateModified":"2025-05-23T16:12:07+00:00","description":"Giant Green Cleaner 500g Das Riesengel, das sich durch seine starke Wirksamkeit und den duftenden Geruch auszeichnet, den es den zu reinigenden Oberfl\u00e4chen verleiht, ist ein verwendetes Material","breadcrumb":{"@id":"https:\/\/yasminfood.ch\/de\/product\/riesiger-gruener-reiniger-500g\/#breadcrumb"},"inLanguage":"de","potentialAction":[{"@type":"ReadAction","target":["https:\/\/yasminfood.ch\/de\/product\/riesiger-gruener-reiniger-500g\/"]}]},{"@type":"ImageObject","inLanguage":"de","@id":"https:\/\/yasminfood.ch\/de\/product\/riesiger-gruener-reiniger-500g\/#primaryimage","url":"https:\/\/yasminfood.ch\/wp-content\/uploads\/2025\/05\/\u0645\u0646\u0638\u0641-\u0627\u0644\u0639\u0645\u0644\u0627\u0642-\u0627\u0644\u0623\u062e\u0636\u0631-500\u063a.png","contentUrl":"https:\/\/yasminfood.ch\/wp-content\/uploads\/2025\/05\/\u0645\u0646\u0638\u0641-\u0627\u0644\u0639\u0645\u0644\u0627\u0642-\u0627\u0644\u0623\u062e\u0636\u0631-500\u063a.png","width":1080,"height":1080},{"@type":"BreadcrumbList","@id":"https:\/\/yasminfood.ch\/de\/product\/riesiger-gruener-reiniger-500g\/#breadcrumb","itemListElement":[{"@type":"ListItem","position":1,"name":"\u0627\u0644\u0631\u0626\u064a\u0633\u064a\u0629","item":"https:\/\/yasminfood.ch\/de\/zuhause\/"},{"@type":"ListItem","position":2,"name":"Shop","item":"https:\/\/yasminfood.ch\/de\/shop\/"},{"@type":"ListItem","position":3,"name":"Nonfood","item":"https:\/\/yasminfood.ch\/de\/produkt-kategorie\/nonfood\/"},{"@type":"ListItem","position":4,"name":"Waschmittel","item":"https:\/\/yasminfood.ch\/de\/produkt-kategorie\/nonfood\/waschmittel\/"},{"@type":"ListItem","position":5,"name":"Riesiger gr\u00fcner Reiniger 500g"}]},{"@type":"WebSite","@id":"https:\/\/yasminfood.ch\/de\/#website","url":"https:\/\/yasminfood.ch\/de\/","name":"\u064a\u0627\u0633\u0645\u064a\u0646 \u0645\u0627\u0631\u0643\u062a","description":"Alles, was Sie brauchen, an einem Ort","publisher":{"@id":"https:\/\/yasminfood.ch\/de\/#organization"},"alternateName":"Yasmin Food","potentialAction":[{"@type":"SearchAction","target":{"@type":"EntryPoint","urlTemplate":"https:\/\/yasminfood.ch\/de\/?s={search_term_string}"},"query-input":{"@type":"PropertyValueSpecification","valueRequired":true,"valueName":"search_term_string"}}],"inLanguage":"de"},{"@type":"Organization","@id":"https:\/\/yasminfood.ch\/de\/#organization","name":"\u064a\u0627\u0633\u0645\u064a\u0646 \u0645\u0627\u0631\u0643\u062a","alternateName":"Yasmin Food","url":"https:\/\/yasminfood.ch\/de\/","logo":{"@type":"ImageObject","inLanguage":"de","@id":"https:\/\/yasminfood.ch\/de\/#\/schema\/logo\/image\/","url":"https:\/\/yasminfood.ch\/wp-content\/uploads\/2025\/05\/yasmin-food-header-logo.png","contentUrl":"https:\/\/yasminfood.ch\/wp-content\/uploads\/2025\/05\/yasmin-food-header-logo.png","width":330,"height":120,"caption":"\u064a\u0627\u0633\u0645\u064a\u0646 \u0645\u0627\u0631\u0643\u062a"},"image":{"@id":"https:\/\/yasminfood.ch\/de\/#\/schema\/logo\/image\/"},"sameAs":["https:\/\/www.facebook.com\/yasminmarkt1","https:\/\/www.tiktok.com\/@yasminmarkt","https:\/\/www.instagram.com\/yasmin.markt1\/","https:\/\/api.whatsapp.com\/send\/?phone=41799000104"],"publishingPrinciples":"https:\/\/yasminfood.ch\/de\/shop\/","ownershipFundingInfo":"https:\/\/yasminfood.ch\/de\/shop\/"}]},"product_price_amount":"4.50","product_price_currency":"CHF","og_availability":"instock","product_availability":"instock","product_condition":"new"},"jetpack_sharing_enabled":true,"_links":{"self":[{"href":"https:\/\/yasminfood.ch\/de\/wp-json\/wp\/v2\/product\/112779","targetHints":{"allow":["GET"]}}],"collection":[{"href":"https:\/\/yasminfood.ch\/de\/wp-json\/wp\/v2\/product"}],"about":[{"href":"https:\/\/yasminfood.ch\/de\/wp-json\/wp\/v2\/types\/product"}],"replies":[{"embeddable":true,"href":"https:\/\/yasminfood.ch\/de\/wp-json\/wp\/v2\/comments?post=112779"}],"version-history":[{"count":0,"href":"https:\/\/yasminfood.ch\/de\/wp-json\/wp\/v2\/product\/112779\/revisions"}],"wp:featuredmedia":[{"embeddable":true,"href":"https:\/\/yasminfood.ch\/de\/wp-json\/wp\/v2\/media\/112776"}],"wp:attachment":[{"href":"https:\/\/yasminfood.ch\/de\/wp-json\/wp\/v2\/media?parent=112779"}],"wp:term":[{"taxonomy":"product_brand","embeddable":true,"href":"https:\/\/yasminfood.ch\/de\/wp-json\/wp\/v2\/product_brand?post=112779"},{"taxonomy":"product_cat","embeddable":true,"href":"https:\/\/yasminfood.ch\/de\/wp-json\/wp\/v2\/product_cat?post=112779"},{"taxonomy":"product_tag","embeddable":true,"href":"https:\/\/yasminfood.ch\/de\/wp-json\/wp\/v2\/product_tag?post=112779"}],"curies":[{"name":"wp","href":"https:\/\/api.w.org\/{rel}","templated":true}]}}