{"id":112812,"date":"2025-05-24T03:40:42","date_gmt":"2025-05-24T01:41:18","guid":{"rendered":"https:\/\/yasminfood.ch\/product\/grillrost-4030-cm\/"},"modified":"2025-05-24T03:41:18","modified_gmt":"2025-05-24T01:41:18","slug":"grillrost-4030-cm","status":"publish","type":"product","link":"https:\/\/yasminfood.ch\/de\/product\/grillrost-4030-cm\/","title":{"rendered":"Grillrost 40*30 cm"},"content":{"rendered":"<p>Gitter 40*30 cm langlebig, leicht <\/p>\n<p data-start=\"184\" data-end=\"424\">Hergestellt aus leichtem, hitzebest\u00e4ndigem Aluminium, bietet es eine hervorragende W\u00e4rmeverteilung und verhindert das Anhaften von Lebensmitteln. Perfekt f\u00fcr Reisen, zu Hause und Menschen, die einen sauberen und schnellen Grill lieben.   <\/p>\n<p data-start=\"426\" data-end=\"443\">\ud83d\udfe2 <strong data-start=\"429\" data-end=\"441\">Funktionen:<\/strong><\/p>\n<ul data-start=\"444\" data-end=\"640\">\n<li data-start=\"444\" data-end=\"467\">\n<p data-start=\"446\" data-end=\"467\">Ma\u00dfe: 40 \u00d7 30 cm <\/p>\n<\/li>\n<li data-start=\"468\" data-end=\"498\">\n<p data-start=\"470\" data-end=\"498\">Hergestellt aus leichtem und starkem Aluminium<\/p>\n<\/li>\n<li data-start=\"499\" data-end=\"527\">\n<p data-start=\"501\" data-end=\"527\">Rostbest\u00e4ndig und leicht zu reinigen<\/p>\n<\/li>\n<li data-start=\"528\" data-end=\"574\">\n<p data-start=\"530\" data-end=\"574\">Hervorragendes Mesh-Design f\u00fcr gleichm\u00e4\u00dfige Bel\u00fcftung und perfektes Grillen<\/p>\n<\/li>\n<li data-start=\"575\" data-end=\"599\">\n<p data-start=\"577\" data-end=\"599\">Geeignet f\u00fcr Kohle oder Gas<\/p>\n<\/li>\n<li data-start=\"600\" data-end=\"640\">\n<p data-start=\"602\" data-end=\"640\">Einweg oder h\u00e4ufiger Gebrauch nach Bedarf<\/p>\n<\/li>\n<\/ul>\n<p data-start=\"642\" data-end=\"767\">\ud83d\udfe2 <strong data-start=\"645\" data-end=\"664\">Beste Verwendung:<\/strong><br data-start=\"664\" data-end=\"667\">\u2022 Grillen Sie Fleisch, H\u00fchnchen, Fisch oder Gem\u00fcse<br data-start=\"704\" data-end=\"707\">\u2022 Grillen im Garten oder auf der Terrasse<br data-start=\"740\" data-end=\"743\">\u2022 Ideal f\u00fcr Camping und Trekking <\/p>\n","protected":false},"excerpt":{"rendered":"<p>Grillgitter 40*30 cm Langlebig, leicht Hergestellt aus leichtem und hitzebest\u00e4ndigem Aluminium, bietet eine hervorragende W\u00e4rmeverteilung und verhindert das Anhaften von Speisen. Perfekt f\u00fcr Reisen, zu Hause und Menschen, die einen sauberen und schnellen Grill lieben.    <\/p>\n","protected":false},"featured_media":112806,"comment_status":"open","ping_status":"closed","template":"","meta":[],"product_brand":[],"product_cat":[904,388],"product_tag":[],"class_list":{"0":"post-112812","1":"product","2":"type-product","3":"status-publish","4":"has-post-thumbnail","6":"product_cat-kuechenutensilien","7":"product_cat-nonfood","9":"first","10":"instock","11":"taxable","12":"shipping-taxable","13":"purchasable","14":"product-type-simple"},"yoast_head":"<!-- This site is optimized with the Yoast SEO Premium plugin v26.5 (Yoast SEO v27.3) - https:\/\/yoast.com\/product\/yoast-seo-premium-wordpress\/ -->\n<title>Grill Grill 40*30 cm f\u00fcr Camping und Grillen im Garten - Yasmin Food<\/title>\n<meta name=\"description\" content=\"Genie\u00dfen Sie einen sauberen und schnellen Grill mit dem Lichtgitter 40*30 cm aus hitzebest\u00e4ndigem Aluminium. Holen Sie es sich jetzt f\u00fcr das perfekte BBQ-Erlebnis!\" \/>\n<meta name=\"robots\" content=\"index, follow, max-snippet:-1, max-image-preview:large, max-video-preview:-1\" \/>\n<link rel=\"canonical\" href=\"https:\/\/yasminfood.ch\/de\/product\/grillrost-4030-cm\/\" \/>\n<meta property=\"og:locale\" content=\"de_DE\" \/>\n<meta property=\"og:type\" content=\"article\" \/>\n<meta property=\"og:title\" content=\"Grillrost 40*30 cm\" \/>\n<meta property=\"og:description\" content=\"Grillgitter 40*30 cm Langlebig, leicht Hergestellt aus leichtem und hitzebest\u00e4ndigem Aluminium, bietet eine hervorragende W\u00e4rmeverteilung und verhindert das Anhaften von Speisen. Perfekt f\u00fcr Reisen, zu Hause und Menschen, die einen sauberen und schnellen Grill lieben.\" \/>\n<meta property=\"og:url\" content=\"https:\/\/yasminfood.ch\/de\/product\/grillrost-4030-cm\/\" \/>\n<meta property=\"og:site_name\" content=\"Yasmin Food\" \/>\n<meta property=\"article:publisher\" content=\"https:\/\/www.facebook.com\/yasminmarkt1\" \/>\n<meta property=\"og:image\" content=\"https:\/\/yasminfood.ch\/wp-content\/uploads\/2025\/05\/\u0634\u0628\u0643-\u0634\u0648\u064a-40-30-cm.jpg\" \/>\n\t<meta property=\"og:image:width\" content=\"1220\" \/>\n\t<meta property=\"og:image:height\" content=\"1229\" \/>\n\t<meta property=\"og:image:type\" content=\"image\/jpeg\" \/>\n<meta name=\"twitter:card\" content=\"summary_large_image\" \/>\n<meta name=\"twitter:label1\" content=\"Preis\" \/>\n\t<meta name=\"twitter:data1\" content=\"13.95&nbsp;&#067;&#072;&#070;\" \/>\n\t<meta name=\"twitter:label2\" content=\"Verf\u00fcgbarkeit\" \/>\n\t<meta name=\"twitter:data2\" content=\"Auf Lager\" \/>\n<script type=\"application\/ld+json\" class=\"yoast-schema-graph\">{\"@context\":\"https:\\\/\\\/schema.org\",\"@graph\":[{\"@type\":\"WebPage\",\"@id\":\"https:\\\/\\\/yasminfood.ch\\\/de\\\/product\\\/grillrost-4030-cm\\\/\",\"url\":\"https:\\\/\\\/yasminfood.ch\\\/de\\\/product\\\/grillrost-4030-cm\\\/\",\"name\":\"Grill Grill 40*30 cm f\u00fcr Camping und Grillen im Garten - Yasmin Food\",\"isPartOf\":{\"@id\":\"https:\\\/\\\/yasminfood.ch\\\/de\\\/#website\"},\"primaryImageOfPage\":{\"@id\":\"https:\\\/\\\/yasminfood.ch\\\/de\\\/product\\\/grillrost-4030-cm\\\/#primaryimage\"},\"image\":{\"@id\":\"https:\\\/\\\/yasminfood.ch\\\/de\\\/product\\\/grillrost-4030-cm\\\/#primaryimage\"},\"thumbnailUrl\":\"https:\\\/\\\/yasminfood.ch\\\/wp-content\\\/uploads\\\/2025\\\/05\\\/\u0634\u0628\u0643-\u0634\u0648\u064a-40-30-cm.jpg\",\"datePublished\":\"2025-05-24T01:41:18+00:00\",\"description\":\"Genie\u00dfen Sie einen sauberen und schnellen Grill mit dem Lichtgitter 40*30 cm aus hitzebest\u00e4ndigem Aluminium. Holen Sie es sich jetzt f\u00fcr das perfekte BBQ-Erlebnis!\",\"breadcrumb\":{\"@id\":\"https:\\\/\\\/yasminfood.ch\\\/de\\\/product\\\/grillrost-4030-cm\\\/#breadcrumb\"},\"inLanguage\":\"de\",\"potentialAction\":[{\"@type\":\"ReadAction\",\"target\":[\"https:\\\/\\\/yasminfood.ch\\\/de\\\/product\\\/grillrost-4030-cm\\\/\"]}]},{\"@type\":\"ImageObject\",\"inLanguage\":\"de\",\"@id\":\"https:\\\/\\\/yasminfood.ch\\\/de\\\/product\\\/grillrost-4030-cm\\\/#primaryimage\",\"url\":\"https:\\\/\\\/yasminfood.ch\\\/wp-content\\\/uploads\\\/2025\\\/05\\\/\u0634\u0628\u0643-\u0634\u0648\u064a-40-30-cm.jpg\",\"contentUrl\":\"https:\\\/\\\/yasminfood.ch\\\/wp-content\\\/uploads\\\/2025\\\/05\\\/\u0634\u0628\u0643-\u0634\u0648\u064a-40-30-cm.jpg\",\"width\":1220,\"height\":1229},{\"@type\":\"BreadcrumbList\",\"@id\":\"https:\\\/\\\/yasminfood.ch\\\/de\\\/product\\\/grillrost-4030-cm\\\/#breadcrumb\",\"itemListElement\":[{\"@type\":\"ListItem\",\"position\":1,\"name\":\"\u0627\u0644\u0631\u0626\u064a\u0633\u064a\u0629\",\"item\":\"https:\\\/\\\/yasminfood.ch\\\/de\\\/zuhause\\\/\"},{\"@type\":\"ListItem\",\"position\":2,\"name\":\"Shop\",\"item\":\"https:\\\/\\\/yasminfood.ch\\\/de\\\/shop\\\/\"},{\"@type\":\"ListItem\",\"position\":3,\"name\":\"Nonfood\",\"item\":\"https:\\\/\\\/yasminfood.ch\\\/de\\\/produkt-kategorie\\\/nonfood\\\/\"},{\"@type\":\"ListItem\",\"position\":4,\"name\":\"Grillrost 40*30 cm\"}]},{\"@type\":\"WebSite\",\"@id\":\"https:\\\/\\\/yasminfood.ch\\\/de\\\/#website\",\"url\":\"https:\\\/\\\/yasminfood.ch\\\/de\\\/\",\"name\":\"\u064a\u0627\u0633\u0645\u064a\u0646 \u0645\u0627\u0631\u0643\u062a\",\"description\":\"Alles, was Sie brauchen, an einem Ort\",\"publisher\":{\"@id\":\"https:\\\/\\\/yasminfood.ch\\\/de\\\/#organization\"},\"alternateName\":\"Yasmin Food\",\"potentialAction\":[{\"@type\":\"SearchAction\",\"target\":{\"@type\":\"EntryPoint\",\"urlTemplate\":\"https:\\\/\\\/yasminfood.ch\\\/de\\\/?s={search_term_string}\"},\"query-input\":{\"@type\":\"PropertyValueSpecification\",\"valueRequired\":true,\"valueName\":\"search_term_string\"}}],\"inLanguage\":\"de\"},{\"@type\":\"Organization\",\"@id\":\"https:\\\/\\\/yasminfood.ch\\\/de\\\/#organization\",\"name\":\"\u064a\u0627\u0633\u0645\u064a\u0646 \u0645\u0627\u0631\u0643\u062a\",\"alternateName\":\"Yasmin Food\",\"url\":\"https:\\\/\\\/yasminfood.ch\\\/de\\\/\",\"logo\":{\"@type\":\"ImageObject\",\"inLanguage\":\"de\",\"@id\":\"https:\\\/\\\/yasminfood.ch\\\/de\\\/#\\\/schema\\\/logo\\\/image\\\/\",\"url\":\"https:\\\/\\\/yasminfood.ch\\\/wp-content\\\/uploads\\\/2025\\\/05\\\/yasmin-food-header-logo.png\",\"contentUrl\":\"https:\\\/\\\/yasminfood.ch\\\/wp-content\\\/uploads\\\/2025\\\/05\\\/yasmin-food-header-logo.png\",\"width\":330,\"height\":120,\"caption\":\"\u064a\u0627\u0633\u0645\u064a\u0646 \u0645\u0627\u0631\u0643\u062a\"},\"image\":{\"@id\":\"https:\\\/\\\/yasminfood.ch\\\/de\\\/#\\\/schema\\\/logo\\\/image\\\/\"},\"sameAs\":[\"https:\\\/\\\/www.facebook.com\\\/yasminmarkt1\",\"https:\\\/\\\/www.tiktok.com\\\/@yasminmarkt\",\"https:\\\/\\\/www.instagram.com\\\/yasmin.markt1\\\/\",\"https:\\\/\\\/api.whatsapp.com\\\/send\\\/?phone=41799000104\"],\"publishingPrinciples\":\"https:\\\/\\\/yasminfood.ch\\\/de\\\/shop\\\/\",\"ownershipFundingInfo\":\"https:\\\/\\\/yasminfood.ch\\\/de\\\/shop\\\/\"}]}<\/script>\n<meta property=\"product:price:amount\" content=\"13.95\" \/>\n<meta property=\"product:price:currency\" content=\"CHF\" \/>\n<meta property=\"og:availability\" content=\"instock\" \/>\n<meta property=\"product:availability\" content=\"instock\" \/>\n<meta property=\"product:condition\" content=\"new\" \/>\n<!-- \/ Yoast SEO Premium plugin. -->","yoast_head_json":{"title":"Grill Grill 40*30 cm f\u00fcr Camping und Grillen im Garten - Yasmin Food","description":"Genie\u00dfen Sie einen sauberen und schnellen Grill mit dem Lichtgitter 40*30 cm aus hitzebest\u00e4ndigem Aluminium. Holen Sie es sich jetzt f\u00fcr das perfekte BBQ-Erlebnis!","robots":{"index":"index","follow":"follow","max-snippet":"max-snippet:-1","max-image-preview":"max-image-preview:large","max-video-preview":"max-video-preview:-1"},"canonical":"https:\/\/yasminfood.ch\/de\/product\/grillrost-4030-cm\/","og_locale":"de_DE","og_type":"article","og_title":"Grillrost 40*30 cm","og_description":"Grillgitter 40*30 cm Langlebig, leicht Hergestellt aus leichtem und hitzebest\u00e4ndigem Aluminium, bietet eine hervorragende W\u00e4rmeverteilung und verhindert das Anhaften von Speisen. Perfekt f\u00fcr Reisen, zu Hause und Menschen, die einen sauberen und schnellen Grill lieben.","og_url":"https:\/\/yasminfood.ch\/de\/product\/grillrost-4030-cm\/","og_site_name":"Yasmin Food","article_publisher":"https:\/\/www.facebook.com\/yasminmarkt1","og_image":[{"width":1220,"height":1229,"url":"https:\/\/yasminfood.ch\/wp-content\/uploads\/2025\/05\/\u0634\u0628\u0643-\u0634\u0648\u064a-40-30-cm.jpg","type":"image\/jpeg"}],"twitter_card":"summary_large_image","twitter_misc":{"Preis":"13.95&nbsp;&#67;&#72;&#70;","Verf\u00fcgbarkeit":"Auf Lager"},"schema":{"@context":"https:\/\/schema.org","@graph":[{"@type":"WebPage","@id":"https:\/\/yasminfood.ch\/de\/product\/grillrost-4030-cm\/","url":"https:\/\/yasminfood.ch\/de\/product\/grillrost-4030-cm\/","name":"Grill Grill 40*30 cm f\u00fcr Camping und Grillen im Garten - Yasmin Food","isPartOf":{"@id":"https:\/\/yasminfood.ch\/de\/#website"},"primaryImageOfPage":{"@id":"https:\/\/yasminfood.ch\/de\/product\/grillrost-4030-cm\/#primaryimage"},"image":{"@id":"https:\/\/yasminfood.ch\/de\/product\/grillrost-4030-cm\/#primaryimage"},"thumbnailUrl":"https:\/\/yasminfood.ch\/wp-content\/uploads\/2025\/05\/\u0634\u0628\u0643-\u0634\u0648\u064a-40-30-cm.jpg","datePublished":"2025-05-24T01:41:18+00:00","description":"Genie\u00dfen Sie einen sauberen und schnellen Grill mit dem Lichtgitter 40*30 cm aus hitzebest\u00e4ndigem Aluminium. Holen Sie es sich jetzt f\u00fcr das perfekte BBQ-Erlebnis!","breadcrumb":{"@id":"https:\/\/yasminfood.ch\/de\/product\/grillrost-4030-cm\/#breadcrumb"},"inLanguage":"de","potentialAction":[{"@type":"ReadAction","target":["https:\/\/yasminfood.ch\/de\/product\/grillrost-4030-cm\/"]}]},{"@type":"ImageObject","inLanguage":"de","@id":"https:\/\/yasminfood.ch\/de\/product\/grillrost-4030-cm\/#primaryimage","url":"https:\/\/yasminfood.ch\/wp-content\/uploads\/2025\/05\/\u0634\u0628\u0643-\u0634\u0648\u064a-40-30-cm.jpg","contentUrl":"https:\/\/yasminfood.ch\/wp-content\/uploads\/2025\/05\/\u0634\u0628\u0643-\u0634\u0648\u064a-40-30-cm.jpg","width":1220,"height":1229},{"@type":"BreadcrumbList","@id":"https:\/\/yasminfood.ch\/de\/product\/grillrost-4030-cm\/#breadcrumb","itemListElement":[{"@type":"ListItem","position":1,"name":"\u0627\u0644\u0631\u0626\u064a\u0633\u064a\u0629","item":"https:\/\/yasminfood.ch\/de\/zuhause\/"},{"@type":"ListItem","position":2,"name":"Shop","item":"https:\/\/yasminfood.ch\/de\/shop\/"},{"@type":"ListItem","position":3,"name":"Nonfood","item":"https:\/\/yasminfood.ch\/de\/produkt-kategorie\/nonfood\/"},{"@type":"ListItem","position":4,"name":"Grillrost 40*30 cm"}]},{"@type":"WebSite","@id":"https:\/\/yasminfood.ch\/de\/#website","url":"https:\/\/yasminfood.ch\/de\/","name":"\u064a\u0627\u0633\u0645\u064a\u0646 \u0645\u0627\u0631\u0643\u062a","description":"Alles, was Sie brauchen, an einem Ort","publisher":{"@id":"https:\/\/yasminfood.ch\/de\/#organization"},"alternateName":"Yasmin Food","potentialAction":[{"@type":"SearchAction","target":{"@type":"EntryPoint","urlTemplate":"https:\/\/yasminfood.ch\/de\/?s={search_term_string}"},"query-input":{"@type":"PropertyValueSpecification","valueRequired":true,"valueName":"search_term_string"}}],"inLanguage":"de"},{"@type":"Organization","@id":"https:\/\/yasminfood.ch\/de\/#organization","name":"\u064a\u0627\u0633\u0645\u064a\u0646 \u0645\u0627\u0631\u0643\u062a","alternateName":"Yasmin Food","url":"https:\/\/yasminfood.ch\/de\/","logo":{"@type":"ImageObject","inLanguage":"de","@id":"https:\/\/yasminfood.ch\/de\/#\/schema\/logo\/image\/","url":"https:\/\/yasminfood.ch\/wp-content\/uploads\/2025\/05\/yasmin-food-header-logo.png","contentUrl":"https:\/\/yasminfood.ch\/wp-content\/uploads\/2025\/05\/yasmin-food-header-logo.png","width":330,"height":120,"caption":"\u064a\u0627\u0633\u0645\u064a\u0646 \u0645\u0627\u0631\u0643\u062a"},"image":{"@id":"https:\/\/yasminfood.ch\/de\/#\/schema\/logo\/image\/"},"sameAs":["https:\/\/www.facebook.com\/yasminmarkt1","https:\/\/www.tiktok.com\/@yasminmarkt","https:\/\/www.instagram.com\/yasmin.markt1\/","https:\/\/api.whatsapp.com\/send\/?phone=41799000104"],"publishingPrinciples":"https:\/\/yasminfood.ch\/de\/shop\/","ownershipFundingInfo":"https:\/\/yasminfood.ch\/de\/shop\/"}]},"product_price_amount":"13.95","product_price_currency":"CHF","og_availability":"instock","product_availability":"instock","product_condition":"new"},"jetpack_sharing_enabled":true,"_links":{"self":[{"href":"https:\/\/yasminfood.ch\/de\/wp-json\/wp\/v2\/product\/112812","targetHints":{"allow":["GET"]}}],"collection":[{"href":"https:\/\/yasminfood.ch\/de\/wp-json\/wp\/v2\/product"}],"about":[{"href":"https:\/\/yasminfood.ch\/de\/wp-json\/wp\/v2\/types\/product"}],"replies":[{"embeddable":true,"href":"https:\/\/yasminfood.ch\/de\/wp-json\/wp\/v2\/comments?post=112812"}],"version-history":[{"count":0,"href":"https:\/\/yasminfood.ch\/de\/wp-json\/wp\/v2\/product\/112812\/revisions"}],"wp:featuredmedia":[{"embeddable":true,"href":"https:\/\/yasminfood.ch\/de\/wp-json\/wp\/v2\/media\/112806"}],"wp:attachment":[{"href":"https:\/\/yasminfood.ch\/de\/wp-json\/wp\/v2\/media?parent=112812"}],"wp:term":[{"taxonomy":"product_brand","embeddable":true,"href":"https:\/\/yasminfood.ch\/de\/wp-json\/wp\/v2\/product_brand?post=112812"},{"taxonomy":"product_cat","embeddable":true,"href":"https:\/\/yasminfood.ch\/de\/wp-json\/wp\/v2\/product_cat?post=112812"},{"taxonomy":"product_tag","embeddable":true,"href":"https:\/\/yasminfood.ch\/de\/wp-json\/wp\/v2\/product_tag?post=112812"}],"curies":[{"name":"wp","href":"https:\/\/api.w.org\/{rel}","templated":true}]}}