{"id":112842,"date":"2025-05-24T22:09:08","date_gmt":"2025-05-24T20:09:08","guid":{"rendered":"https:\/\/yasminfood.ch\/product\/leckerer-honig-mit-nuessen-420g\/"},"modified":"2025-05-24T22:10:06","modified_gmt":"2025-05-24T20:10:06","slug":"leckerer-honig-mit-nuessen-420g","status":"publish","type":"product","link":"https:\/\/yasminfood.ch\/de\/product\/leckerer-honig-mit-nuessen-420g\/","title":{"rendered":"Leckerer Honig mit N\u00fcssen 420g"},"content":{"rendered":"<p>K\u00f6stlicher Honig mit N\u00fcssen 420 g<\/p>\n<p>war wegen seines k\u00f6stlichen Geschmacks beliebt und nahm aufgrund seiner unterst\u00fctzenden Eigenschaften bei der Behandlung einiger F\u00e4lle, eines der wichtigsten Lebensmittel, einen wichtigen Platz in der Volksmedizin ein<\/p>\n","protected":false},"excerpt":{"rendered":"<p>K\u00f6stlicher Honig mit N\u00fcssen 420 g war wegen seines k\u00f6stlichen Geschmacks beliebt und nahm aufgrund seiner unterst\u00fctzenden Eigenschaften bei der Behandlung einiger F\u00e4lle einen wichtigen Platz in der Volksmedizin ein <\/p>\n","protected":false},"featured_media":112833,"comment_status":"open","ping_status":"closed","template":"","meta":[],"product_brand":[],"product_cat":[245,258],"product_tag":[2185],"class_list":{"0":"post-112842","1":"product","2":"type-product","3":"status-publish","4":"has-post-thumbnail","6":"product_cat-konserven-lebensmittel","7":"product_cat-marmelade-und-honig","8":"product_tag-honig-mit-nussen","10":"first","11":"outofstock","12":"taxable","13":"shipping-taxable","14":"purchasable","15":"product-type-simple"},"yoast_head":"<!-- This site is optimized with the Yoast SEO Premium plugin v26.5 (Yoast SEO v27.5) - https:\/\/yoast.com\/product\/yoast-seo-premium-wordpress\/ -->\n<title>Leckerer Honig mit N\u00fcssen 420g Yasmin Food Leckerer Honig mit N\u00fcssen 420g - Leckerer Honig mit N\u00fcssen 420g Yasmin Food<\/title>\n<meta name=\"description\" content=\"Genie\u00dfen Sie den k\u00f6stlichen Geschmack von Honig mit N\u00fcssen 420g und seine gesundheitlichen Vorteile. F\u00fcgen Sie dieses besondere Produkt noch heute zu Ihrer Ern\u00e4hrung hinzu! Leckerer Honig mit N\u00fcssen 420g Yasmin Food\" \/>\n<meta name=\"robots\" content=\"index, follow, max-snippet:-1, max-image-preview:large, max-video-preview:-1\" \/>\n<link rel=\"canonical\" href=\"https:\/\/yasminfood.ch\/de\/product\/leckerer-honig-mit-nuessen-420g\/\" \/>\n<meta property=\"og:locale\" content=\"de_DE\" \/>\n<meta property=\"og:type\" content=\"article\" \/>\n<meta property=\"og:title\" content=\"Leckerer Honig mit N\u00fcssen 420g\" \/>\n<meta property=\"og:description\" content=\"K\u00f6stlicher Honig mit N\u00fcssen 420 g war wegen seines k\u00f6stlichen Geschmacks beliebt und nahm aufgrund seiner unterst\u00fctzenden Eigenschaften bei der Behandlung einiger F\u00e4lle einen wichtigen Platz in der Volksmedizin ein\" \/>\n<meta property=\"og:url\" content=\"https:\/\/yasminfood.ch\/de\/product\/leckerer-honig-mit-nuessen-420g\/\" \/>\n<meta property=\"og:site_name\" content=\"Yasmin Food\" \/>\n<meta property=\"article:publisher\" content=\"https:\/\/www.facebook.com\/yasminmarkt1\" \/>\n<meta property=\"article:modified_time\" content=\"2025-05-24T20:10:06+00:00\" \/>\n<meta property=\"og:image\" content=\"https:\/\/yasminfood.ch\/wp-content\/uploads\/2025\/05\/\u0639\u0633\u0644-\u0634\u0647\u064a\u0629-\u0628\u0627\u0644\u0645\u0643\u0633\u0631\u0627\u062a-420\u063a.png\" \/>\n\t<meta property=\"og:image:width\" content=\"1080\" \/>\n\t<meta property=\"og:image:height\" content=\"1080\" \/>\n\t<meta property=\"og:image:type\" content=\"image\/png\" \/>\n<meta name=\"twitter:card\" content=\"summary_large_image\" \/>\n<meta name=\"twitter:label1\" content=\"Preis\" \/>\n\t<meta name=\"twitter:data1\" content=\"6.50&nbsp;&#067;&#072;&#070;\" \/>\n\t<meta name=\"twitter:label2\" content=\"Verf\u00fcgbarkeit\" \/>\n\t<meta name=\"twitter:data2\" content=\"ausverkauft\" \/>\n<script type=\"application\/ld+json\" class=\"yoast-schema-graph\">{\"@context\":\"https:\\\/\\\/schema.org\",\"@graph\":[{\"@type\":\"WebPage\",\"@id\":\"https:\\\/\\\/yasminfood.ch\\\/de\\\/product\\\/leckerer-honig-mit-nuessen-420g\\\/\",\"url\":\"https:\\\/\\\/yasminfood.ch\\\/de\\\/product\\\/leckerer-honig-mit-nuessen-420g\\\/\",\"name\":\"Leckerer Honig mit N\u00fcssen 420g Yasmin Food Leckerer Honig mit N\u00fcssen 420g - Leckerer Honig mit N\u00fcssen 420g Yasmin Food\",\"isPartOf\":{\"@id\":\"https:\\\/\\\/yasminfood.ch\\\/de\\\/#website\"},\"primaryImageOfPage\":{\"@id\":\"https:\\\/\\\/yasminfood.ch\\\/de\\\/product\\\/leckerer-honig-mit-nuessen-420g\\\/#primaryimage\"},\"image\":{\"@id\":\"https:\\\/\\\/yasminfood.ch\\\/de\\\/product\\\/leckerer-honig-mit-nuessen-420g\\\/#primaryimage\"},\"thumbnailUrl\":\"https:\\\/\\\/yasminfood.ch\\\/wp-content\\\/uploads\\\/2025\\\/05\\\/\u0639\u0633\u0644-\u0634\u0647\u064a\u0629-\u0628\u0627\u0644\u0645\u0643\u0633\u0631\u0627\u062a-420\u063a.png\",\"datePublished\":\"2025-05-24T20:09:08+00:00\",\"dateModified\":\"2025-05-24T20:10:06+00:00\",\"description\":\"Genie\u00dfen Sie den k\u00f6stlichen Geschmack von Honig mit N\u00fcssen 420g und seine gesundheitlichen Vorteile. F\u00fcgen Sie dieses besondere Produkt noch heute zu Ihrer Ern\u00e4hrung hinzu! Leckerer Honig mit N\u00fcssen 420g Yasmin Food\",\"breadcrumb\":{\"@id\":\"https:\\\/\\\/yasminfood.ch\\\/de\\\/product\\\/leckerer-honig-mit-nuessen-420g\\\/#breadcrumb\"},\"inLanguage\":\"de\",\"potentialAction\":[{\"@type\":\"ReadAction\",\"target\":[\"https:\\\/\\\/yasminfood.ch\\\/de\\\/product\\\/leckerer-honig-mit-nuessen-420g\\\/\"]}]},{\"@type\":\"ImageObject\",\"inLanguage\":\"de\",\"@id\":\"https:\\\/\\\/yasminfood.ch\\\/de\\\/product\\\/leckerer-honig-mit-nuessen-420g\\\/#primaryimage\",\"url\":\"https:\\\/\\\/yasminfood.ch\\\/wp-content\\\/uploads\\\/2025\\\/05\\\/\u0639\u0633\u0644-\u0634\u0647\u064a\u0629-\u0628\u0627\u0644\u0645\u0643\u0633\u0631\u0627\u062a-420\u063a.png\",\"contentUrl\":\"https:\\\/\\\/yasminfood.ch\\\/wp-content\\\/uploads\\\/2025\\\/05\\\/\u0639\u0633\u0644-\u0634\u0647\u064a\u0629-\u0628\u0627\u0644\u0645\u0643\u0633\u0631\u0627\u062a-420\u063a.png\",\"width\":1080,\"height\":1080},{\"@type\":\"BreadcrumbList\",\"@id\":\"https:\\\/\\\/yasminfood.ch\\\/de\\\/product\\\/leckerer-honig-mit-nuessen-420g\\\/#breadcrumb\",\"itemListElement\":[{\"@type\":\"ListItem\",\"position\":1,\"name\":\"\u0627\u0644\u0631\u0626\u064a\u0633\u064a\u0629\",\"item\":\"https:\\\/\\\/yasminfood.ch\\\/de\\\/zuhause\\\/\"},{\"@type\":\"ListItem\",\"position\":2,\"name\":\"Shop\",\"item\":\"https:\\\/\\\/yasminfood.ch\\\/de\\\/shop\\\/\"},{\"@type\":\"ListItem\",\"position\":3,\"name\":\"Konserven - Lebensmittel\",\"item\":\"https:\\\/\\\/yasminfood.ch\\\/de\\\/produkt-kategorie\\\/konserven-lebensmittel\\\/\"},{\"@type\":\"ListItem\",\"position\":4,\"name\":\"Marmelade und Honig\",\"item\":\"https:\\\/\\\/yasminfood.ch\\\/de\\\/produkt-kategorie\\\/konserven-lebensmittel\\\/marmelade-und-honig\\\/\"},{\"@type\":\"ListItem\",\"position\":5,\"name\":\"Leckerer Honig mit N\u00fcssen 420g\"}]},{\"@type\":\"WebSite\",\"@id\":\"https:\\\/\\\/yasminfood.ch\\\/de\\\/#website\",\"url\":\"https:\\\/\\\/yasminfood.ch\\\/de\\\/\",\"name\":\"\u064a\u0627\u0633\u0645\u064a\u0646 \u0645\u0627\u0631\u0643\u062a\",\"description\":\"Alles, was Sie brauchen, an einem Ort\",\"publisher\":{\"@id\":\"https:\\\/\\\/yasminfood.ch\\\/de\\\/#organization\"},\"alternateName\":\"Yasmin Food\",\"potentialAction\":[{\"@type\":\"SearchAction\",\"target\":{\"@type\":\"EntryPoint\",\"urlTemplate\":\"https:\\\/\\\/yasminfood.ch\\\/de\\\/?s={search_term_string}\"},\"query-input\":{\"@type\":\"PropertyValueSpecification\",\"valueRequired\":true,\"valueName\":\"search_term_string\"}}],\"inLanguage\":\"de\"},{\"@type\":\"Organization\",\"@id\":\"https:\\\/\\\/yasminfood.ch\\\/de\\\/#organization\",\"name\":\"\u064a\u0627\u0633\u0645\u064a\u0646 \u0645\u0627\u0631\u0643\u062a\",\"alternateName\":\"Yasmin Food\",\"url\":\"https:\\\/\\\/yasminfood.ch\\\/de\\\/\",\"logo\":{\"@type\":\"ImageObject\",\"inLanguage\":\"de\",\"@id\":\"https:\\\/\\\/yasminfood.ch\\\/de\\\/#\\\/schema\\\/logo\\\/image\\\/\",\"url\":\"https:\\\/\\\/yasminfood.ch\\\/wp-content\\\/uploads\\\/2025\\\/05\\\/yasmin-food-header-logo.png\",\"contentUrl\":\"https:\\\/\\\/yasminfood.ch\\\/wp-content\\\/uploads\\\/2025\\\/05\\\/yasmin-food-header-logo.png\",\"width\":330,\"height\":120,\"caption\":\"\u064a\u0627\u0633\u0645\u064a\u0646 \u0645\u0627\u0631\u0643\u062a\"},\"image\":{\"@id\":\"https:\\\/\\\/yasminfood.ch\\\/de\\\/#\\\/schema\\\/logo\\\/image\\\/\"},\"sameAs\":[\"https:\\\/\\\/www.facebook.com\\\/yasminmarkt1\",\"https:\\\/\\\/www.tiktok.com\\\/@yasminmarkt\",\"https:\\\/\\\/www.instagram.com\\\/yasmin.markt1\\\/\",\"https:\\\/\\\/api.whatsapp.com\\\/send\\\/?phone=41799000104\"],\"publishingPrinciples\":\"https:\\\/\\\/yasminfood.ch\\\/de\\\/shop\\\/\",\"ownershipFundingInfo\":\"https:\\\/\\\/yasminfood.ch\\\/de\\\/shop\\\/\"}]}<\/script>\n<meta property=\"product:price:amount\" content=\"6.50\" \/>\n<meta property=\"product:price:currency\" content=\"CHF\" \/>\n<meta property=\"og:availability\" content=\"out of stock\" \/>\n<meta property=\"product:availability\" content=\"out of stock\" \/>\n<meta property=\"product:condition\" content=\"new\" \/>\n<!-- \/ Yoast SEO Premium plugin. -->","yoast_head_json":{"title":"Leckerer Honig mit N\u00fcssen 420g Yasmin Food Leckerer Honig mit N\u00fcssen 420g - Leckerer Honig mit N\u00fcssen 420g Yasmin Food","description":"Genie\u00dfen Sie den k\u00f6stlichen Geschmack von Honig mit N\u00fcssen 420g und seine gesundheitlichen Vorteile. F\u00fcgen Sie dieses besondere Produkt noch heute zu Ihrer Ern\u00e4hrung hinzu! Leckerer Honig mit N\u00fcssen 420g Yasmin Food","robots":{"index":"index","follow":"follow","max-snippet":"max-snippet:-1","max-image-preview":"max-image-preview:large","max-video-preview":"max-video-preview:-1"},"canonical":"https:\/\/yasminfood.ch\/de\/product\/leckerer-honig-mit-nuessen-420g\/","og_locale":"de_DE","og_type":"article","og_title":"Leckerer Honig mit N\u00fcssen 420g","og_description":"K\u00f6stlicher Honig mit N\u00fcssen 420 g war wegen seines k\u00f6stlichen Geschmacks beliebt und nahm aufgrund seiner unterst\u00fctzenden Eigenschaften bei der Behandlung einiger F\u00e4lle einen wichtigen Platz in der Volksmedizin ein","og_url":"https:\/\/yasminfood.ch\/de\/product\/leckerer-honig-mit-nuessen-420g\/","og_site_name":"Yasmin Food","article_publisher":"https:\/\/www.facebook.com\/yasminmarkt1","article_modified_time":"2025-05-24T20:10:06+00:00","og_image":[{"width":1080,"height":1080,"url":"https:\/\/yasminfood.ch\/wp-content\/uploads\/2025\/05\/\u0639\u0633\u0644-\u0634\u0647\u064a\u0629-\u0628\u0627\u0644\u0645\u0643\u0633\u0631\u0627\u062a-420\u063a.png","type":"image\/png"}],"twitter_card":"summary_large_image","twitter_misc":{"Preis":"6.50&nbsp;&#67;&#72;&#70;","Verf\u00fcgbarkeit":"ausverkauft"},"schema":{"@context":"https:\/\/schema.org","@graph":[{"@type":"WebPage","@id":"https:\/\/yasminfood.ch\/de\/product\/leckerer-honig-mit-nuessen-420g\/","url":"https:\/\/yasminfood.ch\/de\/product\/leckerer-honig-mit-nuessen-420g\/","name":"Leckerer Honig mit N\u00fcssen 420g Yasmin Food Leckerer Honig mit N\u00fcssen 420g - Leckerer Honig mit N\u00fcssen 420g Yasmin Food","isPartOf":{"@id":"https:\/\/yasminfood.ch\/de\/#website"},"primaryImageOfPage":{"@id":"https:\/\/yasminfood.ch\/de\/product\/leckerer-honig-mit-nuessen-420g\/#primaryimage"},"image":{"@id":"https:\/\/yasminfood.ch\/de\/product\/leckerer-honig-mit-nuessen-420g\/#primaryimage"},"thumbnailUrl":"https:\/\/yasminfood.ch\/wp-content\/uploads\/2025\/05\/\u0639\u0633\u0644-\u0634\u0647\u064a\u0629-\u0628\u0627\u0644\u0645\u0643\u0633\u0631\u0627\u062a-420\u063a.png","datePublished":"2025-05-24T20:09:08+00:00","dateModified":"2025-05-24T20:10:06+00:00","description":"Genie\u00dfen Sie den k\u00f6stlichen Geschmack von Honig mit N\u00fcssen 420g und seine gesundheitlichen Vorteile. F\u00fcgen Sie dieses besondere Produkt noch heute zu Ihrer Ern\u00e4hrung hinzu! Leckerer Honig mit N\u00fcssen 420g Yasmin Food","breadcrumb":{"@id":"https:\/\/yasminfood.ch\/de\/product\/leckerer-honig-mit-nuessen-420g\/#breadcrumb"},"inLanguage":"de","potentialAction":[{"@type":"ReadAction","target":["https:\/\/yasminfood.ch\/de\/product\/leckerer-honig-mit-nuessen-420g\/"]}]},{"@type":"ImageObject","inLanguage":"de","@id":"https:\/\/yasminfood.ch\/de\/product\/leckerer-honig-mit-nuessen-420g\/#primaryimage","url":"https:\/\/yasminfood.ch\/wp-content\/uploads\/2025\/05\/\u0639\u0633\u0644-\u0634\u0647\u064a\u0629-\u0628\u0627\u0644\u0645\u0643\u0633\u0631\u0627\u062a-420\u063a.png","contentUrl":"https:\/\/yasminfood.ch\/wp-content\/uploads\/2025\/05\/\u0639\u0633\u0644-\u0634\u0647\u064a\u0629-\u0628\u0627\u0644\u0645\u0643\u0633\u0631\u0627\u062a-420\u063a.png","width":1080,"height":1080},{"@type":"BreadcrumbList","@id":"https:\/\/yasminfood.ch\/de\/product\/leckerer-honig-mit-nuessen-420g\/#breadcrumb","itemListElement":[{"@type":"ListItem","position":1,"name":"\u0627\u0644\u0631\u0626\u064a\u0633\u064a\u0629","item":"https:\/\/yasminfood.ch\/de\/zuhause\/"},{"@type":"ListItem","position":2,"name":"Shop","item":"https:\/\/yasminfood.ch\/de\/shop\/"},{"@type":"ListItem","position":3,"name":"Konserven - Lebensmittel","item":"https:\/\/yasminfood.ch\/de\/produkt-kategorie\/konserven-lebensmittel\/"},{"@type":"ListItem","position":4,"name":"Marmelade und Honig","item":"https:\/\/yasminfood.ch\/de\/produkt-kategorie\/konserven-lebensmittel\/marmelade-und-honig\/"},{"@type":"ListItem","position":5,"name":"Leckerer Honig mit N\u00fcssen 420g"}]},{"@type":"WebSite","@id":"https:\/\/yasminfood.ch\/de\/#website","url":"https:\/\/yasminfood.ch\/de\/","name":"\u064a\u0627\u0633\u0645\u064a\u0646 \u0645\u0627\u0631\u0643\u062a","description":"Alles, was Sie brauchen, an einem Ort","publisher":{"@id":"https:\/\/yasminfood.ch\/de\/#organization"},"alternateName":"Yasmin Food","potentialAction":[{"@type":"SearchAction","target":{"@type":"EntryPoint","urlTemplate":"https:\/\/yasminfood.ch\/de\/?s={search_term_string}"},"query-input":{"@type":"PropertyValueSpecification","valueRequired":true,"valueName":"search_term_string"}}],"inLanguage":"de"},{"@type":"Organization","@id":"https:\/\/yasminfood.ch\/de\/#organization","name":"\u064a\u0627\u0633\u0645\u064a\u0646 \u0645\u0627\u0631\u0643\u062a","alternateName":"Yasmin Food","url":"https:\/\/yasminfood.ch\/de\/","logo":{"@type":"ImageObject","inLanguage":"de","@id":"https:\/\/yasminfood.ch\/de\/#\/schema\/logo\/image\/","url":"https:\/\/yasminfood.ch\/wp-content\/uploads\/2025\/05\/yasmin-food-header-logo.png","contentUrl":"https:\/\/yasminfood.ch\/wp-content\/uploads\/2025\/05\/yasmin-food-header-logo.png","width":330,"height":120,"caption":"\u064a\u0627\u0633\u0645\u064a\u0646 \u0645\u0627\u0631\u0643\u062a"},"image":{"@id":"https:\/\/yasminfood.ch\/de\/#\/schema\/logo\/image\/"},"sameAs":["https:\/\/www.facebook.com\/yasminmarkt1","https:\/\/www.tiktok.com\/@yasminmarkt","https:\/\/www.instagram.com\/yasmin.markt1\/","https:\/\/api.whatsapp.com\/send\/?phone=41799000104"],"publishingPrinciples":"https:\/\/yasminfood.ch\/de\/shop\/","ownershipFundingInfo":"https:\/\/yasminfood.ch\/de\/shop\/"}]},"product_price_amount":"6.50","product_price_currency":"CHF","og_availability":"out of stock","product_availability":"out of stock","product_condition":"new"},"jetpack_sharing_enabled":true,"_links":{"self":[{"href":"https:\/\/yasminfood.ch\/de\/wp-json\/wp\/v2\/product\/112842","targetHints":{"allow":["GET"]}}],"collection":[{"href":"https:\/\/yasminfood.ch\/de\/wp-json\/wp\/v2\/product"}],"about":[{"href":"https:\/\/yasminfood.ch\/de\/wp-json\/wp\/v2\/types\/product"}],"replies":[{"embeddable":true,"href":"https:\/\/yasminfood.ch\/de\/wp-json\/wp\/v2\/comments?post=112842"}],"version-history":[{"count":0,"href":"https:\/\/yasminfood.ch\/de\/wp-json\/wp\/v2\/product\/112842\/revisions"}],"wp:featuredmedia":[{"embeddable":true,"href":"https:\/\/yasminfood.ch\/de\/wp-json\/wp\/v2\/media\/112833"}],"wp:attachment":[{"href":"https:\/\/yasminfood.ch\/de\/wp-json\/wp\/v2\/media?parent=112842"}],"wp:term":[{"taxonomy":"product_brand","embeddable":true,"href":"https:\/\/yasminfood.ch\/de\/wp-json\/wp\/v2\/product_brand?post=112842"},{"taxonomy":"product_cat","embeddable":true,"href":"https:\/\/yasminfood.ch\/de\/wp-json\/wp\/v2\/product_cat?post=112842"},{"taxonomy":"product_tag","embeddable":true,"href":"https:\/\/yasminfood.ch\/de\/wp-json\/wp\/v2\/product_tag?post=112842"}],"curies":[{"name":"wp","href":"https:\/\/api.w.org\/{rel}","templated":true}]}}