{"id":112853,"date":"2025-05-25T21:49:08","date_gmt":"2025-05-25T19:49:08","guid":{"rendered":"https:\/\/yasminfood.ch\/product\/hummus-alkasih-135g-31-mutabal\/"},"modified":"2025-05-25T21:49:52","modified_gmt":"2025-05-25T19:49:52","slug":"hummus-alkasih-135g-31-mutabal","status":"publish","type":"product","link":"https:\/\/yasminfood.ch\/de\/product\/hummus-alkasih-135g-31-mutabal\/","title":{"rendered":"Hummus Alkasih 135g 3+1 Mutabal"},"content":{"rendered":"<p>Hummus Al-Kasih 135g Nummer 3+1 Mutabal \u201eHummus mit Tahini (Rosenkranz) Al-Kasih\u201c ist die Verk\u00f6rperung des authentischen levantinischen Geschmacks, da er aus sorgf\u00e4ltig gekochten Kichererbsen zubereitet wird, die mit reinem Tahini gemischt werden, mit einem Hauch von Zitronensaft und Knoblauch, um Ihnen einen reichhaltigen und unwiderstehlichen Geschmack zu verleihen.   <\/p>\n<p data-start=\"421\" data-end=\"434\"><strong data-start=\"421\" data-end=\"434\">Funktionen:<\/strong><\/p>\n<ul data-start=\"436\" data-end=\"732\">\n<li data-start=\"436\" data-end=\"501\">\n<p data-start=\"438\" data-end=\"501\"><strong data-start=\"438\" data-end=\"460\">100% nat\u00fcrliche Inhaltsstoffe<\/strong>:  <span class=\"relative -mx-px my-[-0.2rem] rounded px-px py-[0.2rem] transition-colors duration-100 ease-in-out\">Frei von Konservierungsstoffen und sorgt jedes Mal f\u00fcr einen frischen und gesunden Geschmack. <\/span><\/p>\n<\/li>\n<li data-start=\"502\" data-end=\"571\">\n<p data-start=\"504\" data-end=\"571\"><strong data-start=\"504\" data-end=\"530\">Reich an Proteinen und Ballaststoffen<\/strong>: <span class=\"relative -mx-px my-[-0.2rem] rounded px-px py-[0.2rem] transition-colors duration-100 ease-in-out\">ideal f\u00fcr alle, die sich gesund oder vegetarisch ern\u00e4hren.<\/span><\/p>\n<\/li>\n<li data-start=\"572\" data-end=\"632\">\n<p data-start=\"574\" data-end=\"632\"><strong data-start=\"574\" data-end=\"591\">Einfach zu bedienen<\/strong>:  <span class=\"relative -mx-px my-[-0.2rem] rounded px-px py-[0.2rem] transition-colors duration-100 ease-in-out\">Er kann direkt serviert werden und ist damit die ideale Wahl f\u00fcr Fast Food oder als Vorspeise. <\/span><\/p>\n<\/li>\n<li data-start=\"633\" data-end=\"732\">\n<p data-start=\"635\" data-end=\"732\"><strong data-start=\"635\" data-end=\"652\">Wirtschaftliche Verpackung: f\u00fcr<\/strong><span class=\"relative -mx-px my-[-0.2rem] rounded px-px py-[0.2rem] transition-colors duration-100 ease-in-out\"> gr\u00f6\u00dfere Einsparungen ohne Kompromisse bei der Qualit\u00e4t.<\/span><\/p>\n<\/li>\n<\/ul>\n<p data-start=\"734\" data-end=\"812\"><span class=\"relative -mx-px my-[-0.2rem] rounded px-px py-[0.2rem] transition-colors duration-100 ease-in-out\">Dieses Produkt eignet sich perfekt zum Servieren von arabischem Brot, als Teil eines Mezze-Gerichts oder sogar als Zutat in Sandwiches und Salaten.  <\/span><\/p>\n","protected":false},"excerpt":{"rendered":"<p>Hummus Al Kasih 135g 3+1 Mutabal <span class=\"relative -mx-px my-[-0.2rem] rounded px-px py-[0.2rem] transition-colors duration-100 ease-in-out\">Genie\u00dfen Sie den authentischen Geschmack des Ostens mit \u201eHummus mit Tahini Kasih\u201c \u2013 Packung 135g \u00d7 3 + 1 Mutabal.<\/span> <span class=\"relative -mx-px my-[-0.2rem] rounded px-px py-[0.2rem] transition-colors duration-100 ease-in-out\">Die perfekte Mischung aus hochwertigen Kichererbsen und reinem Tahini, servierfertig als Snack oder Vorspeise <\/span><\/p>\n","protected":false},"featured_media":112847,"comment_status":"open","ping_status":"closed","template":"","meta":[],"product_brand":[],"product_cat":[285,267,245],"product_tag":[2193,2192,2194],"class_list":{"0":"post-112853","1":"product","2":"type-product","3":"status-publish","4":"has-post-thumbnail","6":"product_cat-aubergine-dip","7":"product_cat-hummus","8":"product_cat-konserven-lebensmittel","9":"product_tag-bereiter-rosenkranz","10":"product_tag-hummus-mit-tahini","11":"product_tag-orientalische-vorspeisen","13":"first","14":"outofstock","15":"taxable","16":"shipping-taxable","17":"purchasable","18":"product-type-simple"},"yoast_head":"<!-- This site is optimized with the Yoast SEO Premium plugin v26.5 (Yoast SEO v27.5) - https:\/\/yoast.com\/product\/yoast-seo-premium-wordpress\/ -->\n<title>Hummus Alkasih 135g 3+1 Mutabal - Yasmin Food<\/title>\n<meta name=\"description\" content=\"Genie\u00dfen Sie den Geschmack von original Kichererbsen mit Kichererbsen 135g St\u00fcck 3 + 1 gew\u00fcrzt. Nat\u00fcrliche und gesunde Inhaltsstoffe, nutzen Sie die Gelegenheit und kaufen Sie jetzt! Yasmin Food Hummus Alkasih 135g 3+1 Mutabal\" \/>\n<meta name=\"robots\" content=\"index, follow, max-snippet:-1, max-image-preview:large, max-video-preview:-1\" \/>\n<link rel=\"canonical\" href=\"https:\/\/yasminfood.ch\/de\/product\/hummus-alkasih-135g-31-mutabal\/\" \/>\n<meta property=\"og:locale\" content=\"de_DE\" \/>\n<meta property=\"og:type\" content=\"article\" \/>\n<meta property=\"og:title\" content=\"Hummus Alkasih 135g 3+1 Mutabal\" \/>\n<meta property=\"og:description\" content=\"Hummus Al Kasih 135g 3+1 Mutabal Genie\u00dfen Sie den authentischen Geschmack des Ostens mit \u201eHummus mit Tahini Kasih\u201c \u2013 Packung 135g \u00d7 3 + 1 Mutabal. Die perfekte Mischung aus hochwertigen Kichererbsen und reinem Tahini, servierfertig als Snack oder Vorspeise\" \/>\n<meta property=\"og:url\" content=\"https:\/\/yasminfood.ch\/de\/product\/hummus-alkasih-135g-31-mutabal\/\" \/>\n<meta property=\"og:site_name\" content=\"Yasmin Food\" \/>\n<meta property=\"article:publisher\" content=\"https:\/\/www.facebook.com\/yasminmarkt1\" \/>\n<meta property=\"article:modified_time\" content=\"2025-05-25T19:49:52+00:00\" \/>\n<meta property=\"og:image\" content=\"https:\/\/yasminfood.ch\/wp-content\/uploads\/2025\/05\/\u062d\u0645\u0635-\u0627\u0644\u0643\u0633\u064a\u062d-135\u063a-\u0639\u062f\u062f31\u0645\u062a\u0628\u0644.png\" \/>\n\t<meta property=\"og:image:width\" content=\"1080\" \/>\n\t<meta property=\"og:image:height\" content=\"1080\" \/>\n\t<meta property=\"og:image:type\" content=\"image\/png\" \/>\n<meta name=\"twitter:card\" content=\"summary_large_image\" \/>\n<meta name=\"twitter:label1\" content=\"Preis\" \/>\n\t<meta name=\"twitter:data1\" content=\"5.00&nbsp;&#067;&#072;&#070;\" \/>\n\t<meta name=\"twitter:label2\" content=\"Verf\u00fcgbarkeit\" \/>\n\t<meta name=\"twitter:data2\" content=\"ausverkauft\" \/>\n<script type=\"application\/ld+json\" class=\"yoast-schema-graph\">{\"@context\":\"https:\\\/\\\/schema.org\",\"@graph\":[{\"@type\":\"WebPage\",\"@id\":\"https:\\\/\\\/yasminfood.ch\\\/de\\\/product\\\/hummus-alkasih-135g-31-mutabal\\\/\",\"url\":\"https:\\\/\\\/yasminfood.ch\\\/de\\\/product\\\/hummus-alkasih-135g-31-mutabal\\\/\",\"name\":\"Hummus Alkasih 135g 3+1 Mutabal - Yasmin Food\",\"isPartOf\":{\"@id\":\"https:\\\/\\\/yasminfood.ch\\\/de\\\/#website\"},\"primaryImageOfPage\":{\"@id\":\"https:\\\/\\\/yasminfood.ch\\\/de\\\/product\\\/hummus-alkasih-135g-31-mutabal\\\/#primaryimage\"},\"image\":{\"@id\":\"https:\\\/\\\/yasminfood.ch\\\/de\\\/product\\\/hummus-alkasih-135g-31-mutabal\\\/#primaryimage\"},\"thumbnailUrl\":\"https:\\\/\\\/yasminfood.ch\\\/wp-content\\\/uploads\\\/2025\\\/05\\\/\u062d\u0645\u0635-\u0627\u0644\u0643\u0633\u064a\u062d-135\u063a-\u0639\u062f\u062f31\u0645\u062a\u0628\u0644.png\",\"datePublished\":\"2025-05-25T19:49:08+00:00\",\"dateModified\":\"2025-05-25T19:49:52+00:00\",\"description\":\"Genie\u00dfen Sie den Geschmack von original Kichererbsen mit Kichererbsen 135g St\u00fcck 3 + 1 gew\u00fcrzt. Nat\u00fcrliche und gesunde Inhaltsstoffe, nutzen Sie die Gelegenheit und kaufen Sie jetzt! Yasmin Food Hummus Alkasih 135g 3+1 Mutabal\",\"breadcrumb\":{\"@id\":\"https:\\\/\\\/yasminfood.ch\\\/de\\\/product\\\/hummus-alkasih-135g-31-mutabal\\\/#breadcrumb\"},\"inLanguage\":\"de\",\"potentialAction\":[{\"@type\":\"ReadAction\",\"target\":[\"https:\\\/\\\/yasminfood.ch\\\/de\\\/product\\\/hummus-alkasih-135g-31-mutabal\\\/\"]}]},{\"@type\":\"ImageObject\",\"inLanguage\":\"de\",\"@id\":\"https:\\\/\\\/yasminfood.ch\\\/de\\\/product\\\/hummus-alkasih-135g-31-mutabal\\\/#primaryimage\",\"url\":\"https:\\\/\\\/yasminfood.ch\\\/wp-content\\\/uploads\\\/2025\\\/05\\\/\u062d\u0645\u0635-\u0627\u0644\u0643\u0633\u064a\u062d-135\u063a-\u0639\u062f\u062f31\u0645\u062a\u0628\u0644.png\",\"contentUrl\":\"https:\\\/\\\/yasminfood.ch\\\/wp-content\\\/uploads\\\/2025\\\/05\\\/\u062d\u0645\u0635-\u0627\u0644\u0643\u0633\u064a\u062d-135\u063a-\u0639\u062f\u062f31\u0645\u062a\u0628\u0644.png\",\"width\":1080,\"height\":1080},{\"@type\":\"BreadcrumbList\",\"@id\":\"https:\\\/\\\/yasminfood.ch\\\/de\\\/product\\\/hummus-alkasih-135g-31-mutabal\\\/#breadcrumb\",\"itemListElement\":[{\"@type\":\"ListItem\",\"position\":1,\"name\":\"\u0627\u0644\u0631\u0626\u064a\u0633\u064a\u0629\",\"item\":\"https:\\\/\\\/yasminfood.ch\\\/de\\\/zuhause\\\/\"},{\"@type\":\"ListItem\",\"position\":2,\"name\":\"Shop\",\"item\":\"https:\\\/\\\/yasminfood.ch\\\/de\\\/shop\\\/\"},{\"@type\":\"ListItem\",\"position\":3,\"name\":\"Konserven - Lebensmittel\",\"item\":\"https:\\\/\\\/yasminfood.ch\\\/de\\\/produkt-kategorie\\\/konserven-lebensmittel\\\/\"},{\"@type\":\"ListItem\",\"position\":4,\"name\":\"Hummus Alkasih 135g 3+1 Mutabal\"}]},{\"@type\":\"WebSite\",\"@id\":\"https:\\\/\\\/yasminfood.ch\\\/de\\\/#website\",\"url\":\"https:\\\/\\\/yasminfood.ch\\\/de\\\/\",\"name\":\"\u064a\u0627\u0633\u0645\u064a\u0646 \u0645\u0627\u0631\u0643\u062a\",\"description\":\"Alles, was Sie brauchen, an einem Ort\",\"publisher\":{\"@id\":\"https:\\\/\\\/yasminfood.ch\\\/de\\\/#organization\"},\"alternateName\":\"Yasmin Food\",\"potentialAction\":[{\"@type\":\"SearchAction\",\"target\":{\"@type\":\"EntryPoint\",\"urlTemplate\":\"https:\\\/\\\/yasminfood.ch\\\/de\\\/?s={search_term_string}\"},\"query-input\":{\"@type\":\"PropertyValueSpecification\",\"valueRequired\":true,\"valueName\":\"search_term_string\"}}],\"inLanguage\":\"de\"},{\"@type\":\"Organization\",\"@id\":\"https:\\\/\\\/yasminfood.ch\\\/de\\\/#organization\",\"name\":\"\u064a\u0627\u0633\u0645\u064a\u0646 \u0645\u0627\u0631\u0643\u062a\",\"alternateName\":\"Yasmin Food\",\"url\":\"https:\\\/\\\/yasminfood.ch\\\/de\\\/\",\"logo\":{\"@type\":\"ImageObject\",\"inLanguage\":\"de\",\"@id\":\"https:\\\/\\\/yasminfood.ch\\\/de\\\/#\\\/schema\\\/logo\\\/image\\\/\",\"url\":\"https:\\\/\\\/yasminfood.ch\\\/wp-content\\\/uploads\\\/2025\\\/05\\\/yasmin-food-header-logo.png\",\"contentUrl\":\"https:\\\/\\\/yasminfood.ch\\\/wp-content\\\/uploads\\\/2025\\\/05\\\/yasmin-food-header-logo.png\",\"width\":330,\"height\":120,\"caption\":\"\u064a\u0627\u0633\u0645\u064a\u0646 \u0645\u0627\u0631\u0643\u062a\"},\"image\":{\"@id\":\"https:\\\/\\\/yasminfood.ch\\\/de\\\/#\\\/schema\\\/logo\\\/image\\\/\"},\"sameAs\":[\"https:\\\/\\\/www.facebook.com\\\/yasminmarkt1\",\"https:\\\/\\\/www.tiktok.com\\\/@yasminmarkt\",\"https:\\\/\\\/www.instagram.com\\\/yasmin.markt1\\\/\",\"https:\\\/\\\/api.whatsapp.com\\\/send\\\/?phone=41799000104\"],\"publishingPrinciples\":\"https:\\\/\\\/yasminfood.ch\\\/de\\\/shop\\\/\",\"ownershipFundingInfo\":\"https:\\\/\\\/yasminfood.ch\\\/de\\\/shop\\\/\"}]}<\/script>\n<meta property=\"product:price:amount\" content=\"5.00\" \/>\n<meta property=\"product:price:currency\" content=\"CHF\" \/>\n<meta property=\"og:availability\" content=\"out of stock\" \/>\n<meta property=\"product:availability\" content=\"out of stock\" \/>\n<meta property=\"product:condition\" content=\"new\" \/>\n<!-- \/ Yoast SEO Premium plugin. -->","yoast_head_json":{"title":"Hummus Alkasih 135g 3+1 Mutabal - Yasmin Food","description":"Genie\u00dfen Sie den Geschmack von original Kichererbsen mit Kichererbsen 135g St\u00fcck 3 + 1 gew\u00fcrzt. Nat\u00fcrliche und gesunde Inhaltsstoffe, nutzen Sie die Gelegenheit und kaufen Sie jetzt! Yasmin Food Hummus Alkasih 135g 3+1 Mutabal","robots":{"index":"index","follow":"follow","max-snippet":"max-snippet:-1","max-image-preview":"max-image-preview:large","max-video-preview":"max-video-preview:-1"},"canonical":"https:\/\/yasminfood.ch\/de\/product\/hummus-alkasih-135g-31-mutabal\/","og_locale":"de_DE","og_type":"article","og_title":"Hummus Alkasih 135g 3+1 Mutabal","og_description":"Hummus Al Kasih 135g 3+1 Mutabal Genie\u00dfen Sie den authentischen Geschmack des Ostens mit \u201eHummus mit Tahini Kasih\u201c \u2013 Packung 135g \u00d7 3 + 1 Mutabal. Die perfekte Mischung aus hochwertigen Kichererbsen und reinem Tahini, servierfertig als Snack oder Vorspeise","og_url":"https:\/\/yasminfood.ch\/de\/product\/hummus-alkasih-135g-31-mutabal\/","og_site_name":"Yasmin Food","article_publisher":"https:\/\/www.facebook.com\/yasminmarkt1","article_modified_time":"2025-05-25T19:49:52+00:00","og_image":[{"width":1080,"height":1080,"url":"https:\/\/yasminfood.ch\/wp-content\/uploads\/2025\/05\/\u062d\u0645\u0635-\u0627\u0644\u0643\u0633\u064a\u062d-135\u063a-\u0639\u062f\u062f31\u0645\u062a\u0628\u0644.png","type":"image\/png"}],"twitter_card":"summary_large_image","twitter_misc":{"Preis":"5.00&nbsp;&#67;&#72;&#70;","Verf\u00fcgbarkeit":"ausverkauft"},"schema":{"@context":"https:\/\/schema.org","@graph":[{"@type":"WebPage","@id":"https:\/\/yasminfood.ch\/de\/product\/hummus-alkasih-135g-31-mutabal\/","url":"https:\/\/yasminfood.ch\/de\/product\/hummus-alkasih-135g-31-mutabal\/","name":"Hummus Alkasih 135g 3+1 Mutabal - Yasmin Food","isPartOf":{"@id":"https:\/\/yasminfood.ch\/de\/#website"},"primaryImageOfPage":{"@id":"https:\/\/yasminfood.ch\/de\/product\/hummus-alkasih-135g-31-mutabal\/#primaryimage"},"image":{"@id":"https:\/\/yasminfood.ch\/de\/product\/hummus-alkasih-135g-31-mutabal\/#primaryimage"},"thumbnailUrl":"https:\/\/yasminfood.ch\/wp-content\/uploads\/2025\/05\/\u062d\u0645\u0635-\u0627\u0644\u0643\u0633\u064a\u062d-135\u063a-\u0639\u062f\u062f31\u0645\u062a\u0628\u0644.png","datePublished":"2025-05-25T19:49:08+00:00","dateModified":"2025-05-25T19:49:52+00:00","description":"Genie\u00dfen Sie den Geschmack von original Kichererbsen mit Kichererbsen 135g St\u00fcck 3 + 1 gew\u00fcrzt. Nat\u00fcrliche und gesunde Inhaltsstoffe, nutzen Sie die Gelegenheit und kaufen Sie jetzt! Yasmin Food Hummus Alkasih 135g 3+1 Mutabal","breadcrumb":{"@id":"https:\/\/yasminfood.ch\/de\/product\/hummus-alkasih-135g-31-mutabal\/#breadcrumb"},"inLanguage":"de","potentialAction":[{"@type":"ReadAction","target":["https:\/\/yasminfood.ch\/de\/product\/hummus-alkasih-135g-31-mutabal\/"]}]},{"@type":"ImageObject","inLanguage":"de","@id":"https:\/\/yasminfood.ch\/de\/product\/hummus-alkasih-135g-31-mutabal\/#primaryimage","url":"https:\/\/yasminfood.ch\/wp-content\/uploads\/2025\/05\/\u062d\u0645\u0635-\u0627\u0644\u0643\u0633\u064a\u062d-135\u063a-\u0639\u062f\u062f31\u0645\u062a\u0628\u0644.png","contentUrl":"https:\/\/yasminfood.ch\/wp-content\/uploads\/2025\/05\/\u062d\u0645\u0635-\u0627\u0644\u0643\u0633\u064a\u062d-135\u063a-\u0639\u062f\u062f31\u0645\u062a\u0628\u0644.png","width":1080,"height":1080},{"@type":"BreadcrumbList","@id":"https:\/\/yasminfood.ch\/de\/product\/hummus-alkasih-135g-31-mutabal\/#breadcrumb","itemListElement":[{"@type":"ListItem","position":1,"name":"\u0627\u0644\u0631\u0626\u064a\u0633\u064a\u0629","item":"https:\/\/yasminfood.ch\/de\/zuhause\/"},{"@type":"ListItem","position":2,"name":"Shop","item":"https:\/\/yasminfood.ch\/de\/shop\/"},{"@type":"ListItem","position":3,"name":"Konserven - Lebensmittel","item":"https:\/\/yasminfood.ch\/de\/produkt-kategorie\/konserven-lebensmittel\/"},{"@type":"ListItem","position":4,"name":"Hummus Alkasih 135g 3+1 Mutabal"}]},{"@type":"WebSite","@id":"https:\/\/yasminfood.ch\/de\/#website","url":"https:\/\/yasminfood.ch\/de\/","name":"\u064a\u0627\u0633\u0645\u064a\u0646 \u0645\u0627\u0631\u0643\u062a","description":"Alles, was Sie brauchen, an einem Ort","publisher":{"@id":"https:\/\/yasminfood.ch\/de\/#organization"},"alternateName":"Yasmin Food","potentialAction":[{"@type":"SearchAction","target":{"@type":"EntryPoint","urlTemplate":"https:\/\/yasminfood.ch\/de\/?s={search_term_string}"},"query-input":{"@type":"PropertyValueSpecification","valueRequired":true,"valueName":"search_term_string"}}],"inLanguage":"de"},{"@type":"Organization","@id":"https:\/\/yasminfood.ch\/de\/#organization","name":"\u064a\u0627\u0633\u0645\u064a\u0646 \u0645\u0627\u0631\u0643\u062a","alternateName":"Yasmin Food","url":"https:\/\/yasminfood.ch\/de\/","logo":{"@type":"ImageObject","inLanguage":"de","@id":"https:\/\/yasminfood.ch\/de\/#\/schema\/logo\/image\/","url":"https:\/\/yasminfood.ch\/wp-content\/uploads\/2025\/05\/yasmin-food-header-logo.png","contentUrl":"https:\/\/yasminfood.ch\/wp-content\/uploads\/2025\/05\/yasmin-food-header-logo.png","width":330,"height":120,"caption":"\u064a\u0627\u0633\u0645\u064a\u0646 \u0645\u0627\u0631\u0643\u062a"},"image":{"@id":"https:\/\/yasminfood.ch\/de\/#\/schema\/logo\/image\/"},"sameAs":["https:\/\/www.facebook.com\/yasminmarkt1","https:\/\/www.tiktok.com\/@yasminmarkt","https:\/\/www.instagram.com\/yasmin.markt1\/","https:\/\/api.whatsapp.com\/send\/?phone=41799000104"],"publishingPrinciples":"https:\/\/yasminfood.ch\/de\/shop\/","ownershipFundingInfo":"https:\/\/yasminfood.ch\/de\/shop\/"}]},"product_price_amount":"5.00","product_price_currency":"CHF","og_availability":"out of stock","product_availability":"out of stock","product_condition":"new"},"jetpack_sharing_enabled":true,"_links":{"self":[{"href":"https:\/\/yasminfood.ch\/de\/wp-json\/wp\/v2\/product\/112853","targetHints":{"allow":["GET"]}}],"collection":[{"href":"https:\/\/yasminfood.ch\/de\/wp-json\/wp\/v2\/product"}],"about":[{"href":"https:\/\/yasminfood.ch\/de\/wp-json\/wp\/v2\/types\/product"}],"replies":[{"embeddable":true,"href":"https:\/\/yasminfood.ch\/de\/wp-json\/wp\/v2\/comments?post=112853"}],"version-history":[{"count":0,"href":"https:\/\/yasminfood.ch\/de\/wp-json\/wp\/v2\/product\/112853\/revisions"}],"wp:featuredmedia":[{"embeddable":true,"href":"https:\/\/yasminfood.ch\/de\/wp-json\/wp\/v2\/media\/112847"}],"wp:attachment":[{"href":"https:\/\/yasminfood.ch\/de\/wp-json\/wp\/v2\/media?parent=112853"}],"wp:term":[{"taxonomy":"product_brand","embeddable":true,"href":"https:\/\/yasminfood.ch\/de\/wp-json\/wp\/v2\/product_brand?post=112853"},{"taxonomy":"product_cat","embeddable":true,"href":"https:\/\/yasminfood.ch\/de\/wp-json\/wp\/v2\/product_cat?post=112853"},{"taxonomy":"product_tag","embeddable":true,"href":"https:\/\/yasminfood.ch\/de\/wp-json\/wp\/v2\/product_tag?post=112853"}],"curies":[{"name":"wp","href":"https:\/\/api.w.org\/{rel}","templated":true}]}}