{"id":112882,"date":"2025-05-25T22:29:10","date_gmt":"2025-05-25T20:29:10","guid":{"rendered":"https:\/\/yasminfood.ch\/product\/paprika-melasse-arabesque-660-g\/"},"modified":"2025-05-25T22:29:43","modified_gmt":"2025-05-25T20:29:43","slug":"paprika-melasse-arabesque-660-g","status":"publish","type":"product","link":"https:\/\/yasminfood.ch\/de\/product\/paprika-melasse-arabesque-660-g\/","title":{"rendered":"Paprika-Melasse Arabesque 660 g"},"content":{"rendered":"<p>Paprika-Melasse Arabesque 660 g<\/p>\n<p data-start=\"336\" data-end=\"412\"><span class=\"relative -mx-px my-[-0.2rem] rounded px-px py-[0.2rem] transition-colors duration-100 ease-in-out\"><strong data-start=\"0\" data-end=\"44\" data-is-last-node=\"\" data-is-only-node=\"\">Arabesque Paprika Melasse \u2013 660 gr<\/strong><\/span><\/p>\n<p data-start=\"414\" data-end=\"532\"><span class=\"relative -mx-px my-[-0.2rem] rounded px-px py-[0.2rem] transition-colors duration-100 ease-in-out\">Arabesque Paprikamelasse ist eine perfekte Erg\u00e4nzung f\u00fcr Ihre K\u00fcche, zubereitet mit sorgf\u00e4ltig ausgew\u00e4hlter reifer roter Paprika, die Ihnen einen k\u00f6stlichen s\u00fc\u00dfen Geschmack und eine leuchtend rote Farbe verleiht, die Ihre Gerichte schm\u00fcckt.  <\/span> <span class=\"relative -mx-px my-[-0.2rem] rounded px-px py-[0.2rem] transition-colors duration-100 ease-in-out\">Es wird als Grundzutat in vielen traditionellen Rezepten wie Kibbeh Nia, Yalangi und Pfannkuchen verwendet und kann auch zu Saucen und Vorspeisen hinzugef\u00fcgt werden, um den Geschmack zu bereichern. <\/span><\/p>\n<p data-start=\"534\" data-end=\"547\"><strong data-start=\"534\" data-end=\"547\">Funktionen:<\/strong><\/p>\n<ul data-start=\"549\" data-end=\"944\">\n<li data-start=\"549\" data-end=\"648\">\n<p data-start=\"551\" data-end=\"648\"><strong data-start=\"551\" data-end=\"569\">Nat\u00fcrliche Inhaltsstoffe:<\/strong> <span class=\"relative -mx-px my-[-0.2rem] rounded px-px py-[0.2rem] transition-colors duration-100 ease-in-out\">Hergestellt aus reifem rotem Pfeffer ohne Konservierungsstoffe.<\/span><\/p>\n<\/li>\n<li data-start=\"650\" data-end=\"750\">\n<p data-start=\"652\" data-end=\"750\"><strong data-start=\"652\" data-end=\"671\">Reichhaltiger s\u00fc\u00dfer Geschmack:<\/strong> <span class=\"relative -mx-px my-[-0.2rem] rounded px-px py-[0.2rem] transition-colors duration-100 ease-in-out\">Verleiht Ihren Gerichten milde S\u00fc\u00dfe und Geschmack.<\/span><\/p>\n<\/li>\n<li data-start=\"752\" data-end=\"847\">\n<p data-start=\"754\" data-end=\"847\"><strong data-start=\"754\" data-end=\"768\">Nat\u00fcrliche Farbe:<\/strong> <span class=\"relative -mx-px my-[-0.2rem] rounded px-px py-[0.2rem] transition-colors duration-100 ease-in-out\">Verleiht Ihren Gerichten eine attraktive leuchtend rote Farbe.<\/span><\/p>\n<\/li>\n<li data-start=\"849\" data-end=\"944\">\n<p data-start=\"851\" data-end=\"944\"><strong data-start=\"851\" data-end=\"865\">Geeignete Gr\u00f6\u00dfe:<\/strong> <span class=\"relative -mx-px my-[-0.2rem] rounded px-px py-[0.2rem] transition-colors duration-100 ease-in-out\">660 g Dose reicht f\u00fcr den mehrfachen Gebrauch in der K\u00fcche.<\/span><\/p>\n<\/li>\n<\/ul>\n<p data-start=\"946\" data-end=\"959\"><strong data-start=\"946\" data-end=\"959\">Komponenten:<\/strong><\/p>\n<p data-start=\"961\" data-end=\"1039\"><span class=\"relative -mx-px my-[-0.2rem] rounded px-px py-[0.2rem] transition-colors duration-100 ease-in-out\">Roter Pfeffer, Salz. <\/span><\/p>\n","protected":false},"excerpt":{"rendered":"<p>Arabesque Sweet Capsicum Melasse 660g <span class=\"relative -mx-px my-[-0.2rem] rounded px-px py-[0.2rem] transition-colors duration-100 ease-in-out\">Verleihen Sie Ihren Gerichten mit <strong data-start=\"35\" data-end=\"68\">Arabesque Paprikamelasse<\/strong> einen authentischen orientalischen Touch.<\/span> <span class=\"relative -mx-px my-[-0.2rem] rounded px-px py-[0.2rem] transition-colors duration-100 ease-in-out\">Hergestellt aus feinster reifer roter Paprika, bietet es einen reichhaltigen Geschmack und eine tiefrote Farbe, die Ihren Rezepten ein unverwechselbares traditionelles Gef\u00fchl verleiht. <\/span><\/p>\n","protected":false},"featured_media":112880,"comment_status":"open","ping_status":"closed","template":"","meta":[],"product_brand":[],"product_cat":[245,274],"product_tag":[2200,2198,2199],"class_list":{"0":"post-112882","1":"product","2":"type-product","3":"status-publish","4":"has-post-thumbnail","6":"product_cat-konserven-lebensmittel","7":"product_cat-paprika-sauce","8":"product_tag-arabische-kuche","9":"product_tag-melasse-paprika","10":"product_tag-paprikapaste","12":"first","13":"outofstock","14":"taxable","15":"shipping-taxable","16":"purchasable","17":"product-type-simple"},"yoast_head":"<!-- This site is optimized with the Yoast SEO Premium plugin v26.5 (Yoast SEO v27.5) - https:\/\/yoast.com\/product\/yoast-seo-premium-wordpress\/ -->\n<title>Paprika-Melasse Arabesque 660 g - Yasmin Food<\/title>\n<meta name=\"description\" content=\"Verleihen Sie Ihrer K\u00fcche einen Hauch von nat\u00fcrlicher S\u00fc\u00dfe mit arabischer Paprikamelasse 660 g. Genie\u00dfen Sie noch heute einen reichhaltigen Geschmack und eine attraktive Farbe f\u00fcr Ihre Gerichte! Yasmin Food Paprika-Melasse Arabesque 660 g\" \/>\n<meta name=\"robots\" content=\"index, follow, max-snippet:-1, max-image-preview:large, max-video-preview:-1\" \/>\n<link rel=\"canonical\" href=\"https:\/\/yasminfood.ch\/de\/product\/paprika-melasse-arabesque-660-g\/\" \/>\n<meta property=\"og:locale\" content=\"de_DE\" \/>\n<meta property=\"og:type\" content=\"article\" \/>\n<meta property=\"og:title\" content=\"Paprika-Melasse Arabesque 660 g\" \/>\n<meta property=\"og:description\" content=\"Arabesque Sweet Capsicum Melasse 660g Verleihen Sie Ihren Gerichten mit Arabesque Paprikamelasse einen authentischen orientalischen Touch. Hergestellt aus feinster reifer roter Paprika, bietet es einen reichhaltigen Geschmack und eine tiefrote Farbe, die Ihren Rezepten ein unverwechselbares traditionelles Gef\u00fchl verleiht.\" \/>\n<meta property=\"og:url\" content=\"https:\/\/yasminfood.ch\/de\/product\/paprika-melasse-arabesque-660-g\/\" \/>\n<meta property=\"og:site_name\" content=\"Yasmin Food\" \/>\n<meta property=\"article:publisher\" content=\"https:\/\/www.facebook.com\/yasminmarkt1\" \/>\n<meta property=\"article:modified_time\" content=\"2025-05-25T20:29:43+00:00\" \/>\n<meta property=\"og:image\" content=\"https:\/\/yasminfood.ch\/wp-content\/uploads\/2025\/05\/\u062f\u0628\u0633-\u0641\u0644\u064a\u0641\u0644\u0629-\u062d\u0644\u0648-\u0627\u0631\u0627\u0628\u064a\u0633\u0643-660-\u063a.png\" \/>\n\t<meta property=\"og:image:width\" content=\"1080\" \/>\n\t<meta property=\"og:image:height\" content=\"1080\" \/>\n\t<meta property=\"og:image:type\" content=\"image\/png\" \/>\n<meta name=\"twitter:card\" content=\"summary_large_image\" \/>\n<meta name=\"twitter:label1\" content=\"Preis\" \/>\n\t<meta name=\"twitter:data1\" content=\"5.95&nbsp;&#067;&#072;&#070;\" \/>\n\t<meta name=\"twitter:label2\" content=\"Verf\u00fcgbarkeit\" \/>\n\t<meta name=\"twitter:data2\" content=\"ausverkauft\" \/>\n<script type=\"application\/ld+json\" class=\"yoast-schema-graph\">{\"@context\":\"https:\\\/\\\/schema.org\",\"@graph\":[{\"@type\":\"WebPage\",\"@id\":\"https:\\\/\\\/yasminfood.ch\\\/de\\\/product\\\/paprika-melasse-arabesque-660-g\\\/\",\"url\":\"https:\\\/\\\/yasminfood.ch\\\/de\\\/product\\\/paprika-melasse-arabesque-660-g\\\/\",\"name\":\"Paprika-Melasse Arabesque 660 g - Yasmin Food\",\"isPartOf\":{\"@id\":\"https:\\\/\\\/yasminfood.ch\\\/de\\\/#website\"},\"primaryImageOfPage\":{\"@id\":\"https:\\\/\\\/yasminfood.ch\\\/de\\\/product\\\/paprika-melasse-arabesque-660-g\\\/#primaryimage\"},\"image\":{\"@id\":\"https:\\\/\\\/yasminfood.ch\\\/de\\\/product\\\/paprika-melasse-arabesque-660-g\\\/#primaryimage\"},\"thumbnailUrl\":\"https:\\\/\\\/yasminfood.ch\\\/wp-content\\\/uploads\\\/2025\\\/05\\\/\u062f\u0628\u0633-\u0641\u0644\u064a\u0641\u0644\u0629-\u062d\u0644\u0648-\u0627\u0631\u0627\u0628\u064a\u0633\u0643-660-\u063a.png\",\"datePublished\":\"2025-05-25T20:29:10+00:00\",\"dateModified\":\"2025-05-25T20:29:43+00:00\",\"description\":\"Verleihen Sie Ihrer K\u00fcche einen Hauch von nat\u00fcrlicher S\u00fc\u00dfe mit arabischer Paprikamelasse 660 g. Genie\u00dfen Sie noch heute einen reichhaltigen Geschmack und eine attraktive Farbe f\u00fcr Ihre Gerichte! Yasmin Food Paprika-Melasse Arabesque 660 g\",\"breadcrumb\":{\"@id\":\"https:\\\/\\\/yasminfood.ch\\\/de\\\/product\\\/paprika-melasse-arabesque-660-g\\\/#breadcrumb\"},\"inLanguage\":\"de\",\"potentialAction\":[{\"@type\":\"ReadAction\",\"target\":[\"https:\\\/\\\/yasminfood.ch\\\/de\\\/product\\\/paprika-melasse-arabesque-660-g\\\/\"]}]},{\"@type\":\"ImageObject\",\"inLanguage\":\"de\",\"@id\":\"https:\\\/\\\/yasminfood.ch\\\/de\\\/product\\\/paprika-melasse-arabesque-660-g\\\/#primaryimage\",\"url\":\"https:\\\/\\\/yasminfood.ch\\\/wp-content\\\/uploads\\\/2025\\\/05\\\/\u062f\u0628\u0633-\u0641\u0644\u064a\u0641\u0644\u0629-\u062d\u0644\u0648-\u0627\u0631\u0627\u0628\u064a\u0633\u0643-660-\u063a.png\",\"contentUrl\":\"https:\\\/\\\/yasminfood.ch\\\/wp-content\\\/uploads\\\/2025\\\/05\\\/\u062f\u0628\u0633-\u0641\u0644\u064a\u0641\u0644\u0629-\u062d\u0644\u0648-\u0627\u0631\u0627\u0628\u064a\u0633\u0643-660-\u063a.png\",\"width\":1080,\"height\":1080},{\"@type\":\"BreadcrumbList\",\"@id\":\"https:\\\/\\\/yasminfood.ch\\\/de\\\/product\\\/paprika-melasse-arabesque-660-g\\\/#breadcrumb\",\"itemListElement\":[{\"@type\":\"ListItem\",\"position\":1,\"name\":\"\u0627\u0644\u0631\u0626\u064a\u0633\u064a\u0629\",\"item\":\"https:\\\/\\\/yasminfood.ch\\\/de\\\/zuhause\\\/\"},{\"@type\":\"ListItem\",\"position\":2,\"name\":\"Shop\",\"item\":\"https:\\\/\\\/yasminfood.ch\\\/de\\\/shop\\\/\"},{\"@type\":\"ListItem\",\"position\":3,\"name\":\"Konserven - Lebensmittel\",\"item\":\"https:\\\/\\\/yasminfood.ch\\\/de\\\/produkt-kategorie\\\/konserven-lebensmittel\\\/\"},{\"@type\":\"ListItem\",\"position\":4,\"name\":\"Paprika Sauce\",\"item\":\"https:\\\/\\\/yasminfood.ch\\\/de\\\/produkt-kategorie\\\/konserven-lebensmittel\\\/paprika-sauce\\\/\"},{\"@type\":\"ListItem\",\"position\":5,\"name\":\"Paprika-Melasse Arabesque 660 g\"}]},{\"@type\":\"WebSite\",\"@id\":\"https:\\\/\\\/yasminfood.ch\\\/de\\\/#website\",\"url\":\"https:\\\/\\\/yasminfood.ch\\\/de\\\/\",\"name\":\"\u064a\u0627\u0633\u0645\u064a\u0646 \u0645\u0627\u0631\u0643\u062a\",\"description\":\"Alles, was Sie brauchen, an einem Ort\",\"publisher\":{\"@id\":\"https:\\\/\\\/yasminfood.ch\\\/de\\\/#organization\"},\"alternateName\":\"Yasmin Food\",\"potentialAction\":[{\"@type\":\"SearchAction\",\"target\":{\"@type\":\"EntryPoint\",\"urlTemplate\":\"https:\\\/\\\/yasminfood.ch\\\/de\\\/?s={search_term_string}\"},\"query-input\":{\"@type\":\"PropertyValueSpecification\",\"valueRequired\":true,\"valueName\":\"search_term_string\"}}],\"inLanguage\":\"de\"},{\"@type\":\"Organization\",\"@id\":\"https:\\\/\\\/yasminfood.ch\\\/de\\\/#organization\",\"name\":\"\u064a\u0627\u0633\u0645\u064a\u0646 \u0645\u0627\u0631\u0643\u062a\",\"alternateName\":\"Yasmin Food\",\"url\":\"https:\\\/\\\/yasminfood.ch\\\/de\\\/\",\"logo\":{\"@type\":\"ImageObject\",\"inLanguage\":\"de\",\"@id\":\"https:\\\/\\\/yasminfood.ch\\\/de\\\/#\\\/schema\\\/logo\\\/image\\\/\",\"url\":\"https:\\\/\\\/yasminfood.ch\\\/wp-content\\\/uploads\\\/2025\\\/05\\\/yasmin-food-header-logo.png\",\"contentUrl\":\"https:\\\/\\\/yasminfood.ch\\\/wp-content\\\/uploads\\\/2025\\\/05\\\/yasmin-food-header-logo.png\",\"width\":330,\"height\":120,\"caption\":\"\u064a\u0627\u0633\u0645\u064a\u0646 \u0645\u0627\u0631\u0643\u062a\"},\"image\":{\"@id\":\"https:\\\/\\\/yasminfood.ch\\\/de\\\/#\\\/schema\\\/logo\\\/image\\\/\"},\"sameAs\":[\"https:\\\/\\\/www.facebook.com\\\/yasminmarkt1\",\"https:\\\/\\\/www.tiktok.com\\\/@yasminmarkt\",\"https:\\\/\\\/www.instagram.com\\\/yasmin.markt1\\\/\",\"https:\\\/\\\/api.whatsapp.com\\\/send\\\/?phone=41799000104\"],\"publishingPrinciples\":\"https:\\\/\\\/yasminfood.ch\\\/de\\\/shop\\\/\",\"ownershipFundingInfo\":\"https:\\\/\\\/yasminfood.ch\\\/de\\\/shop\\\/\"}]}<\/script>\n<meta property=\"product:price:amount\" content=\"5.95\" \/>\n<meta property=\"product:price:currency\" content=\"CHF\" \/>\n<meta property=\"og:availability\" content=\"out of stock\" \/>\n<meta property=\"product:availability\" content=\"out of stock\" \/>\n<meta property=\"product:condition\" content=\"new\" \/>\n<!-- \/ Yoast SEO Premium plugin. -->","yoast_head_json":{"title":"Paprika-Melasse Arabesque 660 g - Yasmin Food","description":"Verleihen Sie Ihrer K\u00fcche einen Hauch von nat\u00fcrlicher S\u00fc\u00dfe mit arabischer Paprikamelasse 660 g. Genie\u00dfen Sie noch heute einen reichhaltigen Geschmack und eine attraktive Farbe f\u00fcr Ihre Gerichte! Yasmin Food Paprika-Melasse Arabesque 660 g","robots":{"index":"index","follow":"follow","max-snippet":"max-snippet:-1","max-image-preview":"max-image-preview:large","max-video-preview":"max-video-preview:-1"},"canonical":"https:\/\/yasminfood.ch\/de\/product\/paprika-melasse-arabesque-660-g\/","og_locale":"de_DE","og_type":"article","og_title":"Paprika-Melasse Arabesque 660 g","og_description":"Arabesque Sweet Capsicum Melasse 660g Verleihen Sie Ihren Gerichten mit Arabesque Paprikamelasse einen authentischen orientalischen Touch. Hergestellt aus feinster reifer roter Paprika, bietet es einen reichhaltigen Geschmack und eine tiefrote Farbe, die Ihren Rezepten ein unverwechselbares traditionelles Gef\u00fchl verleiht.","og_url":"https:\/\/yasminfood.ch\/de\/product\/paprika-melasse-arabesque-660-g\/","og_site_name":"Yasmin Food","article_publisher":"https:\/\/www.facebook.com\/yasminmarkt1","article_modified_time":"2025-05-25T20:29:43+00:00","og_image":[{"width":1080,"height":1080,"url":"https:\/\/yasminfood.ch\/wp-content\/uploads\/2025\/05\/\u062f\u0628\u0633-\u0641\u0644\u064a\u0641\u0644\u0629-\u062d\u0644\u0648-\u0627\u0631\u0627\u0628\u064a\u0633\u0643-660-\u063a.png","type":"image\/png"}],"twitter_card":"summary_large_image","twitter_misc":{"Preis":"5.95&nbsp;&#67;&#72;&#70;","Verf\u00fcgbarkeit":"ausverkauft"},"schema":{"@context":"https:\/\/schema.org","@graph":[{"@type":"WebPage","@id":"https:\/\/yasminfood.ch\/de\/product\/paprika-melasse-arabesque-660-g\/","url":"https:\/\/yasminfood.ch\/de\/product\/paprika-melasse-arabesque-660-g\/","name":"Paprika-Melasse Arabesque 660 g - Yasmin Food","isPartOf":{"@id":"https:\/\/yasminfood.ch\/de\/#website"},"primaryImageOfPage":{"@id":"https:\/\/yasminfood.ch\/de\/product\/paprika-melasse-arabesque-660-g\/#primaryimage"},"image":{"@id":"https:\/\/yasminfood.ch\/de\/product\/paprika-melasse-arabesque-660-g\/#primaryimage"},"thumbnailUrl":"https:\/\/yasminfood.ch\/wp-content\/uploads\/2025\/05\/\u062f\u0628\u0633-\u0641\u0644\u064a\u0641\u0644\u0629-\u062d\u0644\u0648-\u0627\u0631\u0627\u0628\u064a\u0633\u0643-660-\u063a.png","datePublished":"2025-05-25T20:29:10+00:00","dateModified":"2025-05-25T20:29:43+00:00","description":"Verleihen Sie Ihrer K\u00fcche einen Hauch von nat\u00fcrlicher S\u00fc\u00dfe mit arabischer Paprikamelasse 660 g. Genie\u00dfen Sie noch heute einen reichhaltigen Geschmack und eine attraktive Farbe f\u00fcr Ihre Gerichte! Yasmin Food Paprika-Melasse Arabesque 660 g","breadcrumb":{"@id":"https:\/\/yasminfood.ch\/de\/product\/paprika-melasse-arabesque-660-g\/#breadcrumb"},"inLanguage":"de","potentialAction":[{"@type":"ReadAction","target":["https:\/\/yasminfood.ch\/de\/product\/paprika-melasse-arabesque-660-g\/"]}]},{"@type":"ImageObject","inLanguage":"de","@id":"https:\/\/yasminfood.ch\/de\/product\/paprika-melasse-arabesque-660-g\/#primaryimage","url":"https:\/\/yasminfood.ch\/wp-content\/uploads\/2025\/05\/\u062f\u0628\u0633-\u0641\u0644\u064a\u0641\u0644\u0629-\u062d\u0644\u0648-\u0627\u0631\u0627\u0628\u064a\u0633\u0643-660-\u063a.png","contentUrl":"https:\/\/yasminfood.ch\/wp-content\/uploads\/2025\/05\/\u062f\u0628\u0633-\u0641\u0644\u064a\u0641\u0644\u0629-\u062d\u0644\u0648-\u0627\u0631\u0627\u0628\u064a\u0633\u0643-660-\u063a.png","width":1080,"height":1080},{"@type":"BreadcrumbList","@id":"https:\/\/yasminfood.ch\/de\/product\/paprika-melasse-arabesque-660-g\/#breadcrumb","itemListElement":[{"@type":"ListItem","position":1,"name":"\u0627\u0644\u0631\u0626\u064a\u0633\u064a\u0629","item":"https:\/\/yasminfood.ch\/de\/zuhause\/"},{"@type":"ListItem","position":2,"name":"Shop","item":"https:\/\/yasminfood.ch\/de\/shop\/"},{"@type":"ListItem","position":3,"name":"Konserven - Lebensmittel","item":"https:\/\/yasminfood.ch\/de\/produkt-kategorie\/konserven-lebensmittel\/"},{"@type":"ListItem","position":4,"name":"Paprika Sauce","item":"https:\/\/yasminfood.ch\/de\/produkt-kategorie\/konserven-lebensmittel\/paprika-sauce\/"},{"@type":"ListItem","position":5,"name":"Paprika-Melasse Arabesque 660 g"}]},{"@type":"WebSite","@id":"https:\/\/yasminfood.ch\/de\/#website","url":"https:\/\/yasminfood.ch\/de\/","name":"\u064a\u0627\u0633\u0645\u064a\u0646 \u0645\u0627\u0631\u0643\u062a","description":"Alles, was Sie brauchen, an einem Ort","publisher":{"@id":"https:\/\/yasminfood.ch\/de\/#organization"},"alternateName":"Yasmin Food","potentialAction":[{"@type":"SearchAction","target":{"@type":"EntryPoint","urlTemplate":"https:\/\/yasminfood.ch\/de\/?s={search_term_string}"},"query-input":{"@type":"PropertyValueSpecification","valueRequired":true,"valueName":"search_term_string"}}],"inLanguage":"de"},{"@type":"Organization","@id":"https:\/\/yasminfood.ch\/de\/#organization","name":"\u064a\u0627\u0633\u0645\u064a\u0646 \u0645\u0627\u0631\u0643\u062a","alternateName":"Yasmin Food","url":"https:\/\/yasminfood.ch\/de\/","logo":{"@type":"ImageObject","inLanguage":"de","@id":"https:\/\/yasminfood.ch\/de\/#\/schema\/logo\/image\/","url":"https:\/\/yasminfood.ch\/wp-content\/uploads\/2025\/05\/yasmin-food-header-logo.png","contentUrl":"https:\/\/yasminfood.ch\/wp-content\/uploads\/2025\/05\/yasmin-food-header-logo.png","width":330,"height":120,"caption":"\u064a\u0627\u0633\u0645\u064a\u0646 \u0645\u0627\u0631\u0643\u062a"},"image":{"@id":"https:\/\/yasminfood.ch\/de\/#\/schema\/logo\/image\/"},"sameAs":["https:\/\/www.facebook.com\/yasminmarkt1","https:\/\/www.tiktok.com\/@yasminmarkt","https:\/\/www.instagram.com\/yasmin.markt1\/","https:\/\/api.whatsapp.com\/send\/?phone=41799000104"],"publishingPrinciples":"https:\/\/yasminfood.ch\/de\/shop\/","ownershipFundingInfo":"https:\/\/yasminfood.ch\/de\/shop\/"}]},"product_price_amount":"5.95","product_price_currency":"CHF","og_availability":"out of stock","product_availability":"out of stock","product_condition":"new"},"jetpack_sharing_enabled":true,"_links":{"self":[{"href":"https:\/\/yasminfood.ch\/de\/wp-json\/wp\/v2\/product\/112882","targetHints":{"allow":["GET"]}}],"collection":[{"href":"https:\/\/yasminfood.ch\/de\/wp-json\/wp\/v2\/product"}],"about":[{"href":"https:\/\/yasminfood.ch\/de\/wp-json\/wp\/v2\/types\/product"}],"replies":[{"embeddable":true,"href":"https:\/\/yasminfood.ch\/de\/wp-json\/wp\/v2\/comments?post=112882"}],"version-history":[{"count":0,"href":"https:\/\/yasminfood.ch\/de\/wp-json\/wp\/v2\/product\/112882\/revisions"}],"wp:featuredmedia":[{"embeddable":true,"href":"https:\/\/yasminfood.ch\/de\/wp-json\/wp\/v2\/media\/112880"}],"wp:attachment":[{"href":"https:\/\/yasminfood.ch\/de\/wp-json\/wp\/v2\/media?parent=112882"}],"wp:term":[{"taxonomy":"product_brand","embeddable":true,"href":"https:\/\/yasminfood.ch\/de\/wp-json\/wp\/v2\/product_brand?post=112882"},{"taxonomy":"product_cat","embeddable":true,"href":"https:\/\/yasminfood.ch\/de\/wp-json\/wp\/v2\/product_cat?post=112882"},{"taxonomy":"product_tag","embeddable":true,"href":"https:\/\/yasminfood.ch\/de\/wp-json\/wp\/v2\/product_tag?post=112882"}],"curies":[{"name":"wp","href":"https:\/\/api.w.org\/{rel}","templated":true}]}}