{"id":112927,"date":"2025-05-25T23:20:30","date_gmt":"2025-05-25T21:20:30","guid":{"rendered":"https:\/\/yasminfood.ch\/product\/hummus-gekochte-samen-chtoura-400g\/"},"modified":"2025-05-25T23:21:57","modified_gmt":"2025-05-25T21:21:57","slug":"hummus-gekochte-samen-chtoura-400g","status":"publish","type":"product","link":"https:\/\/yasminfood.ch\/de\/product\/hummus-gekochte-samen-chtoura-400g\/","title":{"rendered":"Hummus Gekochte Samen Chtoura 400g"},"content":{"rendered":"<p data-start=\"430\" data-end=\"482\"><strong data-start=\"430\" data-end=\"482\">Gekochte Kichererbsen Chtoura 400g \u2013 libanesische Qualit\u00e4t mit authentischem Geschmack<\/strong><\/p>\n<p data-start=\"484\" data-end=\"615\">Die gekochten Kichererbsen von Chtoura zeichnen sich durch ihre runden K\u00f6rner, ihre sch\u00f6ne goldene Farbe und ihren k\u00f6stlichen Geschmack aus, was sie zu einer unverzichtbaren Zutat in vielen orientalischen Rezepten macht.  <\/p>\n<p data-start=\"617\" data-end=\"731\">Ob Sie teilnehmen  <strong data-start=\"633\" data-end=\"680\">Rosenkranz, Fattah oder zu Bohnen und Salaten hinzuf\u00fcgen <\/strong>, verleiht es den Gerichten einen einzigartigen Geschmack und einen hohen N\u00e4hrwert.<\/p>\n<p data-start=\"733\" data-end=\"853\">Es wurde von <strong data-start=\"765\" data-end=\"780\">der Chtoura Gardens<\/strong> Company sorgf\u00e4ltig unter Verwendung der neuesten Lagermethoden verpackt, um sicherzustellen, dass es den frischen Geschmack und die ern\u00e4hrungsphysiologischen Vorteile beh\u00e4lt.<\/p>\n","protected":false},"excerpt":{"rendered":"<p>Hummus Gekochte Samen Chtoura 400g<\/p>\n<ul>\n<li>rundk\u00f6rnig, goldene Farbe und k\u00f6stlicher Geschmack,<\/li>\n<li>Er macht Rosenkranz und Fattah und kann zu Bohnen und einigen Salaten hinzugef\u00fcgt werden, um einen k\u00f6stlichen Geschmack zu erhalten<\/li>\n<\/ul>\n","protected":false},"featured_media":112924,"comment_status":"open","ping_status":"closed","template":"","meta":[],"product_brand":[2326],"product_cat":[269,245],"product_tag":[],"class_list":{"0":"post-112927","1":"product","2":"type-product","3":"status-publish","4":"has-post-thumbnail","6":"product_brand-chtoura-garden-de","7":"product_cat-gekochte-kichererbsen","8":"product_cat-konserven-lebensmittel","10":"first","11":"instock","12":"taxable","13":"shipping-taxable","14":"purchasable","15":"product-type-simple"},"yoast_head":"<!-- This site is optimized with the Yoast SEO Premium plugin v26.5 (Yoast SEO v27.5) - https:\/\/yoast.com\/product\/yoast-seo-premium-wordpress\/ -->\n<title>Hummus Gekochte Samen Chtoura 400g - Yasmin Food<\/title>\n<meta name=\"description\" content=\"Genie\u00dfen Sie den Geschmack der gekochten Kichererbsen Chtoura 400g mit ihren goldenen K\u00f6rnern und gesundheitlichen Vorteilen. W\u00e4hlen Sie es als die perfekte Wahl f\u00fcr gesunde Mahlzeiten! Yasmin Food Hummus Gekochte Samen Chtoura 400g\" \/>\n<meta name=\"robots\" content=\"index, follow, max-snippet:-1, max-image-preview:large, max-video-preview:-1\" \/>\n<link rel=\"canonical\" href=\"https:\/\/yasminfood.ch\/de\/product\/hummus-gekochte-samen-chtoura-400g\/\" \/>\n<meta property=\"og:locale\" content=\"de_DE\" \/>\n<meta property=\"og:type\" content=\"article\" \/>\n<meta property=\"og:title\" content=\"Hummus Gekochte Samen Chtoura 400g\" \/>\n<meta property=\"og:description\" content=\"Hummus Gekochte Samen Chtoura 400g  rundk\u00f6rnig, goldene Farbe und k\u00f6stlicher Geschmack,  Er macht Rosenkranz und Fattah und kann zu Bohnen und einigen Salaten hinzugef\u00fcgt werden, um einen k\u00f6stlichen Geschmack zu erhalten\" \/>\n<meta property=\"og:url\" content=\"https:\/\/yasminfood.ch\/de\/product\/hummus-gekochte-samen-chtoura-400g\/\" \/>\n<meta property=\"og:site_name\" content=\"Yasmin Food\" \/>\n<meta property=\"article:publisher\" content=\"https:\/\/www.facebook.com\/yasminmarkt1\" \/>\n<meta property=\"article:modified_time\" content=\"2025-05-25T21:21:57+00:00\" \/>\n<meta property=\"og:image\" content=\"https:\/\/yasminfood.ch\/wp-content\/uploads\/2025\/05\/\u062d\u0645\u0635-\u0645\u0633\u0644\u0648\u0642-\u0634\u062a\u0648\u0631\u0629-400\u063a.png\" \/>\n\t<meta property=\"og:image:width\" content=\"1080\" \/>\n\t<meta property=\"og:image:height\" content=\"1080\" \/>\n\t<meta property=\"og:image:type\" content=\"image\/png\" \/>\n<meta name=\"twitter:card\" content=\"summary_large_image\" \/>\n<meta name=\"twitter:label1\" content=\"Preis\" \/>\n\t<meta name=\"twitter:data1\" content=\"2.50&nbsp;&#067;&#072;&#070;\" \/>\n\t<meta name=\"twitter:label2\" content=\"Verf\u00fcgbarkeit\" \/>\n\t<meta name=\"twitter:data2\" content=\"Auf Lager\" \/>\n<script type=\"application\/ld+json\" class=\"yoast-schema-graph\">{\"@context\":\"https:\\\/\\\/schema.org\",\"@graph\":[{\"@type\":\"WebPage\",\"@id\":\"https:\\\/\\\/yasminfood.ch\\\/de\\\/product\\\/hummus-gekochte-samen-chtoura-400g\\\/\",\"url\":\"https:\\\/\\\/yasminfood.ch\\\/de\\\/product\\\/hummus-gekochte-samen-chtoura-400g\\\/\",\"name\":\"Hummus Gekochte Samen Chtoura 400g - Yasmin Food\",\"isPartOf\":{\"@id\":\"https:\\\/\\\/yasminfood.ch\\\/de\\\/#website\"},\"primaryImageOfPage\":{\"@id\":\"https:\\\/\\\/yasminfood.ch\\\/de\\\/product\\\/hummus-gekochte-samen-chtoura-400g\\\/#primaryimage\"},\"image\":{\"@id\":\"https:\\\/\\\/yasminfood.ch\\\/de\\\/product\\\/hummus-gekochte-samen-chtoura-400g\\\/#primaryimage\"},\"thumbnailUrl\":\"https:\\\/\\\/yasminfood.ch\\\/wp-content\\\/uploads\\\/2025\\\/05\\\/\u062d\u0645\u0635-\u0645\u0633\u0644\u0648\u0642-\u0634\u062a\u0648\u0631\u0629-400\u063a.png\",\"datePublished\":\"2025-05-25T21:20:30+00:00\",\"dateModified\":\"2025-05-25T21:21:57+00:00\",\"description\":\"Genie\u00dfen Sie den Geschmack der gekochten Kichererbsen Chtoura 400g mit ihren goldenen K\u00f6rnern und gesundheitlichen Vorteilen. W\u00e4hlen Sie es als die perfekte Wahl f\u00fcr gesunde Mahlzeiten! Yasmin Food Hummus Gekochte Samen Chtoura 400g\",\"breadcrumb\":{\"@id\":\"https:\\\/\\\/yasminfood.ch\\\/de\\\/product\\\/hummus-gekochte-samen-chtoura-400g\\\/#breadcrumb\"},\"inLanguage\":\"de\",\"potentialAction\":[{\"@type\":\"ReadAction\",\"target\":[\"https:\\\/\\\/yasminfood.ch\\\/de\\\/product\\\/hummus-gekochte-samen-chtoura-400g\\\/\"]}]},{\"@type\":\"ImageObject\",\"inLanguage\":\"de\",\"@id\":\"https:\\\/\\\/yasminfood.ch\\\/de\\\/product\\\/hummus-gekochte-samen-chtoura-400g\\\/#primaryimage\",\"url\":\"https:\\\/\\\/yasminfood.ch\\\/wp-content\\\/uploads\\\/2025\\\/05\\\/\u062d\u0645\u0635-\u0645\u0633\u0644\u0648\u0642-\u0634\u062a\u0648\u0631\u0629-400\u063a.png\",\"contentUrl\":\"https:\\\/\\\/yasminfood.ch\\\/wp-content\\\/uploads\\\/2025\\\/05\\\/\u062d\u0645\u0635-\u0645\u0633\u0644\u0648\u0642-\u0634\u062a\u0648\u0631\u0629-400\u063a.png\",\"width\":1080,\"height\":1080},{\"@type\":\"BreadcrumbList\",\"@id\":\"https:\\\/\\\/yasminfood.ch\\\/de\\\/product\\\/hummus-gekochte-samen-chtoura-400g\\\/#breadcrumb\",\"itemListElement\":[{\"@type\":\"ListItem\",\"position\":1,\"name\":\"\u0627\u0644\u0631\u0626\u064a\u0633\u064a\u0629\",\"item\":\"https:\\\/\\\/yasminfood.ch\\\/de\\\/zuhause\\\/\"},{\"@type\":\"ListItem\",\"position\":2,\"name\":\"Shop\",\"item\":\"https:\\\/\\\/yasminfood.ch\\\/de\\\/shop\\\/\"},{\"@type\":\"ListItem\",\"position\":3,\"name\":\"Konserven - Lebensmittel\",\"item\":\"https:\\\/\\\/yasminfood.ch\\\/de\\\/produkt-kategorie\\\/konserven-lebensmittel\\\/\"},{\"@type\":\"ListItem\",\"position\":4,\"name\":\"Hummus Gekochte Samen Chtoura 400g\"}]},{\"@type\":\"WebSite\",\"@id\":\"https:\\\/\\\/yasminfood.ch\\\/de\\\/#website\",\"url\":\"https:\\\/\\\/yasminfood.ch\\\/de\\\/\",\"name\":\"\u064a\u0627\u0633\u0645\u064a\u0646 \u0645\u0627\u0631\u0643\u062a\",\"description\":\"Alles, was Sie brauchen, an einem Ort\",\"publisher\":{\"@id\":\"https:\\\/\\\/yasminfood.ch\\\/de\\\/#organization\"},\"alternateName\":\"Yasmin Food\",\"potentialAction\":[{\"@type\":\"SearchAction\",\"target\":{\"@type\":\"EntryPoint\",\"urlTemplate\":\"https:\\\/\\\/yasminfood.ch\\\/de\\\/?s={search_term_string}\"},\"query-input\":{\"@type\":\"PropertyValueSpecification\",\"valueRequired\":true,\"valueName\":\"search_term_string\"}}],\"inLanguage\":\"de\"},{\"@type\":\"Organization\",\"@id\":\"https:\\\/\\\/yasminfood.ch\\\/de\\\/#organization\",\"name\":\"\u064a\u0627\u0633\u0645\u064a\u0646 \u0645\u0627\u0631\u0643\u062a\",\"alternateName\":\"Yasmin Food\",\"url\":\"https:\\\/\\\/yasminfood.ch\\\/de\\\/\",\"logo\":{\"@type\":\"ImageObject\",\"inLanguage\":\"de\",\"@id\":\"https:\\\/\\\/yasminfood.ch\\\/de\\\/#\\\/schema\\\/logo\\\/image\\\/\",\"url\":\"https:\\\/\\\/yasminfood.ch\\\/wp-content\\\/uploads\\\/2025\\\/05\\\/yasmin-food-header-logo.png\",\"contentUrl\":\"https:\\\/\\\/yasminfood.ch\\\/wp-content\\\/uploads\\\/2025\\\/05\\\/yasmin-food-header-logo.png\",\"width\":330,\"height\":120,\"caption\":\"\u064a\u0627\u0633\u0645\u064a\u0646 \u0645\u0627\u0631\u0643\u062a\"},\"image\":{\"@id\":\"https:\\\/\\\/yasminfood.ch\\\/de\\\/#\\\/schema\\\/logo\\\/image\\\/\"},\"sameAs\":[\"https:\\\/\\\/www.facebook.com\\\/yasminmarkt1\",\"https:\\\/\\\/www.tiktok.com\\\/@yasminmarkt\",\"https:\\\/\\\/www.instagram.com\\\/yasmin.markt1\\\/\",\"https:\\\/\\\/api.whatsapp.com\\\/send\\\/?phone=41799000104\"],\"publishingPrinciples\":\"https:\\\/\\\/yasminfood.ch\\\/de\\\/shop\\\/\",\"ownershipFundingInfo\":\"https:\\\/\\\/yasminfood.ch\\\/de\\\/shop\\\/\"}]}<\/script>\n<meta property=\"product:price:amount\" content=\"2.50\" \/>\n<meta property=\"product:price:currency\" content=\"CHF\" \/>\n<meta property=\"og:availability\" content=\"instock\" \/>\n<meta property=\"product:availability\" content=\"instock\" \/>\n<meta property=\"product:condition\" content=\"new\" \/>\n<!-- \/ Yoast SEO Premium plugin. -->","yoast_head_json":{"title":"Hummus Gekochte Samen Chtoura 400g - Yasmin Food","description":"Genie\u00dfen Sie den Geschmack der gekochten Kichererbsen Chtoura 400g mit ihren goldenen K\u00f6rnern und gesundheitlichen Vorteilen. W\u00e4hlen Sie es als die perfekte Wahl f\u00fcr gesunde Mahlzeiten! Yasmin Food Hummus Gekochte Samen Chtoura 400g","robots":{"index":"index","follow":"follow","max-snippet":"max-snippet:-1","max-image-preview":"max-image-preview:large","max-video-preview":"max-video-preview:-1"},"canonical":"https:\/\/yasminfood.ch\/de\/product\/hummus-gekochte-samen-chtoura-400g\/","og_locale":"de_DE","og_type":"article","og_title":"Hummus Gekochte Samen Chtoura 400g","og_description":"Hummus Gekochte Samen Chtoura 400g  rundk\u00f6rnig, goldene Farbe und k\u00f6stlicher Geschmack,  Er macht Rosenkranz und Fattah und kann zu Bohnen und einigen Salaten hinzugef\u00fcgt werden, um einen k\u00f6stlichen Geschmack zu erhalten","og_url":"https:\/\/yasminfood.ch\/de\/product\/hummus-gekochte-samen-chtoura-400g\/","og_site_name":"Yasmin Food","article_publisher":"https:\/\/www.facebook.com\/yasminmarkt1","article_modified_time":"2025-05-25T21:21:57+00:00","og_image":[{"width":1080,"height":1080,"url":"https:\/\/yasminfood.ch\/wp-content\/uploads\/2025\/05\/\u062d\u0645\u0635-\u0645\u0633\u0644\u0648\u0642-\u0634\u062a\u0648\u0631\u0629-400\u063a.png","type":"image\/png"}],"twitter_card":"summary_large_image","twitter_misc":{"Preis":"2.50&nbsp;&#67;&#72;&#70;","Verf\u00fcgbarkeit":"Auf Lager"},"schema":{"@context":"https:\/\/schema.org","@graph":[{"@type":"WebPage","@id":"https:\/\/yasminfood.ch\/de\/product\/hummus-gekochte-samen-chtoura-400g\/","url":"https:\/\/yasminfood.ch\/de\/product\/hummus-gekochte-samen-chtoura-400g\/","name":"Hummus Gekochte Samen Chtoura 400g - Yasmin Food","isPartOf":{"@id":"https:\/\/yasminfood.ch\/de\/#website"},"primaryImageOfPage":{"@id":"https:\/\/yasminfood.ch\/de\/product\/hummus-gekochte-samen-chtoura-400g\/#primaryimage"},"image":{"@id":"https:\/\/yasminfood.ch\/de\/product\/hummus-gekochte-samen-chtoura-400g\/#primaryimage"},"thumbnailUrl":"https:\/\/yasminfood.ch\/wp-content\/uploads\/2025\/05\/\u062d\u0645\u0635-\u0645\u0633\u0644\u0648\u0642-\u0634\u062a\u0648\u0631\u0629-400\u063a.png","datePublished":"2025-05-25T21:20:30+00:00","dateModified":"2025-05-25T21:21:57+00:00","description":"Genie\u00dfen Sie den Geschmack der gekochten Kichererbsen Chtoura 400g mit ihren goldenen K\u00f6rnern und gesundheitlichen Vorteilen. W\u00e4hlen Sie es als die perfekte Wahl f\u00fcr gesunde Mahlzeiten! Yasmin Food Hummus Gekochte Samen Chtoura 400g","breadcrumb":{"@id":"https:\/\/yasminfood.ch\/de\/product\/hummus-gekochte-samen-chtoura-400g\/#breadcrumb"},"inLanguage":"de","potentialAction":[{"@type":"ReadAction","target":["https:\/\/yasminfood.ch\/de\/product\/hummus-gekochte-samen-chtoura-400g\/"]}]},{"@type":"ImageObject","inLanguage":"de","@id":"https:\/\/yasminfood.ch\/de\/product\/hummus-gekochte-samen-chtoura-400g\/#primaryimage","url":"https:\/\/yasminfood.ch\/wp-content\/uploads\/2025\/05\/\u062d\u0645\u0635-\u0645\u0633\u0644\u0648\u0642-\u0634\u062a\u0648\u0631\u0629-400\u063a.png","contentUrl":"https:\/\/yasminfood.ch\/wp-content\/uploads\/2025\/05\/\u062d\u0645\u0635-\u0645\u0633\u0644\u0648\u0642-\u0634\u062a\u0648\u0631\u0629-400\u063a.png","width":1080,"height":1080},{"@type":"BreadcrumbList","@id":"https:\/\/yasminfood.ch\/de\/product\/hummus-gekochte-samen-chtoura-400g\/#breadcrumb","itemListElement":[{"@type":"ListItem","position":1,"name":"\u0627\u0644\u0631\u0626\u064a\u0633\u064a\u0629","item":"https:\/\/yasminfood.ch\/de\/zuhause\/"},{"@type":"ListItem","position":2,"name":"Shop","item":"https:\/\/yasminfood.ch\/de\/shop\/"},{"@type":"ListItem","position":3,"name":"Konserven - Lebensmittel","item":"https:\/\/yasminfood.ch\/de\/produkt-kategorie\/konserven-lebensmittel\/"},{"@type":"ListItem","position":4,"name":"Hummus Gekochte Samen Chtoura 400g"}]},{"@type":"WebSite","@id":"https:\/\/yasminfood.ch\/de\/#website","url":"https:\/\/yasminfood.ch\/de\/","name":"\u064a\u0627\u0633\u0645\u064a\u0646 \u0645\u0627\u0631\u0643\u062a","description":"Alles, was Sie brauchen, an einem Ort","publisher":{"@id":"https:\/\/yasminfood.ch\/de\/#organization"},"alternateName":"Yasmin Food","potentialAction":[{"@type":"SearchAction","target":{"@type":"EntryPoint","urlTemplate":"https:\/\/yasminfood.ch\/de\/?s={search_term_string}"},"query-input":{"@type":"PropertyValueSpecification","valueRequired":true,"valueName":"search_term_string"}}],"inLanguage":"de"},{"@type":"Organization","@id":"https:\/\/yasminfood.ch\/de\/#organization","name":"\u064a\u0627\u0633\u0645\u064a\u0646 \u0645\u0627\u0631\u0643\u062a","alternateName":"Yasmin Food","url":"https:\/\/yasminfood.ch\/de\/","logo":{"@type":"ImageObject","inLanguage":"de","@id":"https:\/\/yasminfood.ch\/de\/#\/schema\/logo\/image\/","url":"https:\/\/yasminfood.ch\/wp-content\/uploads\/2025\/05\/yasmin-food-header-logo.png","contentUrl":"https:\/\/yasminfood.ch\/wp-content\/uploads\/2025\/05\/yasmin-food-header-logo.png","width":330,"height":120,"caption":"\u064a\u0627\u0633\u0645\u064a\u0646 \u0645\u0627\u0631\u0643\u062a"},"image":{"@id":"https:\/\/yasminfood.ch\/de\/#\/schema\/logo\/image\/"},"sameAs":["https:\/\/www.facebook.com\/yasminmarkt1","https:\/\/www.tiktok.com\/@yasminmarkt","https:\/\/www.instagram.com\/yasmin.markt1\/","https:\/\/api.whatsapp.com\/send\/?phone=41799000104"],"publishingPrinciples":"https:\/\/yasminfood.ch\/de\/shop\/","ownershipFundingInfo":"https:\/\/yasminfood.ch\/de\/shop\/"}]},"product_price_amount":"2.50","product_price_currency":"CHF","og_availability":"instock","product_availability":"instock","product_condition":"new"},"jetpack_sharing_enabled":true,"_links":{"self":[{"href":"https:\/\/yasminfood.ch\/de\/wp-json\/wp\/v2\/product\/112927","targetHints":{"allow":["GET"]}}],"collection":[{"href":"https:\/\/yasminfood.ch\/de\/wp-json\/wp\/v2\/product"}],"about":[{"href":"https:\/\/yasminfood.ch\/de\/wp-json\/wp\/v2\/types\/product"}],"replies":[{"embeddable":true,"href":"https:\/\/yasminfood.ch\/de\/wp-json\/wp\/v2\/comments?post=112927"}],"version-history":[{"count":0,"href":"https:\/\/yasminfood.ch\/de\/wp-json\/wp\/v2\/product\/112927\/revisions"}],"wp:featuredmedia":[{"embeddable":true,"href":"https:\/\/yasminfood.ch\/de\/wp-json\/wp\/v2\/media\/112924"}],"wp:attachment":[{"href":"https:\/\/yasminfood.ch\/de\/wp-json\/wp\/v2\/media?parent=112927"}],"wp:term":[{"taxonomy":"product_brand","embeddable":true,"href":"https:\/\/yasminfood.ch\/de\/wp-json\/wp\/v2\/product_brand?post=112927"},{"taxonomy":"product_cat","embeddable":true,"href":"https:\/\/yasminfood.ch\/de\/wp-json\/wp\/v2\/product_cat?post=112927"},{"taxonomy":"product_tag","embeddable":true,"href":"https:\/\/yasminfood.ch\/de\/wp-json\/wp\/v2\/product_tag?post=112927"}],"curies":[{"name":"wp","href":"https:\/\/api.w.org\/{rel}","templated":true}]}}