{"id":112943,"date":"2025-05-25T23:33:59","date_gmt":"2025-05-25T21:33:59","guid":{"rendered":"https:\/\/yasminfood.ch\/product\/grosse-bohnenkruste-390g\/"},"modified":"2025-05-25T23:34:47","modified_gmt":"2025-05-25T21:34:47","slug":"grosse-bohnenkruste-390g","status":"publish","type":"product","link":"https:\/\/yasminfood.ch\/de\/product\/grosse-bohnenkruste-390g\/","title":{"rendered":"Gro\u00dfe Bohnenkruste 390g"},"content":{"rendered":"<p>Gro\u00dfe Bohnenkruste 390g<\/p>\n<ul>\n<li>Es ist ein nat\u00fcrliches und gesundes Produkt, das sich durch ganze Bohnen auszeichnet, die mit k\u00f6stlichen Gew\u00fcrzen gekocht werden, die eine reiche Quelle f\u00fcr Proteine und Ballaststoffe sind, die f\u00fcr die Gesundheit des K\u00f6rpers wichtig sind. Sie k\u00f6nnen es als gesunden Snack oder als Zutat in Salaten und Hauptgerichten essen. Dar\u00fcber hinaus hat es eine gro\u00dfe K\u00f6rnung und einen unverwechselbaren Geschmack, der f\u00fcr jeden Geschmack geeignet ist, was es zu einem idealen Produkt f\u00fcr Menschen macht, die einen gesunden und dennoch leckeren Snack suchen.     <\/li>\n<\/ul>\n","protected":false},"excerpt":{"rendered":"<p>Gro\u00dfe Bohnen 390g sind ein nat\u00fcrliches und gesundes Produkt, das sich durch ganze Bohnen auszeichnet, die mit k\u00f6stlichen Gew\u00fcrzen gekocht werden und eine reichhaltige Quelle f\u00fcr Proteine und Ballaststoffe sind, die f\u00fcr die Gesundheit des K\u00f6rpers wichtig sind. <\/p>\n","protected":false},"featured_media":112931,"comment_status":"open","ping_status":"closed","template":"","meta":[],"product_brand":[],"product_cat":[282,245],"product_tag":[],"class_list":{"0":"post-112943","1":"product","2":"type-product","3":"status-publish","4":"has-post-thumbnail","6":"product_cat-fava-bohnen","7":"product_cat-konserven-lebensmittel","9":"first","10":"outofstock","11":"taxable","12":"shipping-taxable","13":"purchasable","14":"product-type-simple"},"yoast_head":"<!-- This site is optimized with the Yoast SEO Premium plugin v26.5 (Yoast SEO v27.5) - https:\/\/yoast.com\/product\/yoast-seo-premium-wordpress\/ -->\n<title>Gro\u00dfe Bohnenkruste 390g - Yasmin Food<\/title>\n<meta name=\"description\" content=\"Genie\u00dfen Sie den nahrhaften Geschmack einer gro\u00dfen Bohne 390g! Eine reichhaltige Proteinquelle, die als gesunder und leckerer Snack serviert wird. Probieren Sie es noch heute aus! Yasmin Food Gro\u00dfe Bohnenkruste 390g\" \/>\n<meta name=\"robots\" content=\"index, follow, max-snippet:-1, max-image-preview:large, max-video-preview:-1\" \/>\n<link rel=\"canonical\" href=\"https:\/\/yasminfood.ch\/de\/product\/grosse-bohnenkruste-390g\/\" \/>\n<meta property=\"og:locale\" content=\"de_DE\" \/>\n<meta property=\"og:type\" content=\"article\" \/>\n<meta property=\"og:title\" content=\"Gro\u00dfe Bohnenkruste 390g\" \/>\n<meta property=\"og:description\" content=\"Gro\u00dfe Bohnen 390g sind ein nat\u00fcrliches und gesundes Produkt, das sich durch ganze Bohnen auszeichnet, die mit k\u00f6stlichen Gew\u00fcrzen gekocht werden und eine reichhaltige Quelle f\u00fcr Proteine und Ballaststoffe sind, die f\u00fcr die Gesundheit des K\u00f6rpers wichtig sind.\" \/>\n<meta property=\"og:url\" content=\"https:\/\/yasminfood.ch\/de\/product\/grosse-bohnenkruste-390g\/\" \/>\n<meta property=\"og:site_name\" content=\"Yasmin Food\" \/>\n<meta property=\"article:publisher\" content=\"https:\/\/www.facebook.com\/yasminmarkt1\" \/>\n<meta property=\"article:modified_time\" content=\"2025-05-25T21:34:47+00:00\" \/>\n<meta property=\"og:image\" content=\"https:\/\/yasminfood.ch\/wp-content\/uploads\/2025\/05\/\u0641\u0648\u0644-\u062d\u0628\u0629-\u0643\u0628\u064a\u0631\u0629-\u0627\u0644\u0643\u0633\u064a\u062d-390\u063a.png\" \/>\n\t<meta property=\"og:image:width\" content=\"1080\" \/>\n\t<meta property=\"og:image:height\" content=\"1080\" \/>\n\t<meta property=\"og:image:type\" content=\"image\/png\" \/>\n<meta name=\"twitter:card\" content=\"summary_large_image\" \/>\n<meta name=\"twitter:label1\" content=\"Preis\" \/>\n\t<meta name=\"twitter:data1\" content=\"1.95&nbsp;&#067;&#072;&#070;\" \/>\n\t<meta name=\"twitter:label2\" content=\"Verf\u00fcgbarkeit\" \/>\n\t<meta name=\"twitter:data2\" content=\"ausverkauft\" \/>\n<script type=\"application\/ld+json\" class=\"yoast-schema-graph\">{\"@context\":\"https:\\\/\\\/schema.org\",\"@graph\":[{\"@type\":\"WebPage\",\"@id\":\"https:\\\/\\\/yasminfood.ch\\\/de\\\/product\\\/grosse-bohnenkruste-390g\\\/\",\"url\":\"https:\\\/\\\/yasminfood.ch\\\/de\\\/product\\\/grosse-bohnenkruste-390g\\\/\",\"name\":\"Gro\u00dfe Bohnenkruste 390g - Yasmin Food\",\"isPartOf\":{\"@id\":\"https:\\\/\\\/yasminfood.ch\\\/de\\\/#website\"},\"primaryImageOfPage\":{\"@id\":\"https:\\\/\\\/yasminfood.ch\\\/de\\\/product\\\/grosse-bohnenkruste-390g\\\/#primaryimage\"},\"image\":{\"@id\":\"https:\\\/\\\/yasminfood.ch\\\/de\\\/product\\\/grosse-bohnenkruste-390g\\\/#primaryimage\"},\"thumbnailUrl\":\"https:\\\/\\\/yasminfood.ch\\\/wp-content\\\/uploads\\\/2025\\\/05\\\/\u0641\u0648\u0644-\u062d\u0628\u0629-\u0643\u0628\u064a\u0631\u0629-\u0627\u0644\u0643\u0633\u064a\u062d-390\u063a.png\",\"datePublished\":\"2025-05-25T21:33:59+00:00\",\"dateModified\":\"2025-05-25T21:34:47+00:00\",\"description\":\"Genie\u00dfen Sie den nahrhaften Geschmack einer gro\u00dfen Bohne 390g! Eine reichhaltige Proteinquelle, die als gesunder und leckerer Snack serviert wird. Probieren Sie es noch heute aus! Yasmin Food Gro\u00dfe Bohnenkruste 390g\",\"breadcrumb\":{\"@id\":\"https:\\\/\\\/yasminfood.ch\\\/de\\\/product\\\/grosse-bohnenkruste-390g\\\/#breadcrumb\"},\"inLanguage\":\"de\",\"potentialAction\":[{\"@type\":\"ReadAction\",\"target\":[\"https:\\\/\\\/yasminfood.ch\\\/de\\\/product\\\/grosse-bohnenkruste-390g\\\/\"]}]},{\"@type\":\"ImageObject\",\"inLanguage\":\"de\",\"@id\":\"https:\\\/\\\/yasminfood.ch\\\/de\\\/product\\\/grosse-bohnenkruste-390g\\\/#primaryimage\",\"url\":\"https:\\\/\\\/yasminfood.ch\\\/wp-content\\\/uploads\\\/2025\\\/05\\\/\u0641\u0648\u0644-\u062d\u0628\u0629-\u0643\u0628\u064a\u0631\u0629-\u0627\u0644\u0643\u0633\u064a\u062d-390\u063a.png\",\"contentUrl\":\"https:\\\/\\\/yasminfood.ch\\\/wp-content\\\/uploads\\\/2025\\\/05\\\/\u0641\u0648\u0644-\u062d\u0628\u0629-\u0643\u0628\u064a\u0631\u0629-\u0627\u0644\u0643\u0633\u064a\u062d-390\u063a.png\",\"width\":1080,\"height\":1080},{\"@type\":\"BreadcrumbList\",\"@id\":\"https:\\\/\\\/yasminfood.ch\\\/de\\\/product\\\/grosse-bohnenkruste-390g\\\/#breadcrumb\",\"itemListElement\":[{\"@type\":\"ListItem\",\"position\":1,\"name\":\"\u0627\u0644\u0631\u0626\u064a\u0633\u064a\u0629\",\"item\":\"https:\\\/\\\/yasminfood.ch\\\/de\\\/zuhause\\\/\"},{\"@type\":\"ListItem\",\"position\":2,\"name\":\"Shop\",\"item\":\"https:\\\/\\\/yasminfood.ch\\\/de\\\/shop\\\/\"},{\"@type\":\"ListItem\",\"position\":3,\"name\":\"Konserven - Lebensmittel\",\"item\":\"https:\\\/\\\/yasminfood.ch\\\/de\\\/produkt-kategorie\\\/konserven-lebensmittel\\\/\"},{\"@type\":\"ListItem\",\"position\":4,\"name\":\"Fava Bohnen\",\"item\":\"https:\\\/\\\/yasminfood.ch\\\/de\\\/produkt-kategorie\\\/konserven-lebensmittel\\\/fava-bohnen\\\/\"},{\"@type\":\"ListItem\",\"position\":5,\"name\":\"Gro\u00dfe Bohnenkruste 390g\"}]},{\"@type\":\"WebSite\",\"@id\":\"https:\\\/\\\/yasminfood.ch\\\/de\\\/#website\",\"url\":\"https:\\\/\\\/yasminfood.ch\\\/de\\\/\",\"name\":\"\u064a\u0627\u0633\u0645\u064a\u0646 \u0645\u0627\u0631\u0643\u062a\",\"description\":\"Alles, was Sie brauchen, an einem Ort\",\"publisher\":{\"@id\":\"https:\\\/\\\/yasminfood.ch\\\/de\\\/#organization\"},\"alternateName\":\"Yasmin Food\",\"potentialAction\":[{\"@type\":\"SearchAction\",\"target\":{\"@type\":\"EntryPoint\",\"urlTemplate\":\"https:\\\/\\\/yasminfood.ch\\\/de\\\/?s={search_term_string}\"},\"query-input\":{\"@type\":\"PropertyValueSpecification\",\"valueRequired\":true,\"valueName\":\"search_term_string\"}}],\"inLanguage\":\"de\"},{\"@type\":\"Organization\",\"@id\":\"https:\\\/\\\/yasminfood.ch\\\/de\\\/#organization\",\"name\":\"\u064a\u0627\u0633\u0645\u064a\u0646 \u0645\u0627\u0631\u0643\u062a\",\"alternateName\":\"Yasmin Food\",\"url\":\"https:\\\/\\\/yasminfood.ch\\\/de\\\/\",\"logo\":{\"@type\":\"ImageObject\",\"inLanguage\":\"de\",\"@id\":\"https:\\\/\\\/yasminfood.ch\\\/de\\\/#\\\/schema\\\/logo\\\/image\\\/\",\"url\":\"https:\\\/\\\/yasminfood.ch\\\/wp-content\\\/uploads\\\/2025\\\/05\\\/yasmin-food-header-logo.png\",\"contentUrl\":\"https:\\\/\\\/yasminfood.ch\\\/wp-content\\\/uploads\\\/2025\\\/05\\\/yasmin-food-header-logo.png\",\"width\":330,\"height\":120,\"caption\":\"\u064a\u0627\u0633\u0645\u064a\u0646 \u0645\u0627\u0631\u0643\u062a\"},\"image\":{\"@id\":\"https:\\\/\\\/yasminfood.ch\\\/de\\\/#\\\/schema\\\/logo\\\/image\\\/\"},\"sameAs\":[\"https:\\\/\\\/www.facebook.com\\\/yasminmarkt1\",\"https:\\\/\\\/www.tiktok.com\\\/@yasminmarkt\",\"https:\\\/\\\/www.instagram.com\\\/yasmin.markt1\\\/\",\"https:\\\/\\\/api.whatsapp.com\\\/send\\\/?phone=41799000104\"],\"publishingPrinciples\":\"https:\\\/\\\/yasminfood.ch\\\/de\\\/shop\\\/\",\"ownershipFundingInfo\":\"https:\\\/\\\/yasminfood.ch\\\/de\\\/shop\\\/\"}]}<\/script>\n<meta property=\"product:price:amount\" content=\"1.95\" \/>\n<meta property=\"product:price:currency\" content=\"CHF\" \/>\n<meta property=\"og:availability\" content=\"out of stock\" \/>\n<meta property=\"product:availability\" content=\"out of stock\" \/>\n<meta property=\"product:condition\" content=\"new\" \/>\n<!-- \/ Yoast SEO Premium plugin. -->","yoast_head_json":{"title":"Gro\u00dfe Bohnenkruste 390g - Yasmin Food","description":"Genie\u00dfen Sie den nahrhaften Geschmack einer gro\u00dfen Bohne 390g! Eine reichhaltige Proteinquelle, die als gesunder und leckerer Snack serviert wird. Probieren Sie es noch heute aus! Yasmin Food Gro\u00dfe Bohnenkruste 390g","robots":{"index":"index","follow":"follow","max-snippet":"max-snippet:-1","max-image-preview":"max-image-preview:large","max-video-preview":"max-video-preview:-1"},"canonical":"https:\/\/yasminfood.ch\/de\/product\/grosse-bohnenkruste-390g\/","og_locale":"de_DE","og_type":"article","og_title":"Gro\u00dfe Bohnenkruste 390g","og_description":"Gro\u00dfe Bohnen 390g sind ein nat\u00fcrliches und gesundes Produkt, das sich durch ganze Bohnen auszeichnet, die mit k\u00f6stlichen Gew\u00fcrzen gekocht werden und eine reichhaltige Quelle f\u00fcr Proteine und Ballaststoffe sind, die f\u00fcr die Gesundheit des K\u00f6rpers wichtig sind.","og_url":"https:\/\/yasminfood.ch\/de\/product\/grosse-bohnenkruste-390g\/","og_site_name":"Yasmin Food","article_publisher":"https:\/\/www.facebook.com\/yasminmarkt1","article_modified_time":"2025-05-25T21:34:47+00:00","og_image":[{"width":1080,"height":1080,"url":"https:\/\/yasminfood.ch\/wp-content\/uploads\/2025\/05\/\u0641\u0648\u0644-\u062d\u0628\u0629-\u0643\u0628\u064a\u0631\u0629-\u0627\u0644\u0643\u0633\u064a\u062d-390\u063a.png","type":"image\/png"}],"twitter_card":"summary_large_image","twitter_misc":{"Preis":"1.95&nbsp;&#67;&#72;&#70;","Verf\u00fcgbarkeit":"ausverkauft"},"schema":{"@context":"https:\/\/schema.org","@graph":[{"@type":"WebPage","@id":"https:\/\/yasminfood.ch\/de\/product\/grosse-bohnenkruste-390g\/","url":"https:\/\/yasminfood.ch\/de\/product\/grosse-bohnenkruste-390g\/","name":"Gro\u00dfe Bohnenkruste 390g - Yasmin Food","isPartOf":{"@id":"https:\/\/yasminfood.ch\/de\/#website"},"primaryImageOfPage":{"@id":"https:\/\/yasminfood.ch\/de\/product\/grosse-bohnenkruste-390g\/#primaryimage"},"image":{"@id":"https:\/\/yasminfood.ch\/de\/product\/grosse-bohnenkruste-390g\/#primaryimage"},"thumbnailUrl":"https:\/\/yasminfood.ch\/wp-content\/uploads\/2025\/05\/\u0641\u0648\u0644-\u062d\u0628\u0629-\u0643\u0628\u064a\u0631\u0629-\u0627\u0644\u0643\u0633\u064a\u062d-390\u063a.png","datePublished":"2025-05-25T21:33:59+00:00","dateModified":"2025-05-25T21:34:47+00:00","description":"Genie\u00dfen Sie den nahrhaften Geschmack einer gro\u00dfen Bohne 390g! Eine reichhaltige Proteinquelle, die als gesunder und leckerer Snack serviert wird. Probieren Sie es noch heute aus! Yasmin Food Gro\u00dfe Bohnenkruste 390g","breadcrumb":{"@id":"https:\/\/yasminfood.ch\/de\/product\/grosse-bohnenkruste-390g\/#breadcrumb"},"inLanguage":"de","potentialAction":[{"@type":"ReadAction","target":["https:\/\/yasminfood.ch\/de\/product\/grosse-bohnenkruste-390g\/"]}]},{"@type":"ImageObject","inLanguage":"de","@id":"https:\/\/yasminfood.ch\/de\/product\/grosse-bohnenkruste-390g\/#primaryimage","url":"https:\/\/yasminfood.ch\/wp-content\/uploads\/2025\/05\/\u0641\u0648\u0644-\u062d\u0628\u0629-\u0643\u0628\u064a\u0631\u0629-\u0627\u0644\u0643\u0633\u064a\u062d-390\u063a.png","contentUrl":"https:\/\/yasminfood.ch\/wp-content\/uploads\/2025\/05\/\u0641\u0648\u0644-\u062d\u0628\u0629-\u0643\u0628\u064a\u0631\u0629-\u0627\u0644\u0643\u0633\u064a\u062d-390\u063a.png","width":1080,"height":1080},{"@type":"BreadcrumbList","@id":"https:\/\/yasminfood.ch\/de\/product\/grosse-bohnenkruste-390g\/#breadcrumb","itemListElement":[{"@type":"ListItem","position":1,"name":"\u0627\u0644\u0631\u0626\u064a\u0633\u064a\u0629","item":"https:\/\/yasminfood.ch\/de\/zuhause\/"},{"@type":"ListItem","position":2,"name":"Shop","item":"https:\/\/yasminfood.ch\/de\/shop\/"},{"@type":"ListItem","position":3,"name":"Konserven - Lebensmittel","item":"https:\/\/yasminfood.ch\/de\/produkt-kategorie\/konserven-lebensmittel\/"},{"@type":"ListItem","position":4,"name":"Fava Bohnen","item":"https:\/\/yasminfood.ch\/de\/produkt-kategorie\/konserven-lebensmittel\/fava-bohnen\/"},{"@type":"ListItem","position":5,"name":"Gro\u00dfe Bohnenkruste 390g"}]},{"@type":"WebSite","@id":"https:\/\/yasminfood.ch\/de\/#website","url":"https:\/\/yasminfood.ch\/de\/","name":"\u064a\u0627\u0633\u0645\u064a\u0646 \u0645\u0627\u0631\u0643\u062a","description":"Alles, was Sie brauchen, an einem Ort","publisher":{"@id":"https:\/\/yasminfood.ch\/de\/#organization"},"alternateName":"Yasmin Food","potentialAction":[{"@type":"SearchAction","target":{"@type":"EntryPoint","urlTemplate":"https:\/\/yasminfood.ch\/de\/?s={search_term_string}"},"query-input":{"@type":"PropertyValueSpecification","valueRequired":true,"valueName":"search_term_string"}}],"inLanguage":"de"},{"@type":"Organization","@id":"https:\/\/yasminfood.ch\/de\/#organization","name":"\u064a\u0627\u0633\u0645\u064a\u0646 \u0645\u0627\u0631\u0643\u062a","alternateName":"Yasmin Food","url":"https:\/\/yasminfood.ch\/de\/","logo":{"@type":"ImageObject","inLanguage":"de","@id":"https:\/\/yasminfood.ch\/de\/#\/schema\/logo\/image\/","url":"https:\/\/yasminfood.ch\/wp-content\/uploads\/2025\/05\/yasmin-food-header-logo.png","contentUrl":"https:\/\/yasminfood.ch\/wp-content\/uploads\/2025\/05\/yasmin-food-header-logo.png","width":330,"height":120,"caption":"\u064a\u0627\u0633\u0645\u064a\u0646 \u0645\u0627\u0631\u0643\u062a"},"image":{"@id":"https:\/\/yasminfood.ch\/de\/#\/schema\/logo\/image\/"},"sameAs":["https:\/\/www.facebook.com\/yasminmarkt1","https:\/\/www.tiktok.com\/@yasminmarkt","https:\/\/www.instagram.com\/yasmin.markt1\/","https:\/\/api.whatsapp.com\/send\/?phone=41799000104"],"publishingPrinciples":"https:\/\/yasminfood.ch\/de\/shop\/","ownershipFundingInfo":"https:\/\/yasminfood.ch\/de\/shop\/"}]},"product_price_amount":"1.95","product_price_currency":"CHF","og_availability":"out of stock","product_availability":"out of stock","product_condition":"new"},"jetpack_sharing_enabled":true,"_links":{"self":[{"href":"https:\/\/yasminfood.ch\/de\/wp-json\/wp\/v2\/product\/112943","targetHints":{"allow":["GET"]}}],"collection":[{"href":"https:\/\/yasminfood.ch\/de\/wp-json\/wp\/v2\/product"}],"about":[{"href":"https:\/\/yasminfood.ch\/de\/wp-json\/wp\/v2\/types\/product"}],"replies":[{"embeddable":true,"href":"https:\/\/yasminfood.ch\/de\/wp-json\/wp\/v2\/comments?post=112943"}],"version-history":[{"count":0,"href":"https:\/\/yasminfood.ch\/de\/wp-json\/wp\/v2\/product\/112943\/revisions"}],"wp:featuredmedia":[{"embeddable":true,"href":"https:\/\/yasminfood.ch\/de\/wp-json\/wp\/v2\/media\/112931"}],"wp:attachment":[{"href":"https:\/\/yasminfood.ch\/de\/wp-json\/wp\/v2\/media?parent=112943"}],"wp:term":[{"taxonomy":"product_brand","embeddable":true,"href":"https:\/\/yasminfood.ch\/de\/wp-json\/wp\/v2\/product_brand?post=112943"},{"taxonomy":"product_cat","embeddable":true,"href":"https:\/\/yasminfood.ch\/de\/wp-json\/wp\/v2\/product_cat?post=112943"},{"taxonomy":"product_tag","embeddable":true,"href":"https:\/\/yasminfood.ch\/de\/wp-json\/wp\/v2\/product_tag?post=112943"}],"curies":[{"name":"wp","href":"https:\/\/api.w.org\/{rel}","templated":true}]}}