{"id":112950,"date":"2025-05-26T00:27:53","date_gmt":"2025-05-25T22:27:53","guid":{"rendered":"https:\/\/yasminfood.ch\/product\/foul-medames-large-lara-400gr\/"},"modified":"2025-05-26T00:28:38","modified_gmt":"2025-05-25T22:28:38","slug":"foul-medames-large-lara-400gr","status":"publish","type":"product","link":"https:\/\/yasminfood.ch\/de\/product\/foul-medames-large-lara-400gr\/","title":{"rendered":"Foul Medames Large Lara 400gr"},"content":{"rendered":"<h4>Foul Medames Large Grain Lara 400gr Authentischer orientalischer Geschmack und hohe Qualit\u00e4t<\/h4>\n<ul>\n<li><span class=\"relative -mx-px my-[-0.2rem] rounded px-px py-[0.2rem] transition-colors duration-100 ease-in-out\">Favabohnen Lara ist eine ideale Wahl f\u00fcr Liebhaber der traditionellen orientalischen K\u00fcche.<\/span> <span class=\"relative -mx-px my-[-0.2rem] rounded px-px py-[0.2rem] transition-colors duration-100 ease-in-out\">Er zeichnet sich durch seine gro\u00dfen und sorgf\u00e4ltig gekochten K\u00fcgelchen aus, die ihm einen k\u00f6stlichen Geschmack und eine perfekte Textur verleihen. <\/span> <span class=\"relative -mx-px my-[-0.2rem] rounded px-px py-[0.2rem] transition-colors duration-100 ease-in-out\">Es kann direkt aus der Dose gegessen oder mit Ihren Lieblingsgew\u00fcrzen erhitzt werden.<\/span><\/li>\n<li>\n<p data-start=\"504\" data-end=\"517\"><strong data-start=\"504\" data-end=\"517\">Funktionen:<\/strong><\/p>\n<ul data-start=\"519\" data-end=\"845\">\n<li data-start=\"519\" data-end=\"599\">\n<p data-start=\"521\" data-end=\"599\"><span class=\"relative -mx-px my-[-0.2rem] rounded px-px py-[0.2rem] transition-colors duration-100 ease-in-out\"><strong data-start=\"0\" data-end=\"29\" data-is-last-node=\"\" data-is-only-node=\"\">Gro\u00dfe und sorgf\u00e4ltig gekochte K\u00f6rner<\/strong><\/span><\/p>\n<\/li>\n<li data-start=\"601\" data-end=\"681\">\n<p data-start=\"603\" data-end=\"681\"><span class=\"relative -mx-px my-[-0.2rem] rounded px-px py-[0.2rem] transition-colors duration-100 ease-in-out\"><strong data-start=\"0\" data-end=\"34\" data-is-last-node=\"\" data-is-only-node=\"\">Verzehrfertig oder schnell zubereitet<\/strong><\/span><\/p>\n<\/li>\n<li data-start=\"683\" data-end=\"763\">\n<p data-start=\"685\" data-end=\"763\"><span class=\"relative -mx-px my-[-0.2rem] rounded px-px py-[0.2rem] transition-colors duration-100 ease-in-out\"><strong data-start=\"0\" data-end=\"26\" data-is-last-node=\"\" data-is-only-node=\"\">Reich an Proteinen und Ballaststoffen<\/strong><\/span><\/p>\n<\/li>\n<li data-start=\"765\" data-end=\"845\">\n<p data-start=\"767\" data-end=\"845\"><span class=\"relative -mx-px my-[-0.2rem] rounded px-px py-[0.2rem] transition-colors duration-100 ease-in-out\"><strong data-start=\"0\" data-end=\"19\" data-is-last-node=\"\" data-is-only-node=\"\">F\u00fcr Vegetarier Geeignet<\/strong><\/span><\/p>\n<\/li>\n<\/ul>\n<\/li>\n<\/ul>\n","protected":false},"excerpt":{"rendered":"<p>Foul Medames Large Lara 400gr<\/p>\n<p data-start=\"163\" data-end=\"237\"><span class=\"relative -mx-px my-[-0.2rem] rounded px-px py-[0.2rem] transition-colors duration-100 ease-in-out\">Seine gro\u00dfen K\u00f6rner und sein authentischer Geschmack, perfekt f\u00fcr die Zubereitung eines orientalischen Fr\u00fchst\u00fccks oder als nahrhafte Zutat in Ihren Lieblingsgerichten. <\/span><\/p>\n<p data-start=\"163\" data-end=\"237\">\n","protected":false},"featured_media":112947,"comment_status":"open","ping_status":"closed","template":"","meta":[],"product_brand":[2324],"product_cat":[282,245],"product_tag":[],"class_list":{"0":"post-112950","1":"product","2":"type-product","3":"status-publish","4":"has-post-thumbnail","6":"product_brand-lara-de","7":"product_cat-fava-bohnen","8":"product_cat-konserven-lebensmittel","10":"first","11":"instock","12":"taxable","13":"shipping-taxable","14":"purchasable","15":"product-type-simple"},"yoast_head":"<!-- This site is optimized with the Yoast SEO Premium plugin v26.5 (Yoast SEO v27.3) - https:\/\/yoast.com\/product\/yoast-seo-premium-wordpress\/ -->\n<title>Foul Medames Large Lara 400gr - Yasmin Food<\/title>\n<meta name=\"description\" content=\"Fava Bohnen gro\u00dfe K\u00f6rner Lara 400gr ist die ideale Wahl f\u00fcr Liebhaber gesunder Ern\u00e4hrung. Verpassen Sie nicht die Gelegenheit, es als gro\u00dfartiges orientalisches Fr\u00fchst\u00fcck zu probieren! \ud83c\udf1f Foul Medames Large Lara 400gr\" \/>\n<meta name=\"robots\" content=\"index, follow, max-snippet:-1, max-image-preview:large, max-video-preview:-1\" \/>\n<link rel=\"canonical\" href=\"https:\/\/yasminfood.ch\/de\/product\/foul-medames-large-lara-400gr\/\" \/>\n<meta property=\"og:locale\" content=\"de_DE\" \/>\n<meta property=\"og:type\" content=\"article\" \/>\n<meta property=\"og:title\" content=\"Foul Medames Large Lara 400gr\" \/>\n<meta property=\"og:description\" content=\"Foul Medames Large Lara 400gr Seine gro\u00dfen K\u00f6rner und sein authentischer Geschmack, perfekt f\u00fcr die Zubereitung eines orientalischen Fr\u00fchst\u00fccks oder als nahrhafte Zutat in Ihren Lieblingsgerichten.\" \/>\n<meta property=\"og:url\" content=\"https:\/\/yasminfood.ch\/de\/product\/foul-medames-large-lara-400gr\/\" \/>\n<meta property=\"og:site_name\" content=\"Yasmin Food\" \/>\n<meta property=\"article:publisher\" content=\"https:\/\/www.facebook.com\/yasminmarkt1\" \/>\n<meta property=\"article:modified_time\" content=\"2025-05-25T22:28:38+00:00\" \/>\n<meta property=\"og:image\" content=\"https:\/\/yasminfood.ch\/wp-content\/uploads\/2025\/05\/\u0641\u0648\u0644-\u0645\u062f\u0645\u0633-\u062d\u0628\u0629-\u0643\u0628\u064a\u0631\u0629-\u0644\u0627\u0631\u0627-400gr.png\" \/>\n\t<meta property=\"og:image:width\" content=\"1080\" \/>\n\t<meta property=\"og:image:height\" content=\"1080\" \/>\n\t<meta property=\"og:image:type\" content=\"image\/png\" \/>\n<meta name=\"twitter:card\" content=\"summary_large_image\" \/>\n<meta name=\"twitter:label1\" content=\"Preis\" \/>\n\t<meta name=\"twitter:data1\" content=\"1.95&nbsp;&#067;&#072;&#070;\" \/>\n\t<meta name=\"twitter:label2\" content=\"Verf\u00fcgbarkeit\" \/>\n\t<meta name=\"twitter:data2\" content=\"Auf Lager\" \/>\n<script type=\"application\/ld+json\" class=\"yoast-schema-graph\">{\"@context\":\"https:\\\/\\\/schema.org\",\"@graph\":[{\"@type\":\"WebPage\",\"@id\":\"https:\\\/\\\/yasminfood.ch\\\/de\\\/product\\\/foul-medames-large-lara-400gr\\\/\",\"url\":\"https:\\\/\\\/yasminfood.ch\\\/de\\\/product\\\/foul-medames-large-lara-400gr\\\/\",\"name\":\"Foul Medames Large Lara 400gr - Yasmin Food\",\"isPartOf\":{\"@id\":\"https:\\\/\\\/yasminfood.ch\\\/de\\\/#website\"},\"primaryImageOfPage\":{\"@id\":\"https:\\\/\\\/yasminfood.ch\\\/de\\\/product\\\/foul-medames-large-lara-400gr\\\/#primaryimage\"},\"image\":{\"@id\":\"https:\\\/\\\/yasminfood.ch\\\/de\\\/product\\\/foul-medames-large-lara-400gr\\\/#primaryimage\"},\"thumbnailUrl\":\"https:\\\/\\\/yasminfood.ch\\\/wp-content\\\/uploads\\\/2025\\\/05\\\/\u0641\u0648\u0644-\u0645\u062f\u0645\u0633-\u062d\u0628\u0629-\u0643\u0628\u064a\u0631\u0629-\u0644\u0627\u0631\u0627-400gr.png\",\"datePublished\":\"2025-05-25T22:27:53+00:00\",\"dateModified\":\"2025-05-25T22:28:38+00:00\",\"description\":\"Fava Bohnen gro\u00dfe K\u00f6rner Lara 400gr ist die ideale Wahl f\u00fcr Liebhaber gesunder Ern\u00e4hrung. Verpassen Sie nicht die Gelegenheit, es als gro\u00dfartiges orientalisches Fr\u00fchst\u00fcck zu probieren! \ud83c\udf1f Foul Medames Large Lara 400gr\",\"breadcrumb\":{\"@id\":\"https:\\\/\\\/yasminfood.ch\\\/de\\\/product\\\/foul-medames-large-lara-400gr\\\/#breadcrumb\"},\"inLanguage\":\"de\",\"potentialAction\":[{\"@type\":\"ReadAction\",\"target\":[\"https:\\\/\\\/yasminfood.ch\\\/de\\\/product\\\/foul-medames-large-lara-400gr\\\/\"]}]},{\"@type\":\"ImageObject\",\"inLanguage\":\"de\",\"@id\":\"https:\\\/\\\/yasminfood.ch\\\/de\\\/product\\\/foul-medames-large-lara-400gr\\\/#primaryimage\",\"url\":\"https:\\\/\\\/yasminfood.ch\\\/wp-content\\\/uploads\\\/2025\\\/05\\\/\u0641\u0648\u0644-\u0645\u062f\u0645\u0633-\u062d\u0628\u0629-\u0643\u0628\u064a\u0631\u0629-\u0644\u0627\u0631\u0627-400gr.png\",\"contentUrl\":\"https:\\\/\\\/yasminfood.ch\\\/wp-content\\\/uploads\\\/2025\\\/05\\\/\u0641\u0648\u0644-\u0645\u062f\u0645\u0633-\u062d\u0628\u0629-\u0643\u0628\u064a\u0631\u0629-\u0644\u0627\u0631\u0627-400gr.png\",\"width\":1080,\"height\":1080,\"caption\":\"Foto der Packung mit Bohnen Medames Lara 400 g \u2013 gekochte Bohnen mit einem gro\u00dfen Korn, servierfertig in hoher Qualit\u00e4t\"},{\"@type\":\"BreadcrumbList\",\"@id\":\"https:\\\/\\\/yasminfood.ch\\\/de\\\/product\\\/foul-medames-large-lara-400gr\\\/#breadcrumb\",\"itemListElement\":[{\"@type\":\"ListItem\",\"position\":1,\"name\":\"\u0627\u0644\u0631\u0626\u064a\u0633\u064a\u0629\",\"item\":\"https:\\\/\\\/yasminfood.ch\\\/de\\\/zuhause\\\/\"},{\"@type\":\"ListItem\",\"position\":2,\"name\":\"Shop\",\"item\":\"https:\\\/\\\/yasminfood.ch\\\/de\\\/shop\\\/\"},{\"@type\":\"ListItem\",\"position\":3,\"name\":\"Konserven - Lebensmittel\",\"item\":\"https:\\\/\\\/yasminfood.ch\\\/de\\\/produkt-kategorie\\\/konserven-lebensmittel\\\/\"},{\"@type\":\"ListItem\",\"position\":4,\"name\":\"Fava Bohnen\",\"item\":\"https:\\\/\\\/yasminfood.ch\\\/de\\\/produkt-kategorie\\\/konserven-lebensmittel\\\/fava-bohnen\\\/\"},{\"@type\":\"ListItem\",\"position\":5,\"name\":\"Foul Medames Large Lara 400gr\"}]},{\"@type\":\"WebSite\",\"@id\":\"https:\\\/\\\/yasminfood.ch\\\/de\\\/#website\",\"url\":\"https:\\\/\\\/yasminfood.ch\\\/de\\\/\",\"name\":\"\u064a\u0627\u0633\u0645\u064a\u0646 \u0645\u0627\u0631\u0643\u062a\",\"description\":\"Alles, was Sie brauchen, an einem Ort\",\"publisher\":{\"@id\":\"https:\\\/\\\/yasminfood.ch\\\/de\\\/#organization\"},\"alternateName\":\"Yasmin Food\",\"potentialAction\":[{\"@type\":\"SearchAction\",\"target\":{\"@type\":\"EntryPoint\",\"urlTemplate\":\"https:\\\/\\\/yasminfood.ch\\\/de\\\/?s={search_term_string}\"},\"query-input\":{\"@type\":\"PropertyValueSpecification\",\"valueRequired\":true,\"valueName\":\"search_term_string\"}}],\"inLanguage\":\"de\"},{\"@type\":\"Organization\",\"@id\":\"https:\\\/\\\/yasminfood.ch\\\/de\\\/#organization\",\"name\":\"\u064a\u0627\u0633\u0645\u064a\u0646 \u0645\u0627\u0631\u0643\u062a\",\"alternateName\":\"Yasmin Food\",\"url\":\"https:\\\/\\\/yasminfood.ch\\\/de\\\/\",\"logo\":{\"@type\":\"ImageObject\",\"inLanguage\":\"de\",\"@id\":\"https:\\\/\\\/yasminfood.ch\\\/de\\\/#\\\/schema\\\/logo\\\/image\\\/\",\"url\":\"https:\\\/\\\/yasminfood.ch\\\/wp-content\\\/uploads\\\/2025\\\/05\\\/yasmin-food-header-logo.png\",\"contentUrl\":\"https:\\\/\\\/yasminfood.ch\\\/wp-content\\\/uploads\\\/2025\\\/05\\\/yasmin-food-header-logo.png\",\"width\":330,\"height\":120,\"caption\":\"\u064a\u0627\u0633\u0645\u064a\u0646 \u0645\u0627\u0631\u0643\u062a\"},\"image\":{\"@id\":\"https:\\\/\\\/yasminfood.ch\\\/de\\\/#\\\/schema\\\/logo\\\/image\\\/\"},\"sameAs\":[\"https:\\\/\\\/www.facebook.com\\\/yasminmarkt1\",\"https:\\\/\\\/www.tiktok.com\\\/@yasminmarkt\",\"https:\\\/\\\/www.instagram.com\\\/yasmin.markt1\\\/\",\"https:\\\/\\\/api.whatsapp.com\\\/send\\\/?phone=41799000104\"],\"publishingPrinciples\":\"https:\\\/\\\/yasminfood.ch\\\/de\\\/shop\\\/\",\"ownershipFundingInfo\":\"https:\\\/\\\/yasminfood.ch\\\/de\\\/shop\\\/\"}]}<\/script>\n<meta property=\"product:price:amount\" content=\"1.95\" \/>\n<meta property=\"product:price:currency\" content=\"CHF\" \/>\n<meta property=\"og:availability\" content=\"instock\" \/>\n<meta property=\"product:availability\" content=\"instock\" \/>\n<meta property=\"product:condition\" content=\"new\" \/>\n<!-- \/ Yoast SEO Premium plugin. -->","yoast_head_json":{"title":"Foul Medames Large Lara 400gr - Yasmin Food","description":"Fava Bohnen gro\u00dfe K\u00f6rner Lara 400gr ist die ideale Wahl f\u00fcr Liebhaber gesunder Ern\u00e4hrung. Verpassen Sie nicht die Gelegenheit, es als gro\u00dfartiges orientalisches Fr\u00fchst\u00fcck zu probieren! \ud83c\udf1f Foul Medames Large Lara 400gr","robots":{"index":"index","follow":"follow","max-snippet":"max-snippet:-1","max-image-preview":"max-image-preview:large","max-video-preview":"max-video-preview:-1"},"canonical":"https:\/\/yasminfood.ch\/de\/product\/foul-medames-large-lara-400gr\/","og_locale":"de_DE","og_type":"article","og_title":"Foul Medames Large Lara 400gr","og_description":"Foul Medames Large Lara 400gr Seine gro\u00dfen K\u00f6rner und sein authentischer Geschmack, perfekt f\u00fcr die Zubereitung eines orientalischen Fr\u00fchst\u00fccks oder als nahrhafte Zutat in Ihren Lieblingsgerichten.","og_url":"https:\/\/yasminfood.ch\/de\/product\/foul-medames-large-lara-400gr\/","og_site_name":"Yasmin Food","article_publisher":"https:\/\/www.facebook.com\/yasminmarkt1","article_modified_time":"2025-05-25T22:28:38+00:00","og_image":[{"width":1080,"height":1080,"url":"https:\/\/yasminfood.ch\/wp-content\/uploads\/2025\/05\/\u0641\u0648\u0644-\u0645\u062f\u0645\u0633-\u062d\u0628\u0629-\u0643\u0628\u064a\u0631\u0629-\u0644\u0627\u0631\u0627-400gr.png","type":"image\/png"}],"twitter_card":"summary_large_image","twitter_misc":{"Preis":"1.95&nbsp;&#67;&#72;&#70;","Verf\u00fcgbarkeit":"Auf Lager"},"schema":{"@context":"https:\/\/schema.org","@graph":[{"@type":"WebPage","@id":"https:\/\/yasminfood.ch\/de\/product\/foul-medames-large-lara-400gr\/","url":"https:\/\/yasminfood.ch\/de\/product\/foul-medames-large-lara-400gr\/","name":"Foul Medames Large Lara 400gr - Yasmin Food","isPartOf":{"@id":"https:\/\/yasminfood.ch\/de\/#website"},"primaryImageOfPage":{"@id":"https:\/\/yasminfood.ch\/de\/product\/foul-medames-large-lara-400gr\/#primaryimage"},"image":{"@id":"https:\/\/yasminfood.ch\/de\/product\/foul-medames-large-lara-400gr\/#primaryimage"},"thumbnailUrl":"https:\/\/yasminfood.ch\/wp-content\/uploads\/2025\/05\/\u0641\u0648\u0644-\u0645\u062f\u0645\u0633-\u062d\u0628\u0629-\u0643\u0628\u064a\u0631\u0629-\u0644\u0627\u0631\u0627-400gr.png","datePublished":"2025-05-25T22:27:53+00:00","dateModified":"2025-05-25T22:28:38+00:00","description":"Fava Bohnen gro\u00dfe K\u00f6rner Lara 400gr ist die ideale Wahl f\u00fcr Liebhaber gesunder Ern\u00e4hrung. Verpassen Sie nicht die Gelegenheit, es als gro\u00dfartiges orientalisches Fr\u00fchst\u00fcck zu probieren! \ud83c\udf1f Foul Medames Large Lara 400gr","breadcrumb":{"@id":"https:\/\/yasminfood.ch\/de\/product\/foul-medames-large-lara-400gr\/#breadcrumb"},"inLanguage":"de","potentialAction":[{"@type":"ReadAction","target":["https:\/\/yasminfood.ch\/de\/product\/foul-medames-large-lara-400gr\/"]}]},{"@type":"ImageObject","inLanguage":"de","@id":"https:\/\/yasminfood.ch\/de\/product\/foul-medames-large-lara-400gr\/#primaryimage","url":"https:\/\/yasminfood.ch\/wp-content\/uploads\/2025\/05\/\u0641\u0648\u0644-\u0645\u062f\u0645\u0633-\u062d\u0628\u0629-\u0643\u0628\u064a\u0631\u0629-\u0644\u0627\u0631\u0627-400gr.png","contentUrl":"https:\/\/yasminfood.ch\/wp-content\/uploads\/2025\/05\/\u0641\u0648\u0644-\u0645\u062f\u0645\u0633-\u062d\u0628\u0629-\u0643\u0628\u064a\u0631\u0629-\u0644\u0627\u0631\u0627-400gr.png","width":1080,"height":1080,"caption":"Foto der Packung mit Bohnen Medames Lara 400 g \u2013 gekochte Bohnen mit einem gro\u00dfen Korn, servierfertig in hoher Qualit\u00e4t"},{"@type":"BreadcrumbList","@id":"https:\/\/yasminfood.ch\/de\/product\/foul-medames-large-lara-400gr\/#breadcrumb","itemListElement":[{"@type":"ListItem","position":1,"name":"\u0627\u0644\u0631\u0626\u064a\u0633\u064a\u0629","item":"https:\/\/yasminfood.ch\/de\/zuhause\/"},{"@type":"ListItem","position":2,"name":"Shop","item":"https:\/\/yasminfood.ch\/de\/shop\/"},{"@type":"ListItem","position":3,"name":"Konserven - Lebensmittel","item":"https:\/\/yasminfood.ch\/de\/produkt-kategorie\/konserven-lebensmittel\/"},{"@type":"ListItem","position":4,"name":"Fava Bohnen","item":"https:\/\/yasminfood.ch\/de\/produkt-kategorie\/konserven-lebensmittel\/fava-bohnen\/"},{"@type":"ListItem","position":5,"name":"Foul Medames Large Lara 400gr"}]},{"@type":"WebSite","@id":"https:\/\/yasminfood.ch\/de\/#website","url":"https:\/\/yasminfood.ch\/de\/","name":"\u064a\u0627\u0633\u0645\u064a\u0646 \u0645\u0627\u0631\u0643\u062a","description":"Alles, was Sie brauchen, an einem Ort","publisher":{"@id":"https:\/\/yasminfood.ch\/de\/#organization"},"alternateName":"Yasmin Food","potentialAction":[{"@type":"SearchAction","target":{"@type":"EntryPoint","urlTemplate":"https:\/\/yasminfood.ch\/de\/?s={search_term_string}"},"query-input":{"@type":"PropertyValueSpecification","valueRequired":true,"valueName":"search_term_string"}}],"inLanguage":"de"},{"@type":"Organization","@id":"https:\/\/yasminfood.ch\/de\/#organization","name":"\u064a\u0627\u0633\u0645\u064a\u0646 \u0645\u0627\u0631\u0643\u062a","alternateName":"Yasmin Food","url":"https:\/\/yasminfood.ch\/de\/","logo":{"@type":"ImageObject","inLanguage":"de","@id":"https:\/\/yasminfood.ch\/de\/#\/schema\/logo\/image\/","url":"https:\/\/yasminfood.ch\/wp-content\/uploads\/2025\/05\/yasmin-food-header-logo.png","contentUrl":"https:\/\/yasminfood.ch\/wp-content\/uploads\/2025\/05\/yasmin-food-header-logo.png","width":330,"height":120,"caption":"\u064a\u0627\u0633\u0645\u064a\u0646 \u0645\u0627\u0631\u0643\u062a"},"image":{"@id":"https:\/\/yasminfood.ch\/de\/#\/schema\/logo\/image\/"},"sameAs":["https:\/\/www.facebook.com\/yasminmarkt1","https:\/\/www.tiktok.com\/@yasminmarkt","https:\/\/www.instagram.com\/yasmin.markt1\/","https:\/\/api.whatsapp.com\/send\/?phone=41799000104"],"publishingPrinciples":"https:\/\/yasminfood.ch\/de\/shop\/","ownershipFundingInfo":"https:\/\/yasminfood.ch\/de\/shop\/"}]},"product_price_amount":"1.95","product_price_currency":"CHF","og_availability":"instock","product_availability":"instock","product_condition":"new"},"jetpack_sharing_enabled":true,"_links":{"self":[{"href":"https:\/\/yasminfood.ch\/de\/wp-json\/wp\/v2\/product\/112950","targetHints":{"allow":["GET"]}}],"collection":[{"href":"https:\/\/yasminfood.ch\/de\/wp-json\/wp\/v2\/product"}],"about":[{"href":"https:\/\/yasminfood.ch\/de\/wp-json\/wp\/v2\/types\/product"}],"replies":[{"embeddable":true,"href":"https:\/\/yasminfood.ch\/de\/wp-json\/wp\/v2\/comments?post=112950"}],"version-history":[{"count":0,"href":"https:\/\/yasminfood.ch\/de\/wp-json\/wp\/v2\/product\/112950\/revisions"}],"wp:featuredmedia":[{"embeddable":true,"href":"https:\/\/yasminfood.ch\/de\/wp-json\/wp\/v2\/media\/112947"}],"wp:attachment":[{"href":"https:\/\/yasminfood.ch\/de\/wp-json\/wp\/v2\/media?parent=112950"}],"wp:term":[{"taxonomy":"product_brand","embeddable":true,"href":"https:\/\/yasminfood.ch\/de\/wp-json\/wp\/v2\/product_brand?post=112950"},{"taxonomy":"product_cat","embeddable":true,"href":"https:\/\/yasminfood.ch\/de\/wp-json\/wp\/v2\/product_cat?post=112950"},{"taxonomy":"product_tag","embeddable":true,"href":"https:\/\/yasminfood.ch\/de\/wp-json\/wp\/v2\/product_tag?post=112950"}],"curies":[{"name":"wp","href":"https:\/\/api.w.org\/{rel}","templated":true}]}}