{"id":112971,"date":"2025-05-26T01:13:44","date_gmt":"2025-05-25T23:14:09","guid":{"rendered":"https:\/\/yasminfood.ch\/product\/kaesehefe-kaeselab-45ml\/"},"modified":"2025-05-26T01:14:09","modified_gmt":"2025-05-25T23:14:09","slug":"kaesehefe-kaeselab-45ml","status":"publish","type":"product","link":"https:\/\/yasminfood.ch\/de\/product\/kaesehefe-kaeselab-45ml\/","title":{"rendered":"K\u00e4sehefe (K\u00e4selab) 45ml"},"content":{"rendered":"<p>K\u00e4sehefe (K\u00e4selab) 45ml<\/p>\n<ul>\n<li>Die Milch in einen Topf auf das Feuer geben, ohne zu kochen, <\/li>\n<li>Damit sie einen Grad erreicht, den die Hand ertragen kann, damit die Bakterien darin nicht absterben, damit die Milch nicht g\u00e4rt. <\/li>\n<\/ul>\n<ul>\n<li>Den Kugelpuffer nach dem Zerkleinern in die Milchmenge geben und gut umr\u00fchren, bis er sich aufgel\u00f6st hat.<\/li>\n<\/ul>\n<ul>\n<li>Gib die Hefel\u00f6sung unter st\u00e4ndigem R\u00fchren \u00fcber die Milch und die Milch gerinnt zu einer einzigen Masse. Stellen Sie den Beh\u00e4lter, nachdem Sie ihn mit einem sauberen Tuch abgedeckt haben, an einen warmen Ort, damit er sich mehr sammelt und einen geronnenen Klumpen bildet.    <\/li>\n<li>Den geformten K\u00e4se auf die Sch\u00fcssel in ein kleines Tuch legen und zusammenrollen und versiegeln, den Vorgang wiederholen, bis die K\u00e4semenge aufgebraucht ist. <\/li>\n<li>Legen Sie die Kugeln in das Tuch in ein Sieb und legen Sie Gewicht darauf, um \u00fcbersch\u00fcssiges Wasser aus dem K\u00e4se zu entfernen.<\/li>\n<li>Die Operation dauerte 4-6 Stunden und nahm dann das Gewicht von ihm.<\/li>\n<li>Die K\u00e4seb\u00e4llchen nach dem Abschrauben des Tuches in eine Sch\u00fcssel geben, mit Salz bestreuen und im K\u00fchlschrank aufbewahren. <\/li>\n<\/ul>\n","protected":false},"excerpt":{"rendered":"<p>K\u00e4sehefe (K\u00e4selab) 45ml<\/p>\n<p> Mozzarella, Ricotta<em>, Cheddar<\/em>, gezackt, gel\u00e4hmt, Paneer, etc. ganz einfach zu Hause <em>herstellen<\/em>!<\/p>\n","protected":false},"featured_media":112969,"comment_status":"open","ping_status":"closed","template":"","meta":[],"product_brand":[],"product_cat":[295],"product_tag":[2214],"class_list":{"0":"post-112971","1":"product","2":"type-product","3":"status-publish","4":"has-post-thumbnail","6":"product_cat-milchprodukte-und-eier","7":"product_tag-labkase","9":"first","10":"instock","11":"taxable","12":"shipping-taxable","13":"purchasable","14":"product-type-simple"},"yoast_head":"<!-- This site is optimized with the Yoast SEO Premium plugin v26.5 (Yoast SEO v27.3) - https:\/\/yoast.com\/product\/yoast-seo-premium-wordpress\/ -->\n<title>K\u00e4sehefe (K\u00e4selab) 45ml - Yasmin Food<\/title>\n<meta name=\"description\" content=\"Perfekt zubereiteter K\u00e4se mit K\u00e4sehefe (Labk\u00e4se) 45ml. Genie\u00dfen Sie hausgemachten K\u00e4se mit nat\u00fcrlichen Zutaten! Yasmin Food K\u00e4sehefe (K\u00e4selab) 45ml\" \/>\n<meta name=\"robots\" content=\"index, follow, max-snippet:-1, max-image-preview:large, max-video-preview:-1\" \/>\n<link rel=\"canonical\" href=\"https:\/\/yasminfood.ch\/de\/product\/kaesehefe-kaeselab-45ml\/\" \/>\n<meta property=\"og:locale\" content=\"de_DE\" \/>\n<meta property=\"og:type\" content=\"article\" \/>\n<meta property=\"og:title\" content=\"K\u00e4sehefe (K\u00e4selab) 45ml\" \/>\n<meta property=\"og:description\" content=\"K\u00e4sehefe (K\u00e4selab) 45ml  Mozzarella, Ricotta, Cheddar, gezackt, gel\u00e4hmt, Paneer, etc. ganz einfach zu Hause herstellen!\" \/>\n<meta property=\"og:url\" content=\"https:\/\/yasminfood.ch\/de\/product\/kaesehefe-kaeselab-45ml\/\" \/>\n<meta property=\"og:site_name\" content=\"Yasmin Food\" \/>\n<meta property=\"article:publisher\" content=\"https:\/\/www.facebook.com\/yasminmarkt1\" \/>\n<meta property=\"og:image\" content=\"https:\/\/yasminfood.ch\/wp-content\/uploads\/2025\/05\/\u062e\u0645\u064a\u0631\u0629-\u0627\u0644\u062c\u0628\u0646\u0629-\u0645\u0646\u0641\u062d\u0629-\u0627\u0644\u062c\u0628\u0646-45\u0645\u0644.png\" \/>\n\t<meta property=\"og:image:width\" content=\"1080\" \/>\n\t<meta property=\"og:image:height\" content=\"1080\" \/>\n\t<meta property=\"og:image:type\" content=\"image\/png\" \/>\n<meta name=\"twitter:card\" content=\"summary_large_image\" \/>\n<meta name=\"twitter:label1\" content=\"Preis\" \/>\n\t<meta name=\"twitter:data1\" content=\"3.95&nbsp;&#067;&#072;&#070;\" \/>\n\t<meta name=\"twitter:label2\" content=\"Verf\u00fcgbarkeit\" \/>\n\t<meta name=\"twitter:data2\" content=\"Auf Lager\" \/>\n<script type=\"application\/ld+json\" class=\"yoast-schema-graph\">{\"@context\":\"https:\\\/\\\/schema.org\",\"@graph\":[{\"@type\":\"WebPage\",\"@id\":\"https:\\\/\\\/yasminfood.ch\\\/de\\\/product\\\/kaesehefe-kaeselab-45ml\\\/\",\"url\":\"https:\\\/\\\/yasminfood.ch\\\/de\\\/product\\\/kaesehefe-kaeselab-45ml\\\/\",\"name\":\"K\u00e4sehefe (K\u00e4selab) 45ml - Yasmin Food\",\"isPartOf\":{\"@id\":\"https:\\\/\\\/yasminfood.ch\\\/de\\\/#website\"},\"primaryImageOfPage\":{\"@id\":\"https:\\\/\\\/yasminfood.ch\\\/de\\\/product\\\/kaesehefe-kaeselab-45ml\\\/#primaryimage\"},\"image\":{\"@id\":\"https:\\\/\\\/yasminfood.ch\\\/de\\\/product\\\/kaesehefe-kaeselab-45ml\\\/#primaryimage\"},\"thumbnailUrl\":\"https:\\\/\\\/yasminfood.ch\\\/wp-content\\\/uploads\\\/2025\\\/05\\\/\u062e\u0645\u064a\u0631\u0629-\u0627\u0644\u062c\u0628\u0646\u0629-\u0645\u0646\u0641\u062d\u0629-\u0627\u0644\u062c\u0628\u0646-45\u0645\u0644.png\",\"datePublished\":\"2025-05-25T23:14:09+00:00\",\"description\":\"Perfekt zubereiteter K\u00e4se mit K\u00e4sehefe (Labk\u00e4se) 45ml. Genie\u00dfen Sie hausgemachten K\u00e4se mit nat\u00fcrlichen Zutaten! Yasmin Food K\u00e4sehefe (K\u00e4selab) 45ml\",\"breadcrumb\":{\"@id\":\"https:\\\/\\\/yasminfood.ch\\\/de\\\/product\\\/kaesehefe-kaeselab-45ml\\\/#breadcrumb\"},\"inLanguage\":\"de\",\"potentialAction\":[{\"@type\":\"ReadAction\",\"target\":[\"https:\\\/\\\/yasminfood.ch\\\/de\\\/product\\\/kaesehefe-kaeselab-45ml\\\/\"]}]},{\"@type\":\"ImageObject\",\"inLanguage\":\"de\",\"@id\":\"https:\\\/\\\/yasminfood.ch\\\/de\\\/product\\\/kaesehefe-kaeselab-45ml\\\/#primaryimage\",\"url\":\"https:\\\/\\\/yasminfood.ch\\\/wp-content\\\/uploads\\\/2025\\\/05\\\/\u062e\u0645\u064a\u0631\u0629-\u0627\u0644\u062c\u0628\u0646\u0629-\u0645\u0646\u0641\u062d\u0629-\u0627\u0644\u062c\u0628\u0646-45\u0645\u0644.png\",\"contentUrl\":\"https:\\\/\\\/yasminfood.ch\\\/wp-content\\\/uploads\\\/2025\\\/05\\\/\u062e\u0645\u064a\u0631\u0629-\u0627\u0644\u062c\u0628\u0646\u0629-\u0645\u0646\u0641\u062d\u0629-\u0627\u0644\u062c\u0628\u0646-45\u0645\u0644.png\",\"width\":1080,\"height\":1080,\"caption\":\"K\u00e4sehefe (K\u00e4selab) 45ml\"},{\"@type\":\"BreadcrumbList\",\"@id\":\"https:\\\/\\\/yasminfood.ch\\\/de\\\/product\\\/kaesehefe-kaeselab-45ml\\\/#breadcrumb\",\"itemListElement\":[{\"@type\":\"ListItem\",\"position\":1,\"name\":\"\u0627\u0644\u0631\u0626\u064a\u0633\u064a\u0629\",\"item\":\"https:\\\/\\\/yasminfood.ch\\\/de\\\/zuhause\\\/\"},{\"@type\":\"ListItem\",\"position\":2,\"name\":\"Shop\",\"item\":\"https:\\\/\\\/yasminfood.ch\\\/de\\\/shop\\\/\"},{\"@type\":\"ListItem\",\"position\":3,\"name\":\"Milchprodukte und Eier\",\"item\":\"https:\\\/\\\/yasminfood.ch\\\/de\\\/produkt-kategorie\\\/milchprodukte-und-eier\\\/\"},{\"@type\":\"ListItem\",\"position\":4,\"name\":\"K\u00e4sehefe (K\u00e4selab) 45ml\"}]},{\"@type\":\"WebSite\",\"@id\":\"https:\\\/\\\/yasminfood.ch\\\/de\\\/#website\",\"url\":\"https:\\\/\\\/yasminfood.ch\\\/de\\\/\",\"name\":\"\u064a\u0627\u0633\u0645\u064a\u0646 \u0645\u0627\u0631\u0643\u062a\",\"description\":\"Alles, was Sie brauchen, an einem Ort\",\"publisher\":{\"@id\":\"https:\\\/\\\/yasminfood.ch\\\/de\\\/#organization\"},\"alternateName\":\"Yasmin Food\",\"potentialAction\":[{\"@type\":\"SearchAction\",\"target\":{\"@type\":\"EntryPoint\",\"urlTemplate\":\"https:\\\/\\\/yasminfood.ch\\\/de\\\/?s={search_term_string}\"},\"query-input\":{\"@type\":\"PropertyValueSpecification\",\"valueRequired\":true,\"valueName\":\"search_term_string\"}}],\"inLanguage\":\"de\"},{\"@type\":\"Organization\",\"@id\":\"https:\\\/\\\/yasminfood.ch\\\/de\\\/#organization\",\"name\":\"\u064a\u0627\u0633\u0645\u064a\u0646 \u0645\u0627\u0631\u0643\u062a\",\"alternateName\":\"Yasmin Food\",\"url\":\"https:\\\/\\\/yasminfood.ch\\\/de\\\/\",\"logo\":{\"@type\":\"ImageObject\",\"inLanguage\":\"de\",\"@id\":\"https:\\\/\\\/yasminfood.ch\\\/de\\\/#\\\/schema\\\/logo\\\/image\\\/\",\"url\":\"https:\\\/\\\/yasminfood.ch\\\/wp-content\\\/uploads\\\/2025\\\/05\\\/yasmin-food-header-logo.png\",\"contentUrl\":\"https:\\\/\\\/yasminfood.ch\\\/wp-content\\\/uploads\\\/2025\\\/05\\\/yasmin-food-header-logo.png\",\"width\":330,\"height\":120,\"caption\":\"\u064a\u0627\u0633\u0645\u064a\u0646 \u0645\u0627\u0631\u0643\u062a\"},\"image\":{\"@id\":\"https:\\\/\\\/yasminfood.ch\\\/de\\\/#\\\/schema\\\/logo\\\/image\\\/\"},\"sameAs\":[\"https:\\\/\\\/www.facebook.com\\\/yasminmarkt1\",\"https:\\\/\\\/www.tiktok.com\\\/@yasminmarkt\",\"https:\\\/\\\/www.instagram.com\\\/yasmin.markt1\\\/\",\"https:\\\/\\\/api.whatsapp.com\\\/send\\\/?phone=41799000104\"],\"publishingPrinciples\":\"https:\\\/\\\/yasminfood.ch\\\/de\\\/shop\\\/\",\"ownershipFundingInfo\":\"https:\\\/\\\/yasminfood.ch\\\/de\\\/shop\\\/\"}]}<\/script>\n<meta property=\"product:price:amount\" content=\"3.95\" \/>\n<meta property=\"product:price:currency\" content=\"CHF\" \/>\n<meta property=\"og:availability\" content=\"instock\" \/>\n<meta property=\"product:availability\" content=\"instock\" \/>\n<meta property=\"product:condition\" content=\"new\" \/>\n<!-- \/ Yoast SEO Premium plugin. -->","yoast_head_json":{"title":"K\u00e4sehefe (K\u00e4selab) 45ml - Yasmin Food","description":"Perfekt zubereiteter K\u00e4se mit K\u00e4sehefe (Labk\u00e4se) 45ml. Genie\u00dfen Sie hausgemachten K\u00e4se mit nat\u00fcrlichen Zutaten! Yasmin Food K\u00e4sehefe (K\u00e4selab) 45ml","robots":{"index":"index","follow":"follow","max-snippet":"max-snippet:-1","max-image-preview":"max-image-preview:large","max-video-preview":"max-video-preview:-1"},"canonical":"https:\/\/yasminfood.ch\/de\/product\/kaesehefe-kaeselab-45ml\/","og_locale":"de_DE","og_type":"article","og_title":"K\u00e4sehefe (K\u00e4selab) 45ml","og_description":"K\u00e4sehefe (K\u00e4selab) 45ml  Mozzarella, Ricotta, Cheddar, gezackt, gel\u00e4hmt, Paneer, etc. ganz einfach zu Hause herstellen!","og_url":"https:\/\/yasminfood.ch\/de\/product\/kaesehefe-kaeselab-45ml\/","og_site_name":"Yasmin Food","article_publisher":"https:\/\/www.facebook.com\/yasminmarkt1","og_image":[{"width":1080,"height":1080,"url":"https:\/\/yasminfood.ch\/wp-content\/uploads\/2025\/05\/\u062e\u0645\u064a\u0631\u0629-\u0627\u0644\u062c\u0628\u0646\u0629-\u0645\u0646\u0641\u062d\u0629-\u0627\u0644\u062c\u0628\u0646-45\u0645\u0644.png","type":"image\/png"}],"twitter_card":"summary_large_image","twitter_misc":{"Preis":"3.95&nbsp;&#67;&#72;&#70;","Verf\u00fcgbarkeit":"Auf Lager"},"schema":{"@context":"https:\/\/schema.org","@graph":[{"@type":"WebPage","@id":"https:\/\/yasminfood.ch\/de\/product\/kaesehefe-kaeselab-45ml\/","url":"https:\/\/yasminfood.ch\/de\/product\/kaesehefe-kaeselab-45ml\/","name":"K\u00e4sehefe (K\u00e4selab) 45ml - Yasmin Food","isPartOf":{"@id":"https:\/\/yasminfood.ch\/de\/#website"},"primaryImageOfPage":{"@id":"https:\/\/yasminfood.ch\/de\/product\/kaesehefe-kaeselab-45ml\/#primaryimage"},"image":{"@id":"https:\/\/yasminfood.ch\/de\/product\/kaesehefe-kaeselab-45ml\/#primaryimage"},"thumbnailUrl":"https:\/\/yasminfood.ch\/wp-content\/uploads\/2025\/05\/\u062e\u0645\u064a\u0631\u0629-\u0627\u0644\u062c\u0628\u0646\u0629-\u0645\u0646\u0641\u062d\u0629-\u0627\u0644\u062c\u0628\u0646-45\u0645\u0644.png","datePublished":"2025-05-25T23:14:09+00:00","description":"Perfekt zubereiteter K\u00e4se mit K\u00e4sehefe (Labk\u00e4se) 45ml. Genie\u00dfen Sie hausgemachten K\u00e4se mit nat\u00fcrlichen Zutaten! Yasmin Food K\u00e4sehefe (K\u00e4selab) 45ml","breadcrumb":{"@id":"https:\/\/yasminfood.ch\/de\/product\/kaesehefe-kaeselab-45ml\/#breadcrumb"},"inLanguage":"de","potentialAction":[{"@type":"ReadAction","target":["https:\/\/yasminfood.ch\/de\/product\/kaesehefe-kaeselab-45ml\/"]}]},{"@type":"ImageObject","inLanguage":"de","@id":"https:\/\/yasminfood.ch\/de\/product\/kaesehefe-kaeselab-45ml\/#primaryimage","url":"https:\/\/yasminfood.ch\/wp-content\/uploads\/2025\/05\/\u062e\u0645\u064a\u0631\u0629-\u0627\u0644\u062c\u0628\u0646\u0629-\u0645\u0646\u0641\u062d\u0629-\u0627\u0644\u062c\u0628\u0646-45\u0645\u0644.png","contentUrl":"https:\/\/yasminfood.ch\/wp-content\/uploads\/2025\/05\/\u062e\u0645\u064a\u0631\u0629-\u0627\u0644\u062c\u0628\u0646\u0629-\u0645\u0646\u0641\u062d\u0629-\u0627\u0644\u062c\u0628\u0646-45\u0645\u0644.png","width":1080,"height":1080,"caption":"K\u00e4sehefe (K\u00e4selab) 45ml"},{"@type":"BreadcrumbList","@id":"https:\/\/yasminfood.ch\/de\/product\/kaesehefe-kaeselab-45ml\/#breadcrumb","itemListElement":[{"@type":"ListItem","position":1,"name":"\u0627\u0644\u0631\u0626\u064a\u0633\u064a\u0629","item":"https:\/\/yasminfood.ch\/de\/zuhause\/"},{"@type":"ListItem","position":2,"name":"Shop","item":"https:\/\/yasminfood.ch\/de\/shop\/"},{"@type":"ListItem","position":3,"name":"Milchprodukte und Eier","item":"https:\/\/yasminfood.ch\/de\/produkt-kategorie\/milchprodukte-und-eier\/"},{"@type":"ListItem","position":4,"name":"K\u00e4sehefe (K\u00e4selab) 45ml"}]},{"@type":"WebSite","@id":"https:\/\/yasminfood.ch\/de\/#website","url":"https:\/\/yasminfood.ch\/de\/","name":"\u064a\u0627\u0633\u0645\u064a\u0646 \u0645\u0627\u0631\u0643\u062a","description":"Alles, was Sie brauchen, an einem Ort","publisher":{"@id":"https:\/\/yasminfood.ch\/de\/#organization"},"alternateName":"Yasmin Food","potentialAction":[{"@type":"SearchAction","target":{"@type":"EntryPoint","urlTemplate":"https:\/\/yasminfood.ch\/de\/?s={search_term_string}"},"query-input":{"@type":"PropertyValueSpecification","valueRequired":true,"valueName":"search_term_string"}}],"inLanguage":"de"},{"@type":"Organization","@id":"https:\/\/yasminfood.ch\/de\/#organization","name":"\u064a\u0627\u0633\u0645\u064a\u0646 \u0645\u0627\u0631\u0643\u062a","alternateName":"Yasmin Food","url":"https:\/\/yasminfood.ch\/de\/","logo":{"@type":"ImageObject","inLanguage":"de","@id":"https:\/\/yasminfood.ch\/de\/#\/schema\/logo\/image\/","url":"https:\/\/yasminfood.ch\/wp-content\/uploads\/2025\/05\/yasmin-food-header-logo.png","contentUrl":"https:\/\/yasminfood.ch\/wp-content\/uploads\/2025\/05\/yasmin-food-header-logo.png","width":330,"height":120,"caption":"\u064a\u0627\u0633\u0645\u064a\u0646 \u0645\u0627\u0631\u0643\u062a"},"image":{"@id":"https:\/\/yasminfood.ch\/de\/#\/schema\/logo\/image\/"},"sameAs":["https:\/\/www.facebook.com\/yasminmarkt1","https:\/\/www.tiktok.com\/@yasminmarkt","https:\/\/www.instagram.com\/yasmin.markt1\/","https:\/\/api.whatsapp.com\/send\/?phone=41799000104"],"publishingPrinciples":"https:\/\/yasminfood.ch\/de\/shop\/","ownershipFundingInfo":"https:\/\/yasminfood.ch\/de\/shop\/"}]},"product_price_amount":"3.95","product_price_currency":"CHF","og_availability":"instock","product_availability":"instock","product_condition":"new"},"jetpack_sharing_enabled":true,"_links":{"self":[{"href":"https:\/\/yasminfood.ch\/de\/wp-json\/wp\/v2\/product\/112971","targetHints":{"allow":["GET"]}}],"collection":[{"href":"https:\/\/yasminfood.ch\/de\/wp-json\/wp\/v2\/product"}],"about":[{"href":"https:\/\/yasminfood.ch\/de\/wp-json\/wp\/v2\/types\/product"}],"replies":[{"embeddable":true,"href":"https:\/\/yasminfood.ch\/de\/wp-json\/wp\/v2\/comments?post=112971"}],"version-history":[{"count":0,"href":"https:\/\/yasminfood.ch\/de\/wp-json\/wp\/v2\/product\/112971\/revisions"}],"wp:featuredmedia":[{"embeddable":true,"href":"https:\/\/yasminfood.ch\/de\/wp-json\/wp\/v2\/media\/112969"}],"wp:attachment":[{"href":"https:\/\/yasminfood.ch\/de\/wp-json\/wp\/v2\/media?parent=112971"}],"wp:term":[{"taxonomy":"product_brand","embeddable":true,"href":"https:\/\/yasminfood.ch\/de\/wp-json\/wp\/v2\/product_brand?post=112971"},{"taxonomy":"product_cat","embeddable":true,"href":"https:\/\/yasminfood.ch\/de\/wp-json\/wp\/v2\/product_cat?post=112971"},{"taxonomy":"product_tag","embeddable":true,"href":"https:\/\/yasminfood.ch\/de\/wp-json\/wp\/v2\/product_tag?post=112971"}],"curies":[{"name":"wp","href":"https:\/\/api.w.org\/{rel}","templated":true}]}}