{"id":113078,"date":"2025-05-26T12:30:38","date_gmt":"2025-05-26T10:30:38","guid":{"rendered":"https:\/\/yasminfood.ch\/product\/rani-chia-samen-granatapfel-saft-290-ml\/"},"modified":"2025-05-26T12:31:16","modified_gmt":"2025-05-26T10:31:16","slug":"rani-chia-samen-granatapfel-saft-290-ml","status":"publish","type":"product","link":"https:\/\/yasminfood.ch\/de\/product\/rani-chia-samen-granatapfel-saft-290-ml\/","title":{"rendered":"Rani Chia Samen Granatapfel Saft 290 ml"},"content":{"rendered":"<p>Rani Chia Samen Granatapfel Saft 290 ml<\/p>\n<ul>\n<li>Es ist ein erfrischendes und unverwechselbares Getr\u00e4nk, das einen abwechslungsreichen Geschmack von Granatapfel mit einem Hauch von unverwechselbaren Basilikumsamen kombiniert. Es wird in einer 290-ml-Flasche geliefert und ist somit eine gute Wahl, um es jederzeit als Erfrischungsgetr\u00e4nk zu genie\u00dfen.  <\/li>\n<\/ul>\n","protected":false},"excerpt":{"rendered":"<p>Rani Chia Samen Granatapfel Saft 290 ml<\/p>\n<ul>\n<li>Es ist ein erfrischendes und unverwechselbares Getr\u00e4nk, das einen abwechslungsreichen Geschmack von Granatapfel mit einem Hauch von unverwechselbaren Basilikumsamen kombiniert. Es wird in einer 290-ml-Flasche geliefert und ist somit eine gute Wahl, um es jederzeit als Erfrischungsgetr\u00e4nk zu genie\u00dfen.  <\/li>\n<\/ul>\n","protected":false},"featured_media":113060,"comment_status":"open","ping_status":"closed","template":"","meta":[],"product_brand":[],"product_cat":[367,378],"product_tag":[413],"class_list":{"0":"post-113078","1":"product","2":"type-product","3":"status-publish","4":"has-post-thumbnail","6":"product_cat-getraenke-fluessigkeiten","7":"product_cat-safte","8":"product_tag-naturlicher-erfrischender-saft","10":"first","11":"outofstock","12":"taxable","13":"shipping-taxable","14":"purchasable","15":"product-type-simple"},"yoast_head":"<!-- This site is optimized with the Yoast SEO Premium plugin v26.5 (Yoast SEO v27.5) - https:\/\/yoast.com\/product\/yoast-seo-premium-wordpress\/ -->\n<title>Rani Chia Samen Granatapfel Saft 290 ml - Yasmin Food<\/title>\n<meta name=\"description\" content=\"Genie\u00dfen Sie ein einzigartiges Erlebnis mit Rani Chiasamensaft Granatapfel 290ml. Sein gro\u00dfartiger Geschmack macht ihn immer zur perfekten Wahl f\u00fcr Sie! Rani Chia Samen Granatapfel Saft 290 ml\" \/>\n<meta name=\"robots\" content=\"index, follow, max-snippet:-1, max-image-preview:large, max-video-preview:-1\" \/>\n<link rel=\"canonical\" href=\"https:\/\/yasminfood.ch\/de\/product\/rani-chia-samen-granatapfel-saft-290-ml\/\" \/>\n<meta property=\"og:locale\" content=\"de_DE\" \/>\n<meta property=\"og:type\" content=\"article\" \/>\n<meta property=\"og:title\" content=\"Rani Chia Samen Granatapfel Saft 290 ml\" \/>\n<meta property=\"og:description\" content=\"Rani Chia Samen Granatapfel Saft 290 ml  Es ist ein erfrischendes und unverwechselbares Getr\u00e4nk, das einen abwechslungsreichen Geschmack von Granatapfel mit einem Hauch von unverwechselbaren Basilikumsamen kombiniert. Es wird in einer 290-ml-Flasche geliefert und ist somit eine gute Wahl, um es jederzeit als Erfrischungsgetr\u00e4nk zu genie\u00dfen.\" \/>\n<meta property=\"og:url\" content=\"https:\/\/yasminfood.ch\/de\/product\/rani-chia-samen-granatapfel-saft-290-ml\/\" \/>\n<meta property=\"og:site_name\" content=\"Yasmin Food\" \/>\n<meta property=\"article:publisher\" content=\"https:\/\/www.facebook.com\/yasminmarkt1\" \/>\n<meta property=\"article:modified_time\" content=\"2025-05-26T10:31:16+00:00\" \/>\n<meta property=\"og:image\" content=\"https:\/\/yasminfood.ch\/wp-content\/uploads\/2025\/05\/\u0631\u0627\u0646\u064a-\u0639\u0635\u064a\u0631-\u0628\u0630\u0648\u0631-\u0627\u0644\u0634\u064a\u0627-\u0628\u0637\u0639\u0645-\u0627\u0644\u0631\u0645\u0627\u0646290-\u0645\u0644.png\" \/>\n\t<meta property=\"og:image:width\" content=\"1080\" \/>\n\t<meta property=\"og:image:height\" content=\"1080\" \/>\n\t<meta property=\"og:image:type\" content=\"image\/png\" \/>\n<meta name=\"twitter:card\" content=\"summary_large_image\" \/>\n<meta name=\"twitter:label1\" content=\"Preis\" \/>\n\t<meta name=\"twitter:data1\" content=\"1.50&nbsp;&#067;&#072;&#070;\" \/>\n\t<meta name=\"twitter:label2\" content=\"Verf\u00fcgbarkeit\" \/>\n\t<meta name=\"twitter:data2\" content=\"ausverkauft\" \/>\n<script type=\"application\/ld+json\" class=\"yoast-schema-graph\">{\"@context\":\"https:\\\/\\\/schema.org\",\"@graph\":[{\"@type\":\"WebPage\",\"@id\":\"https:\\\/\\\/yasminfood.ch\\\/de\\\/product\\\/rani-chia-samen-granatapfel-saft-290-ml\\\/\",\"url\":\"https:\\\/\\\/yasminfood.ch\\\/de\\\/product\\\/rani-chia-samen-granatapfel-saft-290-ml\\\/\",\"name\":\"Rani Chia Samen Granatapfel Saft 290 ml - Yasmin Food\",\"isPartOf\":{\"@id\":\"https:\\\/\\\/yasminfood.ch\\\/de\\\/#website\"},\"primaryImageOfPage\":{\"@id\":\"https:\\\/\\\/yasminfood.ch\\\/de\\\/product\\\/rani-chia-samen-granatapfel-saft-290-ml\\\/#primaryimage\"},\"image\":{\"@id\":\"https:\\\/\\\/yasminfood.ch\\\/de\\\/product\\\/rani-chia-samen-granatapfel-saft-290-ml\\\/#primaryimage\"},\"thumbnailUrl\":\"https:\\\/\\\/yasminfood.ch\\\/wp-content\\\/uploads\\\/2025\\\/05\\\/\u0631\u0627\u0646\u064a-\u0639\u0635\u064a\u0631-\u0628\u0630\u0648\u0631-\u0627\u0644\u0634\u064a\u0627-\u0628\u0637\u0639\u0645-\u0627\u0644\u0631\u0645\u0627\u0646290-\u0645\u0644.png\",\"datePublished\":\"2025-05-26T10:30:38+00:00\",\"dateModified\":\"2025-05-26T10:31:16+00:00\",\"description\":\"Genie\u00dfen Sie ein einzigartiges Erlebnis mit Rani Chiasamensaft Granatapfel 290ml. Sein gro\u00dfartiger Geschmack macht ihn immer zur perfekten Wahl f\u00fcr Sie! Rani Chia Samen Granatapfel Saft 290 ml\",\"breadcrumb\":{\"@id\":\"https:\\\/\\\/yasminfood.ch\\\/de\\\/product\\\/rani-chia-samen-granatapfel-saft-290-ml\\\/#breadcrumb\"},\"inLanguage\":\"de\",\"potentialAction\":[{\"@type\":\"ReadAction\",\"target\":[\"https:\\\/\\\/yasminfood.ch\\\/de\\\/product\\\/rani-chia-samen-granatapfel-saft-290-ml\\\/\"]}]},{\"@type\":\"ImageObject\",\"inLanguage\":\"de\",\"@id\":\"https:\\\/\\\/yasminfood.ch\\\/de\\\/product\\\/rani-chia-samen-granatapfel-saft-290-ml\\\/#primaryimage\",\"url\":\"https:\\\/\\\/yasminfood.ch\\\/wp-content\\\/uploads\\\/2025\\\/05\\\/\u0631\u0627\u0646\u064a-\u0639\u0635\u064a\u0631-\u0628\u0630\u0648\u0631-\u0627\u0644\u0634\u064a\u0627-\u0628\u0637\u0639\u0645-\u0627\u0644\u0631\u0645\u0627\u0646290-\u0645\u0644.png\",\"contentUrl\":\"https:\\\/\\\/yasminfood.ch\\\/wp-content\\\/uploads\\\/2025\\\/05\\\/\u0631\u0627\u0646\u064a-\u0639\u0635\u064a\u0631-\u0628\u0630\u0648\u0631-\u0627\u0644\u0634\u064a\u0627-\u0628\u0637\u0639\u0645-\u0627\u0644\u0631\u0645\u0627\u0646290-\u0645\u0644.png\",\"width\":1080,\"height\":1080,\"caption\":\"Rani Chia Samen Granatapfel Saft 290 ml\"},{\"@type\":\"BreadcrumbList\",\"@id\":\"https:\\\/\\\/yasminfood.ch\\\/de\\\/product\\\/rani-chia-samen-granatapfel-saft-290-ml\\\/#breadcrumb\",\"itemListElement\":[{\"@type\":\"ListItem\",\"position\":1,\"name\":\"\u0627\u0644\u0631\u0626\u064a\u0633\u064a\u0629\",\"item\":\"https:\\\/\\\/yasminfood.ch\\\/de\\\/zuhause\\\/\"},{\"@type\":\"ListItem\",\"position\":2,\"name\":\"Shop\",\"item\":\"https:\\\/\\\/yasminfood.ch\\\/de\\\/shop\\\/\"},{\"@type\":\"ListItem\",\"position\":3,\"name\":\"Getr\u00e4nke &amp; Fl\u00fcssigkeiten\",\"item\":\"https:\\\/\\\/yasminfood.ch\\\/de\\\/produkt-kategorie\\\/getraenke-fluessigkeiten\\\/\"},{\"@type\":\"ListItem\",\"position\":4,\"name\":\"Rani Chia Samen Granatapfel Saft 290 ml\"}]},{\"@type\":\"WebSite\",\"@id\":\"https:\\\/\\\/yasminfood.ch\\\/de\\\/#website\",\"url\":\"https:\\\/\\\/yasminfood.ch\\\/de\\\/\",\"name\":\"\u064a\u0627\u0633\u0645\u064a\u0646 \u0645\u0627\u0631\u0643\u062a\",\"description\":\"Alles, was Sie brauchen, an einem Ort\",\"publisher\":{\"@id\":\"https:\\\/\\\/yasminfood.ch\\\/de\\\/#organization\"},\"alternateName\":\"Yasmin Food\",\"potentialAction\":[{\"@type\":\"SearchAction\",\"target\":{\"@type\":\"EntryPoint\",\"urlTemplate\":\"https:\\\/\\\/yasminfood.ch\\\/de\\\/?s={search_term_string}\"},\"query-input\":{\"@type\":\"PropertyValueSpecification\",\"valueRequired\":true,\"valueName\":\"search_term_string\"}}],\"inLanguage\":\"de\"},{\"@type\":\"Organization\",\"@id\":\"https:\\\/\\\/yasminfood.ch\\\/de\\\/#organization\",\"name\":\"\u064a\u0627\u0633\u0645\u064a\u0646 \u0645\u0627\u0631\u0643\u062a\",\"alternateName\":\"Yasmin Food\",\"url\":\"https:\\\/\\\/yasminfood.ch\\\/de\\\/\",\"logo\":{\"@type\":\"ImageObject\",\"inLanguage\":\"de\",\"@id\":\"https:\\\/\\\/yasminfood.ch\\\/de\\\/#\\\/schema\\\/logo\\\/image\\\/\",\"url\":\"https:\\\/\\\/yasminfood.ch\\\/wp-content\\\/uploads\\\/2025\\\/05\\\/yasmin-food-header-logo.png\",\"contentUrl\":\"https:\\\/\\\/yasminfood.ch\\\/wp-content\\\/uploads\\\/2025\\\/05\\\/yasmin-food-header-logo.png\",\"width\":330,\"height\":120,\"caption\":\"\u064a\u0627\u0633\u0645\u064a\u0646 \u0645\u0627\u0631\u0643\u062a\"},\"image\":{\"@id\":\"https:\\\/\\\/yasminfood.ch\\\/de\\\/#\\\/schema\\\/logo\\\/image\\\/\"},\"sameAs\":[\"https:\\\/\\\/www.facebook.com\\\/yasminmarkt1\",\"https:\\\/\\\/www.tiktok.com\\\/@yasminmarkt\",\"https:\\\/\\\/www.instagram.com\\\/yasmin.markt1\\\/\",\"https:\\\/\\\/api.whatsapp.com\\\/send\\\/?phone=41799000104\"],\"publishingPrinciples\":\"https:\\\/\\\/yasminfood.ch\\\/de\\\/shop\\\/\",\"ownershipFundingInfo\":\"https:\\\/\\\/yasminfood.ch\\\/de\\\/shop\\\/\"}]}<\/script>\n<meta property=\"product:price:amount\" content=\"1.50\" \/>\n<meta property=\"product:price:currency\" content=\"CHF\" \/>\n<meta property=\"og:availability\" content=\"out of stock\" \/>\n<meta property=\"product:availability\" content=\"out of stock\" \/>\n<meta property=\"product:condition\" content=\"new\" \/>\n<!-- \/ Yoast SEO Premium plugin. -->","yoast_head_json":{"title":"Rani Chia Samen Granatapfel Saft 290 ml - Yasmin Food","description":"Genie\u00dfen Sie ein einzigartiges Erlebnis mit Rani Chiasamensaft Granatapfel 290ml. Sein gro\u00dfartiger Geschmack macht ihn immer zur perfekten Wahl f\u00fcr Sie! Rani Chia Samen Granatapfel Saft 290 ml","robots":{"index":"index","follow":"follow","max-snippet":"max-snippet:-1","max-image-preview":"max-image-preview:large","max-video-preview":"max-video-preview:-1"},"canonical":"https:\/\/yasminfood.ch\/de\/product\/rani-chia-samen-granatapfel-saft-290-ml\/","og_locale":"de_DE","og_type":"article","og_title":"Rani Chia Samen Granatapfel Saft 290 ml","og_description":"Rani Chia Samen Granatapfel Saft 290 ml  Es ist ein erfrischendes und unverwechselbares Getr\u00e4nk, das einen abwechslungsreichen Geschmack von Granatapfel mit einem Hauch von unverwechselbaren Basilikumsamen kombiniert. Es wird in einer 290-ml-Flasche geliefert und ist somit eine gute Wahl, um es jederzeit als Erfrischungsgetr\u00e4nk zu genie\u00dfen.","og_url":"https:\/\/yasminfood.ch\/de\/product\/rani-chia-samen-granatapfel-saft-290-ml\/","og_site_name":"Yasmin Food","article_publisher":"https:\/\/www.facebook.com\/yasminmarkt1","article_modified_time":"2025-05-26T10:31:16+00:00","og_image":[{"width":1080,"height":1080,"url":"https:\/\/yasminfood.ch\/wp-content\/uploads\/2025\/05\/\u0631\u0627\u0646\u064a-\u0639\u0635\u064a\u0631-\u0628\u0630\u0648\u0631-\u0627\u0644\u0634\u064a\u0627-\u0628\u0637\u0639\u0645-\u0627\u0644\u0631\u0645\u0627\u0646290-\u0645\u0644.png","type":"image\/png"}],"twitter_card":"summary_large_image","twitter_misc":{"Preis":"1.50&nbsp;&#67;&#72;&#70;","Verf\u00fcgbarkeit":"ausverkauft"},"schema":{"@context":"https:\/\/schema.org","@graph":[{"@type":"WebPage","@id":"https:\/\/yasminfood.ch\/de\/product\/rani-chia-samen-granatapfel-saft-290-ml\/","url":"https:\/\/yasminfood.ch\/de\/product\/rani-chia-samen-granatapfel-saft-290-ml\/","name":"Rani Chia Samen Granatapfel Saft 290 ml - Yasmin Food","isPartOf":{"@id":"https:\/\/yasminfood.ch\/de\/#website"},"primaryImageOfPage":{"@id":"https:\/\/yasminfood.ch\/de\/product\/rani-chia-samen-granatapfel-saft-290-ml\/#primaryimage"},"image":{"@id":"https:\/\/yasminfood.ch\/de\/product\/rani-chia-samen-granatapfel-saft-290-ml\/#primaryimage"},"thumbnailUrl":"https:\/\/yasminfood.ch\/wp-content\/uploads\/2025\/05\/\u0631\u0627\u0646\u064a-\u0639\u0635\u064a\u0631-\u0628\u0630\u0648\u0631-\u0627\u0644\u0634\u064a\u0627-\u0628\u0637\u0639\u0645-\u0627\u0644\u0631\u0645\u0627\u0646290-\u0645\u0644.png","datePublished":"2025-05-26T10:30:38+00:00","dateModified":"2025-05-26T10:31:16+00:00","description":"Genie\u00dfen Sie ein einzigartiges Erlebnis mit Rani Chiasamensaft Granatapfel 290ml. Sein gro\u00dfartiger Geschmack macht ihn immer zur perfekten Wahl f\u00fcr Sie! Rani Chia Samen Granatapfel Saft 290 ml","breadcrumb":{"@id":"https:\/\/yasminfood.ch\/de\/product\/rani-chia-samen-granatapfel-saft-290-ml\/#breadcrumb"},"inLanguage":"de","potentialAction":[{"@type":"ReadAction","target":["https:\/\/yasminfood.ch\/de\/product\/rani-chia-samen-granatapfel-saft-290-ml\/"]}]},{"@type":"ImageObject","inLanguage":"de","@id":"https:\/\/yasminfood.ch\/de\/product\/rani-chia-samen-granatapfel-saft-290-ml\/#primaryimage","url":"https:\/\/yasminfood.ch\/wp-content\/uploads\/2025\/05\/\u0631\u0627\u0646\u064a-\u0639\u0635\u064a\u0631-\u0628\u0630\u0648\u0631-\u0627\u0644\u0634\u064a\u0627-\u0628\u0637\u0639\u0645-\u0627\u0644\u0631\u0645\u0627\u0646290-\u0645\u0644.png","contentUrl":"https:\/\/yasminfood.ch\/wp-content\/uploads\/2025\/05\/\u0631\u0627\u0646\u064a-\u0639\u0635\u064a\u0631-\u0628\u0630\u0648\u0631-\u0627\u0644\u0634\u064a\u0627-\u0628\u0637\u0639\u0645-\u0627\u0644\u0631\u0645\u0627\u0646290-\u0645\u0644.png","width":1080,"height":1080,"caption":"Rani Chia Samen Granatapfel Saft 290 ml"},{"@type":"BreadcrumbList","@id":"https:\/\/yasminfood.ch\/de\/product\/rani-chia-samen-granatapfel-saft-290-ml\/#breadcrumb","itemListElement":[{"@type":"ListItem","position":1,"name":"\u0627\u0644\u0631\u0626\u064a\u0633\u064a\u0629","item":"https:\/\/yasminfood.ch\/de\/zuhause\/"},{"@type":"ListItem","position":2,"name":"Shop","item":"https:\/\/yasminfood.ch\/de\/shop\/"},{"@type":"ListItem","position":3,"name":"Getr\u00e4nke &amp; Fl\u00fcssigkeiten","item":"https:\/\/yasminfood.ch\/de\/produkt-kategorie\/getraenke-fluessigkeiten\/"},{"@type":"ListItem","position":4,"name":"Rani Chia Samen Granatapfel Saft 290 ml"}]},{"@type":"WebSite","@id":"https:\/\/yasminfood.ch\/de\/#website","url":"https:\/\/yasminfood.ch\/de\/","name":"\u064a\u0627\u0633\u0645\u064a\u0646 \u0645\u0627\u0631\u0643\u062a","description":"Alles, was Sie brauchen, an einem Ort","publisher":{"@id":"https:\/\/yasminfood.ch\/de\/#organization"},"alternateName":"Yasmin Food","potentialAction":[{"@type":"SearchAction","target":{"@type":"EntryPoint","urlTemplate":"https:\/\/yasminfood.ch\/de\/?s={search_term_string}"},"query-input":{"@type":"PropertyValueSpecification","valueRequired":true,"valueName":"search_term_string"}}],"inLanguage":"de"},{"@type":"Organization","@id":"https:\/\/yasminfood.ch\/de\/#organization","name":"\u064a\u0627\u0633\u0645\u064a\u0646 \u0645\u0627\u0631\u0643\u062a","alternateName":"Yasmin Food","url":"https:\/\/yasminfood.ch\/de\/","logo":{"@type":"ImageObject","inLanguage":"de","@id":"https:\/\/yasminfood.ch\/de\/#\/schema\/logo\/image\/","url":"https:\/\/yasminfood.ch\/wp-content\/uploads\/2025\/05\/yasmin-food-header-logo.png","contentUrl":"https:\/\/yasminfood.ch\/wp-content\/uploads\/2025\/05\/yasmin-food-header-logo.png","width":330,"height":120,"caption":"\u064a\u0627\u0633\u0645\u064a\u0646 \u0645\u0627\u0631\u0643\u062a"},"image":{"@id":"https:\/\/yasminfood.ch\/de\/#\/schema\/logo\/image\/"},"sameAs":["https:\/\/www.facebook.com\/yasminmarkt1","https:\/\/www.tiktok.com\/@yasminmarkt","https:\/\/www.instagram.com\/yasmin.markt1\/","https:\/\/api.whatsapp.com\/send\/?phone=41799000104"],"publishingPrinciples":"https:\/\/yasminfood.ch\/de\/shop\/","ownershipFundingInfo":"https:\/\/yasminfood.ch\/de\/shop\/"}]},"product_price_amount":"1.50","product_price_currency":"CHF","og_availability":"out of stock","product_availability":"out of stock","product_condition":"new"},"jetpack_sharing_enabled":true,"_links":{"self":[{"href":"https:\/\/yasminfood.ch\/de\/wp-json\/wp\/v2\/product\/113078","targetHints":{"allow":["GET"]}}],"collection":[{"href":"https:\/\/yasminfood.ch\/de\/wp-json\/wp\/v2\/product"}],"about":[{"href":"https:\/\/yasminfood.ch\/de\/wp-json\/wp\/v2\/types\/product"}],"replies":[{"embeddable":true,"href":"https:\/\/yasminfood.ch\/de\/wp-json\/wp\/v2\/comments?post=113078"}],"version-history":[{"count":0,"href":"https:\/\/yasminfood.ch\/de\/wp-json\/wp\/v2\/product\/113078\/revisions"}],"wp:featuredmedia":[{"embeddable":true,"href":"https:\/\/yasminfood.ch\/de\/wp-json\/wp\/v2\/media\/113060"}],"wp:attachment":[{"href":"https:\/\/yasminfood.ch\/de\/wp-json\/wp\/v2\/media?parent=113078"}],"wp:term":[{"taxonomy":"product_brand","embeddable":true,"href":"https:\/\/yasminfood.ch\/de\/wp-json\/wp\/v2\/product_brand?post=113078"},{"taxonomy":"product_cat","embeddable":true,"href":"https:\/\/yasminfood.ch\/de\/wp-json\/wp\/v2\/product_cat?post=113078"},{"taxonomy":"product_tag","embeddable":true,"href":"https:\/\/yasminfood.ch\/de\/wp-json\/wp\/v2\/product_tag?post=113078"}],"curies":[{"name":"wp","href":"https:\/\/api.w.org\/{rel}","templated":true}]}}