{"id":113089,"date":"2025-05-26T13:03:20","date_gmt":"2025-05-26T11:04:15","guid":{"rendered":"https:\/\/yasminfood.ch\/product\/afghanische-pinienkerne-100g\/"},"modified":"2025-05-26T18:02:33","modified_gmt":"2025-05-26T16:02:33","slug":"afghanische-pinienkerne-100g","status":"publish","type":"product","link":"https:\/\/yasminfood.ch\/de\/product\/afghanische-pinienkerne-100g\/","title":{"rendered":"Pakistanische Pinienkerne 100g"},"content":{"rendered":"<p>Pakistanische Pinienkerne 100g 100% nat\u00fcrliche und ungesalzene Quelle, reich an Proteinen, Magnesium und Zink<\/p>\n<ul>\n<li data-start=\"361\" data-end=\"384\">\n<p data-start=\"363\" data-end=\"384\">Sorgf\u00e4ltig gepfl\u00fcckt und vorbereitet, um h\u00f6chste Qualit\u00e4t zu gew\u00e4hrleisten<\/p>\n<\/li>\n<li data-start=\"471\" data-end=\"515\">\n<p data-start=\"473\" data-end=\"515\">Geeignet zum Kochen, f\u00fcr Desserts oder als gesunder Snack <\/p>\n<\/li>\n<li data-start=\"471\" data-end=\"515\">Verw\u00f6hnen Sie Ihren Gaumen mit den feinsten nat\u00fcrlichen Pinienkernen<\/li>\n<li data-start=\"471\" data-end=\"515\">Diese Pinienkerne zeichnen sich durch ihre gro\u00dfen K\u00f6rner und ihren reichhaltigen und buttrigen Geschmack aus und sind die ideale Wahl f\u00fcr ausgefallene N\u00fcsse oder um Ihren orientalischen Gerichten und Desserts eine unverwechselbare Note zu verleihen. <\/li>\n<\/ul>\n","protected":false},"excerpt":{"rendered":"<p>Pakistanische Pinienkerne 100g 100% nat\u00fcrlich und ungesalzen reich an Protein, Magnesium und Zink<\/p>\n<ul>\n<li data-start=\"361\" data-end=\"384\">\n<p data-start=\"363\" data-end=\"384\">Sorgf\u00e4ltig gepfl\u00fcckt und vorbereitet, um h\u00f6chste Qualit\u00e4t zu gew\u00e4hrleisten<\/p>\n<\/li>\n<li data-start=\"471\" data-end=\"515\">\n<p data-start=\"473\" data-end=\"515\">Geeignet zum Kochen, f\u00fcr Desserts oder als gesunder Snack <\/p>\n<\/li>\n<\/ul>\n","protected":false},"featured_media":113086,"comment_status":"open","ping_status":"closed","template":"","meta":[],"product_brand":[],"product_cat":[356,359],"product_tag":[2233],"class_list":{"0":"post-113089","1":"product","2":"type-product","3":"status-publish","4":"has-post-thumbnail","6":"product_cat-gewuerze-nuesse","7":"product_cat-nusse","8":"product_tag-pakistanische-kiefer","10":"first","11":"instock","12":"taxable","13":"shipping-taxable","14":"purchasable","15":"product-type-simple"},"yoast_head":"<!-- This site is optimized with the Yoast SEO Premium plugin v26.5 (Yoast SEO v27.3) - https:\/\/yoast.com\/product\/yoast-seo-premium-wordpress\/ -->\n<title>Pakistanische Pinienkerne 100g - Yasmin Food<\/title>\n<meta name=\"description\" content=\"Genie\u00dfen Sie gro\u00dfartigen Geschmack und gesundheitliche Vorteile mit pakistanischen Pinienkernen 100g. Ein nat\u00fcrliches und ungesalzenes Produkt, perfekt zum Kochen oder als Snack! \ud83c\udf1f Yasmin Food\" \/>\n<meta name=\"robots\" content=\"index, follow, max-snippet:-1, max-image-preview:large, max-video-preview:-1\" \/>\n<link rel=\"canonical\" href=\"https:\/\/yasminfood.ch\/de\/product\/afghanische-pinienkerne-100g\/\" \/>\n<meta property=\"og:locale\" content=\"de_DE\" \/>\n<meta property=\"og:type\" content=\"article\" \/>\n<meta property=\"og:title\" content=\"Pakistanische Pinienkerne 100g\" \/>\n<meta property=\"og:description\" content=\"Pakistanische Pinienkerne 100g 100% nat\u00fcrlich und ungesalzen reich an Protein, Magnesium und Zink   Sorgf\u00e4ltig gepfl\u00fcckt und vorbereitet, um h\u00f6chste Qualit\u00e4t zu gew\u00e4hrleisten   Geeignet zum Kochen, f\u00fcr Desserts oder als gesunder Snack\" \/>\n<meta property=\"og:url\" content=\"https:\/\/yasminfood.ch\/de\/product\/afghanische-pinienkerne-100g\/\" \/>\n<meta property=\"og:site_name\" content=\"Yasmin Food\" \/>\n<meta property=\"article:publisher\" content=\"https:\/\/www.facebook.com\/yasminmarkt1\" \/>\n<meta property=\"article:modified_time\" content=\"2025-05-26T16:02:33+00:00\" \/>\n<meta property=\"og:image\" content=\"https:\/\/yasminfood.ch\/wp-content\/uploads\/2025\/05\/\u0635\u0646\u0648\u0628\u0631-\u0623\u0641\u063a\u0627\u0646\u064a-100\u063a.png\" \/>\n\t<meta property=\"og:image:width\" content=\"1080\" \/>\n\t<meta property=\"og:image:height\" content=\"1080\" \/>\n\t<meta property=\"og:image:type\" content=\"image\/png\" \/>\n<meta name=\"twitter:card\" content=\"summary_large_image\" \/>\n<meta name=\"twitter:label1\" content=\"Preis\" \/>\n\t<meta name=\"twitter:data1\" content=\"8.50&nbsp;&#067;&#072;&#070;\" \/>\n\t<meta name=\"twitter:label2\" content=\"Verf\u00fcgbarkeit\" \/>\n\t<meta name=\"twitter:data2\" content=\"Auf Lager\" \/>\n<script type=\"application\/ld+json\" class=\"yoast-schema-graph\">{\"@context\":\"https:\\\/\\\/schema.org\",\"@graph\":[{\"@type\":\"WebPage\",\"@id\":\"https:\\\/\\\/yasminfood.ch\\\/de\\\/product\\\/afghanische-pinienkerne-100g\\\/\",\"url\":\"https:\\\/\\\/yasminfood.ch\\\/de\\\/product\\\/afghanische-pinienkerne-100g\\\/\",\"name\":\"Pakistanische Pinienkerne 100g - Yasmin Food\",\"isPartOf\":{\"@id\":\"https:\\\/\\\/yasminfood.ch\\\/de\\\/#website\"},\"primaryImageOfPage\":{\"@id\":\"https:\\\/\\\/yasminfood.ch\\\/de\\\/product\\\/afghanische-pinienkerne-100g\\\/#primaryimage\"},\"image\":{\"@id\":\"https:\\\/\\\/yasminfood.ch\\\/de\\\/product\\\/afghanische-pinienkerne-100g\\\/#primaryimage\"},\"thumbnailUrl\":\"https:\\\/\\\/yasminfood.ch\\\/wp-content\\\/uploads\\\/2025\\\/05\\\/\u0635\u0646\u0648\u0628\u0631-\u0623\u0641\u063a\u0627\u0646\u064a-100\u063a.png\",\"datePublished\":\"2025-05-26T11:04:15+00:00\",\"dateModified\":\"2025-05-26T16:02:33+00:00\",\"description\":\"Genie\u00dfen Sie gro\u00dfartigen Geschmack und gesundheitliche Vorteile mit pakistanischen Pinienkernen 100g. Ein nat\u00fcrliches und ungesalzenes Produkt, perfekt zum Kochen oder als Snack! \ud83c\udf1f Yasmin Food\",\"breadcrumb\":{\"@id\":\"https:\\\/\\\/yasminfood.ch\\\/de\\\/product\\\/afghanische-pinienkerne-100g\\\/#breadcrumb\"},\"inLanguage\":\"de\",\"potentialAction\":[{\"@type\":\"ReadAction\",\"target\":[\"https:\\\/\\\/yasminfood.ch\\\/de\\\/product\\\/afghanische-pinienkerne-100g\\\/\"]}]},{\"@type\":\"ImageObject\",\"inLanguage\":\"de\",\"@id\":\"https:\\\/\\\/yasminfood.ch\\\/de\\\/product\\\/afghanische-pinienkerne-100g\\\/#primaryimage\",\"url\":\"https:\\\/\\\/yasminfood.ch\\\/wp-content\\\/uploads\\\/2025\\\/05\\\/\u0635\u0646\u0648\u0628\u0631-\u0623\u0641\u063a\u0627\u0646\u064a-100\u063a.png\",\"contentUrl\":\"https:\\\/\\\/yasminfood.ch\\\/wp-content\\\/uploads\\\/2025\\\/05\\\/\u0635\u0646\u0648\u0628\u0631-\u0623\u0641\u063a\u0627\u0646\u064a-100\u063a.png\",\"width\":1080,\"height\":1080,\"caption\":\"Afghanische Pinienkerne 100g\"},{\"@type\":\"BreadcrumbList\",\"@id\":\"https:\\\/\\\/yasminfood.ch\\\/de\\\/product\\\/afghanische-pinienkerne-100g\\\/#breadcrumb\",\"itemListElement\":[{\"@type\":\"ListItem\",\"position\":1,\"name\":\"\u0627\u0644\u0631\u0626\u064a\u0633\u064a\u0629\",\"item\":\"https:\\\/\\\/yasminfood.ch\\\/de\\\/zuhause\\\/\"},{\"@type\":\"ListItem\",\"position\":2,\"name\":\"Shop\",\"item\":\"https:\\\/\\\/yasminfood.ch\\\/de\\\/shop\\\/\"},{\"@type\":\"ListItem\",\"position\":3,\"name\":\"Gew\u00fcrze &amp; N\u00fcsse\",\"item\":\"https:\\\/\\\/yasminfood.ch\\\/de\\\/produkt-kategorie\\\/gewuerze-nuesse\\\/\"},{\"@type\":\"ListItem\",\"position\":4,\"name\":\"Pakistanische Pinienkerne 100g\"}]},{\"@type\":\"WebSite\",\"@id\":\"https:\\\/\\\/yasminfood.ch\\\/de\\\/#website\",\"url\":\"https:\\\/\\\/yasminfood.ch\\\/de\\\/\",\"name\":\"\u064a\u0627\u0633\u0645\u064a\u0646 \u0645\u0627\u0631\u0643\u062a\",\"description\":\"Alles, was Sie brauchen, an einem Ort\",\"publisher\":{\"@id\":\"https:\\\/\\\/yasminfood.ch\\\/de\\\/#organization\"},\"alternateName\":\"Yasmin Food\",\"potentialAction\":[{\"@type\":\"SearchAction\",\"target\":{\"@type\":\"EntryPoint\",\"urlTemplate\":\"https:\\\/\\\/yasminfood.ch\\\/de\\\/?s={search_term_string}\"},\"query-input\":{\"@type\":\"PropertyValueSpecification\",\"valueRequired\":true,\"valueName\":\"search_term_string\"}}],\"inLanguage\":\"de\"},{\"@type\":\"Organization\",\"@id\":\"https:\\\/\\\/yasminfood.ch\\\/de\\\/#organization\",\"name\":\"\u064a\u0627\u0633\u0645\u064a\u0646 \u0645\u0627\u0631\u0643\u062a\",\"alternateName\":\"Yasmin Food\",\"url\":\"https:\\\/\\\/yasminfood.ch\\\/de\\\/\",\"logo\":{\"@type\":\"ImageObject\",\"inLanguage\":\"de\",\"@id\":\"https:\\\/\\\/yasminfood.ch\\\/de\\\/#\\\/schema\\\/logo\\\/image\\\/\",\"url\":\"https:\\\/\\\/yasminfood.ch\\\/wp-content\\\/uploads\\\/2025\\\/05\\\/yasmin-food-header-logo.png\",\"contentUrl\":\"https:\\\/\\\/yasminfood.ch\\\/wp-content\\\/uploads\\\/2025\\\/05\\\/yasmin-food-header-logo.png\",\"width\":330,\"height\":120,\"caption\":\"\u064a\u0627\u0633\u0645\u064a\u0646 \u0645\u0627\u0631\u0643\u062a\"},\"image\":{\"@id\":\"https:\\\/\\\/yasminfood.ch\\\/de\\\/#\\\/schema\\\/logo\\\/image\\\/\"},\"sameAs\":[\"https:\\\/\\\/www.facebook.com\\\/yasminmarkt1\",\"https:\\\/\\\/www.tiktok.com\\\/@yasminmarkt\",\"https:\\\/\\\/www.instagram.com\\\/yasmin.markt1\\\/\",\"https:\\\/\\\/api.whatsapp.com\\\/send\\\/?phone=41799000104\"],\"publishingPrinciples\":\"https:\\\/\\\/yasminfood.ch\\\/de\\\/shop\\\/\",\"ownershipFundingInfo\":\"https:\\\/\\\/yasminfood.ch\\\/de\\\/shop\\\/\"}]}<\/script>\n<meta property=\"product:price:amount\" content=\"8.50\" \/>\n<meta property=\"product:price:currency\" content=\"CHF\" \/>\n<meta property=\"og:availability\" content=\"instock\" \/>\n<meta property=\"product:availability\" content=\"instock\" \/>\n<meta property=\"product:condition\" content=\"new\" \/>\n<!-- \/ Yoast SEO Premium plugin. -->","yoast_head_json":{"title":"Pakistanische Pinienkerne 100g - Yasmin Food","description":"Genie\u00dfen Sie gro\u00dfartigen Geschmack und gesundheitliche Vorteile mit pakistanischen Pinienkernen 100g. Ein nat\u00fcrliches und ungesalzenes Produkt, perfekt zum Kochen oder als Snack! \ud83c\udf1f Yasmin Food","robots":{"index":"index","follow":"follow","max-snippet":"max-snippet:-1","max-image-preview":"max-image-preview:large","max-video-preview":"max-video-preview:-1"},"canonical":"https:\/\/yasminfood.ch\/de\/product\/afghanische-pinienkerne-100g\/","og_locale":"de_DE","og_type":"article","og_title":"Pakistanische Pinienkerne 100g","og_description":"Pakistanische Pinienkerne 100g 100% nat\u00fcrlich und ungesalzen reich an Protein, Magnesium und Zink   Sorgf\u00e4ltig gepfl\u00fcckt und vorbereitet, um h\u00f6chste Qualit\u00e4t zu gew\u00e4hrleisten   Geeignet zum Kochen, f\u00fcr Desserts oder als gesunder Snack","og_url":"https:\/\/yasminfood.ch\/de\/product\/afghanische-pinienkerne-100g\/","og_site_name":"Yasmin Food","article_publisher":"https:\/\/www.facebook.com\/yasminmarkt1","article_modified_time":"2025-05-26T16:02:33+00:00","og_image":[{"width":1080,"height":1080,"url":"https:\/\/yasminfood.ch\/wp-content\/uploads\/2025\/05\/\u0635\u0646\u0648\u0628\u0631-\u0623\u0641\u063a\u0627\u0646\u064a-100\u063a.png","type":"image\/png"}],"twitter_card":"summary_large_image","twitter_misc":{"Preis":"8.50&nbsp;&#67;&#72;&#70;","Verf\u00fcgbarkeit":"Auf Lager"},"schema":{"@context":"https:\/\/schema.org","@graph":[{"@type":"WebPage","@id":"https:\/\/yasminfood.ch\/de\/product\/afghanische-pinienkerne-100g\/","url":"https:\/\/yasminfood.ch\/de\/product\/afghanische-pinienkerne-100g\/","name":"Pakistanische Pinienkerne 100g - Yasmin Food","isPartOf":{"@id":"https:\/\/yasminfood.ch\/de\/#website"},"primaryImageOfPage":{"@id":"https:\/\/yasminfood.ch\/de\/product\/afghanische-pinienkerne-100g\/#primaryimage"},"image":{"@id":"https:\/\/yasminfood.ch\/de\/product\/afghanische-pinienkerne-100g\/#primaryimage"},"thumbnailUrl":"https:\/\/yasminfood.ch\/wp-content\/uploads\/2025\/05\/\u0635\u0646\u0648\u0628\u0631-\u0623\u0641\u063a\u0627\u0646\u064a-100\u063a.png","datePublished":"2025-05-26T11:04:15+00:00","dateModified":"2025-05-26T16:02:33+00:00","description":"Genie\u00dfen Sie gro\u00dfartigen Geschmack und gesundheitliche Vorteile mit pakistanischen Pinienkernen 100g. Ein nat\u00fcrliches und ungesalzenes Produkt, perfekt zum Kochen oder als Snack! \ud83c\udf1f Yasmin Food","breadcrumb":{"@id":"https:\/\/yasminfood.ch\/de\/product\/afghanische-pinienkerne-100g\/#breadcrumb"},"inLanguage":"de","potentialAction":[{"@type":"ReadAction","target":["https:\/\/yasminfood.ch\/de\/product\/afghanische-pinienkerne-100g\/"]}]},{"@type":"ImageObject","inLanguage":"de","@id":"https:\/\/yasminfood.ch\/de\/product\/afghanische-pinienkerne-100g\/#primaryimage","url":"https:\/\/yasminfood.ch\/wp-content\/uploads\/2025\/05\/\u0635\u0646\u0648\u0628\u0631-\u0623\u0641\u063a\u0627\u0646\u064a-100\u063a.png","contentUrl":"https:\/\/yasminfood.ch\/wp-content\/uploads\/2025\/05\/\u0635\u0646\u0648\u0628\u0631-\u0623\u0641\u063a\u0627\u0646\u064a-100\u063a.png","width":1080,"height":1080,"caption":"Afghanische Pinienkerne 100g"},{"@type":"BreadcrumbList","@id":"https:\/\/yasminfood.ch\/de\/product\/afghanische-pinienkerne-100g\/#breadcrumb","itemListElement":[{"@type":"ListItem","position":1,"name":"\u0627\u0644\u0631\u0626\u064a\u0633\u064a\u0629","item":"https:\/\/yasminfood.ch\/de\/zuhause\/"},{"@type":"ListItem","position":2,"name":"Shop","item":"https:\/\/yasminfood.ch\/de\/shop\/"},{"@type":"ListItem","position":3,"name":"Gew\u00fcrze &amp; N\u00fcsse","item":"https:\/\/yasminfood.ch\/de\/produkt-kategorie\/gewuerze-nuesse\/"},{"@type":"ListItem","position":4,"name":"Pakistanische Pinienkerne 100g"}]},{"@type":"WebSite","@id":"https:\/\/yasminfood.ch\/de\/#website","url":"https:\/\/yasminfood.ch\/de\/","name":"\u064a\u0627\u0633\u0645\u064a\u0646 \u0645\u0627\u0631\u0643\u062a","description":"Alles, was Sie brauchen, an einem Ort","publisher":{"@id":"https:\/\/yasminfood.ch\/de\/#organization"},"alternateName":"Yasmin Food","potentialAction":[{"@type":"SearchAction","target":{"@type":"EntryPoint","urlTemplate":"https:\/\/yasminfood.ch\/de\/?s={search_term_string}"},"query-input":{"@type":"PropertyValueSpecification","valueRequired":true,"valueName":"search_term_string"}}],"inLanguage":"de"},{"@type":"Organization","@id":"https:\/\/yasminfood.ch\/de\/#organization","name":"\u064a\u0627\u0633\u0645\u064a\u0646 \u0645\u0627\u0631\u0643\u062a","alternateName":"Yasmin Food","url":"https:\/\/yasminfood.ch\/de\/","logo":{"@type":"ImageObject","inLanguage":"de","@id":"https:\/\/yasminfood.ch\/de\/#\/schema\/logo\/image\/","url":"https:\/\/yasminfood.ch\/wp-content\/uploads\/2025\/05\/yasmin-food-header-logo.png","contentUrl":"https:\/\/yasminfood.ch\/wp-content\/uploads\/2025\/05\/yasmin-food-header-logo.png","width":330,"height":120,"caption":"\u064a\u0627\u0633\u0645\u064a\u0646 \u0645\u0627\u0631\u0643\u062a"},"image":{"@id":"https:\/\/yasminfood.ch\/de\/#\/schema\/logo\/image\/"},"sameAs":["https:\/\/www.facebook.com\/yasminmarkt1","https:\/\/www.tiktok.com\/@yasminmarkt","https:\/\/www.instagram.com\/yasmin.markt1\/","https:\/\/api.whatsapp.com\/send\/?phone=41799000104"],"publishingPrinciples":"https:\/\/yasminfood.ch\/de\/shop\/","ownershipFundingInfo":"https:\/\/yasminfood.ch\/de\/shop\/"}]},"product_price_amount":"8.50","product_price_currency":"CHF","og_availability":"instock","product_availability":"instock","product_condition":"new"},"jetpack_sharing_enabled":true,"_links":{"self":[{"href":"https:\/\/yasminfood.ch\/de\/wp-json\/wp\/v2\/product\/113089","targetHints":{"allow":["GET"]}}],"collection":[{"href":"https:\/\/yasminfood.ch\/de\/wp-json\/wp\/v2\/product"}],"about":[{"href":"https:\/\/yasminfood.ch\/de\/wp-json\/wp\/v2\/types\/product"}],"replies":[{"embeddable":true,"href":"https:\/\/yasminfood.ch\/de\/wp-json\/wp\/v2\/comments?post=113089"}],"version-history":[{"count":1,"href":"https:\/\/yasminfood.ch\/de\/wp-json\/wp\/v2\/product\/113089\/revisions"}],"predecessor-version":[{"id":113121,"href":"https:\/\/yasminfood.ch\/de\/wp-json\/wp\/v2\/product\/113089\/revisions\/113121"}],"wp:featuredmedia":[{"embeddable":true,"href":"https:\/\/yasminfood.ch\/de\/wp-json\/wp\/v2\/media\/113086"}],"wp:attachment":[{"href":"https:\/\/yasminfood.ch\/de\/wp-json\/wp\/v2\/media?parent=113089"}],"wp:term":[{"taxonomy":"product_brand","embeddable":true,"href":"https:\/\/yasminfood.ch\/de\/wp-json\/wp\/v2\/product_brand?post=113089"},{"taxonomy":"product_cat","embeddable":true,"href":"https:\/\/yasminfood.ch\/de\/wp-json\/wp\/v2\/product_cat?post=113089"},{"taxonomy":"product_tag","embeddable":true,"href":"https:\/\/yasminfood.ch\/de\/wp-json\/wp\/v2\/product_tag?post=113089"}],"curies":[{"name":"wp","href":"https:\/\/api.w.org\/{rel}","templated":true}]}}