{"id":113099,"date":"2025-05-26T14:05:09","date_gmt":"2025-05-26T12:05:09","guid":{"rendered":"https:\/\/yasminfood.ch\/product\/erdbeergelee-80g-shamsin\/"},"modified":"2025-05-26T14:05:57","modified_gmt":"2025-05-26T12:05:57","slug":"erdbeergelee-80g-shamsin","status":"publish","type":"product","link":"https:\/\/yasminfood.ch\/de\/product\/erdbeergelee-80g-shamsin\/","title":{"rendered":"Erdbeergelee 80g Shamsin"},"content":{"rendered":"<p>Erdbeergelee 80g Shamsin<\/p>\n<ul>\n<li data-start=\"90\" data-end=\"166\"><strong data-start=\"128\" data-end=\"166\">Der echte Geschmack von Erdbeeren in jedem L\u00f6ffel!<\/strong><\/li>\n<\/ul>\n<p data-start=\"168\" data-end=\"391\">Genie\u00dfen Sie die Aromen der Kindheit mit <strong data-start=\"212\" data-end=\"221\">Shamsin<\/strong> Erdbeergelee, das sorgf\u00e4ltig mit den feinsten Erdbeeren zubereitet wird, um Ihnen einen nat\u00fcrlichen und erfrischenden Geschmack zu verleihen. Seine perfekte Textur und sein reichhaltiger Geschmack machen ihn zu einer gro\u00dfartigen Wahl zum Fr\u00fchst\u00fcck oder um Desserts und Kuchen eine unverwechselbare Note zu verleihen.<\/p>\n","protected":false},"excerpt":{"rendered":"<p>Erdbeergelee 80g Shamsin<\/p>\n<p data-start=\"90\" data-end=\"166\"><strong data-start=\"128\" data-end=\"166\">Der echte Geschmack von Erdbeeren in jedem L\u00f6ffel!<\/strong><\/p>\n<p data-start=\"168\" data-end=\"391\">Genie\u00dfen Sie die Aromen der Kindheit mit <strong data-start=\"212\" data-end=\"221\">Shamsin<\/strong> Erdbeergelee, das sorgf\u00e4ltig mit den feinsten Erdbeeren zubereitet wird, um Ihnen einen nat\u00fcrlichen und erfrischenden Geschmack zu verleihen. Seine perfekte Textur und sein reichhaltiger Geschmack machen ihn zu einer gro\u00dfartigen Wahl zum Fr\u00fchst\u00fcck oder um Desserts und Kuchen eine unverwechselbare Note zu verleihen.<\/p>\n","protected":false},"featured_media":113096,"comment_status":"open","ping_status":"closed","template":"","meta":[],"product_brand":[2332],"product_cat":[297,306],"product_tag":[2224],"class_list":{"0":"post-113099","1":"product","2":"type-product","3":"status-publish","4":"has-post-thumbnail","6":"product_brand-chamsine-de","7":"product_cat-dessert-chips-2","8":"product_cat-goetterspeise-halal","9":"product_tag-halal-erzeugung","11":"first","12":"outofstock","13":"taxable","14":"shipping-taxable","15":"purchasable","16":"product-type-simple"},"yoast_head":"<!-- This site is optimized with the Yoast SEO Premium plugin v26.5 (Yoast SEO v27.5) - https:\/\/yoast.com\/product\/yoast-seo-premium-wordpress\/ -->\n<title>Erdbeergelee 80g Shamsin - Yasmin Food<\/title>\n<meta name=\"description\" content=\"Der wahre Geschmack von Erdbeeren in Erdbeergelee 80g Shamsine! Nat\u00fcrliche Aromen machen es zur perfekten Wahl f\u00fcr alle, die S\u00fc\u00dfigkeiten lieben. Yasmin Food Erdbeergelee 80g Shamsin\" \/>\n<meta name=\"robots\" content=\"index, follow, max-snippet:-1, max-image-preview:large, max-video-preview:-1\" \/>\n<link rel=\"canonical\" href=\"https:\/\/yasminfood.ch\/de\/product\/erdbeergelee-80g-shamsin\/\" \/>\n<meta property=\"og:locale\" content=\"de_DE\" \/>\n<meta property=\"og:type\" content=\"article\" \/>\n<meta property=\"og:title\" content=\"Erdbeergelee 80g Shamsin\" \/>\n<meta property=\"og:description\" content=\"Erdbeergelee 80g Shamsin Der echte Geschmack von Erdbeeren in jedem L\u00f6ffel! Genie\u00dfen Sie die Aromen der Kindheit mit Shamsin Erdbeergelee, das sorgf\u00e4ltig mit den feinsten Erdbeeren zubereitet wird, um Ihnen einen nat\u00fcrlichen und erfrischenden Geschmack zu verleihen. Seine perfekte Textur und sein reichhaltiger Geschmack machen ihn zu einer gro\u00dfartigen Wahl zum Fr\u00fchst\u00fcck oder um Desserts und Kuchen eine unverwechselbare Note zu verleihen.\" \/>\n<meta property=\"og:url\" content=\"https:\/\/yasminfood.ch\/de\/product\/erdbeergelee-80g-shamsin\/\" \/>\n<meta property=\"og:site_name\" content=\"Yasmin Food\" \/>\n<meta property=\"article:publisher\" content=\"https:\/\/www.facebook.com\/yasminmarkt1\" \/>\n<meta property=\"article:modified_time\" content=\"2025-05-26T12:05:57+00:00\" \/>\n<meta property=\"og:image\" content=\"https:\/\/yasminfood.ch\/wp-content\/uploads\/2025\/05\/\u062c\u064a\u0644\u064a\u0629-\u0641\u0631\u0627\u0648\u0644\u0629-80\u063a-\u0634\u0645\u0633\u064a\u0646.png\" \/>\n\t<meta property=\"og:image:width\" content=\"1350\" \/>\n\t<meta property=\"og:image:height\" content=\"1350\" \/>\n\t<meta property=\"og:image:type\" content=\"image\/png\" \/>\n<meta name=\"twitter:card\" content=\"summary_large_image\" \/>\n<meta name=\"twitter:label1\" content=\"Preis\" \/>\n\t<meta name=\"twitter:data1\" content=\"1.75&nbsp;&#067;&#072;&#070;\" \/>\n\t<meta name=\"twitter:label2\" content=\"Verf\u00fcgbarkeit\" \/>\n\t<meta name=\"twitter:data2\" content=\"ausverkauft\" \/>\n<script type=\"application\/ld+json\" class=\"yoast-schema-graph\">{\"@context\":\"https:\\\/\\\/schema.org\",\"@graph\":[{\"@type\":\"WebPage\",\"@id\":\"https:\\\/\\\/yasminfood.ch\\\/de\\\/product\\\/erdbeergelee-80g-shamsin\\\/\",\"url\":\"https:\\\/\\\/yasminfood.ch\\\/de\\\/product\\\/erdbeergelee-80g-shamsin\\\/\",\"name\":\"Erdbeergelee 80g Shamsin - Yasmin Food\",\"isPartOf\":{\"@id\":\"https:\\\/\\\/yasminfood.ch\\\/de\\\/#website\"},\"primaryImageOfPage\":{\"@id\":\"https:\\\/\\\/yasminfood.ch\\\/de\\\/product\\\/erdbeergelee-80g-shamsin\\\/#primaryimage\"},\"image\":{\"@id\":\"https:\\\/\\\/yasminfood.ch\\\/de\\\/product\\\/erdbeergelee-80g-shamsin\\\/#primaryimage\"},\"thumbnailUrl\":\"https:\\\/\\\/yasminfood.ch\\\/wp-content\\\/uploads\\\/2025\\\/05\\\/\u062c\u064a\u0644\u064a\u0629-\u0641\u0631\u0627\u0648\u0644\u0629-80\u063a-\u0634\u0645\u0633\u064a\u0646.png\",\"datePublished\":\"2025-05-26T12:05:09+00:00\",\"dateModified\":\"2025-05-26T12:05:57+00:00\",\"description\":\"Der wahre Geschmack von Erdbeeren in Erdbeergelee 80g Shamsine! Nat\u00fcrliche Aromen machen es zur perfekten Wahl f\u00fcr alle, die S\u00fc\u00dfigkeiten lieben. Yasmin Food Erdbeergelee 80g Shamsin\",\"breadcrumb\":{\"@id\":\"https:\\\/\\\/yasminfood.ch\\\/de\\\/product\\\/erdbeergelee-80g-shamsin\\\/#breadcrumb\"},\"inLanguage\":\"de\",\"potentialAction\":[{\"@type\":\"ReadAction\",\"target\":[\"https:\\\/\\\/yasminfood.ch\\\/de\\\/product\\\/erdbeergelee-80g-shamsin\\\/\"]}]},{\"@type\":\"ImageObject\",\"inLanguage\":\"de\",\"@id\":\"https:\\\/\\\/yasminfood.ch\\\/de\\\/product\\\/erdbeergelee-80g-shamsin\\\/#primaryimage\",\"url\":\"https:\\\/\\\/yasminfood.ch\\\/wp-content\\\/uploads\\\/2025\\\/05\\\/\u062c\u064a\u0644\u064a\u0629-\u0641\u0631\u0627\u0648\u0644\u0629-80\u063a-\u0634\u0645\u0633\u064a\u0646.png\",\"contentUrl\":\"https:\\\/\\\/yasminfood.ch\\\/wp-content\\\/uploads\\\/2025\\\/05\\\/\u062c\u064a\u0644\u064a\u0629-\u0641\u0631\u0627\u0648\u0644\u0629-80\u063a-\u0634\u0645\u0633\u064a\u0646.png\",\"width\":1350,\"height\":1350,\"caption\":\"Erdbeergelee 80g Shamsin\"},{\"@type\":\"BreadcrumbList\",\"@id\":\"https:\\\/\\\/yasminfood.ch\\\/de\\\/product\\\/erdbeergelee-80g-shamsin\\\/#breadcrumb\",\"itemListElement\":[{\"@type\":\"ListItem\",\"position\":1,\"name\":\"\u0627\u0644\u0631\u0626\u064a\u0633\u064a\u0629\",\"item\":\"https:\\\/\\\/yasminfood.ch\\\/de\\\/zuhause\\\/\"},{\"@type\":\"ListItem\",\"position\":2,\"name\":\"Shop\",\"item\":\"https:\\\/\\\/yasminfood.ch\\\/de\\\/shop\\\/\"},{\"@type\":\"ListItem\",\"position\":3,\"name\":\"Dessert &amp; Chips\",\"item\":\"https:\\\/\\\/yasminfood.ch\\\/de\\\/produkt-kategorie\\\/dessert-chips-2\\\/\"},{\"@type\":\"ListItem\",\"position\":4,\"name\":\"Erdbeergelee 80g Shamsin\"}]},{\"@type\":\"WebSite\",\"@id\":\"https:\\\/\\\/yasminfood.ch\\\/de\\\/#website\",\"url\":\"https:\\\/\\\/yasminfood.ch\\\/de\\\/\",\"name\":\"\u064a\u0627\u0633\u0645\u064a\u0646 \u0645\u0627\u0631\u0643\u062a\",\"description\":\"Alles, was Sie brauchen, an einem Ort\",\"publisher\":{\"@id\":\"https:\\\/\\\/yasminfood.ch\\\/de\\\/#organization\"},\"alternateName\":\"Yasmin Food\",\"potentialAction\":[{\"@type\":\"SearchAction\",\"target\":{\"@type\":\"EntryPoint\",\"urlTemplate\":\"https:\\\/\\\/yasminfood.ch\\\/de\\\/?s={search_term_string}\"},\"query-input\":{\"@type\":\"PropertyValueSpecification\",\"valueRequired\":true,\"valueName\":\"search_term_string\"}}],\"inLanguage\":\"de\"},{\"@type\":\"Organization\",\"@id\":\"https:\\\/\\\/yasminfood.ch\\\/de\\\/#organization\",\"name\":\"\u064a\u0627\u0633\u0645\u064a\u0646 \u0645\u0627\u0631\u0643\u062a\",\"alternateName\":\"Yasmin Food\",\"url\":\"https:\\\/\\\/yasminfood.ch\\\/de\\\/\",\"logo\":{\"@type\":\"ImageObject\",\"inLanguage\":\"de\",\"@id\":\"https:\\\/\\\/yasminfood.ch\\\/de\\\/#\\\/schema\\\/logo\\\/image\\\/\",\"url\":\"https:\\\/\\\/yasminfood.ch\\\/wp-content\\\/uploads\\\/2025\\\/05\\\/yasmin-food-header-logo.png\",\"contentUrl\":\"https:\\\/\\\/yasminfood.ch\\\/wp-content\\\/uploads\\\/2025\\\/05\\\/yasmin-food-header-logo.png\",\"width\":330,\"height\":120,\"caption\":\"\u064a\u0627\u0633\u0645\u064a\u0646 \u0645\u0627\u0631\u0643\u062a\"},\"image\":{\"@id\":\"https:\\\/\\\/yasminfood.ch\\\/de\\\/#\\\/schema\\\/logo\\\/image\\\/\"},\"sameAs\":[\"https:\\\/\\\/www.facebook.com\\\/yasminmarkt1\",\"https:\\\/\\\/www.tiktok.com\\\/@yasminmarkt\",\"https:\\\/\\\/www.instagram.com\\\/yasmin.markt1\\\/\",\"https:\\\/\\\/api.whatsapp.com\\\/send\\\/?phone=41799000104\"],\"publishingPrinciples\":\"https:\\\/\\\/yasminfood.ch\\\/de\\\/shop\\\/\",\"ownershipFundingInfo\":\"https:\\\/\\\/yasminfood.ch\\\/de\\\/shop\\\/\"}]}<\/script>\n<meta property=\"product:price:amount\" content=\"1.75\" \/>\n<meta property=\"product:price:currency\" content=\"CHF\" \/>\n<meta property=\"og:availability\" content=\"out of stock\" \/>\n<meta property=\"product:availability\" content=\"out of stock\" \/>\n<meta property=\"product:condition\" content=\"new\" \/>\n<!-- \/ Yoast SEO Premium plugin. -->","yoast_head_json":{"title":"Erdbeergelee 80g Shamsin - Yasmin Food","description":"Der wahre Geschmack von Erdbeeren in Erdbeergelee 80g Shamsine! Nat\u00fcrliche Aromen machen es zur perfekten Wahl f\u00fcr alle, die S\u00fc\u00dfigkeiten lieben. Yasmin Food Erdbeergelee 80g Shamsin","robots":{"index":"index","follow":"follow","max-snippet":"max-snippet:-1","max-image-preview":"max-image-preview:large","max-video-preview":"max-video-preview:-1"},"canonical":"https:\/\/yasminfood.ch\/de\/product\/erdbeergelee-80g-shamsin\/","og_locale":"de_DE","og_type":"article","og_title":"Erdbeergelee 80g Shamsin","og_description":"Erdbeergelee 80g Shamsin Der echte Geschmack von Erdbeeren in jedem L\u00f6ffel! Genie\u00dfen Sie die Aromen der Kindheit mit Shamsin Erdbeergelee, das sorgf\u00e4ltig mit den feinsten Erdbeeren zubereitet wird, um Ihnen einen nat\u00fcrlichen und erfrischenden Geschmack zu verleihen. Seine perfekte Textur und sein reichhaltiger Geschmack machen ihn zu einer gro\u00dfartigen Wahl zum Fr\u00fchst\u00fcck oder um Desserts und Kuchen eine unverwechselbare Note zu verleihen.","og_url":"https:\/\/yasminfood.ch\/de\/product\/erdbeergelee-80g-shamsin\/","og_site_name":"Yasmin Food","article_publisher":"https:\/\/www.facebook.com\/yasminmarkt1","article_modified_time":"2025-05-26T12:05:57+00:00","og_image":[{"width":1350,"height":1350,"url":"https:\/\/yasminfood.ch\/wp-content\/uploads\/2025\/05\/\u062c\u064a\u0644\u064a\u0629-\u0641\u0631\u0627\u0648\u0644\u0629-80\u063a-\u0634\u0645\u0633\u064a\u0646.png","type":"image\/png"}],"twitter_card":"summary_large_image","twitter_misc":{"Preis":"1.75&nbsp;&#67;&#72;&#70;","Verf\u00fcgbarkeit":"ausverkauft"},"schema":{"@context":"https:\/\/schema.org","@graph":[{"@type":"WebPage","@id":"https:\/\/yasminfood.ch\/de\/product\/erdbeergelee-80g-shamsin\/","url":"https:\/\/yasminfood.ch\/de\/product\/erdbeergelee-80g-shamsin\/","name":"Erdbeergelee 80g Shamsin - Yasmin Food","isPartOf":{"@id":"https:\/\/yasminfood.ch\/de\/#website"},"primaryImageOfPage":{"@id":"https:\/\/yasminfood.ch\/de\/product\/erdbeergelee-80g-shamsin\/#primaryimage"},"image":{"@id":"https:\/\/yasminfood.ch\/de\/product\/erdbeergelee-80g-shamsin\/#primaryimage"},"thumbnailUrl":"https:\/\/yasminfood.ch\/wp-content\/uploads\/2025\/05\/\u062c\u064a\u0644\u064a\u0629-\u0641\u0631\u0627\u0648\u0644\u0629-80\u063a-\u0634\u0645\u0633\u064a\u0646.png","datePublished":"2025-05-26T12:05:09+00:00","dateModified":"2025-05-26T12:05:57+00:00","description":"Der wahre Geschmack von Erdbeeren in Erdbeergelee 80g Shamsine! Nat\u00fcrliche Aromen machen es zur perfekten Wahl f\u00fcr alle, die S\u00fc\u00dfigkeiten lieben. Yasmin Food Erdbeergelee 80g Shamsin","breadcrumb":{"@id":"https:\/\/yasminfood.ch\/de\/product\/erdbeergelee-80g-shamsin\/#breadcrumb"},"inLanguage":"de","potentialAction":[{"@type":"ReadAction","target":["https:\/\/yasminfood.ch\/de\/product\/erdbeergelee-80g-shamsin\/"]}]},{"@type":"ImageObject","inLanguage":"de","@id":"https:\/\/yasminfood.ch\/de\/product\/erdbeergelee-80g-shamsin\/#primaryimage","url":"https:\/\/yasminfood.ch\/wp-content\/uploads\/2025\/05\/\u062c\u064a\u0644\u064a\u0629-\u0641\u0631\u0627\u0648\u0644\u0629-80\u063a-\u0634\u0645\u0633\u064a\u0646.png","contentUrl":"https:\/\/yasminfood.ch\/wp-content\/uploads\/2025\/05\/\u062c\u064a\u0644\u064a\u0629-\u0641\u0631\u0627\u0648\u0644\u0629-80\u063a-\u0634\u0645\u0633\u064a\u0646.png","width":1350,"height":1350,"caption":"Erdbeergelee 80g Shamsin"},{"@type":"BreadcrumbList","@id":"https:\/\/yasminfood.ch\/de\/product\/erdbeergelee-80g-shamsin\/#breadcrumb","itemListElement":[{"@type":"ListItem","position":1,"name":"\u0627\u0644\u0631\u0626\u064a\u0633\u064a\u0629","item":"https:\/\/yasminfood.ch\/de\/zuhause\/"},{"@type":"ListItem","position":2,"name":"Shop","item":"https:\/\/yasminfood.ch\/de\/shop\/"},{"@type":"ListItem","position":3,"name":"Dessert &amp; Chips","item":"https:\/\/yasminfood.ch\/de\/produkt-kategorie\/dessert-chips-2\/"},{"@type":"ListItem","position":4,"name":"Erdbeergelee 80g Shamsin"}]},{"@type":"WebSite","@id":"https:\/\/yasminfood.ch\/de\/#website","url":"https:\/\/yasminfood.ch\/de\/","name":"\u064a\u0627\u0633\u0645\u064a\u0646 \u0645\u0627\u0631\u0643\u062a","description":"Alles, was Sie brauchen, an einem Ort","publisher":{"@id":"https:\/\/yasminfood.ch\/de\/#organization"},"alternateName":"Yasmin Food","potentialAction":[{"@type":"SearchAction","target":{"@type":"EntryPoint","urlTemplate":"https:\/\/yasminfood.ch\/de\/?s={search_term_string}"},"query-input":{"@type":"PropertyValueSpecification","valueRequired":true,"valueName":"search_term_string"}}],"inLanguage":"de"},{"@type":"Organization","@id":"https:\/\/yasminfood.ch\/de\/#organization","name":"\u064a\u0627\u0633\u0645\u064a\u0646 \u0645\u0627\u0631\u0643\u062a","alternateName":"Yasmin Food","url":"https:\/\/yasminfood.ch\/de\/","logo":{"@type":"ImageObject","inLanguage":"de","@id":"https:\/\/yasminfood.ch\/de\/#\/schema\/logo\/image\/","url":"https:\/\/yasminfood.ch\/wp-content\/uploads\/2025\/05\/yasmin-food-header-logo.png","contentUrl":"https:\/\/yasminfood.ch\/wp-content\/uploads\/2025\/05\/yasmin-food-header-logo.png","width":330,"height":120,"caption":"\u064a\u0627\u0633\u0645\u064a\u0646 \u0645\u0627\u0631\u0643\u062a"},"image":{"@id":"https:\/\/yasminfood.ch\/de\/#\/schema\/logo\/image\/"},"sameAs":["https:\/\/www.facebook.com\/yasminmarkt1","https:\/\/www.tiktok.com\/@yasminmarkt","https:\/\/www.instagram.com\/yasmin.markt1\/","https:\/\/api.whatsapp.com\/send\/?phone=41799000104"],"publishingPrinciples":"https:\/\/yasminfood.ch\/de\/shop\/","ownershipFundingInfo":"https:\/\/yasminfood.ch\/de\/shop\/"}]},"product_price_amount":"1.75","product_price_currency":"CHF","og_availability":"out of stock","product_availability":"out of stock","product_condition":"new"},"jetpack_sharing_enabled":true,"_links":{"self":[{"href":"https:\/\/yasminfood.ch\/de\/wp-json\/wp\/v2\/product\/113099","targetHints":{"allow":["GET"]}}],"collection":[{"href":"https:\/\/yasminfood.ch\/de\/wp-json\/wp\/v2\/product"}],"about":[{"href":"https:\/\/yasminfood.ch\/de\/wp-json\/wp\/v2\/types\/product"}],"replies":[{"embeddable":true,"href":"https:\/\/yasminfood.ch\/de\/wp-json\/wp\/v2\/comments?post=113099"}],"version-history":[{"count":0,"href":"https:\/\/yasminfood.ch\/de\/wp-json\/wp\/v2\/product\/113099\/revisions"}],"wp:featuredmedia":[{"embeddable":true,"href":"https:\/\/yasminfood.ch\/de\/wp-json\/wp\/v2\/media\/113096"}],"wp:attachment":[{"href":"https:\/\/yasminfood.ch\/de\/wp-json\/wp\/v2\/media?parent=113099"}],"wp:term":[{"taxonomy":"product_brand","embeddable":true,"href":"https:\/\/yasminfood.ch\/de\/wp-json\/wp\/v2\/product_brand?post=113099"},{"taxonomy":"product_cat","embeddable":true,"href":"https:\/\/yasminfood.ch\/de\/wp-json\/wp\/v2\/product_cat?post=113099"},{"taxonomy":"product_tag","embeddable":true,"href":"https:\/\/yasminfood.ch\/de\/wp-json\/wp\/v2\/product_tag?post=113099"}],"curies":[{"name":"wp","href":"https:\/\/api.w.org\/{rel}","templated":true}]}}