{"id":113144,"date":"2025-05-27T18:22:11","date_gmt":"2025-05-27T16:22:11","guid":{"rendered":"https:\/\/yasminfood.ch\/product\/kandierte-mandeln-400g-heute\/"},"modified":"2025-05-27T18:23:18","modified_gmt":"2025-05-27T16:23:18","slug":"kandierte-mandeln-400g-heute","status":"publish","type":"product","link":"https:\/\/yasminfood.ch\/de\/product\/kandierte-mandeln-400g-heute\/","title":{"rendered":"Kandierte Mandeln 400g Heute"},"content":{"rendered":"<p data-start=\"533\" data-end=\"786\"><strong data-start=\"536\" data-end=\"581\">Mandelbonbon 400g \u2013 Heute: Heben Sie sich in jedem Detail ab! <\/strong><br data-start=\"581\" data-end=\"584\">Wenn Sie ein Fan von klassischen Aromen und raffiniertem Geschmack sind, ist <strong data-start=\"639\" data-end=\"662\">Almond Candy von Today<\/strong> die perfekte Wahl. Sorgf\u00e4ltig ausgew\u00e4hlte nat\u00fcrliche Mandeln, \u00fcberzogen mit einer d\u00fcnnen Schicht feinen wei\u00dfen Zuckers, schenken Ihnen bei jedem Bissen ein unvergessliches Erlebnis.    <\/p>\n<p data-start=\"788\" data-end=\"805\">\u2705 <strong data-start=\"790\" data-end=\"803\">Funktionen:<\/strong><\/p>\n<ul data-start=\"806\" data-end=\"1007\">\n<li data-start=\"806\" data-end=\"867\">\n<p data-start=\"808\" data-end=\"867\">Idealgewicht: 400 g f\u00fcr die Gastronomie oder den pers\u00f6nlichen Gebrauch. <\/p>\n<\/li>\n<li data-start=\"868\" data-end=\"907\">\n<p data-start=\"870\" data-end=\"907\">100% nat\u00fcrliche Inhaltsstoffe ohne Konservierungsstoffe.<\/p>\n<\/li>\n<li data-start=\"908\" data-end=\"966\">\n<p data-start=\"910\" data-end=\"966\">Geeignet f\u00fcr Veranstaltungen, Hochzeiten, Gastfreundschaft und Ramadan-Gastfreundschaft. <\/p>\n<\/li>\n<li data-start=\"967\" data-end=\"1007\">\n<p data-start=\"969\" data-end=\"1007\">Die elegante Verpackung bewahrt Geschmack und Textur.<\/p>\n<\/li>\n<\/ul>\n<p data-start=\"1009\" data-end=\"1180\">\ud83d\udfe2 <strong data-start=\"1012\" data-end=\"1059\">Perfekt als Geschenk oder zu besonderen Anl\u00e4ssen.<\/strong><br data-start=\"1059\" data-end=\"1062\">Egal, ob Sie an einem Eid-Essen teilnehmen oder Ihren G\u00e4sten etwas Raffiniertes schenken, die heutige Kleidung ist die elegante Wahl und der k\u00f6stliche Geschmack folgt der Erinnerung. <\/p>\n<p data-start=\"1182\" data-end=\"1245\">\ud83d\udce6 <strong data-start=\"1185\" data-end=\"1197\">Warenhaus:<\/strong><br data-start=\"1197\" data-end=\"1200\">An einem k\u00fchlen, trockenen Ort ohne Sonnenlicht lagern.<\/p>\n","protected":false},"excerpt":{"rendered":"<p>Kandierte Mandeln 400g Heute<\/p>\n<ul>\n<li>Es bietet Ihnen ein luxuri\u00f6ses Mandelbonbon mit einem Gewicht von 400 g, ger\u00f6stet und mit einer weichen und k\u00f6stlichen Zuckerschicht \u00fcberzogen. Eine ideale Wahl f\u00fcr Gastfreundschaft, Veranstaltungen oder als raffiniertes Geschenk mit klassischem orientalischem Thema.   <\/li>\n<\/ul>\n","protected":false},"featured_media":113138,"comment_status":"open","ping_status":"closed","template":"","meta":[],"product_brand":[],"product_cat":[297,310],"product_tag":[],"class_list":{"0":"post-113144","1":"product","2":"type-product","3":"status-publish","4":"has-post-thumbnail","6":"product_cat-dessert-chips-2","7":"product_cat-suessigkeiten-schokolade","9":"first","10":"instock","11":"taxable","12":"shipping-taxable","13":"purchasable","14":"product-type-simple"},"yoast_head":"<!-- This site is optimized with the Yoast SEO Premium plugin v26.5 (Yoast SEO v27.3) - https:\/\/yoast.com\/product\/yoast-seo-premium-wordpress\/ -->\n<title>Kandierte Mandeln 400g Heute - Yasmin Food<\/title>\n<meta name=\"description\" content=\"Genie\u00dfen Sie den k\u00f6stlichen Geschmack von kandierten Mandeln 400g Heute f\u00fcr jede Gelegenheit! Nat\u00fcrliche Mandeln mit Puderzucker \u00fcberzogen, nehmen Sie sie jetzt f\u00fcr Ihre eigene Erfahrung. Yasmin Food\" \/>\n<meta name=\"robots\" content=\"index, follow, max-snippet:-1, max-image-preview:large, max-video-preview:-1\" \/>\n<link rel=\"canonical\" href=\"https:\/\/yasminfood.ch\/de\/product\/kandierte-mandeln-400g-heute\/\" \/>\n<meta property=\"og:locale\" content=\"de_DE\" \/>\n<meta property=\"og:type\" content=\"article\" \/>\n<meta property=\"og:title\" content=\"Kandierte Mandeln 400g Heute\" \/>\n<meta property=\"og:description\" content=\"Kandierte Mandeln 400g Heute  Es bietet Ihnen ein luxuri\u00f6ses Mandelbonbon mit einem Gewicht von 400 g, ger\u00f6stet und mit einer weichen und k\u00f6stlichen Zuckerschicht \u00fcberzogen. Eine ideale Wahl f\u00fcr Gastfreundschaft, Veranstaltungen oder als raffiniertes Geschenk mit klassischem orientalischem Thema.\" \/>\n<meta property=\"og:url\" content=\"https:\/\/yasminfood.ch\/de\/product\/kandierte-mandeln-400g-heute\/\" \/>\n<meta property=\"og:site_name\" content=\"Yasmin Food\" \/>\n<meta property=\"article:publisher\" content=\"https:\/\/www.facebook.com\/yasminmarkt1\" \/>\n<meta property=\"article:modified_time\" content=\"2025-05-27T16:23:18+00:00\" \/>\n<meta property=\"og:image\" content=\"https:\/\/yasminfood.ch\/wp-content\/uploads\/2025\/05\/\u0645\u0644\u0628\u0633-\u0644\u0648\u0632-400\u063a-\u062a\u0648\u062f\u0627\u064a-1024x1024.png\" \/>\n\t<meta property=\"og:image:width\" content=\"1024\" \/>\n\t<meta property=\"og:image:height\" content=\"1024\" \/>\n\t<meta property=\"og:image:type\" content=\"image\/png\" \/>\n<meta name=\"twitter:card\" content=\"summary_large_image\" \/>\n<meta name=\"twitter:label1\" content=\"Preis\" \/>\n\t<meta name=\"twitter:data1\" content=\"8.95&nbsp;&#067;&#072;&#070;\" \/>\n\t<meta name=\"twitter:label2\" content=\"Verf\u00fcgbarkeit\" \/>\n\t<meta name=\"twitter:data2\" content=\"Auf Lager\" \/>\n<script type=\"application\/ld+json\" class=\"yoast-schema-graph\">{\"@context\":\"https:\\\/\\\/schema.org\",\"@graph\":[{\"@type\":\"WebPage\",\"@id\":\"https:\\\/\\\/yasminfood.ch\\\/de\\\/product\\\/kandierte-mandeln-400g-heute\\\/\",\"url\":\"https:\\\/\\\/yasminfood.ch\\\/de\\\/product\\\/kandierte-mandeln-400g-heute\\\/\",\"name\":\"Kandierte Mandeln 400g Heute - Yasmin Food\",\"isPartOf\":{\"@id\":\"https:\\\/\\\/yasminfood.ch\\\/de\\\/#website\"},\"primaryImageOfPage\":{\"@id\":\"https:\\\/\\\/yasminfood.ch\\\/de\\\/product\\\/kandierte-mandeln-400g-heute\\\/#primaryimage\"},\"image\":{\"@id\":\"https:\\\/\\\/yasminfood.ch\\\/de\\\/product\\\/kandierte-mandeln-400g-heute\\\/#primaryimage\"},\"thumbnailUrl\":\"https:\\\/\\\/yasminfood.ch\\\/wp-content\\\/uploads\\\/2025\\\/05\\\/\u0645\u0644\u0628\u0633-\u0644\u0648\u0632-400\u063a-\u062a\u0648\u062f\u0627\u064a.png\",\"datePublished\":\"2025-05-27T16:22:11+00:00\",\"dateModified\":\"2025-05-27T16:23:18+00:00\",\"description\":\"Genie\u00dfen Sie den k\u00f6stlichen Geschmack von kandierten Mandeln 400g Heute f\u00fcr jede Gelegenheit! Nat\u00fcrliche Mandeln mit Puderzucker \u00fcberzogen, nehmen Sie sie jetzt f\u00fcr Ihre eigene Erfahrung. Yasmin Food\",\"breadcrumb\":{\"@id\":\"https:\\\/\\\/yasminfood.ch\\\/de\\\/product\\\/kandierte-mandeln-400g-heute\\\/#breadcrumb\"},\"inLanguage\":\"de\",\"potentialAction\":[{\"@type\":\"ReadAction\",\"target\":[\"https:\\\/\\\/yasminfood.ch\\\/de\\\/product\\\/kandierte-mandeln-400g-heute\\\/\"]}]},{\"@type\":\"ImageObject\",\"inLanguage\":\"de\",\"@id\":\"https:\\\/\\\/yasminfood.ch\\\/de\\\/product\\\/kandierte-mandeln-400g-heute\\\/#primaryimage\",\"url\":\"https:\\\/\\\/yasminfood.ch\\\/wp-content\\\/uploads\\\/2025\\\/05\\\/\u0645\u0644\u0628\u0633-\u0644\u0648\u0632-400\u063a-\u062a\u0648\u062f\u0627\u064a.png\",\"contentUrl\":\"https:\\\/\\\/yasminfood.ch\\\/wp-content\\\/uploads\\\/2025\\\/05\\\/\u0645\u0644\u0628\u0633-\u0644\u0648\u0632-400\u063a-\u062a\u0648\u062f\u0627\u064a.png\",\"width\":1890,\"height\":1890,\"caption\":\"Kandierte Mandeln 400g Heute\"},{\"@type\":\"BreadcrumbList\",\"@id\":\"https:\\\/\\\/yasminfood.ch\\\/de\\\/product\\\/kandierte-mandeln-400g-heute\\\/#breadcrumb\",\"itemListElement\":[{\"@type\":\"ListItem\",\"position\":1,\"name\":\"\u0627\u0644\u0631\u0626\u064a\u0633\u064a\u0629\",\"item\":\"https:\\\/\\\/yasminfood.ch\\\/de\\\/zuhause\\\/\"},{\"@type\":\"ListItem\",\"position\":2,\"name\":\"Shop\",\"item\":\"https:\\\/\\\/yasminfood.ch\\\/de\\\/shop\\\/\"},{\"@type\":\"ListItem\",\"position\":3,\"name\":\"Dessert &amp; Chips\",\"item\":\"https:\\\/\\\/yasminfood.ch\\\/de\\\/produkt-kategorie\\\/dessert-chips-2\\\/\"},{\"@type\":\"ListItem\",\"position\":4,\"name\":\"S\u00fc\u00dfigkeiten - Schokolade\",\"item\":\"https:\\\/\\\/yasminfood.ch\\\/de\\\/produkt-kategorie\\\/dessert-chips-2\\\/suessigkeiten-schokolade\\\/\"},{\"@type\":\"ListItem\",\"position\":5,\"name\":\"Kandierte Mandeln 400g Heute\"}]},{\"@type\":\"WebSite\",\"@id\":\"https:\\\/\\\/yasminfood.ch\\\/de\\\/#website\",\"url\":\"https:\\\/\\\/yasminfood.ch\\\/de\\\/\",\"name\":\"\u064a\u0627\u0633\u0645\u064a\u0646 \u0645\u0627\u0631\u0643\u062a\",\"description\":\"Alles, was Sie brauchen, an einem Ort\",\"publisher\":{\"@id\":\"https:\\\/\\\/yasminfood.ch\\\/de\\\/#organization\"},\"alternateName\":\"Yasmin Food\",\"potentialAction\":[{\"@type\":\"SearchAction\",\"target\":{\"@type\":\"EntryPoint\",\"urlTemplate\":\"https:\\\/\\\/yasminfood.ch\\\/de\\\/?s={search_term_string}\"},\"query-input\":{\"@type\":\"PropertyValueSpecification\",\"valueRequired\":true,\"valueName\":\"search_term_string\"}}],\"inLanguage\":\"de\"},{\"@type\":\"Organization\",\"@id\":\"https:\\\/\\\/yasminfood.ch\\\/de\\\/#organization\",\"name\":\"\u064a\u0627\u0633\u0645\u064a\u0646 \u0645\u0627\u0631\u0643\u062a\",\"alternateName\":\"Yasmin Food\",\"url\":\"https:\\\/\\\/yasminfood.ch\\\/de\\\/\",\"logo\":{\"@type\":\"ImageObject\",\"inLanguage\":\"de\",\"@id\":\"https:\\\/\\\/yasminfood.ch\\\/de\\\/#\\\/schema\\\/logo\\\/image\\\/\",\"url\":\"https:\\\/\\\/yasminfood.ch\\\/wp-content\\\/uploads\\\/2025\\\/05\\\/yasmin-food-header-logo.png\",\"contentUrl\":\"https:\\\/\\\/yasminfood.ch\\\/wp-content\\\/uploads\\\/2025\\\/05\\\/yasmin-food-header-logo.png\",\"width\":330,\"height\":120,\"caption\":\"\u064a\u0627\u0633\u0645\u064a\u0646 \u0645\u0627\u0631\u0643\u062a\"},\"image\":{\"@id\":\"https:\\\/\\\/yasminfood.ch\\\/de\\\/#\\\/schema\\\/logo\\\/image\\\/\"},\"sameAs\":[\"https:\\\/\\\/www.facebook.com\\\/yasminmarkt1\",\"https:\\\/\\\/www.tiktok.com\\\/@yasminmarkt\",\"https:\\\/\\\/www.instagram.com\\\/yasmin.markt1\\\/\",\"https:\\\/\\\/api.whatsapp.com\\\/send\\\/?phone=41799000104\"],\"publishingPrinciples\":\"https:\\\/\\\/yasminfood.ch\\\/de\\\/shop\\\/\",\"ownershipFundingInfo\":\"https:\\\/\\\/yasminfood.ch\\\/de\\\/shop\\\/\"}]}<\/script>\n<meta property=\"product:price:amount\" content=\"8.95\" \/>\n<meta property=\"product:price:currency\" content=\"CHF\" \/>\n<meta property=\"og:availability\" content=\"instock\" \/>\n<meta property=\"product:availability\" content=\"instock\" \/>\n<meta property=\"product:condition\" content=\"new\" \/>\n<!-- \/ Yoast SEO Premium plugin. -->","yoast_head_json":{"title":"Kandierte Mandeln 400g Heute - Yasmin Food","description":"Genie\u00dfen Sie den k\u00f6stlichen Geschmack von kandierten Mandeln 400g Heute f\u00fcr jede Gelegenheit! Nat\u00fcrliche Mandeln mit Puderzucker \u00fcberzogen, nehmen Sie sie jetzt f\u00fcr Ihre eigene Erfahrung. Yasmin Food","robots":{"index":"index","follow":"follow","max-snippet":"max-snippet:-1","max-image-preview":"max-image-preview:large","max-video-preview":"max-video-preview:-1"},"canonical":"https:\/\/yasminfood.ch\/de\/product\/kandierte-mandeln-400g-heute\/","og_locale":"de_DE","og_type":"article","og_title":"Kandierte Mandeln 400g Heute","og_description":"Kandierte Mandeln 400g Heute  Es bietet Ihnen ein luxuri\u00f6ses Mandelbonbon mit einem Gewicht von 400 g, ger\u00f6stet und mit einer weichen und k\u00f6stlichen Zuckerschicht \u00fcberzogen. Eine ideale Wahl f\u00fcr Gastfreundschaft, Veranstaltungen oder als raffiniertes Geschenk mit klassischem orientalischem Thema.","og_url":"https:\/\/yasminfood.ch\/de\/product\/kandierte-mandeln-400g-heute\/","og_site_name":"Yasmin Food","article_publisher":"https:\/\/www.facebook.com\/yasminmarkt1","article_modified_time":"2025-05-27T16:23:18+00:00","og_image":[{"width":1024,"height":1024,"url":"https:\/\/yasminfood.ch\/wp-content\/uploads\/2025\/05\/\u0645\u0644\u0628\u0633-\u0644\u0648\u0632-400\u063a-\u062a\u0648\u062f\u0627\u064a-1024x1024.png","type":"image\/png"}],"twitter_card":"summary_large_image","twitter_misc":{"Preis":"8.95&nbsp;&#67;&#72;&#70;","Verf\u00fcgbarkeit":"Auf Lager"},"schema":{"@context":"https:\/\/schema.org","@graph":[{"@type":"WebPage","@id":"https:\/\/yasminfood.ch\/de\/product\/kandierte-mandeln-400g-heute\/","url":"https:\/\/yasminfood.ch\/de\/product\/kandierte-mandeln-400g-heute\/","name":"Kandierte Mandeln 400g Heute - Yasmin Food","isPartOf":{"@id":"https:\/\/yasminfood.ch\/de\/#website"},"primaryImageOfPage":{"@id":"https:\/\/yasminfood.ch\/de\/product\/kandierte-mandeln-400g-heute\/#primaryimage"},"image":{"@id":"https:\/\/yasminfood.ch\/de\/product\/kandierte-mandeln-400g-heute\/#primaryimage"},"thumbnailUrl":"https:\/\/yasminfood.ch\/wp-content\/uploads\/2025\/05\/\u0645\u0644\u0628\u0633-\u0644\u0648\u0632-400\u063a-\u062a\u0648\u062f\u0627\u064a.png","datePublished":"2025-05-27T16:22:11+00:00","dateModified":"2025-05-27T16:23:18+00:00","description":"Genie\u00dfen Sie den k\u00f6stlichen Geschmack von kandierten Mandeln 400g Heute f\u00fcr jede Gelegenheit! Nat\u00fcrliche Mandeln mit Puderzucker \u00fcberzogen, nehmen Sie sie jetzt f\u00fcr Ihre eigene Erfahrung. Yasmin Food","breadcrumb":{"@id":"https:\/\/yasminfood.ch\/de\/product\/kandierte-mandeln-400g-heute\/#breadcrumb"},"inLanguage":"de","potentialAction":[{"@type":"ReadAction","target":["https:\/\/yasminfood.ch\/de\/product\/kandierte-mandeln-400g-heute\/"]}]},{"@type":"ImageObject","inLanguage":"de","@id":"https:\/\/yasminfood.ch\/de\/product\/kandierte-mandeln-400g-heute\/#primaryimage","url":"https:\/\/yasminfood.ch\/wp-content\/uploads\/2025\/05\/\u0645\u0644\u0628\u0633-\u0644\u0648\u0632-400\u063a-\u062a\u0648\u062f\u0627\u064a.png","contentUrl":"https:\/\/yasminfood.ch\/wp-content\/uploads\/2025\/05\/\u0645\u0644\u0628\u0633-\u0644\u0648\u0632-400\u063a-\u062a\u0648\u062f\u0627\u064a.png","width":1890,"height":1890,"caption":"Kandierte Mandeln 400g Heute"},{"@type":"BreadcrumbList","@id":"https:\/\/yasminfood.ch\/de\/product\/kandierte-mandeln-400g-heute\/#breadcrumb","itemListElement":[{"@type":"ListItem","position":1,"name":"\u0627\u0644\u0631\u0626\u064a\u0633\u064a\u0629","item":"https:\/\/yasminfood.ch\/de\/zuhause\/"},{"@type":"ListItem","position":2,"name":"Shop","item":"https:\/\/yasminfood.ch\/de\/shop\/"},{"@type":"ListItem","position":3,"name":"Dessert &amp; Chips","item":"https:\/\/yasminfood.ch\/de\/produkt-kategorie\/dessert-chips-2\/"},{"@type":"ListItem","position":4,"name":"S\u00fc\u00dfigkeiten - Schokolade","item":"https:\/\/yasminfood.ch\/de\/produkt-kategorie\/dessert-chips-2\/suessigkeiten-schokolade\/"},{"@type":"ListItem","position":5,"name":"Kandierte Mandeln 400g Heute"}]},{"@type":"WebSite","@id":"https:\/\/yasminfood.ch\/de\/#website","url":"https:\/\/yasminfood.ch\/de\/","name":"\u064a\u0627\u0633\u0645\u064a\u0646 \u0645\u0627\u0631\u0643\u062a","description":"Alles, was Sie brauchen, an einem Ort","publisher":{"@id":"https:\/\/yasminfood.ch\/de\/#organization"},"alternateName":"Yasmin Food","potentialAction":[{"@type":"SearchAction","target":{"@type":"EntryPoint","urlTemplate":"https:\/\/yasminfood.ch\/de\/?s={search_term_string}"},"query-input":{"@type":"PropertyValueSpecification","valueRequired":true,"valueName":"search_term_string"}}],"inLanguage":"de"},{"@type":"Organization","@id":"https:\/\/yasminfood.ch\/de\/#organization","name":"\u064a\u0627\u0633\u0645\u064a\u0646 \u0645\u0627\u0631\u0643\u062a","alternateName":"Yasmin Food","url":"https:\/\/yasminfood.ch\/de\/","logo":{"@type":"ImageObject","inLanguage":"de","@id":"https:\/\/yasminfood.ch\/de\/#\/schema\/logo\/image\/","url":"https:\/\/yasminfood.ch\/wp-content\/uploads\/2025\/05\/yasmin-food-header-logo.png","contentUrl":"https:\/\/yasminfood.ch\/wp-content\/uploads\/2025\/05\/yasmin-food-header-logo.png","width":330,"height":120,"caption":"\u064a\u0627\u0633\u0645\u064a\u0646 \u0645\u0627\u0631\u0643\u062a"},"image":{"@id":"https:\/\/yasminfood.ch\/de\/#\/schema\/logo\/image\/"},"sameAs":["https:\/\/www.facebook.com\/yasminmarkt1","https:\/\/www.tiktok.com\/@yasminmarkt","https:\/\/www.instagram.com\/yasmin.markt1\/","https:\/\/api.whatsapp.com\/send\/?phone=41799000104"],"publishingPrinciples":"https:\/\/yasminfood.ch\/de\/shop\/","ownershipFundingInfo":"https:\/\/yasminfood.ch\/de\/shop\/"}]},"product_price_amount":"8.95","product_price_currency":"CHF","og_availability":"instock","product_availability":"instock","product_condition":"new"},"jetpack_sharing_enabled":true,"_links":{"self":[{"href":"https:\/\/yasminfood.ch\/de\/wp-json\/wp\/v2\/product\/113144","targetHints":{"allow":["GET"]}}],"collection":[{"href":"https:\/\/yasminfood.ch\/de\/wp-json\/wp\/v2\/product"}],"about":[{"href":"https:\/\/yasminfood.ch\/de\/wp-json\/wp\/v2\/types\/product"}],"replies":[{"embeddable":true,"href":"https:\/\/yasminfood.ch\/de\/wp-json\/wp\/v2\/comments?post=113144"}],"version-history":[{"count":0,"href":"https:\/\/yasminfood.ch\/de\/wp-json\/wp\/v2\/product\/113144\/revisions"}],"wp:featuredmedia":[{"embeddable":true,"href":"https:\/\/yasminfood.ch\/de\/wp-json\/wp\/v2\/media\/113138"}],"wp:attachment":[{"href":"https:\/\/yasminfood.ch\/de\/wp-json\/wp\/v2\/media?parent=113144"}],"wp:term":[{"taxonomy":"product_brand","embeddable":true,"href":"https:\/\/yasminfood.ch\/de\/wp-json\/wp\/v2\/product_brand?post=113144"},{"taxonomy":"product_cat","embeddable":true,"href":"https:\/\/yasminfood.ch\/de\/wp-json\/wp\/v2\/product_cat?post=113144"},{"taxonomy":"product_tag","embeddable":true,"href":"https:\/\/yasminfood.ch\/de\/wp-json\/wp\/v2\/product_tag?post=113144"}],"curies":[{"name":"wp","href":"https:\/\/api.w.org\/{rel}","templated":true}]}}