{"id":116664,"date":"2025-05-29T11:43:01","date_gmt":"2025-05-29T09:45:36","guid":{"rendered":"https:\/\/yasminfood.ch\/product\/shati-eselsfruechte-500g\/"},"modified":"2025-06-20T00:49:51","modified_gmt":"2025-06-19T22:49:51","slug":"shati-eselsfruechte-500g","status":"publish","type":"product","link":"https:\/\/yasminfood.ch\/de\/product\/shati-eselsfruechte-500g\/","title":{"rendered":"Shati Eselsfr\u00fcchte 500g"},"content":{"rendered":"<p >Shati Eselsfr\u00fcchte 500g<\/p>\n<ul>\n<li >Shatti Mutti Dessert Geliebt von kleinen Kindern und einigen Erwachsenen haben auch seine sch\u00f6nen Formen und leuchtenden Farben bleiben in unseren K\u00f6pfen immer mit einem Namen verbunden, der uns in die Kindheit zur\u00fcckversetzt Ein Name, der von der Natur der ber\u00fchmtesten Kinders\u00fc\u00dfigkeiten von Damaskus stammt Toller Geschmack Ausgezeichnete Qualit\u00e4t und sehr weich, syrisches Shatti Al-Muti ist jetzt auf dem Yasmine-Markt erh\u00e4ltlich <\/li>\n<\/ul>\n","protected":false},"excerpt":{"rendered":"<p class=\"ai-optimize-26 ai-optimize-introduction\">Shati Eselsfr\u00fcchte 500g<\/p>\n<ul>\n<li class=\"ai-optimize-29\">Shatti Mutti Dessert Geliebt von kleinen Kindern und einigen Erwachsenen haben auch seine sch\u00f6nen Formen und leuchtenden Farben bleiben in unseren K\u00f6pfen immer mit einem Namen verbunden, der uns in die Kindheit zur\u00fcckversetzt Ein Name, der von der Natur der ber\u00fchmtesten Kinders\u00fc\u00dfigkeiten von Damaskus stammt Toller Geschmack Ausgezeichnete Qualit\u00e4t und sehr weich, syrisches Shatti Al-Muti ist jetzt auf dem Yasmine-Markt erh\u00e4ltlich <\/li>\n<\/ul>\n","protected":false},"featured_media":116660,"comment_status":"open","ping_status":"closed","template":"","meta":[],"product_brand":[],"product_cat":[297,306,310],"product_tag":[2224,2236],"class_list":{"0":"post-116664","1":"product","2":"type-product","3":"status-publish","4":"has-post-thumbnail","6":"product_cat-dessert-chips-2","7":"product_cat-goetterspeise-halal","8":"product_cat-suessigkeiten-schokolade","9":"product_tag-halal-erzeugung","10":"product_tag-shati-esel","12":"first","13":"instock","14":"taxable","15":"shipping-taxable","16":"purchasable","17":"product-type-simple"},"yoast_head":"<!-- This site is optimized with the Yoast SEO Premium plugin v26.5 (Yoast SEO v27.3) - https:\/\/yoast.com\/product\/yoast-seo-premium-wordpress\/ -->\n<title>Shati Eselsfr\u00fcchte 500g - Yasmin Food<\/title>\n<meta name=\"description\" content=\"Genie\u00dfen Sie den Geschmack von Shati Mutti Fr\u00fcchten 500g, dem Lieblingsdessert f\u00fcr Kinder in seinen sch\u00f6nen Farben. Lassen Sie Kindheitserinnerungen zur\u00fcckkommen! \ud83c\udf1f Yasmin Food Shati Eselsfr\u00fcchte 500g\" \/>\n<meta name=\"robots\" content=\"index, follow, max-snippet:-1, max-image-preview:large, max-video-preview:-1\" \/>\n<link rel=\"canonical\" href=\"https:\/\/yasminfood.ch\/de\/product\/shati-eselsfruechte-500g\/\" \/>\n<meta property=\"og:locale\" content=\"de_DE\" \/>\n<meta property=\"og:type\" content=\"article\" \/>\n<meta property=\"og:title\" content=\"Shati Eselsfr\u00fcchte 500g\" \/>\n<meta property=\"og:description\" content=\"Shati Eselsfr\u00fcchte 500g   Shatti Mutti Dessert Geliebt von kleinen Kindern und einigen Erwachsenen haben auch seine sch\u00f6nen Formen und leuchtenden Farben bleiben in unseren K\u00f6pfen immer mit einem Namen verbunden, der uns in die Kindheit zur\u00fcckversetzt Ein Name, der von der Natur der ber\u00fchmtesten Kinders\u00fc\u00dfigkeiten von Damaskus stammt Toller Geschmack Ausgezeichnete Qualit\u00e4t und sehr weich, syrisches Shatti Al-Muti ist jetzt auf dem Yasmine-Markt erh\u00e4ltlich\" \/>\n<meta property=\"og:url\" content=\"https:\/\/yasminfood.ch\/de\/product\/shati-eselsfruechte-500g\/\" \/>\n<meta property=\"og:site_name\" content=\"Yasmin Food\" \/>\n<meta property=\"article:publisher\" content=\"https:\/\/www.facebook.com\/yasminmarkt1\" \/>\n<meta property=\"article:modified_time\" content=\"2025-06-19T22:49:51+00:00\" \/>\n<meta property=\"og:image\" content=\"https:\/\/yasminfood.ch\/wp-content\/uploads\/2025\/05\/1748511029015-984x1024.png\" \/>\n\t<meta property=\"og:image:width\" content=\"984\" \/>\n\t<meta property=\"og:image:height\" content=\"1024\" \/>\n\t<meta property=\"og:image:type\" content=\"image\/png\" \/>\n<meta name=\"twitter:card\" content=\"summary_large_image\" \/>\n<meta name=\"twitter:label1\" content=\"Preis\" \/>\n\t<meta name=\"twitter:data1\" content=\"10.00&nbsp;&#067;&#072;&#070;\" \/>\n\t<meta name=\"twitter:label2\" content=\"Verf\u00fcgbarkeit\" \/>\n\t<meta name=\"twitter:data2\" content=\"Auf Lager\" \/>\n<script type=\"application\/ld+json\" class=\"yoast-schema-graph\">{\"@context\":\"https:\\\/\\\/schema.org\",\"@graph\":[{\"@type\":\"WebPage\",\"@id\":\"https:\\\/\\\/yasminfood.ch\\\/de\\\/product\\\/shati-eselsfruechte-500g\\\/\",\"url\":\"https:\\\/\\\/yasminfood.ch\\\/de\\\/product\\\/shati-eselsfruechte-500g\\\/\",\"name\":\"Shati Eselsfr\u00fcchte 500g - Yasmin Food\",\"isPartOf\":{\"@id\":\"https:\\\/\\\/yasminfood.ch\\\/de\\\/#website\"},\"primaryImageOfPage\":{\"@id\":\"https:\\\/\\\/yasminfood.ch\\\/de\\\/product\\\/shati-eselsfruechte-500g\\\/#primaryimage\"},\"image\":{\"@id\":\"https:\\\/\\\/yasminfood.ch\\\/de\\\/product\\\/shati-eselsfruechte-500g\\\/#primaryimage\"},\"thumbnailUrl\":\"https:\\\/\\\/yasminfood.ch\\\/wp-content\\\/uploads\\\/2025\\\/05\\\/1748511029015.png\",\"datePublished\":\"2025-05-29T09:45:36+00:00\",\"dateModified\":\"2025-06-19T22:49:51+00:00\",\"description\":\"Genie\u00dfen Sie den Geschmack von Shati Mutti Fr\u00fcchten 500g, dem Lieblingsdessert f\u00fcr Kinder in seinen sch\u00f6nen Farben. Lassen Sie Kindheitserinnerungen zur\u00fcckkommen! \ud83c\udf1f Yasmin Food Shati Eselsfr\u00fcchte 500g\",\"breadcrumb\":{\"@id\":\"https:\\\/\\\/yasminfood.ch\\\/de\\\/product\\\/shati-eselsfruechte-500g\\\/#breadcrumb\"},\"inLanguage\":\"de\",\"potentialAction\":[{\"@type\":\"ReadAction\",\"target\":[\"https:\\\/\\\/yasminfood.ch\\\/de\\\/product\\\/shati-eselsfruechte-500g\\\/\"]}]},{\"@type\":\"ImageObject\",\"inLanguage\":\"de\",\"@id\":\"https:\\\/\\\/yasminfood.ch\\\/de\\\/product\\\/shati-eselsfruechte-500g\\\/#primaryimage\",\"url\":\"https:\\\/\\\/yasminfood.ch\\\/wp-content\\\/uploads\\\/2025\\\/05\\\/1748511029015.png\",\"contentUrl\":\"https:\\\/\\\/yasminfood.ch\\\/wp-content\\\/uploads\\\/2025\\\/05\\\/1748511029015.png\",\"width\":1146,\"height\":1192,\"caption\":\"Shati Eselsfr\u00fcchte 500g\"},{\"@type\":\"BreadcrumbList\",\"@id\":\"https:\\\/\\\/yasminfood.ch\\\/de\\\/product\\\/shati-eselsfruechte-500g\\\/#breadcrumb\",\"itemListElement\":[{\"@type\":\"ListItem\",\"position\":1,\"name\":\"\u0627\u0644\u0631\u0626\u064a\u0633\u064a\u0629\",\"item\":\"https:\\\/\\\/yasminfood.ch\\\/de\\\/zuhause\\\/\"},{\"@type\":\"ListItem\",\"position\":2,\"name\":\"Shop\",\"item\":\"https:\\\/\\\/yasminfood.ch\\\/de\\\/shop\\\/\"},{\"@type\":\"ListItem\",\"position\":3,\"name\":\"Dessert &amp; Chips\",\"item\":\"https:\\\/\\\/yasminfood.ch\\\/de\\\/produkt-kategorie\\\/dessert-chips-2\\\/\"},{\"@type\":\"ListItem\",\"position\":4,\"name\":\"Shati Eselsfr\u00fcchte 500g\"}]},{\"@type\":\"WebSite\",\"@id\":\"https:\\\/\\\/yasminfood.ch\\\/de\\\/#website\",\"url\":\"https:\\\/\\\/yasminfood.ch\\\/de\\\/\",\"name\":\"\u064a\u0627\u0633\u0645\u064a\u0646 \u0645\u0627\u0631\u0643\u062a\",\"description\":\"Alles, was Sie brauchen, an einem Ort\",\"publisher\":{\"@id\":\"https:\\\/\\\/yasminfood.ch\\\/de\\\/#organization\"},\"alternateName\":\"Yasmin Food\",\"potentialAction\":[{\"@type\":\"SearchAction\",\"target\":{\"@type\":\"EntryPoint\",\"urlTemplate\":\"https:\\\/\\\/yasminfood.ch\\\/de\\\/?s={search_term_string}\"},\"query-input\":{\"@type\":\"PropertyValueSpecification\",\"valueRequired\":true,\"valueName\":\"search_term_string\"}}],\"inLanguage\":\"de\"},{\"@type\":\"Organization\",\"@id\":\"https:\\\/\\\/yasminfood.ch\\\/de\\\/#organization\",\"name\":\"\u064a\u0627\u0633\u0645\u064a\u0646 \u0645\u0627\u0631\u0643\u062a\",\"alternateName\":\"Yasmin Food\",\"url\":\"https:\\\/\\\/yasminfood.ch\\\/de\\\/\",\"logo\":{\"@type\":\"ImageObject\",\"inLanguage\":\"de\",\"@id\":\"https:\\\/\\\/yasminfood.ch\\\/de\\\/#\\\/schema\\\/logo\\\/image\\\/\",\"url\":\"https:\\\/\\\/yasminfood.ch\\\/wp-content\\\/uploads\\\/2025\\\/05\\\/yasmin-food-header-logo.png\",\"contentUrl\":\"https:\\\/\\\/yasminfood.ch\\\/wp-content\\\/uploads\\\/2025\\\/05\\\/yasmin-food-header-logo.png\",\"width\":330,\"height\":120,\"caption\":\"\u064a\u0627\u0633\u0645\u064a\u0646 \u0645\u0627\u0631\u0643\u062a\"},\"image\":{\"@id\":\"https:\\\/\\\/yasminfood.ch\\\/de\\\/#\\\/schema\\\/logo\\\/image\\\/\"},\"sameAs\":[\"https:\\\/\\\/www.facebook.com\\\/yasminmarkt1\",\"https:\\\/\\\/www.tiktok.com\\\/@yasminmarkt\",\"https:\\\/\\\/www.instagram.com\\\/yasmin.markt1\\\/\",\"https:\\\/\\\/api.whatsapp.com\\\/send\\\/?phone=41799000104\"],\"publishingPrinciples\":\"https:\\\/\\\/yasminfood.ch\\\/de\\\/shop\\\/\",\"ownershipFundingInfo\":\"https:\\\/\\\/yasminfood.ch\\\/de\\\/shop\\\/\"}]}<\/script>\n<meta property=\"product:price:amount\" content=\"10.00\" \/>\n<meta property=\"product:price:currency\" content=\"CHF\" \/>\n<meta property=\"og:availability\" content=\"instock\" \/>\n<meta property=\"product:availability\" content=\"instock\" \/>\n<meta property=\"product:condition\" content=\"new\" \/>\n<!-- \/ Yoast SEO Premium plugin. -->","yoast_head_json":{"title":"Shati Eselsfr\u00fcchte 500g - Yasmin Food","description":"Genie\u00dfen Sie den Geschmack von Shati Mutti Fr\u00fcchten 500g, dem Lieblingsdessert f\u00fcr Kinder in seinen sch\u00f6nen Farben. Lassen Sie Kindheitserinnerungen zur\u00fcckkommen! \ud83c\udf1f Yasmin Food Shati Eselsfr\u00fcchte 500g","robots":{"index":"index","follow":"follow","max-snippet":"max-snippet:-1","max-image-preview":"max-image-preview:large","max-video-preview":"max-video-preview:-1"},"canonical":"https:\/\/yasminfood.ch\/de\/product\/shati-eselsfruechte-500g\/","og_locale":"de_DE","og_type":"article","og_title":"Shati Eselsfr\u00fcchte 500g","og_description":"Shati Eselsfr\u00fcchte 500g   Shatti Mutti Dessert Geliebt von kleinen Kindern und einigen Erwachsenen haben auch seine sch\u00f6nen Formen und leuchtenden Farben bleiben in unseren K\u00f6pfen immer mit einem Namen verbunden, der uns in die Kindheit zur\u00fcckversetzt Ein Name, der von der Natur der ber\u00fchmtesten Kinders\u00fc\u00dfigkeiten von Damaskus stammt Toller Geschmack Ausgezeichnete Qualit\u00e4t und sehr weich, syrisches Shatti Al-Muti ist jetzt auf dem Yasmine-Markt erh\u00e4ltlich","og_url":"https:\/\/yasminfood.ch\/de\/product\/shati-eselsfruechte-500g\/","og_site_name":"Yasmin Food","article_publisher":"https:\/\/www.facebook.com\/yasminmarkt1","article_modified_time":"2025-06-19T22:49:51+00:00","og_image":[{"width":984,"height":1024,"url":"https:\/\/yasminfood.ch\/wp-content\/uploads\/2025\/05\/1748511029015-984x1024.png","type":"image\/png"}],"twitter_card":"summary_large_image","twitter_misc":{"Preis":"10.00&nbsp;&#67;&#72;&#70;","Verf\u00fcgbarkeit":"Auf Lager"},"schema":{"@context":"https:\/\/schema.org","@graph":[{"@type":"WebPage","@id":"https:\/\/yasminfood.ch\/de\/product\/shati-eselsfruechte-500g\/","url":"https:\/\/yasminfood.ch\/de\/product\/shati-eselsfruechte-500g\/","name":"Shati Eselsfr\u00fcchte 500g - Yasmin Food","isPartOf":{"@id":"https:\/\/yasminfood.ch\/de\/#website"},"primaryImageOfPage":{"@id":"https:\/\/yasminfood.ch\/de\/product\/shati-eselsfruechte-500g\/#primaryimage"},"image":{"@id":"https:\/\/yasminfood.ch\/de\/product\/shati-eselsfruechte-500g\/#primaryimage"},"thumbnailUrl":"https:\/\/yasminfood.ch\/wp-content\/uploads\/2025\/05\/1748511029015.png","datePublished":"2025-05-29T09:45:36+00:00","dateModified":"2025-06-19T22:49:51+00:00","description":"Genie\u00dfen Sie den Geschmack von Shati Mutti Fr\u00fcchten 500g, dem Lieblingsdessert f\u00fcr Kinder in seinen sch\u00f6nen Farben. Lassen Sie Kindheitserinnerungen zur\u00fcckkommen! \ud83c\udf1f Yasmin Food Shati Eselsfr\u00fcchte 500g","breadcrumb":{"@id":"https:\/\/yasminfood.ch\/de\/product\/shati-eselsfruechte-500g\/#breadcrumb"},"inLanguage":"de","potentialAction":[{"@type":"ReadAction","target":["https:\/\/yasminfood.ch\/de\/product\/shati-eselsfruechte-500g\/"]}]},{"@type":"ImageObject","inLanguage":"de","@id":"https:\/\/yasminfood.ch\/de\/product\/shati-eselsfruechte-500g\/#primaryimage","url":"https:\/\/yasminfood.ch\/wp-content\/uploads\/2025\/05\/1748511029015.png","contentUrl":"https:\/\/yasminfood.ch\/wp-content\/uploads\/2025\/05\/1748511029015.png","width":1146,"height":1192,"caption":"Shati Eselsfr\u00fcchte 500g"},{"@type":"BreadcrumbList","@id":"https:\/\/yasminfood.ch\/de\/product\/shati-eselsfruechte-500g\/#breadcrumb","itemListElement":[{"@type":"ListItem","position":1,"name":"\u0627\u0644\u0631\u0626\u064a\u0633\u064a\u0629","item":"https:\/\/yasminfood.ch\/de\/zuhause\/"},{"@type":"ListItem","position":2,"name":"Shop","item":"https:\/\/yasminfood.ch\/de\/shop\/"},{"@type":"ListItem","position":3,"name":"Dessert &amp; Chips","item":"https:\/\/yasminfood.ch\/de\/produkt-kategorie\/dessert-chips-2\/"},{"@type":"ListItem","position":4,"name":"Shati Eselsfr\u00fcchte 500g"}]},{"@type":"WebSite","@id":"https:\/\/yasminfood.ch\/de\/#website","url":"https:\/\/yasminfood.ch\/de\/","name":"\u064a\u0627\u0633\u0645\u064a\u0646 \u0645\u0627\u0631\u0643\u062a","description":"Alles, was Sie brauchen, an einem Ort","publisher":{"@id":"https:\/\/yasminfood.ch\/de\/#organization"},"alternateName":"Yasmin Food","potentialAction":[{"@type":"SearchAction","target":{"@type":"EntryPoint","urlTemplate":"https:\/\/yasminfood.ch\/de\/?s={search_term_string}"},"query-input":{"@type":"PropertyValueSpecification","valueRequired":true,"valueName":"search_term_string"}}],"inLanguage":"de"},{"@type":"Organization","@id":"https:\/\/yasminfood.ch\/de\/#organization","name":"\u064a\u0627\u0633\u0645\u064a\u0646 \u0645\u0627\u0631\u0643\u062a","alternateName":"Yasmin Food","url":"https:\/\/yasminfood.ch\/de\/","logo":{"@type":"ImageObject","inLanguage":"de","@id":"https:\/\/yasminfood.ch\/de\/#\/schema\/logo\/image\/","url":"https:\/\/yasminfood.ch\/wp-content\/uploads\/2025\/05\/yasmin-food-header-logo.png","contentUrl":"https:\/\/yasminfood.ch\/wp-content\/uploads\/2025\/05\/yasmin-food-header-logo.png","width":330,"height":120,"caption":"\u064a\u0627\u0633\u0645\u064a\u0646 \u0645\u0627\u0631\u0643\u062a"},"image":{"@id":"https:\/\/yasminfood.ch\/de\/#\/schema\/logo\/image\/"},"sameAs":["https:\/\/www.facebook.com\/yasminmarkt1","https:\/\/www.tiktok.com\/@yasminmarkt","https:\/\/www.instagram.com\/yasmin.markt1\/","https:\/\/api.whatsapp.com\/send\/?phone=41799000104"],"publishingPrinciples":"https:\/\/yasminfood.ch\/de\/shop\/","ownershipFundingInfo":"https:\/\/yasminfood.ch\/de\/shop\/"}]},"product_price_amount":"10.00","product_price_currency":"CHF","og_availability":"instock","product_availability":"instock","product_condition":"new"},"jetpack_sharing_enabled":true,"_links":{"self":[{"href":"https:\/\/yasminfood.ch\/de\/wp-json\/wp\/v2\/product\/116664","targetHints":{"allow":["GET"]}}],"collection":[{"href":"https:\/\/yasminfood.ch\/de\/wp-json\/wp\/v2\/product"}],"about":[{"href":"https:\/\/yasminfood.ch\/de\/wp-json\/wp\/v2\/types\/product"}],"replies":[{"embeddable":true,"href":"https:\/\/yasminfood.ch\/de\/wp-json\/wp\/v2\/comments?post=116664"}],"version-history":[{"count":0,"href":"https:\/\/yasminfood.ch\/de\/wp-json\/wp\/v2\/product\/116664\/revisions"}],"wp:featuredmedia":[{"embeddable":true,"href":"https:\/\/yasminfood.ch\/de\/wp-json\/wp\/v2\/media\/116660"}],"wp:attachment":[{"href":"https:\/\/yasminfood.ch\/de\/wp-json\/wp\/v2\/media?parent=116664"}],"wp:term":[{"taxonomy":"product_brand","embeddable":true,"href":"https:\/\/yasminfood.ch\/de\/wp-json\/wp\/v2\/product_brand?post=116664"},{"taxonomy":"product_cat","embeddable":true,"href":"https:\/\/yasminfood.ch\/de\/wp-json\/wp\/v2\/product_cat?post=116664"},{"taxonomy":"product_tag","embeddable":true,"href":"https:\/\/yasminfood.ch\/de\/wp-json\/wp\/v2\/product_tag?post=116664"}],"curies":[{"name":"wp","href":"https:\/\/api.w.org\/{rel}","templated":true}]}}