{"id":116674,"date":"2025-05-29T13:19:10","date_gmt":"2025-05-29T11:19:10","guid":{"rendered":"https:\/\/yasminfood.ch\/product\/getrocknete-aubergine-dora-75g\/"},"modified":"2025-06-20T00:49:50","modified_gmt":"2025-06-19T22:49:50","slug":"getrocknete-aubergine-dora-75g","status":"publish","type":"product","link":"https:\/\/yasminfood.ch\/de\/product\/getrocknete-aubergine-dora-75g\/","title":{"rendered":"Getrocknete Aubergine Dora 75g"},"content":{"rendered":"<p >Getrocknete Aubergine Dora 75g<\/p>\n<ul>\n<li >\n<div id=\"product-description-short-67845\" class=\"product-description-short sm-bottom\">Getrocknete Auberginen von Dora mit einem k\u00f6stlichen Geschmack und einer unverwechselbaren Farbe, getrocknete Auberginen, gef\u00fcllt mit Fleisch und Reis, werden als Hauptgericht auf dem Esstisch serviert und k\u00f6nnen f\u00fcr Bankette und Bankette zubereitet werden, da sie als eines der luxuri\u00f6sen Gerichte gelten, und getrocknete Auberginen wurden im Fu\u00df hergestellt, um aufgrund ihres hohen N\u00e4hrwerts in der Nebensaison verwendet zu werden, und es ist eines der k\u00f6stlichen Gerichte, die reich an vielen Vorteilen sind, und getrocknete Auberginen werden in einem luftdichten Nylonbeutel aufbewahrt, um die Sicherheit und Qualit\u00e4t der Lagerung zu gew\u00e4hrleisten.     <\/div>\n<div class=\"product-information light-box-bg mb-3\"><\/div>\n<\/li>\n<\/ul>\n","protected":false},"excerpt":{"rendered":"<p class=\"ai-optimize-28 ai-optimize-introduction\">Getrocknete Aubergine Dora 75g<\/p>\n<ul>\n<li class=\"ai-optimize-31\">Getrocknete Auberginen aus Dora mit einem k\u00f6stlichen Geschmack und einer unverwechselbaren Farbe, getrocknete Auberginen, gef\u00fcllt mit Fleisch und Reis, werden als Hauptgericht auf dem Esstisch serviert und k\u00f6nnen f\u00fcr Bankette und Bankette zubereitet werden, da sie als eines der luxuri\u00f6sen Gerichte gelten  <\/li>\n<\/ul>\n","protected":false},"featured_media":116668,"comment_status":"open","ping_status":"closed","template":"","meta":[],"product_brand":[2316],"product_cat":[245,270],"product_tag":[],"class_list":{"0":"post-116674","1":"product","2":"type-product","3":"status-publish","4":"has-post-thumbnail","6":"product_brand-durra-de","7":"product_cat-konserven-lebensmittel","8":"product_cat-trockner","10":"first","11":"instock","12":"taxable","13":"shipping-taxable","14":"purchasable","15":"product-type-simple"},"yoast_head":"<!-- This site is optimized with the Yoast SEO Premium plugin v26.5 (Yoast SEO v27.3) - https:\/\/yoast.com\/product\/yoast-seo-premium-wordpress\/ -->\n<title>Getrocknete Aubergine Dora 75g - Yasmin Food<\/title>\n<meta name=\"description\" content=\"Genie\u00dfen Sie den reichhaltigen und einzigartigen Geschmack der getrockneten Auberginen Dora 75g. Bereiten Sie es als Hauptgericht f\u00fcr Ihre Bankette zu und machen Sie Ihre Reise zu etwas Besonderem! Yasmin Food Getrocknete Aubergine Dora 75g\" \/>\n<meta name=\"robots\" content=\"index, follow, max-snippet:-1, max-image-preview:large, max-video-preview:-1\" \/>\n<link rel=\"canonical\" href=\"https:\/\/yasminfood.ch\/de\/product\/getrocknete-aubergine-dora-75g\/\" \/>\n<meta property=\"og:locale\" content=\"de_DE\" \/>\n<meta property=\"og:type\" content=\"article\" \/>\n<meta property=\"og:title\" content=\"Getrocknete Aubergine Dora 75g\" \/>\n<meta property=\"og:description\" content=\"Getrocknete Aubergine Dora 75g   Getrocknete Auberginen aus Dora mit einem k\u00f6stlichen Geschmack und einer unverwechselbaren Farbe, getrocknete Auberginen, gef\u00fcllt mit Fleisch und Reis, werden als Hauptgericht auf dem Esstisch serviert und k\u00f6nnen f\u00fcr Bankette und Bankette zubereitet werden, da sie als eines der luxuri\u00f6sen Gerichte gelten\" \/>\n<meta property=\"og:url\" content=\"https:\/\/yasminfood.ch\/de\/product\/getrocknete-aubergine-dora-75g\/\" \/>\n<meta property=\"og:site_name\" content=\"Yasmin Food\" \/>\n<meta property=\"article:publisher\" content=\"https:\/\/www.facebook.com\/yasminmarkt1\" \/>\n<meta property=\"article:modified_time\" content=\"2025-06-19T22:49:50+00:00\" \/>\n<meta property=\"og:image\" content=\"https:\/\/yasminfood.ch\/wp-content\/uploads\/2025\/05\/\u0628\u0627\u0630\u0646\u062c\u0627\u0646-\u0645\u062c\u0641\u0641-\u062f\u0631\u0629-75\u063a\u0631\u0627\u0645.png\" \/>\n\t<meta property=\"og:image:width\" content=\"1080\" \/>\n\t<meta property=\"og:image:height\" content=\"1080\" \/>\n\t<meta property=\"og:image:type\" content=\"image\/png\" \/>\n<meta name=\"twitter:card\" content=\"summary_large_image\" \/>\n<meta name=\"twitter:label1\" content=\"Preis\" \/>\n\t<meta name=\"twitter:data1\" content=\"6.95&nbsp;&#067;&#072;&#070;\" \/>\n\t<meta name=\"twitter:label2\" content=\"Verf\u00fcgbarkeit\" \/>\n\t<meta name=\"twitter:data2\" content=\"Auf Lager\" \/>\n<script type=\"application\/ld+json\" class=\"yoast-schema-graph\">{\"@context\":\"https:\\\/\\\/schema.org\",\"@graph\":[{\"@type\":\"WebPage\",\"@id\":\"https:\\\/\\\/yasminfood.ch\\\/de\\\/product\\\/getrocknete-aubergine-dora-75g\\\/\",\"url\":\"https:\\\/\\\/yasminfood.ch\\\/de\\\/product\\\/getrocknete-aubergine-dora-75g\\\/\",\"name\":\"Getrocknete Aubergine Dora 75g - Yasmin Food\",\"isPartOf\":{\"@id\":\"https:\\\/\\\/yasminfood.ch\\\/de\\\/#website\"},\"primaryImageOfPage\":{\"@id\":\"https:\\\/\\\/yasminfood.ch\\\/de\\\/product\\\/getrocknete-aubergine-dora-75g\\\/#primaryimage\"},\"image\":{\"@id\":\"https:\\\/\\\/yasminfood.ch\\\/de\\\/product\\\/getrocknete-aubergine-dora-75g\\\/#primaryimage\"},\"thumbnailUrl\":\"https:\\\/\\\/yasminfood.ch\\\/wp-content\\\/uploads\\\/2025\\\/05\\\/\u0628\u0627\u0630\u0646\u062c\u0627\u0646-\u0645\u062c\u0641\u0641-\u062f\u0631\u0629-75\u063a\u0631\u0627\u0645.png\",\"datePublished\":\"2025-05-29T11:19:10+00:00\",\"dateModified\":\"2025-06-19T22:49:50+00:00\",\"description\":\"Genie\u00dfen Sie den reichhaltigen und einzigartigen Geschmack der getrockneten Auberginen Dora 75g. Bereiten Sie es als Hauptgericht f\u00fcr Ihre Bankette zu und machen Sie Ihre Reise zu etwas Besonderem! Yasmin Food Getrocknete Aubergine Dora 75g\",\"breadcrumb\":{\"@id\":\"https:\\\/\\\/yasminfood.ch\\\/de\\\/product\\\/getrocknete-aubergine-dora-75g\\\/#breadcrumb\"},\"inLanguage\":\"de\",\"potentialAction\":[{\"@type\":\"ReadAction\",\"target\":[\"https:\\\/\\\/yasminfood.ch\\\/de\\\/product\\\/getrocknete-aubergine-dora-75g\\\/\"]}]},{\"@type\":\"ImageObject\",\"inLanguage\":\"de\",\"@id\":\"https:\\\/\\\/yasminfood.ch\\\/de\\\/product\\\/getrocknete-aubergine-dora-75g\\\/#primaryimage\",\"url\":\"https:\\\/\\\/yasminfood.ch\\\/wp-content\\\/uploads\\\/2025\\\/05\\\/\u0628\u0627\u0630\u0646\u062c\u0627\u0646-\u0645\u062c\u0641\u0641-\u062f\u0631\u0629-75\u063a\u0631\u0627\u0645.png\",\"contentUrl\":\"https:\\\/\\\/yasminfood.ch\\\/wp-content\\\/uploads\\\/2025\\\/05\\\/\u0628\u0627\u0630\u0646\u062c\u0627\u0646-\u0645\u062c\u0641\u0641-\u062f\u0631\u0629-75\u063a\u0631\u0627\u0645.png\",\"width\":1080,\"height\":1080,\"caption\":\"Getrocknete Aubergine Dora 75g\"},{\"@type\":\"BreadcrumbList\",\"@id\":\"https:\\\/\\\/yasminfood.ch\\\/de\\\/product\\\/getrocknete-aubergine-dora-75g\\\/#breadcrumb\",\"itemListElement\":[{\"@type\":\"ListItem\",\"position\":1,\"name\":\"\u0627\u0644\u0631\u0626\u064a\u0633\u064a\u0629\",\"item\":\"https:\\\/\\\/yasminfood.ch\\\/de\\\/zuhause\\\/\"},{\"@type\":\"ListItem\",\"position\":2,\"name\":\"Shop\",\"item\":\"https:\\\/\\\/yasminfood.ch\\\/de\\\/shop\\\/\"},{\"@type\":\"ListItem\",\"position\":3,\"name\":\"Konserven - Lebensmittel\",\"item\":\"https:\\\/\\\/yasminfood.ch\\\/de\\\/produkt-kategorie\\\/konserven-lebensmittel\\\/\"},{\"@type\":\"ListItem\",\"position\":4,\"name\":\"Getrocknete Aubergine Dora 75g\"}]},{\"@type\":\"WebSite\",\"@id\":\"https:\\\/\\\/yasminfood.ch\\\/de\\\/#website\",\"url\":\"https:\\\/\\\/yasminfood.ch\\\/de\\\/\",\"name\":\"\u064a\u0627\u0633\u0645\u064a\u0646 \u0645\u0627\u0631\u0643\u062a\",\"description\":\"Alles, was Sie brauchen, an einem Ort\",\"publisher\":{\"@id\":\"https:\\\/\\\/yasminfood.ch\\\/de\\\/#organization\"},\"alternateName\":\"Yasmin Food\",\"potentialAction\":[{\"@type\":\"SearchAction\",\"target\":{\"@type\":\"EntryPoint\",\"urlTemplate\":\"https:\\\/\\\/yasminfood.ch\\\/de\\\/?s={search_term_string}\"},\"query-input\":{\"@type\":\"PropertyValueSpecification\",\"valueRequired\":true,\"valueName\":\"search_term_string\"}}],\"inLanguage\":\"de\"},{\"@type\":\"Organization\",\"@id\":\"https:\\\/\\\/yasminfood.ch\\\/de\\\/#organization\",\"name\":\"\u064a\u0627\u0633\u0645\u064a\u0646 \u0645\u0627\u0631\u0643\u062a\",\"alternateName\":\"Yasmin Food\",\"url\":\"https:\\\/\\\/yasminfood.ch\\\/de\\\/\",\"logo\":{\"@type\":\"ImageObject\",\"inLanguage\":\"de\",\"@id\":\"https:\\\/\\\/yasminfood.ch\\\/de\\\/#\\\/schema\\\/logo\\\/image\\\/\",\"url\":\"https:\\\/\\\/yasminfood.ch\\\/wp-content\\\/uploads\\\/2025\\\/05\\\/yasmin-food-header-logo.png\",\"contentUrl\":\"https:\\\/\\\/yasminfood.ch\\\/wp-content\\\/uploads\\\/2025\\\/05\\\/yasmin-food-header-logo.png\",\"width\":330,\"height\":120,\"caption\":\"\u064a\u0627\u0633\u0645\u064a\u0646 \u0645\u0627\u0631\u0643\u062a\"},\"image\":{\"@id\":\"https:\\\/\\\/yasminfood.ch\\\/de\\\/#\\\/schema\\\/logo\\\/image\\\/\"},\"sameAs\":[\"https:\\\/\\\/www.facebook.com\\\/yasminmarkt1\",\"https:\\\/\\\/www.tiktok.com\\\/@yasminmarkt\",\"https:\\\/\\\/www.instagram.com\\\/yasmin.markt1\\\/\",\"https:\\\/\\\/api.whatsapp.com\\\/send\\\/?phone=41799000104\"],\"publishingPrinciples\":\"https:\\\/\\\/yasminfood.ch\\\/de\\\/shop\\\/\",\"ownershipFundingInfo\":\"https:\\\/\\\/yasminfood.ch\\\/de\\\/shop\\\/\"}]}<\/script>\n<meta property=\"product:price:amount\" content=\"6.95\" \/>\n<meta property=\"product:price:currency\" content=\"CHF\" \/>\n<meta property=\"og:availability\" content=\"instock\" \/>\n<meta property=\"product:availability\" content=\"instock\" \/>\n<meta property=\"product:condition\" content=\"new\" \/>\n<!-- \/ Yoast SEO Premium plugin. -->","yoast_head_json":{"title":"Getrocknete Aubergine Dora 75g - Yasmin Food","description":"Genie\u00dfen Sie den reichhaltigen und einzigartigen Geschmack der getrockneten Auberginen Dora 75g. Bereiten Sie es als Hauptgericht f\u00fcr Ihre Bankette zu und machen Sie Ihre Reise zu etwas Besonderem! Yasmin Food Getrocknete Aubergine Dora 75g","robots":{"index":"index","follow":"follow","max-snippet":"max-snippet:-1","max-image-preview":"max-image-preview:large","max-video-preview":"max-video-preview:-1"},"canonical":"https:\/\/yasminfood.ch\/de\/product\/getrocknete-aubergine-dora-75g\/","og_locale":"de_DE","og_type":"article","og_title":"Getrocknete Aubergine Dora 75g","og_description":"Getrocknete Aubergine Dora 75g   Getrocknete Auberginen aus Dora mit einem k\u00f6stlichen Geschmack und einer unverwechselbaren Farbe, getrocknete Auberginen, gef\u00fcllt mit Fleisch und Reis, werden als Hauptgericht auf dem Esstisch serviert und k\u00f6nnen f\u00fcr Bankette und Bankette zubereitet werden, da sie als eines der luxuri\u00f6sen Gerichte gelten","og_url":"https:\/\/yasminfood.ch\/de\/product\/getrocknete-aubergine-dora-75g\/","og_site_name":"Yasmin Food","article_publisher":"https:\/\/www.facebook.com\/yasminmarkt1","article_modified_time":"2025-06-19T22:49:50+00:00","og_image":[{"width":1080,"height":1080,"url":"https:\/\/yasminfood.ch\/wp-content\/uploads\/2025\/05\/\u0628\u0627\u0630\u0646\u062c\u0627\u0646-\u0645\u062c\u0641\u0641-\u062f\u0631\u0629-75\u063a\u0631\u0627\u0645.png","type":"image\/png"}],"twitter_card":"summary_large_image","twitter_misc":{"Preis":"6.95&nbsp;&#67;&#72;&#70;","Verf\u00fcgbarkeit":"Auf Lager"},"schema":{"@context":"https:\/\/schema.org","@graph":[{"@type":"WebPage","@id":"https:\/\/yasminfood.ch\/de\/product\/getrocknete-aubergine-dora-75g\/","url":"https:\/\/yasminfood.ch\/de\/product\/getrocknete-aubergine-dora-75g\/","name":"Getrocknete Aubergine Dora 75g - Yasmin Food","isPartOf":{"@id":"https:\/\/yasminfood.ch\/de\/#website"},"primaryImageOfPage":{"@id":"https:\/\/yasminfood.ch\/de\/product\/getrocknete-aubergine-dora-75g\/#primaryimage"},"image":{"@id":"https:\/\/yasminfood.ch\/de\/product\/getrocknete-aubergine-dora-75g\/#primaryimage"},"thumbnailUrl":"https:\/\/yasminfood.ch\/wp-content\/uploads\/2025\/05\/\u0628\u0627\u0630\u0646\u062c\u0627\u0646-\u0645\u062c\u0641\u0641-\u062f\u0631\u0629-75\u063a\u0631\u0627\u0645.png","datePublished":"2025-05-29T11:19:10+00:00","dateModified":"2025-06-19T22:49:50+00:00","description":"Genie\u00dfen Sie den reichhaltigen und einzigartigen Geschmack der getrockneten Auberginen Dora 75g. Bereiten Sie es als Hauptgericht f\u00fcr Ihre Bankette zu und machen Sie Ihre Reise zu etwas Besonderem! Yasmin Food Getrocknete Aubergine Dora 75g","breadcrumb":{"@id":"https:\/\/yasminfood.ch\/de\/product\/getrocknete-aubergine-dora-75g\/#breadcrumb"},"inLanguage":"de","potentialAction":[{"@type":"ReadAction","target":["https:\/\/yasminfood.ch\/de\/product\/getrocknete-aubergine-dora-75g\/"]}]},{"@type":"ImageObject","inLanguage":"de","@id":"https:\/\/yasminfood.ch\/de\/product\/getrocknete-aubergine-dora-75g\/#primaryimage","url":"https:\/\/yasminfood.ch\/wp-content\/uploads\/2025\/05\/\u0628\u0627\u0630\u0646\u062c\u0627\u0646-\u0645\u062c\u0641\u0641-\u062f\u0631\u0629-75\u063a\u0631\u0627\u0645.png","contentUrl":"https:\/\/yasminfood.ch\/wp-content\/uploads\/2025\/05\/\u0628\u0627\u0630\u0646\u062c\u0627\u0646-\u0645\u062c\u0641\u0641-\u062f\u0631\u0629-75\u063a\u0631\u0627\u0645.png","width":1080,"height":1080,"caption":"Getrocknete Aubergine Dora 75g"},{"@type":"BreadcrumbList","@id":"https:\/\/yasminfood.ch\/de\/product\/getrocknete-aubergine-dora-75g\/#breadcrumb","itemListElement":[{"@type":"ListItem","position":1,"name":"\u0627\u0644\u0631\u0626\u064a\u0633\u064a\u0629","item":"https:\/\/yasminfood.ch\/de\/zuhause\/"},{"@type":"ListItem","position":2,"name":"Shop","item":"https:\/\/yasminfood.ch\/de\/shop\/"},{"@type":"ListItem","position":3,"name":"Konserven - Lebensmittel","item":"https:\/\/yasminfood.ch\/de\/produkt-kategorie\/konserven-lebensmittel\/"},{"@type":"ListItem","position":4,"name":"Getrocknete Aubergine Dora 75g"}]},{"@type":"WebSite","@id":"https:\/\/yasminfood.ch\/de\/#website","url":"https:\/\/yasminfood.ch\/de\/","name":"\u064a\u0627\u0633\u0645\u064a\u0646 \u0645\u0627\u0631\u0643\u062a","description":"Alles, was Sie brauchen, an einem Ort","publisher":{"@id":"https:\/\/yasminfood.ch\/de\/#organization"},"alternateName":"Yasmin Food","potentialAction":[{"@type":"SearchAction","target":{"@type":"EntryPoint","urlTemplate":"https:\/\/yasminfood.ch\/de\/?s={search_term_string}"},"query-input":{"@type":"PropertyValueSpecification","valueRequired":true,"valueName":"search_term_string"}}],"inLanguage":"de"},{"@type":"Organization","@id":"https:\/\/yasminfood.ch\/de\/#organization","name":"\u064a\u0627\u0633\u0645\u064a\u0646 \u0645\u0627\u0631\u0643\u062a","alternateName":"Yasmin Food","url":"https:\/\/yasminfood.ch\/de\/","logo":{"@type":"ImageObject","inLanguage":"de","@id":"https:\/\/yasminfood.ch\/de\/#\/schema\/logo\/image\/","url":"https:\/\/yasminfood.ch\/wp-content\/uploads\/2025\/05\/yasmin-food-header-logo.png","contentUrl":"https:\/\/yasminfood.ch\/wp-content\/uploads\/2025\/05\/yasmin-food-header-logo.png","width":330,"height":120,"caption":"\u064a\u0627\u0633\u0645\u064a\u0646 \u0645\u0627\u0631\u0643\u062a"},"image":{"@id":"https:\/\/yasminfood.ch\/de\/#\/schema\/logo\/image\/"},"sameAs":["https:\/\/www.facebook.com\/yasminmarkt1","https:\/\/www.tiktok.com\/@yasminmarkt","https:\/\/www.instagram.com\/yasmin.markt1\/","https:\/\/api.whatsapp.com\/send\/?phone=41799000104"],"publishingPrinciples":"https:\/\/yasminfood.ch\/de\/shop\/","ownershipFundingInfo":"https:\/\/yasminfood.ch\/de\/shop\/"}]},"product_price_amount":"6.95","product_price_currency":"CHF","og_availability":"instock","product_availability":"instock","product_condition":"new"},"jetpack_sharing_enabled":true,"_links":{"self":[{"href":"https:\/\/yasminfood.ch\/de\/wp-json\/wp\/v2\/product\/116674","targetHints":{"allow":["GET"]}}],"collection":[{"href":"https:\/\/yasminfood.ch\/de\/wp-json\/wp\/v2\/product"}],"about":[{"href":"https:\/\/yasminfood.ch\/de\/wp-json\/wp\/v2\/types\/product"}],"replies":[{"embeddable":true,"href":"https:\/\/yasminfood.ch\/de\/wp-json\/wp\/v2\/comments?post=116674"}],"version-history":[{"count":0,"href":"https:\/\/yasminfood.ch\/de\/wp-json\/wp\/v2\/product\/116674\/revisions"}],"wp:featuredmedia":[{"embeddable":true,"href":"https:\/\/yasminfood.ch\/de\/wp-json\/wp\/v2\/media\/116668"}],"wp:attachment":[{"href":"https:\/\/yasminfood.ch\/de\/wp-json\/wp\/v2\/media?parent=116674"}],"wp:term":[{"taxonomy":"product_brand","embeddable":true,"href":"https:\/\/yasminfood.ch\/de\/wp-json\/wp\/v2\/product_brand?post=116674"},{"taxonomy":"product_cat","embeddable":true,"href":"https:\/\/yasminfood.ch\/de\/wp-json\/wp\/v2\/product_cat?post=116674"},{"taxonomy":"product_tag","embeddable":true,"href":"https:\/\/yasminfood.ch\/de\/wp-json\/wp\/v2\/product_tag?post=116674"}],"curies":[{"name":"wp","href":"https:\/\/api.w.org\/{rel}","templated":true}]}}